{"id":83419,"date":"2023-05-24T21:49:26","date_gmt":"2023-05-24T19:49:26","guid":{"rendered":"https:\/\/curlsforyou.dk\/?post_type=product&#038;p=83419"},"modified":"2026-01-26T16:32:12","modified_gmt":"2026-01-26T15:32:12","slug":"outletvare-20","status":"publish","type":"product","link":"https:\/\/curlsforyou.dk\/se\/product\/outletvare-20\/","title":{"rendered":"Outletvare 20 &#8211; Curl Keeper &#8211; Styling Cream (ikke CG godkendt)"},"content":{"rendered":"<p>Ingredienser:<\/p>\n<p>Water\/Aqua\/Eau, Lecithin, Simmondsia Chinensis (Jojoba) Seed Oil, VP\/VA Copolymer, Polyquaternium-37, Fragrance\/Parfum, Panthenol , Hydrogenated Polydecene, Silk Amino Acids, Aloe Barbadensis Leaf Juice, Helianthus Annuus (Sunflower) Extract, Calendula Officinalis Flower Extract, Sodium PCA, Chamomilla Recutita (Matricaria) Flower Extract, Avena Sativa (Oat) Straw Extract, Equisetum Arvense Leaf Extract, Urtica Dioica (Nettle) Leaf Extract, Macrocystis Pyrifera (Kelp) Extract, Trideceth-6, Glycerin, Propylene Glycol , Dicetyldimonium Chloride, Polyquaternium-11, Oleth-20, Hydroxypropyl Guar, Isoceteth-20, Oleyl Alcohol, Cetearyl Alcohol, Ceteareth-33, Cetrimonium Chloride, Hydroxyethylcellulose, Polyquaternium-7, Isopropyl Myristate, Carbomer, Triethanolamine, Benzophenone-4, Benzophenone-3, Polyquaternium-10, Lactic Acid, Alcohol (ikke CG godkendt), Citric Acid, Sodium Benzoate, Potassium Sorbate, DMDM Hydantoin, Phenoxyethanol, Ethylhexylglycerin, Disodium Phosphate, Sodium Phosphate, Polysorbate 60, Amyl Cinnamal, Geraniol, Linalool<\/p>","protected":false},"excerpt":{"rendered":"<ul>\n<li><em><strong>Outletvare<\/strong><\/em><\/li>\n<li><em>Varen er helt ny, fra distribut\u00f8r fejlleveret! Dog indeholder den ikke godkende ingredienser, s\u00e5 vi f\u00e5r den ikke i sortiment.<\/em><\/li>\n<\/ul>\n<p>&nbsp;<\/p>\n<ul>\n<li><strong>Curl Keeper\u00ae Styling Cream<\/strong>\u00a0er en alsidig stylingcreme, der definerer, fugter og udglatter kr\u00f8ller uden at tynge h\u00e5ret. Den vandbaserede og silikonefri formel sikrer frizz-fri kr\u00f8ller selv i fugtigt vejr, og den er ideel til medium til meget t\u00e6tte kr\u00f8ller. Med lecithin og naturlige ekstrakter giver den maksimal glans, bl\u00f8dhed og definition \u2013 uden produktopbygning.<\/li>\n<li>St\u00f8rrelse: 220 ml<\/li>\n<\/ul>","protected":false},"featured_media":118596,"comment_status":"open","ping_status":"closed","template":"","meta":[],"pwb-brand":[],"product_brand":[],"product_cat":[321],"product_tag":[],"giftcard-category":[],"class_list":{"0":"post-83419","1":"product","2":"type-product","3":"status-publish","4":"has-post-thumbnail","6":"product_cat-outlet","8":"first","9":"instock","10":"taxable","11":"shipping-taxable","12":"purchasable","13":"product-type-simple"},"bundled_by":[],"bundle_stock_status":"instock","bundle_stock_quantity":2,"bundle_virtual":false,"bundle_layout":"","bundle_add_to_cart_form_location":"","bundle_editable_in_cart":false,"bundle_sold_individually_context":"","bundle_item_grouping":"","bundle_min_size":"","bundle_max_size":"","bundle_price":[],"bundled_items":[],"bundle_sell_ids":[],"supplier_id":null,"supplier_sku":"","barcode":null,"atum_controlled":false,"out_stock_date":"2023-06-19 21:05:22","out_stock_threshold":null,"inheritable":false,"inbound_stock":0,"stock_on_hold":0,"sold_today":0,"sales_last_days":0,"reserved_stock":0,"customer_returns":0,"warehouse_damage":0,"lost_in_post":0,"other_logs":0,"out_stock_days":1032,"lost_sales":0,"has_location":false,"update_date":"2026-04-17T11:09:35","atum_locations":[],"atum_stock_status":"instock","restock_status":false,"low_stock_amount":"","sales_update_date":"2026-04-17T11:09:34","calc_backorders":null,"yoast_head":"<!-- This site is optimized with the Yoast SEO plugin v25.6 - https:\/\/yoast.com\/wordpress\/plugins\/seo\/ -->\n<title>Outletvare 20 - Curl Keeper - Styling Cream (ikke CG godkendt) -<\/title>\n<meta name=\"robots\" content=\"index, follow, max-snippet:-1, max-image-preview:large, max-video-preview:-1\" \/>\n<link rel=\"canonical\" href=\"https:\/\/curlsforyou.dk\/se\/product\/outletvare-20\/\" \/>\n<meta property=\"og:locale\" content=\"sv_SE\" \/>\n<meta property=\"og:type\" content=\"article\" \/>\n<meta property=\"og:title\" content=\"Outletvare 20 - Curl Keeper - Styling Cream (ikke CG godkendt) -\" \/>\n<meta property=\"og:description\" content=\"Outletvare  Varen er helt ny, fra distribut\u00f8r fejlleveret! Dog indeholder den ikke godkende ingredienser, s\u00e5 vi f\u00e5r den ikke i sortiment.  &nbsp;   Curl Keeper\u00ae Styling Cream\u00a0er en alsidig stylingcreme, der definerer, fugter og udglatter kr\u00f8ller uden at tynge h\u00e5ret. Den vandbaserede og silikonefri formel sikrer frizz-fri kr\u00f8ller selv i fugtigt vejr, og den er ideel til medium til meget t\u00e6tte kr\u00f8ller. Med lecithin og naturlige ekstrakter giver den maksimal glans, bl\u00f8dhed og definition \u2013 uden produktopbygning.  St\u00f8rrelse: 220 ml\" \/>\n<meta property=\"og:url\" content=\"https:\/\/curlsforyou.dk\/se\/product\/outletvare-20\/\" \/>\n<meta property=\"article:publisher\" content=\"https:\/\/www.facebook.com\/curlsforyou\" \/>\n<meta property=\"article:modified_time\" content=\"2026-01-26T15:32:12+00:00\" \/>\n<meta property=\"og:image\" content=\"https:\/\/curlsforyou.dk\/app\/uploads\/2023\/05\/29_720x.webp\" \/>\n\t<meta property=\"og:image:width\" content=\"720\" \/>\n\t<meta property=\"og:image:height\" content=\"720\" \/>\n\t<meta property=\"og:image:type\" content=\"image\/webp\" \/>\n<meta name=\"twitter:card\" content=\"summary_large_image\" \/>\n<meta name=\"twitter:label1\" content=\"Ber\u00e4knad l\u00e4stid\" \/>\n\t<meta name=\"twitter:data1\" content=\"1 minut\" \/>\n<script type=\"application\/ld+json\" class=\"yoast-schema-graph\">{\"@context\":\"https:\/\/schema.org\",\"@graph\":[{\"@type\":\"WebPage\",\"@id\":\"https:\/\/curlsforyou.dk\/vare\/outletvare-20\/\",\"url\":\"https:\/\/curlsforyou.dk\/vare\/outletvare-20\/\",\"name\":\"Outletvare 20 - Curl Keeper - Styling Cream (ikke CG godkendt) -\",\"isPartOf\":{\"@id\":\"https:\/\/curlsforyou.dk\/#website\"},\"primaryImageOfPage\":{\"@id\":\"https:\/\/curlsforyou.dk\/vare\/outletvare-20\/#primaryimage\"},\"image\":{\"@id\":\"https:\/\/curlsforyou.dk\/vare\/outletvare-20\/#primaryimage\"},\"thumbnailUrl\":\"https:\/\/curlsforyou.dk\/app\/uploads\/2023\/05\/29_720x.webp\",\"datePublished\":\"2023-05-24T19:49:26+00:00\",\"dateModified\":\"2026-01-26T15:32:12+00:00\",\"breadcrumb\":{\"@id\":\"https:\/\/curlsforyou.dk\/vare\/outletvare-20\/#breadcrumb\"},\"inLanguage\":\"sv-SE\",\"potentialAction\":[{\"@type\":\"ReadAction\",\"target\":[\"https:\/\/curlsforyou.dk\/vare\/outletvare-20\/\"]}]},{\"@type\":\"ImageObject\",\"inLanguage\":\"sv-SE\",\"@id\":\"https:\/\/curlsforyou.dk\/vare\/outletvare-20\/#primaryimage\",\"url\":\"https:\/\/curlsforyou.dk\/app\/uploads\/2023\/05\/29_720x.webp\",\"contentUrl\":\"https:\/\/curlsforyou.dk\/app\/uploads\/2023\/05\/29_720x.webp\",\"width\":720,\"height\":720},{\"@type\":\"BreadcrumbList\",\"@id\":\"https:\/\/curlsforyou.dk\/vare\/outletvare-20\/#breadcrumb\",\"itemListElement\":[{\"@type\":\"ListItem\",\"position\":1,\"name\":\"Hjem\",\"item\":\"https:\/\/curlsforyou.dk\/\"},{\"@type\":\"ListItem\",\"position\":2,\"name\":\"Shop\",\"item\":\"https:\/\/curlsforyou.dk\/shop\/\"},{\"@type\":\"ListItem\",\"position\":3,\"name\":\"Outletvare 20 &#8211; Curl Keeper &#8211; Styling Cream (ikke CG godkendt)\"}]},{\"@type\":\"WebSite\",\"@id\":\"https:\/\/curlsforyou.dk\/#website\",\"url\":\"https:\/\/curlsforyou.dk\/\",\"name\":\"\",\"description\":\"\",\"publisher\":{\"@id\":\"https:\/\/curlsforyou.dk\/#organization\"},\"potentialAction\":[{\"@type\":\"SearchAction\",\"target\":{\"@type\":\"EntryPoint\",\"urlTemplate\":\"https:\/\/curlsforyou.dk\/?s={search_term_string}\"},\"query-input\":{\"@type\":\"PropertyValueSpecification\",\"valueRequired\":true,\"valueName\":\"search_term_string\"}}],\"inLanguage\":\"sv-SE\"},{\"@type\":\"Organization\",\"@id\":\"https:\/\/curlsforyou.dk\/#organization\",\"name\":\"CurlsForYou\",\"url\":\"https:\/\/curlsforyou.dk\/\",\"logo\":{\"@type\":\"ImageObject\",\"inLanguage\":\"sv-SE\",\"@id\":\"https:\/\/curlsforyou.dk\/#\/schema\/logo\/image\/\",\"url\":\"\",\"contentUrl\":\"\",\"caption\":\"CurlsForYou\"},\"image\":{\"@id\":\"https:\/\/curlsforyou.dk\/#\/schema\/logo\/image\/\"},\"sameAs\":[\"https:\/\/www.facebook.com\/curlsforyou\",\"https:\/\/www.instagram.com\/curlsforyou.dk\/\"]}]}<\/script>\n<!-- \/ Yoast SEO plugin. -->","yoast_head_json":{"title":"Outletvare 20 - Curl Keeper - Styling Cream (ikke CG godkendt) -","robots":{"index":"index","follow":"follow","max-snippet":"max-snippet:-1","max-image-preview":"max-image-preview:large","max-video-preview":"max-video-preview:-1"},"canonical":"https:\/\/curlsforyou.dk\/se\/product\/outletvare-20\/","og_locale":"sv_SE","og_type":"article","og_title":"Outletvare 20 - Curl Keeper - Styling Cream (ikke CG godkendt) -","og_description":"Outletvare  Varen er helt ny, fra distribut\u00f8r fejlleveret! Dog indeholder den ikke godkende ingredienser, s\u00e5 vi f\u00e5r den ikke i sortiment.  &nbsp;   Curl Keeper\u00ae Styling Cream\u00a0er en alsidig stylingcreme, der definerer, fugter og udglatter kr\u00f8ller uden at tynge h\u00e5ret. Den vandbaserede og silikonefri formel sikrer frizz-fri kr\u00f8ller selv i fugtigt vejr, og den er ideel til medium til meget t\u00e6tte kr\u00f8ller. Med lecithin og naturlige ekstrakter giver den maksimal glans, bl\u00f8dhed og definition \u2013 uden produktopbygning.  St\u00f8rrelse: 220 ml","og_url":"https:\/\/curlsforyou.dk\/se\/product\/outletvare-20\/","article_publisher":"https:\/\/www.facebook.com\/curlsforyou","article_modified_time":"2026-01-26T15:32:12+00:00","og_image":[{"width":720,"height":720,"url":"https:\/\/curlsforyou.dk\/app\/uploads\/2023\/05\/29_720x.webp","type":"image\/webp"}],"twitter_card":"summary_large_image","twitter_misc":{"Ber\u00e4knad l\u00e4stid":"1 minut"},"schema":{"@context":"https:\/\/schema.org","@graph":[{"@type":"WebPage","@id":"https:\/\/curlsforyou.dk\/vare\/outletvare-20\/","url":"https:\/\/curlsforyou.dk\/vare\/outletvare-20\/","name":"Outletvare 20 - Curl Keeper - Styling Cream (ikke CG godkendt) -","isPartOf":{"@id":"https:\/\/curlsforyou.dk\/#website"},"primaryImageOfPage":{"@id":"https:\/\/curlsforyou.dk\/vare\/outletvare-20\/#primaryimage"},"image":{"@id":"https:\/\/curlsforyou.dk\/vare\/outletvare-20\/#primaryimage"},"thumbnailUrl":"https:\/\/curlsforyou.dk\/app\/uploads\/2023\/05\/29_720x.webp","datePublished":"2023-05-24T19:49:26+00:00","dateModified":"2026-01-26T15:32:12+00:00","breadcrumb":{"@id":"https:\/\/curlsforyou.dk\/vare\/outletvare-20\/#breadcrumb"},"inLanguage":"sv-SE","potentialAction":[{"@type":"ReadAction","target":["https:\/\/curlsforyou.dk\/vare\/outletvare-20\/"]}]},{"@type":"ImageObject","inLanguage":"sv-SE","@id":"https:\/\/curlsforyou.dk\/vare\/outletvare-20\/#primaryimage","url":"https:\/\/curlsforyou.dk\/app\/uploads\/2023\/05\/29_720x.webp","contentUrl":"https:\/\/curlsforyou.dk\/app\/uploads\/2023\/05\/29_720x.webp","width":720,"height":720},{"@type":"BreadcrumbList","@id":"https:\/\/curlsforyou.dk\/vare\/outletvare-20\/#breadcrumb","itemListElement":[{"@type":"ListItem","position":1,"name":"Hjem","item":"https:\/\/curlsforyou.dk\/"},{"@type":"ListItem","position":2,"name":"Shop","item":"https:\/\/curlsforyou.dk\/shop\/"},{"@type":"ListItem","position":3,"name":"Outletvare 20 &#8211; Curl Keeper &#8211; Styling Cream (ikke CG godkendt)"}]},{"@type":"WebSite","@id":"https:\/\/curlsforyou.dk\/#website","url":"https:\/\/curlsforyou.dk\/","name":"","description":"","publisher":{"@id":"https:\/\/curlsforyou.dk\/#organization"},"potentialAction":[{"@type":"SearchAction","target":{"@type":"EntryPoint","urlTemplate":"https:\/\/curlsforyou.dk\/?s={search_term_string}"},"query-input":{"@type":"PropertyValueSpecification","valueRequired":true,"valueName":"search_term_string"}}],"inLanguage":"sv-SE"},{"@type":"Organization","@id":"https:\/\/curlsforyou.dk\/#organization","name":"CurlsForYou","url":"https:\/\/curlsforyou.dk\/","logo":{"@type":"ImageObject","inLanguage":"sv-SE","@id":"https:\/\/curlsforyou.dk\/#\/schema\/logo\/image\/","url":"","contentUrl":"","caption":"CurlsForYou"},"image":{"@id":"https:\/\/curlsforyou.dk\/#\/schema\/logo\/image\/"},"sameAs":["https:\/\/www.facebook.com\/curlsforyou","https:\/\/www.instagram.com\/curlsforyou.dk\/"]}]}},"brands":[],"_links":{"self":[{"href":"https:\/\/curlsforyou.dk\/se\/wp-json\/wp\/v2\/product\/83419","targetHints":{"allow":["GET"]}}],"collection":[{"href":"https:\/\/curlsforyou.dk\/se\/wp-json\/wp\/v2\/product"}],"about":[{"href":"https:\/\/curlsforyou.dk\/se\/wp-json\/wp\/v2\/types\/product"}],"replies":[{"embeddable":true,"href":"https:\/\/curlsforyou.dk\/se\/wp-json\/wp\/v2\/comments?post=83419"}],"version-history":[{"count":0,"href":"https:\/\/curlsforyou.dk\/se\/wp-json\/wp\/v2\/product\/83419\/revisions"}],"wp:featuredmedia":[{"embeddable":true,"href":"https:\/\/curlsforyou.dk\/se\/wp-json\/wp\/v2\/media\/118596"}],"wp:attachment":[{"href":"https:\/\/curlsforyou.dk\/se\/wp-json\/wp\/v2\/media?parent=83419"}],"wp:term":[{"taxonomy":"pwb-brand","embeddable":true,"href":"https:\/\/curlsforyou.dk\/se\/wp-json\/wp\/v2\/pwb-brand?post=83419"},{"taxonomy":"product_brand","embeddable":true,"href":"https:\/\/curlsforyou.dk\/se\/wp-json\/wp\/v2\/product_brand?post=83419"},{"taxonomy":"product_cat","embeddable":true,"href":"https:\/\/curlsforyou.dk\/se\/wp-json\/wp\/v2\/product_cat?post=83419"},{"taxonomy":"product_tag","embeddable":true,"href":"https:\/\/curlsforyou.dk\/se\/wp-json\/wp\/v2\/product_tag?post=83419"},{"taxonomy":"giftcard-category","embeddable":true,"href":"https:\/\/curlsforyou.dk\/se\/wp-json\/wp\/v2\/giftcard-category?post=83419"}],"curies":[{"name":"wp","href":"https:\/\/api.w.org\/{rel}","templated":true}]}}