{"id":83416,"date":"2023-05-24T21:46:18","date_gmt":"2023-05-24T19:46:18","guid":{"rendered":"https:\/\/curlsforyou.dk\/?post_type=product&#038;p=83416"},"modified":"2026-01-26T16:32:12","modified_gmt":"2026-01-26T15:32:12","slug":"outletvare-22","status":"publish","type":"product","link":"https:\/\/curlsforyou.dk\/se\/product\/outletvare-22\/","title":{"rendered":"Outletvare 22 &#8211; Cantu Avocado Hydrating Conditioner (ikke CG godkendt)"},"content":{"rendered":"<p>Ingredienser:<\/p>\n<p>Aqua, Stearyl Alcohol, Cetyl Alcohol, Persea Gratissima (Avocado) Oil, Stearamidopropyl Dimethylamine, Glyceryl Stearate, Butyrospermum Parkii (Shea) Butter, Parfum, Neopentyl Glycol Diheptanoate, Phenoxyethanol, Ethylhexylglycerin, Lactic Acid, Isododecane, Linalool, Hexyl Cinnamal, Polyester-11, Benzyl Salicylate, Disodium EDTA, Panthenol, Geraniol, Tocopherol, Citric Acid<\/p>","protected":false},"excerpt":{"rendered":"<ul>\n<li><em><strong>Outletvare<\/strong><\/em><\/li>\n<li><em>Varen er helt ny, fra distribut\u00f8r fejlleveret, ikke CG godkendt da den indeholder isododecane<\/em><\/li>\n<\/ul>\n<p>&nbsp;<\/p>\n<ul>\n<li><strong>Cantu Avocado Hydrating Conditioner<\/strong>\u00a0er en fugtgivende balsam, der er beriget med avocadoolie og rent sheasm\u00f8r. Den er udviklet til at bl\u00f8dg\u00f8re og genoprette t\u00f8rt og skr\u00f8beligt h\u00e5r, samtidig med at den tilf\u00f8rer n\u00e6ring og glans. Den unikke formel er ideel til kr\u00f8llet, b\u00f8lget og coily h\u00e5r og hj\u00e6lper med at udglatte h\u00e5rstr\u00e5ene og forbedre h\u00e5rets sundhed ved hver vask.<\/li>\n<li>St\u00f8rrelse: 400 ml<\/li>\n<\/ul>","protected":false},"featured_media":118603,"comment_status":"open","ping_status":"closed","template":"","meta":[],"pwb-brand":[],"product_brand":[],"product_cat":[321],"product_tag":[],"giftcard-category":[],"class_list":{"0":"post-83416","1":"product","2":"type-product","3":"status-publish","4":"has-post-thumbnail","6":"product_cat-outlet","8":"first","9":"outofstock","10":"taxable","11":"shipping-taxable","12":"purchasable","13":"product-type-simple"},"bundled_by":[],"bundle_stock_status":"outofstock","bundle_stock_quantity":0,"bundle_virtual":false,"bundle_layout":"","bundle_add_to_cart_form_location":"","bundle_editable_in_cart":false,"bundle_sold_individually_context":"","bundle_item_grouping":"","bundle_min_size":"","bundle_max_size":"","bundle_price":[],"bundled_items":[],"bundle_sell_ids":[],"supplier_id":null,"supplier_sku":"","barcode":null,"atum_controlled":false,"out_stock_date":"2023-11-19 07:58:48","out_stock_threshold":null,"inheritable":false,"inbound_stock":0,"stock_on_hold":0,"sold_today":0,"sales_last_days":0,"reserved_stock":0,"customer_returns":0,"warehouse_damage":0,"lost_in_post":0,"other_logs":0,"out_stock_days":891,"lost_sales":0,"has_location":false,"update_date":"2026-04-28T11:18:17","atum_locations":[],"atum_stock_status":"outofstock","restock_status":false,"low_stock_amount":"","sales_update_date":"2026-04-28T11:18:17","calc_backorders":null,"yoast_head":"<!-- This site is optimized with the Yoast SEO plugin v25.6 - https:\/\/yoast.com\/wordpress\/plugins\/seo\/ -->\n<title>Outletvare 22 - Cantu Avocado Hydrating Conditioner (ikke CG godkendt) -<\/title>\n<meta name=\"robots\" content=\"index, follow, max-snippet:-1, max-image-preview:large, max-video-preview:-1\" \/>\n<link rel=\"canonical\" href=\"https:\/\/curlsforyou.dk\/se\/product\/outletvare-22\/\" \/>\n<meta property=\"og:locale\" content=\"sv_SE\" \/>\n<meta property=\"og:type\" content=\"article\" \/>\n<meta property=\"og:title\" content=\"Outletvare 22 - Cantu Avocado Hydrating Conditioner (ikke CG godkendt) -\" \/>\n<meta property=\"og:description\" content=\"Outletvare  Varen er helt ny, fra distribut\u00f8r fejlleveret, ikke CG godkendt da den indeholder isododecane  &nbsp;   Cantu Avocado Hydrating Conditioner\u00a0er en fugtgivende balsam, der er beriget med avocadoolie og rent sheasm\u00f8r. Den er udviklet til at bl\u00f8dg\u00f8re og genoprette t\u00f8rt og skr\u00f8beligt h\u00e5r, samtidig med at den tilf\u00f8rer n\u00e6ring og glans. Den unikke formel er ideel til kr\u00f8llet, b\u00f8lget og coily h\u00e5r og hj\u00e6lper med at udglatte h\u00e5rstr\u00e5ene og forbedre h\u00e5rets sundhed ved hver vask.  St\u00f8rrelse: 400 ml\" \/>\n<meta property=\"og:url\" content=\"https:\/\/curlsforyou.dk\/se\/product\/outletvare-22\/\" \/>\n<meta property=\"article:publisher\" content=\"https:\/\/www.facebook.com\/curlsforyou\" \/>\n<meta property=\"article:modified_time\" content=\"2026-01-26T15:32:12+00:00\" \/>\n<meta property=\"og:image\" content=\"https:\/\/curlsforyou.dk\/app\/uploads\/2023\/05\/cantu-avocado-conditioner-400-ml.webp\" \/>\n\t<meta property=\"og:image:width\" content=\"360\" \/>\n\t<meta property=\"og:image:height\" content=\"1000\" \/>\n\t<meta property=\"og:image:type\" content=\"image\/webp\" \/>\n<meta name=\"twitter:card\" content=\"summary_large_image\" \/>\n<meta name=\"twitter:label1\" content=\"Ber\u00e4knad l\u00e4stid\" \/>\n\t<meta name=\"twitter:data1\" content=\"1 minut\" \/>\n<script type=\"application\/ld+json\" class=\"yoast-schema-graph\">{\"@context\":\"https:\/\/schema.org\",\"@graph\":[{\"@type\":\"WebPage\",\"@id\":\"https:\/\/curlsforyou.dk\/vare\/outletvare-22\/\",\"url\":\"https:\/\/curlsforyou.dk\/vare\/outletvare-22\/\",\"name\":\"Outletvare 22 - Cantu Avocado Hydrating Conditioner (ikke CG godkendt) -\",\"isPartOf\":{\"@id\":\"https:\/\/curlsforyou.dk\/#website\"},\"primaryImageOfPage\":{\"@id\":\"https:\/\/curlsforyou.dk\/vare\/outletvare-22\/#primaryimage\"},\"image\":{\"@id\":\"https:\/\/curlsforyou.dk\/vare\/outletvare-22\/#primaryimage\"},\"thumbnailUrl\":\"https:\/\/curlsforyou.dk\/app\/uploads\/2023\/05\/cantu-avocado-conditioner-400-ml.webp\",\"datePublished\":\"2023-05-24T19:46:18+00:00\",\"dateModified\":\"2026-01-26T15:32:12+00:00\",\"breadcrumb\":{\"@id\":\"https:\/\/curlsforyou.dk\/vare\/outletvare-22\/#breadcrumb\"},\"inLanguage\":\"sv-SE\",\"potentialAction\":[{\"@type\":\"ReadAction\",\"target\":[\"https:\/\/curlsforyou.dk\/vare\/outletvare-22\/\"]}]},{\"@type\":\"ImageObject\",\"inLanguage\":\"sv-SE\",\"@id\":\"https:\/\/curlsforyou.dk\/vare\/outletvare-22\/#primaryimage\",\"url\":\"https:\/\/curlsforyou.dk\/app\/uploads\/2023\/05\/cantu-avocado-conditioner-400-ml.webp\",\"contentUrl\":\"https:\/\/curlsforyou.dk\/app\/uploads\/2023\/05\/cantu-avocado-conditioner-400-ml.webp\",\"width\":360,\"height\":1000},{\"@type\":\"BreadcrumbList\",\"@id\":\"https:\/\/curlsforyou.dk\/vare\/outletvare-22\/#breadcrumb\",\"itemListElement\":[{\"@type\":\"ListItem\",\"position\":1,\"name\":\"Hjem\",\"item\":\"https:\/\/curlsforyou.dk\/\"},{\"@type\":\"ListItem\",\"position\":2,\"name\":\"Shop\",\"item\":\"https:\/\/curlsforyou.dk\/shop\/\"},{\"@type\":\"ListItem\",\"position\":3,\"name\":\"Outletvare 22 &#8211; Cantu Avocado Hydrating Conditioner (ikke CG godkendt)\"}]},{\"@type\":\"WebSite\",\"@id\":\"https:\/\/curlsforyou.dk\/#website\",\"url\":\"https:\/\/curlsforyou.dk\/\",\"name\":\"\",\"description\":\"\",\"publisher\":{\"@id\":\"https:\/\/curlsforyou.dk\/#organization\"},\"potentialAction\":[{\"@type\":\"SearchAction\",\"target\":{\"@type\":\"EntryPoint\",\"urlTemplate\":\"https:\/\/curlsforyou.dk\/?s={search_term_string}\"},\"query-input\":{\"@type\":\"PropertyValueSpecification\",\"valueRequired\":true,\"valueName\":\"search_term_string\"}}],\"inLanguage\":\"sv-SE\"},{\"@type\":\"Organization\",\"@id\":\"https:\/\/curlsforyou.dk\/#organization\",\"name\":\"CurlsForYou\",\"url\":\"https:\/\/curlsforyou.dk\/\",\"logo\":{\"@type\":\"ImageObject\",\"inLanguage\":\"sv-SE\",\"@id\":\"https:\/\/curlsforyou.dk\/#\/schema\/logo\/image\/\",\"url\":\"\",\"contentUrl\":\"\",\"caption\":\"CurlsForYou\"},\"image\":{\"@id\":\"https:\/\/curlsforyou.dk\/#\/schema\/logo\/image\/\"},\"sameAs\":[\"https:\/\/www.facebook.com\/curlsforyou\",\"https:\/\/www.instagram.com\/curlsforyou.dk\/\"]}]}<\/script>\n<!-- \/ Yoast SEO plugin. -->","yoast_head_json":{"title":"Outletvare 22 - Cantu Avocado Hydrating Conditioner (ikke CG godkendt) -","robots":{"index":"index","follow":"follow","max-snippet":"max-snippet:-1","max-image-preview":"max-image-preview:large","max-video-preview":"max-video-preview:-1"},"canonical":"https:\/\/curlsforyou.dk\/se\/product\/outletvare-22\/","og_locale":"sv_SE","og_type":"article","og_title":"Outletvare 22 - Cantu Avocado Hydrating Conditioner (ikke CG godkendt) -","og_description":"Outletvare  Varen er helt ny, fra distribut\u00f8r fejlleveret, ikke CG godkendt da den indeholder isododecane  &nbsp;   Cantu Avocado Hydrating Conditioner\u00a0er en fugtgivende balsam, der er beriget med avocadoolie og rent sheasm\u00f8r. Den er udviklet til at bl\u00f8dg\u00f8re og genoprette t\u00f8rt og skr\u00f8beligt h\u00e5r, samtidig med at den tilf\u00f8rer n\u00e6ring og glans. Den unikke formel er ideel til kr\u00f8llet, b\u00f8lget og coily h\u00e5r og hj\u00e6lper med at udglatte h\u00e5rstr\u00e5ene og forbedre h\u00e5rets sundhed ved hver vask.  St\u00f8rrelse: 400 ml","og_url":"https:\/\/curlsforyou.dk\/se\/product\/outletvare-22\/","article_publisher":"https:\/\/www.facebook.com\/curlsforyou","article_modified_time":"2026-01-26T15:32:12+00:00","og_image":[{"width":360,"height":1000,"url":"https:\/\/curlsforyou.dk\/app\/uploads\/2023\/05\/cantu-avocado-conditioner-400-ml.webp","type":"image\/webp"}],"twitter_card":"summary_large_image","twitter_misc":{"Ber\u00e4knad l\u00e4stid":"1 minut"},"schema":{"@context":"https:\/\/schema.org","@graph":[{"@type":"WebPage","@id":"https:\/\/curlsforyou.dk\/vare\/outletvare-22\/","url":"https:\/\/curlsforyou.dk\/vare\/outletvare-22\/","name":"Outletvare 22 - Cantu Avocado Hydrating Conditioner (ikke CG godkendt) -","isPartOf":{"@id":"https:\/\/curlsforyou.dk\/#website"},"primaryImageOfPage":{"@id":"https:\/\/curlsforyou.dk\/vare\/outletvare-22\/#primaryimage"},"image":{"@id":"https:\/\/curlsforyou.dk\/vare\/outletvare-22\/#primaryimage"},"thumbnailUrl":"https:\/\/curlsforyou.dk\/app\/uploads\/2023\/05\/cantu-avocado-conditioner-400-ml.webp","datePublished":"2023-05-24T19:46:18+00:00","dateModified":"2026-01-26T15:32:12+00:00","breadcrumb":{"@id":"https:\/\/curlsforyou.dk\/vare\/outletvare-22\/#breadcrumb"},"inLanguage":"sv-SE","potentialAction":[{"@type":"ReadAction","target":["https:\/\/curlsforyou.dk\/vare\/outletvare-22\/"]}]},{"@type":"ImageObject","inLanguage":"sv-SE","@id":"https:\/\/curlsforyou.dk\/vare\/outletvare-22\/#primaryimage","url":"https:\/\/curlsforyou.dk\/app\/uploads\/2023\/05\/cantu-avocado-conditioner-400-ml.webp","contentUrl":"https:\/\/curlsforyou.dk\/app\/uploads\/2023\/05\/cantu-avocado-conditioner-400-ml.webp","width":360,"height":1000},{"@type":"BreadcrumbList","@id":"https:\/\/curlsforyou.dk\/vare\/outletvare-22\/#breadcrumb","itemListElement":[{"@type":"ListItem","position":1,"name":"Hjem","item":"https:\/\/curlsforyou.dk\/"},{"@type":"ListItem","position":2,"name":"Shop","item":"https:\/\/curlsforyou.dk\/shop\/"},{"@type":"ListItem","position":3,"name":"Outletvare 22 &#8211; Cantu Avocado Hydrating Conditioner (ikke CG godkendt)"}]},{"@type":"WebSite","@id":"https:\/\/curlsforyou.dk\/#website","url":"https:\/\/curlsforyou.dk\/","name":"","description":"","publisher":{"@id":"https:\/\/curlsforyou.dk\/#organization"},"potentialAction":[{"@type":"SearchAction","target":{"@type":"EntryPoint","urlTemplate":"https:\/\/curlsforyou.dk\/?s={search_term_string}"},"query-input":{"@type":"PropertyValueSpecification","valueRequired":true,"valueName":"search_term_string"}}],"inLanguage":"sv-SE"},{"@type":"Organization","@id":"https:\/\/curlsforyou.dk\/#organization","name":"CurlsForYou","url":"https:\/\/curlsforyou.dk\/","logo":{"@type":"ImageObject","inLanguage":"sv-SE","@id":"https:\/\/curlsforyou.dk\/#\/schema\/logo\/image\/","url":"","contentUrl":"","caption":"CurlsForYou"},"image":{"@id":"https:\/\/curlsforyou.dk\/#\/schema\/logo\/image\/"},"sameAs":["https:\/\/www.facebook.com\/curlsforyou","https:\/\/www.instagram.com\/curlsforyou.dk\/"]}]}},"brands":[],"_links":{"self":[{"href":"https:\/\/curlsforyou.dk\/se\/wp-json\/wp\/v2\/product\/83416","targetHints":{"allow":["GET"]}}],"collection":[{"href":"https:\/\/curlsforyou.dk\/se\/wp-json\/wp\/v2\/product"}],"about":[{"href":"https:\/\/curlsforyou.dk\/se\/wp-json\/wp\/v2\/types\/product"}],"replies":[{"embeddable":true,"href":"https:\/\/curlsforyou.dk\/se\/wp-json\/wp\/v2\/comments?post=83416"}],"version-history":[{"count":0,"href":"https:\/\/curlsforyou.dk\/se\/wp-json\/wp\/v2\/product\/83416\/revisions"}],"wp:featuredmedia":[{"embeddable":true,"href":"https:\/\/curlsforyou.dk\/se\/wp-json\/wp\/v2\/media\/118603"}],"wp:attachment":[{"href":"https:\/\/curlsforyou.dk\/se\/wp-json\/wp\/v2\/media?parent=83416"}],"wp:term":[{"taxonomy":"pwb-brand","embeddable":true,"href":"https:\/\/curlsforyou.dk\/se\/wp-json\/wp\/v2\/pwb-brand?post=83416"},{"taxonomy":"product_brand","embeddable":true,"href":"https:\/\/curlsforyou.dk\/se\/wp-json\/wp\/v2\/product_brand?post=83416"},{"taxonomy":"product_cat","embeddable":true,"href":"https:\/\/curlsforyou.dk\/se\/wp-json\/wp\/v2\/product_cat?post=83416"},{"taxonomy":"product_tag","embeddable":true,"href":"https:\/\/curlsforyou.dk\/se\/wp-json\/wp\/v2\/product_tag?post=83416"},{"taxonomy":"giftcard-category","embeddable":true,"href":"https:\/\/curlsforyou.dk\/se\/wp-json\/wp\/v2\/giftcard-category?post=83416"}],"curies":[{"name":"wp","href":"https:\/\/api.w.org\/{rel}","templated":true}]}}