{"id":77947,"date":"2023-03-13T12:13:10","date_gmt":"2023-03-13T11:13:10","guid":{"rendered":"https:\/\/curlsforyou.dk\/?post_type=product&#038;p=77947"},"modified":"2026-01-26T16:32:04","modified_gmt":"2026-01-26T15:32:04","slug":"zazzy-bandz-hand-wrapped-original-fit","status":"publish","type":"product","link":"https:\/\/curlsforyou.dk\/se\/product\/zazzy-bandz-hand-wrapped-original-fit\/","title":{"rendered":"Zazzy Bandz \u2013 Hand Wrapped &#8211; Original Fit"},"content":{"rendered":"<p>Zazzy Bandz\u00ae er et patenteret pandeb\u00e5nd, der passer som solbriller.<\/p>\n<p>F\u00e5 volume, stil og komfort hele dagen lang.<\/p>\n<p>Holder dit h\u00e5r v\u00e6k fra ansigtet uden hovedpine.<\/p>\n<p>Hvilken model skal jeg v\u00e6lge:<\/p>\n<p>Original er perfekt til normalt til stort volumen h\u00e5r og den gennemsnitlige hovedst\u00f8rrelse. Det unikke firkantede design af Zazzy Bandz\u00ae &#8220;original fit&#8221; giver volumen og stil uden hovedpine.<\/p>\n<p>Slim design af Zazzy Bandz\u00ae \u201cslank afslappet pasform\u201d er perfekt til dem med en gennemsnitlig til st\u00f8rre hovedst\u00f8rrelse og dem med \u00f8get f\u00f8lsomhed. Slim anbefales ikke til sm\u00e5 hovedst\u00f8rrelser.<\/p>","protected":false},"excerpt":{"rendered":"<p>Zazzy Bandz\u00ae er et patenteret pandeb\u00e5nd, der passer som solbriller.<\/p>\n<p>F\u00e5 volume, stil og komfort hele dagen lang.<\/p>\n<p>Holder dit h\u00e5r v\u00e6k fra ansigtet uden hovedpine.<\/p>\n<p>Hvilken model skal jeg v\u00e6lge:<\/p>\n<p>Original er perfekt til normalt til stort volumen h\u00e5r og den gennemsnitlige hovedst\u00f8rrelse. Det unikke firkantede design af Zazzy Bandz\u00ae &#8220;original fit&#8221; giver volumen og stil uden hovedpine.<\/p>\n<p>Slim design af Zazzy Bandz\u00ae \u201cslank afslappet pasform\u201d er perfekt til dem med en gennemsnitlig til st\u00f8rre hovedst\u00f8rrelse og dem med \u00f8get f\u00f8lsomhed. Slim anbefales ikke til sm\u00e5 hovedst\u00f8rrelser.<\/p>","protected":false},"featured_media":77953,"comment_status":"open","ping_status":"closed","template":"","meta":[],"pwb-brand":[133],"product_brand":[],"product_cat":[144],"product_tag":[],"giftcard-category":[],"class_list":{"0":"post-77947","1":"product","2":"type-product","3":"status-publish","4":"has-post-thumbnail","6":"pwb-brand-zazzybandz","7":"product_cat-haarpynt-og-elastikker","9":"first","10":"outofstock","11":"taxable","12":"shipping-taxable","13":"purchasable","14":"product-type-variable"},"bundled_by":[],"bundle_stock_status":"outofstock","bundle_stock_quantity":null,"bundle_virtual":false,"bundle_layout":"","bundle_add_to_cart_form_location":"","bundle_editable_in_cart":false,"bundle_sold_individually_context":"","bundle_item_grouping":"","bundle_min_size":"","bundle_max_size":"","bundle_price":[],"bundled_items":[],"bundle_sell_ids":[],"supplier_id":null,"supplier_sku":"","barcode":null,"atum_controlled":true,"out_stock_date":null,"out_stock_threshold":null,"inheritable":true,"inbound_stock":0,"stock_on_hold":0,"sold_today":0,"sales_last_days":0,"reserved_stock":0,"customer_returns":0,"warehouse_damage":0,"lost_in_post":0,"other_logs":0,"out_stock_days":0,"lost_sales":0,"has_location":false,"update_date":"2026-05-04T11:22:11","atum_locations":[],"atum_stock_status":"outofstock","restock_status":false,"low_stock_amount":"","sales_update_date":"2026-05-04T11:22:10","calc_backorders":null,"yoast_head":"<!-- This site is optimized with the Yoast SEO plugin v25.6 - https:\/\/yoast.com\/wordpress\/plugins\/seo\/ -->\n<title>Zazzy Bandz \u2013 Hand Wrapped - Original Fit -<\/title>\n<meta name=\"robots\" content=\"index, follow, max-snippet:-1, max-image-preview:large, max-video-preview:-1\" \/>\n<link rel=\"canonical\" href=\"https:\/\/curlsforyou.dk\/se\/product\/zazzy-bandz-hand-wrapped-original-fit\/\" \/>\n<meta property=\"og:locale\" content=\"sv_SE\" \/>\n<meta property=\"og:type\" content=\"article\" \/>\n<meta property=\"og:title\" content=\"Zazzy Bandz \u2013 Hand Wrapped - Original Fit -\" \/>\n<meta property=\"og:description\" content=\"Zazzy Bandz\u00ae er et patenteret pandeb\u00e5nd, der passer som solbriller.  F\u00e5 volume, stil og komfort hele dagen lang.  Holder dit h\u00e5r v\u00e6k fra ansigtet uden hovedpine.  Hvilken model skal jeg v\u00e6lge:  Original er perfekt til normalt til stort volumen h\u00e5r og den gennemsnitlige hovedst\u00f8rrelse. Det unikke firkantede design af Zazzy Bandz\u00ae &quot;original fit&quot; giver volumen og stil uden hovedpine.  Slim design af Zazzy Bandz\u00ae \u201cslank afslappet pasform\u201d er perfekt til dem med en gennemsnitlig til st\u00f8rre hovedst\u00f8rrelse og dem med \u00f8get f\u00f8lsomhed. Slim anbefales ikke til sm\u00e5 hovedst\u00f8rrelser.\" \/>\n<meta property=\"og:url\" content=\"https:\/\/curlsforyou.dk\/se\/product\/zazzy-bandz-hand-wrapped-original-fit\/\" \/>\n<meta property=\"article:publisher\" content=\"https:\/\/www.facebook.com\/curlsforyou\" \/>\n<meta property=\"article:modified_time\" content=\"2026-01-26T15:32:04+00:00\" \/>\n<meta property=\"og:image\" content=\"https:\/\/curlsforyou.dk\/app\/uploads\/2023\/03\/cheetah-headband-638443_900x.webp\" \/>\n\t<meta property=\"og:image:width\" content=\"900\" \/>\n\t<meta property=\"og:image:height\" content=\"901\" \/>\n\t<meta property=\"og:image:type\" content=\"image\/webp\" \/>\n<meta name=\"twitter:card\" content=\"summary_large_image\" \/>\n<meta name=\"twitter:label1\" content=\"Ber\u00e4knad l\u00e4stid\" \/>\n\t<meta name=\"twitter:data1\" content=\"1 minut\" \/>\n<script type=\"application\/ld+json\" class=\"yoast-schema-graph\">{\"@context\":\"https:\/\/schema.org\",\"@graph\":[{\"@type\":\"WebPage\",\"@id\":\"https:\/\/curlsforyou.dk\/vare\/zazzy-bandz-hand-wrapped-original-fit\/\",\"url\":\"https:\/\/curlsforyou.dk\/vare\/zazzy-bandz-hand-wrapped-original-fit\/\",\"name\":\"Zazzy Bandz \u2013 Hand Wrapped - Original Fit -\",\"isPartOf\":{\"@id\":\"https:\/\/curlsforyou.dk\/#website\"},\"primaryImageOfPage\":{\"@id\":\"https:\/\/curlsforyou.dk\/vare\/zazzy-bandz-hand-wrapped-original-fit\/#primaryimage\"},\"image\":{\"@id\":\"https:\/\/curlsforyou.dk\/vare\/zazzy-bandz-hand-wrapped-original-fit\/#primaryimage\"},\"thumbnailUrl\":\"https:\/\/curlsforyou.dk\/app\/uploads\/2023\/03\/cheetah-headband-638443_900x.webp\",\"datePublished\":\"2023-03-13T11:13:10+00:00\",\"dateModified\":\"2026-01-26T15:32:04+00:00\",\"breadcrumb\":{\"@id\":\"https:\/\/curlsforyou.dk\/vare\/zazzy-bandz-hand-wrapped-original-fit\/#breadcrumb\"},\"inLanguage\":\"sv-SE\",\"potentialAction\":[{\"@type\":\"ReadAction\",\"target\":[\"https:\/\/curlsforyou.dk\/vare\/zazzy-bandz-hand-wrapped-original-fit\/\"]}]},{\"@type\":\"ImageObject\",\"inLanguage\":\"sv-SE\",\"@id\":\"https:\/\/curlsforyou.dk\/vare\/zazzy-bandz-hand-wrapped-original-fit\/#primaryimage\",\"url\":\"https:\/\/curlsforyou.dk\/app\/uploads\/2023\/03\/cheetah-headband-638443_900x.webp\",\"contentUrl\":\"https:\/\/curlsforyou.dk\/app\/uploads\/2023\/03\/cheetah-headband-638443_900x.webp\",\"width\":900,\"height\":901},{\"@type\":\"BreadcrumbList\",\"@id\":\"https:\/\/curlsforyou.dk\/vare\/zazzy-bandz-hand-wrapped-original-fit\/#breadcrumb\",\"itemListElement\":[{\"@type\":\"ListItem\",\"position\":1,\"name\":\"Hjem\",\"item\":\"https:\/\/curlsforyou.dk\/\"},{\"@type\":\"ListItem\",\"position\":2,\"name\":\"Shop\",\"item\":\"https:\/\/curlsforyou.dk\/shop\/\"},{\"@type\":\"ListItem\",\"position\":3,\"name\":\"Zazzy Bandz \u2013 Hand Wrapped &#8211; Original Fit\"}]},{\"@type\":\"WebSite\",\"@id\":\"https:\/\/curlsforyou.dk\/#website\",\"url\":\"https:\/\/curlsforyou.dk\/\",\"name\":\"\",\"description\":\"\",\"publisher\":{\"@id\":\"https:\/\/curlsforyou.dk\/#organization\"},\"potentialAction\":[{\"@type\":\"SearchAction\",\"target\":{\"@type\":\"EntryPoint\",\"urlTemplate\":\"https:\/\/curlsforyou.dk\/?s={search_term_string}\"},\"query-input\":{\"@type\":\"PropertyValueSpecification\",\"valueRequired\":true,\"valueName\":\"search_term_string\"}}],\"inLanguage\":\"sv-SE\"},{\"@type\":\"Organization\",\"@id\":\"https:\/\/curlsforyou.dk\/#organization\",\"name\":\"CurlsForYou\",\"url\":\"https:\/\/curlsforyou.dk\/\",\"logo\":{\"@type\":\"ImageObject\",\"inLanguage\":\"sv-SE\",\"@id\":\"https:\/\/curlsforyou.dk\/#\/schema\/logo\/image\/\",\"url\":\"\",\"contentUrl\":\"\",\"caption\":\"CurlsForYou\"},\"image\":{\"@id\":\"https:\/\/curlsforyou.dk\/#\/schema\/logo\/image\/\"},\"sameAs\":[\"https:\/\/www.facebook.com\/curlsforyou\",\"https:\/\/www.instagram.com\/curlsforyou.dk\/\"]}]}<\/script>\n<!-- \/ Yoast SEO plugin. -->","yoast_head_json":{"title":"Zazzy Bandz \u2013 Hand Wrapped - Original Fit -","robots":{"index":"index","follow":"follow","max-snippet":"max-snippet:-1","max-image-preview":"max-image-preview:large","max-video-preview":"max-video-preview:-1"},"canonical":"https:\/\/curlsforyou.dk\/se\/product\/zazzy-bandz-hand-wrapped-original-fit\/","og_locale":"sv_SE","og_type":"article","og_title":"Zazzy Bandz \u2013 Hand Wrapped - Original Fit -","og_description":"Zazzy Bandz\u00ae er et patenteret pandeb\u00e5nd, der passer som solbriller.  F\u00e5 volume, stil og komfort hele dagen lang.  Holder dit h\u00e5r v\u00e6k fra ansigtet uden hovedpine.  Hvilken model skal jeg v\u00e6lge:  Original er perfekt til normalt til stort volumen h\u00e5r og den gennemsnitlige hovedst\u00f8rrelse. Det unikke firkantede design af Zazzy Bandz\u00ae \"original fit\" giver volumen og stil uden hovedpine.  Slim design af Zazzy Bandz\u00ae \u201cslank afslappet pasform\u201d er perfekt til dem med en gennemsnitlig til st\u00f8rre hovedst\u00f8rrelse og dem med \u00f8get f\u00f8lsomhed. Slim anbefales ikke til sm\u00e5 hovedst\u00f8rrelser.","og_url":"https:\/\/curlsforyou.dk\/se\/product\/zazzy-bandz-hand-wrapped-original-fit\/","article_publisher":"https:\/\/www.facebook.com\/curlsforyou","article_modified_time":"2026-01-26T15:32:04+00:00","og_image":[{"width":900,"height":901,"url":"https:\/\/curlsforyou.dk\/app\/uploads\/2023\/03\/cheetah-headband-638443_900x.webp","type":"image\/webp"}],"twitter_card":"summary_large_image","twitter_misc":{"Ber\u00e4knad l\u00e4stid":"1 minut"},"schema":{"@context":"https:\/\/schema.org","@graph":[{"@type":"WebPage","@id":"https:\/\/curlsforyou.dk\/vare\/zazzy-bandz-hand-wrapped-original-fit\/","url":"https:\/\/curlsforyou.dk\/vare\/zazzy-bandz-hand-wrapped-original-fit\/","name":"Zazzy Bandz \u2013 Hand Wrapped - Original Fit -","isPartOf":{"@id":"https:\/\/curlsforyou.dk\/#website"},"primaryImageOfPage":{"@id":"https:\/\/curlsforyou.dk\/vare\/zazzy-bandz-hand-wrapped-original-fit\/#primaryimage"},"image":{"@id":"https:\/\/curlsforyou.dk\/vare\/zazzy-bandz-hand-wrapped-original-fit\/#primaryimage"},"thumbnailUrl":"https:\/\/curlsforyou.dk\/app\/uploads\/2023\/03\/cheetah-headband-638443_900x.webp","datePublished":"2023-03-13T11:13:10+00:00","dateModified":"2026-01-26T15:32:04+00:00","breadcrumb":{"@id":"https:\/\/curlsforyou.dk\/vare\/zazzy-bandz-hand-wrapped-original-fit\/#breadcrumb"},"inLanguage":"sv-SE","potentialAction":[{"@type":"ReadAction","target":["https:\/\/curlsforyou.dk\/vare\/zazzy-bandz-hand-wrapped-original-fit\/"]}]},{"@type":"ImageObject","inLanguage":"sv-SE","@id":"https:\/\/curlsforyou.dk\/vare\/zazzy-bandz-hand-wrapped-original-fit\/#primaryimage","url":"https:\/\/curlsforyou.dk\/app\/uploads\/2023\/03\/cheetah-headband-638443_900x.webp","contentUrl":"https:\/\/curlsforyou.dk\/app\/uploads\/2023\/03\/cheetah-headband-638443_900x.webp","width":900,"height":901},{"@type":"BreadcrumbList","@id":"https:\/\/curlsforyou.dk\/vare\/zazzy-bandz-hand-wrapped-original-fit\/#breadcrumb","itemListElement":[{"@type":"ListItem","position":1,"name":"Hjem","item":"https:\/\/curlsforyou.dk\/"},{"@type":"ListItem","position":2,"name":"Shop","item":"https:\/\/curlsforyou.dk\/shop\/"},{"@type":"ListItem","position":3,"name":"Zazzy Bandz \u2013 Hand Wrapped &#8211; Original Fit"}]},{"@type":"WebSite","@id":"https:\/\/curlsforyou.dk\/#website","url":"https:\/\/curlsforyou.dk\/","name":"","description":"","publisher":{"@id":"https:\/\/curlsforyou.dk\/#organization"},"potentialAction":[{"@type":"SearchAction","target":{"@type":"EntryPoint","urlTemplate":"https:\/\/curlsforyou.dk\/?s={search_term_string}"},"query-input":{"@type":"PropertyValueSpecification","valueRequired":true,"valueName":"search_term_string"}}],"inLanguage":"sv-SE"},{"@type":"Organization","@id":"https:\/\/curlsforyou.dk\/#organization","name":"CurlsForYou","url":"https:\/\/curlsforyou.dk\/","logo":{"@type":"ImageObject","inLanguage":"sv-SE","@id":"https:\/\/curlsforyou.dk\/#\/schema\/logo\/image\/","url":"","contentUrl":"","caption":"CurlsForYou"},"image":{"@id":"https:\/\/curlsforyou.dk\/#\/schema\/logo\/image\/"},"sameAs":["https:\/\/www.facebook.com\/curlsforyou","https:\/\/www.instagram.com\/curlsforyou.dk\/"]}]}},"brands":[{"id":133,"name":"Zazzy Bandz","slug":"zazzybandz"}],"_links":{"self":[{"href":"https:\/\/curlsforyou.dk\/se\/wp-json\/wp\/v2\/product\/77947","targetHints":{"allow":["GET"]}}],"collection":[{"href":"https:\/\/curlsforyou.dk\/se\/wp-json\/wp\/v2\/product"}],"about":[{"href":"https:\/\/curlsforyou.dk\/se\/wp-json\/wp\/v2\/types\/product"}],"replies":[{"embeddable":true,"href":"https:\/\/curlsforyou.dk\/se\/wp-json\/wp\/v2\/comments?post=77947"}],"version-history":[{"count":0,"href":"https:\/\/curlsforyou.dk\/se\/wp-json\/wp\/v2\/product\/77947\/revisions"}],"wp:featuredmedia":[{"embeddable":true,"href":"https:\/\/curlsforyou.dk\/se\/wp-json\/wp\/v2\/media\/77953"}],"wp:attachment":[{"href":"https:\/\/curlsforyou.dk\/se\/wp-json\/wp\/v2\/media?parent=77947"}],"wp:term":[{"taxonomy":"pwb-brand","embeddable":true,"href":"https:\/\/curlsforyou.dk\/se\/wp-json\/wp\/v2\/pwb-brand?post=77947"},{"taxonomy":"product_brand","embeddable":true,"href":"https:\/\/curlsforyou.dk\/se\/wp-json\/wp\/v2\/product_brand?post=77947"},{"taxonomy":"product_cat","embeddable":true,"href":"https:\/\/curlsforyou.dk\/se\/wp-json\/wp\/v2\/product_cat?post=77947"},{"taxonomy":"product_tag","embeddable":true,"href":"https:\/\/curlsforyou.dk\/se\/wp-json\/wp\/v2\/product_tag?post=77947"},{"taxonomy":"giftcard-category","embeddable":true,"href":"https:\/\/curlsforyou.dk\/se\/wp-json\/wp\/v2\/giftcard-category?post=77947"}],"curies":[{"name":"wp","href":"https:\/\/api.w.org\/{rel}","templated":true}]}}