{"id":66172,"date":"2022-10-04T11:20:53","date_gmt":"2022-10-04T09:20:53","guid":{"rendered":"https:\/\/curlsforyou.dk\/?post_type=product&#038;p=66172"},"modified":"2026-04-10T21:53:09","modified_gmt":"2026-04-10T19:53:09","slug":"curlsforyou-genopfyldelig-flaske","status":"publish","type":"product","link":"https:\/\/curlsforyou.dk\/se\/product\/curlsforyou-genopfyldelig-flaske\/","title":{"rendered":"CurlsForYou &#8211; Genopfyldelig flaske"},"content":{"rendered":"<p>Er du g\u00e5et med p\u00e5 refill-moden og f\u00e5r nogle af dine h\u00e5rprodukter, for eksempel fra <a href=\"https:\/\/curlsforyou.dk\/se\/brand\/ecoslay\/\">Ecoslay<\/a>, i refill-poser? Refill-poser m\u00e5 jo siges at v\u00e6re en god m\u00e5de at sk\u00e5ne milj\u00f8et for flere produktflasker, der i sidste ende skal smides ud. Men n\u00e5r det kommer til at skulle anvende produktet direkte fra den lille h\u00e6ldetud i posen, kan man m\u00e5ske sommetider \u00f8nske sig et mere praktisk anvendeligt redskab. Og det kunne for eksempel v\u00e6re denne fine, genopfyldelige flaske fra CurlsForYou.<\/p>\n<p>200 ml stor er den, s\u00e5 nok ikke den st\u00f8rste produktflaske, du l\u00e6nge har set \u2013 men en god og passende st\u00f8rrelse til at kunne rumme en del shampoo, balsam eller andet produkt, og lille og praktisk nok til at kunne have med sig i en taske til sport eller p\u00e5 tur. Derudover f\u00e5r du flasken i et fint og enkelt design i en flot og g\u00e6ngs farve, s\u00e5 den kan passe ind i de fleste badev\u00e6relser og brusekabiner.<\/p>\n<h2>Flere anvendelsesmuligheder med en genopfyldelig flaske<\/h2>\n<p>Er du, som n\u00e6vnt, bruger af refill-poser, n\u00e5r det kommer til h\u00e5rprodukter, er en genopfyldelig flaske lige til h\u00f8jrebenet for dig. Der kan dog ogs\u00e5 v\u00e6re andre anledninger til at skaffe sig s\u00e5dan en ekstra produktflaske \u2013 hvis du for eksempel har en stor flaske shampoo og foretr\u00e6kker at have en mindre flaske st\u00e5ende i brusekabinen. Eller hvis du skal have noget shampoo, kr\u00f8llecreme eller andet med p\u00e5 tur og vil n\u00f8jes med en mindre flaske, som du kan fylde noget af produktet over i.<\/p>\n<p>Det kan ogs\u00e5 v\u00e6re, du har f\u00e5et dig et godt h\u00e5rprodukt, som du \u00f8nsker, din veninde ogs\u00e5 skal have gl\u00e6de af. Da kan en genopfyldelig flaske fungere som en rigtig fin gave, hvor du selv har valgt indholdet. Endelig synes du m\u00e5ske bare, det er en flot flaske, hvorfor du vil have dine produkter over i s\u00e5dan nogle og have dem st\u00e5ende fremme p\u00e5 hylden \u2026 S\u00e5 n\u00e5r man kommer til at t\u00e6nke over det, kan der v\u00e6re masser af muligheder for at f\u00e5 gl\u00e6de og gavn af s\u00e5dan en fin, genopfyldelig flaske, hvor du selv bestemmer, hvilket produkt der skal i.<\/p>\n<p>Derforuden er der selvf\u00f8lgelig l\u00e5gtypen \u2013 og det er jo ikke uden betydning, hvilket l\u00e5g der kommer p\u00e5 en produktflaske. Til denne fra CurlsForYou kan du v\u00e6lge mellem fire forskellige l\u00e5gtyper: klikl\u00e5g, pumpehoved, sprayhoved eller spids mund. Det er derfor en fordel at overveje, hvilken type produkt den genopfyldelige flaske skal bruges til \u2013 og hvordan det helst skal komme ud af flasken.<\/p>\n<h2>F\u00e5 den rette l\u00e5gtype for dig til din genopfyldelige flaske<\/h2>\n<p>Med de fire typer l\u00e5g har du s\u00e5ledes mulighed for at lave den rette kombination, s\u00e5 den genanvendelige flaske kommer til at passe til dit behov. Det g\u00e6ngse klikl\u00e5g kan man komme langt med \u2013 det fungerer til mange produkttyper og er ogs\u00e5 praktisk i brug og i forhold til at kunne have produktflasken med sig i en taske. Dog kan det v\u00e6re, du hellere vil have et pumpehoved, hvis du for eksempel ved, at du vil have shampoo eller balsam i flasken, der gerne skal st\u00e5 klar til brug i brusekabinen \u2013 eller kr\u00f8llecreme, der kan v\u00e6re rarest at pumpe ud fra flasken.<\/p>\n<p>Er det en type h\u00e5rspray eller en flydende leave-in, du vil have i flasken, er det selvf\u00f8lgelig oplagt at v\u00e6lge et sprayhoved til l\u00e5g \u2013 og det er et godt og ergonomisk sprayhoved, der fungerer lidt som et h\u00e5ndtag. Endelig er der ogs\u00e5 mulighed for at v\u00e6lge den \u201dspidse mund\u201d til l\u00e5g. Den kan v\u00e6re god at bruge til for eksempel en <a href=\"https:\/\/curlsforyou.dk\/se\/vare-kategori\/vask-rens\/dybdegaaende-rens\/\">dybdeg\u00e5ende rens<\/a>, hvor du ved hj\u00e6lp af tuden kan fordele produktet i h\u00e5r og hovedbund direkte fra flasken. Det er derfor et sp\u00f8rgsm\u00e5l om produkttype, behov og selvf\u00f8lgelig smag og behag, hvilken l\u00e5gtype der vil v\u00e6re den rette for dig.<\/p>\n<p>Kunne du t\u00e6nke dig et ekstra l\u00e5g udover det, du f\u00e5r med den genopfyldelige flaske, kan du ogs\u00e5 finde det her p\u00e5 siden, hvor du blandt andet ogs\u00e5 kan finde en (tom) <a href=\"https:\/\/curlsforyou.dk\/se\/product\/curlsforyou-plastikboette-til-produkter\/\">plastikb\u00f8tte med skruel\u00e5g<\/a>, du kan bruge til at fylde h\u00e5rprodukter i. Igen kan vi n\u00e6vne refill-poser, hvor det kan v\u00e6re mere praktisk at fylde produktet (for eksempel en gel) over i en genanvendelig beholder, der g\u00f8r det lettere at h\u00e5ndtere produktet. Det og meget andet sp\u00e6ndende tilbeh\u00f8r og naturligvis ordentlige h\u00e5rplejeprodukter finder du her hos CurlsForYou.<\/p>","protected":false},"excerpt":{"rendered":"<ul>\n<li>200 ml genopfyldelig flaske (kommer uden indhold)<\/li>\n<li>Kan anvendes til refill-poser som f.eks. Ecoslay<\/li>\n<li>V\u00e6lg mellem 4 forskellige l\u00e5gtyper<\/li>\n<li>God st\u00f8rrelse b\u00e5de til hjemme- og rejsebrug<\/li>\n<li>Lavet i milj\u00f8venligt materiale<\/li>\n<\/ul>","protected":false},"featured_media":66180,"comment_status":"open","ping_status":"closed","template":"","meta":[],"pwb-brand":[168],"product_brand":[],"product_cat":[330,22],"product_tag":[],"giftcard-category":[],"class_list":{"0":"post-66172","1":"product","2":"type-product","3":"status-publish","4":"has-post-thumbnail","6":"pwb-brand-curlsforyou","7":"product_cat-emballage-og-opbevaring","8":"product_cat-tilbehor","10":"first","11":"instock","12":"sale","13":"taxable","14":"shipping-taxable","15":"purchasable","16":"product-type-variable"},"bundled_by":[],"bundle_stock_status":"instock","bundle_stock_quantity":null,"bundle_virtual":false,"bundle_layout":"","bundle_add_to_cart_form_location":"","bundle_editable_in_cart":false,"bundle_sold_individually_context":"","bundle_item_grouping":"","bundle_min_size":"","bundle_max_size":"","bundle_price":[],"bundled_items":[],"bundle_sell_ids":[],"supplier_id":null,"supplier_sku":"","barcode":null,"atum_controlled":true,"out_stock_date":null,"out_stock_threshold":null,"inheritable":true,"inbound_stock":0,"stock_on_hold":0,"sold_today":0,"sales_last_days":0,"reserved_stock":0,"customer_returns":0,"warehouse_damage":0,"lost_in_post":0,"other_logs":0,"out_stock_days":0,"lost_sales":0,"has_location":false,"update_date":"2026-05-06T11:18:25","atum_locations":[],"atum_stock_status":"instock","restock_status":false,"low_stock_amount":"","sales_update_date":"2026-05-06T11:18:25","calc_backorders":null,"yoast_head":"<!-- This site is optimized with the Yoast SEO plugin v25.6 - https:\/\/yoast.com\/wordpress\/plugins\/seo\/ -->\n<title>CurlsForYou Genopfyldelig flaske | CurlsForYou<\/title>\n<meta name=\"description\" content=\"Mangler du en fin produktflaske til et h\u00e5rprodukt fra refill-pose? Se da CurlsForYou\u2019s Genopfyldelige flaske | CurlsForYou\" \/>\n<meta name=\"robots\" content=\"index, follow, max-snippet:-1, max-image-preview:large, max-video-preview:-1\" \/>\n<link rel=\"canonical\" href=\"https:\/\/curlsforyou.dk\/se\/product\/curlsforyou-genopfyldelig-flaske\/\" \/>\n<meta property=\"og:locale\" content=\"sv_SE\" \/>\n<meta property=\"og:type\" content=\"article\" \/>\n<meta property=\"og:title\" content=\"CurlsForYou Genopfyldelig flaske | CurlsForYou\" \/>\n<meta property=\"og:description\" content=\"Mangler du en fin produktflaske til et h\u00e5rprodukt fra refill-pose? Se da CurlsForYou\u2019s Genopfyldelige flaske | CurlsForYou\" \/>\n<meta property=\"og:url\" content=\"https:\/\/curlsforyou.dk\/se\/product\/curlsforyou-genopfyldelig-flaske\/\" \/>\n<meta property=\"article:publisher\" content=\"https:\/\/www.facebook.com\/curlsforyou\" \/>\n<meta property=\"article:modified_time\" content=\"2026-04-10T19:53:09+00:00\" \/>\n<meta property=\"og:image\" content=\"https:\/\/curlsforyou.dk\/app\/uploads\/2022\/10\/CFY_flaske_800x800px_1.jpg\" \/>\n\t<meta property=\"og:image:width\" content=\"800\" \/>\n\t<meta property=\"og:image:height\" content=\"800\" \/>\n\t<meta property=\"og:image:type\" content=\"image\/jpeg\" \/>\n<meta name=\"twitter:card\" content=\"summary_large_image\" \/>\n<meta name=\"twitter:label1\" content=\"Ber\u00e4knad l\u00e4stid\" \/>\n\t<meta name=\"twitter:data1\" content=\"5 minuter\" \/>\n<script type=\"application\/ld+json\" class=\"yoast-schema-graph\">{\"@context\":\"https:\/\/schema.org\",\"@graph\":[{\"@type\":\"WebPage\",\"@id\":\"https:\/\/curlsforyou.dk\/vare\/curlsforyou-genopfyldelig-flaske\/\",\"url\":\"https:\/\/curlsforyou.dk\/vare\/curlsforyou-genopfyldelig-flaske\/\",\"name\":\"CurlsForYou Genopfyldelig flaske | CurlsForYou\",\"isPartOf\":{\"@id\":\"https:\/\/curlsforyou.dk\/#website\"},\"primaryImageOfPage\":{\"@id\":\"https:\/\/curlsforyou.dk\/vare\/curlsforyou-genopfyldelig-flaske\/#primaryimage\"},\"image\":{\"@id\":\"https:\/\/curlsforyou.dk\/vare\/curlsforyou-genopfyldelig-flaske\/#primaryimage\"},\"thumbnailUrl\":\"https:\/\/curlsforyou.dk\/app\/uploads\/2022\/10\/CFY_flaske_800x800px_1.jpg\",\"datePublished\":\"2022-10-04T09:20:53+00:00\",\"dateModified\":\"2026-04-10T19:53:09+00:00\",\"description\":\"Mangler du en fin produktflaske til et h\u00e5rprodukt fra refill-pose? Se da CurlsForYou\u2019s Genopfyldelige flaske | CurlsForYou\",\"breadcrumb\":{\"@id\":\"https:\/\/curlsforyou.dk\/vare\/curlsforyou-genopfyldelig-flaske\/#breadcrumb\"},\"inLanguage\":\"sv-SE\",\"potentialAction\":[{\"@type\":\"ReadAction\",\"target\":[\"https:\/\/curlsforyou.dk\/vare\/curlsforyou-genopfyldelig-flaske\/\"]}]},{\"@type\":\"ImageObject\",\"inLanguage\":\"sv-SE\",\"@id\":\"https:\/\/curlsforyou.dk\/vare\/curlsforyou-genopfyldelig-flaske\/#primaryimage\",\"url\":\"https:\/\/curlsforyou.dk\/app\/uploads\/2022\/10\/CFY_flaske_800x800px_1.jpg\",\"contentUrl\":\"https:\/\/curlsforyou.dk\/app\/uploads\/2022\/10\/CFY_flaske_800x800px_1.jpg\",\"width\":800,\"height\":800,\"caption\":\"curlsforyou-genopfyldeligflaske-klikl\u00e5g\"},{\"@type\":\"BreadcrumbList\",\"@id\":\"https:\/\/curlsforyou.dk\/vare\/curlsforyou-genopfyldelig-flaske\/#breadcrumb\",\"itemListElement\":[{\"@type\":\"ListItem\",\"position\":1,\"name\":\"Hjem\",\"item\":\"https:\/\/curlsforyou.dk\/\"},{\"@type\":\"ListItem\",\"position\":2,\"name\":\"Shop\",\"item\":\"https:\/\/curlsforyou.dk\/shop\/\"},{\"@type\":\"ListItem\",\"position\":3,\"name\":\"CurlsForYou &#8211; Genopfyldelig flaske\"}]},{\"@type\":\"WebSite\",\"@id\":\"https:\/\/curlsforyou.dk\/#website\",\"url\":\"https:\/\/curlsforyou.dk\/\",\"name\":\"\",\"description\":\"\",\"publisher\":{\"@id\":\"https:\/\/curlsforyou.dk\/#organization\"},\"potentialAction\":[{\"@type\":\"SearchAction\",\"target\":{\"@type\":\"EntryPoint\",\"urlTemplate\":\"https:\/\/curlsforyou.dk\/?s={search_term_string}\"},\"query-input\":{\"@type\":\"PropertyValueSpecification\",\"valueRequired\":true,\"valueName\":\"search_term_string\"}}],\"inLanguage\":\"sv-SE\"},{\"@type\":\"Organization\",\"@id\":\"https:\/\/curlsforyou.dk\/#organization\",\"name\":\"CurlsForYou\",\"url\":\"https:\/\/curlsforyou.dk\/\",\"logo\":{\"@type\":\"ImageObject\",\"inLanguage\":\"sv-SE\",\"@id\":\"https:\/\/curlsforyou.dk\/#\/schema\/logo\/image\/\",\"url\":\"\",\"contentUrl\":\"\",\"caption\":\"CurlsForYou\"},\"image\":{\"@id\":\"https:\/\/curlsforyou.dk\/#\/schema\/logo\/image\/\"},\"sameAs\":[\"https:\/\/www.facebook.com\/curlsforyou\",\"https:\/\/www.instagram.com\/curlsforyou.dk\/\"]}]}<\/script>\n<!-- \/ Yoast SEO plugin. -->","yoast_head_json":{"title":"CurlsForYou Genopfyldelig flaske | CurlsForYou","description":"Mangler du en fin produktflaske til et h\u00e5rprodukt fra refill-pose? Se da CurlsForYou\u2019s Genopfyldelige flaske | CurlsForYou","robots":{"index":"index","follow":"follow","max-snippet":"max-snippet:-1","max-image-preview":"max-image-preview:large","max-video-preview":"max-video-preview:-1"},"canonical":"https:\/\/curlsforyou.dk\/se\/product\/curlsforyou-genopfyldelig-flaske\/","og_locale":"sv_SE","og_type":"article","og_title":"CurlsForYou Genopfyldelig flaske | CurlsForYou","og_description":"Mangler du en fin produktflaske til et h\u00e5rprodukt fra refill-pose? Se da CurlsForYou\u2019s Genopfyldelige flaske | CurlsForYou","og_url":"https:\/\/curlsforyou.dk\/se\/product\/curlsforyou-genopfyldelig-flaske\/","article_publisher":"https:\/\/www.facebook.com\/curlsforyou","article_modified_time":"2026-04-10T19:53:09+00:00","og_image":[{"width":800,"height":800,"url":"https:\/\/curlsforyou.dk\/app\/uploads\/2022\/10\/CFY_flaske_800x800px_1.jpg","type":"image\/jpeg"}],"twitter_card":"summary_large_image","twitter_misc":{"Ber\u00e4knad l\u00e4stid":"5 minuter"},"schema":{"@context":"https:\/\/schema.org","@graph":[{"@type":"WebPage","@id":"https:\/\/curlsforyou.dk\/vare\/curlsforyou-genopfyldelig-flaske\/","url":"https:\/\/curlsforyou.dk\/vare\/curlsforyou-genopfyldelig-flaske\/","name":"CurlsForYou Genopfyldelig flaske | CurlsForYou","isPartOf":{"@id":"https:\/\/curlsforyou.dk\/#website"},"primaryImageOfPage":{"@id":"https:\/\/curlsforyou.dk\/vare\/curlsforyou-genopfyldelig-flaske\/#primaryimage"},"image":{"@id":"https:\/\/curlsforyou.dk\/vare\/curlsforyou-genopfyldelig-flaske\/#primaryimage"},"thumbnailUrl":"https:\/\/curlsforyou.dk\/app\/uploads\/2022\/10\/CFY_flaske_800x800px_1.jpg","datePublished":"2022-10-04T09:20:53+00:00","dateModified":"2026-04-10T19:53:09+00:00","description":"Mangler du en fin produktflaske til et h\u00e5rprodukt fra refill-pose? Se da CurlsForYou\u2019s Genopfyldelige flaske | CurlsForYou","breadcrumb":{"@id":"https:\/\/curlsforyou.dk\/vare\/curlsforyou-genopfyldelig-flaske\/#breadcrumb"},"inLanguage":"sv-SE","potentialAction":[{"@type":"ReadAction","target":["https:\/\/curlsforyou.dk\/vare\/curlsforyou-genopfyldelig-flaske\/"]}]},{"@type":"ImageObject","inLanguage":"sv-SE","@id":"https:\/\/curlsforyou.dk\/vare\/curlsforyou-genopfyldelig-flaske\/#primaryimage","url":"https:\/\/curlsforyou.dk\/app\/uploads\/2022\/10\/CFY_flaske_800x800px_1.jpg","contentUrl":"https:\/\/curlsforyou.dk\/app\/uploads\/2022\/10\/CFY_flaske_800x800px_1.jpg","width":800,"height":800,"caption":"curlsforyou-genopfyldeligflaske-klikl\u00e5g"},{"@type":"BreadcrumbList","@id":"https:\/\/curlsforyou.dk\/vare\/curlsforyou-genopfyldelig-flaske\/#breadcrumb","itemListElement":[{"@type":"ListItem","position":1,"name":"Hjem","item":"https:\/\/curlsforyou.dk\/"},{"@type":"ListItem","position":2,"name":"Shop","item":"https:\/\/curlsforyou.dk\/shop\/"},{"@type":"ListItem","position":3,"name":"CurlsForYou &#8211; Genopfyldelig flaske"}]},{"@type":"WebSite","@id":"https:\/\/curlsforyou.dk\/#website","url":"https:\/\/curlsforyou.dk\/","name":"","description":"","publisher":{"@id":"https:\/\/curlsforyou.dk\/#organization"},"potentialAction":[{"@type":"SearchAction","target":{"@type":"EntryPoint","urlTemplate":"https:\/\/curlsforyou.dk\/?s={search_term_string}"},"query-input":{"@type":"PropertyValueSpecification","valueRequired":true,"valueName":"search_term_string"}}],"inLanguage":"sv-SE"},{"@type":"Organization","@id":"https:\/\/curlsforyou.dk\/#organization","name":"CurlsForYou","url":"https:\/\/curlsforyou.dk\/","logo":{"@type":"ImageObject","inLanguage":"sv-SE","@id":"https:\/\/curlsforyou.dk\/#\/schema\/logo\/image\/","url":"","contentUrl":"","caption":"CurlsForYou"},"image":{"@id":"https:\/\/curlsforyou.dk\/#\/schema\/logo\/image\/"},"sameAs":["https:\/\/www.facebook.com\/curlsforyou","https:\/\/www.instagram.com\/curlsforyou.dk\/"]}]}},"brands":[{"id":168,"name":"CurlsForYou","slug":"curlsforyou"}],"_links":{"self":[{"href":"https:\/\/curlsforyou.dk\/se\/wp-json\/wp\/v2\/product\/66172","targetHints":{"allow":["GET"]}}],"collection":[{"href":"https:\/\/curlsforyou.dk\/se\/wp-json\/wp\/v2\/product"}],"about":[{"href":"https:\/\/curlsforyou.dk\/se\/wp-json\/wp\/v2\/types\/product"}],"replies":[{"embeddable":true,"href":"https:\/\/curlsforyou.dk\/se\/wp-json\/wp\/v2\/comments?post=66172"}],"version-history":[{"count":0,"href":"https:\/\/curlsforyou.dk\/se\/wp-json\/wp\/v2\/product\/66172\/revisions"}],"wp:featuredmedia":[{"embeddable":true,"href":"https:\/\/curlsforyou.dk\/se\/wp-json\/wp\/v2\/media\/66180"}],"wp:attachment":[{"href":"https:\/\/curlsforyou.dk\/se\/wp-json\/wp\/v2\/media?parent=66172"}],"wp:term":[{"taxonomy":"pwb-brand","embeddable":true,"href":"https:\/\/curlsforyou.dk\/se\/wp-json\/wp\/v2\/pwb-brand?post=66172"},{"taxonomy":"product_brand","embeddable":true,"href":"https:\/\/curlsforyou.dk\/se\/wp-json\/wp\/v2\/product_brand?post=66172"},{"taxonomy":"product_cat","embeddable":true,"href":"https:\/\/curlsforyou.dk\/se\/wp-json\/wp\/v2\/product_cat?post=66172"},{"taxonomy":"product_tag","embeddable":true,"href":"https:\/\/curlsforyou.dk\/se\/wp-json\/wp\/v2\/product_tag?post=66172"},{"taxonomy":"giftcard-category","embeddable":true,"href":"https:\/\/curlsforyou.dk\/se\/wp-json\/wp\/v2\/giftcard-category?post=66172"}],"curies":[{"name":"wp","href":"https:\/\/api.w.org\/{rel}","templated":true}]}}