{"id":59738,"date":"2022-06-22T18:02:12","date_gmt":"2022-06-22T16:02:12","guid":{"rendered":"https:\/\/curlsforyou.dk\/?post_type=product&#038;p=59738"},"modified":"2026-05-06T11:17:42","modified_gmt":"2026-05-06T09:17:42","slug":"curls-for-you-rejse-diffuser","status":"publish","type":"product","link":"https:\/\/curlsforyou.dk\/se\/product\/curls-for-you-rejse-diffuser\/","title":{"rendered":"CurlsForYou \u2013 Rejse-diffuser"},"content":{"rendered":"<p>Er du indehaver af kr\u00f8llet h\u00e5r, er der ingen tvivl om, at f\u00f8nt\u00f8rring med diffuser vil kunne skabe sk\u00f8nne h\u00e5r-resultater for dig. En diffuser er nemlig et b\u00e5de effektivt og sk\u00e5nsomt redskab til at t\u00f8rre h\u00e5ret, men uden at tr\u00e6kke fugten ud af h\u00e5rstr\u00e5ene og skabe krus, og samtidig f\u00e5 kr\u00f8llerne til at tr\u00e6de flotte og definerede frem. Det kan dermed v\u00e6re dejligt praktisk at kunne t\u00f8rre og style sit h\u00e5r med h\u00e5rt\u00f8rrer, s\u00e5 man ikke skal afsted med v\u00e5dt h\u00e5r \u2013 og samtidig endda skabe smukke resultater.<\/p>\n<p>Det er dog ikke kun de kr\u00f8llede lokker, der kan have gl\u00e6de af en diffuser. En s\u00e5dan er nemlig god til at skabe volumen i h\u00e5ret, hvilket kan v\u00e6re nyttigt for alle h\u00e5rtyper \u2013 i b\u00e5de lange og korte versioner. Der er derfor masser af fordele at hente ved at koble en diffuser p\u00e5 sin h\u00e5rt\u00f8rrer og give sine lokker en bl\u00e6sende overhaling. Og nu kan du finde en s\u00e5dan i en praktisk rejsest\u00f8rrelse hos CurlsForYou.<\/p>\n<h2>Hvad er en diffuser, og hvorfor skal jeg bruge den?<\/h2>\n<p>For nu f\u00f8rst lige at runde, hvad en diffuser er, og hvad den skal g\u00f8re godt for, kan den beskrives som et halvstort, rundt mundstykke med pigge, der kan kobles p\u00e5 din h\u00e5rt\u00f8rrer \u2013 forudsat selvf\u00f8lgelig at de to dele passer sammen i st\u00f8rrelse. Mundstykkets udformning g\u00f8r, at du under f\u00f8nt\u00f8rringen l\u00f8fter h\u00e5ret og t\u00f8rrer det p\u00e5 en sk\u00e5nsom m\u00e5de, s\u00e5 det ikke bliver udt\u00f8rret. Netop det, at fugten bliver i h\u00e5rstr\u00e5ene, g\u00f8r diffuseren s\u00e6rligt oplagt at bruge til kr\u00f8llet eller b\u00f8lget h\u00e5r, der ellers vil have tendens til at blive kruset.<\/p>\n<p>Men alle h\u00e5rtyper kan som sagt have gavn af ekstra volumen, og her handler det ogs\u00e5 om at bruge de rette produkter i forbindelse med stylingen af h\u00e5ret. Hos CurlsForYou finder du et bredt udvalg af <a href=\"https:\/\/curlsforyou.dk\/se\/vare-kategori\/styling\/\">styling-produkter<\/a>, der kan byde ind med fordele til de forskellige h\u00e5rtyper. Derudover finder du alts\u00e5 denne rejse-diffuser, der er praktisk at bruge b\u00e5de ude og hjemme.<\/p>\n<h2>Brug rejse-diffuseren b\u00e5de til hverdag og p\u00e5 ferien<\/h2>\n<p>Den smarte, sammenklappelige diffuser fra CurlsForYou er en praktisk st\u00f8rrelse. Helt konkret m\u00e5ler den 13,5 cm i diameteren, hvorfra luften fra f\u00f8nt\u00f8rreren fordeles i dit h\u00e5r. I h\u00f8jden m\u00e5ler den 12 cm, n\u00e5r den er sl\u00e5et ud og 5 cm, n\u00e5r den er klappet sammen. Den er lavet i silikone samt udformet p\u00e5 en teleskop-lignende m\u00e5de, hvilket g\u00f8r den let og fleksibel at have med at g\u00f8re \u2013 b\u00e5de n\u00e5r den skal h\u00e5ndteres, \u201dsl\u00e5s ud\u201d, s\u00e6ttes p\u00e5 f\u00f8nt\u00f8rreren og pakkes ned i en taske.<\/p>\n<p>St\u00e5r du da og er ved at v\u00e6re klar til at <a href=\"https:\/\/curlsforyou.dk\/se\/curly-girl-metoden\/beskyt-dit-haar-paa-sommerferien\/\">tage p\u00e5 sommerferie<\/a>, weekendophold eller andet, er det alts\u00e5 ingen sag at finde plads i tasken, hvis du gerne vil have en diffuser med sammen med f\u00f8nt\u00f8rreren. Rejse-diffuseren fylder nemlig ikke meget, n\u00e5r den er klappet sammen, og den er hurtig og simpel at pakke ud og g\u00f8re klar til brug.<\/p>\n<p>At s\u00e6tte en diffuser p\u00e5 sin f\u00f8nt\u00f8rrer foruds\u00e6tter naturligvis, at de to dele passer til hinanden st\u00f8rrelsesm\u00e6ssigt. Vores rejsediffuser er som n\u00e6vnt lavet i silikone, hvilket g\u00f8r den fleksibel i forhold til at s\u00e6tte den p\u00e5 en h\u00e5rt\u00f8rrer. Dog skal de to dele stadig passe sammen st\u00f8rrelsesm\u00e6ssigt, og med et indvendigt m\u00e5l p\u00e5 5-5,5 cm i den smalle ende af diffuseren kan den som udgangspunkt kobles p\u00e5 en f\u00f8nt\u00f8rrer (med rund dyse) med en diameter p\u00e5 4-5 cm. Se billede herunder.<\/p>\n<p><a href=\"https:\/\/curlsforyou.dk\/se\/app\/uploads\/2022\/06\/Vejledning-rejse-diffuser.jpg\/\"><img fetchpriority=\"high\" decoding=\"async\" class=\"size-medium wp-image-59739 aligncenter\" src=\"https:\/\/curlsforyou.dk\/app\/uploads\/2022\/06\/Vejledning-rejse-diffuser-300x300.jpg\" alt=\"\" width=\"300\" height=\"300\" srcset=\"https:\/\/curlsforyou.dk\/app\/uploads\/2022\/06\/Vejledning-rejse-diffuser-300x300.jpg 300w, https:\/\/curlsforyou.dk\/app\/uploads\/2022\/06\/Vejledning-rejse-diffuser-600x600.jpg 600w, https:\/\/curlsforyou.dk\/app\/uploads\/2022\/06\/Vejledning-rejse-diffuser-150x150.jpg 150w, https:\/\/curlsforyou.dk\/app\/uploads\/2022\/06\/Vejledning-rejse-diffuser-768x768.jpg 768w, https:\/\/curlsforyou.dk\/app\/uploads\/2022\/06\/Vejledning-rejse-diffuser-12x12.jpg 12w, https:\/\/curlsforyou.dk\/app\/uploads\/2022\/06\/Vejledning-rejse-diffuser-100x100.jpg 100w, https:\/\/curlsforyou.dk\/app\/uploads\/2022\/06\/Vejledning-rejse-diffuser.jpg 800w\" sizes=\"(max-width: 300px) 100vw, 300px\" \/><\/a><\/p>\n<p>&nbsp;<\/p>\n<h2>Husk at beskytte dit h\u00e5r, n\u00e5r du styler h\u00e5ret med varme<\/h2>\n<p>N\u00e5r du kaster dig ud i at style dit h\u00e5r med varme \u2013 herunder alts\u00e5 f\u00f8nt\u00f8rring med diffuser, er det en rigtig god ide at beskytte h\u00e5ret med en form for heat protection, s\u00e5 h\u00e5ret ikke s\u00e5 let tager skade af varmen. Det kan for eksempel v\u00e6re en h\u00e5rspray som <a href=\"https:\/\/curlsforyou.dk\/se\/product\/curly-secret-moisturizing-protection-spray-uv-blocker\/\">Moisturizing Protection Spray<\/a>, der udover at passe p\u00e5 h\u00e5ret under varmestylingen ogs\u00e5 giver det UV-beskyttelse. Det betyder, at du ogs\u00e5 beskytter h\u00e5ret mod solens skadelige str\u00e5ler, hvilket for eksempel kan v\u00e6re et stort plus hen over sommeren. Lidt som at give dit h\u00e5r solcreme p\u00e5.<\/p>\n<p>Du kan desuden n\u00f8jes med at bruge den lave hastighed p\u00e5 f\u00f8nt\u00f8rreren, n\u00e5r du t\u00f8rrer dit h\u00e5r \u2013 s\u00e6rligt hvis du har kr\u00f8ller. P\u00e5 den m\u00e5de f\u00e5r du heller ikke bl\u00e6st alle kr\u00f8llerne ud, og du vil kunne skabe et supergodt og fyldigt resultat, hvis du vender hovedet nedad under f\u00f8nt\u00f8rringen. Alt i alt kan det siges, at det blot er at pr\u00f8ve sig frem \u2013 og med et godt v\u00e6rkt\u00f8j som en rejse-diffuser (og f\u00f8nt\u00f8rrer) har du gode betingelser for at frembringe smukke og fyldige lokker, der sidder, som de skal \u2013 uden krus.<\/p>","protected":false},"excerpt":{"rendered":"<ul>\n<li>Smart, sammenklappelig diffuser i praktisk rejsest\u00f8rrelse<\/li>\n<li>Er lavet i silikone og let at h\u00e5ndtere<\/li>\n<li>Fylder ikke meget at have med i kufferten<\/li>\n<li>Praktisk og enkel at bruge b\u00e5de i det daglige og p\u00e5 ferier<\/li>\n<li>Vi anbefaler du bruger kold luft<\/li>\n<li>M\u00e5ler 13,5 cm i diameter<\/li>\n<li>Passer til f\u00f8nt\u00f8rrer (med rund dyse) med en diameter p\u00e5 4-5 cm<\/li>\n<\/ul>","protected":false},"featured_media":60519,"comment_status":"open","ping_status":"closed","template":"","meta":[],"pwb-brand":[168],"product_brand":[],"product_cat":[145,41],"product_tag":[],"giftcard-category":[],"class_list":{"0":"post-59738","1":"product","2":"type-product","3":"status-publish","4":"has-post-thumbnail","6":"pwb-brand-curlsforyou","7":"product_cat-foen-styling-og-beskyttelse","8":"product_cat-kits","10":"first","11":"instock","12":"taxable","13":"shipping-taxable","14":"purchasable","15":"product-type-simple"},"bundled_by":[],"bundle_stock_status":"instock","bundle_stock_quantity":132,"bundle_virtual":false,"bundle_layout":"","bundle_add_to_cart_form_location":"","bundle_editable_in_cart":false,"bundle_sold_individually_context":"","bundle_item_grouping":"","bundle_min_size":"","bundle_max_size":"","bundle_price":[],"bundled_items":[],"bundle_sell_ids":[],"supplier_id":null,"supplier_sku":"","barcode":null,"atum_controlled":true,"out_stock_date":null,"out_stock_threshold":null,"inheritable":false,"inbound_stock":0,"stock_on_hold":0,"sold_today":1,"sales_last_days":7,"reserved_stock":0,"customer_returns":0,"warehouse_damage":0,"lost_in_post":0,"other_logs":0,"out_stock_days":0,"lost_sales":0,"has_location":false,"update_date":"2026-05-06T09:24:25","atum_locations":[],"atum_stock_status":"instock","restock_status":false,"low_stock_amount":"","sales_update_date":"2026-05-06T09:24:22","calc_backorders":null,"yoast_head":"<!-- This site is optimized with the Yoast SEO plugin v25.6 - https:\/\/yoast.com\/wordpress\/plugins\/seo\/ -->\n<title>CurlsForYou \u2013 praktisk rejse-diffuser<\/title>\n<meta name=\"description\" content=\"Skab mere fylde i dit h\u00e5r og dine kr\u00f8ller p\u00e5 ferien ved hj\u00e6lp af sk\u00e5nsom f\u00f8nt\u00f8rring med rejse-diffuser fra CurlsForYou\" \/>\n<meta name=\"robots\" content=\"index, follow, max-snippet:-1, max-image-preview:large, max-video-preview:-1\" \/>\n<link rel=\"canonical\" href=\"https:\/\/curlsforyou.dk\/se\/product\/curls-for-you-rejse-diffuser\/\" \/>\n<meta property=\"og:locale\" content=\"sv_SE\" \/>\n<meta property=\"og:type\" content=\"article\" \/>\n<meta property=\"og:title\" content=\"CurlsForYou \u2013 praktisk rejse-diffuser\" \/>\n<meta property=\"og:description\" content=\"Skab mere fylde i dit h\u00e5r og dine kr\u00f8ller p\u00e5 ferien ved hj\u00e6lp af sk\u00e5nsom f\u00f8nt\u00f8rring med rejse-diffuser fra CurlsForYou\" \/>\n<meta property=\"og:url\" content=\"https:\/\/curlsforyou.dk\/se\/product\/curls-for-you-rejse-diffuser\/\" \/>\n<meta property=\"article:publisher\" content=\"https:\/\/www.facebook.com\/curlsforyou\" \/>\n<meta property=\"article:modified_time\" content=\"2026-05-06T09:17:42+00:00\" \/>\n<meta property=\"og:image\" content=\"https:\/\/curlsforyou.dk\/app\/uploads\/2022\/06\/rejse_diffuser_800x800px_5.jpg\" \/>\n\t<meta property=\"og:image:width\" content=\"800\" \/>\n\t<meta property=\"og:image:height\" content=\"800\" \/>\n\t<meta property=\"og:image:type\" content=\"image\/jpeg\" \/>\n<meta name=\"twitter:card\" content=\"summary_large_image\" \/>\n<meta name=\"twitter:label1\" content=\"Ber\u00e4knad l\u00e4stid\" \/>\n\t<meta name=\"twitter:data1\" content=\"5 minuter\" \/>\n<script type=\"application\/ld+json\" class=\"yoast-schema-graph\">{\"@context\":\"https:\/\/schema.org\",\"@graph\":[{\"@type\":\"WebPage\",\"@id\":\"https:\/\/curlsforyou.dk\/vare\/curls-for-you-rejse-diffuser\/\",\"url\":\"https:\/\/curlsforyou.dk\/vare\/curls-for-you-rejse-diffuser\/\",\"name\":\"CurlsForYou \u2013 praktisk rejse-diffuser\",\"isPartOf\":{\"@id\":\"https:\/\/curlsforyou.dk\/#website\"},\"primaryImageOfPage\":{\"@id\":\"https:\/\/curlsforyou.dk\/vare\/curls-for-you-rejse-diffuser\/#primaryimage\"},\"image\":{\"@id\":\"https:\/\/curlsforyou.dk\/vare\/curls-for-you-rejse-diffuser\/#primaryimage\"},\"thumbnailUrl\":\"https:\/\/curlsforyou.dk\/app\/uploads\/2022\/06\/rejse_diffuser_800x800px_5.jpg\",\"datePublished\":\"2022-06-22T16:02:12+00:00\",\"dateModified\":\"2026-05-06T09:17:42+00:00\",\"description\":\"Skab mere fylde i dit h\u00e5r og dine kr\u00f8ller p\u00e5 ferien ved hj\u00e6lp af sk\u00e5nsom f\u00f8nt\u00f8rring med rejse-diffuser fra CurlsForYou\",\"breadcrumb\":{\"@id\":\"https:\/\/curlsforyou.dk\/vare\/curls-for-you-rejse-diffuser\/#breadcrumb\"},\"inLanguage\":\"sv-SE\",\"potentialAction\":[{\"@type\":\"ReadAction\",\"target\":[\"https:\/\/curlsforyou.dk\/vare\/curls-for-you-rejse-diffuser\/\"]}]},{\"@type\":\"ImageObject\",\"inLanguage\":\"sv-SE\",\"@id\":\"https:\/\/curlsforyou.dk\/vare\/curls-for-you-rejse-diffuser\/#primaryimage\",\"url\":\"https:\/\/curlsforyou.dk\/app\/uploads\/2022\/06\/rejse_diffuser_800x800px_5.jpg\",\"contentUrl\":\"https:\/\/curlsforyou.dk\/app\/uploads\/2022\/06\/rejse_diffuser_800x800px_5.jpg\",\"width\":800,\"height\":800},{\"@type\":\"BreadcrumbList\",\"@id\":\"https:\/\/curlsforyou.dk\/vare\/curls-for-you-rejse-diffuser\/#breadcrumb\",\"itemListElement\":[{\"@type\":\"ListItem\",\"position\":1,\"name\":\"Hjem\",\"item\":\"https:\/\/curlsforyou.dk\/\"},{\"@type\":\"ListItem\",\"position\":2,\"name\":\"Shop\",\"item\":\"https:\/\/curlsforyou.dk\/shop\/\"},{\"@type\":\"ListItem\",\"position\":3,\"name\":\"CurlsForYou \u2013 Rejse-diffuser\"}]},{\"@type\":\"WebSite\",\"@id\":\"https:\/\/curlsforyou.dk\/#website\",\"url\":\"https:\/\/curlsforyou.dk\/\",\"name\":\"\",\"description\":\"\",\"publisher\":{\"@id\":\"https:\/\/curlsforyou.dk\/#organization\"},\"potentialAction\":[{\"@type\":\"SearchAction\",\"target\":{\"@type\":\"EntryPoint\",\"urlTemplate\":\"https:\/\/curlsforyou.dk\/?s={search_term_string}\"},\"query-input\":{\"@type\":\"PropertyValueSpecification\",\"valueRequired\":true,\"valueName\":\"search_term_string\"}}],\"inLanguage\":\"sv-SE\"},{\"@type\":\"Organization\",\"@id\":\"https:\/\/curlsforyou.dk\/#organization\",\"name\":\"CurlsForYou\",\"url\":\"https:\/\/curlsforyou.dk\/\",\"logo\":{\"@type\":\"ImageObject\",\"inLanguage\":\"sv-SE\",\"@id\":\"https:\/\/curlsforyou.dk\/#\/schema\/logo\/image\/\",\"url\":\"\",\"contentUrl\":\"\",\"caption\":\"CurlsForYou\"},\"image\":{\"@id\":\"https:\/\/curlsforyou.dk\/#\/schema\/logo\/image\/\"},\"sameAs\":[\"https:\/\/www.facebook.com\/curlsforyou\",\"https:\/\/www.instagram.com\/curlsforyou.dk\/\"]}]}<\/script>\n<!-- \/ Yoast SEO plugin. -->","yoast_head_json":{"title":"CurlsForYou \u2013 praktisk rejse-diffuser","description":"Skab mere fylde i dit h\u00e5r og dine kr\u00f8ller p\u00e5 ferien ved hj\u00e6lp af sk\u00e5nsom f\u00f8nt\u00f8rring med rejse-diffuser fra CurlsForYou","robots":{"index":"index","follow":"follow","max-snippet":"max-snippet:-1","max-image-preview":"max-image-preview:large","max-video-preview":"max-video-preview:-1"},"canonical":"https:\/\/curlsforyou.dk\/se\/product\/curls-for-you-rejse-diffuser\/","og_locale":"sv_SE","og_type":"article","og_title":"CurlsForYou \u2013 praktisk rejse-diffuser","og_description":"Skab mere fylde i dit h\u00e5r og dine kr\u00f8ller p\u00e5 ferien ved hj\u00e6lp af sk\u00e5nsom f\u00f8nt\u00f8rring med rejse-diffuser fra CurlsForYou","og_url":"https:\/\/curlsforyou.dk\/se\/product\/curls-for-you-rejse-diffuser\/","article_publisher":"https:\/\/www.facebook.com\/curlsforyou","article_modified_time":"2026-05-06T09:17:42+00:00","og_image":[{"width":800,"height":800,"url":"https:\/\/curlsforyou.dk\/app\/uploads\/2022\/06\/rejse_diffuser_800x800px_5.jpg","type":"image\/jpeg"}],"twitter_card":"summary_large_image","twitter_misc":{"Ber\u00e4knad l\u00e4stid":"5 minuter"},"schema":{"@context":"https:\/\/schema.org","@graph":[{"@type":"WebPage","@id":"https:\/\/curlsforyou.dk\/vare\/curls-for-you-rejse-diffuser\/","url":"https:\/\/curlsforyou.dk\/vare\/curls-for-you-rejse-diffuser\/","name":"CurlsForYou \u2013 praktisk rejse-diffuser","isPartOf":{"@id":"https:\/\/curlsforyou.dk\/#website"},"primaryImageOfPage":{"@id":"https:\/\/curlsforyou.dk\/vare\/curls-for-you-rejse-diffuser\/#primaryimage"},"image":{"@id":"https:\/\/curlsforyou.dk\/vare\/curls-for-you-rejse-diffuser\/#primaryimage"},"thumbnailUrl":"https:\/\/curlsforyou.dk\/app\/uploads\/2022\/06\/rejse_diffuser_800x800px_5.jpg","datePublished":"2022-06-22T16:02:12+00:00","dateModified":"2026-05-06T09:17:42+00:00","description":"Skab mere fylde i dit h\u00e5r og dine kr\u00f8ller p\u00e5 ferien ved hj\u00e6lp af sk\u00e5nsom f\u00f8nt\u00f8rring med rejse-diffuser fra CurlsForYou","breadcrumb":{"@id":"https:\/\/curlsforyou.dk\/vare\/curls-for-you-rejse-diffuser\/#breadcrumb"},"inLanguage":"sv-SE","potentialAction":[{"@type":"ReadAction","target":["https:\/\/curlsforyou.dk\/vare\/curls-for-you-rejse-diffuser\/"]}]},{"@type":"ImageObject","inLanguage":"sv-SE","@id":"https:\/\/curlsforyou.dk\/vare\/curls-for-you-rejse-diffuser\/#primaryimage","url":"https:\/\/curlsforyou.dk\/app\/uploads\/2022\/06\/rejse_diffuser_800x800px_5.jpg","contentUrl":"https:\/\/curlsforyou.dk\/app\/uploads\/2022\/06\/rejse_diffuser_800x800px_5.jpg","width":800,"height":800},{"@type":"BreadcrumbList","@id":"https:\/\/curlsforyou.dk\/vare\/curls-for-you-rejse-diffuser\/#breadcrumb","itemListElement":[{"@type":"ListItem","position":1,"name":"Hjem","item":"https:\/\/curlsforyou.dk\/"},{"@type":"ListItem","position":2,"name":"Shop","item":"https:\/\/curlsforyou.dk\/shop\/"},{"@type":"ListItem","position":3,"name":"CurlsForYou \u2013 Rejse-diffuser"}]},{"@type":"WebSite","@id":"https:\/\/curlsforyou.dk\/#website","url":"https:\/\/curlsforyou.dk\/","name":"","description":"","publisher":{"@id":"https:\/\/curlsforyou.dk\/#organization"},"potentialAction":[{"@type":"SearchAction","target":{"@type":"EntryPoint","urlTemplate":"https:\/\/curlsforyou.dk\/?s={search_term_string}"},"query-input":{"@type":"PropertyValueSpecification","valueRequired":true,"valueName":"search_term_string"}}],"inLanguage":"sv-SE"},{"@type":"Organization","@id":"https:\/\/curlsforyou.dk\/#organization","name":"CurlsForYou","url":"https:\/\/curlsforyou.dk\/","logo":{"@type":"ImageObject","inLanguage":"sv-SE","@id":"https:\/\/curlsforyou.dk\/#\/schema\/logo\/image\/","url":"","contentUrl":"","caption":"CurlsForYou"},"image":{"@id":"https:\/\/curlsforyou.dk\/#\/schema\/logo\/image\/"},"sameAs":["https:\/\/www.facebook.com\/curlsforyou","https:\/\/www.instagram.com\/curlsforyou.dk\/"]}]}},"brands":[{"id":168,"name":"CurlsForYou","slug":"curlsforyou"}],"_links":{"self":[{"href":"https:\/\/curlsforyou.dk\/se\/wp-json\/wp\/v2\/product\/59738","targetHints":{"allow":["GET"]}}],"collection":[{"href":"https:\/\/curlsforyou.dk\/se\/wp-json\/wp\/v2\/product"}],"about":[{"href":"https:\/\/curlsforyou.dk\/se\/wp-json\/wp\/v2\/types\/product"}],"replies":[{"embeddable":true,"href":"https:\/\/curlsforyou.dk\/se\/wp-json\/wp\/v2\/comments?post=59738"}],"version-history":[{"count":0,"href":"https:\/\/curlsforyou.dk\/se\/wp-json\/wp\/v2\/product\/59738\/revisions"}],"wp:featuredmedia":[{"embeddable":true,"href":"https:\/\/curlsforyou.dk\/se\/wp-json\/wp\/v2\/media\/60519"}],"wp:attachment":[{"href":"https:\/\/curlsforyou.dk\/se\/wp-json\/wp\/v2\/media?parent=59738"}],"wp:term":[{"taxonomy":"pwb-brand","embeddable":true,"href":"https:\/\/curlsforyou.dk\/se\/wp-json\/wp\/v2\/pwb-brand?post=59738"},{"taxonomy":"product_brand","embeddable":true,"href":"https:\/\/curlsforyou.dk\/se\/wp-json\/wp\/v2\/product_brand?post=59738"},{"taxonomy":"product_cat","embeddable":true,"href":"https:\/\/curlsforyou.dk\/se\/wp-json\/wp\/v2\/product_cat?post=59738"},{"taxonomy":"product_tag","embeddable":true,"href":"https:\/\/curlsforyou.dk\/se\/wp-json\/wp\/v2\/product_tag?post=59738"},{"taxonomy":"giftcard-category","embeddable":true,"href":"https:\/\/curlsforyou.dk\/se\/wp-json\/wp\/v2\/giftcard-category?post=59738"}],"curies":[{"name":"wp","href":"https:\/\/api.w.org\/{rel}","templated":true}]}}