{"id":53458,"date":"2022-03-18T16:22:53","date_gmt":"2022-03-18T15:22:53","guid":{"rendered":"https:\/\/curlsforyou.dk\/?post_type=product&#038;p=53458"},"modified":"2026-01-26T16:32:21","modified_gmt":"2026-01-26T15:32:21","slug":"curlsforyou-strikhue","status":"publish","type":"product","link":"https:\/\/curlsforyou.dk\/se\/product\/curlsforyou-strikhue\/","title":{"rendered":"CurlsForYou &#8211; Strikhue"},"content":{"rendered":"<p>Uanset om det er det tidlige for\u00e5r, begyndende efter\u00e5r eller egentlig vinter, kan man f\u00e5 brug for en hue til at beskytte \u00f8rerne og varme hovedet, n\u00e5r man begiver sig ud i bl\u00e6sende og\/eller koldt vejr, der m\u00e5ske ogs\u00e5 er fyldt med blandet nedb\u00f8r. Men noget, man m\u00e5ske ikke t\u00e6nker s\u00e5 meget over, er, at en hue faktisk ogs\u00e5 har en beskyttende effekt for h\u00e5ret samt en praktisk virkning, idet huen b\u00e5de giver l\u00e6 for kulde og vejrlig og kan hj\u00e6lpe med at holde lidt styr p\u00e5 lokkerne ude i den begyndende efter\u00e5rsstorm eller det fremherskende vintervejr.<\/p>\n<p>En hue kan med andre ord v\u00e6re b\u00e5de praktisk og gavnlig for flere ting, og med denne l\u00e6kre strikhue fra CurlsForYou er du tilmed d\u00e6kket godt ind, n\u00e5r du gerne vil tr\u00e6kke noget smart og samtidig beskyttende p\u00e5 hovedet. Huen, der f\u00e5s i seks sk\u00f8nne, forskellige farver, er desuden foret med satin, der giver dig en oplevelse af ekstra velbehag, n\u00e5r du har den p\u00e5. Samtidig virker det glatte f\u00f3r ogs\u00e5 ekstra beskyttende p\u00e5 naturlige kr\u00f8ller, s\u00e5 de ikke tager skade og bliver slidt af, at du tager en hue p\u00e5 hovedet. Det er lidt det samme princip som at bruge et <a href=\"https:\/\/curlsforyou.dk\/se\/product\/curlsforyou-silke-pudebetraek\/\">pudebetr\u00e6k af silke<\/a> til hovedpuden for ikke at slide p\u00e5 kr\u00f8llerne om natten.<\/p>\n<h2>En sk\u00f8n hue i enten koksgr\u00e5, karrygul, sort, gr\u00f8n, r\u00f8d, hvid eller creme-farve<\/h2>\n<p>Med huen her kan du alts\u00e5 roligt holde hovedet varmt, n\u00e5r du er ude i vejret, med god samvittighed over for dine naturligt kr\u00f8llede lokker. Det glatte satinfor g\u00f8r nemlig, at dit h\u00e5r meget lettere glider i stedet for at blive udsat for en masse slid og friktion. Foret vil alts\u00e5 modvirke knudret og filtret h\u00e5r samt hj\u00e6lpe med at holde dine kr\u00f8ller samlede og smukke.<\/p>\n<p>Samtidig med at det luner s\u00e5 dejligt at tr\u00e6kke en hue p\u00e5 hovedet i selv klart og solrigt \u2013 men frisk og m\u00e5ske bl\u00e6sende \u2013 for\u00e5rsvejr, er det dejligt at vide, at man ogs\u00e5 beskytter sit h\u00e5r mod vejr, kulde, vind og nedb\u00f8r. Alle disse er nemlig omst\u00e6ndigheder, der kan v\u00e6re med til at skade og udt\u00f8rre is\u00e6r naturligt kr\u00f8llet h\u00e5r og g\u00f8re det udfordrende at holde styr p\u00e5 lokkerne. Du kan l\u00e6se mere om vinterlige udfordringer for h\u00e5ret samt gode bud p\u00e5, hvordan man beskytter det over de koldere m\u00e5neder, i vores <a href=\"https:\/\/curlsforyou.dk\/se\/curly-girl-metoden\/pleje-af-kroeller-i-vintermaanederne-hold-haaret-sundt-i-kulden\/\">blogindl\u00e6g her<\/a>.<\/p>\n<h2>Giv en lun og l\u00e6kker hue i gave<\/h2>\n<p>Kender du en, der kunne t\u00e6nkes at f\u00e5 gl\u00e6de af en dejligt lun og sk\u00f8n strikhue \u2013 m\u00e5ske en, der har h\u00e5ret fuldt af kr\u00f8ller? Da kunne huen fra CurlsForYou bestemt v\u00e6re en oplagt gaveid\u00e9. Og det er ikke, fordi man beh\u00f8ver at have kr\u00f8ller for at kunne nyde kvaliteten af strikhuen med det l\u00e6kre, bl\u00f8de og glatte inderbetr\u00e6k i satin \u2013 det er blot en luksusf\u00f8lelse, der er alle hoved- og h\u00e5rtyper forundt. Samtidig er huen naturligvis ens bedste ven p\u00e5 hovedet, n\u00e5r man er ude i friskt, koldt vejr \u2013 og s\u00e5 giver hovedbekl\u00e6dningen et sk\u00f8nt touch til ens samlede look.<\/p>\n<p>S\u00e5 st\u00e5r du og mangler en smart og rar gave til en, du holder af, vil en hue som denne altid v\u00e6re en varm tanke fra dig til gavemodtageren til de koldere tider. Og selv hvis det ikke just er hue-s\u00e6son, vil den v\u00e6re god at have liggende klar, til n\u00e5r de f\u00f8rste efter\u00e5rstegn og kolde vinde begynder at vise sig igen hen p\u00e5 \u00e5ret. Derudover er huen moderigtig samt i en ordentlig kvalitet, der holder \u2013 \u00e5r efter \u00e5r.<\/p>\n<h2>Mange andre l\u00e6kre produkter til gave eller dig selv hos CurlsForYou<\/h2>\n<p>Hos CurlsForYou kan du finde mange andre sp\u00e6ndende og l\u00e6kre produkter, som du kan bruge til gave \u2013 eller blot fork\u00e6le dig selv med. Det er h\u00e5rplejeprodukter, du finder et bredt udvalg af hos os, og s\u00e6rligt hvis du har naturlige kr\u00f8ller, er der masser af fordele at hente her. Vi g\u00e5r nemlig op i ordentlig pleje af h\u00e5r \u2013 og kr\u00f8ller, som vi synes har fortjent alt det bedste.<\/p>\n<p>Det betyder, at vi udelukkende f\u00f8rer produkter, der er <a href=\"https:\/\/curlsforyou.dk\/se\/curly-girl-metoden\/curly-girl-metoden\/\">Curly Girl-venlige<\/a>, og som derfor ikke er fyldt med uhensigtsm\u00e6ssige ingredienser, der p\u00e5 sigt blot skader h\u00e5ret. Til geng\u00e6ld er der masser af sunde og n\u00e6rende elementer at finde i produkterne, som dermed giver dit h\u00e5r alt det, som det har brug for, for at det trives og er i sin naturlige balance. Det er noget, som is\u00e6r naturlige kr\u00f8ller vil tage imod med kysh\u00e5nd. S\u00e5 har du selv kr\u00f8ller, eller kender du en, der har, er der masser af muligheder for at finde fork\u00e6lelse til de snoede lokker. S\u00e5 de kan folde sig smukt og naturligt ud som de sk\u00f8nne kr\u00f8ller, de er.<\/p>","protected":false},"excerpt":{"rendered":"<ul>\n<li>L\u00e6kker strikhue til de kolde tider<\/li>\n<li>Satinforet for ekstra beskyttelse<\/li>\n<li>F\u00e5s i farverne creme, karrygul, gr\u00f8n og hvid.<\/li>\n<li>Beskytter h\u00e5ret mod vind og vejr<\/li>\n<\/ul>","protected":false},"featured_media":112419,"comment_status":"open","ping_status":"closed","template":"","meta":[],"pwb-brand":[168],"product_brand":[],"product_cat":[145],"product_tag":[],"giftcard-category":[],"class_list":{"0":"post-53458","1":"product","2":"type-product","3":"status-publish","4":"has-post-thumbnail","6":"pwb-brand-curlsforyou","7":"product_cat-foen-styling-og-beskyttelse","9":"first","10":"outofstock","11":"taxable","12":"shipping-taxable","13":"purchasable","14":"product-type-variable"},"bundled_by":[],"bundle_stock_status":"outofstock","bundle_stock_quantity":null,"bundle_virtual":false,"bundle_layout":"","bundle_add_to_cart_form_location":"","bundle_editable_in_cart":false,"bundle_sold_individually_context":"","bundle_item_grouping":"","bundle_min_size":"","bundle_max_size":"","bundle_price":[],"bundled_items":[],"bundle_sell_ids":[],"supplier_id":null,"supplier_sku":"","barcode":null,"atum_controlled":true,"out_stock_date":null,"out_stock_threshold":null,"inheritable":true,"inbound_stock":0,"stock_on_hold":0,"sold_today":0,"sales_last_days":0,"reserved_stock":0,"customer_returns":0,"warehouse_damage":0,"lost_in_post":0,"other_logs":0,"out_stock_days":0,"lost_sales":0,"has_location":false,"update_date":"2026-05-08T11:24:05","atum_locations":[],"atum_stock_status":"outofstock","restock_status":false,"low_stock_amount":"","sales_update_date":"2026-05-08T11:24:05","calc_backorders":null,"yoast_head":"<!-- This site is optimized with the Yoast SEO plugin v25.6 - https:\/\/yoast.com\/wordpress\/plugins\/seo\/ -->\n<title>L\u00e6kker strikhue med satinfor | CurlsForYou<\/title>\n<meta name=\"description\" content=\"Ny hue? Pr\u00f8v en smart og l\u00e6kker strikhue med satinfor, der passer ekstra p\u00e5 dine kr\u00f8ller. Find den hos CurlsForYou\" \/>\n<meta name=\"robots\" content=\"index, follow, max-snippet:-1, max-image-preview:large, max-video-preview:-1\" \/>\n<link rel=\"canonical\" href=\"https:\/\/curlsforyou.dk\/se\/product\/curlsforyou-strikhue\/\" \/>\n<meta property=\"og:locale\" content=\"sv_SE\" \/>\n<meta property=\"og:type\" content=\"article\" \/>\n<meta property=\"og:title\" content=\"L\u00e6kker strikhue med satinfor | CurlsForYou\" \/>\n<meta property=\"og:description\" content=\"Ny hue? Pr\u00f8v en smart og l\u00e6kker strikhue med satinfor, der passer ekstra p\u00e5 dine kr\u00f8ller. Find den hos CurlsForYou\" \/>\n<meta property=\"og:url\" content=\"https:\/\/curlsforyou.dk\/se\/product\/curlsforyou-strikhue\/\" \/>\n<meta property=\"article:publisher\" content=\"https:\/\/www.facebook.com\/curlsforyou\" \/>\n<meta property=\"article:modified_time\" content=\"2026-01-26T15:32:21+00:00\" \/>\n<meta property=\"og:image\" content=\"https:\/\/curlsforyou.dk\/app\/uploads\/2022\/03\/Karrygul-hue.png\" \/>\n\t<meta property=\"og:image:width\" content=\"800\" \/>\n\t<meta property=\"og:image:height\" content=\"800\" \/>\n\t<meta property=\"og:image:type\" content=\"image\/png\" \/>\n<meta name=\"twitter:card\" content=\"summary_large_image\" \/>\n<meta name=\"twitter:label1\" content=\"Ber\u00e4knad l\u00e4stid\" \/>\n\t<meta name=\"twitter:data1\" content=\"5 minuter\" \/>\n<script type=\"application\/ld+json\" class=\"yoast-schema-graph\">{\"@context\":\"https:\/\/schema.org\",\"@graph\":[{\"@type\":\"WebPage\",\"@id\":\"https:\/\/curlsforyou.dk\/vare\/curlsforyou-strikhue\/\",\"url\":\"https:\/\/curlsforyou.dk\/vare\/curlsforyou-strikhue\/\",\"name\":\"L\u00e6kker strikhue med satinfor | CurlsForYou\",\"isPartOf\":{\"@id\":\"https:\/\/curlsforyou.dk\/#website\"},\"primaryImageOfPage\":{\"@id\":\"https:\/\/curlsforyou.dk\/vare\/curlsforyou-strikhue\/#primaryimage\"},\"image\":{\"@id\":\"https:\/\/curlsforyou.dk\/vare\/curlsforyou-strikhue\/#primaryimage\"},\"thumbnailUrl\":\"https:\/\/curlsforyou.dk\/app\/uploads\/2022\/03\/Karrygul-hue.png\",\"datePublished\":\"2022-03-18T15:22:53+00:00\",\"dateModified\":\"2026-01-26T15:32:21+00:00\",\"description\":\"Ny hue? Pr\u00f8v en smart og l\u00e6kker strikhue med satinfor, der passer ekstra p\u00e5 dine kr\u00f8ller. Find den hos CurlsForYou\",\"breadcrumb\":{\"@id\":\"https:\/\/curlsforyou.dk\/vare\/curlsforyou-strikhue\/#breadcrumb\"},\"inLanguage\":\"sv-SE\",\"potentialAction\":[{\"@type\":\"ReadAction\",\"target\":[\"https:\/\/curlsforyou.dk\/vare\/curlsforyou-strikhue\/\"]}]},{\"@type\":\"ImageObject\",\"inLanguage\":\"sv-SE\",\"@id\":\"https:\/\/curlsforyou.dk\/vare\/curlsforyou-strikhue\/#primaryimage\",\"url\":\"https:\/\/curlsforyou.dk\/app\/uploads\/2022\/03\/Karrygul-hue.png\",\"contentUrl\":\"https:\/\/curlsforyou.dk\/app\/uploads\/2022\/03\/Karrygul-hue.png\",\"width\":800,\"height\":800},{\"@type\":\"BreadcrumbList\",\"@id\":\"https:\/\/curlsforyou.dk\/vare\/curlsforyou-strikhue\/#breadcrumb\",\"itemListElement\":[{\"@type\":\"ListItem\",\"position\":1,\"name\":\"Hjem\",\"item\":\"https:\/\/curlsforyou.dk\/\"},{\"@type\":\"ListItem\",\"position\":2,\"name\":\"Shop\",\"item\":\"https:\/\/curlsforyou.dk\/shop\/\"},{\"@type\":\"ListItem\",\"position\":3,\"name\":\"CurlsForYou &#8211; Strikhue\"}]},{\"@type\":\"WebSite\",\"@id\":\"https:\/\/curlsforyou.dk\/#website\",\"url\":\"https:\/\/curlsforyou.dk\/\",\"name\":\"\",\"description\":\"\",\"publisher\":{\"@id\":\"https:\/\/curlsforyou.dk\/#organization\"},\"potentialAction\":[{\"@type\":\"SearchAction\",\"target\":{\"@type\":\"EntryPoint\",\"urlTemplate\":\"https:\/\/curlsforyou.dk\/?s={search_term_string}\"},\"query-input\":{\"@type\":\"PropertyValueSpecification\",\"valueRequired\":true,\"valueName\":\"search_term_string\"}}],\"inLanguage\":\"sv-SE\"},{\"@type\":\"Organization\",\"@id\":\"https:\/\/curlsforyou.dk\/#organization\",\"name\":\"CurlsForYou\",\"url\":\"https:\/\/curlsforyou.dk\/\",\"logo\":{\"@type\":\"ImageObject\",\"inLanguage\":\"sv-SE\",\"@id\":\"https:\/\/curlsforyou.dk\/#\/schema\/logo\/image\/\",\"url\":\"\",\"contentUrl\":\"\",\"caption\":\"CurlsForYou\"},\"image\":{\"@id\":\"https:\/\/curlsforyou.dk\/#\/schema\/logo\/image\/\"},\"sameAs\":[\"https:\/\/www.facebook.com\/curlsforyou\",\"https:\/\/www.instagram.com\/curlsforyou.dk\/\"]}]}<\/script>\n<!-- \/ Yoast SEO plugin. -->","yoast_head_json":{"title":"L\u00e6kker strikhue med satinfor | CurlsForYou","description":"Ny hue? Pr\u00f8v en smart og l\u00e6kker strikhue med satinfor, der passer ekstra p\u00e5 dine kr\u00f8ller. Find den hos CurlsForYou","robots":{"index":"index","follow":"follow","max-snippet":"max-snippet:-1","max-image-preview":"max-image-preview:large","max-video-preview":"max-video-preview:-1"},"canonical":"https:\/\/curlsforyou.dk\/se\/product\/curlsforyou-strikhue\/","og_locale":"sv_SE","og_type":"article","og_title":"L\u00e6kker strikhue med satinfor | CurlsForYou","og_description":"Ny hue? Pr\u00f8v en smart og l\u00e6kker strikhue med satinfor, der passer ekstra p\u00e5 dine kr\u00f8ller. Find den hos CurlsForYou","og_url":"https:\/\/curlsforyou.dk\/se\/product\/curlsforyou-strikhue\/","article_publisher":"https:\/\/www.facebook.com\/curlsforyou","article_modified_time":"2026-01-26T15:32:21+00:00","og_image":[{"width":800,"height":800,"url":"https:\/\/curlsforyou.dk\/app\/uploads\/2022\/03\/Karrygul-hue.png","type":"image\/png"}],"twitter_card":"summary_large_image","twitter_misc":{"Ber\u00e4knad l\u00e4stid":"5 minuter"},"schema":{"@context":"https:\/\/schema.org","@graph":[{"@type":"WebPage","@id":"https:\/\/curlsforyou.dk\/vare\/curlsforyou-strikhue\/","url":"https:\/\/curlsforyou.dk\/vare\/curlsforyou-strikhue\/","name":"L\u00e6kker strikhue med satinfor | CurlsForYou","isPartOf":{"@id":"https:\/\/curlsforyou.dk\/#website"},"primaryImageOfPage":{"@id":"https:\/\/curlsforyou.dk\/vare\/curlsforyou-strikhue\/#primaryimage"},"image":{"@id":"https:\/\/curlsforyou.dk\/vare\/curlsforyou-strikhue\/#primaryimage"},"thumbnailUrl":"https:\/\/curlsforyou.dk\/app\/uploads\/2022\/03\/Karrygul-hue.png","datePublished":"2022-03-18T15:22:53+00:00","dateModified":"2026-01-26T15:32:21+00:00","description":"Ny hue? Pr\u00f8v en smart og l\u00e6kker strikhue med satinfor, der passer ekstra p\u00e5 dine kr\u00f8ller. Find den hos CurlsForYou","breadcrumb":{"@id":"https:\/\/curlsforyou.dk\/vare\/curlsforyou-strikhue\/#breadcrumb"},"inLanguage":"sv-SE","potentialAction":[{"@type":"ReadAction","target":["https:\/\/curlsforyou.dk\/vare\/curlsforyou-strikhue\/"]}]},{"@type":"ImageObject","inLanguage":"sv-SE","@id":"https:\/\/curlsforyou.dk\/vare\/curlsforyou-strikhue\/#primaryimage","url":"https:\/\/curlsforyou.dk\/app\/uploads\/2022\/03\/Karrygul-hue.png","contentUrl":"https:\/\/curlsforyou.dk\/app\/uploads\/2022\/03\/Karrygul-hue.png","width":800,"height":800},{"@type":"BreadcrumbList","@id":"https:\/\/curlsforyou.dk\/vare\/curlsforyou-strikhue\/#breadcrumb","itemListElement":[{"@type":"ListItem","position":1,"name":"Hjem","item":"https:\/\/curlsforyou.dk\/"},{"@type":"ListItem","position":2,"name":"Shop","item":"https:\/\/curlsforyou.dk\/shop\/"},{"@type":"ListItem","position":3,"name":"CurlsForYou &#8211; Strikhue"}]},{"@type":"WebSite","@id":"https:\/\/curlsforyou.dk\/#website","url":"https:\/\/curlsforyou.dk\/","name":"","description":"","publisher":{"@id":"https:\/\/curlsforyou.dk\/#organization"},"potentialAction":[{"@type":"SearchAction","target":{"@type":"EntryPoint","urlTemplate":"https:\/\/curlsforyou.dk\/?s={search_term_string}"},"query-input":{"@type":"PropertyValueSpecification","valueRequired":true,"valueName":"search_term_string"}}],"inLanguage":"sv-SE"},{"@type":"Organization","@id":"https:\/\/curlsforyou.dk\/#organization","name":"CurlsForYou","url":"https:\/\/curlsforyou.dk\/","logo":{"@type":"ImageObject","inLanguage":"sv-SE","@id":"https:\/\/curlsforyou.dk\/#\/schema\/logo\/image\/","url":"","contentUrl":"","caption":"CurlsForYou"},"image":{"@id":"https:\/\/curlsforyou.dk\/#\/schema\/logo\/image\/"},"sameAs":["https:\/\/www.facebook.com\/curlsforyou","https:\/\/www.instagram.com\/curlsforyou.dk\/"]}]}},"brands":[{"id":168,"name":"CurlsForYou","slug":"curlsforyou"}],"_links":{"self":[{"href":"https:\/\/curlsforyou.dk\/se\/wp-json\/wp\/v2\/product\/53458","targetHints":{"allow":["GET"]}}],"collection":[{"href":"https:\/\/curlsforyou.dk\/se\/wp-json\/wp\/v2\/product"}],"about":[{"href":"https:\/\/curlsforyou.dk\/se\/wp-json\/wp\/v2\/types\/product"}],"replies":[{"embeddable":true,"href":"https:\/\/curlsforyou.dk\/se\/wp-json\/wp\/v2\/comments?post=53458"}],"version-history":[{"count":0,"href":"https:\/\/curlsforyou.dk\/se\/wp-json\/wp\/v2\/product\/53458\/revisions"}],"wp:featuredmedia":[{"embeddable":true,"href":"https:\/\/curlsforyou.dk\/se\/wp-json\/wp\/v2\/media\/112419"}],"wp:attachment":[{"href":"https:\/\/curlsforyou.dk\/se\/wp-json\/wp\/v2\/media?parent=53458"}],"wp:term":[{"taxonomy":"pwb-brand","embeddable":true,"href":"https:\/\/curlsforyou.dk\/se\/wp-json\/wp\/v2\/pwb-brand?post=53458"},{"taxonomy":"product_brand","embeddable":true,"href":"https:\/\/curlsforyou.dk\/se\/wp-json\/wp\/v2\/product_brand?post=53458"},{"taxonomy":"product_cat","embeddable":true,"href":"https:\/\/curlsforyou.dk\/se\/wp-json\/wp\/v2\/product_cat?post=53458"},{"taxonomy":"product_tag","embeddable":true,"href":"https:\/\/curlsforyou.dk\/se\/wp-json\/wp\/v2\/product_tag?post=53458"},{"taxonomy":"giftcard-category","embeddable":true,"href":"https:\/\/curlsforyou.dk\/se\/wp-json\/wp\/v2\/giftcard-category?post=53458"}],"curies":[{"name":"wp","href":"https:\/\/api.w.org\/{rel}","templated":true}]}}