{"id":52418,"date":"2022-03-02T09:52:11","date_gmt":"2022-03-02T08:52:11","guid":{"rendered":"https:\/\/curlsforyou.dk\/?post_type=product&#038;p=52418"},"modified":"2026-01-26T16:31:35","modified_gmt":"2026-01-26T15:31:35","slug":"inahsi-define-shine-volumizing-styling-foam","status":"publish","type":"product","link":"https:\/\/curlsforyou.dk\/se\/product\/inahsi-define-shine-volumizing-styling-foam\/","title":{"rendered":"Inahsi &#8211; Define &#038; Shine Volumizing Styling Foam"},"content":{"rendered":"<p>S\u00f8ger du en parfumefri og plejende styling-skum, der kan give dine naturlige kr\u00f8ller liv og definition samt et let til medium hold, s\u00e5 l\u00e6s endelig videre. Define &amp; Shine Volumizing Styling Foam fra Inahsi kan roligt defineres som s\u00e5dan, og det at den er parfumefri g\u00f8r desuden, at den for eksempel ogs\u00e5 er god for dig, der har det lidt anstrengt med parfumerede produkter, eller har en parfume-f\u00f8lsom hud\/hovedbund. En anden grund til at v\u00e6lge et parfumefrit produkt som dette kan v\u00e6re, at man m\u00e5ske bruger andre (parfumerede) h\u00e5rplejeprodukter og p\u00e5 den m\u00e5de ikke f\u00e5r mikset for mange dufte sammen. Vil du se vores \u00f8vrige udvalg af parfumefrie produkter, kan du kigge <a href=\"https:\/\/curlsforyou.dk\/se\/vare-tag\/parfumefri\/\">h\u00e4r<\/a>.<\/p>\n<p>Volumizing Styling Foam er en h\u00e5rskum, som er rigtig god at bruge for dig, der har kr\u00f8ller og \u00f8nsker at holde styr p\u00e5 dem og style dem, uden de skal f\u00e5 et for st\u00e6rkt hold, som for eksempel en stylinggel kan byde ind med. I stedet f\u00e5r du med Styling Foam skabt dejligt fyldige, definerede og medg\u00f8rlige kr\u00f8ller, der fremst\u00e5r bl\u00f8de og fleksible. Derudover er h\u00e5rmoussen god at bruge til at holde styr p\u00e5 frizz og flyvske h\u00e5rtotter, der kan st\u00e5 i vejen for h\u00e5rstyling-planerne, og den er desuden med til at g\u00f8re h\u00e5ret glansfuldt, s\u00e5 det kan tage sig ud fra sin bedste side.<\/p>\n<h2>Brug Define &amp; Shine Volumizing Styling Foam til b\u00f8lget og kr\u00f8llet h\u00e5r<\/h2>\n<p>Selv om Styling Foamen fra Inahsi ikke direkte er et plejeprodukt, men m\u00e5lrettet stylingen, indeholder den stadig nogle plejende ingredienser. Blandt andet den fugtgivende og lindrende aloe vera samt risprotein, der har reparerende egenskaber, som skadet eller slidt h\u00e5r vil tage imod med kysh\u00e5nd. Der er s\u00e5ledes flere gode grunde til at bruge et produkt som dette, hvis du har b\u00f8lger eller kr\u00f8ller i dit h\u00e5r og \u00f8nsker at give dem gode betingelser for at trives \u2013 ogs\u00e5 n\u00e5r du styler dem.<\/p>\n<p>Moussen bruges i v\u00e5dt eller fugtigt h\u00e5r (m\u00e5ske efter bad og h\u00e5rvask), hvor en passende m\u00e6ngde i forhold til h\u00e5rtekstur og -l\u00e6ngde kommes ligeligt fordelt i hele h\u00e5ret fra rod til spids. Herefter er det blot at style h\u00e5ret efter \u00f8nske. Du kan eventuelt hj\u00e6lpe kr\u00f8llerne p\u00e5 vej ved at kramme h\u00e5ret med h\u00e6nderne samt skabe mere volumen ved at \u201dkaste\u201d hovedet nedad og kramme produktet godt og ensartet ind i det h\u00e6ngende h\u00e5r.<\/p>\n<h2>Find flere styling-produkter og -muligheder hos CurlsForYou<\/h2>\n<p>Der er mange muligheder, n\u00e5r det kommer til styling-produkter og i det hele taget m\u00e5der at style p\u00e5. Og det er s\u00e5dan set meget rart, da der jo ogs\u00e5 findes mange forskellige behov og vinkler, n\u00e5r det kommer til at s\u00e6tte h\u00e5ret. Hos CurlsForYou har vi et s\u00e6rligt fokus p\u00e5 kr\u00f8llet h\u00e5r, da vi synes, alle kr\u00f8ller har fortjent at f\u00e5 de bedste betingelser for at kunne folde sig smukt og naturligt ud. Derfor finder du, udover blandt andet produkter til selve pleje af kr\u00f8llet h\u00e5r, et ganske bredt udvalg af ordentlige og sunde <a href=\"https:\/\/curlsforyou.dk\/se\/vare-kategori\/styling\/\">styling-produkter<\/a> til kr\u00f8ller her p\u00e5 siden. S\u00e5 hvis du ikke er helt overbevist om, at Volumizing Styling Foam vil v\u00e6re det helt rigtige til dig og dit h\u00e5r, s\u00e5 fortvivl ikke, men tag i stedet en rundtur p\u00e5 siden og se, hvilke produkter vi ellers kan tilbyde.<\/p>\n<p>Du finder ikke kun styling-mousser, men ogs\u00e5 eksempelvis stylinggels, kr\u00f8llecremer og h\u00e5rsprays, der alle er baseret p\u00e5 udelukkende ikke-skadelige ingredienser, s\u00e5 du med god samvittighed kan komme det i dit h\u00e5r, velvidende at du plejer dit h\u00e5r og n\u00e6rer dine kr\u00f8ller, mens du styler dem. Du kan ogs\u00e5 tage et kig p\u00e5 vores udvalg af <a href=\"https:\/\/curlsforyou.dk\/se\/vare-kategori\/tilbehor\/\">tilbeh\u00f8r<\/a>, hvor du kan finde praktiske ting til b\u00e5de pleje- og styling-rutinen, s\u00e5 du er d\u00e6kket godt ind til at kunne give dine kr\u00f8ller den bedste pleje \u2013 s\u00e5 de kr\u00f8ller smukt og livfuldt p\u00e5 hovedet af dig.<\/p>","protected":false},"excerpt":{"rendered":"<ul>\n<li>Parfumefri styling-mousse<\/li>\n<li>Giver h\u00e5ret volumen og bek\u00e6mper frizz<\/li>\n<li>Giver naturlige kr\u00f8ller definition og h\u00e5ret glans<\/li>\n<li>Indeholder blandt andet risprotein, der virker reparerende p\u00e5 skadet h\u00e5r<\/li>\n<li>St\u00f8rrelse: 210 ml<\/li>\n<\/ul>","protected":false},"featured_media":98469,"comment_status":"open","ping_status":"closed","template":"","meta":[],"pwb-brand":[205],"product_brand":[],"product_cat":[149],"product_tag":[275,85,92],"giftcard-category":[],"class_list":{"0":"post-52418","1":"product","2":"type-product","3":"status-publish","4":"has-post-thumbnail","6":"pwb-brand-inahsi","7":"product_cat-mousse","8":"product_tag-glycerin-fri","9":"product_tag-parfumefri","10":"product_tag-protein","12":"first","13":"outofstock","14":"taxable","15":"shipping-taxable","16":"purchasable","17":"product-type-simple"},"bundled_by":[],"bundle_stock_status":"outofstock","bundle_stock_quantity":0,"bundle_virtual":false,"bundle_layout":"","bundle_add_to_cart_form_location":"","bundle_editable_in_cart":false,"bundle_sold_individually_context":"","bundle_item_grouping":"","bundle_min_size":"","bundle_max_size":"","bundle_price":[],"bundled_items":[],"bundle_sell_ids":[],"supplier_id":null,"supplier_sku":"","barcode":null,"atum_controlled":true,"out_stock_date":"2025-10-28 11:40:08","out_stock_threshold":null,"inheritable":false,"inbound_stock":0,"stock_on_hold":0,"sold_today":0,"sales_last_days":0,"reserved_stock":0,"customer_returns":0,"warehouse_damage":0,"lost_in_post":0,"other_logs":0,"out_stock_days":171,"lost_sales":5105,"has_location":false,"update_date":"2026-04-18T11:08:25","atum_locations":[],"atum_stock_status":"outofstock","restock_status":false,"low_stock_amount":"","sales_update_date":"2026-04-18T11:08:24","calc_backorders":null,"yoast_head":"<!-- This site is optimized with the Yoast SEO plugin v25.6 - https:\/\/yoast.com\/wordpress\/plugins\/seo\/ -->\n<title>Inahsi \u2013 Volumizing Styling Foam | CurlsForYou<\/title>\n<meta name=\"description\" content=\"Parfumefri h\u00e5rmousse til kr\u00f8ller? Pr\u00f8v Define &amp; Shine Volumizing Styling Foam fra Inahsi hos CurlsForYou\" \/>\n<meta name=\"robots\" content=\"index, follow, max-snippet:-1, max-image-preview:large, max-video-preview:-1\" \/>\n<link rel=\"canonical\" href=\"https:\/\/curlsforyou.dk\/se\/product\/inahsi-define-shine-volumizing-styling-foam\/\" \/>\n<meta property=\"og:locale\" content=\"sv_SE\" \/>\n<meta property=\"og:type\" content=\"article\" \/>\n<meta property=\"og:title\" content=\"Inahsi \u2013 Volumizing Styling Foam | CurlsForYou\" \/>\n<meta property=\"og:description\" content=\"Parfumefri h\u00e5rmousse til kr\u00f8ller? Pr\u00f8v Define &amp; Shine Volumizing Styling Foam fra Inahsi hos CurlsForYou\" \/>\n<meta property=\"og:url\" content=\"https:\/\/curlsforyou.dk\/se\/product\/inahsi-define-shine-volumizing-styling-foam\/\" \/>\n<meta property=\"article:publisher\" content=\"https:\/\/www.facebook.com\/curlsforyou\" \/>\n<meta property=\"article:modified_time\" content=\"2026-01-26T15:31:35+00:00\" \/>\n<meta property=\"og:image\" content=\"https:\/\/curlsforyou.dk\/app\/uploads\/2022\/03\/Design-uden-navn.png\" \/>\n\t<meta property=\"og:image:width\" content=\"800\" \/>\n\t<meta property=\"og:image:height\" content=\"800\" \/>\n\t<meta property=\"og:image:type\" content=\"image\/png\" \/>\n<meta name=\"twitter:card\" content=\"summary_large_image\" \/>\n<meta name=\"twitter:label1\" content=\"Ber\u00e4knad l\u00e4stid\" \/>\n\t<meta name=\"twitter:data1\" content=\"4 minuter\" \/>\n<script type=\"application\/ld+json\" class=\"yoast-schema-graph\">{\"@context\":\"https:\/\/schema.org\",\"@graph\":[{\"@type\":\"WebPage\",\"@id\":\"https:\/\/curlsforyou.dk\/vare\/inahsi-define-shine-volumizing-styling-foam\/\",\"url\":\"https:\/\/curlsforyou.dk\/vare\/inahsi-define-shine-volumizing-styling-foam\/\",\"name\":\"Inahsi \u2013 Volumizing Styling Foam | CurlsForYou\",\"isPartOf\":{\"@id\":\"https:\/\/curlsforyou.dk\/#website\"},\"primaryImageOfPage\":{\"@id\":\"https:\/\/curlsforyou.dk\/vare\/inahsi-define-shine-volumizing-styling-foam\/#primaryimage\"},\"image\":{\"@id\":\"https:\/\/curlsforyou.dk\/vare\/inahsi-define-shine-volumizing-styling-foam\/#primaryimage\"},\"thumbnailUrl\":\"https:\/\/curlsforyou.dk\/app\/uploads\/2022\/03\/Design-uden-navn.png\",\"datePublished\":\"2022-03-02T08:52:11+00:00\",\"dateModified\":\"2026-01-26T15:31:35+00:00\",\"description\":\"Parfumefri h\u00e5rmousse til kr\u00f8ller? Pr\u00f8v Define & Shine Volumizing Styling Foam fra Inahsi hos CurlsForYou\",\"breadcrumb\":{\"@id\":\"https:\/\/curlsforyou.dk\/vare\/inahsi-define-shine-volumizing-styling-foam\/#breadcrumb\"},\"inLanguage\":\"sv-SE\",\"potentialAction\":[{\"@type\":\"ReadAction\",\"target\":[\"https:\/\/curlsforyou.dk\/vare\/inahsi-define-shine-volumizing-styling-foam\/\"]}]},{\"@type\":\"ImageObject\",\"inLanguage\":\"sv-SE\",\"@id\":\"https:\/\/curlsforyou.dk\/vare\/inahsi-define-shine-volumizing-styling-foam\/#primaryimage\",\"url\":\"https:\/\/curlsforyou.dk\/app\/uploads\/2022\/03\/Design-uden-navn.png\",\"contentUrl\":\"https:\/\/curlsforyou.dk\/app\/uploads\/2022\/03\/Design-uden-navn.png\",\"width\":800,\"height\":800,\"caption\":\"Inahsi - Define & Shine Volumizing Styling Foam\"},{\"@type\":\"BreadcrumbList\",\"@id\":\"https:\/\/curlsforyou.dk\/vare\/inahsi-define-shine-volumizing-styling-foam\/#breadcrumb\",\"itemListElement\":[{\"@type\":\"ListItem\",\"position\":1,\"name\":\"Hjem\",\"item\":\"https:\/\/curlsforyou.dk\/\"},{\"@type\":\"ListItem\",\"position\":2,\"name\":\"Shop\",\"item\":\"https:\/\/curlsforyou.dk\/shop\/\"},{\"@type\":\"ListItem\",\"position\":3,\"name\":\"Inahsi &#8211; Define &#038; Shine Volumizing Styling Foam\"}]},{\"@type\":\"WebSite\",\"@id\":\"https:\/\/curlsforyou.dk\/#website\",\"url\":\"https:\/\/curlsforyou.dk\/\",\"name\":\"\",\"description\":\"\",\"publisher\":{\"@id\":\"https:\/\/curlsforyou.dk\/#organization\"},\"potentialAction\":[{\"@type\":\"SearchAction\",\"target\":{\"@type\":\"EntryPoint\",\"urlTemplate\":\"https:\/\/curlsforyou.dk\/?s={search_term_string}\"},\"query-input\":{\"@type\":\"PropertyValueSpecification\",\"valueRequired\":true,\"valueName\":\"search_term_string\"}}],\"inLanguage\":\"sv-SE\"},{\"@type\":\"Organization\",\"@id\":\"https:\/\/curlsforyou.dk\/#organization\",\"name\":\"CurlsForYou\",\"url\":\"https:\/\/curlsforyou.dk\/\",\"logo\":{\"@type\":\"ImageObject\",\"inLanguage\":\"sv-SE\",\"@id\":\"https:\/\/curlsforyou.dk\/#\/schema\/logo\/image\/\",\"url\":\"\",\"contentUrl\":\"\",\"caption\":\"CurlsForYou\"},\"image\":{\"@id\":\"https:\/\/curlsforyou.dk\/#\/schema\/logo\/image\/\"},\"sameAs\":[\"https:\/\/www.facebook.com\/curlsforyou\",\"https:\/\/www.instagram.com\/curlsforyou.dk\/\"]}]}<\/script>\n<!-- \/ Yoast SEO plugin. -->","yoast_head_json":{"title":"Inahsi \u2013 Volumizing Styling Foam | CurlsForYou","description":"Parfumefri h\u00e5rmousse til kr\u00f8ller? Pr\u00f8v Define & Shine Volumizing Styling Foam fra Inahsi hos CurlsForYou","robots":{"index":"index","follow":"follow","max-snippet":"max-snippet:-1","max-image-preview":"max-image-preview:large","max-video-preview":"max-video-preview:-1"},"canonical":"https:\/\/curlsforyou.dk\/se\/product\/inahsi-define-shine-volumizing-styling-foam\/","og_locale":"sv_SE","og_type":"article","og_title":"Inahsi \u2013 Volumizing Styling Foam | CurlsForYou","og_description":"Parfumefri h\u00e5rmousse til kr\u00f8ller? Pr\u00f8v Define & Shine Volumizing Styling Foam fra Inahsi hos CurlsForYou","og_url":"https:\/\/curlsforyou.dk\/se\/product\/inahsi-define-shine-volumizing-styling-foam\/","article_publisher":"https:\/\/www.facebook.com\/curlsforyou","article_modified_time":"2026-01-26T15:31:35+00:00","og_image":[{"width":800,"height":800,"url":"https:\/\/curlsforyou.dk\/app\/uploads\/2022\/03\/Design-uden-navn.png","type":"image\/png"}],"twitter_card":"summary_large_image","twitter_misc":{"Ber\u00e4knad l\u00e4stid":"4 minuter"},"schema":{"@context":"https:\/\/schema.org","@graph":[{"@type":"WebPage","@id":"https:\/\/curlsforyou.dk\/vare\/inahsi-define-shine-volumizing-styling-foam\/","url":"https:\/\/curlsforyou.dk\/vare\/inahsi-define-shine-volumizing-styling-foam\/","name":"Inahsi \u2013 Volumizing Styling Foam | CurlsForYou","isPartOf":{"@id":"https:\/\/curlsforyou.dk\/#website"},"primaryImageOfPage":{"@id":"https:\/\/curlsforyou.dk\/vare\/inahsi-define-shine-volumizing-styling-foam\/#primaryimage"},"image":{"@id":"https:\/\/curlsforyou.dk\/vare\/inahsi-define-shine-volumizing-styling-foam\/#primaryimage"},"thumbnailUrl":"https:\/\/curlsforyou.dk\/app\/uploads\/2022\/03\/Design-uden-navn.png","datePublished":"2022-03-02T08:52:11+00:00","dateModified":"2026-01-26T15:31:35+00:00","description":"Parfumefri h\u00e5rmousse til kr\u00f8ller? Pr\u00f8v Define & Shine Volumizing Styling Foam fra Inahsi hos CurlsForYou","breadcrumb":{"@id":"https:\/\/curlsforyou.dk\/vare\/inahsi-define-shine-volumizing-styling-foam\/#breadcrumb"},"inLanguage":"sv-SE","potentialAction":[{"@type":"ReadAction","target":["https:\/\/curlsforyou.dk\/vare\/inahsi-define-shine-volumizing-styling-foam\/"]}]},{"@type":"ImageObject","inLanguage":"sv-SE","@id":"https:\/\/curlsforyou.dk\/vare\/inahsi-define-shine-volumizing-styling-foam\/#primaryimage","url":"https:\/\/curlsforyou.dk\/app\/uploads\/2022\/03\/Design-uden-navn.png","contentUrl":"https:\/\/curlsforyou.dk\/app\/uploads\/2022\/03\/Design-uden-navn.png","width":800,"height":800,"caption":"Inahsi - Define & Shine Volumizing Styling Foam"},{"@type":"BreadcrumbList","@id":"https:\/\/curlsforyou.dk\/vare\/inahsi-define-shine-volumizing-styling-foam\/#breadcrumb","itemListElement":[{"@type":"ListItem","position":1,"name":"Hjem","item":"https:\/\/curlsforyou.dk\/"},{"@type":"ListItem","position":2,"name":"Shop","item":"https:\/\/curlsforyou.dk\/shop\/"},{"@type":"ListItem","position":3,"name":"Inahsi &#8211; Define &#038; Shine Volumizing Styling Foam"}]},{"@type":"WebSite","@id":"https:\/\/curlsforyou.dk\/#website","url":"https:\/\/curlsforyou.dk\/","name":"","description":"","publisher":{"@id":"https:\/\/curlsforyou.dk\/#organization"},"potentialAction":[{"@type":"SearchAction","target":{"@type":"EntryPoint","urlTemplate":"https:\/\/curlsforyou.dk\/?s={search_term_string}"},"query-input":{"@type":"PropertyValueSpecification","valueRequired":true,"valueName":"search_term_string"}}],"inLanguage":"sv-SE"},{"@type":"Organization","@id":"https:\/\/curlsforyou.dk\/#organization","name":"CurlsForYou","url":"https:\/\/curlsforyou.dk\/","logo":{"@type":"ImageObject","inLanguage":"sv-SE","@id":"https:\/\/curlsforyou.dk\/#\/schema\/logo\/image\/","url":"","contentUrl":"","caption":"CurlsForYou"},"image":{"@id":"https:\/\/curlsforyou.dk\/#\/schema\/logo\/image\/"},"sameAs":["https:\/\/www.facebook.com\/curlsforyou","https:\/\/www.instagram.com\/curlsforyou.dk\/"]}]}},"brands":[{"id":205,"name":"Inahsi","slug":"inahsi"}],"_links":{"self":[{"href":"https:\/\/curlsforyou.dk\/se\/wp-json\/wp\/v2\/product\/52418","targetHints":{"allow":["GET"]}}],"collection":[{"href":"https:\/\/curlsforyou.dk\/se\/wp-json\/wp\/v2\/product"}],"about":[{"href":"https:\/\/curlsforyou.dk\/se\/wp-json\/wp\/v2\/types\/product"}],"replies":[{"embeddable":true,"href":"https:\/\/curlsforyou.dk\/se\/wp-json\/wp\/v2\/comments?post=52418"}],"version-history":[{"count":0,"href":"https:\/\/curlsforyou.dk\/se\/wp-json\/wp\/v2\/product\/52418\/revisions"}],"wp:featuredmedia":[{"embeddable":true,"href":"https:\/\/curlsforyou.dk\/se\/wp-json\/wp\/v2\/media\/98469"}],"wp:attachment":[{"href":"https:\/\/curlsforyou.dk\/se\/wp-json\/wp\/v2\/media?parent=52418"}],"wp:term":[{"taxonomy":"pwb-brand","embeddable":true,"href":"https:\/\/curlsforyou.dk\/se\/wp-json\/wp\/v2\/pwb-brand?post=52418"},{"taxonomy":"product_brand","embeddable":true,"href":"https:\/\/curlsforyou.dk\/se\/wp-json\/wp\/v2\/product_brand?post=52418"},{"taxonomy":"product_cat","embeddable":true,"href":"https:\/\/curlsforyou.dk\/se\/wp-json\/wp\/v2\/product_cat?post=52418"},{"taxonomy":"product_tag","embeddable":true,"href":"https:\/\/curlsforyou.dk\/se\/wp-json\/wp\/v2\/product_tag?post=52418"},{"taxonomy":"giftcard-category","embeddable":true,"href":"https:\/\/curlsforyou.dk\/se\/wp-json\/wp\/v2\/giftcard-category?post=52418"}],"curies":[{"name":"wp","href":"https:\/\/api.w.org\/{rel}","templated":true}]}}