{"id":47534,"date":"2021-12-22T21:49:28","date_gmt":"2021-12-22T20:49:28","guid":{"rendered":"https:\/\/curlsforyou.dk\/?post_type=product&#038;p=47534"},"modified":"2026-03-25T12:37:12","modified_gmt":"2026-03-25T11:37:12","slug":"moistful-curl-ultimate-hold-defining-gel","status":"publish","type":"product","link":"https:\/\/curlsforyou.dk\/se\/product\/moistful-curl-ultimate-hold-defining-gel\/","title":{"rendered":"Moistful Curl \u2013 Ultimate Hold Defining Gel"},"content":{"rendered":"<p>Sommetider kalder ens h\u00e5r bare p\u00e5 lidt ekstra styling, en smule mere hold og et ekstra pift til kr\u00f8llerne \u2013 samtidig med, at det selvf\u00f8lgelig skal fork\u00e6les med noget sundt og ikke fyldes med skadelige kemikalier. Og her er Ultimate Hold Defining Gel fra Moistful Curl alts\u00e5 et godt bud p\u00e5, hvad du da kan tilbyde dit h\u00e5r og dine kr\u00f8ller. Det er nemlig et produkt, der med ingredienser som ricinusolie og avocado er med til at pleje og n\u00e6re dit h\u00e5r, mens du styler det.<\/p>\n<p>Sulfater, silikone og andre for h\u00e5ret skadelige ingredienser finder du naturligvis ikke i dette produkt, der som alle andre produkter hos CurlsForYou er Curly Girl-godkendte og udelukkende indeholder sunde og naturlige ting. Men ikke bare er det et ordentligt produkt for dit h\u00e5r, det er ogs\u00e5 rigtig godt til det, det er lavet til, nemlig at style og styre dine smukke kr\u00f8ller!<\/p>\n<h2>Styr p\u00e5 kr\u00f8ller og krus med Ultimate Hold Defining Gel<\/h2>\n<p>Stylinggelen fra Moistful Curl er ideel til the finishing touch i din h\u00e5rplejerutine, hvor h\u00e5ret skal p\u00e5 plads og kr\u00f8llerne foldes ud. Den er god til at f\u00e5 kontrol over lokkerne, f\u00e5 styr p\u00e5 krus, definere kr\u00f8llerne og give din frisure et supergodt hold, der varer hele dagen. Og det endda uden at g\u00f8re h\u00e5ret fedtet og tynget, som man sommetider kan opleve det med en h\u00e5rgel.<\/p>\n<p>Men dette er en letv\u00e6gter af en h\u00e5rgel, der stadig er effektiv, og den kan bruges til s\u00e5vel de kraftige og tykke h\u00e5rtyper som de mere tynde og fine lokker. Den bruges i v\u00e5dt h\u00e5r. Har du h\u00e5r af den tynde slags, er det en god ide at rede h\u00e5ret igennem, mens det stadig er v\u00e5dt, og derefter kramme en passende m\u00e6ngde af gelen i. Herefter kan h\u00e5ret blot luftt\u00f8rre eller t\u00f8rres med diffuser. Har du mere t\u00e6t og tykt, kr\u00f8llet h\u00e5r, anbefales det at bruge en balsam eller leave-in-balsam, inden gelen fordeles i det h\u00e5ndkl\u00e6det\u00f8rre h\u00e5r. Herefter krammes det godt ind i lokkerne, hvorefter h\u00e5ret kan luftt\u00f8rre eller t\u00f8rres med diffuser. Oven p\u00e5 dette er det blot at s\u00e6tte h\u00e5ret og nyde dine medg\u00f8rlige og definerede kr\u00f8ller.<\/p>\n<h2>Mange gode produkter til pleje og styling af dine kr\u00f8ller<\/h2>\n<p>Har du lyst til at se p\u00e5 andre gode og n\u00e6rende produkter til din h\u00e5rplejerutine, kan du finde masser af inspiration her p\u00e5 siden. Udover Ultimate Hold Defining Gel kan du finde andre sk\u00f8nne produkter fra <a href=\"https:\/\/curlsforyou.dk\/se\/brand\/moistful-curl\/\">Moistful Curl<\/a>, der naturligvis ogs\u00e5 byder ind med blandt andet en fugtgivende og styrkende shampoo og balsam, s\u00e5 du kan n\u00e5 hele vejen rundt i din h\u00e5r- og kr\u00f8llepleje.<\/p>\n<p>Men vi f\u00f8rer ogs\u00e5 mange andre gode m\u00e6rker, der alle er baseret p\u00e5 Curly Girl-metoden og dermed giver dig en sikkerhed for, at du kan give dine kr\u00f8ller den bedste pleje uden skadende ingredienser. S\u00e5 tag en inspirationstur rundt p\u00e5 siden og se, hvad vi kan tilbyde. Du kan ogs\u00e5 l\u00e6se mere om diverse relevante emner omkring h\u00e5r- og s\u00e6rligt kr\u00f8llet h\u00e5r-pleje i vores blog. Blandt andet kan du l\u00e6se om, <a href=\"https:\/\/curlsforyou.dk\/se\/curly-girl-metoden\/haarprodukter-til-kroeller-saadan-faar-du-sundt-haar-med-de-helt-rigtige-haarprodukter\/\">hvilke h\u00e5rprodukter der er de helt rigtige til netop dine kr\u00f8ller<\/a>. Rigtig god forn\u00f8jelse!<\/p>","protected":false},"excerpt":{"rendered":"<ul>\n<li>H\u00e5rgel der giver supergodt hold<\/li>\n<li>Giver liv til h\u00e5ret og definerede kr\u00f8ller<\/li>\n<li>Fyldt med sunde og plejende ingredienser<\/li>\n<li>God til styling af h\u00e5ret uden at efterlade det stift og fedtet<\/li>\n<li>Inneh\u00e5ller protein<\/li>\n<li>St\u00f8rrelse: 355 ml<\/li>\n<\/ul>","protected":false},"featured_media":47516,"comment_status":"open","ping_status":"closed","template":"","meta":[],"pwb-brand":[292],"product_brand":[],"product_cat":[146],"product_tag":[92],"giftcard-category":[],"class_list":{"0":"post-47534","1":"product","2":"type-product","3":"status-publish","4":"has-post-thumbnail","6":"pwb-brand-moistful-curl","7":"product_cat-gel","8":"product_tag-protein","10":"first","11":"outofstock","12":"taxable","13":"shipping-taxable","14":"purchasable","15":"product-type-simple"},"bundled_by":[],"bundle_stock_status":"outofstock","bundle_stock_quantity":0,"bundle_virtual":false,"bundle_layout":"","bundle_add_to_cart_form_location":"","bundle_editable_in_cart":false,"bundle_sold_individually_context":"","bundle_item_grouping":"","bundle_min_size":"","bundle_max_size":"","bundle_price":[],"bundled_items":[],"bundle_sell_ids":[],"supplier_id":null,"supplier_sku":"","barcode":null,"atum_controlled":true,"out_stock_date":"2026-02-18 09:50:51","out_stock_threshold":null,"inheritable":false,"inbound_stock":0,"stock_on_hold":0,"sold_today":0,"sales_last_days":0,"reserved_stock":0,"customer_returns":0,"warehouse_damage":0,"lost_in_post":0,"other_logs":0,"out_stock_days":75,"lost_sales":2335,"has_location":false,"update_date":"2026-05-04T11:23:36","atum_locations":[],"atum_stock_status":"outofstock","restock_status":false,"low_stock_amount":20,"sales_update_date":"2026-05-04T11:23:36","calc_backorders":null,"yoast_head":"<!-- This site is optimized with the Yoast SEO plugin v25.6 - https:\/\/yoast.com\/wordpress\/plugins\/seo\/ -->\n<title>Moistful Curl - Ultimate Hold Defining Gel | CurlsForYou<\/title>\n<meta name=\"description\" content=\"Pr\u00f8v denne lette Ultimate Hold Defining Gel fra Moistful Curl hos CurlsForYou, og f\u00e5 styr p\u00e5 frisure og kr\u00f8ller\" \/>\n<meta name=\"robots\" content=\"index, follow, max-snippet:-1, max-image-preview:large, max-video-preview:-1\" \/>\n<link rel=\"canonical\" href=\"https:\/\/curlsforyou.dk\/se\/product\/moistful-curl-ultimate-hold-defining-gel\/\" \/>\n<meta property=\"og:locale\" content=\"sv_SE\" \/>\n<meta property=\"og:type\" content=\"article\" \/>\n<meta property=\"og:title\" content=\"Moistful Curl - Ultimate Hold Defining Gel | CurlsForYou\" \/>\n<meta property=\"og:description\" content=\"Pr\u00f8v denne lette Ultimate Hold Defining Gel fra Moistful Curl hos CurlsForYou, og f\u00e5 styr p\u00e5 frisure og kr\u00f8ller\" \/>\n<meta property=\"og:url\" content=\"https:\/\/curlsforyou.dk\/se\/product\/moistful-curl-ultimate-hold-defining-gel\/\" \/>\n<meta property=\"article:publisher\" content=\"https:\/\/www.facebook.com\/curlsforyou\" \/>\n<meta property=\"article:modified_time\" content=\"2026-03-25T11:37:12+00:00\" \/>\n<meta property=\"og:image\" content=\"https:\/\/curlsforyou.dk\/app\/uploads\/2021\/12\/Moistful-Curl-Gel-Front-80x800-1.png\" \/>\n\t<meta property=\"og:image:width\" content=\"800\" \/>\n\t<meta property=\"og:image:height\" content=\"800\" \/>\n\t<meta property=\"og:image:type\" content=\"image\/png\" \/>\n<meta name=\"twitter:card\" content=\"summary_large_image\" \/>\n<meta name=\"twitter:label1\" content=\"Ber\u00e4knad l\u00e4stid\" \/>\n\t<meta name=\"twitter:data1\" content=\"3 minuter\" \/>\n<script type=\"application\/ld+json\" class=\"yoast-schema-graph\">{\"@context\":\"https:\/\/schema.org\",\"@graph\":[{\"@type\":\"WebPage\",\"@id\":\"https:\/\/curlsforyou.dk\/vare\/moistful-curl-ultimate-hold-defining-gel\/\",\"url\":\"https:\/\/curlsforyou.dk\/vare\/moistful-curl-ultimate-hold-defining-gel\/\",\"name\":\"Moistful Curl - Ultimate Hold Defining Gel | CurlsForYou\",\"isPartOf\":{\"@id\":\"https:\/\/curlsforyou.dk\/#website\"},\"primaryImageOfPage\":{\"@id\":\"https:\/\/curlsforyou.dk\/vare\/moistful-curl-ultimate-hold-defining-gel\/#primaryimage\"},\"image\":{\"@id\":\"https:\/\/curlsforyou.dk\/vare\/moistful-curl-ultimate-hold-defining-gel\/#primaryimage\"},\"thumbnailUrl\":\"https:\/\/curlsforyou.dk\/app\/uploads\/2021\/12\/Moistful-Curl-Gel-Front-80x800-1.png\",\"datePublished\":\"2021-12-22T20:49:28+00:00\",\"dateModified\":\"2026-03-25T11:37:12+00:00\",\"description\":\"Pr\u00f8v denne lette Ultimate Hold Defining Gel fra Moistful Curl hos CurlsForYou, og f\u00e5 styr p\u00e5 frisure og kr\u00f8ller\",\"breadcrumb\":{\"@id\":\"https:\/\/curlsforyou.dk\/vare\/moistful-curl-ultimate-hold-defining-gel\/#breadcrumb\"},\"inLanguage\":\"sv-SE\",\"potentialAction\":[{\"@type\":\"ReadAction\",\"target\":[\"https:\/\/curlsforyou.dk\/vare\/moistful-curl-ultimate-hold-defining-gel\/\"]}]},{\"@type\":\"ImageObject\",\"inLanguage\":\"sv-SE\",\"@id\":\"https:\/\/curlsforyou.dk\/vare\/moistful-curl-ultimate-hold-defining-gel\/#primaryimage\",\"url\":\"https:\/\/curlsforyou.dk\/app\/uploads\/2021\/12\/Moistful-Curl-Gel-Front-80x800-1.png\",\"contentUrl\":\"https:\/\/curlsforyou.dk\/app\/uploads\/2021\/12\/Moistful-Curl-Gel-Front-80x800-1.png\",\"width\":800,\"height\":800,\"caption\":\"Moistful Curl Ultimative Hold Gel front billede\"},{\"@type\":\"BreadcrumbList\",\"@id\":\"https:\/\/curlsforyou.dk\/vare\/moistful-curl-ultimate-hold-defining-gel\/#breadcrumb\",\"itemListElement\":[{\"@type\":\"ListItem\",\"position\":1,\"name\":\"Hjem\",\"item\":\"https:\/\/curlsforyou.dk\/\"},{\"@type\":\"ListItem\",\"position\":2,\"name\":\"Shop\",\"item\":\"https:\/\/curlsforyou.dk\/shop\/\"},{\"@type\":\"ListItem\",\"position\":3,\"name\":\"Moistful Curl \u2013 Ultimate Hold Defining Gel\"}]},{\"@type\":\"WebSite\",\"@id\":\"https:\/\/curlsforyou.dk\/#website\",\"url\":\"https:\/\/curlsforyou.dk\/\",\"name\":\"\",\"description\":\"\",\"publisher\":{\"@id\":\"https:\/\/curlsforyou.dk\/#organization\"},\"potentialAction\":[{\"@type\":\"SearchAction\",\"target\":{\"@type\":\"EntryPoint\",\"urlTemplate\":\"https:\/\/curlsforyou.dk\/?s={search_term_string}\"},\"query-input\":{\"@type\":\"PropertyValueSpecification\",\"valueRequired\":true,\"valueName\":\"search_term_string\"}}],\"inLanguage\":\"sv-SE\"},{\"@type\":\"Organization\",\"@id\":\"https:\/\/curlsforyou.dk\/#organization\",\"name\":\"CurlsForYou\",\"url\":\"https:\/\/curlsforyou.dk\/\",\"logo\":{\"@type\":\"ImageObject\",\"inLanguage\":\"sv-SE\",\"@id\":\"https:\/\/curlsforyou.dk\/#\/schema\/logo\/image\/\",\"url\":\"\",\"contentUrl\":\"\",\"caption\":\"CurlsForYou\"},\"image\":{\"@id\":\"https:\/\/curlsforyou.dk\/#\/schema\/logo\/image\/\"},\"sameAs\":[\"https:\/\/www.facebook.com\/curlsforyou\",\"https:\/\/www.instagram.com\/curlsforyou.dk\/\"]}]}<\/script>\n<!-- \/ Yoast SEO plugin. -->","yoast_head_json":{"title":"Moistful Curl - Ultimate Hold Defining Gel | CurlsForYou","description":"Pr\u00f8v denne lette Ultimate Hold Defining Gel fra Moistful Curl hos CurlsForYou, og f\u00e5 styr p\u00e5 frisure og kr\u00f8ller","robots":{"index":"index","follow":"follow","max-snippet":"max-snippet:-1","max-image-preview":"max-image-preview:large","max-video-preview":"max-video-preview:-1"},"canonical":"https:\/\/curlsforyou.dk\/se\/product\/moistful-curl-ultimate-hold-defining-gel\/","og_locale":"sv_SE","og_type":"article","og_title":"Moistful Curl - Ultimate Hold Defining Gel | CurlsForYou","og_description":"Pr\u00f8v denne lette Ultimate Hold Defining Gel fra Moistful Curl hos CurlsForYou, og f\u00e5 styr p\u00e5 frisure og kr\u00f8ller","og_url":"https:\/\/curlsforyou.dk\/se\/product\/moistful-curl-ultimate-hold-defining-gel\/","article_publisher":"https:\/\/www.facebook.com\/curlsforyou","article_modified_time":"2026-03-25T11:37:12+00:00","og_image":[{"width":800,"height":800,"url":"https:\/\/curlsforyou.dk\/app\/uploads\/2021\/12\/Moistful-Curl-Gel-Front-80x800-1.png","type":"image\/png"}],"twitter_card":"summary_large_image","twitter_misc":{"Ber\u00e4knad l\u00e4stid":"3 minuter"},"schema":{"@context":"https:\/\/schema.org","@graph":[{"@type":"WebPage","@id":"https:\/\/curlsforyou.dk\/vare\/moistful-curl-ultimate-hold-defining-gel\/","url":"https:\/\/curlsforyou.dk\/vare\/moistful-curl-ultimate-hold-defining-gel\/","name":"Moistful Curl - Ultimate Hold Defining Gel | CurlsForYou","isPartOf":{"@id":"https:\/\/curlsforyou.dk\/#website"},"primaryImageOfPage":{"@id":"https:\/\/curlsforyou.dk\/vare\/moistful-curl-ultimate-hold-defining-gel\/#primaryimage"},"image":{"@id":"https:\/\/curlsforyou.dk\/vare\/moistful-curl-ultimate-hold-defining-gel\/#primaryimage"},"thumbnailUrl":"https:\/\/curlsforyou.dk\/app\/uploads\/2021\/12\/Moistful-Curl-Gel-Front-80x800-1.png","datePublished":"2021-12-22T20:49:28+00:00","dateModified":"2026-03-25T11:37:12+00:00","description":"Pr\u00f8v denne lette Ultimate Hold Defining Gel fra Moistful Curl hos CurlsForYou, og f\u00e5 styr p\u00e5 frisure og kr\u00f8ller","breadcrumb":{"@id":"https:\/\/curlsforyou.dk\/vare\/moistful-curl-ultimate-hold-defining-gel\/#breadcrumb"},"inLanguage":"sv-SE","potentialAction":[{"@type":"ReadAction","target":["https:\/\/curlsforyou.dk\/vare\/moistful-curl-ultimate-hold-defining-gel\/"]}]},{"@type":"ImageObject","inLanguage":"sv-SE","@id":"https:\/\/curlsforyou.dk\/vare\/moistful-curl-ultimate-hold-defining-gel\/#primaryimage","url":"https:\/\/curlsforyou.dk\/app\/uploads\/2021\/12\/Moistful-Curl-Gel-Front-80x800-1.png","contentUrl":"https:\/\/curlsforyou.dk\/app\/uploads\/2021\/12\/Moistful-Curl-Gel-Front-80x800-1.png","width":800,"height":800,"caption":"Moistful Curl Ultimative Hold Gel front billede"},{"@type":"BreadcrumbList","@id":"https:\/\/curlsforyou.dk\/vare\/moistful-curl-ultimate-hold-defining-gel\/#breadcrumb","itemListElement":[{"@type":"ListItem","position":1,"name":"Hjem","item":"https:\/\/curlsforyou.dk\/"},{"@type":"ListItem","position":2,"name":"Shop","item":"https:\/\/curlsforyou.dk\/shop\/"},{"@type":"ListItem","position":3,"name":"Moistful Curl \u2013 Ultimate Hold Defining Gel"}]},{"@type":"WebSite","@id":"https:\/\/curlsforyou.dk\/#website","url":"https:\/\/curlsforyou.dk\/","name":"","description":"","publisher":{"@id":"https:\/\/curlsforyou.dk\/#organization"},"potentialAction":[{"@type":"SearchAction","target":{"@type":"EntryPoint","urlTemplate":"https:\/\/curlsforyou.dk\/?s={search_term_string}"},"query-input":{"@type":"PropertyValueSpecification","valueRequired":true,"valueName":"search_term_string"}}],"inLanguage":"sv-SE"},{"@type":"Organization","@id":"https:\/\/curlsforyou.dk\/#organization","name":"CurlsForYou","url":"https:\/\/curlsforyou.dk\/","logo":{"@type":"ImageObject","inLanguage":"sv-SE","@id":"https:\/\/curlsforyou.dk\/#\/schema\/logo\/image\/","url":"","contentUrl":"","caption":"CurlsForYou"},"image":{"@id":"https:\/\/curlsforyou.dk\/#\/schema\/logo\/image\/"},"sameAs":["https:\/\/www.facebook.com\/curlsforyou","https:\/\/www.instagram.com\/curlsforyou.dk\/"]}]}},"brands":[{"id":292,"name":"Moistful Curl","slug":"moistful-curl"}],"_links":{"self":[{"href":"https:\/\/curlsforyou.dk\/se\/wp-json\/wp\/v2\/product\/47534","targetHints":{"allow":["GET"]}}],"collection":[{"href":"https:\/\/curlsforyou.dk\/se\/wp-json\/wp\/v2\/product"}],"about":[{"href":"https:\/\/curlsforyou.dk\/se\/wp-json\/wp\/v2\/types\/product"}],"replies":[{"embeddable":true,"href":"https:\/\/curlsforyou.dk\/se\/wp-json\/wp\/v2\/comments?post=47534"}],"version-history":[{"count":0,"href":"https:\/\/curlsforyou.dk\/se\/wp-json\/wp\/v2\/product\/47534\/revisions"}],"wp:featuredmedia":[{"embeddable":true,"href":"https:\/\/curlsforyou.dk\/se\/wp-json\/wp\/v2\/media\/47516"}],"wp:attachment":[{"href":"https:\/\/curlsforyou.dk\/se\/wp-json\/wp\/v2\/media?parent=47534"}],"wp:term":[{"taxonomy":"pwb-brand","embeddable":true,"href":"https:\/\/curlsforyou.dk\/se\/wp-json\/wp\/v2\/pwb-brand?post=47534"},{"taxonomy":"product_brand","embeddable":true,"href":"https:\/\/curlsforyou.dk\/se\/wp-json\/wp\/v2\/product_brand?post=47534"},{"taxonomy":"product_cat","embeddable":true,"href":"https:\/\/curlsforyou.dk\/se\/wp-json\/wp\/v2\/product_cat?post=47534"},{"taxonomy":"product_tag","embeddable":true,"href":"https:\/\/curlsforyou.dk\/se\/wp-json\/wp\/v2\/product_tag?post=47534"},{"taxonomy":"giftcard-category","embeddable":true,"href":"https:\/\/curlsforyou.dk\/se\/wp-json\/wp\/v2\/giftcard-category?post=47534"}],"curies":[{"name":"wp","href":"https:\/\/api.w.org\/{rel}","templated":true}]}}