{"id":47530,"date":"2021-12-22T21:38:45","date_gmt":"2021-12-22T20:38:45","guid":{"rendered":"https:\/\/curlsforyou.dk\/?post_type=product&#038;p=47530"},"modified":"2026-04-23T23:03:12","modified_gmt":"2026-04-23T21:03:12","slug":"moistful-curl-no-knots-leave-in-conditioner","status":"publish","type":"product","link":"https:\/\/curlsforyou.dk\/se\/product\/moistful-curl-no-knots-leave-in-conditioner\/","title":{"rendered":"Moistful Curl \u2013 No Knots Leave-in Conditioner"},"content":{"rendered":"<p>Hvis du s\u00f8ger en m\u00e5de at vedligeholde og fugte dine kr\u00f8ller de dage, hvor du ikke vasker h\u00e5r, er du landet det rette sted. Moistful Curls No Knots Leave-in Conditioner er en n\u00e6rende balsam-creme, der kan bruges i s\u00e5vel v\u00e5dt som t\u00f8rt h\u00e5r, og som hj\u00e6lper dit h\u00e5r ved at give det fugt, samtidig med at den er med til at udfiltre, reparere og genopbygge h\u00e5ret. Det er kort sagt en m\u00e5de at give dine kr\u00f8ller en god pleje uden at skulle vaske dem.<\/p>\n<p>Uanset om du er hoppet med p\u00e5 konceptet om ikke at vaske sit h\u00e5r hver dag eller ej, er en leave-in conditioner som denne fra Moistful Curls en k\u00e6rkommen h\u00e5ndsr\u00e6kning, der vil g\u00f8re hverdagen med kr\u00f8llet h\u00e5r lettere. Ikke bare vil dine kr\u00f8ller elske at slubre de fugtende og n\u00e6rende ingredienser i sig, de vil ogs\u00e5 arte sig for dig og blive mere medg\u00f8rlige, bl\u00f8de og definerede, ogs\u00e5 selv hvis du har tykt og\/eller meget kr\u00f8llet h\u00e5r.<\/p>\n<h2>S\u00e5dan bruger du No Knots Leave-in Conditioner<\/h2>\n<p>For som produktnavnet antyder, er der ved brug af denne leave-in-balsam udsigt til at f\u00e5 styr p\u00e5 filtret og knudret h\u00e5r, og det endda uden n\u00f8dvendigvis at skulle vaske h\u00e5ret f\u00f8rst. No Knots Leave-in kan dog fint bruges efter bad\/h\u00e5rvask \u2013 og alts\u00e5 i v\u00e5dt h\u00e5r, men ogs\u00e5 eksempelvis om morgenen, hvor h\u00e5ret i t\u00f8r tilstand tr\u00e6nger til en mindre overhaling. Den kan med andre ord bruges, hvorn\u00e5r som helst du nu har behov for at fugte og pleje dit h\u00e5r \u2013 eller hj\u00e6lp til at f\u00e5 filtret det ud.<\/p>\n<p>Balsammen benyttes ved at tage en passende m\u00e6ngde af cremen i h\u00e6nderne (tykt og kraftigt kr\u00f8llet h\u00e5r kr\u00e6ver en st\u00f8rre m\u00e6ngde end glattere\/tyndere h\u00e5r) og herefter fordele det i h\u00e5ret, s\u00e6rligt de steder, hvor h\u00e5ret er filtret. Disse steder kan med fordel herefter redes n\u00e6nsomt igennem med en bredtandet kam. Efterf\u00f8lgende er det blot at nyde de nyplejede kr\u00f8ller \u2013 helt uden at skulle skylle h\u00e5ret.<\/p>\n<h2>En plejende balsam med masser af sunde ingredienser<\/h2>\n<p>No Knots Leave-in Conditioner er ligesom de andre sp\u00e6ndende h\u00e5rplejeprodukter fra Moistful Curl fyldt med sunde ingredienser. Udover jojobaolie, der er med til at g\u00f8re h\u00e5ret dejligt bl\u00f8dt og n\u00e6re det med vitaminer, indeholder den desuden blandt andet avocado, der ogs\u00e5 har en bl\u00f8dg\u00f8rende effekt og er med til at fugte og styrke h\u00e5ret. Derudover er sunde elementer som gulerod og mango ogs\u00e5 at finde p\u00e5 ingredienslisten, der til geng\u00e6ld er st\u00f8vsuget for skadelige elementer som sulfater og silikone, der p\u00e5 sigt vil kunne g\u00f8re skade p\u00e5 dit h\u00e5r \u2013 og s\u00e6rligt hvis du har kr\u00f8ller.<\/p>\n<p>Hos CurlsForYou finder du i \u00f8vrigt udelukkende h\u00e5rplejeprodukter uden de s\u00e5kaldte forbudte ingredienser, men som til geng\u00e6ld er sp\u00e6kket med sunde, naturlige og n\u00e6rende ting, og som alle er Curly Girl-godkendte og dermed s\u00e6rligt gode til dig, der har kr\u00f8ller. Og det g\u00e6lder uanset, hvilken type kr\u00f8ller du har \u2013 og hvad det pr\u00e6cis er, dit h\u00e5r har brug for. S\u00e5 tag et kig rundt p\u00e5 siden, og se om ikke der skulle v\u00e6re nogle produkter, der netop passer til dig og dine kr\u00f8ller.<\/p>","protected":false},"excerpt":{"rendered":"<ul>\n<li>Fugtende og plejende leave-in-balsam<\/li>\n<li>Er s\u00e6rligt god til kr\u00f8llet og b\u00f8lget h\u00e5r<\/li>\n<li>Indeholder sunde ingredienser som jojobaolie og avocado<\/li>\n<li>Ideel til pleje af h\u00e5ret mellem h\u00e5rvaske<\/li>\n<li>Inneh\u00e5ller protein<\/li>\n<li>St\u00f8rrelse: 473 ml<\/li>\n<\/ul>","protected":false},"featured_media":47518,"comment_status":"open","ping_status":"closed","template":"","meta":[],"pwb-brand":[292],"product_brand":[],"product_cat":[137],"product_tag":[92],"giftcard-category":[],"class_list":{"0":"post-47530","1":"product","2":"type-product","3":"status-publish","4":"has-post-thumbnail","6":"pwb-brand-moistful-curl","7":"product_cat-leave-in-balsam","8":"product_tag-protein","10":"first","11":"instock","12":"taxable","13":"shipping-taxable","14":"purchasable","15":"product-type-simple"},"bundled_by":[],"bundle_stock_status":"instock","bundle_stock_quantity":6,"bundle_virtual":false,"bundle_layout":"","bundle_add_to_cart_form_location":"","bundle_editable_in_cart":false,"bundle_sold_individually_context":"","bundle_item_grouping":"","bundle_min_size":"","bundle_max_size":"","bundle_price":[],"bundled_items":[],"bundle_sell_ids":[],"supplier_id":null,"supplier_sku":"","barcode":null,"atum_controlled":true,"out_stock_date":null,"out_stock_threshold":null,"inheritable":false,"inbound_stock":0,"stock_on_hold":0,"sold_today":0,"sales_last_days":1,"reserved_stock":0,"customer_returns":0,"warehouse_damage":0,"lost_in_post":0,"other_logs":0,"out_stock_days":0,"lost_sales":0,"has_location":false,"update_date":"2026-04-28T11:11:25","atum_locations":[],"atum_stock_status":"instock","restock_status":false,"low_stock_amount":9,"sales_update_date":"2026-04-28T11:11:24","calc_backorders":null,"yoast_head":"<!-- This site is optimized with the Yoast SEO plugin v25.6 - https:\/\/yoast.com\/wordpress\/plugins\/seo\/ -->\n<title>Moistful Curl - No Knots Leave-in Conditioner | CurlsForYou<\/title>\n<meta name=\"description\" content=\"Brug No Knots Leave-in Conditioner fra Moistful Curl, og f\u00e5 bl\u00f8dt h\u00e5r i en fart. F\u00e5 den hos CurlsForYou\" \/>\n<meta name=\"robots\" content=\"index, follow, max-snippet:-1, max-image-preview:large, max-video-preview:-1\" \/>\n<link rel=\"canonical\" href=\"https:\/\/curlsforyou.dk\/se\/product\/moistful-curl-no-knots-leave-in-conditioner\/\" \/>\n<meta property=\"og:locale\" content=\"sv_SE\" \/>\n<meta property=\"og:type\" content=\"article\" \/>\n<meta property=\"og:title\" content=\"Moistful Curl - No Knots Leave-in Conditioner | CurlsForYou\" \/>\n<meta property=\"og:description\" content=\"Brug No Knots Leave-in Conditioner fra Moistful Curl, og f\u00e5 bl\u00f8dt h\u00e5r i en fart. F\u00e5 den hos CurlsForYou\" \/>\n<meta property=\"og:url\" content=\"https:\/\/curlsforyou.dk\/se\/product\/moistful-curl-no-knots-leave-in-conditioner\/\" \/>\n<meta property=\"article:publisher\" content=\"https:\/\/www.facebook.com\/curlsforyou\" \/>\n<meta property=\"article:modified_time\" content=\"2026-04-23T21:03:12+00:00\" \/>\n<meta property=\"og:image\" content=\"https:\/\/curlsforyou.dk\/app\/uploads\/2021\/12\/Moistful-Curl-Leave-In-front-800x800-1.jpg\" \/>\n\t<meta property=\"og:image:width\" content=\"800\" \/>\n\t<meta property=\"og:image:height\" content=\"800\" \/>\n\t<meta property=\"og:image:type\" content=\"image\/jpeg\" \/>\n<meta name=\"twitter:card\" content=\"summary_large_image\" \/>\n<meta name=\"twitter:label1\" content=\"Ber\u00e4knad l\u00e4stid\" \/>\n\t<meta name=\"twitter:data1\" content=\"3 minuter\" \/>\n<script type=\"application\/ld+json\" class=\"yoast-schema-graph\">{\"@context\":\"https:\/\/schema.org\",\"@graph\":[{\"@type\":\"WebPage\",\"@id\":\"https:\/\/curlsforyou.dk\/vare\/moistful-curl-no-knots-leave-in-conditioner\/\",\"url\":\"https:\/\/curlsforyou.dk\/vare\/moistful-curl-no-knots-leave-in-conditioner\/\",\"name\":\"Moistful Curl - No Knots Leave-in Conditioner | CurlsForYou\",\"isPartOf\":{\"@id\":\"https:\/\/curlsforyou.dk\/#website\"},\"primaryImageOfPage\":{\"@id\":\"https:\/\/curlsforyou.dk\/vare\/moistful-curl-no-knots-leave-in-conditioner\/#primaryimage\"},\"image\":{\"@id\":\"https:\/\/curlsforyou.dk\/vare\/moistful-curl-no-knots-leave-in-conditioner\/#primaryimage\"},\"thumbnailUrl\":\"https:\/\/curlsforyou.dk\/app\/uploads\/2021\/12\/Moistful-Curl-Leave-In-front-800x800-1.jpg\",\"datePublished\":\"2021-12-22T20:38:45+00:00\",\"dateModified\":\"2026-04-23T21:03:12+00:00\",\"description\":\"Brug No Knots Leave-in Conditioner fra Moistful Curl, og f\u00e5 bl\u00f8dt h\u00e5r i en fart. F\u00e5 den hos CurlsForYou\",\"breadcrumb\":{\"@id\":\"https:\/\/curlsforyou.dk\/vare\/moistful-curl-no-knots-leave-in-conditioner\/#breadcrumb\"},\"inLanguage\":\"sv-SE\",\"potentialAction\":[{\"@type\":\"ReadAction\",\"target\":[\"https:\/\/curlsforyou.dk\/vare\/moistful-curl-no-knots-leave-in-conditioner\/\"]}]},{\"@type\":\"ImageObject\",\"inLanguage\":\"sv-SE\",\"@id\":\"https:\/\/curlsforyou.dk\/vare\/moistful-curl-no-knots-leave-in-conditioner\/#primaryimage\",\"url\":\"https:\/\/curlsforyou.dk\/app\/uploads\/2021\/12\/Moistful-Curl-Leave-In-front-800x800-1.jpg\",\"contentUrl\":\"https:\/\/curlsforyou.dk\/app\/uploads\/2021\/12\/Moistful-Curl-Leave-In-front-800x800-1.jpg\",\"width\":800,\"height\":800,\"caption\":\"Moistful Curl Curl Enhancing Leave-in balsam front billede\"},{\"@type\":\"BreadcrumbList\",\"@id\":\"https:\/\/curlsforyou.dk\/vare\/moistful-curl-no-knots-leave-in-conditioner\/#breadcrumb\",\"itemListElement\":[{\"@type\":\"ListItem\",\"position\":1,\"name\":\"Hjem\",\"item\":\"https:\/\/curlsforyou.dk\/\"},{\"@type\":\"ListItem\",\"position\":2,\"name\":\"Shop\",\"item\":\"https:\/\/curlsforyou.dk\/shop\/\"},{\"@type\":\"ListItem\",\"position\":3,\"name\":\"Moistful Curl \u2013 No Knots Leave-in Conditioner\"}]},{\"@type\":\"WebSite\",\"@id\":\"https:\/\/curlsforyou.dk\/#website\",\"url\":\"https:\/\/curlsforyou.dk\/\",\"name\":\"\",\"description\":\"\",\"publisher\":{\"@id\":\"https:\/\/curlsforyou.dk\/#organization\"},\"potentialAction\":[{\"@type\":\"SearchAction\",\"target\":{\"@type\":\"EntryPoint\",\"urlTemplate\":\"https:\/\/curlsforyou.dk\/?s={search_term_string}\"},\"query-input\":{\"@type\":\"PropertyValueSpecification\",\"valueRequired\":true,\"valueName\":\"search_term_string\"}}],\"inLanguage\":\"sv-SE\"},{\"@type\":\"Organization\",\"@id\":\"https:\/\/curlsforyou.dk\/#organization\",\"name\":\"CurlsForYou\",\"url\":\"https:\/\/curlsforyou.dk\/\",\"logo\":{\"@type\":\"ImageObject\",\"inLanguage\":\"sv-SE\",\"@id\":\"https:\/\/curlsforyou.dk\/#\/schema\/logo\/image\/\",\"url\":\"\",\"contentUrl\":\"\",\"caption\":\"CurlsForYou\"},\"image\":{\"@id\":\"https:\/\/curlsforyou.dk\/#\/schema\/logo\/image\/\"},\"sameAs\":[\"https:\/\/www.facebook.com\/curlsforyou\",\"https:\/\/www.instagram.com\/curlsforyou.dk\/\"]}]}<\/script>\n<!-- \/ Yoast SEO plugin. -->","yoast_head_json":{"title":"Moistful Curl - No Knots Leave-in Conditioner | CurlsForYou","description":"Brug No Knots Leave-in Conditioner fra Moistful Curl, og f\u00e5 bl\u00f8dt h\u00e5r i en fart. F\u00e5 den hos CurlsForYou","robots":{"index":"index","follow":"follow","max-snippet":"max-snippet:-1","max-image-preview":"max-image-preview:large","max-video-preview":"max-video-preview:-1"},"canonical":"https:\/\/curlsforyou.dk\/se\/product\/moistful-curl-no-knots-leave-in-conditioner\/","og_locale":"sv_SE","og_type":"article","og_title":"Moistful Curl - No Knots Leave-in Conditioner | CurlsForYou","og_description":"Brug No Knots Leave-in Conditioner fra Moistful Curl, og f\u00e5 bl\u00f8dt h\u00e5r i en fart. F\u00e5 den hos CurlsForYou","og_url":"https:\/\/curlsforyou.dk\/se\/product\/moistful-curl-no-knots-leave-in-conditioner\/","article_publisher":"https:\/\/www.facebook.com\/curlsforyou","article_modified_time":"2026-04-23T21:03:12+00:00","og_image":[{"width":800,"height":800,"url":"https:\/\/curlsforyou.dk\/app\/uploads\/2021\/12\/Moistful-Curl-Leave-In-front-800x800-1.jpg","type":"image\/jpeg"}],"twitter_card":"summary_large_image","twitter_misc":{"Ber\u00e4knad l\u00e4stid":"3 minuter"},"schema":{"@context":"https:\/\/schema.org","@graph":[{"@type":"WebPage","@id":"https:\/\/curlsforyou.dk\/vare\/moistful-curl-no-knots-leave-in-conditioner\/","url":"https:\/\/curlsforyou.dk\/vare\/moistful-curl-no-knots-leave-in-conditioner\/","name":"Moistful Curl - No Knots Leave-in Conditioner | CurlsForYou","isPartOf":{"@id":"https:\/\/curlsforyou.dk\/#website"},"primaryImageOfPage":{"@id":"https:\/\/curlsforyou.dk\/vare\/moistful-curl-no-knots-leave-in-conditioner\/#primaryimage"},"image":{"@id":"https:\/\/curlsforyou.dk\/vare\/moistful-curl-no-knots-leave-in-conditioner\/#primaryimage"},"thumbnailUrl":"https:\/\/curlsforyou.dk\/app\/uploads\/2021\/12\/Moistful-Curl-Leave-In-front-800x800-1.jpg","datePublished":"2021-12-22T20:38:45+00:00","dateModified":"2026-04-23T21:03:12+00:00","description":"Brug No Knots Leave-in Conditioner fra Moistful Curl, og f\u00e5 bl\u00f8dt h\u00e5r i en fart. F\u00e5 den hos CurlsForYou","breadcrumb":{"@id":"https:\/\/curlsforyou.dk\/vare\/moistful-curl-no-knots-leave-in-conditioner\/#breadcrumb"},"inLanguage":"sv-SE","potentialAction":[{"@type":"ReadAction","target":["https:\/\/curlsforyou.dk\/vare\/moistful-curl-no-knots-leave-in-conditioner\/"]}]},{"@type":"ImageObject","inLanguage":"sv-SE","@id":"https:\/\/curlsforyou.dk\/vare\/moistful-curl-no-knots-leave-in-conditioner\/#primaryimage","url":"https:\/\/curlsforyou.dk\/app\/uploads\/2021\/12\/Moistful-Curl-Leave-In-front-800x800-1.jpg","contentUrl":"https:\/\/curlsforyou.dk\/app\/uploads\/2021\/12\/Moistful-Curl-Leave-In-front-800x800-1.jpg","width":800,"height":800,"caption":"Moistful Curl Curl Enhancing Leave-in balsam front billede"},{"@type":"BreadcrumbList","@id":"https:\/\/curlsforyou.dk\/vare\/moistful-curl-no-knots-leave-in-conditioner\/#breadcrumb","itemListElement":[{"@type":"ListItem","position":1,"name":"Hjem","item":"https:\/\/curlsforyou.dk\/"},{"@type":"ListItem","position":2,"name":"Shop","item":"https:\/\/curlsforyou.dk\/shop\/"},{"@type":"ListItem","position":3,"name":"Moistful Curl \u2013 No Knots Leave-in Conditioner"}]},{"@type":"WebSite","@id":"https:\/\/curlsforyou.dk\/#website","url":"https:\/\/curlsforyou.dk\/","name":"","description":"","publisher":{"@id":"https:\/\/curlsforyou.dk\/#organization"},"potentialAction":[{"@type":"SearchAction","target":{"@type":"EntryPoint","urlTemplate":"https:\/\/curlsforyou.dk\/?s={search_term_string}"},"query-input":{"@type":"PropertyValueSpecification","valueRequired":true,"valueName":"search_term_string"}}],"inLanguage":"sv-SE"},{"@type":"Organization","@id":"https:\/\/curlsforyou.dk\/#organization","name":"CurlsForYou","url":"https:\/\/curlsforyou.dk\/","logo":{"@type":"ImageObject","inLanguage":"sv-SE","@id":"https:\/\/curlsforyou.dk\/#\/schema\/logo\/image\/","url":"","contentUrl":"","caption":"CurlsForYou"},"image":{"@id":"https:\/\/curlsforyou.dk\/#\/schema\/logo\/image\/"},"sameAs":["https:\/\/www.facebook.com\/curlsforyou","https:\/\/www.instagram.com\/curlsforyou.dk\/"]}]}},"brands":[{"id":292,"name":"Moistful Curl","slug":"moistful-curl"}],"_links":{"self":[{"href":"https:\/\/curlsforyou.dk\/se\/wp-json\/wp\/v2\/product\/47530","targetHints":{"allow":["GET"]}}],"collection":[{"href":"https:\/\/curlsforyou.dk\/se\/wp-json\/wp\/v2\/product"}],"about":[{"href":"https:\/\/curlsforyou.dk\/se\/wp-json\/wp\/v2\/types\/product"}],"replies":[{"embeddable":true,"href":"https:\/\/curlsforyou.dk\/se\/wp-json\/wp\/v2\/comments?post=47530"}],"version-history":[{"count":0,"href":"https:\/\/curlsforyou.dk\/se\/wp-json\/wp\/v2\/product\/47530\/revisions"}],"wp:featuredmedia":[{"embeddable":true,"href":"https:\/\/curlsforyou.dk\/se\/wp-json\/wp\/v2\/media\/47518"}],"wp:attachment":[{"href":"https:\/\/curlsforyou.dk\/se\/wp-json\/wp\/v2\/media?parent=47530"}],"wp:term":[{"taxonomy":"pwb-brand","embeddable":true,"href":"https:\/\/curlsforyou.dk\/se\/wp-json\/wp\/v2\/pwb-brand?post=47530"},{"taxonomy":"product_brand","embeddable":true,"href":"https:\/\/curlsforyou.dk\/se\/wp-json\/wp\/v2\/product_brand?post=47530"},{"taxonomy":"product_cat","embeddable":true,"href":"https:\/\/curlsforyou.dk\/se\/wp-json\/wp\/v2\/product_cat?post=47530"},{"taxonomy":"product_tag","embeddable":true,"href":"https:\/\/curlsforyou.dk\/se\/wp-json\/wp\/v2\/product_tag?post=47530"},{"taxonomy":"giftcard-category","embeddable":true,"href":"https:\/\/curlsforyou.dk\/se\/wp-json\/wp\/v2\/giftcard-category?post=47530"}],"curies":[{"name":"wp","href":"https:\/\/api.w.org\/{rel}","templated":true}]}}