{"id":46403,"date":"2021-11-30T20:50:28","date_gmt":"2021-11-30T19:50:28","guid":{"rendered":"https:\/\/curlsforyou.dk\/?post_type=product&#038;p=46403"},"modified":"2026-03-29T23:52:22","modified_gmt":"2026-03-29T21:52:22","slug":"curlygirlmovement-cleansing-co-wash","status":"publish","type":"product","link":"https:\/\/curlsforyou.dk\/se\/product\/curlygirlmovement-cleansing-co-wash\/","title":{"rendered":"CurlyGirlMovement &#8211; Cleansing Co-wash"},"content":{"rendered":"<p>Er du p\u00e5 udkig efter et godt alternativ til at vaske h\u00e5ret med shampoo hver dag? S\u00e5 kan en god co-wash meget muligt v\u00e6re svaret for dig. Og med Cleansing Co-Wash fra CurlyGirlMovement f\u00e5r du en rigtig god af slagsen, der med sine n\u00e6rende ingredienser p\u00e5 en blid m\u00e5de renser og plejer dit kr\u00f8llede h\u00e5r.<\/p>\n<p>Cleansing Co-Wash indeholder blandt andet tamanu-olie, der virkelig kan rense og friske dit h\u00e5r og din hovedbund op, og quinoa, der g\u00e5r ind og danner et beskyttende lag omkring dine h\u00e5rstr\u00e5. Det er dermed en ideel kombination til dig, der \u00f8nsker at f\u00e5 renset og opfrisket dine kr\u00f8ller i l\u00f8bet af ugen, men ikke har lyst til at vaske h\u00e5ret med shampoo hver dag.<\/p>\n<h2>Opfriskende for h\u00e5r og hovedbund med en god co-wash<\/h2>\n<p>Men hvad er det nu lige, en co-wash er? Og b\u00f8r jeg ikke vaske mit h\u00e5r hver dag for at holde det friskt og l\u00e6kkert? Kunne man sp\u00f8rge sig selv om. Og det er selvf\u00f8lgelig ret individuelt, hvor hyppigt man vasker sit h\u00e5r. Men skulle h\u00e5ret selv bestemme, ville det nok takke p\u00e6nt nej til at blive vasket hver dag. Det kan, s\u00e6rligt for kr\u00f8llet h\u00e5r, v\u00e6ret \u201dh\u00e5rdt\u201d og udt\u00f8rrende at blive vasket med shampoo hver dag, og her kan en co-wash som denne fra CurlyGirlMovement v\u00e6re et super alternativ, som dit h\u00e5r vil elske dig for at bruge indimellem. L\u00e6s evt. mere om, hvad co-wash er, <a href=\"https:\/\/curlsforyou.dk\/se\/vare-kategori\/vask-rens\/co-wash\/\">h\u00e4r<\/a>.<\/p>\n<p>Har du kr\u00f8ller, er dit h\u00e5r typisk mere sart og vil have en tendens til hurtigere at blive t\u00f8rt og have brug for mere pleje end h\u00e5r uden kr\u00f8ller. Her hos CurlsForYou g\u00e5r vi naturligvis meget op i sunde og velplejede kr\u00f8ller, hvilket afspejler sig i vores store udvalg af sk\u00f8nne, plejende h\u00e5rprodukter uden skadende ingredienser som sulfater og silikone, og herunder finder du alts\u00e5 ogs\u00e5 Cleansing Co-Wash fra CurlyGirlMovement.<\/p>\n<h2>Hvordan bruger jeg Cleansing Co-Wash?<\/h2>\n<p>Produktet bruges blot som (men i stedet for) shampoo, hvor en passende m\u00e6ngde kommes i v\u00e5dt h\u00e5r. Herefter skal du massere det godt ind i hovedbunden og skrubbe denne med fingrene for at f\u00e5 snavset ud, f\u00f8r du skyller co-washen ud. M\u00e6rk det forfriskende resultat, og style dine smukke kr\u00f8ller, som du vil.<\/p>\n<p>Du kan med fordel bruge nogle andre af de sk\u00f8nne h\u00e5rprodukter fra <a href=\"https:\/\/curlsforyou.dk\/se\/brand\/curlygirlmovement\/\">CurlyGirlMovement<\/a> sammen med co-washen, hvilket vil give dig en samlet helhed i din h\u00e5rplejerutine, som dine kr\u00f8ller helt sikkert vil hilse velkommen.<\/p>","protected":false},"excerpt":{"rendered":"<ul>\n<li>Proteinrig co-wash<\/li>\n<li>Fugter og n\u00e6rer dine kr\u00f8ller med naturlige ingredienser<\/li>\n<li>Perfekt til at opfriske dit h\u00e5r og din hovedbund mellem h\u00e5rvaskene<\/li>\n<li>Indeholder quinoa og tamanu-olie<\/li>\n<li>Storlek: 250ml<\/li>\n<\/ul>","protected":false},"featured_media":96320,"comment_status":"open","ping_status":"closed","template":"","meta":[],"pwb-brand":[114],"product_brand":[],"product_cat":[141],"product_tag":[92],"giftcard-category":[],"class_list":{"0":"post-46403","1":"product","2":"type-product","3":"status-publish","4":"has-post-thumbnail","6":"pwb-brand-curlygirlmovement","7":"product_cat-co-wash","8":"product_tag-protein","10":"first","11":"instock","12":"taxable","13":"shipping-taxable","14":"purchasable","15":"product-type-simple"},"bundled_by":[],"bundle_stock_status":"instock","bundle_stock_quantity":11,"bundle_virtual":false,"bundle_layout":"","bundle_add_to_cart_form_location":"","bundle_editable_in_cart":false,"bundle_sold_individually_context":"","bundle_item_grouping":"","bundle_min_size":"","bundle_max_size":"","bundle_price":[],"bundled_items":[],"bundle_sell_ids":[],"supplier_id":null,"supplier_sku":"","barcode":null,"atum_controlled":true,"out_stock_date":null,"out_stock_threshold":null,"inheritable":false,"inbound_stock":0,"stock_on_hold":0,"sold_today":0,"sales_last_days":0,"reserved_stock":0,"customer_returns":0,"warehouse_damage":0,"lost_in_post":0,"other_logs":0,"out_stock_days":0,"lost_sales":0,"has_location":false,"update_date":"2026-05-04T11:17:28","atum_locations":[],"atum_stock_status":"instock","restock_status":false,"low_stock_amount":"","sales_update_date":"2026-05-04T11:17:27","calc_backorders":null,"yoast_head":"<!-- This site is optimized with the Yoast SEO plugin v25.6 - https:\/\/yoast.com\/wordpress\/plugins\/seo\/ -->\n<title>CurlyGirlMovement Cleansing Co-Wash | CurlsForYou<\/title>\n<meta name=\"description\" content=\"Genopfrisk dit h\u00e5r mellem h\u00e5rvaskene med Cleansing Co-Wash fra CurlyGirlMovement hos CurlsForYou.dk\" \/>\n<meta name=\"robots\" content=\"index, follow, max-snippet:-1, max-image-preview:large, max-video-preview:-1\" \/>\n<link rel=\"canonical\" href=\"https:\/\/curlsforyou.dk\/se\/product\/curlygirlmovement-cleansing-co-wash\/\" \/>\n<meta property=\"og:locale\" content=\"sv_SE\" \/>\n<meta property=\"og:type\" content=\"article\" \/>\n<meta property=\"og:title\" content=\"CurlyGirlMovement Cleansing Co-Wash | CurlsForYou\" \/>\n<meta property=\"og:description\" content=\"Genopfrisk dit h\u00e5r mellem h\u00e5rvaskene med Cleansing Co-Wash fra CurlyGirlMovement hos CurlsForYou.dk\" \/>\n<meta property=\"og:url\" content=\"https:\/\/curlsforyou.dk\/se\/product\/curlygirlmovement-cleansing-co-wash\/\" \/>\n<meta property=\"article:publisher\" content=\"https:\/\/www.facebook.com\/curlsforyou\" \/>\n<meta property=\"article:modified_time\" content=\"2026-03-29T21:52:22+00:00\" \/>\n<meta property=\"og:image\" content=\"https:\/\/curlsforyou.dk\/app\/uploads\/2021\/11\/CurlyGirl-Mowement-Cleansing-Co-Wash.png\" \/>\n\t<meta property=\"og:image:width\" content=\"800\" \/>\n\t<meta property=\"og:image:height\" content=\"800\" \/>\n\t<meta property=\"og:image:type\" content=\"image\/png\" \/>\n<meta name=\"twitter:card\" content=\"summary_large_image\" \/>\n<meta name=\"twitter:label1\" content=\"Ber\u00e4knad l\u00e4stid\" \/>\n\t<meta name=\"twitter:data1\" content=\"3 minuter\" \/>\n<script type=\"application\/ld+json\" class=\"yoast-schema-graph\">{\"@context\":\"https:\/\/schema.org\",\"@graph\":[{\"@type\":\"WebPage\",\"@id\":\"https:\/\/curlsforyou.dk\/vare\/curlygirlmovement-cleansing-co-wash\/\",\"url\":\"https:\/\/curlsforyou.dk\/vare\/curlygirlmovement-cleansing-co-wash\/\",\"name\":\"CurlyGirlMovement Cleansing Co-Wash | CurlsForYou\",\"isPartOf\":{\"@id\":\"https:\/\/curlsforyou.dk\/#website\"},\"primaryImageOfPage\":{\"@id\":\"https:\/\/curlsforyou.dk\/vare\/curlygirlmovement-cleansing-co-wash\/#primaryimage\"},\"image\":{\"@id\":\"https:\/\/curlsforyou.dk\/vare\/curlygirlmovement-cleansing-co-wash\/#primaryimage\"},\"thumbnailUrl\":\"https:\/\/curlsforyou.dk\/app\/uploads\/2021\/11\/CurlyGirl-Mowement-Cleansing-Co-Wash.png\",\"datePublished\":\"2021-11-30T19:50:28+00:00\",\"dateModified\":\"2026-03-29T21:52:22+00:00\",\"description\":\"Genopfrisk dit h\u00e5r mellem h\u00e5rvaskene med Cleansing Co-Wash fra CurlyGirlMovement hos CurlsForYou.dk\",\"breadcrumb\":{\"@id\":\"https:\/\/curlsforyou.dk\/vare\/curlygirlmovement-cleansing-co-wash\/#breadcrumb\"},\"inLanguage\":\"sv-SE\",\"potentialAction\":[{\"@type\":\"ReadAction\",\"target\":[\"https:\/\/curlsforyou.dk\/vare\/curlygirlmovement-cleansing-co-wash\/\"]}]},{\"@type\":\"ImageObject\",\"inLanguage\":\"sv-SE\",\"@id\":\"https:\/\/curlsforyou.dk\/vare\/curlygirlmovement-cleansing-co-wash\/#primaryimage\",\"url\":\"https:\/\/curlsforyou.dk\/app\/uploads\/2021\/11\/CurlyGirl-Mowement-Cleansing-Co-Wash.png\",\"contentUrl\":\"https:\/\/curlsforyou.dk\/app\/uploads\/2021\/11\/CurlyGirl-Mowement-Cleansing-Co-Wash.png\",\"width\":800,\"height\":800,\"caption\":\"CurlyGirl Mowement - Cleansing Co-Wash\"},{\"@type\":\"BreadcrumbList\",\"@id\":\"https:\/\/curlsforyou.dk\/vare\/curlygirlmovement-cleansing-co-wash\/#breadcrumb\",\"itemListElement\":[{\"@type\":\"ListItem\",\"position\":1,\"name\":\"Hjem\",\"item\":\"https:\/\/curlsforyou.dk\/\"},{\"@type\":\"ListItem\",\"position\":2,\"name\":\"Shop\",\"item\":\"https:\/\/curlsforyou.dk\/shop\/\"},{\"@type\":\"ListItem\",\"position\":3,\"name\":\"CurlyGirlMovement &#8211; Cleansing Co-wash\"}]},{\"@type\":\"WebSite\",\"@id\":\"https:\/\/curlsforyou.dk\/#website\",\"url\":\"https:\/\/curlsforyou.dk\/\",\"name\":\"\",\"description\":\"\",\"publisher\":{\"@id\":\"https:\/\/curlsforyou.dk\/#organization\"},\"potentialAction\":[{\"@type\":\"SearchAction\",\"target\":{\"@type\":\"EntryPoint\",\"urlTemplate\":\"https:\/\/curlsforyou.dk\/?s={search_term_string}\"},\"query-input\":{\"@type\":\"PropertyValueSpecification\",\"valueRequired\":true,\"valueName\":\"search_term_string\"}}],\"inLanguage\":\"sv-SE\"},{\"@type\":\"Organization\",\"@id\":\"https:\/\/curlsforyou.dk\/#organization\",\"name\":\"CurlsForYou\",\"url\":\"https:\/\/curlsforyou.dk\/\",\"logo\":{\"@type\":\"ImageObject\",\"inLanguage\":\"sv-SE\",\"@id\":\"https:\/\/curlsforyou.dk\/#\/schema\/logo\/image\/\",\"url\":\"\",\"contentUrl\":\"\",\"caption\":\"CurlsForYou\"},\"image\":{\"@id\":\"https:\/\/curlsforyou.dk\/#\/schema\/logo\/image\/\"},\"sameAs\":[\"https:\/\/www.facebook.com\/curlsforyou\",\"https:\/\/www.instagram.com\/curlsforyou.dk\/\"]}]}<\/script>\n<!-- \/ Yoast SEO plugin. -->","yoast_head_json":{"title":"CurlyGirlMovement Cleansing Co-Wash | CurlsForYou","description":"Genopfrisk dit h\u00e5r mellem h\u00e5rvaskene med Cleansing Co-Wash fra CurlyGirlMovement hos CurlsForYou.dk","robots":{"index":"index","follow":"follow","max-snippet":"max-snippet:-1","max-image-preview":"max-image-preview:large","max-video-preview":"max-video-preview:-1"},"canonical":"https:\/\/curlsforyou.dk\/se\/product\/curlygirlmovement-cleansing-co-wash\/","og_locale":"sv_SE","og_type":"article","og_title":"CurlyGirlMovement Cleansing Co-Wash | CurlsForYou","og_description":"Genopfrisk dit h\u00e5r mellem h\u00e5rvaskene med Cleansing Co-Wash fra CurlyGirlMovement hos CurlsForYou.dk","og_url":"https:\/\/curlsforyou.dk\/se\/product\/curlygirlmovement-cleansing-co-wash\/","article_publisher":"https:\/\/www.facebook.com\/curlsforyou","article_modified_time":"2026-03-29T21:52:22+00:00","og_image":[{"width":800,"height":800,"url":"https:\/\/curlsforyou.dk\/app\/uploads\/2021\/11\/CurlyGirl-Mowement-Cleansing-Co-Wash.png","type":"image\/png"}],"twitter_card":"summary_large_image","twitter_misc":{"Ber\u00e4knad l\u00e4stid":"3 minuter"},"schema":{"@context":"https:\/\/schema.org","@graph":[{"@type":"WebPage","@id":"https:\/\/curlsforyou.dk\/vare\/curlygirlmovement-cleansing-co-wash\/","url":"https:\/\/curlsforyou.dk\/vare\/curlygirlmovement-cleansing-co-wash\/","name":"CurlyGirlMovement Cleansing Co-Wash | CurlsForYou","isPartOf":{"@id":"https:\/\/curlsforyou.dk\/#website"},"primaryImageOfPage":{"@id":"https:\/\/curlsforyou.dk\/vare\/curlygirlmovement-cleansing-co-wash\/#primaryimage"},"image":{"@id":"https:\/\/curlsforyou.dk\/vare\/curlygirlmovement-cleansing-co-wash\/#primaryimage"},"thumbnailUrl":"https:\/\/curlsforyou.dk\/app\/uploads\/2021\/11\/CurlyGirl-Mowement-Cleansing-Co-Wash.png","datePublished":"2021-11-30T19:50:28+00:00","dateModified":"2026-03-29T21:52:22+00:00","description":"Genopfrisk dit h\u00e5r mellem h\u00e5rvaskene med Cleansing Co-Wash fra CurlyGirlMovement hos CurlsForYou.dk","breadcrumb":{"@id":"https:\/\/curlsforyou.dk\/vare\/curlygirlmovement-cleansing-co-wash\/#breadcrumb"},"inLanguage":"sv-SE","potentialAction":[{"@type":"ReadAction","target":["https:\/\/curlsforyou.dk\/vare\/curlygirlmovement-cleansing-co-wash\/"]}]},{"@type":"ImageObject","inLanguage":"sv-SE","@id":"https:\/\/curlsforyou.dk\/vare\/curlygirlmovement-cleansing-co-wash\/#primaryimage","url":"https:\/\/curlsforyou.dk\/app\/uploads\/2021\/11\/CurlyGirl-Mowement-Cleansing-Co-Wash.png","contentUrl":"https:\/\/curlsforyou.dk\/app\/uploads\/2021\/11\/CurlyGirl-Mowement-Cleansing-Co-Wash.png","width":800,"height":800,"caption":"CurlyGirl Mowement - Cleansing Co-Wash"},{"@type":"BreadcrumbList","@id":"https:\/\/curlsforyou.dk\/vare\/curlygirlmovement-cleansing-co-wash\/#breadcrumb","itemListElement":[{"@type":"ListItem","position":1,"name":"Hjem","item":"https:\/\/curlsforyou.dk\/"},{"@type":"ListItem","position":2,"name":"Shop","item":"https:\/\/curlsforyou.dk\/shop\/"},{"@type":"ListItem","position":3,"name":"CurlyGirlMovement &#8211; Cleansing Co-wash"}]},{"@type":"WebSite","@id":"https:\/\/curlsforyou.dk\/#website","url":"https:\/\/curlsforyou.dk\/","name":"","description":"","publisher":{"@id":"https:\/\/curlsforyou.dk\/#organization"},"potentialAction":[{"@type":"SearchAction","target":{"@type":"EntryPoint","urlTemplate":"https:\/\/curlsforyou.dk\/?s={search_term_string}"},"query-input":{"@type":"PropertyValueSpecification","valueRequired":true,"valueName":"search_term_string"}}],"inLanguage":"sv-SE"},{"@type":"Organization","@id":"https:\/\/curlsforyou.dk\/#organization","name":"CurlsForYou","url":"https:\/\/curlsforyou.dk\/","logo":{"@type":"ImageObject","inLanguage":"sv-SE","@id":"https:\/\/curlsforyou.dk\/#\/schema\/logo\/image\/","url":"","contentUrl":"","caption":"CurlsForYou"},"image":{"@id":"https:\/\/curlsforyou.dk\/#\/schema\/logo\/image\/"},"sameAs":["https:\/\/www.facebook.com\/curlsforyou","https:\/\/www.instagram.com\/curlsforyou.dk\/"]}]}},"brands":[{"id":114,"name":"CurlyGirlMovement","slug":"curlygirlmovement"}],"_links":{"self":[{"href":"https:\/\/curlsforyou.dk\/se\/wp-json\/wp\/v2\/product\/46403","targetHints":{"allow":["GET"]}}],"collection":[{"href":"https:\/\/curlsforyou.dk\/se\/wp-json\/wp\/v2\/product"}],"about":[{"href":"https:\/\/curlsforyou.dk\/se\/wp-json\/wp\/v2\/types\/product"}],"replies":[{"embeddable":true,"href":"https:\/\/curlsforyou.dk\/se\/wp-json\/wp\/v2\/comments?post=46403"}],"version-history":[{"count":0,"href":"https:\/\/curlsforyou.dk\/se\/wp-json\/wp\/v2\/product\/46403\/revisions"}],"wp:featuredmedia":[{"embeddable":true,"href":"https:\/\/curlsforyou.dk\/se\/wp-json\/wp\/v2\/media\/96320"}],"wp:attachment":[{"href":"https:\/\/curlsforyou.dk\/se\/wp-json\/wp\/v2\/media?parent=46403"}],"wp:term":[{"taxonomy":"pwb-brand","embeddable":true,"href":"https:\/\/curlsforyou.dk\/se\/wp-json\/wp\/v2\/pwb-brand?post=46403"},{"taxonomy":"product_brand","embeddable":true,"href":"https:\/\/curlsforyou.dk\/se\/wp-json\/wp\/v2\/product_brand?post=46403"},{"taxonomy":"product_cat","embeddable":true,"href":"https:\/\/curlsforyou.dk\/se\/wp-json\/wp\/v2\/product_cat?post=46403"},{"taxonomy":"product_tag","embeddable":true,"href":"https:\/\/curlsforyou.dk\/se\/wp-json\/wp\/v2\/product_tag?post=46403"},{"taxonomy":"giftcard-category","embeddable":true,"href":"https:\/\/curlsforyou.dk\/se\/wp-json\/wp\/v2\/giftcard-category?post=46403"}],"curies":[{"name":"wp","href":"https:\/\/api.w.org\/{rel}","templated":true}]}}