{"id":43702,"date":"2021-10-17T20:10:41","date_gmt":"2021-10-17T18:10:41","guid":{"rendered":"https:\/\/curlsforyou.dk\/?post_type=product&#038;p=43702"},"modified":"2026-04-27T09:38:16","modified_gmt":"2026-04-27T07:38:16","slug":"curly-secret-scrunching-oil","status":"publish","type":"product","link":"https:\/\/curlsforyou.dk\/se\/product\/curly-secret-scrunching-oil\/","title":{"rendered":"Curly Secret &#8211; Scrunching Oil"},"content":{"rendered":"<p>Med denne sk\u00f8nne Scrunching Oil fra Curly Secret har du den perfekte h\u00e5rolie til the finishing touch, n\u00e5r du styler h\u00e5ret. Olien er ganske let og tynger dermed ikke s\u00e5 nemt h\u00e5ret, uanset om det er glat, b\u00f8lget eller kr\u00f8llet. Den indeholder mange gode og n\u00e6rende olier, herunder fra vindruekerne, mandel, hampfr\u00f8 og oliven, og samlet har du alts\u00e5 en h\u00e5rolie, der kan g\u00f8re mange gode ting for dit h\u00e5r.<\/p>\n<p>En s\u00e5dan olie er meget fugtgivende, hvilket is\u00e6r har betydning for et kr\u00f8llet h\u00e5r, som har det med at blive t\u00f8rt, hvilket kan medf\u00f8re et trist, uglet og kruset h\u00e5r med udefinerede kr\u00f8ller. Her kan Scrunching Oil bidrage med fugt og n\u00e6ring, der vil hj\u00e6lpe med at modvirke frizz, g\u00f8re h\u00e5ret mere glansfuldt og medg\u00f8rligt samt kr\u00f8llerne mere definerede og udtryksfulde.<\/p>\n<h2>Brug Scrunching Oil i en Curly Girl-venlig h\u00e5rplejerutine<\/h2>\n<p>Hvis du har kr\u00f8ller, kan det v\u00e6re, du allerede praktiserer en Curly Girl-venlig rutine, der netop tager hensyn til den sartere h\u00e5rtype \u2013 og hvis ikke, er det aldrig for sent at komme i gang. Du kan l\u00e6se meget mere om <a href=\"https:\/\/curlsforyou.dk\/se\/curly-girl-metoden\/curly-girl-metoden\/\">The Curly Girl -metoden<\/a> her p\u00e5 siden, hvor du ogs\u00e5 kan finde et bredt udvalg af forskellige typer produkter til en kr\u00f8llevenlig h\u00e5rpleje- og styling-rutine.<\/p>\n<p>Et af produkterne er s\u00e5ledes denne Scrunching Oil fra Curly Secret, og det er en h\u00e5rolie, du is\u00e6r vil kunne f\u00e5 gl\u00e6de af i styling-rutinen. Inden du n\u00e5r til stylingen, vil dine kr\u00f8ller have bedst af at blive vasket og plejet med ordentlige produkter, for eksempel en god low-poo og en fugtgivende balsam, der ikke indeholder ting som udt\u00f8rrende alkoholer, silikone og skrappe sulfater, som bare vil g\u00f8re mere skade end gavn p\u00e5 dit h\u00e5r.<\/p>\n<p>N\u00e5r dit h\u00e5r er rent og velplejet, kan du begynde at style det \u2013 og for alvor give dine kr\u00f8ller liv og definition. Her g\u00e6lder det blot om at bruge de styling-produkter, du bedst kan lide, og som giver netop dine kr\u00f8ller det, de har brug for, for at de tager sig bedst ud. Mange bruger en gel til at give frisuren hold og kr\u00f8llerne bounce, og her vil man kunne skabe cast, alts\u00e5 en slags h\u00e5rd hinde p\u00e5 h\u00e5rstr\u00e5ene. Denne b\u00f8r, n\u00e5r h\u00e5ret er helt t\u00f8rt, blive \u201dkrammet ud\u201d, s\u00e5 du kan opn\u00e5 bl\u00f8de, definerede kr\u00f8ller, der sidder, som de skal. Og til denne proces kan du med fordel bruge Scrunching Oil \u2013 til at \u201dscrunch out the crunch\u201d. Alt dette kan du l\u00e6se mere om <a href=\"https:\/\/curlsforyou.dk\/se\/curly-girl-metoden\/hvad-er-cast\/\">i blogindl\u00e6gget her<\/a>.<\/p>\n<h2>S\u00e5dan kan du bruge Scrunching Oil<\/h2>\n<p>N\u00e5r du vil \u201dkramme casten\u201d ud af dit h\u00e5r, kan h\u00e5rolien bidrage ved at g\u00f8re processen lettere \u2013 og ved samtidig at byde ind med ekstra fugt, bl\u00f8dhed og glans til h\u00e5ret. Du beh\u00f8ver kun bruge ganske lidt olie for at f\u00e5 det bedste ud af den \u2013 pr\u00f8v med tre dr\u00e5ber til at kramme cast ud af h\u00e5ret, eller med 1-2 dr\u00e5ber til splittede h\u00e5render. Du kan blot fors\u00f8ge dig lidt frem, s\u00e5 du selv finder frem til den mest optimale m\u00e6ngde olie for dig, og p\u00e5 hvilken m\u00e5de olien bedst kan hj\u00e6lpe dig og dit h\u00e5r.<\/p>\n<p>Olien er alts\u00e5 oplagt at bruge til slutningen af stylingen, men foretr\u00e6kker du at bruge en s\u00e5dan h\u00e5rolie til andre steps i h\u00e5rplejerutinen, har du her stadig et fugtgivende, bl\u00f8dg\u00f8rende og n\u00e6rende produkt, der sammen med dig kan give dine kr\u00f8ller et k\u00e6rligt kram. Olien er uden protein, s\u00e5 den kan ogs\u00e5 bruges af dig, der m\u00e5ske er lidt protein-f\u00f8lsom, eller som ikke lige har brug for ekstra protein nu.<\/p>\n<p>Synes du dog, dit h\u00e5r virker ekstra t\u00f8rt og skadet, kan det v\u00e6re en god ide at se p\u00e5 <a href=\"https:\/\/curlsforyou.dk\/se\/vare-tag\/protein\/\">h\u00e5rprodukter med protein<\/a>. S\u00e5 uanset om du leder efter produkter med eller uden protein, og om det er en h\u00e5rolie eller en af de mange andre typer h\u00e5rprodukter, du leder efter, kan du finde et stort udvalg her hos CurlsForYou \u2013 og de er alle godkendte til Curly Girl-metoden, s\u00e5 du roligt kan bruge dem til dine sk\u00f8nne kr\u00f8ller.<\/p>","protected":false},"excerpt":{"rendered":"<ul>\n<li>Sk\u00f8n, let h\u00e5rolie til det sidste touch i h\u00e5rstylingen<\/li>\n<li>Er god til b\u00e5de glat, b\u00f8lget og kr\u00f8llet h\u00e5r<\/li>\n<li>Giver h\u00e5ret glans og g\u00f8r det bl\u00f8dt og medg\u00f8rligt<\/li>\n<li>Er ideel at bruge til \u201dscrunch out the crunch\u201d og til at hj\u00e6lpe splittede ender<\/li>\n<li>Indeholder bl.a. vindruekerneolie, mandelolie og hampfr\u00f8olie<\/li>\n<li>St\u00f8rrelse: 30 ml<\/li>\n<\/ul>","protected":false},"featured_media":107431,"comment_status":"open","ping_status":"closed","template":"","meta":[],"pwb-brand":[291],"product_brand":[],"product_cat":[101],"product_tag":[283],"giftcard-category":[],"class_list":{"0":"post-43702","1":"product","2":"type-product","3":"status-publish","4":"has-post-thumbnail","6":"pwb-brand-curly-secret","7":"product_cat-haarolier","8":"product_tag-protein-fri","10":"first","11":"instock","12":"taxable","13":"shipping-taxable","14":"purchasable","15":"product-type-simple"},"bundled_by":[],"bundle_stock_status":"instock","bundle_stock_quantity":6,"bundle_virtual":false,"bundle_layout":"","bundle_add_to_cart_form_location":"","bundle_editable_in_cart":false,"bundle_sold_individually_context":"","bundle_item_grouping":"","bundle_min_size":"","bundle_max_size":"","bundle_price":[],"bundled_items":[],"bundle_sell_ids":[],"supplier_id":null,"supplier_sku":"","barcode":null,"atum_controlled":true,"out_stock_date":null,"out_stock_threshold":null,"inheritable":false,"inbound_stock":0,"stock_on_hold":0,"sold_today":0,"sales_last_days":4,"reserved_stock":0,"customer_returns":0,"warehouse_damage":0,"lost_in_post":0,"other_logs":0,"out_stock_days":0,"lost_sales":0,"has_location":false,"update_date":"2026-04-29T11:13:53","atum_locations":[],"atum_stock_status":"instock","restock_status":false,"low_stock_amount":"","sales_update_date":"2026-04-29T11:13:49","calc_backorders":null,"yoast_head":"<!-- This site is optimized with the Yoast SEO plugin v25.6 - https:\/\/yoast.com\/wordpress\/plugins\/seo\/ -->\n<title>Curly Secret - Scrunching Oil | CurlsForYou.dk<\/title>\n<meta name=\"description\" content=\"Giv dine kr\u00f8ller det sidste touch i stylingen, og f\u00e5 glansfuldt og bl\u00f8dt h\u00e5r med Curly Secrets h\u00e5rolie Scrunching Oil | CurlsForYou\" \/>\n<meta name=\"robots\" content=\"index, follow, max-snippet:-1, max-image-preview:large, max-video-preview:-1\" \/>\n<link rel=\"canonical\" href=\"https:\/\/curlsforyou.dk\/se\/product\/curly-secret-scrunching-oil\/\" \/>\n<meta property=\"og:locale\" content=\"sv_SE\" \/>\n<meta property=\"og:type\" content=\"article\" \/>\n<meta property=\"og:title\" content=\"Curly Secret - Scrunching Oil | CurlsForYou.dk\" \/>\n<meta property=\"og:description\" content=\"Giv dine kr\u00f8ller det sidste touch i stylingen, og f\u00e5 glansfuldt og bl\u00f8dt h\u00e5r med Curly Secrets h\u00e5rolie Scrunching Oil | CurlsForYou\" \/>\n<meta property=\"og:url\" content=\"https:\/\/curlsforyou.dk\/se\/product\/curly-secret-scrunching-oil\/\" \/>\n<meta property=\"article:publisher\" content=\"https:\/\/www.facebook.com\/curlsforyou\" \/>\n<meta property=\"article:modified_time\" content=\"2026-04-27T07:38:16+00:00\" \/>\n<meta property=\"og:image\" content=\"https:\/\/curlsforyou.dk\/app\/uploads\/2021\/10\/Curly-Secret-\u2013-Scrunching-Oil.png\" \/>\n\t<meta property=\"og:image:width\" content=\"800\" \/>\n\t<meta property=\"og:image:height\" content=\"800\" \/>\n\t<meta property=\"og:image:type\" content=\"image\/png\" \/>\n<meta name=\"twitter:card\" content=\"summary_large_image\" \/>\n<meta name=\"twitter:label1\" content=\"Ber\u00e4knad l\u00e4stid\" \/>\n\t<meta name=\"twitter:data1\" content=\"4 minuter\" \/>\n<script type=\"application\/ld+json\" class=\"yoast-schema-graph\">{\"@context\":\"https:\/\/schema.org\",\"@graph\":[{\"@type\":\"WebPage\",\"@id\":\"https:\/\/curlsforyou.dk\/vare\/curly-secret-scrunching-oil\/\",\"url\":\"https:\/\/curlsforyou.dk\/vare\/curly-secret-scrunching-oil\/\",\"name\":\"Curly Secret - Scrunching Oil | CurlsForYou.dk\",\"isPartOf\":{\"@id\":\"https:\/\/curlsforyou.dk\/#website\"},\"primaryImageOfPage\":{\"@id\":\"https:\/\/curlsforyou.dk\/vare\/curly-secret-scrunching-oil\/#primaryimage\"},\"image\":{\"@id\":\"https:\/\/curlsforyou.dk\/vare\/curly-secret-scrunching-oil\/#primaryimage\"},\"thumbnailUrl\":\"https:\/\/curlsforyou.dk\/app\/uploads\/2021\/10\/Curly-Secret-\u2013-Scrunching-Oil.png\",\"datePublished\":\"2021-10-17T18:10:41+00:00\",\"dateModified\":\"2026-04-27T07:38:16+00:00\",\"description\":\"Giv dine kr\u00f8ller det sidste touch i stylingen, og f\u00e5 glansfuldt og bl\u00f8dt h\u00e5r med Curly Secrets h\u00e5rolie Scrunching Oil | CurlsForYou\",\"breadcrumb\":{\"@id\":\"https:\/\/curlsforyou.dk\/vare\/curly-secret-scrunching-oil\/#breadcrumb\"},\"inLanguage\":\"sv-SE\",\"potentialAction\":[{\"@type\":\"ReadAction\",\"target\":[\"https:\/\/curlsforyou.dk\/vare\/curly-secret-scrunching-oil\/\"]}]},{\"@type\":\"ImageObject\",\"inLanguage\":\"sv-SE\",\"@id\":\"https:\/\/curlsforyou.dk\/vare\/curly-secret-scrunching-oil\/#primaryimage\",\"url\":\"https:\/\/curlsforyou.dk\/app\/uploads\/2021\/10\/Curly-Secret-\u2013-Scrunching-Oil.png\",\"contentUrl\":\"https:\/\/curlsforyou.dk\/app\/uploads\/2021\/10\/Curly-Secret-\u2013-Scrunching-Oil.png\",\"width\":800,\"height\":800,\"caption\":\"Curly Secret \u2013 Scrunching Oil\"},{\"@type\":\"BreadcrumbList\",\"@id\":\"https:\/\/curlsforyou.dk\/vare\/curly-secret-scrunching-oil\/#breadcrumb\",\"itemListElement\":[{\"@type\":\"ListItem\",\"position\":1,\"name\":\"Hjem\",\"item\":\"https:\/\/curlsforyou.dk\/\"},{\"@type\":\"ListItem\",\"position\":2,\"name\":\"Shop\",\"item\":\"https:\/\/curlsforyou.dk\/shop\/\"},{\"@type\":\"ListItem\",\"position\":3,\"name\":\"Curly Secret &#8211; Scrunching Oil\"}]},{\"@type\":\"WebSite\",\"@id\":\"https:\/\/curlsforyou.dk\/#website\",\"url\":\"https:\/\/curlsforyou.dk\/\",\"name\":\"\",\"description\":\"\",\"publisher\":{\"@id\":\"https:\/\/curlsforyou.dk\/#organization\"},\"potentialAction\":[{\"@type\":\"SearchAction\",\"target\":{\"@type\":\"EntryPoint\",\"urlTemplate\":\"https:\/\/curlsforyou.dk\/?s={search_term_string}\"},\"query-input\":{\"@type\":\"PropertyValueSpecification\",\"valueRequired\":true,\"valueName\":\"search_term_string\"}}],\"inLanguage\":\"sv-SE\"},{\"@type\":\"Organization\",\"@id\":\"https:\/\/curlsforyou.dk\/#organization\",\"name\":\"CurlsForYou\",\"url\":\"https:\/\/curlsforyou.dk\/\",\"logo\":{\"@type\":\"ImageObject\",\"inLanguage\":\"sv-SE\",\"@id\":\"https:\/\/curlsforyou.dk\/#\/schema\/logo\/image\/\",\"url\":\"\",\"contentUrl\":\"\",\"caption\":\"CurlsForYou\"},\"image\":{\"@id\":\"https:\/\/curlsforyou.dk\/#\/schema\/logo\/image\/\"},\"sameAs\":[\"https:\/\/www.facebook.com\/curlsforyou\",\"https:\/\/www.instagram.com\/curlsforyou.dk\/\"]}]}<\/script>\n<!-- \/ Yoast SEO plugin. -->","yoast_head_json":{"title":"Curly Secret - Scrunching Oil | CurlsForYou.dk","description":"Giv dine kr\u00f8ller det sidste touch i stylingen, og f\u00e5 glansfuldt og bl\u00f8dt h\u00e5r med Curly Secrets h\u00e5rolie Scrunching Oil | CurlsForYou","robots":{"index":"index","follow":"follow","max-snippet":"max-snippet:-1","max-image-preview":"max-image-preview:large","max-video-preview":"max-video-preview:-1"},"canonical":"https:\/\/curlsforyou.dk\/se\/product\/curly-secret-scrunching-oil\/","og_locale":"sv_SE","og_type":"article","og_title":"Curly Secret - Scrunching Oil | CurlsForYou.dk","og_description":"Giv dine kr\u00f8ller det sidste touch i stylingen, og f\u00e5 glansfuldt og bl\u00f8dt h\u00e5r med Curly Secrets h\u00e5rolie Scrunching Oil | CurlsForYou","og_url":"https:\/\/curlsforyou.dk\/se\/product\/curly-secret-scrunching-oil\/","article_publisher":"https:\/\/www.facebook.com\/curlsforyou","article_modified_time":"2026-04-27T07:38:16+00:00","og_image":[{"width":800,"height":800,"url":"https:\/\/curlsforyou.dk\/app\/uploads\/2021\/10\/Curly-Secret-\u2013-Scrunching-Oil.png","type":"image\/png"}],"twitter_card":"summary_large_image","twitter_misc":{"Ber\u00e4knad l\u00e4stid":"4 minuter"},"schema":{"@context":"https:\/\/schema.org","@graph":[{"@type":"WebPage","@id":"https:\/\/curlsforyou.dk\/vare\/curly-secret-scrunching-oil\/","url":"https:\/\/curlsforyou.dk\/vare\/curly-secret-scrunching-oil\/","name":"Curly Secret - Scrunching Oil | CurlsForYou.dk","isPartOf":{"@id":"https:\/\/curlsforyou.dk\/#website"},"primaryImageOfPage":{"@id":"https:\/\/curlsforyou.dk\/vare\/curly-secret-scrunching-oil\/#primaryimage"},"image":{"@id":"https:\/\/curlsforyou.dk\/vare\/curly-secret-scrunching-oil\/#primaryimage"},"thumbnailUrl":"https:\/\/curlsforyou.dk\/app\/uploads\/2021\/10\/Curly-Secret-\u2013-Scrunching-Oil.png","datePublished":"2021-10-17T18:10:41+00:00","dateModified":"2026-04-27T07:38:16+00:00","description":"Giv dine kr\u00f8ller det sidste touch i stylingen, og f\u00e5 glansfuldt og bl\u00f8dt h\u00e5r med Curly Secrets h\u00e5rolie Scrunching Oil | CurlsForYou","breadcrumb":{"@id":"https:\/\/curlsforyou.dk\/vare\/curly-secret-scrunching-oil\/#breadcrumb"},"inLanguage":"sv-SE","potentialAction":[{"@type":"ReadAction","target":["https:\/\/curlsforyou.dk\/vare\/curly-secret-scrunching-oil\/"]}]},{"@type":"ImageObject","inLanguage":"sv-SE","@id":"https:\/\/curlsforyou.dk\/vare\/curly-secret-scrunching-oil\/#primaryimage","url":"https:\/\/curlsforyou.dk\/app\/uploads\/2021\/10\/Curly-Secret-\u2013-Scrunching-Oil.png","contentUrl":"https:\/\/curlsforyou.dk\/app\/uploads\/2021\/10\/Curly-Secret-\u2013-Scrunching-Oil.png","width":800,"height":800,"caption":"Curly Secret \u2013 Scrunching Oil"},{"@type":"BreadcrumbList","@id":"https:\/\/curlsforyou.dk\/vare\/curly-secret-scrunching-oil\/#breadcrumb","itemListElement":[{"@type":"ListItem","position":1,"name":"Hjem","item":"https:\/\/curlsforyou.dk\/"},{"@type":"ListItem","position":2,"name":"Shop","item":"https:\/\/curlsforyou.dk\/shop\/"},{"@type":"ListItem","position":3,"name":"Curly Secret &#8211; Scrunching Oil"}]},{"@type":"WebSite","@id":"https:\/\/curlsforyou.dk\/#website","url":"https:\/\/curlsforyou.dk\/","name":"","description":"","publisher":{"@id":"https:\/\/curlsforyou.dk\/#organization"},"potentialAction":[{"@type":"SearchAction","target":{"@type":"EntryPoint","urlTemplate":"https:\/\/curlsforyou.dk\/?s={search_term_string}"},"query-input":{"@type":"PropertyValueSpecification","valueRequired":true,"valueName":"search_term_string"}}],"inLanguage":"sv-SE"},{"@type":"Organization","@id":"https:\/\/curlsforyou.dk\/#organization","name":"CurlsForYou","url":"https:\/\/curlsforyou.dk\/","logo":{"@type":"ImageObject","inLanguage":"sv-SE","@id":"https:\/\/curlsforyou.dk\/#\/schema\/logo\/image\/","url":"","contentUrl":"","caption":"CurlsForYou"},"image":{"@id":"https:\/\/curlsforyou.dk\/#\/schema\/logo\/image\/"},"sameAs":["https:\/\/www.facebook.com\/curlsforyou","https:\/\/www.instagram.com\/curlsforyou.dk\/"]}]}},"brands":[{"id":291,"name":"Curly Secret","slug":"curly-secret"}],"_links":{"self":[{"href":"https:\/\/curlsforyou.dk\/se\/wp-json\/wp\/v2\/product\/43702","targetHints":{"allow":["GET"]}}],"collection":[{"href":"https:\/\/curlsforyou.dk\/se\/wp-json\/wp\/v2\/product"}],"about":[{"href":"https:\/\/curlsforyou.dk\/se\/wp-json\/wp\/v2\/types\/product"}],"replies":[{"embeddable":true,"href":"https:\/\/curlsforyou.dk\/se\/wp-json\/wp\/v2\/comments?post=43702"}],"version-history":[{"count":0,"href":"https:\/\/curlsforyou.dk\/se\/wp-json\/wp\/v2\/product\/43702\/revisions"}],"wp:featuredmedia":[{"embeddable":true,"href":"https:\/\/curlsforyou.dk\/se\/wp-json\/wp\/v2\/media\/107431"}],"wp:attachment":[{"href":"https:\/\/curlsforyou.dk\/se\/wp-json\/wp\/v2\/media?parent=43702"}],"wp:term":[{"taxonomy":"pwb-brand","embeddable":true,"href":"https:\/\/curlsforyou.dk\/se\/wp-json\/wp\/v2\/pwb-brand?post=43702"},{"taxonomy":"product_brand","embeddable":true,"href":"https:\/\/curlsforyou.dk\/se\/wp-json\/wp\/v2\/product_brand?post=43702"},{"taxonomy":"product_cat","embeddable":true,"href":"https:\/\/curlsforyou.dk\/se\/wp-json\/wp\/v2\/product_cat?post=43702"},{"taxonomy":"product_tag","embeddable":true,"href":"https:\/\/curlsforyou.dk\/se\/wp-json\/wp\/v2\/product_tag?post=43702"},{"taxonomy":"giftcard-category","embeddable":true,"href":"https:\/\/curlsforyou.dk\/se\/wp-json\/wp\/v2\/giftcard-category?post=43702"}],"curies":[{"name":"wp","href":"https:\/\/api.w.org\/{rel}","templated":true}]}}