{"id":404,"date":"2019-04-21T23:08:25","date_gmt":"2019-04-21T21:08:25","guid":{"rendered":"https:\/\/curlsforyou.dk\/vare\/curl-bomb-moisturizing-styling-gel\/"},"modified":"2026-04-14T08:40:51","modified_gmt":"2026-04-14T06:40:51","slug":"tgin-curl-bomb-moisturizing-styling-gel","status":"publish","type":"product","link":"https:\/\/curlsforyou.dk\/se\/product\/tgin-curl-bomb-moisturizing-styling-gel\/","title":{"rendered":"TGIN &#8211; Curl Bomb Moisturizing Styling Gel"},"content":{"rendered":"<p>Vil du sikre dig, at dine kr\u00f8ller f\u00e5r alle de bedste ingredienser fra naturen, der giver et fantastisk hold og masser af fugt? S\u00e5 er TGIN Curl Bomb Moisturizing Styling Gel et produkt, du ikke kan leve uden. Her f\u00e5r du en styling-gel, der giver dig bl\u00f8de og definerede kr\u00f8ller, og som afhj\u00e6lper frizz. Derudover kan du v\u00e6re helt sikker p\u00e5, at dine kr\u00f8ller holder hele dagen.<\/p>\n<p>Med omtanke for at udv\u00e6lge de absolut bedste ingredienser for dit h\u00e5r, har TGIN skabt en styling-gel, der er b\u00e5de mild og sk\u00e5nsom for h\u00e5ret. Den passer til alle typer af kr\u00f8ller, og du f\u00e5r en helt s\u00e6rlig friskhed, hver eneste gang du bruger den. TGIN Curl Bomb Moisturizing Styling Gel best\u00e5r hovedsageligt af \u00f8kologiske ingredienser, s\u00e5 du f\u00e5r alt det, der er bedst for dig.<\/p>\n<p>Den avancerede formel af de sk\u00f8nneste ingredienser sikrer dig ogs\u00e5 en gel, der giver optimalt med fugt fra spids til rod. Du kan blandt andet gl\u00e6de dig til nettle leaf, olivenolie og frugtolier, der er med til at styrke dit h\u00e5r og give dine kr\u00f8ller volumen og glans.<\/p>\n<p><a href=\"https:\/\/curlsforyou.dk\/se\/brand\/tgin\/\">TGIN<\/a> er kendt for deres h\u00e5rbomber af n\u00e6rende ingredienser, der kommer direkte fra naturen. Alle produkter bliver produceret i mindre batches, der giver dig den absolut fineste kvalitet hver eneste gang. Du fortjener nemlig et smukt h\u00e5r, der g\u00f8r dig til den bedste version af dig selv. Derfor er TGIN Curl Bomb Moisturizing Styling Gel for dig, der vil sikre dig hold i h\u00e5ret hele dagen, og hvor naturen f\u00e5r lov til at give dig det smukkeste h\u00e5r, du nogensinde har haft.<\/p>\n<h2>Det er nemt at bruge TGIN Curl Bomb Moisturizing Styling Gel<\/h2>\n<p>TGINs produkter g\u00f8r dig helt frizz-fri, n\u00e5r du styler dit h\u00e5r, men det er ikke det eneste. Dit h\u00e5r bliver beriget med volumen, glans, fugt og definerede kr\u00f8ller, der fuldender din Curly Girl-rutine.<\/p>\n<p>Det er super-simpelt at bruge TGIN Curl Bomb Moisturizing Styling Gel. Efter du har brugt den rette balsam, s\u00e5som <a href=\"https:\/\/curlsforyou.dk\/se\/product\/tgin-green-tea-super-moist-leave-in-conditioner\/\">TGIN Green Tea Leave-in Conditioner<\/a>, kan du tilf\u00f8re din gel i kr\u00f8llerne og lade det t\u00f8rre. Begge produkter har samme milde duft, der blot holder endnu l\u00e6ngere, n\u00e5r du bruger produkterne sammen. Din gel vil danne en smule crunch, og derfor skal du ikke kamme det ud, n\u00e5r h\u00e5ret er t\u00f8rt.<\/p>","protected":false},"excerpt":{"rendered":"<ul>\n<li>Let gel, der giver dig bl\u00f8de og smukke kr\u00f8ller<\/li>\n<li>Reducerer frizz<\/li>\n<li>Sikrer dig et holdbart kr\u00f8lleresultat<\/li>\n<li>Passer til alle h\u00e5rtyper<\/li>\n<li>Naturlige ingredienser.<\/li>\n<li>St\u00f8rrelse: 384 ml<\/li>\n<\/ul>","protected":false},"featured_media":478,"comment_status":"open","ping_status":"closed","template":"","meta":[],"pwb-brand":[45],"product_brand":[],"product_cat":[146],"product_tag":[92],"giftcard-category":[],"class_list":{"0":"post-404","1":"product","2":"type-product","3":"status-publish","4":"has-post-thumbnail","6":"pwb-brand-tgin","7":"product_cat-gel","8":"product_tag-protein","10":"first","11":"instock","12":"taxable","13":"shipping-taxable","14":"purchasable","15":"product-type-simple"},"bundled_by":[],"bundle_stock_status":"instock","bundle_stock_quantity":5,"bundle_virtual":false,"bundle_layout":"","bundle_add_to_cart_form_location":"","bundle_editable_in_cart":false,"bundle_sold_individually_context":"","bundle_item_grouping":"","bundle_min_size":"","bundle_max_size":"","bundle_price":[],"bundled_items":[],"bundle_sell_ids":[],"supplier_id":null,"supplier_sku":"","barcode":null,"atum_controlled":true,"out_stock_date":null,"out_stock_threshold":null,"inheritable":false,"inbound_stock":0,"stock_on_hold":0,"sold_today":0,"sales_last_days":1,"reserved_stock":0,"customer_returns":0,"warehouse_damage":0,"lost_in_post":0,"other_logs":0,"out_stock_days":0,"lost_sales":0,"has_location":false,"update_date":"2026-04-25T11:10:13","atum_locations":[],"atum_stock_status":"instock","restock_status":false,"low_stock_amount":"","sales_update_date":"2026-04-25T11:10:12","calc_backorders":null,"yoast_head":"<!-- This site is optimized with the Yoast SEO plugin v25.6 - https:\/\/yoast.com\/wordpress\/plugins\/seo\/ -->\n<title>TGIN Moisturizing Styling Gel til dig der vil have bl\u00f8de og definerede kr\u00f8ller<\/title>\n<meta name=\"description\" content=\"TGIN Moisturizing Styling Gel giver bl\u00f8de og definerede kr\u00f8ller. Gelen giver fugt, reducere frizz og giver et holdbart kr\u00f8lleresultat.\" \/>\n<meta name=\"robots\" content=\"index, follow, max-snippet:-1, max-image-preview:large, max-video-preview:-1\" \/>\n<link rel=\"canonical\" href=\"https:\/\/curlsforyou.dk\/se\/product\/tgin-curl-bomb-moisturizing-styling-gel\/\" \/>\n<meta property=\"og:locale\" content=\"sv_SE\" \/>\n<meta property=\"og:type\" content=\"article\" \/>\n<meta property=\"og:title\" content=\"TGIN Moisturizing Styling Gel til dig der vil have bl\u00f8de og definerede kr\u00f8ller\" \/>\n<meta property=\"og:description\" content=\"TGIN Moisturizing Styling Gel giver bl\u00f8de og definerede kr\u00f8ller. Gelen giver fugt, reducere frizz og giver et holdbart kr\u00f8lleresultat.\" \/>\n<meta property=\"og:url\" content=\"https:\/\/curlsforyou.dk\/se\/product\/tgin-curl-bomb-moisturizing-styling-gel\/\" \/>\n<meta property=\"article:publisher\" content=\"https:\/\/www.facebook.com\/curlsforyou\" \/>\n<meta property=\"article:modified_time\" content=\"2026-04-14T06:40:51+00:00\" \/>\n<meta property=\"og:image\" content=\"https:\/\/curlsforyou.dk\/app\/uploads\/2019\/04\/TGIN-Styling-Gel-.jpg\" \/>\n\t<meta property=\"og:image:width\" content=\"500\" \/>\n\t<meta property=\"og:image:height\" content=\"600\" \/>\n\t<meta property=\"og:image:type\" content=\"image\/jpeg\" \/>\n<meta name=\"twitter:card\" content=\"summary_large_image\" \/>\n<meta name=\"twitter:label1\" content=\"Ber\u00e4knad l\u00e4stid\" \/>\n\t<meta name=\"twitter:data1\" content=\"3 minuter\" \/>\n<script type=\"application\/ld+json\" class=\"yoast-schema-graph\">{\"@context\":\"https:\/\/schema.org\",\"@graph\":[{\"@type\":\"WebPage\",\"@id\":\"https:\/\/curlsforyou.dk\/vare\/tgin-curl-bomb-moisturizing-styling-gel\/\",\"url\":\"https:\/\/curlsforyou.dk\/vare\/tgin-curl-bomb-moisturizing-styling-gel\/\",\"name\":\"TGIN Moisturizing Styling Gel til dig der vil have bl\u00f8de og definerede kr\u00f8ller\",\"isPartOf\":{\"@id\":\"https:\/\/curlsforyou.dk\/#website\"},\"primaryImageOfPage\":{\"@id\":\"https:\/\/curlsforyou.dk\/vare\/tgin-curl-bomb-moisturizing-styling-gel\/#primaryimage\"},\"image\":{\"@id\":\"https:\/\/curlsforyou.dk\/vare\/tgin-curl-bomb-moisturizing-styling-gel\/#primaryimage\"},\"thumbnailUrl\":\"https:\/\/curlsforyou.dk\/app\/uploads\/2019\/04\/TGIN-Styling-Gel-.jpg\",\"datePublished\":\"2019-04-21T21:08:25+00:00\",\"dateModified\":\"2026-04-14T06:40:51+00:00\",\"description\":\"TGIN Moisturizing Styling Gel giver bl\u00f8de og definerede kr\u00f8ller. Gelen giver fugt, reducere frizz og giver et holdbart kr\u00f8lleresultat.\",\"breadcrumb\":{\"@id\":\"https:\/\/curlsforyou.dk\/vare\/tgin-curl-bomb-moisturizing-styling-gel\/#breadcrumb\"},\"inLanguage\":\"sv-SE\",\"potentialAction\":[{\"@type\":\"ReadAction\",\"target\":[\"https:\/\/curlsforyou.dk\/vare\/tgin-curl-bomb-moisturizing-styling-gel\/\"]}]},{\"@type\":\"ImageObject\",\"inLanguage\":\"sv-SE\",\"@id\":\"https:\/\/curlsforyou.dk\/vare\/tgin-curl-bomb-moisturizing-styling-gel\/#primaryimage\",\"url\":\"https:\/\/curlsforyou.dk\/app\/uploads\/2019\/04\/TGIN-Styling-Gel-.jpg\",\"contentUrl\":\"https:\/\/curlsforyou.dk\/app\/uploads\/2019\/04\/TGIN-Styling-Gel-.jpg\",\"width\":500,\"height\":600,\"caption\":\"TGIN Curl Bomb Moisturizing Styling Gel curly girl godkendte produkter forhandles ved www.CurlsForYou.dk din curly girl shop\"},{\"@type\":\"BreadcrumbList\",\"@id\":\"https:\/\/curlsforyou.dk\/vare\/tgin-curl-bomb-moisturizing-styling-gel\/#breadcrumb\",\"itemListElement\":[{\"@type\":\"ListItem\",\"position\":1,\"name\":\"Hjem\",\"item\":\"https:\/\/curlsforyou.dk\/\"},{\"@type\":\"ListItem\",\"position\":2,\"name\":\"Shop\",\"item\":\"https:\/\/curlsforyou.dk\/shop\/\"},{\"@type\":\"ListItem\",\"position\":3,\"name\":\"TGIN &#8211; Curl Bomb Moisturizing Styling Gel\"}]},{\"@type\":\"WebSite\",\"@id\":\"https:\/\/curlsforyou.dk\/#website\",\"url\":\"https:\/\/curlsforyou.dk\/\",\"name\":\"\",\"description\":\"\",\"publisher\":{\"@id\":\"https:\/\/curlsforyou.dk\/#organization\"},\"potentialAction\":[{\"@type\":\"SearchAction\",\"target\":{\"@type\":\"EntryPoint\",\"urlTemplate\":\"https:\/\/curlsforyou.dk\/?s={search_term_string}\"},\"query-input\":{\"@type\":\"PropertyValueSpecification\",\"valueRequired\":true,\"valueName\":\"search_term_string\"}}],\"inLanguage\":\"sv-SE\"},{\"@type\":\"Organization\",\"@id\":\"https:\/\/curlsforyou.dk\/#organization\",\"name\":\"CurlsForYou\",\"url\":\"https:\/\/curlsforyou.dk\/\",\"logo\":{\"@type\":\"ImageObject\",\"inLanguage\":\"sv-SE\",\"@id\":\"https:\/\/curlsforyou.dk\/#\/schema\/logo\/image\/\",\"url\":\"\",\"contentUrl\":\"\",\"caption\":\"CurlsForYou\"},\"image\":{\"@id\":\"https:\/\/curlsforyou.dk\/#\/schema\/logo\/image\/\"},\"sameAs\":[\"https:\/\/www.facebook.com\/curlsforyou\",\"https:\/\/www.instagram.com\/curlsforyou.dk\/\"]}]}<\/script>\n<!-- \/ Yoast SEO plugin. -->","yoast_head_json":{"title":"TGIN Moisturizing Styling Gel til dig der vil have bl\u00f8de og definerede kr\u00f8ller","description":"TGIN Moisturizing Styling Gel giver bl\u00f8de og definerede kr\u00f8ller. Gelen giver fugt, reducere frizz og giver et holdbart kr\u00f8lleresultat.","robots":{"index":"index","follow":"follow","max-snippet":"max-snippet:-1","max-image-preview":"max-image-preview:large","max-video-preview":"max-video-preview:-1"},"canonical":"https:\/\/curlsforyou.dk\/se\/product\/tgin-curl-bomb-moisturizing-styling-gel\/","og_locale":"sv_SE","og_type":"article","og_title":"TGIN Moisturizing Styling Gel til dig der vil have bl\u00f8de og definerede kr\u00f8ller","og_description":"TGIN Moisturizing Styling Gel giver bl\u00f8de og definerede kr\u00f8ller. Gelen giver fugt, reducere frizz og giver et holdbart kr\u00f8lleresultat.","og_url":"https:\/\/curlsforyou.dk\/se\/product\/tgin-curl-bomb-moisturizing-styling-gel\/","article_publisher":"https:\/\/www.facebook.com\/curlsforyou","article_modified_time":"2026-04-14T06:40:51+00:00","og_image":[{"width":500,"height":600,"url":"https:\/\/curlsforyou.dk\/app\/uploads\/2019\/04\/TGIN-Styling-Gel-.jpg","type":"image\/jpeg"}],"twitter_card":"summary_large_image","twitter_misc":{"Ber\u00e4knad l\u00e4stid":"3 minuter"},"schema":{"@context":"https:\/\/schema.org","@graph":[{"@type":"WebPage","@id":"https:\/\/curlsforyou.dk\/vare\/tgin-curl-bomb-moisturizing-styling-gel\/","url":"https:\/\/curlsforyou.dk\/vare\/tgin-curl-bomb-moisturizing-styling-gel\/","name":"TGIN Moisturizing Styling Gel til dig der vil have bl\u00f8de og definerede kr\u00f8ller","isPartOf":{"@id":"https:\/\/curlsforyou.dk\/#website"},"primaryImageOfPage":{"@id":"https:\/\/curlsforyou.dk\/vare\/tgin-curl-bomb-moisturizing-styling-gel\/#primaryimage"},"image":{"@id":"https:\/\/curlsforyou.dk\/vare\/tgin-curl-bomb-moisturizing-styling-gel\/#primaryimage"},"thumbnailUrl":"https:\/\/curlsforyou.dk\/app\/uploads\/2019\/04\/TGIN-Styling-Gel-.jpg","datePublished":"2019-04-21T21:08:25+00:00","dateModified":"2026-04-14T06:40:51+00:00","description":"TGIN Moisturizing Styling Gel giver bl\u00f8de og definerede kr\u00f8ller. Gelen giver fugt, reducere frizz og giver et holdbart kr\u00f8lleresultat.","breadcrumb":{"@id":"https:\/\/curlsforyou.dk\/vare\/tgin-curl-bomb-moisturizing-styling-gel\/#breadcrumb"},"inLanguage":"sv-SE","potentialAction":[{"@type":"ReadAction","target":["https:\/\/curlsforyou.dk\/vare\/tgin-curl-bomb-moisturizing-styling-gel\/"]}]},{"@type":"ImageObject","inLanguage":"sv-SE","@id":"https:\/\/curlsforyou.dk\/vare\/tgin-curl-bomb-moisturizing-styling-gel\/#primaryimage","url":"https:\/\/curlsforyou.dk\/app\/uploads\/2019\/04\/TGIN-Styling-Gel-.jpg","contentUrl":"https:\/\/curlsforyou.dk\/app\/uploads\/2019\/04\/TGIN-Styling-Gel-.jpg","width":500,"height":600,"caption":"TGIN Curl Bomb Moisturizing Styling Gel curly girl godkendte produkter forhandles ved www.CurlsForYou.dk din curly girl shop"},{"@type":"BreadcrumbList","@id":"https:\/\/curlsforyou.dk\/vare\/tgin-curl-bomb-moisturizing-styling-gel\/#breadcrumb","itemListElement":[{"@type":"ListItem","position":1,"name":"Hjem","item":"https:\/\/curlsforyou.dk\/"},{"@type":"ListItem","position":2,"name":"Shop","item":"https:\/\/curlsforyou.dk\/shop\/"},{"@type":"ListItem","position":3,"name":"TGIN &#8211; Curl Bomb Moisturizing Styling Gel"}]},{"@type":"WebSite","@id":"https:\/\/curlsforyou.dk\/#website","url":"https:\/\/curlsforyou.dk\/","name":"","description":"","publisher":{"@id":"https:\/\/curlsforyou.dk\/#organization"},"potentialAction":[{"@type":"SearchAction","target":{"@type":"EntryPoint","urlTemplate":"https:\/\/curlsforyou.dk\/?s={search_term_string}"},"query-input":{"@type":"PropertyValueSpecification","valueRequired":true,"valueName":"search_term_string"}}],"inLanguage":"sv-SE"},{"@type":"Organization","@id":"https:\/\/curlsforyou.dk\/#organization","name":"CurlsForYou","url":"https:\/\/curlsforyou.dk\/","logo":{"@type":"ImageObject","inLanguage":"sv-SE","@id":"https:\/\/curlsforyou.dk\/#\/schema\/logo\/image\/","url":"","contentUrl":"","caption":"CurlsForYou"},"image":{"@id":"https:\/\/curlsforyou.dk\/#\/schema\/logo\/image\/"},"sameAs":["https:\/\/www.facebook.com\/curlsforyou","https:\/\/www.instagram.com\/curlsforyou.dk\/"]}]}},"brands":[{"id":45,"name":"TGIN","slug":"tgin"}],"_links":{"self":[{"href":"https:\/\/curlsforyou.dk\/se\/wp-json\/wp\/v2\/product\/404","targetHints":{"allow":["GET"]}}],"collection":[{"href":"https:\/\/curlsforyou.dk\/se\/wp-json\/wp\/v2\/product"}],"about":[{"href":"https:\/\/curlsforyou.dk\/se\/wp-json\/wp\/v2\/types\/product"}],"replies":[{"embeddable":true,"href":"https:\/\/curlsforyou.dk\/se\/wp-json\/wp\/v2\/comments?post=404"}],"version-history":[{"count":0,"href":"https:\/\/curlsforyou.dk\/se\/wp-json\/wp\/v2\/product\/404\/revisions"}],"wp:featuredmedia":[{"embeddable":true,"href":"https:\/\/curlsforyou.dk\/se\/wp-json\/wp\/v2\/media\/478"}],"wp:attachment":[{"href":"https:\/\/curlsforyou.dk\/se\/wp-json\/wp\/v2\/media?parent=404"}],"wp:term":[{"taxonomy":"pwb-brand","embeddable":true,"href":"https:\/\/curlsforyou.dk\/se\/wp-json\/wp\/v2\/pwb-brand?post=404"},{"taxonomy":"product_brand","embeddable":true,"href":"https:\/\/curlsforyou.dk\/se\/wp-json\/wp\/v2\/product_brand?post=404"},{"taxonomy":"product_cat","embeddable":true,"href":"https:\/\/curlsforyou.dk\/se\/wp-json\/wp\/v2\/product_cat?post=404"},{"taxonomy":"product_tag","embeddable":true,"href":"https:\/\/curlsforyou.dk\/se\/wp-json\/wp\/v2\/product_tag?post=404"},{"taxonomy":"giftcard-category","embeddable":true,"href":"https:\/\/curlsforyou.dk\/se\/wp-json\/wp\/v2\/giftcard-category?post=404"}],"curies":[{"name":"wp","href":"https:\/\/api.w.org\/{rel}","templated":true}]}}