{"id":35887,"date":"2021-03-29T23:00:53","date_gmt":"2021-03-29T21:00:53","guid":{"rendered":"https:\/\/curlsforyou.dk\/?post_type=product&#038;p=35887"},"modified":"2026-01-26T16:31:13","modified_gmt":"2026-01-26T15:31:13","slug":"ellemental-vege-keratin","status":"publish","type":"product","link":"https:\/\/curlsforyou.dk\/se\/product\/ellemental-vege-keratin\/","title":{"rendered":"Ellemental &#8211; Vege Keratin"},"content":{"rendered":"<p>Vegetabilsk afledt mikroprotein af hvede til dyb beskyttelse og reparation. Den tr\u00e6nger hurtigt ind i h\u00e5ret hvor den g\u00f8r h\u00e5rstr\u00e5ene tykkere, giver styrke og beskytter h\u00e5ret indefra. H\u00e5ret efterlades glat og bl\u00f8dt.\u00a0Efterlader et beskyttende skjold, der beskytter mod daglige belastninger s\u00e5som styling, k\u00e6mning, sollys og saltvand. Hvedeprotein har en antiinflammatorisk virkning, s\u00e5 hovedbunden vil blive beroligeret.<\/p>\n<p>Det er et vigtigt kosmetisk aktiv til h\u00e5rpleje og hygiejneprodukter: balsam, masker , shampoo, h\u00e5rspray og stylingprodukter.\u00a0Beskytter h\u00e5r mod daglige belastninger s\u00e5som styling, k\u00e6mning, sollys og saltvand, og mod mere h\u00e5rdf\u00f8re metoder som farvning og anvendelse af permanente l\u00f8sninger.<\/p>\n<p>Fremstillingsmetode: hydrolyserede hvedeproteiner ved enzymatisk proces og konserveringsmiddel godkendt af Ecocert til organisk kosmetik.<\/p>\n<h2>S\u00e5dan anvendes vegetabilsk keratin<\/h2>\n<p>Rent vegetabilsk keratin skal blandes op med dine eksisterende produkter, s\u00e5 du f\u00e5r tilf\u00f8jet ekstra protein i disse. Den anbefalet dosering er 1 &#8211; 7% tilsat koldt i produkterne. Kan kun bruges i produkter, der ogs\u00e5 indeholder vand, det er ikke egnet til vandfri pr\u00e6parater.<\/p>\n<p><strong>Opbevaring<\/strong>: p\u00e5 et t\u00f8rt og k\u00f8ligt sted beskyttet mod sollys<\/p>\n<p><strong>Sikkerhedsdata, forholdsregler ved brug<\/strong>: Undg\u00e5 kontakt med \u00f8jnene, indtag ikke, f\u00f8lg den anbefalede dosis, opbevares utilg\u00e6ngeligt for b\u00f8rn;\u00a0ekstern brug!<\/p>","protected":false},"excerpt":{"rendered":"<p>&nbsp;<\/p>\n<ul>\n<li>Reparerer og styrker h\u00e5ret indefra<\/li>\n<li>Giver naturligt glans<\/li>\n<li>Efterlader et beskyttende skjold mod hverdagens belastninger<\/li>\n<li>Absorberes hurtigt<\/li>\n<li>Antiinflammatorisk s\u00e5 den beroliger hovedbunden<\/li>\n<li>L\u00e4mplig f\u00f6r alla h\u00e5rtyper<\/li>\n<li>Opblandes med andre produkter<\/li>\n<li>St\u00f8rrelse: 25 ml.<\/li>\n<\/ul>","protected":false},"featured_media":96025,"comment_status":"open","ping_status":"closed","template":"","meta":[],"pwb-brand":[329],"product_brand":[],"product_cat":[101],"product_tag":[92],"giftcard-category":[],"class_list":{"0":"post-35887","1":"product","2":"type-product","3":"status-publish","4":"has-post-thumbnail","6":"pwb-brand-ellemental","7":"product_cat-haarolier","8":"product_tag-protein","10":"first","11":"instock","12":"taxable","13":"shipping-taxable","14":"purchasable","15":"product-type-simple"},"bundled_by":[],"bundle_stock_status":"instock","bundle_stock_quantity":33,"bundle_virtual":false,"bundle_layout":"","bundle_add_to_cart_form_location":"","bundle_editable_in_cart":false,"bundle_sold_individually_context":"","bundle_item_grouping":"","bundle_min_size":"","bundle_max_size":"","bundle_price":[],"bundled_items":[],"bundle_sell_ids":[],"supplier_id":null,"supplier_sku":"","barcode":null,"atum_controlled":true,"out_stock_date":null,"out_stock_threshold":null,"inheritable":false,"inbound_stock":0,"stock_on_hold":0,"sold_today":0,"sales_last_days":0,"reserved_stock":0,"customer_returns":0,"warehouse_damage":0,"lost_in_post":0,"other_logs":0,"out_stock_days":0,"lost_sales":0,"has_location":false,"update_date":"2026-04-28T11:16:12","atum_locations":[],"atum_stock_status":"instock","restock_status":false,"low_stock_amount":"","sales_update_date":"2026-04-28T11:16:11","calc_backorders":null,"yoast_head":"<!-- This site is optimized with the Yoast SEO plugin v25.6 - https:\/\/yoast.com\/wordpress\/plugins\/seo\/ -->\n<title>Ellemental | Vege Keratin | CurlsForYou.dk<\/title>\n<meta name=\"description\" content=\"Vegetabilsk Keratin hj\u00e6lper med at genopbygge beskadiget h\u00e5r, fungerer som et skjold mod hverdagens belastninger og giver naturlig glans.\" \/>\n<meta name=\"robots\" content=\"index, follow, max-snippet:-1, max-image-preview:large, max-video-preview:-1\" \/>\n<link rel=\"canonical\" href=\"https:\/\/curlsforyou.dk\/se\/product\/ellemental-vege-keratin\/\" \/>\n<meta property=\"og:locale\" content=\"sv_SE\" \/>\n<meta property=\"og:type\" content=\"article\" \/>\n<meta property=\"og:title\" content=\"Ellemental | Vege Keratin | CurlsForYou.dk\" \/>\n<meta property=\"og:description\" content=\"Vegetabilsk Keratin hj\u00e6lper med at genopbygge beskadiget h\u00e5r, fungerer som et skjold mod hverdagens belastninger og giver naturlig glans.\" \/>\n<meta property=\"og:url\" content=\"https:\/\/curlsforyou.dk\/se\/product\/ellemental-vege-keratin\/\" \/>\n<meta property=\"article:publisher\" content=\"https:\/\/www.facebook.com\/curlsforyou\" \/>\n<meta property=\"article:modified_time\" content=\"2026-01-26T15:31:13+00:00\" \/>\n<meta property=\"og:image\" content=\"https:\/\/curlsforyou.dk\/app\/uploads\/2021\/03\/Vege-Keratin.png\" \/>\n\t<meta property=\"og:image:width\" content=\"800\" \/>\n\t<meta property=\"og:image:height\" content=\"800\" \/>\n\t<meta property=\"og:image:type\" content=\"image\/png\" \/>\n<meta name=\"twitter:card\" content=\"summary_large_image\" \/>\n<meta name=\"twitter:label1\" content=\"Ber\u00e4knad l\u00e4stid\" \/>\n\t<meta name=\"twitter:data1\" content=\"2 minuter\" \/>\n<script type=\"application\/ld+json\" class=\"yoast-schema-graph\">{\"@context\":\"https:\/\/schema.org\",\"@graph\":[{\"@type\":\"WebPage\",\"@id\":\"https:\/\/curlsforyou.dk\/vare\/ellemental-vege-keratin\/\",\"url\":\"https:\/\/curlsforyou.dk\/vare\/ellemental-vege-keratin\/\",\"name\":\"Ellemental | Vege Keratin | CurlsForYou.dk\",\"isPartOf\":{\"@id\":\"https:\/\/curlsforyou.dk\/#website\"},\"primaryImageOfPage\":{\"@id\":\"https:\/\/curlsforyou.dk\/vare\/ellemental-vege-keratin\/#primaryimage\"},\"image\":{\"@id\":\"https:\/\/curlsforyou.dk\/vare\/ellemental-vege-keratin\/#primaryimage\"},\"thumbnailUrl\":\"https:\/\/curlsforyou.dk\/app\/uploads\/2021\/03\/Vege-Keratin.png\",\"datePublished\":\"2021-03-29T21:00:53+00:00\",\"dateModified\":\"2026-01-26T15:31:13+00:00\",\"description\":\"Vegetabilsk Keratin hj\u00e6lper med at genopbygge beskadiget h\u00e5r, fungerer som et skjold mod hverdagens belastninger og giver naturlig glans.\",\"breadcrumb\":{\"@id\":\"https:\/\/curlsforyou.dk\/vare\/ellemental-vege-keratin\/#breadcrumb\"},\"inLanguage\":\"sv-SE\",\"potentialAction\":[{\"@type\":\"ReadAction\",\"target\":[\"https:\/\/curlsforyou.dk\/vare\/ellemental-vege-keratin\/\"]}]},{\"@type\":\"ImageObject\",\"inLanguage\":\"sv-SE\",\"@id\":\"https:\/\/curlsforyou.dk\/vare\/ellemental-vege-keratin\/#primaryimage\",\"url\":\"https:\/\/curlsforyou.dk\/app\/uploads\/2021\/03\/Vege-Keratin.png\",\"contentUrl\":\"https:\/\/curlsforyou.dk\/app\/uploads\/2021\/03\/Vege-Keratin.png\",\"width\":800,\"height\":800},{\"@type\":\"BreadcrumbList\",\"@id\":\"https:\/\/curlsforyou.dk\/vare\/ellemental-vege-keratin\/#breadcrumb\",\"itemListElement\":[{\"@type\":\"ListItem\",\"position\":1,\"name\":\"Hjem\",\"item\":\"https:\/\/curlsforyou.dk\/\"},{\"@type\":\"ListItem\",\"position\":2,\"name\":\"Shop\",\"item\":\"https:\/\/curlsforyou.dk\/shop\/\"},{\"@type\":\"ListItem\",\"position\":3,\"name\":\"Ellemental &#8211; Vege Keratin\"}]},{\"@type\":\"WebSite\",\"@id\":\"https:\/\/curlsforyou.dk\/#website\",\"url\":\"https:\/\/curlsforyou.dk\/\",\"name\":\"\",\"description\":\"\",\"publisher\":{\"@id\":\"https:\/\/curlsforyou.dk\/#organization\"},\"potentialAction\":[{\"@type\":\"SearchAction\",\"target\":{\"@type\":\"EntryPoint\",\"urlTemplate\":\"https:\/\/curlsforyou.dk\/?s={search_term_string}\"},\"query-input\":{\"@type\":\"PropertyValueSpecification\",\"valueRequired\":true,\"valueName\":\"search_term_string\"}}],\"inLanguage\":\"sv-SE\"},{\"@type\":\"Organization\",\"@id\":\"https:\/\/curlsforyou.dk\/#organization\",\"name\":\"CurlsForYou\",\"url\":\"https:\/\/curlsforyou.dk\/\",\"logo\":{\"@type\":\"ImageObject\",\"inLanguage\":\"sv-SE\",\"@id\":\"https:\/\/curlsforyou.dk\/#\/schema\/logo\/image\/\",\"url\":\"\",\"contentUrl\":\"\",\"caption\":\"CurlsForYou\"},\"image\":{\"@id\":\"https:\/\/curlsforyou.dk\/#\/schema\/logo\/image\/\"},\"sameAs\":[\"https:\/\/www.facebook.com\/curlsforyou\",\"https:\/\/www.instagram.com\/curlsforyou.dk\/\"]}]}<\/script>\n<!-- \/ Yoast SEO plugin. -->","yoast_head_json":{"title":"Ellemental | Vege Keratin | CurlsForYou.dk","description":"Vegetabilsk Keratin hj\u00e6lper med at genopbygge beskadiget h\u00e5r, fungerer som et skjold mod hverdagens belastninger og giver naturlig glans.","robots":{"index":"index","follow":"follow","max-snippet":"max-snippet:-1","max-image-preview":"max-image-preview:large","max-video-preview":"max-video-preview:-1"},"canonical":"https:\/\/curlsforyou.dk\/se\/product\/ellemental-vege-keratin\/","og_locale":"sv_SE","og_type":"article","og_title":"Ellemental | Vege Keratin | CurlsForYou.dk","og_description":"Vegetabilsk Keratin hj\u00e6lper med at genopbygge beskadiget h\u00e5r, fungerer som et skjold mod hverdagens belastninger og giver naturlig glans.","og_url":"https:\/\/curlsforyou.dk\/se\/product\/ellemental-vege-keratin\/","article_publisher":"https:\/\/www.facebook.com\/curlsforyou","article_modified_time":"2026-01-26T15:31:13+00:00","og_image":[{"width":800,"height":800,"url":"https:\/\/curlsforyou.dk\/app\/uploads\/2021\/03\/Vege-Keratin.png","type":"image\/png"}],"twitter_card":"summary_large_image","twitter_misc":{"Ber\u00e4knad l\u00e4stid":"2 minuter"},"schema":{"@context":"https:\/\/schema.org","@graph":[{"@type":"WebPage","@id":"https:\/\/curlsforyou.dk\/vare\/ellemental-vege-keratin\/","url":"https:\/\/curlsforyou.dk\/vare\/ellemental-vege-keratin\/","name":"Ellemental | Vege Keratin | CurlsForYou.dk","isPartOf":{"@id":"https:\/\/curlsforyou.dk\/#website"},"primaryImageOfPage":{"@id":"https:\/\/curlsforyou.dk\/vare\/ellemental-vege-keratin\/#primaryimage"},"image":{"@id":"https:\/\/curlsforyou.dk\/vare\/ellemental-vege-keratin\/#primaryimage"},"thumbnailUrl":"https:\/\/curlsforyou.dk\/app\/uploads\/2021\/03\/Vege-Keratin.png","datePublished":"2021-03-29T21:00:53+00:00","dateModified":"2026-01-26T15:31:13+00:00","description":"Vegetabilsk Keratin hj\u00e6lper med at genopbygge beskadiget h\u00e5r, fungerer som et skjold mod hverdagens belastninger og giver naturlig glans.","breadcrumb":{"@id":"https:\/\/curlsforyou.dk\/vare\/ellemental-vege-keratin\/#breadcrumb"},"inLanguage":"sv-SE","potentialAction":[{"@type":"ReadAction","target":["https:\/\/curlsforyou.dk\/vare\/ellemental-vege-keratin\/"]}]},{"@type":"ImageObject","inLanguage":"sv-SE","@id":"https:\/\/curlsforyou.dk\/vare\/ellemental-vege-keratin\/#primaryimage","url":"https:\/\/curlsforyou.dk\/app\/uploads\/2021\/03\/Vege-Keratin.png","contentUrl":"https:\/\/curlsforyou.dk\/app\/uploads\/2021\/03\/Vege-Keratin.png","width":800,"height":800},{"@type":"BreadcrumbList","@id":"https:\/\/curlsforyou.dk\/vare\/ellemental-vege-keratin\/#breadcrumb","itemListElement":[{"@type":"ListItem","position":1,"name":"Hjem","item":"https:\/\/curlsforyou.dk\/"},{"@type":"ListItem","position":2,"name":"Shop","item":"https:\/\/curlsforyou.dk\/shop\/"},{"@type":"ListItem","position":3,"name":"Ellemental &#8211; Vege Keratin"}]},{"@type":"WebSite","@id":"https:\/\/curlsforyou.dk\/#website","url":"https:\/\/curlsforyou.dk\/","name":"","description":"","publisher":{"@id":"https:\/\/curlsforyou.dk\/#organization"},"potentialAction":[{"@type":"SearchAction","target":{"@type":"EntryPoint","urlTemplate":"https:\/\/curlsforyou.dk\/?s={search_term_string}"},"query-input":{"@type":"PropertyValueSpecification","valueRequired":true,"valueName":"search_term_string"}}],"inLanguage":"sv-SE"},{"@type":"Organization","@id":"https:\/\/curlsforyou.dk\/#organization","name":"CurlsForYou","url":"https:\/\/curlsforyou.dk\/","logo":{"@type":"ImageObject","inLanguage":"sv-SE","@id":"https:\/\/curlsforyou.dk\/#\/schema\/logo\/image\/","url":"","contentUrl":"","caption":"CurlsForYou"},"image":{"@id":"https:\/\/curlsforyou.dk\/#\/schema\/logo\/image\/"},"sameAs":["https:\/\/www.facebook.com\/curlsforyou","https:\/\/www.instagram.com\/curlsforyou.dk\/"]}]}},"brands":[{"id":329,"name":"Ellemental","slug":"ellemental"}],"_links":{"self":[{"href":"https:\/\/curlsforyou.dk\/se\/wp-json\/wp\/v2\/product\/35887","targetHints":{"allow":["GET"]}}],"collection":[{"href":"https:\/\/curlsforyou.dk\/se\/wp-json\/wp\/v2\/product"}],"about":[{"href":"https:\/\/curlsforyou.dk\/se\/wp-json\/wp\/v2\/types\/product"}],"replies":[{"embeddable":true,"href":"https:\/\/curlsforyou.dk\/se\/wp-json\/wp\/v2\/comments?post=35887"}],"version-history":[{"count":0,"href":"https:\/\/curlsforyou.dk\/se\/wp-json\/wp\/v2\/product\/35887\/revisions"}],"wp:featuredmedia":[{"embeddable":true,"href":"https:\/\/curlsforyou.dk\/se\/wp-json\/wp\/v2\/media\/96025"}],"wp:attachment":[{"href":"https:\/\/curlsforyou.dk\/se\/wp-json\/wp\/v2\/media?parent=35887"}],"wp:term":[{"taxonomy":"pwb-brand","embeddable":true,"href":"https:\/\/curlsforyou.dk\/se\/wp-json\/wp\/v2\/pwb-brand?post=35887"},{"taxonomy":"product_brand","embeddable":true,"href":"https:\/\/curlsforyou.dk\/se\/wp-json\/wp\/v2\/product_brand?post=35887"},{"taxonomy":"product_cat","embeddable":true,"href":"https:\/\/curlsforyou.dk\/se\/wp-json\/wp\/v2\/product_cat?post=35887"},{"taxonomy":"product_tag","embeddable":true,"href":"https:\/\/curlsforyou.dk\/se\/wp-json\/wp\/v2\/product_tag?post=35887"},{"taxonomy":"giftcard-category","embeddable":true,"href":"https:\/\/curlsforyou.dk\/se\/wp-json\/wp\/v2\/giftcard-category?post=35887"}],"curies":[{"name":"wp","href":"https:\/\/api.w.org\/{rel}","templated":true}]}}