{"id":34377,"date":"2021-03-01T20:42:38","date_gmt":"2021-03-01T19:42:38","guid":{"rendered":"https:\/\/curlsforyou.dk\/?post_type=product&#038;p=34377"},"modified":"2026-01-26T16:31:12","modified_gmt":"2026-01-26T15:31:12","slug":"chey-volume-powder","status":"publish","type":"product","link":"https:\/\/curlsforyou.dk\/se\/product\/chey-volume-powder\/","title":{"rendered":"Chey &#8211; Volume Powder"},"content":{"rendered":"<p>Er du p\u00e5 udkig efter et h\u00e5rpulver, der kan tilf\u00f8re h\u00e5ret volumen og fylde, uden at produktet indeholder sulfater, parabener og silikone? S\u00e5 er Volume Powder fra Chey en ideel l\u00f8sning til dig. Produktet indeholder blandt andet vigtige vitaminer, der styrker og fugter h\u00e5ret.<\/p>\n<p>Pudderet passer til alle h\u00e5rtyper og er et vegansk produkt, der er pakket i plastikfri emballage. Med denne Volume Powder fra Chey er du garanteret sundt h\u00e5r alle ugens dage. Du beh\u00f8ver derfor ikke en fris\u00f8r for at f\u00e5 det sunde og velplejede h\u00e5r, du dr\u00f8mmer om. Dette vidunder af et stylingsprodukt er enhver kvindes dr\u00f8m.<\/p>\n<p>Volume Powder fra Chey kan desuden anvendes som t\u00f8rshampoo til dage, hvor du ikke kan overskue at vaske h\u00e5ret under bruseren. Du f\u00e5r derfor to produkter i \u00e9t, s\u00e5 du slipper for at k\u00f8be dem separat. Dr\u00f8mmer du om at tilf\u00f8re lidt ekstra magi og give dit h\u00e5r et sundt og volumin\u00f8st boost, kan du med god samvittighed bestille Chey Volume Powder hos CurlsForYou.<\/p>\n<p>Udover at give dit h\u00e5r et l\u00f8ft og et sundt boost sk\u00e5ner du ogs\u00e5 vores milj\u00f8 ved at anvende Chey Volume. Produktet er nemlig produceret i plastikfri og biologisk emballage. Hvis du er i tvivl om, hvad \u00f8kologiske h\u00e5rprodukter indeb\u00e6rer, kan du l\u00e6se meget mere om vores b\u00e6redygtige tilgang til at minimere milj\u00f8belastning<a href=\"https:\/\/curlsforyou.dk\/se\/nyheder-og-presse\/kan-man-have-en-groen-og-baeredygtig-tilgang-som-webshop\/\"> h\u00e4r<\/a>. Hos CurlsForYou g\u00e5r vi ind for en b\u00e6redygtig forretning med biologiske emballager.<\/p>\n<h2>S\u00e5dan anvender du Volume Powder<\/h2>\n<p>Du anvender Volume Powder ved at tilf\u00f8re en lille m\u00e6ngde pulver i dine h\u00e5ndflader. Det er vigtigt, at du f\u00f8rst gnider produktet i dine h\u00e6nder, hvorefter du med fingerspidserne fordeler det i enten t\u00f8rt eller fugtigt h\u00e5r. Produktet er is\u00e6r godt til tr\u00e6tte spidser, der tr\u00e6nger til lidt ekstra k\u00e6rlighed og et l\u00f8ft.<\/p>\n<p>Hvis du overvejer at k\u00f8be andre h\u00e5rprodukter fra Chey, kan du med fordel supplere med en <a href=\"https:\/\/curlsforyou.dk\/se\/product\/chey-shampoo-bar-calendula\/\">shampoobar<\/a>, som er rig p\u00e5 calendula og \u00f8vrige planteekstrakter. Produktet renser din hovedbund samtidig med, at det stimulerer h\u00e5rv\u00e6kst. Shampooen er derfor ideel til dig, som gerne vil vaske h\u00e5ret i en god og naturlig shampoo, inden du styler det.<\/p>","protected":false},"excerpt":{"rendered":"<ul>\n<li>Vegansk og pakket i plastikfri emballage<\/li>\n<li>Passer til alle h\u00e5rtyper<\/li>\n<li>Uden parabener, sulfater og silikone<\/li>\n<li>Godkendt til Curly Girl-metoden<\/li>\n<li>Kan ogs\u00e5 anvendes som t\u00f8rshampoo<\/li>\n<li>St\u00f8rrelse: 10 g<\/li>\n<\/ul>","protected":false},"featured_media":34389,"comment_status":"open","ping_status":"closed","template":"","meta":[],"pwb-brand":[284],"product_brand":[],"product_cat":[101,19,296],"product_tag":[285,42,286],"giftcard-category":[],"class_list":{"0":"post-34377","1":"product","2":"type-product","3":"status-publish","4":"has-post-thumbnail","6":"pwb-brand-chey","7":"product_cat-haarolier","8":"product_cat-styling","9":"product_cat-toershampoo","10":"product_tag-plastic-free","11":"product_tag-vegan","12":"product_tag-zero-waste","14":"first","15":"outofstock","16":"taxable","17":"shipping-taxable","18":"purchasable","19":"product-type-simple"},"bundled_by":[],"bundle_stock_status":"outofstock","bundle_stock_quantity":0,"bundle_virtual":false,"bundle_layout":"","bundle_add_to_cart_form_location":"","bundle_editable_in_cart":false,"bundle_sold_individually_context":"","bundle_item_grouping":"","bundle_min_size":"","bundle_max_size":"","bundle_price":[],"bundled_items":[],"bundle_sell_ids":[],"supplier_id":null,"supplier_sku":"","barcode":null,"atum_controlled":true,"out_stock_date":"2024-11-03 14:17:14","out_stock_threshold":null,"inheritable":false,"inbound_stock":0,"stock_on_hold":0,"sold_today":0,"sales_last_days":0,"reserved_stock":0,"customer_returns":0,"warehouse_damage":0,"lost_in_post":0,"other_logs":0,"out_stock_days":548,"lost_sales":37263,"has_location":false,"update_date":"2026-05-06T11:21:49","atum_locations":[],"atum_stock_status":"outofstock","restock_status":false,"low_stock_amount":10,"sales_update_date":"2026-05-06T11:21:48","calc_backorders":null,"yoast_head":"<!-- This site is optimized with the Yoast SEO plugin v25.6 - https:\/\/yoast.com\/wordpress\/plugins\/seo\/ -->\n<title>Chey | Volume Powder | Curlsforyou.dk<\/title>\n<meta name=\"description\" content=\"Vil du l\u00f8fte dit h\u00e5r og give det mere volumen? Pr\u00f8v Volume Powder fra Chey hos CurlsForYou. &gt;&gt; Se produktet her.\" \/>\n<meta name=\"robots\" content=\"index, follow, max-snippet:-1, max-image-preview:large, max-video-preview:-1\" \/>\n<link rel=\"canonical\" href=\"https:\/\/curlsforyou.dk\/se\/product\/chey-volume-powder\/\" \/>\n<meta property=\"og:locale\" content=\"sv_SE\" \/>\n<meta property=\"og:type\" content=\"article\" \/>\n<meta property=\"og:title\" content=\"Chey | Volume Powder | Curlsforyou.dk\" \/>\n<meta property=\"og:description\" content=\"Vil du l\u00f8fte dit h\u00e5r og give det mere volumen? Pr\u00f8v Volume Powder fra Chey hos CurlsForYou. &gt;&gt; Se produktet her.\" \/>\n<meta property=\"og:url\" content=\"https:\/\/curlsforyou.dk\/se\/product\/chey-volume-powder\/\" \/>\n<meta property=\"article:publisher\" content=\"https:\/\/www.facebook.com\/curlsforyou\" \/>\n<meta property=\"article:modified_time\" content=\"2026-01-26T15:31:12+00:00\" \/>\n<meta property=\"og:image\" content=\"https:\/\/curlsforyou.dk\/app\/uploads\/2021\/03\/Chey-Volume-Powder-front-800x800-1.jpg\" \/>\n\t<meta property=\"og:image:width\" content=\"800\" \/>\n\t<meta property=\"og:image:height\" content=\"800\" \/>\n\t<meta property=\"og:image:type\" content=\"image\/jpeg\" \/>\n<meta name=\"twitter:card\" content=\"summary_large_image\" \/>\n<meta name=\"twitter:label1\" content=\"Ber\u00e4knad l\u00e4stid\" \/>\n\t<meta name=\"twitter:data1\" content=\"3 minuter\" \/>\n<script type=\"application\/ld+json\" class=\"yoast-schema-graph\">{\"@context\":\"https:\/\/schema.org\",\"@graph\":[{\"@type\":\"WebPage\",\"@id\":\"https:\/\/curlsforyou.dk\/vare\/chey-volume-powder\/\",\"url\":\"https:\/\/curlsforyou.dk\/vare\/chey-volume-powder\/\",\"name\":\"Chey | Volume Powder | Curlsforyou.dk\",\"isPartOf\":{\"@id\":\"https:\/\/curlsforyou.dk\/#website\"},\"primaryImageOfPage\":{\"@id\":\"https:\/\/curlsforyou.dk\/vare\/chey-volume-powder\/#primaryimage\"},\"image\":{\"@id\":\"https:\/\/curlsforyou.dk\/vare\/chey-volume-powder\/#primaryimage\"},\"thumbnailUrl\":\"https:\/\/curlsforyou.dk\/app\/uploads\/2021\/03\/Chey-Volume-Powder-front-800x800-1.jpg\",\"datePublished\":\"2021-03-01T19:42:38+00:00\",\"dateModified\":\"2026-01-26T15:31:12+00:00\",\"description\":\"Vil du l\u00f8fte dit h\u00e5r og give det mere volumen? Pr\u00f8v Volume Powder fra Chey hos CurlsForYou. >> Se produktet her.\",\"breadcrumb\":{\"@id\":\"https:\/\/curlsforyou.dk\/vare\/chey-volume-powder\/#breadcrumb\"},\"inLanguage\":\"sv-SE\",\"potentialAction\":[{\"@type\":\"ReadAction\",\"target\":[\"https:\/\/curlsforyou.dk\/vare\/chey-volume-powder\/\"]}]},{\"@type\":\"ImageObject\",\"inLanguage\":\"sv-SE\",\"@id\":\"https:\/\/curlsforyou.dk\/vare\/chey-volume-powder\/#primaryimage\",\"url\":\"https:\/\/curlsforyou.dk\/app\/uploads\/2021\/03\/Chey-Volume-Powder-front-800x800-1.jpg\",\"contentUrl\":\"https:\/\/curlsforyou.dk\/app\/uploads\/2021\/03\/Chey-Volume-Powder-front-800x800-1.jpg\",\"width\":800,\"height\":800},{\"@type\":\"BreadcrumbList\",\"@id\":\"https:\/\/curlsforyou.dk\/vare\/chey-volume-powder\/#breadcrumb\",\"itemListElement\":[{\"@type\":\"ListItem\",\"position\":1,\"name\":\"Hjem\",\"item\":\"https:\/\/curlsforyou.dk\/\"},{\"@type\":\"ListItem\",\"position\":2,\"name\":\"Shop\",\"item\":\"https:\/\/curlsforyou.dk\/shop\/\"},{\"@type\":\"ListItem\",\"position\":3,\"name\":\"Chey &#8211; Volume Powder\"}]},{\"@type\":\"WebSite\",\"@id\":\"https:\/\/curlsforyou.dk\/#website\",\"url\":\"https:\/\/curlsforyou.dk\/\",\"name\":\"\",\"description\":\"\",\"publisher\":{\"@id\":\"https:\/\/curlsforyou.dk\/#organization\"},\"potentialAction\":[{\"@type\":\"SearchAction\",\"target\":{\"@type\":\"EntryPoint\",\"urlTemplate\":\"https:\/\/curlsforyou.dk\/?s={search_term_string}\"},\"query-input\":{\"@type\":\"PropertyValueSpecification\",\"valueRequired\":true,\"valueName\":\"search_term_string\"}}],\"inLanguage\":\"sv-SE\"},{\"@type\":\"Organization\",\"@id\":\"https:\/\/curlsforyou.dk\/#organization\",\"name\":\"CurlsForYou\",\"url\":\"https:\/\/curlsforyou.dk\/\",\"logo\":{\"@type\":\"ImageObject\",\"inLanguage\":\"sv-SE\",\"@id\":\"https:\/\/curlsforyou.dk\/#\/schema\/logo\/image\/\",\"url\":\"\",\"contentUrl\":\"\",\"caption\":\"CurlsForYou\"},\"image\":{\"@id\":\"https:\/\/curlsforyou.dk\/#\/schema\/logo\/image\/\"},\"sameAs\":[\"https:\/\/www.facebook.com\/curlsforyou\",\"https:\/\/www.instagram.com\/curlsforyou.dk\/\"]}]}<\/script>\n<!-- \/ Yoast SEO plugin. -->","yoast_head_json":{"title":"Chey | Volume Powder | Curlsforyou.dk","description":"Vil du l\u00f8fte dit h\u00e5r og give det mere volumen? Pr\u00f8v Volume Powder fra Chey hos CurlsForYou. >> Se produktet her.","robots":{"index":"index","follow":"follow","max-snippet":"max-snippet:-1","max-image-preview":"max-image-preview:large","max-video-preview":"max-video-preview:-1"},"canonical":"https:\/\/curlsforyou.dk\/se\/product\/chey-volume-powder\/","og_locale":"sv_SE","og_type":"article","og_title":"Chey | Volume Powder | Curlsforyou.dk","og_description":"Vil du l\u00f8fte dit h\u00e5r og give det mere volumen? Pr\u00f8v Volume Powder fra Chey hos CurlsForYou. >> Se produktet her.","og_url":"https:\/\/curlsforyou.dk\/se\/product\/chey-volume-powder\/","article_publisher":"https:\/\/www.facebook.com\/curlsforyou","article_modified_time":"2026-01-26T15:31:12+00:00","og_image":[{"width":800,"height":800,"url":"https:\/\/curlsforyou.dk\/app\/uploads\/2021\/03\/Chey-Volume-Powder-front-800x800-1.jpg","type":"image\/jpeg"}],"twitter_card":"summary_large_image","twitter_misc":{"Ber\u00e4knad l\u00e4stid":"3 minuter"},"schema":{"@context":"https:\/\/schema.org","@graph":[{"@type":"WebPage","@id":"https:\/\/curlsforyou.dk\/vare\/chey-volume-powder\/","url":"https:\/\/curlsforyou.dk\/vare\/chey-volume-powder\/","name":"Chey | Volume Powder | Curlsforyou.dk","isPartOf":{"@id":"https:\/\/curlsforyou.dk\/#website"},"primaryImageOfPage":{"@id":"https:\/\/curlsforyou.dk\/vare\/chey-volume-powder\/#primaryimage"},"image":{"@id":"https:\/\/curlsforyou.dk\/vare\/chey-volume-powder\/#primaryimage"},"thumbnailUrl":"https:\/\/curlsforyou.dk\/app\/uploads\/2021\/03\/Chey-Volume-Powder-front-800x800-1.jpg","datePublished":"2021-03-01T19:42:38+00:00","dateModified":"2026-01-26T15:31:12+00:00","description":"Vil du l\u00f8fte dit h\u00e5r og give det mere volumen? Pr\u00f8v Volume Powder fra Chey hos CurlsForYou. >> Se produktet her.","breadcrumb":{"@id":"https:\/\/curlsforyou.dk\/vare\/chey-volume-powder\/#breadcrumb"},"inLanguage":"sv-SE","potentialAction":[{"@type":"ReadAction","target":["https:\/\/curlsforyou.dk\/vare\/chey-volume-powder\/"]}]},{"@type":"ImageObject","inLanguage":"sv-SE","@id":"https:\/\/curlsforyou.dk\/vare\/chey-volume-powder\/#primaryimage","url":"https:\/\/curlsforyou.dk\/app\/uploads\/2021\/03\/Chey-Volume-Powder-front-800x800-1.jpg","contentUrl":"https:\/\/curlsforyou.dk\/app\/uploads\/2021\/03\/Chey-Volume-Powder-front-800x800-1.jpg","width":800,"height":800},{"@type":"BreadcrumbList","@id":"https:\/\/curlsforyou.dk\/vare\/chey-volume-powder\/#breadcrumb","itemListElement":[{"@type":"ListItem","position":1,"name":"Hjem","item":"https:\/\/curlsforyou.dk\/"},{"@type":"ListItem","position":2,"name":"Shop","item":"https:\/\/curlsforyou.dk\/shop\/"},{"@type":"ListItem","position":3,"name":"Chey &#8211; Volume Powder"}]},{"@type":"WebSite","@id":"https:\/\/curlsforyou.dk\/#website","url":"https:\/\/curlsforyou.dk\/","name":"","description":"","publisher":{"@id":"https:\/\/curlsforyou.dk\/#organization"},"potentialAction":[{"@type":"SearchAction","target":{"@type":"EntryPoint","urlTemplate":"https:\/\/curlsforyou.dk\/?s={search_term_string}"},"query-input":{"@type":"PropertyValueSpecification","valueRequired":true,"valueName":"search_term_string"}}],"inLanguage":"sv-SE"},{"@type":"Organization","@id":"https:\/\/curlsforyou.dk\/#organization","name":"CurlsForYou","url":"https:\/\/curlsforyou.dk\/","logo":{"@type":"ImageObject","inLanguage":"sv-SE","@id":"https:\/\/curlsforyou.dk\/#\/schema\/logo\/image\/","url":"","contentUrl":"","caption":"CurlsForYou"},"image":{"@id":"https:\/\/curlsforyou.dk\/#\/schema\/logo\/image\/"},"sameAs":["https:\/\/www.facebook.com\/curlsforyou","https:\/\/www.instagram.com\/curlsforyou.dk\/"]}]}},"brands":[{"id":284,"name":"Chey","slug":"chey"}],"_links":{"self":[{"href":"https:\/\/curlsforyou.dk\/se\/wp-json\/wp\/v2\/product\/34377","targetHints":{"allow":["GET"]}}],"collection":[{"href":"https:\/\/curlsforyou.dk\/se\/wp-json\/wp\/v2\/product"}],"about":[{"href":"https:\/\/curlsforyou.dk\/se\/wp-json\/wp\/v2\/types\/product"}],"replies":[{"embeddable":true,"href":"https:\/\/curlsforyou.dk\/se\/wp-json\/wp\/v2\/comments?post=34377"}],"version-history":[{"count":0,"href":"https:\/\/curlsforyou.dk\/se\/wp-json\/wp\/v2\/product\/34377\/revisions"}],"wp:featuredmedia":[{"embeddable":true,"href":"https:\/\/curlsforyou.dk\/se\/wp-json\/wp\/v2\/media\/34389"}],"wp:attachment":[{"href":"https:\/\/curlsforyou.dk\/se\/wp-json\/wp\/v2\/media?parent=34377"}],"wp:term":[{"taxonomy":"pwb-brand","embeddable":true,"href":"https:\/\/curlsforyou.dk\/se\/wp-json\/wp\/v2\/pwb-brand?post=34377"},{"taxonomy":"product_brand","embeddable":true,"href":"https:\/\/curlsforyou.dk\/se\/wp-json\/wp\/v2\/product_brand?post=34377"},{"taxonomy":"product_cat","embeddable":true,"href":"https:\/\/curlsforyou.dk\/se\/wp-json\/wp\/v2\/product_cat?post=34377"},{"taxonomy":"product_tag","embeddable":true,"href":"https:\/\/curlsforyou.dk\/se\/wp-json\/wp\/v2\/product_tag?post=34377"},{"taxonomy":"giftcard-category","embeddable":true,"href":"https:\/\/curlsforyou.dk\/se\/wp-json\/wp\/v2\/giftcard-category?post=34377"}],"curies":[{"name":"wp","href":"https:\/\/api.w.org\/{rel}","templated":true}]}}