{"id":29167,"date":"2020-11-21T21:29:19","date_gmt":"2020-11-21T20:29:19","guid":{"rendered":"https:\/\/curlsforyou.dk\/?post_type=product&#038;p=29167"},"modified":"2026-03-30T18:20:03","modified_gmt":"2026-03-30T16:20:03","slug":"aunt-jackies-frizz-patrol-anti-poof-setting-mousse","status":"publish","type":"product","link":"https:\/\/curlsforyou.dk\/se\/product\/aunt-jackies-frizz-patrol-anti-poof-setting-mousse\/","title":{"rendered":"Aunt Jackie&#8217;s &#8211; Frizz Patrol Anti Poof Setting Mousse"},"content":{"rendered":"<p>F\u00e5 styr p\u00e5 krus og flyvsk h\u00e5r med Frizz Patrol Anti Poof Setting Mousse fra Aunt Jackie\u2019s. Du f\u00e5r her en h\u00e5rmousse, der er s\u00e6rdeles velegnet til styling af kr\u00f8llet eller b\u00f8lget h\u00e5r, idet den foruden at give et fint, let hold p\u00e5 frisuren bl\u00f8dg\u00f8r og definerer dine kr\u00f8ller samt giver dem masser af liv og shine. Ikke mindst hj\u00e6lper moussen med at vinde kontrol over frizz og krus i h\u00e5ret, s\u00e5ledes dine kr\u00f8ller kan tage sig smukt ud uden forstyrrende og flyvske elementer.<\/p>\n<p>Af ingredienser i moussen kan n\u00e6vnes vindruekerneolie og jojobaolie, der begge bidrager til at fugte og bl\u00f8dg\u00f8re dit h\u00e5r samt g\u00f8re det glansfuldt, mens tamanuolie har helende og styrkende egenskaber for hovedbund og h\u00e5rstr\u00e5. Samlet set er moussen sammensat, s\u00e5 den bidrager til dit h\u00e5rs sundhed, samtidig med at den naturligvis underst\u00f8tter din styling, s\u00e5 du f\u00e5r smukke, definerede kr\u00f8ller\/b\u00f8lger uden krus, men med glans og udstr\u00e5ling.<\/p>\n<p>Moussen fra Aunt Jackie\u2019s er, som mousser typisk er, let udformet og derfor egnet til alle h\u00e5rtyper. Ment p\u00e5 den m\u00e5de at ogs\u00e5 glat og b\u00f8lget h\u00e5r kan v\u00e6re med her. En mousse som denne vil s\u00e5ledes ogs\u00e5 kunne underst\u00f8tte fine kr\u00f8ller, bl\u00f8de b\u00f8lger og lige lokker, som den kan give fylde, glans, liv og et let hold. Foruden selvf\u00f8lgelig at bidrage i kampen mod frizz.<\/p>\n<h2>S\u00e5dan bruger du Frizz Patrol Anti Poof Setting Mousse<\/h2>\n<p>Frizz Patrol-moussen kan bruges dagligt eller efter behov og benyttes bedst i v\u00e5dt eller fugtigt h\u00e5r. Du kan med fordel inddele h\u00e5ret i sektioner og fordele en gener\u00f8s m\u00e6ngde af produktet i h\u00e5ret \u2013 en sektion ad gangen, fra rod til spids. F\u00f8r du herfra g\u00e5r videre med selve stylingen af dit h\u00e5r, er det bedst at vente, til h\u00e5ret er t\u00f8rt. Herefter er det blot at nyde din velsiddende frisure og bl\u00f8de, udtryksfulde kr\u00f8ller.<\/p>\n<p>Leder du efter andre produkter eller tilbeh\u00f8r til din styling-rutine, er du landet det rette sted. Her hos CurlsForYou synes vi, du skal give dine kr\u00f8ller alt det bedste, og det mener vi, at vi har et godt og bredt udvalg af \u2026 Det bedste. Du kan for eksempel finde andre sk\u00f8nne produkter fra Aunt Jackie\u2019s, ikke bare til styling af h\u00e5ret, men til h\u00e5rpleje generelt. Men ogs\u00e5 mange andre producenters gode h\u00e5rplejeprodukter har fundet vej her til os, s\u00e5 du har et fint udvalg, n\u00e5r du skal finde nogle produkter, der passer perfekt til dig.<\/p>\n<p>Er du p\u00e5 udkig efter udstyr eller tilbeh\u00f8r, du kan g\u00f8re brug af under din styling eller h\u00e5rplejerutine generelt, kan du tage et kig ind p\u00e5 vores udvalg af <a href=\"https:\/\/curlsforyou.dk\/se\/vare-kategori\/tilbehor\/\">tilbeh\u00f8r<\/a>. Her finder du praktiske ting som engangsbadeh\u00e6tter, bredtandede kamme og microfiberh\u00e5ndkl\u00e6der, men ogs\u00e5 h\u00e5relastikker og h\u00e5rb\u00f8jler, til n\u00e5r h\u00e5ret skal s\u00e6ttes. Der er ogs\u00e5 tilbeh\u00f8r som en scalp massager, hvis hovedbunden tr\u00e6nger til lidt fork\u00e6lelse \u2013 ligesom der generelt med produkterne, du finder hos os, er lagt op til fork\u00e6lelse af s\u00e5vel hovedbund som h\u00e5r \u2013 og s\u00e6rligt kr\u00f8ller.<\/p>\n<h2>Find masser af inspiration til pleje af dine kr\u00f8ller hos CurlsForYou<\/h2>\n<p>For her hos CurlsForYou g\u00e5r vi som antydet meget op i ordentlig h\u00e5rpleje, og at s\u00e6rligt kr\u00f8llet h\u00e5r f\u00e5r alt det, de har brug for af fugt, n\u00e6ring og pleje, for at de kan trives og folde sig naturligt og smukt ud. Det er ogs\u00e5 derfor, du kan finde effektive, men milde og plejende low-poos hos os, ligesom fugtgivende plejebalsammer og leave-in-balsammer naturligvis ogs\u00e5 er en del af vores udvalg.<\/p>\n<p>Er du en curly girl, og har du allerede kastet dig ud i Curly Girl-metoden, kan du tage et n\u00e6rmere kig p\u00e5 vores udvalg af <a href=\"https:\/\/curlsforyou.dk\/se\/vare-kategori\/vask-rens\/co-wash\/\">co-tv\u00e4ttar<\/a> \u2013 og har du endnu ikke l\u00e6rt den s\u00e6rlige kr\u00f8lle-h\u00e5rplejerutine at kende, kan du l\u00e6se meget mere om Curly Girl-metoden her i vores blog, hvor du i \u00f8vrigt kan finde masser af andre interessante indl\u00e6g omkring pleje, viden og r\u00e5d om kr\u00f8ller. Rigtig god forn\u00f8jelse.<\/p>","protected":false},"excerpt":{"rendered":"<ul>\n<li>Styling-mousse til kr\u00f8llet og b\u00f8lget h\u00e5r<\/li>\n<li>Afhj\u00e6lper frizz og krus<\/li>\n<li>Fugter og bl\u00f8dg\u00f8r h\u00e5ret<\/li>\n<li>Hj\u00e6lper med at g\u00f8re kr\u00f8llerne j\u00e6vne, glansfulde og definerede<\/li>\n<li>St\u00f8rrelse: 244 ml<\/li>\n<\/ul>","protected":false},"featured_media":29168,"comment_status":"open","ping_status":"closed","template":"","meta":[],"pwb-brand":[116],"product_brand":[],"product_cat":[149],"product_tag":[92],"giftcard-category":[],"class_list":{"0":"post-29167","1":"product","2":"type-product","3":"status-publish","4":"has-post-thumbnail","6":"pwb-brand-auntjackies","7":"product_cat-mousse","8":"product_tag-protein","10":"first","11":"instock","12":"taxable","13":"shipping-taxable","14":"purchasable","15":"product-type-simple"},"bundled_by":[],"bundle_stock_status":"instock","bundle_stock_quantity":11,"bundle_virtual":false,"bundle_layout":"","bundle_add_to_cart_form_location":"","bundle_editable_in_cart":false,"bundle_sold_individually_context":"","bundle_item_grouping":"","bundle_min_size":"","bundle_max_size":"","bundle_price":[],"bundled_items":[],"bundle_sell_ids":[],"supplier_id":null,"supplier_sku":"","barcode":null,"atum_controlled":true,"out_stock_date":null,"out_stock_threshold":null,"inheritable":false,"inbound_stock":0,"stock_on_hold":0,"sold_today":0,"sales_last_days":0,"reserved_stock":0,"customer_returns":0,"warehouse_damage":0,"lost_in_post":0,"other_logs":0,"out_stock_days":0,"lost_sales":0,"has_location":false,"update_date":"2026-05-03T11:17:27","atum_locations":[],"atum_stock_status":"instock","restock_status":false,"low_stock_amount":"","sales_update_date":"2026-05-03T11:17:26","calc_backorders":null,"yoast_head":"<!-- This site is optimized with the Yoast SEO plugin v25.6 - https:\/\/yoast.com\/wordpress\/plugins\/seo\/ -->\n<title>Aunt Jackie\u2019s \u2013 Frizz Patrol Mousse | CurlsForYou<\/title>\n<meta name=\"description\" content=\"F\u00e5 styr p\u00e5 frizz og giv kr\u00f8llerne liv og let hold med Frizz Patrol Anti Poof Setting Mousse fra Aunt Jackie\u2019s | CurlsForYou\" \/>\n<meta name=\"robots\" content=\"index, follow, max-snippet:-1, max-image-preview:large, max-video-preview:-1\" \/>\n<link rel=\"canonical\" href=\"https:\/\/curlsforyou.dk\/se\/product\/aunt-jackies-frizz-patrol-anti-poof-setting-mousse\/\" \/>\n<meta property=\"og:locale\" content=\"sv_SE\" \/>\n<meta property=\"og:type\" content=\"article\" \/>\n<meta property=\"og:title\" content=\"Aunt Jackie\u2019s \u2013 Frizz Patrol Mousse | CurlsForYou\" \/>\n<meta property=\"og:description\" content=\"F\u00e5 styr p\u00e5 frizz og giv kr\u00f8llerne liv og let hold med Frizz Patrol Anti Poof Setting Mousse fra Aunt Jackie\u2019s | CurlsForYou\" \/>\n<meta property=\"og:url\" content=\"https:\/\/curlsforyou.dk\/se\/product\/aunt-jackies-frizz-patrol-anti-poof-setting-mousse\/\" \/>\n<meta property=\"article:publisher\" content=\"https:\/\/www.facebook.com\/curlsforyou\" \/>\n<meta property=\"article:modified_time\" content=\"2026-03-30T16:20:03+00:00\" \/>\n<meta property=\"og:image\" content=\"https:\/\/curlsforyou.dk\/app\/uploads\/2020\/11\/AuntJackies-Frizz-Patrol-800x800-1.jpg\" \/>\n\t<meta property=\"og:image:width\" content=\"800\" \/>\n\t<meta property=\"og:image:height\" content=\"800\" \/>\n\t<meta property=\"og:image:type\" content=\"image\/jpeg\" \/>\n<meta name=\"twitter:card\" content=\"summary_large_image\" \/>\n<meta name=\"twitter:label1\" content=\"Ber\u00e4knad l\u00e4stid\" \/>\n\t<meta name=\"twitter:data1\" content=\"4 minuter\" \/>\n<script type=\"application\/ld+json\" class=\"yoast-schema-graph\">{\"@context\":\"https:\/\/schema.org\",\"@graph\":[{\"@type\":\"WebPage\",\"@id\":\"https:\/\/curlsforyou.dk\/vare\/aunt-jackies-frizz-patrol-anti-poof-setting-mousse\/\",\"url\":\"https:\/\/curlsforyou.dk\/vare\/aunt-jackies-frizz-patrol-anti-poof-setting-mousse\/\",\"name\":\"Aunt Jackie\u2019s \u2013 Frizz Patrol Mousse | CurlsForYou\",\"isPartOf\":{\"@id\":\"https:\/\/curlsforyou.dk\/#website\"},\"primaryImageOfPage\":{\"@id\":\"https:\/\/curlsforyou.dk\/vare\/aunt-jackies-frizz-patrol-anti-poof-setting-mousse\/#primaryimage\"},\"image\":{\"@id\":\"https:\/\/curlsforyou.dk\/vare\/aunt-jackies-frizz-patrol-anti-poof-setting-mousse\/#primaryimage\"},\"thumbnailUrl\":\"https:\/\/curlsforyou.dk\/app\/uploads\/2020\/11\/AuntJackies-Frizz-Patrol-800x800-1.jpg\",\"datePublished\":\"2020-11-21T20:29:19+00:00\",\"dateModified\":\"2026-03-30T16:20:03+00:00\",\"description\":\"F\u00e5 styr p\u00e5 frizz og giv kr\u00f8llerne liv og let hold med Frizz Patrol Anti Poof Setting Mousse fra Aunt Jackie\u2019s | CurlsForYou\",\"breadcrumb\":{\"@id\":\"https:\/\/curlsforyou.dk\/vare\/aunt-jackies-frizz-patrol-anti-poof-setting-mousse\/#breadcrumb\"},\"inLanguage\":\"sv-SE\",\"potentialAction\":[{\"@type\":\"ReadAction\",\"target\":[\"https:\/\/curlsforyou.dk\/vare\/aunt-jackies-frizz-patrol-anti-poof-setting-mousse\/\"]}]},{\"@type\":\"ImageObject\",\"inLanguage\":\"sv-SE\",\"@id\":\"https:\/\/curlsforyou.dk\/vare\/aunt-jackies-frizz-patrol-anti-poof-setting-mousse\/#primaryimage\",\"url\":\"https:\/\/curlsforyou.dk\/app\/uploads\/2020\/11\/AuntJackies-Frizz-Patrol-800x800-1.jpg\",\"contentUrl\":\"https:\/\/curlsforyou.dk\/app\/uploads\/2020\/11\/AuntJackies-Frizz-Patrol-800x800-1.jpg\",\"width\":800,\"height\":800,\"caption\":\"Aunt Jackies Frizz Patroll Mousse\"},{\"@type\":\"BreadcrumbList\",\"@id\":\"https:\/\/curlsforyou.dk\/vare\/aunt-jackies-frizz-patrol-anti-poof-setting-mousse\/#breadcrumb\",\"itemListElement\":[{\"@type\":\"ListItem\",\"position\":1,\"name\":\"Hjem\",\"item\":\"https:\/\/curlsforyou.dk\/\"},{\"@type\":\"ListItem\",\"position\":2,\"name\":\"Shop\",\"item\":\"https:\/\/curlsforyou.dk\/shop\/\"},{\"@type\":\"ListItem\",\"position\":3,\"name\":\"Aunt Jackie&#8217;s &#8211; Frizz Patrol Anti Poof Setting Mousse\"}]},{\"@type\":\"WebSite\",\"@id\":\"https:\/\/curlsforyou.dk\/#website\",\"url\":\"https:\/\/curlsforyou.dk\/\",\"name\":\"\",\"description\":\"\",\"publisher\":{\"@id\":\"https:\/\/curlsforyou.dk\/#organization\"},\"potentialAction\":[{\"@type\":\"SearchAction\",\"target\":{\"@type\":\"EntryPoint\",\"urlTemplate\":\"https:\/\/curlsforyou.dk\/?s={search_term_string}\"},\"query-input\":{\"@type\":\"PropertyValueSpecification\",\"valueRequired\":true,\"valueName\":\"search_term_string\"}}],\"inLanguage\":\"sv-SE\"},{\"@type\":\"Organization\",\"@id\":\"https:\/\/curlsforyou.dk\/#organization\",\"name\":\"CurlsForYou\",\"url\":\"https:\/\/curlsforyou.dk\/\",\"logo\":{\"@type\":\"ImageObject\",\"inLanguage\":\"sv-SE\",\"@id\":\"https:\/\/curlsforyou.dk\/#\/schema\/logo\/image\/\",\"url\":\"\",\"contentUrl\":\"\",\"caption\":\"CurlsForYou\"},\"image\":{\"@id\":\"https:\/\/curlsforyou.dk\/#\/schema\/logo\/image\/\"},\"sameAs\":[\"https:\/\/www.facebook.com\/curlsforyou\",\"https:\/\/www.instagram.com\/curlsforyou.dk\/\"]}]}<\/script>\n<!-- \/ Yoast SEO plugin. -->","yoast_head_json":{"title":"Aunt Jackie\u2019s \u2013 Frizz Patrol Mousse | CurlsForYou","description":"F\u00e5 styr p\u00e5 frizz og giv kr\u00f8llerne liv og let hold med Frizz Patrol Anti Poof Setting Mousse fra Aunt Jackie\u2019s | CurlsForYou","robots":{"index":"index","follow":"follow","max-snippet":"max-snippet:-1","max-image-preview":"max-image-preview:large","max-video-preview":"max-video-preview:-1"},"canonical":"https:\/\/curlsforyou.dk\/se\/product\/aunt-jackies-frizz-patrol-anti-poof-setting-mousse\/","og_locale":"sv_SE","og_type":"article","og_title":"Aunt Jackie\u2019s \u2013 Frizz Patrol Mousse | CurlsForYou","og_description":"F\u00e5 styr p\u00e5 frizz og giv kr\u00f8llerne liv og let hold med Frizz Patrol Anti Poof Setting Mousse fra Aunt Jackie\u2019s | CurlsForYou","og_url":"https:\/\/curlsforyou.dk\/se\/product\/aunt-jackies-frizz-patrol-anti-poof-setting-mousse\/","article_publisher":"https:\/\/www.facebook.com\/curlsforyou","article_modified_time":"2026-03-30T16:20:03+00:00","og_image":[{"width":800,"height":800,"url":"https:\/\/curlsforyou.dk\/app\/uploads\/2020\/11\/AuntJackies-Frizz-Patrol-800x800-1.jpg","type":"image\/jpeg"}],"twitter_card":"summary_large_image","twitter_misc":{"Ber\u00e4knad l\u00e4stid":"4 minuter"},"schema":{"@context":"https:\/\/schema.org","@graph":[{"@type":"WebPage","@id":"https:\/\/curlsforyou.dk\/vare\/aunt-jackies-frizz-patrol-anti-poof-setting-mousse\/","url":"https:\/\/curlsforyou.dk\/vare\/aunt-jackies-frizz-patrol-anti-poof-setting-mousse\/","name":"Aunt Jackie\u2019s \u2013 Frizz Patrol Mousse | CurlsForYou","isPartOf":{"@id":"https:\/\/curlsforyou.dk\/#website"},"primaryImageOfPage":{"@id":"https:\/\/curlsforyou.dk\/vare\/aunt-jackies-frizz-patrol-anti-poof-setting-mousse\/#primaryimage"},"image":{"@id":"https:\/\/curlsforyou.dk\/vare\/aunt-jackies-frizz-patrol-anti-poof-setting-mousse\/#primaryimage"},"thumbnailUrl":"https:\/\/curlsforyou.dk\/app\/uploads\/2020\/11\/AuntJackies-Frizz-Patrol-800x800-1.jpg","datePublished":"2020-11-21T20:29:19+00:00","dateModified":"2026-03-30T16:20:03+00:00","description":"F\u00e5 styr p\u00e5 frizz og giv kr\u00f8llerne liv og let hold med Frizz Patrol Anti Poof Setting Mousse fra Aunt Jackie\u2019s | CurlsForYou","breadcrumb":{"@id":"https:\/\/curlsforyou.dk\/vare\/aunt-jackies-frizz-patrol-anti-poof-setting-mousse\/#breadcrumb"},"inLanguage":"sv-SE","potentialAction":[{"@type":"ReadAction","target":["https:\/\/curlsforyou.dk\/vare\/aunt-jackies-frizz-patrol-anti-poof-setting-mousse\/"]}]},{"@type":"ImageObject","inLanguage":"sv-SE","@id":"https:\/\/curlsforyou.dk\/vare\/aunt-jackies-frizz-patrol-anti-poof-setting-mousse\/#primaryimage","url":"https:\/\/curlsforyou.dk\/app\/uploads\/2020\/11\/AuntJackies-Frizz-Patrol-800x800-1.jpg","contentUrl":"https:\/\/curlsforyou.dk\/app\/uploads\/2020\/11\/AuntJackies-Frizz-Patrol-800x800-1.jpg","width":800,"height":800,"caption":"Aunt Jackies Frizz Patroll Mousse"},{"@type":"BreadcrumbList","@id":"https:\/\/curlsforyou.dk\/vare\/aunt-jackies-frizz-patrol-anti-poof-setting-mousse\/#breadcrumb","itemListElement":[{"@type":"ListItem","position":1,"name":"Hjem","item":"https:\/\/curlsforyou.dk\/"},{"@type":"ListItem","position":2,"name":"Shop","item":"https:\/\/curlsforyou.dk\/shop\/"},{"@type":"ListItem","position":3,"name":"Aunt Jackie&#8217;s &#8211; Frizz Patrol Anti Poof Setting Mousse"}]},{"@type":"WebSite","@id":"https:\/\/curlsforyou.dk\/#website","url":"https:\/\/curlsforyou.dk\/","name":"","description":"","publisher":{"@id":"https:\/\/curlsforyou.dk\/#organization"},"potentialAction":[{"@type":"SearchAction","target":{"@type":"EntryPoint","urlTemplate":"https:\/\/curlsforyou.dk\/?s={search_term_string}"},"query-input":{"@type":"PropertyValueSpecification","valueRequired":true,"valueName":"search_term_string"}}],"inLanguage":"sv-SE"},{"@type":"Organization","@id":"https:\/\/curlsforyou.dk\/#organization","name":"CurlsForYou","url":"https:\/\/curlsforyou.dk\/","logo":{"@type":"ImageObject","inLanguage":"sv-SE","@id":"https:\/\/curlsforyou.dk\/#\/schema\/logo\/image\/","url":"","contentUrl":"","caption":"CurlsForYou"},"image":{"@id":"https:\/\/curlsforyou.dk\/#\/schema\/logo\/image\/"},"sameAs":["https:\/\/www.facebook.com\/curlsforyou","https:\/\/www.instagram.com\/curlsforyou.dk\/"]}]}},"brands":[{"id":116,"name":"Aunt Jackie's","slug":"auntjackies"}],"_links":{"self":[{"href":"https:\/\/curlsforyou.dk\/se\/wp-json\/wp\/v2\/product\/29167","targetHints":{"allow":["GET"]}}],"collection":[{"href":"https:\/\/curlsforyou.dk\/se\/wp-json\/wp\/v2\/product"}],"about":[{"href":"https:\/\/curlsforyou.dk\/se\/wp-json\/wp\/v2\/types\/product"}],"replies":[{"embeddable":true,"href":"https:\/\/curlsforyou.dk\/se\/wp-json\/wp\/v2\/comments?post=29167"}],"version-history":[{"count":0,"href":"https:\/\/curlsforyou.dk\/se\/wp-json\/wp\/v2\/product\/29167\/revisions"}],"wp:featuredmedia":[{"embeddable":true,"href":"https:\/\/curlsforyou.dk\/se\/wp-json\/wp\/v2\/media\/29168"}],"wp:attachment":[{"href":"https:\/\/curlsforyou.dk\/se\/wp-json\/wp\/v2\/media?parent=29167"}],"wp:term":[{"taxonomy":"pwb-brand","embeddable":true,"href":"https:\/\/curlsforyou.dk\/se\/wp-json\/wp\/v2\/pwb-brand?post=29167"},{"taxonomy":"product_brand","embeddable":true,"href":"https:\/\/curlsforyou.dk\/se\/wp-json\/wp\/v2\/product_brand?post=29167"},{"taxonomy":"product_cat","embeddable":true,"href":"https:\/\/curlsforyou.dk\/se\/wp-json\/wp\/v2\/product_cat?post=29167"},{"taxonomy":"product_tag","embeddable":true,"href":"https:\/\/curlsforyou.dk\/se\/wp-json\/wp\/v2\/product_tag?post=29167"},{"taxonomy":"giftcard-category","embeddable":true,"href":"https:\/\/curlsforyou.dk\/se\/wp-json\/wp\/v2\/giftcard-category?post=29167"}],"curies":[{"name":"wp","href":"https:\/\/api.w.org\/{rel}","templated":true}]}}