{"id":29161,"date":"2020-11-21T20:52:17","date_gmt":"2020-11-21T19:52:17","guid":{"rendered":"https:\/\/curlsforyou.dk\/?post_type=product&#038;p=29161"},"modified":"2026-04-10T19:18:31","modified_gmt":"2026-04-10T17:18:31","slug":"curls-curly-q-moist-curls-moisturizer-and-detangler","status":"publish","type":"product","link":"https:\/\/curlsforyou.dk\/se\/product\/curls-curly-q-moist-curls-moisturizer-and-detangler\/","title":{"rendered":"Curls &#8211; Curly Q Moist Curls Moisturizer and Detangler"},"content":{"rendered":"<p>Er dit barns kr\u00f8ller t\u00f8rstige efter fugt? Med Curly Q Moist Curls Moisturizer and Detangler kan du give dit og dit barns t\u00f8rre og krusede kr\u00f8ller den fugt, de har brug for.<\/p>\n<p>Denne flydende leave-in er lavet med certificerede \u00f8kologiske ingredienser og naturlige dufte. Den er is\u00e6r god til kraftigt, kr\u00f8llet h\u00e5r med mange sm\u00e5 spiralkr\u00f8ller, som har tendens til at filtre. Produktet kan ogs\u00e5 bruges til store kr\u00f8ller og b\u00f8lget h\u00e5r, som er sv\u00e6rt at rede ud.<\/p>\n<p>Denne leave-in tilf\u00f8rer h\u00e5ret masser af fugt og g\u00f8r h\u00e5ret nemmere at rede ud med <a href=\"https:\/\/curlsforyou.dk\/se\/product\/denman-d3-styling-boerste\/\">en god h\u00e5rb\u00f8rste<\/a>. Det sikrer, at dit barns kr\u00f8llede lokker ikke tager skade, n\u00e5r det bliver detanglet. Curly Q Moist Curls Moisturizer and Detangler er en del af Curly Q-serien fra Curls, som er udviklet specielt til b\u00f8rn.<\/p>\n<h2>S\u00e5dan bruger du Curly Q Moist Curls Moisturizer and Detangler<\/h2>\n<p>Du kan bruge Curly Q Moist Curls Moisturizer and Detangler hver dag til dit barn og dig selv. Produktet kan bruges i b\u00e5de v\u00e5dt og t\u00f8rt h\u00e5r. Du f\u00e5r det allerbedste resultat ved at bruge sprayen dagligt.<\/p>\n<p>Spray et lag over hele h\u00e5ret. Sprayflasken spr\u00f8jter et j\u00e6vnt lag, der s\u00f8rger for, at alle kr\u00f8ller f\u00e5r del i det sk\u00f8nne, fugtgivende serum. Mass\u00e9r det let ind i h\u00e5ret. Nu er din lille kr\u00f8lh\u00e5rede engels h\u00e5r klar til at blive redt ud.<\/p>\n<p>BEM\u00c6RK: Spr\u00f8jten er beregnet til at spr\u00f8jte i en str\u00f8m (vs t\u00e5ge) for at muligg\u00f8re hurtig m\u00e6tning af fugtige kr\u00f8ller for at muligg\u00f8re hurtig og let gennemredning\/detangle.<\/p>\n<h2>F\u00e5 de bedste naturlige og \u00f8kologiske ingredienser til dit barn<\/h2>\n<p>N\u00e5r de t\u00f8rstige kr\u00f8ller suger den fugtgivende, n\u00e6rende og flydende serum til sig, kan du v\u00e6re tryg ved, at du kun giver dit barns h\u00e5r de fineste kvalitetsingredienser fra naturen. Curly Q Moist Curls Moisturizer and Detangler indeholder bl.a. certificeret \u00f8kologisk ekstrakt fra kamille, granat\u00e6blekerner, kokosn\u00f8d og sheasm\u00f8r.<\/p>\n<p>Derudover indeholder den fugtgivende formular andre n\u00f8je udvalgte, naturlige ingredienser, som alle giver den bedst mulige fugt og g\u00f8r h\u00e5ret lettere at rede ud. Curly Q Moist Curls Moisturizer and Detangler har en mild duft, som er helt naturlig. Den indeholder ingen syntetiske duftstoffer.<\/p>\n<p>Curly Q Moist Curls Moisturizer and Detangler er <a href=\"https:\/\/curlsforyou.dk\/se\/curly-girl-metoden\/cgm-den-hurtige-gennemgang\/\">Curly Girl-godk\u00e4nd<\/a>. Det betyder, at den er sulfatfri, silikonefri, parabenefri og fri for mineralolier og udt\u00f8rrende alkohol.<\/p>","protected":false},"excerpt":{"rendered":"<ul>\n<li>Detangler til b\u00f8rn, som g\u00f8r selv det mest genstridige h\u00e5r let at rede ud<\/li>\n<li>Kan bruges i b\u00e5de v\u00e5dt og t\u00f8rt h\u00e5r<\/li>\n<li>Tilf\u00f8rer h\u00e5ret masser af fugt<\/li>\n<li>Spr\u00f8jter i en bred t\u00e5ge, som g\u00f8r den nem at fordele i h\u00e5ret<\/li>\n<li>Sjov og festlig flaske, som b\u00f8rn elsker<\/li>\n<li>St\u00f8rrelse: 236 ml<\/li>\n<\/ul>","protected":false},"featured_media":29162,"comment_status":"open","ping_status":"closed","template":"","meta":[],"pwb-brand":[69],"product_brand":[],"product_cat":[137],"product_tag":[92],"giftcard-category":[],"class_list":{"0":"post-29161","1":"product","2":"type-product","3":"status-publish","4":"has-post-thumbnail","6":"pwb-brand-curls","7":"product_cat-leave-in-balsam","8":"product_tag-protein","10":"first","11":"outofstock","12":"taxable","13":"shipping-taxable","14":"purchasable","15":"product-type-simple"},"bundled_by":[],"bundle_stock_status":"outofstock","bundle_stock_quantity":0,"bundle_virtual":false,"bundle_layout":"","bundle_add_to_cart_form_location":"","bundle_editable_in_cart":false,"bundle_sold_individually_context":"","bundle_item_grouping":"","bundle_min_size":"","bundle_max_size":"","bundle_price":[],"bundled_items":[],"bundle_sell_ids":[],"supplier_id":null,"supplier_sku":"","barcode":null,"atum_controlled":true,"out_stock_date":"2026-04-10 19:18:31","out_stock_threshold":null,"inheritable":false,"inbound_stock":0,"stock_on_hold":0,"sold_today":0,"sales_last_days":0,"reserved_stock":0,"customer_returns":0,"warehouse_damage":0,"lost_in_post":0,"other_logs":0,"out_stock_days":23,"lost_sales":522,"has_location":false,"update_date":"2026-05-04T11:16:55","atum_locations":[],"atum_stock_status":"outofstock","restock_status":false,"low_stock_amount":"","sales_update_date":"2026-05-04T11:16:55","calc_backorders":null,"yoast_head":"<!-- This site is optimized with the Yoast SEO plugin v25.6 - https:\/\/yoast.com\/wordpress\/plugins\/seo\/ -->\n<title>Curly Q Moist Curls Moisturizer and Detangler | CurlsForYou<\/title>\n<meta name=\"description\" content=\"P\u00e5 udkig efter en leave-in til fugtt\u00f8rstende, kr\u00f8llede lokker, som er supernem at spraye i? K\u00f8b hos CurlsForYou i dag.\" \/>\n<meta name=\"robots\" content=\"index, follow, max-snippet:-1, max-image-preview:large, max-video-preview:-1\" \/>\n<link rel=\"canonical\" href=\"https:\/\/curlsforyou.dk\/se\/product\/curls-curly-q-moist-curls-moisturizer-and-detangler\/\" \/>\n<meta property=\"og:locale\" content=\"sv_SE\" \/>\n<meta property=\"og:type\" content=\"article\" \/>\n<meta property=\"og:title\" content=\"Curly Q Moist Curls Moisturizer and Detangler | CurlsForYou\" \/>\n<meta property=\"og:description\" content=\"P\u00e5 udkig efter en leave-in til fugtt\u00f8rstende, kr\u00f8llede lokker, som er supernem at spraye i? K\u00f8b hos CurlsForYou i dag.\" \/>\n<meta property=\"og:url\" content=\"https:\/\/curlsforyou.dk\/se\/product\/curls-curly-q-moist-curls-moisturizer-and-detangler\/\" \/>\n<meta property=\"article:publisher\" content=\"https:\/\/www.facebook.com\/curlsforyou\" \/>\n<meta property=\"article:modified_time\" content=\"2026-04-10T17:18:31+00:00\" \/>\n<meta property=\"og:image\" content=\"https:\/\/curlsforyou.dk\/app\/uploads\/2020\/11\/curls-products-curly-qs-collection-moist-curls-moisturizer-600x600-1.jpg\" \/>\n\t<meta property=\"og:image:width\" content=\"600\" \/>\n\t<meta property=\"og:image:height\" content=\"600\" \/>\n\t<meta property=\"og:image:type\" content=\"image\/jpeg\" \/>\n<meta name=\"twitter:card\" content=\"summary_large_image\" \/>\n<meta name=\"twitter:label1\" content=\"Ber\u00e4knad l\u00e4stid\" \/>\n\t<meta name=\"twitter:data1\" content=\"3 minuter\" \/>\n<script type=\"application\/ld+json\" class=\"yoast-schema-graph\">{\"@context\":\"https:\/\/schema.org\",\"@graph\":[{\"@type\":\"WebPage\",\"@id\":\"https:\/\/curlsforyou.dk\/vare\/curls-curly-q-moist-curls-moisturizer-and-detangler\/\",\"url\":\"https:\/\/curlsforyou.dk\/vare\/curls-curly-q-moist-curls-moisturizer-and-detangler\/\",\"name\":\"Curly Q Moist Curls Moisturizer and Detangler | CurlsForYou\",\"isPartOf\":{\"@id\":\"https:\/\/curlsforyou.dk\/#website\"},\"primaryImageOfPage\":{\"@id\":\"https:\/\/curlsforyou.dk\/vare\/curls-curly-q-moist-curls-moisturizer-and-detangler\/#primaryimage\"},\"image\":{\"@id\":\"https:\/\/curlsforyou.dk\/vare\/curls-curly-q-moist-curls-moisturizer-and-detangler\/#primaryimage\"},\"thumbnailUrl\":\"https:\/\/curlsforyou.dk\/app\/uploads\/2020\/11\/curls-products-curly-qs-collection-moist-curls-moisturizer-600x600-1.jpg\",\"datePublished\":\"2020-11-21T19:52:17+00:00\",\"dateModified\":\"2026-04-10T17:18:31+00:00\",\"description\":\"P\u00e5 udkig efter en leave-in til fugtt\u00f8rstende, kr\u00f8llede lokker, som er supernem at spraye i? K\u00f8b hos CurlsForYou i dag.\",\"breadcrumb\":{\"@id\":\"https:\/\/curlsforyou.dk\/vare\/curls-curly-q-moist-curls-moisturizer-and-detangler\/#breadcrumb\"},\"inLanguage\":\"sv-SE\",\"potentialAction\":[{\"@type\":\"ReadAction\",\"target\":[\"https:\/\/curlsforyou.dk\/vare\/curls-curly-q-moist-curls-moisturizer-and-detangler\/\"]}]},{\"@type\":\"ImageObject\",\"inLanguage\":\"sv-SE\",\"@id\":\"https:\/\/curlsforyou.dk\/vare\/curls-curly-q-moist-curls-moisturizer-and-detangler\/#primaryimage\",\"url\":\"https:\/\/curlsforyou.dk\/app\/uploads\/2020\/11\/curls-products-curly-qs-collection-moist-curls-moisturizer-600x600-1.jpg\",\"contentUrl\":\"https:\/\/curlsforyou.dk\/app\/uploads\/2020\/11\/curls-products-curly-qs-collection-moist-curls-moisturizer-600x600-1.jpg\",\"width\":600,\"height\":600},{\"@type\":\"BreadcrumbList\",\"@id\":\"https:\/\/curlsforyou.dk\/vare\/curls-curly-q-moist-curls-moisturizer-and-detangler\/#breadcrumb\",\"itemListElement\":[{\"@type\":\"ListItem\",\"position\":1,\"name\":\"Hjem\",\"item\":\"https:\/\/curlsforyou.dk\/\"},{\"@type\":\"ListItem\",\"position\":2,\"name\":\"Shop\",\"item\":\"https:\/\/curlsforyou.dk\/shop\/\"},{\"@type\":\"ListItem\",\"position\":3,\"name\":\"Curls &#8211; Curly Q Moist Curls Moisturizer and Detangler\"}]},{\"@type\":\"WebSite\",\"@id\":\"https:\/\/curlsforyou.dk\/#website\",\"url\":\"https:\/\/curlsforyou.dk\/\",\"name\":\"\",\"description\":\"\",\"publisher\":{\"@id\":\"https:\/\/curlsforyou.dk\/#organization\"},\"potentialAction\":[{\"@type\":\"SearchAction\",\"target\":{\"@type\":\"EntryPoint\",\"urlTemplate\":\"https:\/\/curlsforyou.dk\/?s={search_term_string}\"},\"query-input\":{\"@type\":\"PropertyValueSpecification\",\"valueRequired\":true,\"valueName\":\"search_term_string\"}}],\"inLanguage\":\"sv-SE\"},{\"@type\":\"Organization\",\"@id\":\"https:\/\/curlsforyou.dk\/#organization\",\"name\":\"CurlsForYou\",\"url\":\"https:\/\/curlsforyou.dk\/\",\"logo\":{\"@type\":\"ImageObject\",\"inLanguage\":\"sv-SE\",\"@id\":\"https:\/\/curlsforyou.dk\/#\/schema\/logo\/image\/\",\"url\":\"\",\"contentUrl\":\"\",\"caption\":\"CurlsForYou\"},\"image\":{\"@id\":\"https:\/\/curlsforyou.dk\/#\/schema\/logo\/image\/\"},\"sameAs\":[\"https:\/\/www.facebook.com\/curlsforyou\",\"https:\/\/www.instagram.com\/curlsforyou.dk\/\"]}]}<\/script>\n<!-- \/ Yoast SEO plugin. -->","yoast_head_json":{"title":"Curly Q Moist Curls Moisturizer and Detangler | CurlsForYou","description":"P\u00e5 udkig efter en leave-in til fugtt\u00f8rstende, kr\u00f8llede lokker, som er supernem at spraye i? K\u00f8b hos CurlsForYou i dag.","robots":{"index":"index","follow":"follow","max-snippet":"max-snippet:-1","max-image-preview":"max-image-preview:large","max-video-preview":"max-video-preview:-1"},"canonical":"https:\/\/curlsforyou.dk\/se\/product\/curls-curly-q-moist-curls-moisturizer-and-detangler\/","og_locale":"sv_SE","og_type":"article","og_title":"Curly Q Moist Curls Moisturizer and Detangler | CurlsForYou","og_description":"P\u00e5 udkig efter en leave-in til fugtt\u00f8rstende, kr\u00f8llede lokker, som er supernem at spraye i? K\u00f8b hos CurlsForYou i dag.","og_url":"https:\/\/curlsforyou.dk\/se\/product\/curls-curly-q-moist-curls-moisturizer-and-detangler\/","article_publisher":"https:\/\/www.facebook.com\/curlsforyou","article_modified_time":"2026-04-10T17:18:31+00:00","og_image":[{"width":600,"height":600,"url":"https:\/\/curlsforyou.dk\/app\/uploads\/2020\/11\/curls-products-curly-qs-collection-moist-curls-moisturizer-600x600-1.jpg","type":"image\/jpeg"}],"twitter_card":"summary_large_image","twitter_misc":{"Ber\u00e4knad l\u00e4stid":"3 minuter"},"schema":{"@context":"https:\/\/schema.org","@graph":[{"@type":"WebPage","@id":"https:\/\/curlsforyou.dk\/vare\/curls-curly-q-moist-curls-moisturizer-and-detangler\/","url":"https:\/\/curlsforyou.dk\/vare\/curls-curly-q-moist-curls-moisturizer-and-detangler\/","name":"Curly Q Moist Curls Moisturizer and Detangler | CurlsForYou","isPartOf":{"@id":"https:\/\/curlsforyou.dk\/#website"},"primaryImageOfPage":{"@id":"https:\/\/curlsforyou.dk\/vare\/curls-curly-q-moist-curls-moisturizer-and-detangler\/#primaryimage"},"image":{"@id":"https:\/\/curlsforyou.dk\/vare\/curls-curly-q-moist-curls-moisturizer-and-detangler\/#primaryimage"},"thumbnailUrl":"https:\/\/curlsforyou.dk\/app\/uploads\/2020\/11\/curls-products-curly-qs-collection-moist-curls-moisturizer-600x600-1.jpg","datePublished":"2020-11-21T19:52:17+00:00","dateModified":"2026-04-10T17:18:31+00:00","description":"P\u00e5 udkig efter en leave-in til fugtt\u00f8rstende, kr\u00f8llede lokker, som er supernem at spraye i? K\u00f8b hos CurlsForYou i dag.","breadcrumb":{"@id":"https:\/\/curlsforyou.dk\/vare\/curls-curly-q-moist-curls-moisturizer-and-detangler\/#breadcrumb"},"inLanguage":"sv-SE","potentialAction":[{"@type":"ReadAction","target":["https:\/\/curlsforyou.dk\/vare\/curls-curly-q-moist-curls-moisturizer-and-detangler\/"]}]},{"@type":"ImageObject","inLanguage":"sv-SE","@id":"https:\/\/curlsforyou.dk\/vare\/curls-curly-q-moist-curls-moisturizer-and-detangler\/#primaryimage","url":"https:\/\/curlsforyou.dk\/app\/uploads\/2020\/11\/curls-products-curly-qs-collection-moist-curls-moisturizer-600x600-1.jpg","contentUrl":"https:\/\/curlsforyou.dk\/app\/uploads\/2020\/11\/curls-products-curly-qs-collection-moist-curls-moisturizer-600x600-1.jpg","width":600,"height":600},{"@type":"BreadcrumbList","@id":"https:\/\/curlsforyou.dk\/vare\/curls-curly-q-moist-curls-moisturizer-and-detangler\/#breadcrumb","itemListElement":[{"@type":"ListItem","position":1,"name":"Hjem","item":"https:\/\/curlsforyou.dk\/"},{"@type":"ListItem","position":2,"name":"Shop","item":"https:\/\/curlsforyou.dk\/shop\/"},{"@type":"ListItem","position":3,"name":"Curls &#8211; Curly Q Moist Curls Moisturizer and Detangler"}]},{"@type":"WebSite","@id":"https:\/\/curlsforyou.dk\/#website","url":"https:\/\/curlsforyou.dk\/","name":"","description":"","publisher":{"@id":"https:\/\/curlsforyou.dk\/#organization"},"potentialAction":[{"@type":"SearchAction","target":{"@type":"EntryPoint","urlTemplate":"https:\/\/curlsforyou.dk\/?s={search_term_string}"},"query-input":{"@type":"PropertyValueSpecification","valueRequired":true,"valueName":"search_term_string"}}],"inLanguage":"sv-SE"},{"@type":"Organization","@id":"https:\/\/curlsforyou.dk\/#organization","name":"CurlsForYou","url":"https:\/\/curlsforyou.dk\/","logo":{"@type":"ImageObject","inLanguage":"sv-SE","@id":"https:\/\/curlsforyou.dk\/#\/schema\/logo\/image\/","url":"","contentUrl":"","caption":"CurlsForYou"},"image":{"@id":"https:\/\/curlsforyou.dk\/#\/schema\/logo\/image\/"},"sameAs":["https:\/\/www.facebook.com\/curlsforyou","https:\/\/www.instagram.com\/curlsforyou.dk\/"]}]}},"brands":[{"id":69,"name":"Curls","slug":"curls"}],"_links":{"self":[{"href":"https:\/\/curlsforyou.dk\/se\/wp-json\/wp\/v2\/product\/29161","targetHints":{"allow":["GET"]}}],"collection":[{"href":"https:\/\/curlsforyou.dk\/se\/wp-json\/wp\/v2\/product"}],"about":[{"href":"https:\/\/curlsforyou.dk\/se\/wp-json\/wp\/v2\/types\/product"}],"replies":[{"embeddable":true,"href":"https:\/\/curlsforyou.dk\/se\/wp-json\/wp\/v2\/comments?post=29161"}],"version-history":[{"count":0,"href":"https:\/\/curlsforyou.dk\/se\/wp-json\/wp\/v2\/product\/29161\/revisions"}],"wp:featuredmedia":[{"embeddable":true,"href":"https:\/\/curlsforyou.dk\/se\/wp-json\/wp\/v2\/media\/29162"}],"wp:attachment":[{"href":"https:\/\/curlsforyou.dk\/se\/wp-json\/wp\/v2\/media?parent=29161"}],"wp:term":[{"taxonomy":"pwb-brand","embeddable":true,"href":"https:\/\/curlsforyou.dk\/se\/wp-json\/wp\/v2\/pwb-brand?post=29161"},{"taxonomy":"product_brand","embeddable":true,"href":"https:\/\/curlsforyou.dk\/se\/wp-json\/wp\/v2\/product_brand?post=29161"},{"taxonomy":"product_cat","embeddable":true,"href":"https:\/\/curlsforyou.dk\/se\/wp-json\/wp\/v2\/product_cat?post=29161"},{"taxonomy":"product_tag","embeddable":true,"href":"https:\/\/curlsforyou.dk\/se\/wp-json\/wp\/v2\/product_tag?post=29161"},{"taxonomy":"giftcard-category","embeddable":true,"href":"https:\/\/curlsforyou.dk\/se\/wp-json\/wp\/v2\/giftcard-category?post=29161"}],"curies":[{"name":"wp","href":"https:\/\/api.w.org\/{rel}","templated":true}]}}