{"id":29148,"date":"2020-11-21T19:55:44","date_gmt":"2020-11-21T18:55:44","guid":{"rendered":"https:\/\/curlsforyou.dk\/?post_type=product&#038;p=29148"},"modified":"2026-03-09T09:50:00","modified_gmt":"2026-03-09T08:50:00","slug":"curls-curly-q-custard","status":"publish","type":"product","link":"https:\/\/curlsforyou.dk\/se\/product\/curls-curly-q-custard\/","title":{"rendered":"Curls &#8211; Curly Q Custard"},"content":{"rendered":"<p>Har du eller dit barn et kraftigt, groft og kr\u00f8llet h\u00e5r, som har tendens til at blive alt for stort og puffet? S\u00e5 vil du elske det, som Curly Q Custard kan g\u00f8re ved dit h\u00e5r.<\/p>\n<p>Curly Q Custard hj\u00e6lper med at t\u00e6mme selv det mest kraftige, kr\u00f8llede h\u00e5r. Produktet giver tydelig kr\u00f8lledefinition, kontrol og glans til alle Curly Girls og er s\u00e6rligt velegnet til kr\u00f8ller af type 3 og 4 \u2013 alts\u00e5 mange sm\u00e5 og t\u00e6tte proptr\u00e6kkerkr\u00f8ller. Produktet virker ved at forl\u00e6nge kr\u00f8llerne og forhindre, at de tr\u00e6kker sig for meget sammen, hvilket er det, der giver det puffede look, som mange gerne vil undg\u00e5.<\/p>\n<h2>Naturlig kollektion \u2013 s\u00e6rligt til kinky kr\u00f8ller<\/h2>\n<p>Curly Q Custard tilh\u00f8rer b\u00f8rnekollektionen fra Curls. Produktet har et festligt og legende udseende, og s\u00e5 er det rigtig godt til at style kr\u00f8ller, som har tendens til at blive t\u00f8rre og mangle fugt.<\/p>\n<p>Curly Q Custard er sm\u00e6kfyldt med certificerede \u00f8kologiske ingredienser som fx \u00f8kologisk solsikkeolie, \u00f8kologisk aloe vera samt \u00f8kologisk sheasm\u00f8r og mango. Disse er blot nogle af de l\u00e6kre, naturlige ingredienser, du finder i Curls\u2019 Curly Q Custard, som selvf\u00f8lgelig lever op til alle krav til <a href=\"https:\/\/curlsforyou.dk\/se\/curly-girl-metoden\/curly-girl-metoden\/\">The Curly Girl -metoden<\/a>.<\/p>\n<p>Curly Q Custard indeholder hverken petroleum, mineralolie, sulfat, parabener eller silikone, s\u00e5 du kan trygt bruge produktet i dit barns h\u00e5r \u2013 velvidende at du ikke tilf\u00f8rer nogen form for skadelig kemi.<\/p>\n<h2>P\u00e5f\u00f8ring af Curls\u2019 Curly Q Custard<\/h2>\n<p>Curly Q Custard anvendes som en kr\u00f8llecreme til kraftigt, kr\u00f8llet h\u00e5r, der kan v\u00e6re sv\u00e6rt at styre. Du kan bruge Curly Q Custard til at style dine og dit barns kr\u00f8ller p\u00e5 vaskedage og til at genopfriske kr\u00f8llerne mellem vaskedage. Du kan f\u00e5 ekstra meget fugtgivende pleje til lokkerne med <a href=\"https:\/\/curlsforyou.dk\/se\/product\/curls-curly-q-coconut-dream-moisturizing-conditioner\/\">Curls \u2013 Curly Q Coconut Dream Moisturizing Conditioner<\/a>, som fugter h\u00e5ret og forbereder det p\u00e5 at blive stylet. Det g\u00f8r det fx nemmere at samle kr\u00f8llerne.<\/p>\n<p>Kr\u00f8llecremen giver kr\u00f8ller et rigtig godt og mildt hold med veldefinerede, sunde kr\u00f8ller, som holder hele dagen. Mens du p\u00e5f\u00f8rer kr\u00f8llecremem, kan du nyde den s\u00f8de duft af vanilje, som kendetegner mange af Curls\u2019 h\u00e5rprodukter. Du kan se flere h\u00e5rprodukter til b\u00f8rn med kr\u00f8ller <a href=\"https:\/\/curlsforyou.dk\/se\/?s=%22Curly+Q%22&amp;post_type=product\">h\u00e4r<\/a>.<\/p>","protected":false},"excerpt":{"rendered":"<ul>\n<li>Giver definerede kr\u00f8ller med let hold<\/li>\n<li>Effektiv anti-frizz<\/li>\n<li>Rigtig god til b\u00f8rn med kraftigt, kr\u00f8llet h\u00e5r<\/li>\n<li>Tilf\u00f8rer fugt<\/li>\n<li>Rene, naturlige ingredienser<\/li>\n<li>St\u00f8rrelse: 240 ml<\/li>\n<\/ul>","protected":false},"featured_media":29149,"comment_status":"open","ping_status":"closed","template":"","meta":[],"pwb-brand":[69],"product_brand":[],"product_cat":[147],"product_tag":[283],"giftcard-category":[],"class_list":{"0":"post-29148","1":"product","2":"type-product","3":"status-publish","4":"has-post-thumbnail","6":"pwb-brand-curls","7":"product_cat-kroellecreme","8":"product_tag-protein-fri","10":"first","11":"instock","12":"taxable","13":"shipping-taxable","14":"purchasable","15":"product-type-simple"},"bundled_by":[],"bundle_stock_status":"instock","bundle_stock_quantity":14,"bundle_virtual":false,"bundle_layout":"","bundle_add_to_cart_form_location":"","bundle_editable_in_cart":false,"bundle_sold_individually_context":"","bundle_item_grouping":"","bundle_min_size":"","bundle_max_size":"","bundle_price":[],"bundled_items":[],"bundle_sell_ids":[],"supplier_id":null,"supplier_sku":"","barcode":null,"atum_controlled":true,"out_stock_date":null,"out_stock_threshold":null,"inheritable":false,"inbound_stock":0,"stock_on_hold":0,"sold_today":0,"sales_last_days":0,"reserved_stock":0,"customer_returns":0,"warehouse_damage":0,"lost_in_post":0,"other_logs":0,"out_stock_days":0,"lost_sales":0,"has_location":false,"update_date":"2026-05-08T11:20:42","atum_locations":[],"atum_stock_status":"instock","restock_status":false,"low_stock_amount":"","sales_update_date":"2026-05-08T11:20:41","calc_backorders":null,"yoast_head":"<!-- This site is optimized with the Yoast SEO plugin v25.6 - https:\/\/yoast.com\/wordpress\/plugins\/seo\/ -->\n<title>Curly Q Custard | Kr\u00f8llecreme til kraftige kr\u00f8ller | CurlsForYou<\/title>\n<meta name=\"description\" content=\"Leder du efter en kr\u00f8llecreme til b\u00f8rn, som kan holde styr p\u00e5 vildt og kraftigt h\u00e5r, der tr\u00e6nger til fugt? K\u00f8b Curly Q Custard.\" \/>\n<meta name=\"robots\" content=\"index, follow, max-snippet:-1, max-image-preview:large, max-video-preview:-1\" \/>\n<link rel=\"canonical\" href=\"https:\/\/curlsforyou.dk\/se\/product\/curls-curly-q-custard\/\" \/>\n<meta property=\"og:locale\" content=\"sv_SE\" \/>\n<meta property=\"og:type\" content=\"article\" \/>\n<meta property=\"og:title\" content=\"Curly Q Custard | Kr\u00f8llecreme til kraftige kr\u00f8ller | CurlsForYou\" \/>\n<meta property=\"og:description\" content=\"Leder du efter en kr\u00f8llecreme til b\u00f8rn, som kan holde styr p\u00e5 vildt og kraftigt h\u00e5r, der tr\u00e6nger til fugt? K\u00f8b Curly Q Custard.\" \/>\n<meta property=\"og:url\" content=\"https:\/\/curlsforyou.dk\/se\/product\/curls-curly-q-custard\/\" \/>\n<meta property=\"article:publisher\" content=\"https:\/\/www.facebook.com\/curlsforyou\" \/>\n<meta property=\"article:modified_time\" content=\"2026-03-09T08:50:00+00:00\" \/>\n<meta property=\"og:image\" content=\"https:\/\/curlsforyou.dk\/app\/uploads\/2020\/11\/curls-products-curly-qs-collection-curly-q-custard-600x600-1.jpg\" \/>\n\t<meta property=\"og:image:width\" content=\"600\" \/>\n\t<meta property=\"og:image:height\" content=\"600\" \/>\n\t<meta property=\"og:image:type\" content=\"image\/jpeg\" \/>\n<meta name=\"twitter:card\" content=\"summary_large_image\" \/>\n<meta name=\"twitter:label1\" content=\"Ber\u00e4knad l\u00e4stid\" \/>\n\t<meta name=\"twitter:data1\" content=\"3 minuter\" \/>\n<script type=\"application\/ld+json\" class=\"yoast-schema-graph\">{\"@context\":\"https:\/\/schema.org\",\"@graph\":[{\"@type\":\"WebPage\",\"@id\":\"https:\/\/curlsforyou.dk\/vare\/curls-curly-q-custard\/\",\"url\":\"https:\/\/curlsforyou.dk\/vare\/curls-curly-q-custard\/\",\"name\":\"Curly Q Custard | Kr\u00f8llecreme til kraftige kr\u00f8ller | CurlsForYou\",\"isPartOf\":{\"@id\":\"https:\/\/curlsforyou.dk\/#website\"},\"primaryImageOfPage\":{\"@id\":\"https:\/\/curlsforyou.dk\/vare\/curls-curly-q-custard\/#primaryimage\"},\"image\":{\"@id\":\"https:\/\/curlsforyou.dk\/vare\/curls-curly-q-custard\/#primaryimage\"},\"thumbnailUrl\":\"https:\/\/curlsforyou.dk\/app\/uploads\/2020\/11\/curls-products-curly-qs-collection-curly-q-custard-600x600-1.jpg\",\"datePublished\":\"2020-11-21T18:55:44+00:00\",\"dateModified\":\"2026-03-09T08:50:00+00:00\",\"description\":\"Leder du efter en kr\u00f8llecreme til b\u00f8rn, som kan holde styr p\u00e5 vildt og kraftigt h\u00e5r, der tr\u00e6nger til fugt? K\u00f8b Curly Q Custard.\",\"breadcrumb\":{\"@id\":\"https:\/\/curlsforyou.dk\/vare\/curls-curly-q-custard\/#breadcrumb\"},\"inLanguage\":\"sv-SE\",\"potentialAction\":[{\"@type\":\"ReadAction\",\"target\":[\"https:\/\/curlsforyou.dk\/vare\/curls-curly-q-custard\/\"]}]},{\"@type\":\"ImageObject\",\"inLanguage\":\"sv-SE\",\"@id\":\"https:\/\/curlsforyou.dk\/vare\/curls-curly-q-custard\/#primaryimage\",\"url\":\"https:\/\/curlsforyou.dk\/app\/uploads\/2020\/11\/curls-products-curly-qs-collection-curly-q-custard-600x600-1.jpg\",\"contentUrl\":\"https:\/\/curlsforyou.dk\/app\/uploads\/2020\/11\/curls-products-curly-qs-collection-curly-q-custard-600x600-1.jpg\",\"width\":600,\"height\":600},{\"@type\":\"BreadcrumbList\",\"@id\":\"https:\/\/curlsforyou.dk\/vare\/curls-curly-q-custard\/#breadcrumb\",\"itemListElement\":[{\"@type\":\"ListItem\",\"position\":1,\"name\":\"Hjem\",\"item\":\"https:\/\/curlsforyou.dk\/\"},{\"@type\":\"ListItem\",\"position\":2,\"name\":\"Shop\",\"item\":\"https:\/\/curlsforyou.dk\/shop\/\"},{\"@type\":\"ListItem\",\"position\":3,\"name\":\"Curls &#8211; Curly Q Custard\"}]},{\"@type\":\"WebSite\",\"@id\":\"https:\/\/curlsforyou.dk\/#website\",\"url\":\"https:\/\/curlsforyou.dk\/\",\"name\":\"\",\"description\":\"\",\"publisher\":{\"@id\":\"https:\/\/curlsforyou.dk\/#organization\"},\"potentialAction\":[{\"@type\":\"SearchAction\",\"target\":{\"@type\":\"EntryPoint\",\"urlTemplate\":\"https:\/\/curlsforyou.dk\/?s={search_term_string}\"},\"query-input\":{\"@type\":\"PropertyValueSpecification\",\"valueRequired\":true,\"valueName\":\"search_term_string\"}}],\"inLanguage\":\"sv-SE\"},{\"@type\":\"Organization\",\"@id\":\"https:\/\/curlsforyou.dk\/#organization\",\"name\":\"CurlsForYou\",\"url\":\"https:\/\/curlsforyou.dk\/\",\"logo\":{\"@type\":\"ImageObject\",\"inLanguage\":\"sv-SE\",\"@id\":\"https:\/\/curlsforyou.dk\/#\/schema\/logo\/image\/\",\"url\":\"\",\"contentUrl\":\"\",\"caption\":\"CurlsForYou\"},\"image\":{\"@id\":\"https:\/\/curlsforyou.dk\/#\/schema\/logo\/image\/\"},\"sameAs\":[\"https:\/\/www.facebook.com\/curlsforyou\",\"https:\/\/www.instagram.com\/curlsforyou.dk\/\"]}]}<\/script>\n<!-- \/ Yoast SEO plugin. -->","yoast_head_json":{"title":"Curly Q Custard | Kr\u00f8llecreme til kraftige kr\u00f8ller | CurlsForYou","description":"Leder du efter en kr\u00f8llecreme til b\u00f8rn, som kan holde styr p\u00e5 vildt og kraftigt h\u00e5r, der tr\u00e6nger til fugt? K\u00f8b Curly Q Custard.","robots":{"index":"index","follow":"follow","max-snippet":"max-snippet:-1","max-image-preview":"max-image-preview:large","max-video-preview":"max-video-preview:-1"},"canonical":"https:\/\/curlsforyou.dk\/se\/product\/curls-curly-q-custard\/","og_locale":"sv_SE","og_type":"article","og_title":"Curly Q Custard | Kr\u00f8llecreme til kraftige kr\u00f8ller | CurlsForYou","og_description":"Leder du efter en kr\u00f8llecreme til b\u00f8rn, som kan holde styr p\u00e5 vildt og kraftigt h\u00e5r, der tr\u00e6nger til fugt? K\u00f8b Curly Q Custard.","og_url":"https:\/\/curlsforyou.dk\/se\/product\/curls-curly-q-custard\/","article_publisher":"https:\/\/www.facebook.com\/curlsforyou","article_modified_time":"2026-03-09T08:50:00+00:00","og_image":[{"width":600,"height":600,"url":"https:\/\/curlsforyou.dk\/app\/uploads\/2020\/11\/curls-products-curly-qs-collection-curly-q-custard-600x600-1.jpg","type":"image\/jpeg"}],"twitter_card":"summary_large_image","twitter_misc":{"Ber\u00e4knad l\u00e4stid":"3 minuter"},"schema":{"@context":"https:\/\/schema.org","@graph":[{"@type":"WebPage","@id":"https:\/\/curlsforyou.dk\/vare\/curls-curly-q-custard\/","url":"https:\/\/curlsforyou.dk\/vare\/curls-curly-q-custard\/","name":"Curly Q Custard | Kr\u00f8llecreme til kraftige kr\u00f8ller | CurlsForYou","isPartOf":{"@id":"https:\/\/curlsforyou.dk\/#website"},"primaryImageOfPage":{"@id":"https:\/\/curlsforyou.dk\/vare\/curls-curly-q-custard\/#primaryimage"},"image":{"@id":"https:\/\/curlsforyou.dk\/vare\/curls-curly-q-custard\/#primaryimage"},"thumbnailUrl":"https:\/\/curlsforyou.dk\/app\/uploads\/2020\/11\/curls-products-curly-qs-collection-curly-q-custard-600x600-1.jpg","datePublished":"2020-11-21T18:55:44+00:00","dateModified":"2026-03-09T08:50:00+00:00","description":"Leder du efter en kr\u00f8llecreme til b\u00f8rn, som kan holde styr p\u00e5 vildt og kraftigt h\u00e5r, der tr\u00e6nger til fugt? K\u00f8b Curly Q Custard.","breadcrumb":{"@id":"https:\/\/curlsforyou.dk\/vare\/curls-curly-q-custard\/#breadcrumb"},"inLanguage":"sv-SE","potentialAction":[{"@type":"ReadAction","target":["https:\/\/curlsforyou.dk\/vare\/curls-curly-q-custard\/"]}]},{"@type":"ImageObject","inLanguage":"sv-SE","@id":"https:\/\/curlsforyou.dk\/vare\/curls-curly-q-custard\/#primaryimage","url":"https:\/\/curlsforyou.dk\/app\/uploads\/2020\/11\/curls-products-curly-qs-collection-curly-q-custard-600x600-1.jpg","contentUrl":"https:\/\/curlsforyou.dk\/app\/uploads\/2020\/11\/curls-products-curly-qs-collection-curly-q-custard-600x600-1.jpg","width":600,"height":600},{"@type":"BreadcrumbList","@id":"https:\/\/curlsforyou.dk\/vare\/curls-curly-q-custard\/#breadcrumb","itemListElement":[{"@type":"ListItem","position":1,"name":"Hjem","item":"https:\/\/curlsforyou.dk\/"},{"@type":"ListItem","position":2,"name":"Shop","item":"https:\/\/curlsforyou.dk\/shop\/"},{"@type":"ListItem","position":3,"name":"Curls &#8211; Curly Q Custard"}]},{"@type":"WebSite","@id":"https:\/\/curlsforyou.dk\/#website","url":"https:\/\/curlsforyou.dk\/","name":"","description":"","publisher":{"@id":"https:\/\/curlsforyou.dk\/#organization"},"potentialAction":[{"@type":"SearchAction","target":{"@type":"EntryPoint","urlTemplate":"https:\/\/curlsforyou.dk\/?s={search_term_string}"},"query-input":{"@type":"PropertyValueSpecification","valueRequired":true,"valueName":"search_term_string"}}],"inLanguage":"sv-SE"},{"@type":"Organization","@id":"https:\/\/curlsforyou.dk\/#organization","name":"CurlsForYou","url":"https:\/\/curlsforyou.dk\/","logo":{"@type":"ImageObject","inLanguage":"sv-SE","@id":"https:\/\/curlsforyou.dk\/#\/schema\/logo\/image\/","url":"","contentUrl":"","caption":"CurlsForYou"},"image":{"@id":"https:\/\/curlsforyou.dk\/#\/schema\/logo\/image\/"},"sameAs":["https:\/\/www.facebook.com\/curlsforyou","https:\/\/www.instagram.com\/curlsforyou.dk\/"]}]}},"brands":[{"id":69,"name":"Curls","slug":"curls"}],"_links":{"self":[{"href":"https:\/\/curlsforyou.dk\/se\/wp-json\/wp\/v2\/product\/29148","targetHints":{"allow":["GET"]}}],"collection":[{"href":"https:\/\/curlsforyou.dk\/se\/wp-json\/wp\/v2\/product"}],"about":[{"href":"https:\/\/curlsforyou.dk\/se\/wp-json\/wp\/v2\/types\/product"}],"replies":[{"embeddable":true,"href":"https:\/\/curlsforyou.dk\/se\/wp-json\/wp\/v2\/comments?post=29148"}],"version-history":[{"count":0,"href":"https:\/\/curlsforyou.dk\/se\/wp-json\/wp\/v2\/product\/29148\/revisions"}],"wp:featuredmedia":[{"embeddable":true,"href":"https:\/\/curlsforyou.dk\/se\/wp-json\/wp\/v2\/media\/29149"}],"wp:attachment":[{"href":"https:\/\/curlsforyou.dk\/se\/wp-json\/wp\/v2\/media?parent=29148"}],"wp:term":[{"taxonomy":"pwb-brand","embeddable":true,"href":"https:\/\/curlsforyou.dk\/se\/wp-json\/wp\/v2\/pwb-brand?post=29148"},{"taxonomy":"product_brand","embeddable":true,"href":"https:\/\/curlsforyou.dk\/se\/wp-json\/wp\/v2\/product_brand?post=29148"},{"taxonomy":"product_cat","embeddable":true,"href":"https:\/\/curlsforyou.dk\/se\/wp-json\/wp\/v2\/product_cat?post=29148"},{"taxonomy":"product_tag","embeddable":true,"href":"https:\/\/curlsforyou.dk\/se\/wp-json\/wp\/v2\/product_tag?post=29148"},{"taxonomy":"giftcard-category","embeddable":true,"href":"https:\/\/curlsforyou.dk\/se\/wp-json\/wp\/v2\/giftcard-category?post=29148"}],"curies":[{"name":"wp","href":"https:\/\/api.w.org\/{rel}","templated":true}]}}