{"id":27871,"date":"2020-10-19T22:10:15","date_gmt":"2020-10-19T20:10:15","guid":{"rendered":"https:\/\/curlsforyou.dk\/?post_type=product&#038;p=27871"},"modified":"2026-04-23T11:50:53","modified_gmt":"2026-04-23T09:50:53","slug":"trepadora-bamboo-ginseng-curling-glaze","status":"publish","type":"product","link":"https:\/\/curlsforyou.dk\/se\/product\/trepadora-bamboo-ginseng-curling-glaze\/","title":{"rendered":"TREPADORA &#8211; Bamboo Ginseng Curling Glaze"},"content":{"rendered":"<p>Dr\u00f8mmer du om superst\u00e6rkt hold i dit h\u00e5r? Og vil du gerne give dit h\u00e5r det bedste af det bedste? Her finder du svaret. TREPADORA Bamboo Ginseng Curling Glaze rummer alt det bedste fra flere verdener, og med s\u00e6rlige n\u00f8gleingredienser f\u00e5r du et st\u00e6rkt hold og smukke kr\u00f8ller til hele dagen.<\/p>\n<p>TREPADORA Bamboo Ginseng Curling Glaze er en styling gel, som du anvender i v\u00e5dt h\u00e5r. Det st\u00e6rke hold egner sig s\u00e6rligt godt til vask og go\u2019s, fingerspoler, vendinger, braid-outs og blow-outs. Du kan nemt genopfriske h\u00e5ret med <a href=\"https:\/\/curlsforyou.dk\/se\/product\/trepadora-miracle-maca-moisture-balm\/\">TREPADORA Miracle Maca Moisture Balm<\/a>, der hj\u00e6lper med at bl\u00f8dg\u00f8re kr\u00f8llerne, s\u00e5 de er klar til endnu en omgang styling.<\/p>\n<p>Du f\u00e5r de bedste ingredienser, hvor langt st\u00f8rstedelen er b\u00e5de veganske og naturlige. TREPADORA Bamboo Ginseng Curling Glaze indeholder omega 3, 6 og 9, der hj\u00e6lper med at reparere og beskytte t\u00f8rt og kruset h\u00e5r. Derudover er den infunderet med Pullulan, der traditionelt set bruges i anti-aging-hudpleje. Det giver en \u00f8jeblikkelig effekt, der skaber kr\u00f8ller med ekstra meget volumen.<\/p>\n<p>Kr\u00f8llerne s\u00e6tter sig hurtigt med denne styling-gel, og det hj\u00e6lper med at definere kr\u00f8llerne p\u00e5 fineste vis. Derfor er Bamboo Ginseng Curling Glaze for dig, der gerne vil have mest muligt ud af dine kr\u00f8ller og have den perfekte pleje med i bagagen.<\/p>\n<h2>S\u00e5dan bruger du TREPADORA Bamboo Ginseng Curling Glaze<\/h2>\n<p>Alle <a href=\"https:\/\/curlsforyou.dk\/se\/vare-kategori\/styling\/\">stylingprodukter<\/a> b\u00f8r anvendes i rent og nyvasket h\u00e5r. Derfor skal du v\u00e6lge en low-poo og en balsam, der g\u00e5r ind og renser samt plejer h\u00e5rstr\u00e5ene. Efterf\u00f8lgende skal du bruge din styling-gel i v\u00e5dt h\u00e5r, hvorefter du former h\u00e5ret som \u00f8nsket. Lad det t\u00f8rre naturligt eller ved diffus.<\/p>\n<p>Efter h\u00e5ret er t\u00f8rt, skal du kramme cast ud af h\u00e5ret. Den h\u00e5rde hinde sikrer dig de mest definerede kr\u00f8ller, der er glansfulde og smukke, og som f\u00e5r et superflot hold hele dagen lang. V\u00e6r opm\u00e6rksom p\u00e5, at denne styling-gel t\u00f8rrer hurtigt, og derfor g\u00e6lder det om at arbejde de smukke kr\u00f8ller frem, lige s\u00e5 snart du har p\u00e5f\u00f8rt produktet.<\/p>","protected":false},"excerpt":{"rendered":"<ul>\n<li>Styling gel, der giver et st\u00e6rkt hold<\/li>\n<li>F\u00e5r kr\u00f8llerne til at s\u00e6tte sig hurtigt<\/li>\n<li>Danner cast, der hj\u00e6lper dig til endnu smukkere kr\u00f8ller<\/li>\n<li>Perfekt til fingerspoler, vendinger, fletninger og meget andet<\/li>\n<li>Egner sig til alle h\u00e5rtyper.<\/li>\n<li>Storlek: 300 ml<\/li>\n<\/ul>","protected":false},"featured_media":58940,"comment_status":"open","ping_status":"closed","template":"","meta":[],"pwb-brand":[190],"product_brand":[],"product_cat":[146],"product_tag":[283,42],"giftcard-category":[],"class_list":{"0":"post-27871","1":"product","2":"type-product","3":"status-publish","4":"has-post-thumbnail","6":"pwb-brand-trepadora","7":"product_cat-gel","8":"product_tag-protein-fri","9":"product_tag-vegan","11":"first","12":"instock","13":"taxable","14":"shipping-taxable","15":"purchasable","16":"product-type-simple"},"bundled_by":[],"bundle_stock_status":"instock","bundle_stock_quantity":11,"bundle_virtual":false,"bundle_layout":"","bundle_add_to_cart_form_location":"","bundle_editable_in_cart":false,"bundle_sold_individually_context":"","bundle_item_grouping":"","bundle_min_size":"","bundle_max_size":"","bundle_price":[],"bundled_items":[],"bundle_sell_ids":[],"supplier_id":null,"supplier_sku":"","barcode":null,"atum_controlled":true,"out_stock_date":null,"out_stock_threshold":null,"inheritable":false,"inbound_stock":0,"stock_on_hold":0,"sold_today":0,"sales_last_days":1,"reserved_stock":0,"customer_returns":0,"warehouse_damage":0,"lost_in_post":0,"other_logs":0,"out_stock_days":0,"lost_sales":0,"has_location":false,"update_date":"2026-04-29T11:13:07","atum_locations":[],"atum_stock_status":"instock","restock_status":false,"low_stock_amount":"","sales_update_date":"2026-04-29T11:13:07","calc_backorders":null,"yoast_head":"<!-- This site is optimized with the Yoast SEO plugin v25.6 - https:\/\/yoast.com\/wordpress\/plugins\/seo\/ -->\n<title>Trepadora Bamboo Ginseng Curling Glaze superhold gel<\/title>\n<meta name=\"description\" content=\"Trepadora Bamboo Ginseng Curling Glaze er en styling gel med superst\u00e6rk hold. Giver definerede smukke bl\u00f8de hoppende kr\u00f8ller, der holder.\" \/>\n<meta name=\"robots\" content=\"index, follow, max-snippet:-1, max-image-preview:large, max-video-preview:-1\" \/>\n<link rel=\"canonical\" href=\"https:\/\/curlsforyou.dk\/se\/product\/trepadora-bamboo-ginseng-curling-glaze\/\" \/>\n<meta property=\"og:locale\" content=\"sv_SE\" \/>\n<meta property=\"og:type\" content=\"article\" \/>\n<meta property=\"og:title\" content=\"Trepadora Bamboo Ginseng Curling Glaze superhold gel\" \/>\n<meta property=\"og:description\" content=\"Trepadora Bamboo Ginseng Curling Glaze er en styling gel med superst\u00e6rk hold. Giver definerede smukke bl\u00f8de hoppende kr\u00f8ller, der holder.\" \/>\n<meta property=\"og:url\" content=\"https:\/\/curlsforyou.dk\/se\/product\/trepadora-bamboo-ginseng-curling-glaze\/\" \/>\n<meta property=\"article:publisher\" content=\"https:\/\/www.facebook.com\/curlsforyou\" \/>\n<meta property=\"article:modified_time\" content=\"2026-04-23T09:50:53+00:00\" \/>\n<meta property=\"og:image\" content=\"https:\/\/curlsforyou.dk\/app\/uploads\/2020\/10\/Trepadora-Bamboo-Ginseng-Curling-Glaze.webp\" \/>\n\t<meta property=\"og:image:width\" content=\"1620\" \/>\n\t<meta property=\"og:image:height\" content=\"1620\" \/>\n\t<meta property=\"og:image:type\" content=\"image\/webp\" \/>\n<meta name=\"twitter:card\" content=\"summary_large_image\" \/>\n<meta name=\"twitter:label1\" content=\"Ber\u00e4knad l\u00e4stid\" \/>\n\t<meta name=\"twitter:data1\" content=\"2 minuter\" \/>\n<script type=\"application\/ld+json\" class=\"yoast-schema-graph\">{\"@context\":\"https:\/\/schema.org\",\"@graph\":[{\"@type\":\"WebPage\",\"@id\":\"https:\/\/curlsforyou.dk\/vare\/trepadora-bamboo-ginseng-curling-glaze\/\",\"url\":\"https:\/\/curlsforyou.dk\/vare\/trepadora-bamboo-ginseng-curling-glaze\/\",\"name\":\"Trepadora Bamboo Ginseng Curling Glaze superhold gel\",\"isPartOf\":{\"@id\":\"https:\/\/curlsforyou.dk\/#website\"},\"primaryImageOfPage\":{\"@id\":\"https:\/\/curlsforyou.dk\/vare\/trepadora-bamboo-ginseng-curling-glaze\/#primaryimage\"},\"image\":{\"@id\":\"https:\/\/curlsforyou.dk\/vare\/trepadora-bamboo-ginseng-curling-glaze\/#primaryimage\"},\"thumbnailUrl\":\"https:\/\/curlsforyou.dk\/app\/uploads\/2020\/10\/Trepadora-Bamboo-Ginseng-Curling-Glaze.webp\",\"datePublished\":\"2020-10-19T20:10:15+00:00\",\"dateModified\":\"2026-04-23T09:50:53+00:00\",\"description\":\"Trepadora Bamboo Ginseng Curling Glaze er en styling gel med superst\u00e6rk hold. Giver definerede smukke bl\u00f8de hoppende kr\u00f8ller, der holder.\",\"breadcrumb\":{\"@id\":\"https:\/\/curlsforyou.dk\/vare\/trepadora-bamboo-ginseng-curling-glaze\/#breadcrumb\"},\"inLanguage\":\"sv-SE\",\"potentialAction\":[{\"@type\":\"ReadAction\",\"target\":[\"https:\/\/curlsforyou.dk\/vare\/trepadora-bamboo-ginseng-curling-glaze\/\"]}]},{\"@type\":\"ImageObject\",\"inLanguage\":\"sv-SE\",\"@id\":\"https:\/\/curlsforyou.dk\/vare\/trepadora-bamboo-ginseng-curling-glaze\/#primaryimage\",\"url\":\"https:\/\/curlsforyou.dk\/app\/uploads\/2020\/10\/Trepadora-Bamboo-Ginseng-Curling-Glaze.webp\",\"contentUrl\":\"https:\/\/curlsforyou.dk\/app\/uploads\/2020\/10\/Trepadora-Bamboo-Ginseng-Curling-Glaze.webp\",\"width\":1620,\"height\":1620,\"caption\":\"Trepadora Bamboo Ginseng Curling Glaze\"},{\"@type\":\"BreadcrumbList\",\"@id\":\"https:\/\/curlsforyou.dk\/vare\/trepadora-bamboo-ginseng-curling-glaze\/#breadcrumb\",\"itemListElement\":[{\"@type\":\"ListItem\",\"position\":1,\"name\":\"Hjem\",\"item\":\"https:\/\/curlsforyou.dk\/\"},{\"@type\":\"ListItem\",\"position\":2,\"name\":\"Shop\",\"item\":\"https:\/\/curlsforyou.dk\/shop\/\"},{\"@type\":\"ListItem\",\"position\":3,\"name\":\"TREPADORA &#8211; Bamboo Ginseng Curling Glaze\"}]},{\"@type\":\"WebSite\",\"@id\":\"https:\/\/curlsforyou.dk\/#website\",\"url\":\"https:\/\/curlsforyou.dk\/\",\"name\":\"\",\"description\":\"\",\"publisher\":{\"@id\":\"https:\/\/curlsforyou.dk\/#organization\"},\"potentialAction\":[{\"@type\":\"SearchAction\",\"target\":{\"@type\":\"EntryPoint\",\"urlTemplate\":\"https:\/\/curlsforyou.dk\/?s={search_term_string}\"},\"query-input\":{\"@type\":\"PropertyValueSpecification\",\"valueRequired\":true,\"valueName\":\"search_term_string\"}}],\"inLanguage\":\"sv-SE\"},{\"@type\":\"Organization\",\"@id\":\"https:\/\/curlsforyou.dk\/#organization\",\"name\":\"CurlsForYou\",\"url\":\"https:\/\/curlsforyou.dk\/\",\"logo\":{\"@type\":\"ImageObject\",\"inLanguage\":\"sv-SE\",\"@id\":\"https:\/\/curlsforyou.dk\/#\/schema\/logo\/image\/\",\"url\":\"\",\"contentUrl\":\"\",\"caption\":\"CurlsForYou\"},\"image\":{\"@id\":\"https:\/\/curlsforyou.dk\/#\/schema\/logo\/image\/\"},\"sameAs\":[\"https:\/\/www.facebook.com\/curlsforyou\",\"https:\/\/www.instagram.com\/curlsforyou.dk\/\"]}]}<\/script>\n<!-- \/ Yoast SEO plugin. -->","yoast_head_json":{"title":"Trepadora Bamboo Ginseng Curling Glaze superhold gel","description":"Trepadora Bamboo Ginseng Curling Glaze er en styling gel med superst\u00e6rk hold. Giver definerede smukke bl\u00f8de hoppende kr\u00f8ller, der holder.","robots":{"index":"index","follow":"follow","max-snippet":"max-snippet:-1","max-image-preview":"max-image-preview:large","max-video-preview":"max-video-preview:-1"},"canonical":"https:\/\/curlsforyou.dk\/se\/product\/trepadora-bamboo-ginseng-curling-glaze\/","og_locale":"sv_SE","og_type":"article","og_title":"Trepadora Bamboo Ginseng Curling Glaze superhold gel","og_description":"Trepadora Bamboo Ginseng Curling Glaze er en styling gel med superst\u00e6rk hold. Giver definerede smukke bl\u00f8de hoppende kr\u00f8ller, der holder.","og_url":"https:\/\/curlsforyou.dk\/se\/product\/trepadora-bamboo-ginseng-curling-glaze\/","article_publisher":"https:\/\/www.facebook.com\/curlsforyou","article_modified_time":"2026-04-23T09:50:53+00:00","og_image":[{"width":1620,"height":1620,"url":"https:\/\/curlsforyou.dk\/app\/uploads\/2020\/10\/Trepadora-Bamboo-Ginseng-Curling-Glaze.webp","type":"image\/webp"}],"twitter_card":"summary_large_image","twitter_misc":{"Ber\u00e4knad l\u00e4stid":"2 minuter"},"schema":{"@context":"https:\/\/schema.org","@graph":[{"@type":"WebPage","@id":"https:\/\/curlsforyou.dk\/vare\/trepadora-bamboo-ginseng-curling-glaze\/","url":"https:\/\/curlsforyou.dk\/vare\/trepadora-bamboo-ginseng-curling-glaze\/","name":"Trepadora Bamboo Ginseng Curling Glaze superhold gel","isPartOf":{"@id":"https:\/\/curlsforyou.dk\/#website"},"primaryImageOfPage":{"@id":"https:\/\/curlsforyou.dk\/vare\/trepadora-bamboo-ginseng-curling-glaze\/#primaryimage"},"image":{"@id":"https:\/\/curlsforyou.dk\/vare\/trepadora-bamboo-ginseng-curling-glaze\/#primaryimage"},"thumbnailUrl":"https:\/\/curlsforyou.dk\/app\/uploads\/2020\/10\/Trepadora-Bamboo-Ginseng-Curling-Glaze.webp","datePublished":"2020-10-19T20:10:15+00:00","dateModified":"2026-04-23T09:50:53+00:00","description":"Trepadora Bamboo Ginseng Curling Glaze er en styling gel med superst\u00e6rk hold. Giver definerede smukke bl\u00f8de hoppende kr\u00f8ller, der holder.","breadcrumb":{"@id":"https:\/\/curlsforyou.dk\/vare\/trepadora-bamboo-ginseng-curling-glaze\/#breadcrumb"},"inLanguage":"sv-SE","potentialAction":[{"@type":"ReadAction","target":["https:\/\/curlsforyou.dk\/vare\/trepadora-bamboo-ginseng-curling-glaze\/"]}]},{"@type":"ImageObject","inLanguage":"sv-SE","@id":"https:\/\/curlsforyou.dk\/vare\/trepadora-bamboo-ginseng-curling-glaze\/#primaryimage","url":"https:\/\/curlsforyou.dk\/app\/uploads\/2020\/10\/Trepadora-Bamboo-Ginseng-Curling-Glaze.webp","contentUrl":"https:\/\/curlsforyou.dk\/app\/uploads\/2020\/10\/Trepadora-Bamboo-Ginseng-Curling-Glaze.webp","width":1620,"height":1620,"caption":"Trepadora Bamboo Ginseng Curling Glaze"},{"@type":"BreadcrumbList","@id":"https:\/\/curlsforyou.dk\/vare\/trepadora-bamboo-ginseng-curling-glaze\/#breadcrumb","itemListElement":[{"@type":"ListItem","position":1,"name":"Hjem","item":"https:\/\/curlsforyou.dk\/"},{"@type":"ListItem","position":2,"name":"Shop","item":"https:\/\/curlsforyou.dk\/shop\/"},{"@type":"ListItem","position":3,"name":"TREPADORA &#8211; Bamboo Ginseng Curling Glaze"}]},{"@type":"WebSite","@id":"https:\/\/curlsforyou.dk\/#website","url":"https:\/\/curlsforyou.dk\/","name":"","description":"","publisher":{"@id":"https:\/\/curlsforyou.dk\/#organization"},"potentialAction":[{"@type":"SearchAction","target":{"@type":"EntryPoint","urlTemplate":"https:\/\/curlsforyou.dk\/?s={search_term_string}"},"query-input":{"@type":"PropertyValueSpecification","valueRequired":true,"valueName":"search_term_string"}}],"inLanguage":"sv-SE"},{"@type":"Organization","@id":"https:\/\/curlsforyou.dk\/#organization","name":"CurlsForYou","url":"https:\/\/curlsforyou.dk\/","logo":{"@type":"ImageObject","inLanguage":"sv-SE","@id":"https:\/\/curlsforyou.dk\/#\/schema\/logo\/image\/","url":"","contentUrl":"","caption":"CurlsForYou"},"image":{"@id":"https:\/\/curlsforyou.dk\/#\/schema\/logo\/image\/"},"sameAs":["https:\/\/www.facebook.com\/curlsforyou","https:\/\/www.instagram.com\/curlsforyou.dk\/"]}]}},"brands":[{"id":190,"name":"Trepadora","slug":"trepadora"}],"_links":{"self":[{"href":"https:\/\/curlsforyou.dk\/se\/wp-json\/wp\/v2\/product\/27871","targetHints":{"allow":["GET"]}}],"collection":[{"href":"https:\/\/curlsforyou.dk\/se\/wp-json\/wp\/v2\/product"}],"about":[{"href":"https:\/\/curlsforyou.dk\/se\/wp-json\/wp\/v2\/types\/product"}],"replies":[{"embeddable":true,"href":"https:\/\/curlsforyou.dk\/se\/wp-json\/wp\/v2\/comments?post=27871"}],"version-history":[{"count":0,"href":"https:\/\/curlsforyou.dk\/se\/wp-json\/wp\/v2\/product\/27871\/revisions"}],"wp:featuredmedia":[{"embeddable":true,"href":"https:\/\/curlsforyou.dk\/se\/wp-json\/wp\/v2\/media\/58940"}],"wp:attachment":[{"href":"https:\/\/curlsforyou.dk\/se\/wp-json\/wp\/v2\/media?parent=27871"}],"wp:term":[{"taxonomy":"pwb-brand","embeddable":true,"href":"https:\/\/curlsforyou.dk\/se\/wp-json\/wp\/v2\/pwb-brand?post=27871"},{"taxonomy":"product_brand","embeddable":true,"href":"https:\/\/curlsforyou.dk\/se\/wp-json\/wp\/v2\/product_brand?post=27871"},{"taxonomy":"product_cat","embeddable":true,"href":"https:\/\/curlsforyou.dk\/se\/wp-json\/wp\/v2\/product_cat?post=27871"},{"taxonomy":"product_tag","embeddable":true,"href":"https:\/\/curlsforyou.dk\/se\/wp-json\/wp\/v2\/product_tag?post=27871"},{"taxonomy":"giftcard-category","embeddable":true,"href":"https:\/\/curlsforyou.dk\/se\/wp-json\/wp\/v2\/giftcard-category?post=27871"}],"curies":[{"name":"wp","href":"https:\/\/api.w.org\/{rel}","templated":true}]}}