{"id":24225,"date":"2020-08-15T10:09:54","date_gmt":"2020-08-15T08:09:54","guid":{"rendered":"https:\/\/curlsforyou.dk\/?post_type=product&#038;p=24225"},"modified":"2026-03-31T19:48:50","modified_gmt":"2026-03-31T17:48:50","slug":"uncle-funkys-daughter-bye-bye-buildup","status":"publish","type":"product","link":"https:\/\/curlsforyou.dk\/se\/product\/uncle-funkys-daughter-bye-bye-buildup\/","title":{"rendered":"Uncle Funky\u00b4s Daughter \u2013 Bye-Bye Buildup"},"content":{"rendered":"<p>Leder du efter et godt h\u00e5rprodukt, som tilf\u00f8rer fornyet energi til h\u00e5ret? S\u00e5 er der god grund til at kigge p\u00e5 Uncle Funky\u2019s Daughter \u2013 Bye-Bye Buildup, der er et co-wash-produkt, som typisk bruges som en del af en Curly Girl-rutine.<\/p>\n<p>N\u00e5r produktet er godkendt til Curly Girl-metoden, betyder det blandt andet, at produktet ikke indeholder forbudte ingredienser, eksempelvis i form af udt\u00f8rrende alkoholer og silikoner.<\/p>\n<p>Med Uncle Funky\u2019s Daughter \u2013 Bye-Bye Buildup kan du derfor v\u00e6re sikker p\u00e5 at have et h\u00e5rprodukt af h\u00f8j kvalitet, som ikke skader eller tynger h\u00e5ret.<\/p>\n<p>Vil du blive klogere p\u00e5 Curly Girl-metoden? L\u00e6s <a href=\"https:\/\/curlsforyou.dk\/se\/curly-girl-metoden\/cgm-den-hurtige-gennemgang\/\">den hurtige gennemgang<\/a>, og f\u00e5 styr p\u00e5, hvordan du f\u00f8lger metoden.<\/p>\n<h2>F\u00e5 mere ud af dine kr\u00f8ller med Uncle Funky\u2019s Daughter \u2013 Bye-Bye Buildup<\/h2>\n<p>Sig farvel til belastende h\u00e5rplejerutiner, og sig goddag til et fantastisk co-wash-produkt i form af en plejende vaskebalsam. Balsammen indeholder en r\u00e6kke n\u00e6rende olier, der styrker det enkelte h\u00e5rstr\u00e5.<\/p>\n<p>Balsammen har til form\u00e5l at rense h\u00e5ret i dybden, s\u00e5 dit h\u00e5r efterlades sundere og st\u00e6rkere. Du skal derfor ikke kombinere produktet med en shampoo, som de fleste nok vil g\u00f8re ved almindelig brug af en balsam. Her er balsammen det f\u00f8rste, som du kommer i h\u00e5ret.<\/p>\n<p>N\u00e5r Uncle Funky\u2019s Daughter \u2013 Bye-Bye Buildup er et co-wash-produkt, betyder det nemlig blandt andet, at det er fremstillet ud fra en metode, s\u00e5 det har en s\u00e6rligt bl\u00f8dg\u00f8rende og samtidig rensende effekt.<\/p>\n<p>Produktet passer specielt til kr\u00f8llet h\u00e5r, hvor det ogs\u00e5 beskytter hovedbunden mod eksempelvis t\u00f8rhed og sk\u00e6l.<\/p>\n<p>Det er enkelt og nemt at bruge denne rensebalsam. Du masserer blot produktet ind i v\u00e5dt h\u00e5r og lader det virke i 3-5 minutter. Herefter skyller du h\u00e5ret rent med koldt vand. Har du brug for en grundigere vask af h\u00e5ret, kan du gentage processen efter behov.<\/p>\n<p>N\u00e5r du bruger balsammen ugentligt, vil du hurtigt se et forbedret resultat. Fugtbalancen i h\u00e5ret vil automatisk v\u00e6re genoprettet efter f\u00f8rste gang, hvilket efterlader h\u00e5ret synligt mere glansfuldt.<\/p>\n<p>Co-wash-produktet kommer i en beholder p\u00e5 236 ml.<\/p>\n<p>Du kan l\u00e6se mere om co-wash som rensemetode til kr\u00f8llet h\u00e5r ved at <a href=\"https:\/\/curlsforyou.dk\/se\/vare-kategori\/vask-rens\/co-wash\/\">klikke her<\/a>.<\/p>","protected":false},"excerpt":{"rendered":"<ul>\n<li>N\u00e6rende vaske balsam til kr\u00f8llet h\u00e5r<\/li>\n<li>Indeholder avocadoolie, organisk aloe vera og kokosolie<\/li>\n<li>Renser og tilf\u00f8jer fugt til alle typer af kr\u00f8ller<\/li>\n<li>Genopretter h\u00e5rets balance og struktur<\/li>\n<li>Rig p\u00e5 naturlige ekstrakter<\/li>\n<li>St\u00f8rrelse: 236 ml.<\/li>\n<\/ul>","protected":false},"featured_media":36935,"comment_status":"open","ping_status":"closed","template":"","meta":[],"pwb-brand":[91],"product_brand":[],"product_cat":[141],"product_tag":[283],"giftcard-category":[],"class_list":{"0":"post-24225","1":"product","2":"type-product","3":"status-publish","4":"has-post-thumbnail","6":"pwb-brand-uncle-funkys-daughter","7":"product_cat-co-wash","8":"product_tag-protein-fri","10":"first","11":"instock","12":"taxable","13":"shipping-taxable","14":"purchasable","15":"product-type-simple"},"bundled_by":[],"bundle_stock_status":"instock","bundle_stock_quantity":2,"bundle_virtual":false,"bundle_layout":"","bundle_add_to_cart_form_location":"","bundle_editable_in_cart":false,"bundle_sold_individually_context":"","bundle_item_grouping":"","bundle_min_size":"","bundle_max_size":"","bundle_price":[],"bundled_items":[],"bundle_sell_ids":[],"supplier_id":null,"supplier_sku":"","barcode":null,"atum_controlled":true,"out_stock_date":null,"out_stock_threshold":null,"inheritable":false,"inbound_stock":0,"stock_on_hold":0,"sold_today":0,"sales_last_days":0,"reserved_stock":0,"customer_returns":0,"warehouse_damage":0,"lost_in_post":0,"other_logs":0,"out_stock_days":0,"lost_sales":0,"has_location":false,"update_date":"2026-04-18T11:04:05","atum_locations":[],"atum_stock_status":"instock","restock_status":false,"low_stock_amount":"","sales_update_date":"2026-04-18T11:04:05","calc_backorders":null,"yoast_head":"<!-- This site is optimized with the Yoast SEO plugin v25.6 - https:\/\/yoast.com\/wordpress\/plugins\/seo\/ -->\n<title>Uncle Funky\u2019s Daughter | Rensebalsam til kr\u00f8llet h\u00e5r | CurlsForYou.dk<\/title>\n<meta name=\"description\" content=\"Leder du efter et godt co-wash-produkt til kr\u00f8llerne? S\u00e5 tjek Uncle Funky\u2019s Daughter \u2013 Bye-Bye Buildup hos CurlsForYou.\" \/>\n<meta name=\"robots\" content=\"index, follow, max-snippet:-1, max-image-preview:large, max-video-preview:-1\" \/>\n<link rel=\"canonical\" href=\"https:\/\/curlsforyou.dk\/se\/product\/uncle-funkys-daughter-bye-bye-buildup\/\" \/>\n<meta property=\"og:locale\" content=\"sv_SE\" \/>\n<meta property=\"og:type\" content=\"article\" \/>\n<meta property=\"og:title\" content=\"Uncle Funky\u2019s Daughter | Rensebalsam til kr\u00f8llet h\u00e5r | CurlsForYou.dk\" \/>\n<meta property=\"og:description\" content=\"Leder du efter et godt co-wash-produkt til kr\u00f8llerne? S\u00e5 tjek Uncle Funky\u2019s Daughter \u2013 Bye-Bye Buildup hos CurlsForYou.\" \/>\n<meta property=\"og:url\" content=\"https:\/\/curlsforyou.dk\/se\/product\/uncle-funkys-daughter-bye-bye-buildup\/\" \/>\n<meta property=\"article:publisher\" content=\"https:\/\/www.facebook.com\/curlsforyou\" \/>\n<meta property=\"article:modified_time\" content=\"2026-03-31T17:48:50+00:00\" \/>\n<meta property=\"og:image\" content=\"https:\/\/curlsforyou.dk\/app\/uploads\/2020\/08\/UFD-bye-bye-buildup-800x800-1.jpg\" \/>\n\t<meta property=\"og:image:width\" content=\"800\" \/>\n\t<meta property=\"og:image:height\" content=\"800\" \/>\n\t<meta property=\"og:image:type\" content=\"image\/jpeg\" \/>\n<meta name=\"twitter:card\" content=\"summary_large_image\" \/>\n<meta name=\"twitter:label1\" content=\"Ber\u00e4knad l\u00e4stid\" \/>\n\t<meta name=\"twitter:data1\" content=\"3 minuter\" \/>\n<script type=\"application\/ld+json\" class=\"yoast-schema-graph\">{\"@context\":\"https:\/\/schema.org\",\"@graph\":[{\"@type\":\"WebPage\",\"@id\":\"https:\/\/curlsforyou.dk\/vare\/uncle-funkys-daughter-bye-bye-buildup\/\",\"url\":\"https:\/\/curlsforyou.dk\/vare\/uncle-funkys-daughter-bye-bye-buildup\/\",\"name\":\"Uncle Funky\u2019s Daughter | Rensebalsam til kr\u00f8llet h\u00e5r | CurlsForYou.dk\",\"isPartOf\":{\"@id\":\"https:\/\/curlsforyou.dk\/#website\"},\"primaryImageOfPage\":{\"@id\":\"https:\/\/curlsforyou.dk\/vare\/uncle-funkys-daughter-bye-bye-buildup\/#primaryimage\"},\"image\":{\"@id\":\"https:\/\/curlsforyou.dk\/vare\/uncle-funkys-daughter-bye-bye-buildup\/#primaryimage\"},\"thumbnailUrl\":\"https:\/\/curlsforyou.dk\/app\/uploads\/2020\/08\/UFD-bye-bye-buildup-800x800-1.jpg\",\"datePublished\":\"2020-08-15T08:09:54+00:00\",\"dateModified\":\"2026-03-31T17:48:50+00:00\",\"description\":\"Leder du efter et godt co-wash-produkt til kr\u00f8llerne? S\u00e5 tjek Uncle Funky\u2019s Daughter \u2013 Bye-Bye Buildup hos CurlsForYou.\",\"breadcrumb\":{\"@id\":\"https:\/\/curlsforyou.dk\/vare\/uncle-funkys-daughter-bye-bye-buildup\/#breadcrumb\"},\"inLanguage\":\"sv-SE\",\"potentialAction\":[{\"@type\":\"ReadAction\",\"target\":[\"https:\/\/curlsforyou.dk\/vare\/uncle-funkys-daughter-bye-bye-buildup\/\"]}]},{\"@type\":\"ImageObject\",\"inLanguage\":\"sv-SE\",\"@id\":\"https:\/\/curlsforyou.dk\/vare\/uncle-funkys-daughter-bye-bye-buildup\/#primaryimage\",\"url\":\"https:\/\/curlsforyou.dk\/app\/uploads\/2020\/08\/UFD-bye-bye-buildup-800x800-1.jpg\",\"contentUrl\":\"https:\/\/curlsforyou.dk\/app\/uploads\/2020\/08\/UFD-bye-bye-buildup-800x800-1.jpg\",\"width\":800,\"height\":800,\"caption\":\"Uncle Funky\u00b4s Daughter Bye Bye Buildup co-wash\"},{\"@type\":\"BreadcrumbList\",\"@id\":\"https:\/\/curlsforyou.dk\/vare\/uncle-funkys-daughter-bye-bye-buildup\/#breadcrumb\",\"itemListElement\":[{\"@type\":\"ListItem\",\"position\":1,\"name\":\"Hjem\",\"item\":\"https:\/\/curlsforyou.dk\/\"},{\"@type\":\"ListItem\",\"position\":2,\"name\":\"Shop\",\"item\":\"https:\/\/curlsforyou.dk\/shop\/\"},{\"@type\":\"ListItem\",\"position\":3,\"name\":\"Uncle Funky\u00b4s Daughter \u2013 Bye-Bye Buildup\"}]},{\"@type\":\"WebSite\",\"@id\":\"https:\/\/curlsforyou.dk\/#website\",\"url\":\"https:\/\/curlsforyou.dk\/\",\"name\":\"\",\"description\":\"\",\"publisher\":{\"@id\":\"https:\/\/curlsforyou.dk\/#organization\"},\"potentialAction\":[{\"@type\":\"SearchAction\",\"target\":{\"@type\":\"EntryPoint\",\"urlTemplate\":\"https:\/\/curlsforyou.dk\/?s={search_term_string}\"},\"query-input\":{\"@type\":\"PropertyValueSpecification\",\"valueRequired\":true,\"valueName\":\"search_term_string\"}}],\"inLanguage\":\"sv-SE\"},{\"@type\":\"Organization\",\"@id\":\"https:\/\/curlsforyou.dk\/#organization\",\"name\":\"CurlsForYou\",\"url\":\"https:\/\/curlsforyou.dk\/\",\"logo\":{\"@type\":\"ImageObject\",\"inLanguage\":\"sv-SE\",\"@id\":\"https:\/\/curlsforyou.dk\/#\/schema\/logo\/image\/\",\"url\":\"\",\"contentUrl\":\"\",\"caption\":\"CurlsForYou\"},\"image\":{\"@id\":\"https:\/\/curlsforyou.dk\/#\/schema\/logo\/image\/\"},\"sameAs\":[\"https:\/\/www.facebook.com\/curlsforyou\",\"https:\/\/www.instagram.com\/curlsforyou.dk\/\"]}]}<\/script>\n<!-- \/ Yoast SEO plugin. -->","yoast_head_json":{"title":"Uncle Funky\u2019s Daughter | Rensebalsam til kr\u00f8llet h\u00e5r | CurlsForYou.dk","description":"Leder du efter et godt co-wash-produkt til kr\u00f8llerne? S\u00e5 tjek Uncle Funky\u2019s Daughter \u2013 Bye-Bye Buildup hos CurlsForYou.","robots":{"index":"index","follow":"follow","max-snippet":"max-snippet:-1","max-image-preview":"max-image-preview:large","max-video-preview":"max-video-preview:-1"},"canonical":"https:\/\/curlsforyou.dk\/se\/product\/uncle-funkys-daughter-bye-bye-buildup\/","og_locale":"sv_SE","og_type":"article","og_title":"Uncle Funky\u2019s Daughter | Rensebalsam til kr\u00f8llet h\u00e5r | CurlsForYou.dk","og_description":"Leder du efter et godt co-wash-produkt til kr\u00f8llerne? S\u00e5 tjek Uncle Funky\u2019s Daughter \u2013 Bye-Bye Buildup hos CurlsForYou.","og_url":"https:\/\/curlsforyou.dk\/se\/product\/uncle-funkys-daughter-bye-bye-buildup\/","article_publisher":"https:\/\/www.facebook.com\/curlsforyou","article_modified_time":"2026-03-31T17:48:50+00:00","og_image":[{"width":800,"height":800,"url":"https:\/\/curlsforyou.dk\/app\/uploads\/2020\/08\/UFD-bye-bye-buildup-800x800-1.jpg","type":"image\/jpeg"}],"twitter_card":"summary_large_image","twitter_misc":{"Ber\u00e4knad l\u00e4stid":"3 minuter"},"schema":{"@context":"https:\/\/schema.org","@graph":[{"@type":"WebPage","@id":"https:\/\/curlsforyou.dk\/vare\/uncle-funkys-daughter-bye-bye-buildup\/","url":"https:\/\/curlsforyou.dk\/vare\/uncle-funkys-daughter-bye-bye-buildup\/","name":"Uncle Funky\u2019s Daughter | Rensebalsam til kr\u00f8llet h\u00e5r | CurlsForYou.dk","isPartOf":{"@id":"https:\/\/curlsforyou.dk\/#website"},"primaryImageOfPage":{"@id":"https:\/\/curlsforyou.dk\/vare\/uncle-funkys-daughter-bye-bye-buildup\/#primaryimage"},"image":{"@id":"https:\/\/curlsforyou.dk\/vare\/uncle-funkys-daughter-bye-bye-buildup\/#primaryimage"},"thumbnailUrl":"https:\/\/curlsforyou.dk\/app\/uploads\/2020\/08\/UFD-bye-bye-buildup-800x800-1.jpg","datePublished":"2020-08-15T08:09:54+00:00","dateModified":"2026-03-31T17:48:50+00:00","description":"Leder du efter et godt co-wash-produkt til kr\u00f8llerne? S\u00e5 tjek Uncle Funky\u2019s Daughter \u2013 Bye-Bye Buildup hos CurlsForYou.","breadcrumb":{"@id":"https:\/\/curlsforyou.dk\/vare\/uncle-funkys-daughter-bye-bye-buildup\/#breadcrumb"},"inLanguage":"sv-SE","potentialAction":[{"@type":"ReadAction","target":["https:\/\/curlsforyou.dk\/vare\/uncle-funkys-daughter-bye-bye-buildup\/"]}]},{"@type":"ImageObject","inLanguage":"sv-SE","@id":"https:\/\/curlsforyou.dk\/vare\/uncle-funkys-daughter-bye-bye-buildup\/#primaryimage","url":"https:\/\/curlsforyou.dk\/app\/uploads\/2020\/08\/UFD-bye-bye-buildup-800x800-1.jpg","contentUrl":"https:\/\/curlsforyou.dk\/app\/uploads\/2020\/08\/UFD-bye-bye-buildup-800x800-1.jpg","width":800,"height":800,"caption":"Uncle Funky\u00b4s Daughter Bye Bye Buildup co-wash"},{"@type":"BreadcrumbList","@id":"https:\/\/curlsforyou.dk\/vare\/uncle-funkys-daughter-bye-bye-buildup\/#breadcrumb","itemListElement":[{"@type":"ListItem","position":1,"name":"Hjem","item":"https:\/\/curlsforyou.dk\/"},{"@type":"ListItem","position":2,"name":"Shop","item":"https:\/\/curlsforyou.dk\/shop\/"},{"@type":"ListItem","position":3,"name":"Uncle Funky\u00b4s Daughter \u2013 Bye-Bye Buildup"}]},{"@type":"WebSite","@id":"https:\/\/curlsforyou.dk\/#website","url":"https:\/\/curlsforyou.dk\/","name":"","description":"","publisher":{"@id":"https:\/\/curlsforyou.dk\/#organization"},"potentialAction":[{"@type":"SearchAction","target":{"@type":"EntryPoint","urlTemplate":"https:\/\/curlsforyou.dk\/?s={search_term_string}"},"query-input":{"@type":"PropertyValueSpecification","valueRequired":true,"valueName":"search_term_string"}}],"inLanguage":"sv-SE"},{"@type":"Organization","@id":"https:\/\/curlsforyou.dk\/#organization","name":"CurlsForYou","url":"https:\/\/curlsforyou.dk\/","logo":{"@type":"ImageObject","inLanguage":"sv-SE","@id":"https:\/\/curlsforyou.dk\/#\/schema\/logo\/image\/","url":"","contentUrl":"","caption":"CurlsForYou"},"image":{"@id":"https:\/\/curlsforyou.dk\/#\/schema\/logo\/image\/"},"sameAs":["https:\/\/www.facebook.com\/curlsforyou","https:\/\/www.instagram.com\/curlsforyou.dk\/"]}]}},"brands":[{"id":91,"name":"Uncle Funky's Daughter","slug":"uncle-funkys-daughter"}],"_links":{"self":[{"href":"https:\/\/curlsforyou.dk\/se\/wp-json\/wp\/v2\/product\/24225","targetHints":{"allow":["GET"]}}],"collection":[{"href":"https:\/\/curlsforyou.dk\/se\/wp-json\/wp\/v2\/product"}],"about":[{"href":"https:\/\/curlsforyou.dk\/se\/wp-json\/wp\/v2\/types\/product"}],"replies":[{"embeddable":true,"href":"https:\/\/curlsforyou.dk\/se\/wp-json\/wp\/v2\/comments?post=24225"}],"version-history":[{"count":0,"href":"https:\/\/curlsforyou.dk\/se\/wp-json\/wp\/v2\/product\/24225\/revisions"}],"wp:featuredmedia":[{"embeddable":true,"href":"https:\/\/curlsforyou.dk\/se\/wp-json\/wp\/v2\/media\/36935"}],"wp:attachment":[{"href":"https:\/\/curlsforyou.dk\/se\/wp-json\/wp\/v2\/media?parent=24225"}],"wp:term":[{"taxonomy":"pwb-brand","embeddable":true,"href":"https:\/\/curlsforyou.dk\/se\/wp-json\/wp\/v2\/pwb-brand?post=24225"},{"taxonomy":"product_brand","embeddable":true,"href":"https:\/\/curlsforyou.dk\/se\/wp-json\/wp\/v2\/product_brand?post=24225"},{"taxonomy":"product_cat","embeddable":true,"href":"https:\/\/curlsforyou.dk\/se\/wp-json\/wp\/v2\/product_cat?post=24225"},{"taxonomy":"product_tag","embeddable":true,"href":"https:\/\/curlsforyou.dk\/se\/wp-json\/wp\/v2\/product_tag?post=24225"},{"taxonomy":"giftcard-category","embeddable":true,"href":"https:\/\/curlsforyou.dk\/se\/wp-json\/wp\/v2\/giftcard-category?post=24225"}],"curies":[{"name":"wp","href":"https:\/\/api.w.org\/{rel}","templated":true}]}}