{"id":24198,"date":"2020-08-13T11:20:49","date_gmt":"2020-08-13T09:20:49","guid":{"rendered":"https:\/\/curlsforyou.dk\/?post_type=product&#038;p=24198"},"modified":"2026-04-12T02:02:23","modified_gmt":"2026-04-12T00:02:23","slug":"ecostyle-styling-gel-protein","status":"publish","type":"product","link":"https:\/\/curlsforyou.dk\/se\/product\/ecostyle-styling-gel-protein\/","title":{"rendered":"Eco Style &#8211; Styling Gel Protein"},"content":{"rendered":"<p>N\u00e5r det kommer til de helt rigtige <a href=\"https:\/\/curlsforyou.dk\/se\/vare-kategori\/styling\/\">stylingprodukter<\/a> til den popul\u00e6re Curly Girl-metode, kommer vi ikke uden om Eco Style. Her f\u00e5r du nemlig sk\u00e5nsomme produkter, der samtidig arbejder helt ned i h\u00e5rstr\u00e5enes dybde. Du f\u00e5r den ultimative pleje til t\u00f8rt og naturligt groft h\u00e5r, og dit h\u00e5r vil nyde godt af b\u00e5de fugt, protein og glans.<\/p>\n<p>Eco Style Styling Gel Protein er en effektiv gel, der hj\u00e6lper dine kr\u00f8ller med at v\u00e6re friske og smukke hele dagen. Den bl\u00f8de gel tilf\u00f8rer volumen samtidig med, at den plejer helt i dybden med alle de sk\u00f8nne og naturlige ingredienser. Eco Style har desuden designet deres Styling Gel Protein og alle <a href=\"https:\/\/curlsforyou.dk\/se\/brand\/ecostyler\/\">andre produkter<\/a> med en helt fantastisk egenskab. Dine kr\u00f8ller bliver nemlig smukke og naturlige, og produkterne modvirker frizz hele dagen.<\/p>\n<p>Den sk\u00f8nne Eco Style Styling Gel Protein er rig p\u00e5 protein og fugt. Den er beriget med hvedeprotein, der b\u00e5de styrker og beskytter h\u00e5ret. Derfor egner denne gel sig ogs\u00e5 s\u00e6rligt godt til dig, der har t\u00f8rt eller groft h\u00e5r. Den sikrer dig et sundt og glansfuldt h\u00e5r, hvor du ikke skal bekymre dig om kr\u00f8llernes holdbarhed i l\u00f8bet af dagen. Den avancerede formel sikrer nemlig et godt hold i kr\u00f8llerne.<\/p>\n<p>Dr\u00f8mmer du om at vinke farvel til frizz, forny h\u00e5rstr\u00e5ene, f\u00e5 glansen tilbage og nyde synet af smukke kr\u00f8ller hele dagen? S\u00e5 er denne styling-gel lige noget for dig. Du f\u00e5r din nye, bedste ven hjemme i skabet, og heldigvis ogs\u00e5 til en pris, der er sv\u00e6r at sige nej til.<\/p>\n<h2>S\u00e5 nemt er det at bruge Eco Style Styling Gel Protein<\/h2>\n<p>Det har aldrig v\u00e6ret nemmere at f\u00e5 definerede og holdbare kr\u00f8ller, n\u00e5r du har erhvervet dig Eco Style Gel. Vask dit h\u00e5r efter <a href=\"https:\/\/curlsforyou.dk\/se\/curly-girl-metoden\/curly-girl-metoden\/\">The Curly Girl -metoden<\/a>, og p\u00e5f\u00f8r en leave-in-balsam eller kr\u00f8llecreme. Herefter kan du anvende din gel, og det bedste resultat kommer med hovedet nedad. Kram stille og roligt kr\u00f8llerne op i h\u00e5ret med din styling-gel, s\u00e5 du arbejder fra h\u00e5rspids til hovedbund.<\/p>\n<p>Herefter skal du s\u00e6tte h\u00e5ret i en plop for det absolut bedste resultat. Lad h\u00e5ret t\u00f8rre, og herefter kan du nyde volumin\u00f8se og glansfulde kr\u00f8ller hele dagen lang.<\/p>","protected":false},"excerpt":{"rendered":"<ul>\n<li>L\u00e6kker gel beriget med hvedeproteiner<\/li>\n<li>Hj\u00e6lper h\u00e5ret med aktivt at genopbygge<\/li>\n<li>Styrker og beskytter t\u00f8rt og groft h\u00e5r<\/li>\n<li>Efterlader h\u00e5ret glansfuldt<\/li>\n<li>Indeholder b\u00e5de protein og fugt.<\/li>\n<li>St\u00f8rrelse 473 ml.<\/li>\n<\/ul>","protected":false},"featured_media":26607,"comment_status":"open","ping_status":"closed","template":"","meta":[],"pwb-brand":[118],"product_brand":[],"product_cat":[146],"product_tag":[92],"giftcard-category":[],"class_list":{"0":"post-24198","1":"product","2":"type-product","3":"status-publish","4":"has-post-thumbnail","6":"pwb-brand-ecostyle","7":"product_cat-gel","8":"product_tag-protein","10":"first","11":"instock","12":"taxable","13":"shipping-taxable","14":"purchasable","15":"product-type-simple"},"bundled_by":[],"bundle_stock_status":"instock","bundle_stock_quantity":12,"bundle_virtual":false,"bundle_layout":"","bundle_add_to_cart_form_location":"","bundle_editable_in_cart":false,"bundle_sold_individually_context":"","bundle_item_grouping":"","bundle_min_size":"","bundle_max_size":"","bundle_price":[],"bundled_items":[],"bundle_sell_ids":[],"supplier_id":null,"supplier_sku":"","barcode":null,"atum_controlled":true,"out_stock_date":null,"out_stock_threshold":null,"inheritable":false,"inbound_stock":0,"stock_on_hold":0,"sold_today":0,"sales_last_days":0,"reserved_stock":0,"customer_returns":0,"warehouse_damage":0,"lost_in_post":0,"other_logs":0,"out_stock_days":0,"lost_sales":0,"has_location":false,"update_date":"2026-04-28T11:12:28","atum_locations":[],"atum_stock_status":"instock","restock_status":false,"low_stock_amount":5,"sales_update_date":"2026-04-28T11:12:28","calc_backorders":null,"yoast_head":"<!-- This site is optimized with the Yoast SEO plugin v25.6 - https:\/\/yoast.com\/wordpress\/plugins\/seo\/ -->\n<title>Eco Style | Styling Gel Protein | Curlsforyou.dk<\/title>\n<meta name=\"description\" content=\"Er du p\u00e5 jagt efter de rette produkter til kr\u00f8llerne? Her finder du Eco Style Styling Gel Protein og meget andet.\" \/>\n<meta name=\"robots\" content=\"index, follow, max-snippet:-1, max-image-preview:large, max-video-preview:-1\" \/>\n<link rel=\"canonical\" href=\"https:\/\/curlsforyou.dk\/se\/product\/ecostyle-styling-gel-protein\/\" \/>\n<meta property=\"og:locale\" content=\"sv_SE\" \/>\n<meta property=\"og:type\" content=\"article\" \/>\n<meta property=\"og:title\" content=\"Eco Style | Styling Gel Protein | Curlsforyou.dk\" \/>\n<meta property=\"og:description\" content=\"Er du p\u00e5 jagt efter de rette produkter til kr\u00f8llerne? Her finder du Eco Style Styling Gel Protein og meget andet.\" \/>\n<meta property=\"og:url\" content=\"https:\/\/curlsforyou.dk\/se\/product\/ecostyle-styling-gel-protein\/\" \/>\n<meta property=\"article:publisher\" content=\"https:\/\/www.facebook.com\/curlsforyou\" \/>\n<meta property=\"article:modified_time\" content=\"2026-04-12T00:02:23+00:00\" \/>\n<meta property=\"og:image\" content=\"https:\/\/curlsforyou.dk\/app\/uploads\/2020\/08\/Eco-Protein.jpg\" \/>\n\t<meta property=\"og:image:width\" content=\"1000\" \/>\n\t<meta property=\"og:image:height\" content=\"667\" \/>\n\t<meta property=\"og:image:type\" content=\"image\/jpeg\" \/>\n<meta name=\"twitter:card\" content=\"summary_large_image\" \/>\n<meta name=\"twitter:label1\" content=\"Ber\u00e4knad l\u00e4stid\" \/>\n\t<meta name=\"twitter:data1\" content=\"3 minuter\" \/>\n<script type=\"application\/ld+json\" class=\"yoast-schema-graph\">{\"@context\":\"https:\/\/schema.org\",\"@graph\":[{\"@type\":\"WebPage\",\"@id\":\"https:\/\/curlsforyou.dk\/vare\/ecostyle-styling-gel-protein\/\",\"url\":\"https:\/\/curlsforyou.dk\/vare\/ecostyle-styling-gel-protein\/\",\"name\":\"Eco Style | Styling Gel Protein | Curlsforyou.dk\",\"isPartOf\":{\"@id\":\"https:\/\/curlsforyou.dk\/#website\"},\"primaryImageOfPage\":{\"@id\":\"https:\/\/curlsforyou.dk\/vare\/ecostyle-styling-gel-protein\/#primaryimage\"},\"image\":{\"@id\":\"https:\/\/curlsforyou.dk\/vare\/ecostyle-styling-gel-protein\/#primaryimage\"},\"thumbnailUrl\":\"https:\/\/curlsforyou.dk\/app\/uploads\/2020\/08\/Eco-Protein.jpg\",\"datePublished\":\"2020-08-13T09:20:49+00:00\",\"dateModified\":\"2026-04-12T00:02:23+00:00\",\"description\":\"Er du p\u00e5 jagt efter de rette produkter til kr\u00f8llerne? Her finder du Eco Style Styling Gel Protein og meget andet.\",\"breadcrumb\":{\"@id\":\"https:\/\/curlsforyou.dk\/vare\/ecostyle-styling-gel-protein\/#breadcrumb\"},\"inLanguage\":\"sv-SE\",\"potentialAction\":[{\"@type\":\"ReadAction\",\"target\":[\"https:\/\/curlsforyou.dk\/vare\/ecostyle-styling-gel-protein\/\"]}]},{\"@type\":\"ImageObject\",\"inLanguage\":\"sv-SE\",\"@id\":\"https:\/\/curlsforyou.dk\/vare\/ecostyle-styling-gel-protein\/#primaryimage\",\"url\":\"https:\/\/curlsforyou.dk\/app\/uploads\/2020\/08\/Eco-Protein.jpg\",\"contentUrl\":\"https:\/\/curlsforyou.dk\/app\/uploads\/2020\/08\/Eco-Protein.jpg\",\"width\":1000,\"height\":667,\"caption\":\"EcoStyler - Protein styling gel hj\u00e6lper med at pleje og reparere beskadiget h\u00e5r og samtidig fremme en sund hovedbund.\"},{\"@type\":\"BreadcrumbList\",\"@id\":\"https:\/\/curlsforyou.dk\/vare\/ecostyle-styling-gel-protein\/#breadcrumb\",\"itemListElement\":[{\"@type\":\"ListItem\",\"position\":1,\"name\":\"Hjem\",\"item\":\"https:\/\/curlsforyou.dk\/\"},{\"@type\":\"ListItem\",\"position\":2,\"name\":\"Shop\",\"item\":\"https:\/\/curlsforyou.dk\/shop\/\"},{\"@type\":\"ListItem\",\"position\":3,\"name\":\"Eco Style &#8211; Styling Gel Protein\"}]},{\"@type\":\"WebSite\",\"@id\":\"https:\/\/curlsforyou.dk\/#website\",\"url\":\"https:\/\/curlsforyou.dk\/\",\"name\":\"\",\"description\":\"\",\"publisher\":{\"@id\":\"https:\/\/curlsforyou.dk\/#organization\"},\"potentialAction\":[{\"@type\":\"SearchAction\",\"target\":{\"@type\":\"EntryPoint\",\"urlTemplate\":\"https:\/\/curlsforyou.dk\/?s={search_term_string}\"},\"query-input\":{\"@type\":\"PropertyValueSpecification\",\"valueRequired\":true,\"valueName\":\"search_term_string\"}}],\"inLanguage\":\"sv-SE\"},{\"@type\":\"Organization\",\"@id\":\"https:\/\/curlsforyou.dk\/#organization\",\"name\":\"CurlsForYou\",\"url\":\"https:\/\/curlsforyou.dk\/\",\"logo\":{\"@type\":\"ImageObject\",\"inLanguage\":\"sv-SE\",\"@id\":\"https:\/\/curlsforyou.dk\/#\/schema\/logo\/image\/\",\"url\":\"\",\"contentUrl\":\"\",\"caption\":\"CurlsForYou\"},\"image\":{\"@id\":\"https:\/\/curlsforyou.dk\/#\/schema\/logo\/image\/\"},\"sameAs\":[\"https:\/\/www.facebook.com\/curlsforyou\",\"https:\/\/www.instagram.com\/curlsforyou.dk\/\"]}]}<\/script>\n<!-- \/ Yoast SEO plugin. -->","yoast_head_json":{"title":"Eco Style | Styling Gel Protein | Curlsforyou.dk","description":"Er du p\u00e5 jagt efter de rette produkter til kr\u00f8llerne? Her finder du Eco Style Styling Gel Protein og meget andet.","robots":{"index":"index","follow":"follow","max-snippet":"max-snippet:-1","max-image-preview":"max-image-preview:large","max-video-preview":"max-video-preview:-1"},"canonical":"https:\/\/curlsforyou.dk\/se\/product\/ecostyle-styling-gel-protein\/","og_locale":"sv_SE","og_type":"article","og_title":"Eco Style | Styling Gel Protein | Curlsforyou.dk","og_description":"Er du p\u00e5 jagt efter de rette produkter til kr\u00f8llerne? Her finder du Eco Style Styling Gel Protein og meget andet.","og_url":"https:\/\/curlsforyou.dk\/se\/product\/ecostyle-styling-gel-protein\/","article_publisher":"https:\/\/www.facebook.com\/curlsforyou","article_modified_time":"2026-04-12T00:02:23+00:00","og_image":[{"width":1000,"height":667,"url":"https:\/\/curlsforyou.dk\/app\/uploads\/2020\/08\/Eco-Protein.jpg","type":"image\/jpeg"}],"twitter_card":"summary_large_image","twitter_misc":{"Ber\u00e4knad l\u00e4stid":"3 minuter"},"schema":{"@context":"https:\/\/schema.org","@graph":[{"@type":"WebPage","@id":"https:\/\/curlsforyou.dk\/vare\/ecostyle-styling-gel-protein\/","url":"https:\/\/curlsforyou.dk\/vare\/ecostyle-styling-gel-protein\/","name":"Eco Style | Styling Gel Protein | Curlsforyou.dk","isPartOf":{"@id":"https:\/\/curlsforyou.dk\/#website"},"primaryImageOfPage":{"@id":"https:\/\/curlsforyou.dk\/vare\/ecostyle-styling-gel-protein\/#primaryimage"},"image":{"@id":"https:\/\/curlsforyou.dk\/vare\/ecostyle-styling-gel-protein\/#primaryimage"},"thumbnailUrl":"https:\/\/curlsforyou.dk\/app\/uploads\/2020\/08\/Eco-Protein.jpg","datePublished":"2020-08-13T09:20:49+00:00","dateModified":"2026-04-12T00:02:23+00:00","description":"Er du p\u00e5 jagt efter de rette produkter til kr\u00f8llerne? Her finder du Eco Style Styling Gel Protein og meget andet.","breadcrumb":{"@id":"https:\/\/curlsforyou.dk\/vare\/ecostyle-styling-gel-protein\/#breadcrumb"},"inLanguage":"sv-SE","potentialAction":[{"@type":"ReadAction","target":["https:\/\/curlsforyou.dk\/vare\/ecostyle-styling-gel-protein\/"]}]},{"@type":"ImageObject","inLanguage":"sv-SE","@id":"https:\/\/curlsforyou.dk\/vare\/ecostyle-styling-gel-protein\/#primaryimage","url":"https:\/\/curlsforyou.dk\/app\/uploads\/2020\/08\/Eco-Protein.jpg","contentUrl":"https:\/\/curlsforyou.dk\/app\/uploads\/2020\/08\/Eco-Protein.jpg","width":1000,"height":667,"caption":"EcoStyler - Protein styling gel hj\u00e6lper med at pleje og reparere beskadiget h\u00e5r og samtidig fremme en sund hovedbund."},{"@type":"BreadcrumbList","@id":"https:\/\/curlsforyou.dk\/vare\/ecostyle-styling-gel-protein\/#breadcrumb","itemListElement":[{"@type":"ListItem","position":1,"name":"Hjem","item":"https:\/\/curlsforyou.dk\/"},{"@type":"ListItem","position":2,"name":"Shop","item":"https:\/\/curlsforyou.dk\/shop\/"},{"@type":"ListItem","position":3,"name":"Eco Style &#8211; Styling Gel Protein"}]},{"@type":"WebSite","@id":"https:\/\/curlsforyou.dk\/#website","url":"https:\/\/curlsforyou.dk\/","name":"","description":"","publisher":{"@id":"https:\/\/curlsforyou.dk\/#organization"},"potentialAction":[{"@type":"SearchAction","target":{"@type":"EntryPoint","urlTemplate":"https:\/\/curlsforyou.dk\/?s={search_term_string}"},"query-input":{"@type":"PropertyValueSpecification","valueRequired":true,"valueName":"search_term_string"}}],"inLanguage":"sv-SE"},{"@type":"Organization","@id":"https:\/\/curlsforyou.dk\/#organization","name":"CurlsForYou","url":"https:\/\/curlsforyou.dk\/","logo":{"@type":"ImageObject","inLanguage":"sv-SE","@id":"https:\/\/curlsforyou.dk\/#\/schema\/logo\/image\/","url":"","contentUrl":"","caption":"CurlsForYou"},"image":{"@id":"https:\/\/curlsforyou.dk\/#\/schema\/logo\/image\/"},"sameAs":["https:\/\/www.facebook.com\/curlsforyou","https:\/\/www.instagram.com\/curlsforyou.dk\/"]}]}},"brands":[{"id":118,"name":"Eco Style","slug":"ecostyle"}],"_links":{"self":[{"href":"https:\/\/curlsforyou.dk\/se\/wp-json\/wp\/v2\/product\/24198","targetHints":{"allow":["GET"]}}],"collection":[{"href":"https:\/\/curlsforyou.dk\/se\/wp-json\/wp\/v2\/product"}],"about":[{"href":"https:\/\/curlsforyou.dk\/se\/wp-json\/wp\/v2\/types\/product"}],"replies":[{"embeddable":true,"href":"https:\/\/curlsforyou.dk\/se\/wp-json\/wp\/v2\/comments?post=24198"}],"version-history":[{"count":0,"href":"https:\/\/curlsforyou.dk\/se\/wp-json\/wp\/v2\/product\/24198\/revisions"}],"wp:featuredmedia":[{"embeddable":true,"href":"https:\/\/curlsforyou.dk\/se\/wp-json\/wp\/v2\/media\/26607"}],"wp:attachment":[{"href":"https:\/\/curlsforyou.dk\/se\/wp-json\/wp\/v2\/media?parent=24198"}],"wp:term":[{"taxonomy":"pwb-brand","embeddable":true,"href":"https:\/\/curlsforyou.dk\/se\/wp-json\/wp\/v2\/pwb-brand?post=24198"},{"taxonomy":"product_brand","embeddable":true,"href":"https:\/\/curlsforyou.dk\/se\/wp-json\/wp\/v2\/product_brand?post=24198"},{"taxonomy":"product_cat","embeddable":true,"href":"https:\/\/curlsforyou.dk\/se\/wp-json\/wp\/v2\/product_cat?post=24198"},{"taxonomy":"product_tag","embeddable":true,"href":"https:\/\/curlsforyou.dk\/se\/wp-json\/wp\/v2\/product_tag?post=24198"},{"taxonomy":"giftcard-category","embeddable":true,"href":"https:\/\/curlsforyou.dk\/se\/wp-json\/wp\/v2\/giftcard-category?post=24198"}],"curies":[{"name":"wp","href":"https:\/\/api.w.org\/{rel}","templated":true}]}}