{"id":23916,"date":"2020-08-01T22:47:06","date_gmt":"2020-08-01T20:47:06","guid":{"rendered":"https:\/\/curlsforyou.dk\/?post_type=product&#038;p=23916"},"modified":"2026-05-04T01:41:26","modified_gmt":"2026-05-03T23:41:26","slug":"curlsforyou-silke-bonnet","status":"publish","type":"product","link":"https:\/\/curlsforyou.dk\/se\/product\/curlsforyou-silke-bonnet\/","title":{"rendered":"CurlsForYou &#8211; Silke Bonnet"},"content":{"rendered":"<p>Det er vigtigt at passe p\u00e5 sit h\u00e5r, og h\u00e5rpleje handler ikke kun om, hvordan du vasker og t\u00f8rrer det, eller hvilke produkter og h\u00e5rplejemidler du bruger, men ogs\u00e5 om, hvordan du beskytter det, n\u00e5r du sover.<\/p>\n<p>Med denne Silke Bonnet fra CurlsForYou kan du sk\u00e5ne dit h\u00e5r for al det slid, det uds\u00e6ttes for om natten, n\u00e5r du uundg\u00e5eligt gnider dit h\u00e5r mod hovedpuden i s\u00f8vnen. Vores h\u00e5r uds\u00e6ttes for meget slid om natten, is\u00e6r hvis du har tendens til at sove uroligt.<\/p>\n<p>Denne Silke Bonnet er fremstillet i 100 % Mulberry Silke, og det g\u00f8r b\u00e5de produktet helt perfekt for dit h\u00e5r, men det g\u00f8r ogs\u00e5 din bonnet b\u00e5de bl\u00f8d og behagelig at sove med. Den gode Mulberry-silke giver derudover ogs\u00e5 din bonnet et skinnende og eksklusivt look. Du kan ogs\u00e5 finde sk\u00e5nsomme <a href=\"https:\/\/curlsforyou.dk\/se\/product\/curlsforyou-silke-scrunchies-mini\/\">scrunchies<\/a> och <a href=\"https:\/\/curlsforyou.dk\/se\/product\/curlsforyou-silke-pudebetraek\/\">pudebetr\u00e6k<\/a> Mulberry silke hos CurlsForYou der ligeledes beskytter mod slid p\u00e5 dit h\u00e5r.<\/p>\n<p>Der er mange fordele ved at sove med en bonnet. N\u00e5r du sover med en bonnet, vil dit h\u00e5r ugles mindre om natten. Det er is\u00e6r en fordel for dig med kr\u00f8ller, fordi du p\u00e5 den m\u00e5de slipper for at st\u00e5 op til frizzy og sammenviklede kr\u00f8ller. Alle med kr\u00f8ller ved nemlig, at det med at b\u00f8rste i t\u00f8rt, kr\u00f8llet h\u00e5r ofte giver et stort og ut\u00e6mmeligt h\u00e5r.<\/p>\n<p>Silke Bonnet er udstyret med en elastik i \u00e5bningen, s\u00e5 din bonnet sidder til, som den skal, og derudover finder du ogs\u00e5 en justerbar snor p\u00e5 Silke Bonnet, som du kan stramme yderligere eller l\u00f8sne, hvis det er n\u00f8dvendigt. Netop den justerbare snor er en stor fordel, s\u00e5 du er fri for, at din bonnet er gledet af, n\u00e5r du v\u00e5gner op, ligesom det heller ikke er rart med en bonnet, der strammer.<\/p>","protected":false},"excerpt":{"rendered":"<ul>\n<li>En Silke Bonnet i h\u00f8j kvalitet fremstillet af 100 % Mulberry Silke<\/li>\n<li>Sk\u00e5ner dit h\u00e5r for nattens slid og er s\u00e6rligt velegnet til kr\u00f8llet h\u00e5r<\/li>\n<li>Forhindrer dine kr\u00f8ller i at filtre sammen og blive uglede i nattens l\u00f8b<\/li>\n<li>Udstyret med en elastik i \u00e5bningen samt en justerbar snor, s\u00e5 din bonnet bliver siddende, hvor den skal v\u00e6re hele natten<\/li>\n<li>F\u00e5s b\u00e5de i en sort og lysegr\u00e5 farve.<\/li>\n<\/ul>","protected":false},"featured_media":45170,"comment_status":"open","ping_status":"closed","template":"","meta":[],"pwb-brand":[168],"product_brand":[],"product_cat":[145],"product_tag":[],"giftcard-category":[],"class_list":{"0":"post-23916","1":"product","2":"type-product","3":"status-publish","4":"has-post-thumbnail","6":"pwb-brand-curlsforyou","7":"product_cat-foen-styling-og-beskyttelse","9":"first","10":"outofstock","11":"taxable","12":"shipping-taxable","13":"purchasable","14":"product-type-variable"},"bundled_by":[],"bundle_stock_status":"outofstock","bundle_stock_quantity":null,"bundle_virtual":false,"bundle_layout":"","bundle_add_to_cart_form_location":"","bundle_editable_in_cart":false,"bundle_sold_individually_context":"","bundle_item_grouping":"","bundle_min_size":"","bundle_max_size":"","bundle_price":[],"bundled_items":[],"bundle_sell_ids":[],"supplier_id":null,"supplier_sku":"","barcode":null,"atum_controlled":true,"out_stock_date":null,"out_stock_threshold":null,"inheritable":true,"inbound_stock":0,"stock_on_hold":0,"sold_today":0,"sales_last_days":0,"reserved_stock":0,"customer_returns":0,"warehouse_damage":0,"lost_in_post":0,"other_logs":0,"out_stock_days":0,"lost_sales":0,"has_location":false,"update_date":"2026-05-06T11:21:03","atum_locations":[],"atum_stock_status":"outofstock","restock_status":false,"low_stock_amount":"","sales_update_date":"2026-05-06T11:21:03","calc_backorders":null,"yoast_head":"<!-- This site is optimized with the Yoast SEO plugin v25.6 - https:\/\/yoast.com\/wordpress\/plugins\/seo\/ -->\n<title>Silke Bonnet - Fremstillet i 100 % Mulberry Silke - CurlsForYou.dk<\/title>\n<meta name=\"description\" content=\"Beskyt dine kr\u00f8ller mod slid om natten, og undg\u00e5 at v\u00e5gne op med frizzy, sammenfiltret h\u00e5r. K\u00f8b din nye Silke Bonnet nu\" \/>\n<meta name=\"robots\" content=\"index, follow, max-snippet:-1, max-image-preview:large, max-video-preview:-1\" \/>\n<link rel=\"canonical\" href=\"https:\/\/curlsforyou.dk\/se\/product\/curlsforyou-silke-bonnet\/\" \/>\n<meta property=\"og:locale\" content=\"sv_SE\" \/>\n<meta property=\"og:type\" content=\"article\" \/>\n<meta property=\"og:title\" content=\"Silke Bonnet - Fremstillet i 100 % Mulberry Silke - CurlsForYou.dk\" \/>\n<meta property=\"og:description\" content=\"Beskyt dine kr\u00f8ller mod slid om natten, og undg\u00e5 at v\u00e5gne op med frizzy, sammenfiltret h\u00e5r. K\u00f8b din nye Silke Bonnet nu\" \/>\n<meta property=\"og:url\" content=\"https:\/\/curlsforyou.dk\/se\/product\/curlsforyou-silke-bonnet\/\" \/>\n<meta property=\"article:publisher\" content=\"https:\/\/www.facebook.com\/curlsforyou\" \/>\n<meta property=\"article:modified_time\" content=\"2026-05-03T23:41:26+00:00\" \/>\n<meta property=\"og:image\" content=\"https:\/\/curlsforyou.dk\/app\/uploads\/2020\/08\/silk_bonnet_black.jpg\" \/>\n\t<meta property=\"og:image:width\" content=\"800\" \/>\n\t<meta property=\"og:image:height\" content=\"800\" \/>\n\t<meta property=\"og:image:type\" content=\"image\/jpeg\" \/>\n<meta name=\"twitter:card\" content=\"summary_large_image\" \/>\n<meta name=\"twitter:label1\" content=\"Ber\u00e4knad l\u00e4stid\" \/>\n\t<meta name=\"twitter:data1\" content=\"2 minuter\" \/>\n<script type=\"application\/ld+json\" class=\"yoast-schema-graph\">{\"@context\":\"https:\/\/schema.org\",\"@graph\":[{\"@type\":\"WebPage\",\"@id\":\"https:\/\/curlsforyou.dk\/vare\/curlsforyou-silke-bonnet\/\",\"url\":\"https:\/\/curlsforyou.dk\/vare\/curlsforyou-silke-bonnet\/\",\"name\":\"Silke Bonnet - Fremstillet i 100 % Mulberry Silke - CurlsForYou.dk\",\"isPartOf\":{\"@id\":\"https:\/\/curlsforyou.dk\/#website\"},\"primaryImageOfPage\":{\"@id\":\"https:\/\/curlsforyou.dk\/vare\/curlsforyou-silke-bonnet\/#primaryimage\"},\"image\":{\"@id\":\"https:\/\/curlsforyou.dk\/vare\/curlsforyou-silke-bonnet\/#primaryimage\"},\"thumbnailUrl\":\"https:\/\/curlsforyou.dk\/app\/uploads\/2020\/08\/silk_bonnet_black.jpg\",\"datePublished\":\"2020-08-01T20:47:06+00:00\",\"dateModified\":\"2026-05-03T23:41:26+00:00\",\"description\":\"Beskyt dine kr\u00f8ller mod slid om natten, og undg\u00e5 at v\u00e5gne op med frizzy, sammenfiltret h\u00e5r. K\u00f8b din nye Silke Bonnet nu\",\"breadcrumb\":{\"@id\":\"https:\/\/curlsforyou.dk\/vare\/curlsforyou-silke-bonnet\/#breadcrumb\"},\"inLanguage\":\"sv-SE\",\"potentialAction\":[{\"@type\":\"ReadAction\",\"target\":[\"https:\/\/curlsforyou.dk\/vare\/curlsforyou-silke-bonnet\/\"]}]},{\"@type\":\"ImageObject\",\"inLanguage\":\"sv-SE\",\"@id\":\"https:\/\/curlsforyou.dk\/vare\/curlsforyou-silke-bonnet\/#primaryimage\",\"url\":\"https:\/\/curlsforyou.dk\/app\/uploads\/2020\/08\/silk_bonnet_black.jpg\",\"contentUrl\":\"https:\/\/curlsforyou.dk\/app\/uploads\/2020\/08\/silk_bonnet_black.jpg\",\"width\":800,\"height\":800,\"caption\":\"Silke Bonnet fra vores eget CurlsForYou m\u00e6rke i farven Black\"},{\"@type\":\"BreadcrumbList\",\"@id\":\"https:\/\/curlsforyou.dk\/vare\/curlsforyou-silke-bonnet\/#breadcrumb\",\"itemListElement\":[{\"@type\":\"ListItem\",\"position\":1,\"name\":\"Hjem\",\"item\":\"https:\/\/curlsforyou.dk\/\"},{\"@type\":\"ListItem\",\"position\":2,\"name\":\"Shop\",\"item\":\"https:\/\/curlsforyou.dk\/shop\/\"},{\"@type\":\"ListItem\",\"position\":3,\"name\":\"CurlsForYou &#8211; Silke Bonnet\"}]},{\"@type\":\"WebSite\",\"@id\":\"https:\/\/curlsforyou.dk\/#website\",\"url\":\"https:\/\/curlsforyou.dk\/\",\"name\":\"\",\"description\":\"\",\"publisher\":{\"@id\":\"https:\/\/curlsforyou.dk\/#organization\"},\"potentialAction\":[{\"@type\":\"SearchAction\",\"target\":{\"@type\":\"EntryPoint\",\"urlTemplate\":\"https:\/\/curlsforyou.dk\/?s={search_term_string}\"},\"query-input\":{\"@type\":\"PropertyValueSpecification\",\"valueRequired\":true,\"valueName\":\"search_term_string\"}}],\"inLanguage\":\"sv-SE\"},{\"@type\":\"Organization\",\"@id\":\"https:\/\/curlsforyou.dk\/#organization\",\"name\":\"CurlsForYou\",\"url\":\"https:\/\/curlsforyou.dk\/\",\"logo\":{\"@type\":\"ImageObject\",\"inLanguage\":\"sv-SE\",\"@id\":\"https:\/\/curlsforyou.dk\/#\/schema\/logo\/image\/\",\"url\":\"\",\"contentUrl\":\"\",\"caption\":\"CurlsForYou\"},\"image\":{\"@id\":\"https:\/\/curlsforyou.dk\/#\/schema\/logo\/image\/\"},\"sameAs\":[\"https:\/\/www.facebook.com\/curlsforyou\",\"https:\/\/www.instagram.com\/curlsforyou.dk\/\"]}]}<\/script>\n<!-- \/ Yoast SEO plugin. -->","yoast_head_json":{"title":"Silke Bonnet - Fremstillet i 100 % Mulberry Silke - CurlsForYou.dk","description":"Beskyt dine kr\u00f8ller mod slid om natten, og undg\u00e5 at v\u00e5gne op med frizzy, sammenfiltret h\u00e5r. K\u00f8b din nye Silke Bonnet nu","robots":{"index":"index","follow":"follow","max-snippet":"max-snippet:-1","max-image-preview":"max-image-preview:large","max-video-preview":"max-video-preview:-1"},"canonical":"https:\/\/curlsforyou.dk\/se\/product\/curlsforyou-silke-bonnet\/","og_locale":"sv_SE","og_type":"article","og_title":"Silke Bonnet - Fremstillet i 100 % Mulberry Silke - CurlsForYou.dk","og_description":"Beskyt dine kr\u00f8ller mod slid om natten, og undg\u00e5 at v\u00e5gne op med frizzy, sammenfiltret h\u00e5r. K\u00f8b din nye Silke Bonnet nu","og_url":"https:\/\/curlsforyou.dk\/se\/product\/curlsforyou-silke-bonnet\/","article_publisher":"https:\/\/www.facebook.com\/curlsforyou","article_modified_time":"2026-05-03T23:41:26+00:00","og_image":[{"width":800,"height":800,"url":"https:\/\/curlsforyou.dk\/app\/uploads\/2020\/08\/silk_bonnet_black.jpg","type":"image\/jpeg"}],"twitter_card":"summary_large_image","twitter_misc":{"Ber\u00e4knad l\u00e4stid":"2 minuter"},"schema":{"@context":"https:\/\/schema.org","@graph":[{"@type":"WebPage","@id":"https:\/\/curlsforyou.dk\/vare\/curlsforyou-silke-bonnet\/","url":"https:\/\/curlsforyou.dk\/vare\/curlsforyou-silke-bonnet\/","name":"Silke Bonnet - Fremstillet i 100 % Mulberry Silke - CurlsForYou.dk","isPartOf":{"@id":"https:\/\/curlsforyou.dk\/#website"},"primaryImageOfPage":{"@id":"https:\/\/curlsforyou.dk\/vare\/curlsforyou-silke-bonnet\/#primaryimage"},"image":{"@id":"https:\/\/curlsforyou.dk\/vare\/curlsforyou-silke-bonnet\/#primaryimage"},"thumbnailUrl":"https:\/\/curlsforyou.dk\/app\/uploads\/2020\/08\/silk_bonnet_black.jpg","datePublished":"2020-08-01T20:47:06+00:00","dateModified":"2026-05-03T23:41:26+00:00","description":"Beskyt dine kr\u00f8ller mod slid om natten, og undg\u00e5 at v\u00e5gne op med frizzy, sammenfiltret h\u00e5r. K\u00f8b din nye Silke Bonnet nu","breadcrumb":{"@id":"https:\/\/curlsforyou.dk\/vare\/curlsforyou-silke-bonnet\/#breadcrumb"},"inLanguage":"sv-SE","potentialAction":[{"@type":"ReadAction","target":["https:\/\/curlsforyou.dk\/vare\/curlsforyou-silke-bonnet\/"]}]},{"@type":"ImageObject","inLanguage":"sv-SE","@id":"https:\/\/curlsforyou.dk\/vare\/curlsforyou-silke-bonnet\/#primaryimage","url":"https:\/\/curlsforyou.dk\/app\/uploads\/2020\/08\/silk_bonnet_black.jpg","contentUrl":"https:\/\/curlsforyou.dk\/app\/uploads\/2020\/08\/silk_bonnet_black.jpg","width":800,"height":800,"caption":"Silke Bonnet fra vores eget CurlsForYou m\u00e6rke i farven Black"},{"@type":"BreadcrumbList","@id":"https:\/\/curlsforyou.dk\/vare\/curlsforyou-silke-bonnet\/#breadcrumb","itemListElement":[{"@type":"ListItem","position":1,"name":"Hjem","item":"https:\/\/curlsforyou.dk\/"},{"@type":"ListItem","position":2,"name":"Shop","item":"https:\/\/curlsforyou.dk\/shop\/"},{"@type":"ListItem","position":3,"name":"CurlsForYou &#8211; Silke Bonnet"}]},{"@type":"WebSite","@id":"https:\/\/curlsforyou.dk\/#website","url":"https:\/\/curlsforyou.dk\/","name":"","description":"","publisher":{"@id":"https:\/\/curlsforyou.dk\/#organization"},"potentialAction":[{"@type":"SearchAction","target":{"@type":"EntryPoint","urlTemplate":"https:\/\/curlsforyou.dk\/?s={search_term_string}"},"query-input":{"@type":"PropertyValueSpecification","valueRequired":true,"valueName":"search_term_string"}}],"inLanguage":"sv-SE"},{"@type":"Organization","@id":"https:\/\/curlsforyou.dk\/#organization","name":"CurlsForYou","url":"https:\/\/curlsforyou.dk\/","logo":{"@type":"ImageObject","inLanguage":"sv-SE","@id":"https:\/\/curlsforyou.dk\/#\/schema\/logo\/image\/","url":"","contentUrl":"","caption":"CurlsForYou"},"image":{"@id":"https:\/\/curlsforyou.dk\/#\/schema\/logo\/image\/"},"sameAs":["https:\/\/www.facebook.com\/curlsforyou","https:\/\/www.instagram.com\/curlsforyou.dk\/"]}]}},"brands":[{"id":168,"name":"CurlsForYou","slug":"curlsforyou"}],"_links":{"self":[{"href":"https:\/\/curlsforyou.dk\/se\/wp-json\/wp\/v2\/product\/23916","targetHints":{"allow":["GET"]}}],"collection":[{"href":"https:\/\/curlsforyou.dk\/se\/wp-json\/wp\/v2\/product"}],"about":[{"href":"https:\/\/curlsforyou.dk\/se\/wp-json\/wp\/v2\/types\/product"}],"replies":[{"embeddable":true,"href":"https:\/\/curlsforyou.dk\/se\/wp-json\/wp\/v2\/comments?post=23916"}],"version-history":[{"count":0,"href":"https:\/\/curlsforyou.dk\/se\/wp-json\/wp\/v2\/product\/23916\/revisions"}],"wp:featuredmedia":[{"embeddable":true,"href":"https:\/\/curlsforyou.dk\/se\/wp-json\/wp\/v2\/media\/45170"}],"wp:attachment":[{"href":"https:\/\/curlsforyou.dk\/se\/wp-json\/wp\/v2\/media?parent=23916"}],"wp:term":[{"taxonomy":"pwb-brand","embeddable":true,"href":"https:\/\/curlsforyou.dk\/se\/wp-json\/wp\/v2\/pwb-brand?post=23916"},{"taxonomy":"product_brand","embeddable":true,"href":"https:\/\/curlsforyou.dk\/se\/wp-json\/wp\/v2\/product_brand?post=23916"},{"taxonomy":"product_cat","embeddable":true,"href":"https:\/\/curlsforyou.dk\/se\/wp-json\/wp\/v2\/product_cat?post=23916"},{"taxonomy":"product_tag","embeddable":true,"href":"https:\/\/curlsforyou.dk\/se\/wp-json\/wp\/v2\/product_tag?post=23916"},{"taxonomy":"giftcard-category","embeddable":true,"href":"https:\/\/curlsforyou.dk\/se\/wp-json\/wp\/v2\/giftcard-category?post=23916"}],"curies":[{"name":"wp","href":"https:\/\/api.w.org\/{rel}","templated":true}]}}