{"id":21551,"date":"2020-05-19T22:09:35","date_gmt":"2020-05-19T20:09:35","guid":{"rendered":"https:\/\/curlsforyou.dk\/?post_type=product&#038;p=21551"},"modified":"2026-03-31T10:52:00","modified_gmt":"2026-03-31T08:52:00","slug":"as-i-am-dry-itchy-cowash","status":"publish","type":"product","link":"https:\/\/curlsforyou.dk\/se\/product\/as-i-am-dry-itchy-cowash\/","title":{"rendered":"As I Am &#8211;  Dry &#038; Itchy CoWash"},"content":{"rendered":"<p>As I Am &#8211; Dry &amp; Itchy CoWash plejer b\u00e5de h\u00e5r og hovedbund. Produktet hj\u00e6lper med at forhindre kl\u00f8e, idet As I Am &#8211; Dry &amp; Itchy CoWash beroliger hovedbunden ved hj\u00e6lp af indholdet af olivenolie og tetr\u00e6olie, og derfor tilf\u00f8rer du ogs\u00e5 en masse godt til b\u00e5de din hovedbund og dit h\u00e5rstr\u00e5.<\/p>\n<p>Alle CurlsForYou\u2019s produkter er udvalgt med omtanke for <a href=\"https:\/\/curlsforyou.dk\/se\/curly-girl-metoden\/curly-girl-metoden\/\">The Curly Girl -metoden<\/a>, og derfor kan du sagtens bruge produktet, hvis du praktiserer metoden, eller hvis du vil have ekstra hj\u00e6lp og pleje til dit kr\u00f8llede h\u00e5r. As I Am &#8211; Dry &amp; Itchy CoWash bidrager derudover ogs\u00e5 til, at dine kr\u00f8ller b\u00e5de bliver nemmere at arbejde med, men ogs\u00e5 nemmere at f\u00e5 til at sidde p\u00e5 den m\u00e5de, du \u00f8nsker.<\/p>\n<p>As I Am &#8211; Dry &amp; Itchy CoWash bidrager med fugt til dit h\u00e5r og din hovedbund, og det er ofte godt til kr\u00f8llet h\u00e5r, der mange gange kan have tendens til at v\u00e6re t\u00f8rt og m\u00e5ske ogs\u00e5 kruset. Samtidig bidrager As I Am &#8211; Dry &amp; Itchy CoWash til at lindre b\u00e5de kl\u00f8e, sk\u00e6l og en irriteret hovedbund.<\/p>\n<p>Ofte er der en sammenh\u00e6ng mellem en t\u00f8r og irriteret hovedbund og t\u00f8rt h\u00e5r, og derfor er det en god id\u00e9 indk\u00f8be et produkt til h\u00e5ret, der kan bidrage med pleje til hovedbund s\u00e5vel som selve h\u00e5ret. Hvis du kun tilf\u00f8jer fugt til dit h\u00e5r, vil du oftest kun symptombehandle, men ikke afhj\u00e6lpe selve problemet med t\u00f8rt h\u00e5r.<\/p>\n<p>Du har selvf\u00f8lgelig ogs\u00e5 have t\u00f8rt h\u00e5r, hvis du uds\u00e6tter dit h\u00e5r for meget slid uden at have problemer med hovedbunden, og s\u00e5 er det vigtigt at tilf\u00f8re ekstra fugt til h\u00e5rstr\u00e5ene og begr\u00e6nse noget af det slid, h\u00e5ret er udsat for. Det kan for eksempel v\u00e6re slid fra produkter, styling, varmeredskaber og h\u00e5relastikker. Du kan ogs\u00e5 beskytte dit h\u00e5r mod slid ved at sove med et <a href=\"https:\/\/curlsforyou.dk\/se\/product\/curlsforyou-silke-pudebetraek\/\">kuddfodral i silke<\/a> eller bruge en <a href=\"https:\/\/curlsforyou.dk\/se\/product\/curlsforyou-silke-scrunchies-medium\/\">silkescrunchie<\/a>, n\u00e5r du s\u00e6tter dit h\u00e5r op.<\/p>","protected":false},"excerpt":{"rendered":"<ul>\n<li>Fugtgivende og plejende produkt til h\u00e5r og hovedbund<\/li>\n<li>Afhj\u00e6lper kl\u00f8e, irritation og sk\u00e6l i hovedbunden<\/li>\n<li>Tilf\u00f8rer et godt skud fugt til b\u00e5de h\u00e5r og hovedbund<\/li>\n<li>Indeholder b\u00e5de olivenolie og den plejende tetr\u00e6olie<\/li>\n<li>Produktet er udvalgt med omtanke for Curly Girl-metoden<\/li>\n<li>St\u00f8rrelse: 454 gr.<\/li>\n<\/ul>","protected":false},"featured_media":96368,"comment_status":"open","ping_status":"closed","template":"","meta":[],"pwb-brand":[183],"product_brand":[],"product_cat":[141],"product_tag":[],"giftcard-category":[],"class_list":{"0":"post-21551","1":"product","2":"type-product","3":"status-publish","4":"has-post-thumbnail","6":"pwb-brand-dry-itchy","7":"product_cat-co-wash","9":"first","10":"outofstock","11":"taxable","12":"shipping-taxable","13":"purchasable","14":"product-type-simple"},"bundled_by":[],"bundle_stock_status":"outofstock","bundle_stock_quantity":0,"bundle_virtual":false,"bundle_layout":"","bundle_add_to_cart_form_location":"","bundle_editable_in_cart":false,"bundle_sold_individually_context":"","bundle_item_grouping":"","bundle_min_size":"","bundle_max_size":"","bundle_price":[],"bundled_items":[],"bundle_sell_ids":[],"supplier_id":null,"supplier_sku":"","barcode":null,"atum_controlled":true,"out_stock_date":"2026-03-07 01:05:54","out_stock_threshold":null,"inheritable":false,"inbound_stock":0,"stock_on_hold":0,"sold_today":0,"sales_last_days":0,"reserved_stock":0,"customer_returns":0,"warehouse_damage":0,"lost_in_post":0,"other_logs":0,"out_stock_days":57,"lost_sales":3639,"has_location":false,"update_date":"2026-05-03T11:17:32","atum_locations":[],"atum_stock_status":"outofstock","restock_status":false,"low_stock_amount":"","sales_update_date":"2026-05-03T11:17:31","calc_backorders":null,"yoast_head":"<!-- This site is optimized with the Yoast SEO plugin v25.6 - https:\/\/yoast.com\/wordpress\/plugins\/seo\/ -->\n<title>As I Am - Dry &amp; Itchy CoWash: Lindrer kl\u00f8e og sk\u00e6l | CurlsForYou.dk<\/title>\n<meta name=\"description\" content=\"Pleje og fugt til h\u00e5r og hovedbund: Afhj\u00e6lper sk\u00e6l og kl\u00f8e i en irriteret hovedbund. Kan anvendes til Curly Girl-metoden\" \/>\n<meta name=\"robots\" content=\"index, follow, max-snippet:-1, max-image-preview:large, max-video-preview:-1\" \/>\n<link rel=\"canonical\" href=\"https:\/\/curlsforyou.dk\/se\/product\/as-i-am-dry-itchy-cowash\/\" \/>\n<meta property=\"og:locale\" content=\"sv_SE\" \/>\n<meta property=\"og:type\" content=\"article\" \/>\n<meta property=\"og:title\" content=\"As I Am - Dry &amp; Itchy CoWash: Lindrer kl\u00f8e og sk\u00e6l | CurlsForYou.dk\" \/>\n<meta property=\"og:description\" content=\"Pleje og fugt til h\u00e5r og hovedbund: Afhj\u00e6lper sk\u00e6l og kl\u00f8e i en irriteret hovedbund. Kan anvendes til Curly Girl-metoden\" \/>\n<meta property=\"og:url\" content=\"https:\/\/curlsforyou.dk\/se\/product\/as-i-am-dry-itchy-cowash\/\" \/>\n<meta property=\"article:publisher\" content=\"https:\/\/www.facebook.com\/curlsforyou\" \/>\n<meta property=\"article:modified_time\" content=\"2026-03-31T08:52:00+00:00\" \/>\n<meta property=\"og:image\" content=\"https:\/\/curlsforyou.dk\/app\/uploads\/2020\/05\/1-1.png\" \/>\n\t<meta property=\"og:image:width\" content=\"800\" \/>\n\t<meta property=\"og:image:height\" content=\"800\" \/>\n\t<meta property=\"og:image:type\" content=\"image\/png\" \/>\n<meta name=\"twitter:card\" content=\"summary_large_image\" \/>\n<meta name=\"twitter:label1\" content=\"Ber\u00e4knad l\u00e4stid\" \/>\n\t<meta name=\"twitter:data1\" content=\"2 minuter\" \/>\n<script type=\"application\/ld+json\" class=\"yoast-schema-graph\">{\"@context\":\"https:\/\/schema.org\",\"@graph\":[{\"@type\":\"WebPage\",\"@id\":\"https:\/\/curlsforyou.dk\/vare\/as-i-am-dry-itchy-cowash\/\",\"url\":\"https:\/\/curlsforyou.dk\/vare\/as-i-am-dry-itchy-cowash\/\",\"name\":\"As I Am - Dry & Itchy CoWash: Lindrer kl\u00f8e og sk\u00e6l | CurlsForYou.dk\",\"isPartOf\":{\"@id\":\"https:\/\/curlsforyou.dk\/#website\"},\"primaryImageOfPage\":{\"@id\":\"https:\/\/curlsforyou.dk\/vare\/as-i-am-dry-itchy-cowash\/#primaryimage\"},\"image\":{\"@id\":\"https:\/\/curlsforyou.dk\/vare\/as-i-am-dry-itchy-cowash\/#primaryimage\"},\"thumbnailUrl\":\"https:\/\/curlsforyou.dk\/app\/uploads\/2020\/05\/1-1.png\",\"datePublished\":\"2020-05-19T20:09:35+00:00\",\"dateModified\":\"2026-03-31T08:52:00+00:00\",\"description\":\"Pleje og fugt til h\u00e5r og hovedbund: Afhj\u00e6lper sk\u00e6l og kl\u00f8e i en irriteret hovedbund. Kan anvendes til Curly Girl-metoden\",\"breadcrumb\":{\"@id\":\"https:\/\/curlsforyou.dk\/vare\/as-i-am-dry-itchy-cowash\/#breadcrumb\"},\"inLanguage\":\"sv-SE\",\"potentialAction\":[{\"@type\":\"ReadAction\",\"target\":[\"https:\/\/curlsforyou.dk\/vare\/as-i-am-dry-itchy-cowash\/\"]}]},{\"@type\":\"ImageObject\",\"inLanguage\":\"sv-SE\",\"@id\":\"https:\/\/curlsforyou.dk\/vare\/as-i-am-dry-itchy-cowash\/#primaryimage\",\"url\":\"https:\/\/curlsforyou.dk\/app\/uploads\/2020\/05\/1-1.png\",\"contentUrl\":\"https:\/\/curlsforyou.dk\/app\/uploads\/2020\/05\/1-1.png\",\"width\":800,\"height\":800,\"caption\":\"As I Am - Dry & Itchy CoWash\"},{\"@type\":\"BreadcrumbList\",\"@id\":\"https:\/\/curlsforyou.dk\/vare\/as-i-am-dry-itchy-cowash\/#breadcrumb\",\"itemListElement\":[{\"@type\":\"ListItem\",\"position\":1,\"name\":\"Hjem\",\"item\":\"https:\/\/curlsforyou.dk\/\"},{\"@type\":\"ListItem\",\"position\":2,\"name\":\"Shop\",\"item\":\"https:\/\/curlsforyou.dk\/shop\/\"},{\"@type\":\"ListItem\",\"position\":3,\"name\":\"As I Am &#8211; Dry &#038; Itchy CoWash\"}]},{\"@type\":\"WebSite\",\"@id\":\"https:\/\/curlsforyou.dk\/#website\",\"url\":\"https:\/\/curlsforyou.dk\/\",\"name\":\"\",\"description\":\"\",\"publisher\":{\"@id\":\"https:\/\/curlsforyou.dk\/#organization\"},\"potentialAction\":[{\"@type\":\"SearchAction\",\"target\":{\"@type\":\"EntryPoint\",\"urlTemplate\":\"https:\/\/curlsforyou.dk\/?s={search_term_string}\"},\"query-input\":{\"@type\":\"PropertyValueSpecification\",\"valueRequired\":true,\"valueName\":\"search_term_string\"}}],\"inLanguage\":\"sv-SE\"},{\"@type\":\"Organization\",\"@id\":\"https:\/\/curlsforyou.dk\/#organization\",\"name\":\"CurlsForYou\",\"url\":\"https:\/\/curlsforyou.dk\/\",\"logo\":{\"@type\":\"ImageObject\",\"inLanguage\":\"sv-SE\",\"@id\":\"https:\/\/curlsforyou.dk\/#\/schema\/logo\/image\/\",\"url\":\"\",\"contentUrl\":\"\",\"caption\":\"CurlsForYou\"},\"image\":{\"@id\":\"https:\/\/curlsforyou.dk\/#\/schema\/logo\/image\/\"},\"sameAs\":[\"https:\/\/www.facebook.com\/curlsforyou\",\"https:\/\/www.instagram.com\/curlsforyou.dk\/\"]}]}<\/script>\n<!-- \/ Yoast SEO plugin. -->","yoast_head_json":{"title":"As I Am - Dry & Itchy CoWash: Lindrer kl\u00f8e og sk\u00e6l | CurlsForYou.dk","description":"Pleje og fugt til h\u00e5r og hovedbund: Afhj\u00e6lper sk\u00e6l og kl\u00f8e i en irriteret hovedbund. Kan anvendes til Curly Girl-metoden","robots":{"index":"index","follow":"follow","max-snippet":"max-snippet:-1","max-image-preview":"max-image-preview:large","max-video-preview":"max-video-preview:-1"},"canonical":"https:\/\/curlsforyou.dk\/se\/product\/as-i-am-dry-itchy-cowash\/","og_locale":"sv_SE","og_type":"article","og_title":"As I Am - Dry & Itchy CoWash: Lindrer kl\u00f8e og sk\u00e6l | CurlsForYou.dk","og_description":"Pleje og fugt til h\u00e5r og hovedbund: Afhj\u00e6lper sk\u00e6l og kl\u00f8e i en irriteret hovedbund. Kan anvendes til Curly Girl-metoden","og_url":"https:\/\/curlsforyou.dk\/se\/product\/as-i-am-dry-itchy-cowash\/","article_publisher":"https:\/\/www.facebook.com\/curlsforyou","article_modified_time":"2026-03-31T08:52:00+00:00","og_image":[{"width":800,"height":800,"url":"https:\/\/curlsforyou.dk\/app\/uploads\/2020\/05\/1-1.png","type":"image\/png"}],"twitter_card":"summary_large_image","twitter_misc":{"Ber\u00e4knad l\u00e4stid":"2 minuter"},"schema":{"@context":"https:\/\/schema.org","@graph":[{"@type":"WebPage","@id":"https:\/\/curlsforyou.dk\/vare\/as-i-am-dry-itchy-cowash\/","url":"https:\/\/curlsforyou.dk\/vare\/as-i-am-dry-itchy-cowash\/","name":"As I Am - Dry & Itchy CoWash: Lindrer kl\u00f8e og sk\u00e6l | CurlsForYou.dk","isPartOf":{"@id":"https:\/\/curlsforyou.dk\/#website"},"primaryImageOfPage":{"@id":"https:\/\/curlsforyou.dk\/vare\/as-i-am-dry-itchy-cowash\/#primaryimage"},"image":{"@id":"https:\/\/curlsforyou.dk\/vare\/as-i-am-dry-itchy-cowash\/#primaryimage"},"thumbnailUrl":"https:\/\/curlsforyou.dk\/app\/uploads\/2020\/05\/1-1.png","datePublished":"2020-05-19T20:09:35+00:00","dateModified":"2026-03-31T08:52:00+00:00","description":"Pleje og fugt til h\u00e5r og hovedbund: Afhj\u00e6lper sk\u00e6l og kl\u00f8e i en irriteret hovedbund. Kan anvendes til Curly Girl-metoden","breadcrumb":{"@id":"https:\/\/curlsforyou.dk\/vare\/as-i-am-dry-itchy-cowash\/#breadcrumb"},"inLanguage":"sv-SE","potentialAction":[{"@type":"ReadAction","target":["https:\/\/curlsforyou.dk\/vare\/as-i-am-dry-itchy-cowash\/"]}]},{"@type":"ImageObject","inLanguage":"sv-SE","@id":"https:\/\/curlsforyou.dk\/vare\/as-i-am-dry-itchy-cowash\/#primaryimage","url":"https:\/\/curlsforyou.dk\/app\/uploads\/2020\/05\/1-1.png","contentUrl":"https:\/\/curlsforyou.dk\/app\/uploads\/2020\/05\/1-1.png","width":800,"height":800,"caption":"As I Am - Dry & Itchy CoWash"},{"@type":"BreadcrumbList","@id":"https:\/\/curlsforyou.dk\/vare\/as-i-am-dry-itchy-cowash\/#breadcrumb","itemListElement":[{"@type":"ListItem","position":1,"name":"Hjem","item":"https:\/\/curlsforyou.dk\/"},{"@type":"ListItem","position":2,"name":"Shop","item":"https:\/\/curlsforyou.dk\/shop\/"},{"@type":"ListItem","position":3,"name":"As I Am &#8211; Dry &#038; Itchy CoWash"}]},{"@type":"WebSite","@id":"https:\/\/curlsforyou.dk\/#website","url":"https:\/\/curlsforyou.dk\/","name":"","description":"","publisher":{"@id":"https:\/\/curlsforyou.dk\/#organization"},"potentialAction":[{"@type":"SearchAction","target":{"@type":"EntryPoint","urlTemplate":"https:\/\/curlsforyou.dk\/?s={search_term_string}"},"query-input":{"@type":"PropertyValueSpecification","valueRequired":true,"valueName":"search_term_string"}}],"inLanguage":"sv-SE"},{"@type":"Organization","@id":"https:\/\/curlsforyou.dk\/#organization","name":"CurlsForYou","url":"https:\/\/curlsforyou.dk\/","logo":{"@type":"ImageObject","inLanguage":"sv-SE","@id":"https:\/\/curlsforyou.dk\/#\/schema\/logo\/image\/","url":"","contentUrl":"","caption":"CurlsForYou"},"image":{"@id":"https:\/\/curlsforyou.dk\/#\/schema\/logo\/image\/"},"sameAs":["https:\/\/www.facebook.com\/curlsforyou","https:\/\/www.instagram.com\/curlsforyou.dk\/"]}]}},"brands":[{"id":183,"name":"Dry &amp; Itchy Scalp Care","slug":"dry-itchy"}],"_links":{"self":[{"href":"https:\/\/curlsforyou.dk\/se\/wp-json\/wp\/v2\/product\/21551","targetHints":{"allow":["GET"]}}],"collection":[{"href":"https:\/\/curlsforyou.dk\/se\/wp-json\/wp\/v2\/product"}],"about":[{"href":"https:\/\/curlsforyou.dk\/se\/wp-json\/wp\/v2\/types\/product"}],"replies":[{"embeddable":true,"href":"https:\/\/curlsforyou.dk\/se\/wp-json\/wp\/v2\/comments?post=21551"}],"version-history":[{"count":0,"href":"https:\/\/curlsforyou.dk\/se\/wp-json\/wp\/v2\/product\/21551\/revisions"}],"wp:featuredmedia":[{"embeddable":true,"href":"https:\/\/curlsforyou.dk\/se\/wp-json\/wp\/v2\/media\/96368"}],"wp:attachment":[{"href":"https:\/\/curlsforyou.dk\/se\/wp-json\/wp\/v2\/media?parent=21551"}],"wp:term":[{"taxonomy":"pwb-brand","embeddable":true,"href":"https:\/\/curlsforyou.dk\/se\/wp-json\/wp\/v2\/pwb-brand?post=21551"},{"taxonomy":"product_brand","embeddable":true,"href":"https:\/\/curlsforyou.dk\/se\/wp-json\/wp\/v2\/product_brand?post=21551"},{"taxonomy":"product_cat","embeddable":true,"href":"https:\/\/curlsforyou.dk\/se\/wp-json\/wp\/v2\/product_cat?post=21551"},{"taxonomy":"product_tag","embeddable":true,"href":"https:\/\/curlsforyou.dk\/se\/wp-json\/wp\/v2\/product_tag?post=21551"},{"taxonomy":"giftcard-category","embeddable":true,"href":"https:\/\/curlsforyou.dk\/se\/wp-json\/wp\/v2\/giftcard-category?post=21551"}],"curies":[{"name":"wp","href":"https:\/\/api.w.org\/{rel}","templated":true}]}}