{"id":21496,"date":"2020-05-20T10:33:08","date_gmt":"2020-05-20T08:33:08","guid":{"rendered":"https:\/\/curlsforyou.dk\/?post_type=product&#038;p=21496"},"modified":"2026-04-12T02:02:23","modified_gmt":"2026-04-12T00:02:23","slug":"curls-coconut-curlada-conditioner","status":"publish","type":"product","link":"https:\/\/curlsforyou.dk\/se\/product\/curls-coconut-curlada-conditioner\/","title":{"rendered":"Curls &#8211; Coconut CURLada Conditioner"},"content":{"rendered":"<p>F\u00f8les dit h\u00e5r t\u00f8rt og n\u00e6rmest h\u00e5rdt? S\u00e5 har du med stor sandsynlighed brug for en fugtgivende plejebalsam. Her er Curls &#8211; Coconut CURLada Conditioner et rigtig godt bud p\u00e5 et h\u00e5rprodukt, som tilf\u00f8jer masser af n\u00e6ring og k\u00e6rlighed til dit h\u00e5r. Denne balsam giver dine kr\u00f8ller al den fugt, som de har brug for.<\/p>\n<p>Hvis du er i tvivl om, hvorvidt dit h\u00e5r tr\u00e6nger til fugt eller protein, kan du med fordel lave <a href=\"https:\/\/curlsforyou.dk\/se\/curly-girl-metoden\/hvad-mangler-mit-haar\/\">str\u00e4cktestet<\/a>, der g\u00f8r dig klogere p\u00e5, hvad dit h\u00e5r mangler.<\/p>\n<p>Med denne plejebalsam kan du v\u00e6re sikker p\u00e5 at g\u00f8re noget godt for dine kr\u00f8ller. Den indeholder blandt andet n\u00e6rende kokosolie, blomsterekstrakt og andre \u00f8kologiske ingredienser, der tilf\u00f8rer en s\u00e6rlig lethed til h\u00e5ret. Hvis du ikke vil g\u00e5 p\u00e5 kompromis med din h\u00e5rplejerutine, kan du med fordel shoppe Curls &#8211; Coconut CURLada Conditioner allerede i dag.<\/p>\n<p>Balsammen bl\u00f8dg\u00f8r, fugter og hydrerer dine t\u00f8rre kr\u00f8ller helt i bunden. Du vil derfor se et \u00f8jeblikkeligt resultat, n\u00e5r du bruger Curls &#8211; Coconut CURLada Conditioner. Det skyldes blandt andet, at Curls arbejder med st\u00e6rke principper som kvalitet og integritet, hvilket er din garanti for et h\u00e5rprodukt i s\u00e6rklasse.<\/p>\n<p>N\u00e5r du shopper produkter fra <a href=\"https:\/\/curlsforyou.dk\/se\/brand\/curls\/\">Curls<\/a>, kan du altid v\u00e6re sikker p\u00e5 at f\u00e5 h\u00e5rpleje af h\u00f8j kvalitet. Siden 2002 har brandet nemlig fremstillet h\u00e5rprodukter til kr\u00f8ller, og i dag har kvinder over det meste af verden forelsket sig i de eksklusive produkter.<\/p>\n<h2>S\u00e5dan bruger du Curls &#8211; Coconut CURLada Conditioner<\/h2>\n<p>Denne balsam er en plejebalsam, hvilket vil sige, at produktet skal skylles ud efter brug. I mods\u00e6tning hertil skal en low-poo balsam blive siddende i h\u00e5ret. Fordel Curls &#8211; Coconut CURLada Conditioner i h\u00e6nderne, inden du p\u00e5f\u00f8rer det i h\u00e5rets l\u00e6ngder. S\u00f8rg for at fordele balsammen grundigt for at f\u00e5 det bedste resultat.<\/p>\n<p>Curls &#8211; Coconut CURLada Conditioner er en effektiv balsam, der plejer h\u00e5ret, s\u00e5 det bliver nemmere at rede igennem. Derudover tilf\u00f8rer produktet en masse fugt til h\u00e5ret, hvilket er s\u00e6rligt vigtigt, n\u00e5r du vil bevare styrken i dine kr\u00f8ller.<\/p>","protected":false},"excerpt":{"rendered":"<ul>\n<li>En fugtgivende og luksuri\u00f8s plejebalsam<\/li>\n<li>Tilf\u00f8rer lethed til kr\u00f8llet h\u00e5r<\/li>\n<li>Bl\u00f8dg\u00f8r, l\u00f8sner og fugter h\u00e5ret<\/li>\n<li>Indeholder fugt og protein<\/li>\n<li>Fyldt med \u00f8kologiske ingredienser<\/li>\n<li>St\u00f8rrelse: 240 ml<\/li>\n<\/ul>","protected":false},"featured_media":21634,"comment_status":"open","ping_status":"closed","template":"","meta":[],"pwb-brand":[185],"product_brand":[],"product_cat":[138],"product_tag":[275,92],"giftcard-category":[],"class_list":{"0":"post-21496","1":"product","2":"type-product","3":"status-publish","4":"has-post-thumbnail","6":"pwb-brand-retail-collection","7":"product_cat-plejebalsam","8":"product_tag-glycerin-fri","9":"product_tag-protein","11":"first","12":"instock","13":"taxable","14":"shipping-taxable","15":"purchasable","16":"product-type-simple"},"bundled_by":[],"bundle_stock_status":"instock","bundle_stock_quantity":10,"bundle_virtual":false,"bundle_layout":"","bundle_add_to_cart_form_location":"","bundle_editable_in_cart":false,"bundle_sold_individually_context":"","bundle_item_grouping":"","bundle_min_size":"","bundle_max_size":"","bundle_price":[],"bundled_items":[],"bundle_sell_ids":[],"supplier_id":null,"supplier_sku":"","barcode":null,"atum_controlled":true,"out_stock_date":null,"out_stock_threshold":null,"inheritable":false,"inbound_stock":0,"stock_on_hold":0,"sold_today":0,"sales_last_days":0,"reserved_stock":0,"customer_returns":0,"warehouse_damage":0,"lost_in_post":0,"other_logs":0,"out_stock_days":0,"lost_sales":0,"has_location":false,"update_date":"2026-05-08T11:20:00","atum_locations":[],"atum_stock_status":"instock","restock_status":false,"low_stock_amount":"","sales_update_date":"2026-05-08T11:20:00","calc_backorders":null,"yoast_head":"<!-- This site is optimized with the Yoast SEO plugin v25.6 - https:\/\/yoast.com\/wordpress\/plugins\/seo\/ -->\n<title>Curls - Coconut CURLada Conditioner | Plejebalsam | Curlsforyou.dk<\/title>\n<meta name=\"description\" content=\"P\u00e5 udkig efter en fugtgivende plejebalsam til kr\u00f8ller? S\u00e5 tjek Curls - Coconut CURLada Conditioner ud hos CurlsForYou.\" \/>\n<meta name=\"robots\" content=\"index, follow, max-snippet:-1, max-image-preview:large, max-video-preview:-1\" \/>\n<link rel=\"canonical\" href=\"https:\/\/curlsforyou.dk\/se\/product\/curls-coconut-curlada-conditioner\/\" \/>\n<meta property=\"og:locale\" content=\"sv_SE\" \/>\n<meta property=\"og:type\" content=\"article\" \/>\n<meta property=\"og:title\" content=\"Curls - Coconut CURLada Conditioner | Plejebalsam | Curlsforyou.dk\" \/>\n<meta property=\"og:description\" content=\"P\u00e5 udkig efter en fugtgivende plejebalsam til kr\u00f8ller? S\u00e5 tjek Curls - Coconut CURLada Conditioner ud hos CurlsForYou.\" \/>\n<meta property=\"og:url\" content=\"https:\/\/curlsforyou.dk\/se\/product\/curls-coconut-curlada-conditioner\/\" \/>\n<meta property=\"article:publisher\" content=\"https:\/\/www.facebook.com\/curlsforyou\" \/>\n<meta property=\"article:modified_time\" content=\"2026-04-12T00:02:23+00:00\" \/>\n<meta property=\"og:image\" content=\"https:\/\/curlsforyou.dk\/app\/uploads\/2020\/05\/Curls-Retail-Collection-Coconut-Curlada-Conditioner-800x800-1.jpg\" \/>\n\t<meta property=\"og:image:width\" content=\"800\" \/>\n\t<meta property=\"og:image:height\" content=\"800\" \/>\n\t<meta property=\"og:image:type\" content=\"image\/jpeg\" \/>\n<meta name=\"twitter:card\" content=\"summary_large_image\" \/>\n<meta name=\"twitter:label1\" content=\"Ber\u00e4knad l\u00e4stid\" \/>\n\t<meta name=\"twitter:data1\" content=\"2 minuter\" \/>\n<script type=\"application\/ld+json\" class=\"yoast-schema-graph\">{\"@context\":\"https:\/\/schema.org\",\"@graph\":[{\"@type\":\"WebPage\",\"@id\":\"https:\/\/curlsforyou.dk\/vare\/curls-coconut-curlada-conditioner\/\",\"url\":\"https:\/\/curlsforyou.dk\/vare\/curls-coconut-curlada-conditioner\/\",\"name\":\"Curls - Coconut CURLada Conditioner | Plejebalsam | Curlsforyou.dk\",\"isPartOf\":{\"@id\":\"https:\/\/curlsforyou.dk\/#website\"},\"primaryImageOfPage\":{\"@id\":\"https:\/\/curlsforyou.dk\/vare\/curls-coconut-curlada-conditioner\/#primaryimage\"},\"image\":{\"@id\":\"https:\/\/curlsforyou.dk\/vare\/curls-coconut-curlada-conditioner\/#primaryimage\"},\"thumbnailUrl\":\"https:\/\/curlsforyou.dk\/app\/uploads\/2020\/05\/Curls-Retail-Collection-Coconut-Curlada-Conditioner-800x800-1.jpg\",\"datePublished\":\"2020-05-20T08:33:08+00:00\",\"dateModified\":\"2026-04-12T00:02:23+00:00\",\"description\":\"P\u00e5 udkig efter en fugtgivende plejebalsam til kr\u00f8ller? S\u00e5 tjek Curls - Coconut CURLada Conditioner ud hos CurlsForYou.\",\"breadcrumb\":{\"@id\":\"https:\/\/curlsforyou.dk\/vare\/curls-coconut-curlada-conditioner\/#breadcrumb\"},\"inLanguage\":\"sv-SE\",\"potentialAction\":[{\"@type\":\"ReadAction\",\"target\":[\"https:\/\/curlsforyou.dk\/vare\/curls-coconut-curlada-conditioner\/\"]}]},{\"@type\":\"ImageObject\",\"inLanguage\":\"sv-SE\",\"@id\":\"https:\/\/curlsforyou.dk\/vare\/curls-coconut-curlada-conditioner\/#primaryimage\",\"url\":\"https:\/\/curlsforyou.dk\/app\/uploads\/2020\/05\/Curls-Retail-Collection-Coconut-Curlada-Conditioner-800x800-1.jpg\",\"contentUrl\":\"https:\/\/curlsforyou.dk\/app\/uploads\/2020\/05\/Curls-Retail-Collection-Coconut-Curlada-Conditioner-800x800-1.jpg\",\"width\":800,\"height\":800,\"caption\":\"Coconut Curlade conditioner er en pleje balsam fra Curls kollektionen Retail Collection til salg p\u00e5 www.curlsforyou.dk\"},{\"@type\":\"BreadcrumbList\",\"@id\":\"https:\/\/curlsforyou.dk\/vare\/curls-coconut-curlada-conditioner\/#breadcrumb\",\"itemListElement\":[{\"@type\":\"ListItem\",\"position\":1,\"name\":\"Hjem\",\"item\":\"https:\/\/curlsforyou.dk\/\"},{\"@type\":\"ListItem\",\"position\":2,\"name\":\"Shop\",\"item\":\"https:\/\/curlsforyou.dk\/shop\/\"},{\"@type\":\"ListItem\",\"position\":3,\"name\":\"Curls &#8211; Coconut CURLada Conditioner\"}]},{\"@type\":\"WebSite\",\"@id\":\"https:\/\/curlsforyou.dk\/#website\",\"url\":\"https:\/\/curlsforyou.dk\/\",\"name\":\"\",\"description\":\"\",\"publisher\":{\"@id\":\"https:\/\/curlsforyou.dk\/#organization\"},\"potentialAction\":[{\"@type\":\"SearchAction\",\"target\":{\"@type\":\"EntryPoint\",\"urlTemplate\":\"https:\/\/curlsforyou.dk\/?s={search_term_string}\"},\"query-input\":{\"@type\":\"PropertyValueSpecification\",\"valueRequired\":true,\"valueName\":\"search_term_string\"}}],\"inLanguage\":\"sv-SE\"},{\"@type\":\"Organization\",\"@id\":\"https:\/\/curlsforyou.dk\/#organization\",\"name\":\"CurlsForYou\",\"url\":\"https:\/\/curlsforyou.dk\/\",\"logo\":{\"@type\":\"ImageObject\",\"inLanguage\":\"sv-SE\",\"@id\":\"https:\/\/curlsforyou.dk\/#\/schema\/logo\/image\/\",\"url\":\"\",\"contentUrl\":\"\",\"caption\":\"CurlsForYou\"},\"image\":{\"@id\":\"https:\/\/curlsforyou.dk\/#\/schema\/logo\/image\/\"},\"sameAs\":[\"https:\/\/www.facebook.com\/curlsforyou\",\"https:\/\/www.instagram.com\/curlsforyou.dk\/\"]}]}<\/script>\n<!-- \/ Yoast SEO plugin. -->","yoast_head_json":{"title":"Curls - Coconut CURLada Conditioner | Plejebalsam | Curlsforyou.dk","description":"P\u00e5 udkig efter en fugtgivende plejebalsam til kr\u00f8ller? S\u00e5 tjek Curls - Coconut CURLada Conditioner ud hos CurlsForYou.","robots":{"index":"index","follow":"follow","max-snippet":"max-snippet:-1","max-image-preview":"max-image-preview:large","max-video-preview":"max-video-preview:-1"},"canonical":"https:\/\/curlsforyou.dk\/se\/product\/curls-coconut-curlada-conditioner\/","og_locale":"sv_SE","og_type":"article","og_title":"Curls - Coconut CURLada Conditioner | Plejebalsam | Curlsforyou.dk","og_description":"P\u00e5 udkig efter en fugtgivende plejebalsam til kr\u00f8ller? S\u00e5 tjek Curls - Coconut CURLada Conditioner ud hos CurlsForYou.","og_url":"https:\/\/curlsforyou.dk\/se\/product\/curls-coconut-curlada-conditioner\/","article_publisher":"https:\/\/www.facebook.com\/curlsforyou","article_modified_time":"2026-04-12T00:02:23+00:00","og_image":[{"width":800,"height":800,"url":"https:\/\/curlsforyou.dk\/app\/uploads\/2020\/05\/Curls-Retail-Collection-Coconut-Curlada-Conditioner-800x800-1.jpg","type":"image\/jpeg"}],"twitter_card":"summary_large_image","twitter_misc":{"Ber\u00e4knad l\u00e4stid":"2 minuter"},"schema":{"@context":"https:\/\/schema.org","@graph":[{"@type":"WebPage","@id":"https:\/\/curlsforyou.dk\/vare\/curls-coconut-curlada-conditioner\/","url":"https:\/\/curlsforyou.dk\/vare\/curls-coconut-curlada-conditioner\/","name":"Curls - Coconut CURLada Conditioner | Plejebalsam | Curlsforyou.dk","isPartOf":{"@id":"https:\/\/curlsforyou.dk\/#website"},"primaryImageOfPage":{"@id":"https:\/\/curlsforyou.dk\/vare\/curls-coconut-curlada-conditioner\/#primaryimage"},"image":{"@id":"https:\/\/curlsforyou.dk\/vare\/curls-coconut-curlada-conditioner\/#primaryimage"},"thumbnailUrl":"https:\/\/curlsforyou.dk\/app\/uploads\/2020\/05\/Curls-Retail-Collection-Coconut-Curlada-Conditioner-800x800-1.jpg","datePublished":"2020-05-20T08:33:08+00:00","dateModified":"2026-04-12T00:02:23+00:00","description":"P\u00e5 udkig efter en fugtgivende plejebalsam til kr\u00f8ller? S\u00e5 tjek Curls - Coconut CURLada Conditioner ud hos CurlsForYou.","breadcrumb":{"@id":"https:\/\/curlsforyou.dk\/vare\/curls-coconut-curlada-conditioner\/#breadcrumb"},"inLanguage":"sv-SE","potentialAction":[{"@type":"ReadAction","target":["https:\/\/curlsforyou.dk\/vare\/curls-coconut-curlada-conditioner\/"]}]},{"@type":"ImageObject","inLanguage":"sv-SE","@id":"https:\/\/curlsforyou.dk\/vare\/curls-coconut-curlada-conditioner\/#primaryimage","url":"https:\/\/curlsforyou.dk\/app\/uploads\/2020\/05\/Curls-Retail-Collection-Coconut-Curlada-Conditioner-800x800-1.jpg","contentUrl":"https:\/\/curlsforyou.dk\/app\/uploads\/2020\/05\/Curls-Retail-Collection-Coconut-Curlada-Conditioner-800x800-1.jpg","width":800,"height":800,"caption":"Coconut Curlade conditioner er en pleje balsam fra Curls kollektionen Retail Collection til salg p\u00e5 www.curlsforyou.dk"},{"@type":"BreadcrumbList","@id":"https:\/\/curlsforyou.dk\/vare\/curls-coconut-curlada-conditioner\/#breadcrumb","itemListElement":[{"@type":"ListItem","position":1,"name":"Hjem","item":"https:\/\/curlsforyou.dk\/"},{"@type":"ListItem","position":2,"name":"Shop","item":"https:\/\/curlsforyou.dk\/shop\/"},{"@type":"ListItem","position":3,"name":"Curls &#8211; Coconut CURLada Conditioner"}]},{"@type":"WebSite","@id":"https:\/\/curlsforyou.dk\/#website","url":"https:\/\/curlsforyou.dk\/","name":"","description":"","publisher":{"@id":"https:\/\/curlsforyou.dk\/#organization"},"potentialAction":[{"@type":"SearchAction","target":{"@type":"EntryPoint","urlTemplate":"https:\/\/curlsforyou.dk\/?s={search_term_string}"},"query-input":{"@type":"PropertyValueSpecification","valueRequired":true,"valueName":"search_term_string"}}],"inLanguage":"sv-SE"},{"@type":"Organization","@id":"https:\/\/curlsforyou.dk\/#organization","name":"CurlsForYou","url":"https:\/\/curlsforyou.dk\/","logo":{"@type":"ImageObject","inLanguage":"sv-SE","@id":"https:\/\/curlsforyou.dk\/#\/schema\/logo\/image\/","url":"","contentUrl":"","caption":"CurlsForYou"},"image":{"@id":"https:\/\/curlsforyou.dk\/#\/schema\/logo\/image\/"},"sameAs":["https:\/\/www.facebook.com\/curlsforyou","https:\/\/www.instagram.com\/curlsforyou.dk\/"]}]}},"brands":[{"id":185,"name":"Retail Collection","slug":"retail-collection"}],"_links":{"self":[{"href":"https:\/\/curlsforyou.dk\/se\/wp-json\/wp\/v2\/product\/21496","targetHints":{"allow":["GET"]}}],"collection":[{"href":"https:\/\/curlsforyou.dk\/se\/wp-json\/wp\/v2\/product"}],"about":[{"href":"https:\/\/curlsforyou.dk\/se\/wp-json\/wp\/v2\/types\/product"}],"replies":[{"embeddable":true,"href":"https:\/\/curlsforyou.dk\/se\/wp-json\/wp\/v2\/comments?post=21496"}],"version-history":[{"count":0,"href":"https:\/\/curlsforyou.dk\/se\/wp-json\/wp\/v2\/product\/21496\/revisions"}],"wp:featuredmedia":[{"embeddable":true,"href":"https:\/\/curlsforyou.dk\/se\/wp-json\/wp\/v2\/media\/21634"}],"wp:attachment":[{"href":"https:\/\/curlsforyou.dk\/se\/wp-json\/wp\/v2\/media?parent=21496"}],"wp:term":[{"taxonomy":"pwb-brand","embeddable":true,"href":"https:\/\/curlsforyou.dk\/se\/wp-json\/wp\/v2\/pwb-brand?post=21496"},{"taxonomy":"product_brand","embeddable":true,"href":"https:\/\/curlsforyou.dk\/se\/wp-json\/wp\/v2\/product_brand?post=21496"},{"taxonomy":"product_cat","embeddable":true,"href":"https:\/\/curlsforyou.dk\/se\/wp-json\/wp\/v2\/product_cat?post=21496"},{"taxonomy":"product_tag","embeddable":true,"href":"https:\/\/curlsforyou.dk\/se\/wp-json\/wp\/v2\/product_tag?post=21496"},{"taxonomy":"giftcard-category","embeddable":true,"href":"https:\/\/curlsforyou.dk\/se\/wp-json\/wp\/v2\/giftcard-category?post=21496"}],"curies":[{"name":"wp","href":"https:\/\/api.w.org\/{rel}","templated":true}]}}