{"id":19637,"date":"2020-03-19T21:23:52","date_gmt":"2020-03-19T20:23:52","guid":{"rendered":"https:\/\/curlsforyou.dk\/?post_type=product&#038;p=19637"},"modified":"2026-04-25T00:20:11","modified_gmt":"2026-04-24T22:20:11","slug":"curlsforyou-silicone-hair-and-scalp-massager","status":"publish","type":"product","link":"https:\/\/curlsforyou.dk\/se\/product\/curlsforyou-silicone-hair-and-scalp-massager\/","title":{"rendered":"CurlsForYou &#8211; Silicone Hair and Scalp Massager"},"content":{"rendered":"<p>En bra h\u00e5rbottenmassage \u00e4r n\u00e5got f\u00e5 m\u00e4nniskor kommer att s\u00e4ga nej till. Med Silicone Hair and Scalp Massager f\u00e5r du en produkt som ger dig en uts\u00f6kt massage f\u00f6r b\u00e5de h\u00e5rbotten och h\u00e5ret. Den \u00e4r skapad i en praktisk och smart ergonomisk design som passar perfekt i handflatan och g\u00f6r den l\u00e4tt att h\u00e5lla.<\/p>\n<p>Du kan anv\u00e4nda Silicone Hair and Scalp Massager fr\u00e5n CurlsForYou i kombination med en bra olja som du masserar in i h\u00e5ret. En bra oljebehandling \u00e4r effektiv som f\u00f6rebyggande mot torr och kliande h\u00e5rbotten. Vill du veta mer om vad du kan g\u00f6ra om du lider av en irriterad h\u00e5rbotten? D\u00e5 kan du l\u00e4sa med <a href=\"https:\/\/curlsforyou.dk\/se\/curly-girl-metoden\/toer-og-kloeende-hovedbund-her-er-5-gode-raad-til-at-undgaa-praecis-dette\/\">h\u00e4r<\/a>, d\u00e4r du f\u00e5r fem tips.<\/p>\n<p>Om du saknar inspiration f\u00f6r bra oljor utan skadliga ingredienser, kan du hitta ett brett urval hos oss. Kontrollera till exempel oljan <a href=\"https:\/\/curlsforyou.dk\/se\/product\/righteous-roots-rx-oil\/\">RX -olja fr\u00e5n Rightly Roots<\/a> ut. Det \u00e4r en olja i bra kvalitet och med flera bra funktioner f\u00f6r ditt h\u00e5r.<\/p>\n<p>Du kan ocks\u00e5 anv\u00e4nda den f\u00f6r att massera h\u00e5rbotten n\u00e4r du tv\u00e4ttar h\u00e5ret med ett schampo med l\u00e5g poo \/ sulfat. Du kan hitta ett stort urval av l\u00e5gt schampo p\u00e5 v\u00e5r webbplats. Se till exempel <a href=\"https:\/\/curlsforyou.dk\/se\/product\/innersense-hydrating-cream-hairbath\/\">Hydrating Cream Hairbath fr\u00e5n Innersense,<\/a> som \u00e4r ett utm\u00e4rkt fuktgivande schampo i h\u00f6g kvalitet som passar dig med tjockt och lockigt h\u00e5r.<\/p>\n<p>Med Scalp Massager fr\u00e4mjar du din h\u00e5rv\u00e4xt genom blodcirkulationen. Samtidigt \u00f6kar det h\u00e5rbotten och h\u00e5rets vitalitet. Den passar dig som beh\u00f6ver en v\u00e5rdande massage som ger h\u00e5ret liv och ny energi, eller f\u00f6r dig som bara vill ha en extra bortsk\u00e4mdhet. Du kan hitta Scalp Massager p\u00e5 CurlsForYou till ett riktigt rimligt pris. Vi str\u00e4var alltid efter att erbjuda v\u00e5ra kunder konkurrenskraftiga priser p\u00e5 v\u00e5ra produkter.<\/p>\n<p>Oavsett om du anv\u00e4nder Scalp Massager som bortsk\u00e4mning f\u00f6r h\u00e5rbotten eller i kombination med andra produkter, \u00e4r du garanterad b\u00e5de en omt\u00e4nksam och trevlig upplevelse. Om du v\u00e4ljer att kombinera med andra produkter, se till att produkterna \u00e4r fria fr\u00e5n skadliga ingredienser f\u00f6r lockar. P\u00e5 CurlyForYou s\u00e4ljer vi produkter som \u00e4r baserade p\u00e5 Curly Girl -metoden. H\u00e4r undviker du skadliga ingredienser som silikon och alkohol som torkar h\u00e5ret. Vill du l\u00e4ra dig \u00e4nnu mer om metoden? D\u00e5 kan du se v\u00e5r recension direkt <a href=\"https:\/\/curlsforyou.dk\/se\/curly-girl-metoden\/curly-girl-metoden\/\">h\u00e4r.<\/a><\/p>","protected":false},"excerpt":{"rendered":"<ul>\n<li>Sk\u00e4m bort din h\u00e5rbotten<\/li>\n<li>Ergonomisk design<\/li>\n<li>Fr\u00e4mjar h\u00e5rv\u00e4xt genom blodcirkulationen<\/li>\n<li>Bra i kombination med oljebehandling<\/li>\n<li>Vacker och praktisk design<\/li>\n<\/ul>","protected":false},"featured_media":19639,"comment_status":"open","ping_status":"closed","template":"","meta":[],"pwb-brand":[168],"product_brand":[],"product_cat":[143],"product_tag":[],"giftcard-category":[],"class_list":{"0":"post-19637","1":"product","2":"type-product","3":"status-publish","4":"has-post-thumbnail","6":"pwb-brand-curlsforyou","7":"product_cat-kamme-og-hovedbundsmassagere","9":"first","10":"instock","11":"taxable","12":"shipping-taxable","13":"purchasable","14":"product-type-simple"},"bundled_by":[],"bundle_stock_status":"instock","bundle_stock_quantity":153,"bundle_virtual":false,"bundle_layout":"","bundle_add_to_cart_form_location":"","bundle_editable_in_cart":false,"bundle_sold_individually_context":"","bundle_item_grouping":"","bundle_min_size":"","bundle_max_size":"","bundle_price":[],"bundled_items":[],"bundle_sell_ids":[],"supplier_id":null,"supplier_sku":"","barcode":null,"atum_controlled":true,"out_stock_date":null,"out_stock_threshold":null,"inheritable":false,"inbound_stock":0,"stock_on_hold":0,"sold_today":0,"sales_last_days":1,"reserved_stock":0,"customer_returns":0,"warehouse_damage":0,"lost_in_post":0,"other_logs":0,"out_stock_days":0,"lost_sales":0,"has_location":false,"update_date":"2026-04-28T11:10:45","atum_locations":[],"atum_stock_status":"instock","restock_status":false,"low_stock_amount":50,"sales_update_date":"2026-04-28T11:10:44","calc_backorders":null,"yoast_head":"<!-- This site is optimized with the Yoast SEO plugin v25.6 - https:\/\/yoast.com\/wordpress\/plugins\/seo\/ -->\n<title>CurlsForYou | Silicone Hair and Scalp Massager | CurlsForYou.dk<\/title>\n<meta name=\"description\" content=\"Fork\u00e6l din hovedhund med en god massage. Find Silicone Hair and Scalp Massager p\u00e5 CurlsForYou.dk\" \/>\n<meta name=\"robots\" content=\"index, follow, max-snippet:-1, max-image-preview:large, max-video-preview:-1\" \/>\n<link rel=\"canonical\" href=\"https:\/\/curlsforyou.dk\/se\/product\/curlsforyou-silicone-hair-and-scalp-massager\/\" \/>\n<meta property=\"og:locale\" content=\"sv_SE\" \/>\n<meta property=\"og:type\" content=\"article\" \/>\n<meta property=\"og:title\" content=\"CurlsForYou | Silicone Hair and Scalp Massager | CurlsForYou.dk\" \/>\n<meta property=\"og:description\" content=\"Fork\u00e6l din hovedhund med en god massage. Find Silicone Hair and Scalp Massager p\u00e5 CurlsForYou.dk\" \/>\n<meta property=\"og:url\" content=\"https:\/\/curlsforyou.dk\/se\/product\/curlsforyou-silicone-hair-and-scalp-massager\/\" \/>\n<meta property=\"article:publisher\" content=\"https:\/\/www.facebook.com\/curlsforyou\" \/>\n<meta property=\"article:modified_time\" content=\"2026-04-24T22:20:11+00:00\" \/>\n<meta property=\"og:image\" content=\"https:\/\/curlsforyou.dk\/app\/uploads\/2020\/03\/CurlsForYou-Scalp-Massager.jpg\" \/>\n\t<meta property=\"og:image:width\" content=\"800\" \/>\n\t<meta property=\"og:image:height\" content=\"800\" \/>\n\t<meta property=\"og:image:type\" content=\"image\/jpeg\" \/>\n<meta name=\"twitter:card\" content=\"summary_large_image\" \/>\n<meta name=\"twitter:label1\" content=\"Ber\u00e4knad l\u00e4stid\" \/>\n\t<meta name=\"twitter:data1\" content=\"3 minuter\" \/>\n<script type=\"application\/ld+json\" class=\"yoast-schema-graph\">{\"@context\":\"https:\/\/schema.org\",\"@graph\":[{\"@type\":\"WebPage\",\"@id\":\"https:\/\/curlsforyou.dk\/vare\/curlsforyou-silicone-hair-and-scalp-massager\/\",\"url\":\"https:\/\/curlsforyou.dk\/vare\/curlsforyou-silicone-hair-and-scalp-massager\/\",\"name\":\"CurlsForYou | Silicone Hair and Scalp Massager | CurlsForYou.dk\",\"isPartOf\":{\"@id\":\"https:\/\/curlsforyou.dk\/#website\"},\"primaryImageOfPage\":{\"@id\":\"https:\/\/curlsforyou.dk\/vare\/curlsforyou-silicone-hair-and-scalp-massager\/#primaryimage\"},\"image\":{\"@id\":\"https:\/\/curlsforyou.dk\/vare\/curlsforyou-silicone-hair-and-scalp-massager\/#primaryimage\"},\"thumbnailUrl\":\"https:\/\/curlsforyou.dk\/app\/uploads\/2020\/03\/CurlsForYou-Scalp-Massager.jpg\",\"datePublished\":\"2020-03-19T20:23:52+00:00\",\"dateModified\":\"2026-04-24T22:20:11+00:00\",\"description\":\"Fork\u00e6l din hovedhund med en god massage. Find Silicone Hair and Scalp Massager p\u00e5 CurlsForYou.dk\",\"breadcrumb\":{\"@id\":\"https:\/\/curlsforyou.dk\/vare\/curlsforyou-silicone-hair-and-scalp-massager\/#breadcrumb\"},\"inLanguage\":\"sv-SE\",\"potentialAction\":[{\"@type\":\"ReadAction\",\"target\":[\"https:\/\/curlsforyou.dk\/vare\/curlsforyou-silicone-hair-and-scalp-massager\/\"]}]},{\"@type\":\"ImageObject\",\"inLanguage\":\"sv-SE\",\"@id\":\"https:\/\/curlsforyou.dk\/vare\/curlsforyou-silicone-hair-and-scalp-massager\/#primaryimage\",\"url\":\"https:\/\/curlsforyou.dk\/app\/uploads\/2020\/03\/CurlsForYou-Scalp-Massager.jpg\",\"contentUrl\":\"https:\/\/curlsforyou.dk\/app\/uploads\/2020\/03\/CurlsForYou-Scalp-Massager.jpg\",\"width\":800,\"height\":800,\"caption\":\"H\u00e5r og hovedbundsmassager curly girl godkendte produkter forhandles ved www.CurlsForYou.dk din curly girl shop\"},{\"@type\":\"BreadcrumbList\",\"@id\":\"https:\/\/curlsforyou.dk\/vare\/curlsforyou-silicone-hair-and-scalp-massager\/#breadcrumb\",\"itemListElement\":[{\"@type\":\"ListItem\",\"position\":1,\"name\":\"Hjem\",\"item\":\"https:\/\/curlsforyou.dk\/\"},{\"@type\":\"ListItem\",\"position\":2,\"name\":\"Shop\",\"item\":\"https:\/\/curlsforyou.dk\/shop\/\"},{\"@type\":\"ListItem\",\"position\":3,\"name\":\"CurlsForYou &#8211; Silicone Hair and Scalp Massager\"}]},{\"@type\":\"WebSite\",\"@id\":\"https:\/\/curlsforyou.dk\/#website\",\"url\":\"https:\/\/curlsforyou.dk\/\",\"name\":\"\",\"description\":\"\",\"publisher\":{\"@id\":\"https:\/\/curlsforyou.dk\/#organization\"},\"potentialAction\":[{\"@type\":\"SearchAction\",\"target\":{\"@type\":\"EntryPoint\",\"urlTemplate\":\"https:\/\/curlsforyou.dk\/?s={search_term_string}\"},\"query-input\":{\"@type\":\"PropertyValueSpecification\",\"valueRequired\":true,\"valueName\":\"search_term_string\"}}],\"inLanguage\":\"sv-SE\"},{\"@type\":\"Organization\",\"@id\":\"https:\/\/curlsforyou.dk\/#organization\",\"name\":\"CurlsForYou\",\"url\":\"https:\/\/curlsforyou.dk\/\",\"logo\":{\"@type\":\"ImageObject\",\"inLanguage\":\"sv-SE\",\"@id\":\"https:\/\/curlsforyou.dk\/#\/schema\/logo\/image\/\",\"url\":\"\",\"contentUrl\":\"\",\"caption\":\"CurlsForYou\"},\"image\":{\"@id\":\"https:\/\/curlsforyou.dk\/#\/schema\/logo\/image\/\"},\"sameAs\":[\"https:\/\/www.facebook.com\/curlsforyou\",\"https:\/\/www.instagram.com\/curlsforyou.dk\/\"]}]}<\/script>\n<!-- \/ Yoast SEO plugin. -->","yoast_head_json":{"title":"CurlsForYou | Silikonh\u00e5r och h\u00e5rbottenmassage | CurlsForYou.dk","description":"Sk\u00e4m bort din huvudhund med en bra massage. Hitta silikonh\u00e5r- och h\u00e5rbottenmassagerare p\u00e5 CurlsForYou.dk","robots":{"index":"index","follow":"follow","max-snippet":"max-snippet:-1","max-image-preview":"max-image-preview:large","max-video-preview":"max-video-preview:-1"},"canonical":"https:\/\/curlsforyou.dk\/se\/product\/curlsforyou-silicone-hair-and-scalp-massager\/","og_locale":"sv_SE","og_type":"article","og_title":"CurlsForYou | Silicone Hair and Scalp Massager | CurlsForYou.dk","og_description":"Fork\u00e6l din hovedhund med en god massage. Find Silicone Hair and Scalp Massager p\u00e5 CurlsForYou.dk","og_url":"https:\/\/curlsforyou.dk\/se\/product\/curlsforyou-silicone-hair-and-scalp-massager\/","article_publisher":"https:\/\/www.facebook.com\/curlsforyou","article_modified_time":"2026-04-24T22:20:11+00:00","og_image":[{"width":800,"height":800,"url":"https:\/\/curlsforyou.dk\/app\/uploads\/2020\/03\/CurlsForYou-Scalp-Massager.jpg","type":"image\/jpeg"}],"twitter_card":"summary_large_image","twitter_misc":{"Ber\u00e4knad l\u00e4stid":"3 minuter"},"schema":{"@context":"https:\/\/schema.org","@graph":[{"@type":"WebPage","@id":"https:\/\/curlsforyou.dk\/vare\/curlsforyou-silicone-hair-and-scalp-massager\/","url":"https:\/\/curlsforyou.dk\/vare\/curlsforyou-silicone-hair-and-scalp-massager\/","name":"CurlsForYou | Silikonh\u00e5r och h\u00e5rbottenmassage | CurlsForYou.dk","isPartOf":{"@id":"https:\/\/curlsforyou.dk\/#website"},"primaryImageOfPage":{"@id":"https:\/\/curlsforyou.dk\/vare\/curlsforyou-silicone-hair-and-scalp-massager\/#primaryimage"},"image":{"@id":"https:\/\/curlsforyou.dk\/vare\/curlsforyou-silicone-hair-and-scalp-massager\/#primaryimage"},"thumbnailUrl":"https:\/\/curlsforyou.dk\/app\/uploads\/2020\/03\/CurlsForYou-Scalp-Massager.jpg","datePublished":"2020-03-19T20:23:52+00:00","dateModified":"2026-04-24T22:20:11+00:00","description":"Sk\u00e4m bort din huvudhund med en bra massage. Hitta silikonh\u00e5r- och h\u00e5rbottenmassagerare p\u00e5 CurlsForYou.dk","breadcrumb":{"@id":"https:\/\/curlsforyou.dk\/vare\/curlsforyou-silicone-hair-and-scalp-massager\/#breadcrumb"},"inLanguage":"sv-SE","potentialAction":[{"@type":"ReadAction","target":["https:\/\/curlsforyou.dk\/vare\/curlsforyou-silicone-hair-and-scalp-massager\/"]}]},{"@type":"ImageObject","inLanguage":"sv-SE","@id":"https:\/\/curlsforyou.dk\/vare\/curlsforyou-silicone-hair-and-scalp-massager\/#primaryimage","url":"https:\/\/curlsforyou.dk\/app\/uploads\/2020\/03\/CurlsForYou-Scalp-Massager.jpg","contentUrl":"https:\/\/curlsforyou.dk\/app\/uploads\/2020\/03\/CurlsForYou-Scalp-Massager.jpg","width":800,"height":800,"caption":"H\u00e5r og hovedbundsmassager curly girl godkendte produkter forhandles ved www.CurlsForYou.dk din curly girl shop"},{"@type":"BreadcrumbList","@id":"https:\/\/curlsforyou.dk\/vare\/curlsforyou-silicone-hair-and-scalp-massager\/#breadcrumb","itemListElement":[{"@type":"ListItem","position":1,"name":"Hjem","item":"https:\/\/curlsforyou.dk\/"},{"@type":"ListItem","position":2,"name":"Shop","item":"https:\/\/curlsforyou.dk\/shop\/"},{"@type":"ListItem","position":3,"name":"CurlsForYou &#8211; Silicone Hair and Scalp Massager"}]},{"@type":"WebSite","@id":"https:\/\/curlsforyou.dk\/#website","url":"https:\/\/curlsforyou.dk\/","name":"","description":"","publisher":{"@id":"https:\/\/curlsforyou.dk\/#organization"},"potentialAction":[{"@type":"SearchAction","target":{"@type":"EntryPoint","urlTemplate":"https:\/\/curlsforyou.dk\/?s={search_term_string}"},"query-input":{"@type":"PropertyValueSpecification","valueRequired":true,"valueName":"search_term_string"}}],"inLanguage":"sv-SE"},{"@type":"Organization","@id":"https:\/\/curlsforyou.dk\/#organization","name":"CurlsForYou","url":"https:\/\/curlsforyou.dk\/","logo":{"@type":"ImageObject","inLanguage":"sv-SE","@id":"https:\/\/curlsforyou.dk\/#\/schema\/logo\/image\/","url":"","contentUrl":"","caption":"CurlsForYou"},"image":{"@id":"https:\/\/curlsforyou.dk\/#\/schema\/logo\/image\/"},"sameAs":["https:\/\/www.facebook.com\/curlsforyou","https:\/\/www.instagram.com\/curlsforyou.dk\/"]}]}},"brands":[{"id":168,"name":"CurlsForYou","slug":"curlsforyou"}],"_links":{"self":[{"href":"https:\/\/curlsforyou.dk\/se\/wp-json\/wp\/v2\/product\/19637","targetHints":{"allow":["GET"]}}],"collection":[{"href":"https:\/\/curlsforyou.dk\/se\/wp-json\/wp\/v2\/product"}],"about":[{"href":"https:\/\/curlsforyou.dk\/se\/wp-json\/wp\/v2\/types\/product"}],"replies":[{"embeddable":true,"href":"https:\/\/curlsforyou.dk\/se\/wp-json\/wp\/v2\/comments?post=19637"}],"version-history":[{"count":0,"href":"https:\/\/curlsforyou.dk\/se\/wp-json\/wp\/v2\/product\/19637\/revisions"}],"wp:featuredmedia":[{"embeddable":true,"href":"https:\/\/curlsforyou.dk\/se\/wp-json\/wp\/v2\/media\/19639"}],"wp:attachment":[{"href":"https:\/\/curlsforyou.dk\/se\/wp-json\/wp\/v2\/media?parent=19637"}],"wp:term":[{"taxonomy":"pwb-brand","embeddable":true,"href":"https:\/\/curlsforyou.dk\/se\/wp-json\/wp\/v2\/pwb-brand?post=19637"},{"taxonomy":"product_brand","embeddable":true,"href":"https:\/\/curlsforyou.dk\/se\/wp-json\/wp\/v2\/product_brand?post=19637"},{"taxonomy":"product_cat","embeddable":true,"href":"https:\/\/curlsforyou.dk\/se\/wp-json\/wp\/v2\/product_cat?post=19637"},{"taxonomy":"product_tag","embeddable":true,"href":"https:\/\/curlsforyou.dk\/se\/wp-json\/wp\/v2\/product_tag?post=19637"},{"taxonomy":"giftcard-category","embeddable":true,"href":"https:\/\/curlsforyou.dk\/se\/wp-json\/wp\/v2\/giftcard-category?post=19637"}],"curies":[{"name":"wp","href":"https:\/\/api.w.org\/{rel}","templated":true}]}}