{"id":1478,"date":"2019-09-19T11:53:04","date_gmt":"2019-09-19T09:53:04","guid":{"rendered":"https:\/\/curlsforyou.dk\/?post_type=product&#038;p=1478"},"modified":"2026-05-02T10:31:28","modified_gmt":"2026-05-02T08:31:28","slug":"bounce-curl-avocado-rose-oil-clump-and-define-cream","status":"publish","type":"product","link":"https:\/\/curlsforyou.dk\/se\/product\/bounce-curl-avocado-rose-oil-clump-and-define-cream\/","title":{"rendered":"Bounce Curl &#8211; Avocado &#038; Rose Oil Clump &#038; Define Cream"},"content":{"rendered":"<p>Med Avocado &amp; Rose Oil Clump and Define Cream fra Bounce Curl f\u00e5r du et kvalitetsprodukt, som b\u00e5de reparerer og styrker dine kr\u00f8ller eller b\u00f8lger. Det er en leave-in-kr\u00f8llecreme best\u00e5ende af en lang r\u00e6kke eksotiske olier fra Nordafrika og Middelhavsomr\u00e5det. Blandt olierne finder du blandt andet avocado, marokkansk rose og arganolie. Olierne g\u00e5r ind og reparerer h\u00e5ret, mens det giver mere volumen og hold. Du efterlades med silkebl\u00f8dt og glansfuldt h\u00e5r som resultat.<\/p>\n<p>Krukken har en st\u00f8rrelse p\u00e5 117 ml og best\u00e5r af et meget koncentreret indhold. Det betyder, at du kun beh\u00f8ver at bruge en lille smule creme hver gang, og du kan derfor f\u00e5 gl\u00e6de af krukkens indhold i lang tid frem.<\/p>\n<p>Det popul\u00e6re amerikanske brand <a href=\"https:\/\/curlsforyou.dk\/se\/brand\/bounce-curl\/\">Bounce Curl<\/a> er kendt for at fremstille produkter i kvalitet og uden skadelige ingredienser til kr\u00f8llet og b\u00f8lget h\u00e5r. Produkterne indeholder ikke parabener, silikone, sulfater og skadelige alkoholer, som beskadiger og slider p\u00e5 kr\u00f8llerne. I stedet efterlader de dine kr\u00f8ller eller b\u00f8lger med mere volumen og n\u00e6ring.<\/p>\n<p>Avocado &amp; Rose Oil Clump and Define Cream fra Bounce Curl er helt fri for alkohol, der er en skadelig ingrediens, s\u00e6rligt for dig med kr\u00f8ller, b\u00f8lger eller kruset h\u00e5r.<\/p>\n<p>Hos CurlsForYou finder du et bredt og varieret udvalg af produkter fra Bounce Curl. Vi udv\u00e6lger altid n\u00f8je de brands, som vi \u00f8nsker at f\u00f8re p\u00e5 vores side, og vi tilbyder kun produkter af h\u00f8j kvalitet og til konkurrencedygtige priser, s\u00e5 alle kan v\u00e6re med.<\/p>\n<p>P\u00e5 siden kan du finde en lang r\u00e6kke andre sk\u00f8nne kvalitetsprodukter fra Bounce Curl. M\u00e5ske er du ude efter flere produkter p\u00e5 \u00e9n gang? S\u00e5 kan du med fordel k\u00f8be flere produkter fra Bounce Curl da vi p\u00e5 m\u00e6rket har aktiveret k\u00f8b mere, spar mere. Hvor du f\u00e5r rabat hvis du k\u00f8ber 4 produkter og endnu mere rabat hvis du k\u00f8ber 5 produkter. Selvf\u00f8lgelig alle sammen uden skadelige ingredienser. S\u00e5 kan blandtandet f\u00e5 en l\u00e6kker balsam, den sk\u00f8nne leave-in-creme Avocado &amp; Rose Oil Clump and Define Cream og m\u00e5ske en detox maske samt en god stylinggel. Med s\u00e5dan en pakke er du helt sikker p\u00e5 at give dit h\u00e5r den sundeste og bedste behandling, som efterlader et volumin\u00f8st og velern\u00e6ret h\u00e5r.<\/p>","protected":false},"excerpt":{"rendered":"<ul>\n<li>Kr\u00f8llecreme med plejende egenskaber<\/li>\n<li>Giver hold og volumen<\/li>\n<li>Reparerer og genopretter<\/li>\n<li>H\u00f8j koncentreret effekt<\/li>\n<li>Indeholder 10 eksotiske olier<\/li>\n<li>Proteinfri<\/li>\n<li>St\u00f8rrelse: 117 ml<\/li>\n<\/ul>","protected":false},"featured_media":100031,"comment_status":"open","ping_status":"closed","template":"","meta":[],"pwb-brand":[68],"product_brand":[],"product_cat":[147],"product_tag":[283,42],"giftcard-category":[],"class_list":{"0":"post-1478","1":"product","2":"type-product","3":"status-publish","4":"has-post-thumbnail","6":"pwb-brand-bounce-curl","7":"product_cat-kroellecreme","8":"product_tag-protein-fri","9":"product_tag-vegan","11":"first","12":"outofstock","13":"taxable","14":"shipping-taxable","15":"purchasable","16":"product-type-simple"},"bundled_by":["5946","5953"],"bundle_stock_status":"outofstock","bundle_stock_quantity":0,"bundle_virtual":false,"bundle_layout":"","bundle_add_to_cart_form_location":"","bundle_editable_in_cart":false,"bundle_sold_individually_context":"","bundle_item_grouping":"","bundle_min_size":"","bundle_max_size":"","bundle_price":[],"bundled_items":[],"bundle_sell_ids":[],"supplier_id":null,"supplier_sku":"","barcode":null,"atum_controlled":true,"out_stock_date":"2026-05-02 10:31:29","out_stock_threshold":null,"inheritable":false,"inbound_stock":0,"stock_on_hold":0,"sold_today":0,"sales_last_days":5,"reserved_stock":0,"customer_returns":0,"warehouse_damage":0,"lost_in_post":0,"other_logs":0,"out_stock_days":3,"lost_sales":555,"has_location":false,"update_date":"2026-05-05T11:15:27","atum_locations":[],"atum_stock_status":"outofstock","restock_status":false,"low_stock_amount":5,"sales_update_date":"2026-05-05T11:15:26","calc_backorders":null,"yoast_head":"<!-- This site is optimized with the Yoast SEO plugin v25.6 - https:\/\/yoast.com\/wordpress\/plugins\/seo\/ -->\n<title>Bounce Curl Avocado &amp; Rose Oil Clump &amp; Define Cream | Curlsforyou<\/title>\n<meta name=\"description\" content=\"S\u00f8ger du en god stylingcreme til t\u00f8rt h\u00e5r? S\u00e5 er Avocado &amp; Rose oil Clump and Define Cream fra Bounce Curl noget for dig\" \/>\n<meta name=\"robots\" content=\"index, follow, max-snippet:-1, max-image-preview:large, max-video-preview:-1\" \/>\n<link rel=\"canonical\" href=\"https:\/\/curlsforyou.dk\/se\/product\/bounce-curl-avocado-rose-oil-clump-and-define-cream\/\" \/>\n<meta property=\"og:locale\" content=\"sv_SE\" \/>\n<meta property=\"og:type\" content=\"article\" \/>\n<meta property=\"og:title\" content=\"Bounce Curl Avocado &amp; Rose Oil Clump &amp; Define Cream | Curlsforyou\" \/>\n<meta property=\"og:description\" content=\"S\u00f8ger du en god stylingcreme til t\u00f8rt h\u00e5r? S\u00e5 er Avocado &amp; Rose oil Clump and Define Cream fra Bounce Curl noget for dig\" \/>\n<meta property=\"og:url\" content=\"https:\/\/curlsforyou.dk\/se\/product\/bounce-curl-avocado-rose-oil-clump-and-define-cream\/\" \/>\n<meta property=\"article:publisher\" content=\"https:\/\/www.facebook.com\/curlsforyou\" \/>\n<meta property=\"article:modified_time\" content=\"2026-05-02T08:31:28+00:00\" \/>\n<meta property=\"og:image\" content=\"https:\/\/curlsforyou.dk\/app\/uploads\/2019\/09\/1-3.png\" \/>\n\t<meta property=\"og:image:width\" content=\"800\" \/>\n\t<meta property=\"og:image:height\" content=\"800\" \/>\n\t<meta property=\"og:image:type\" content=\"image\/png\" \/>\n<meta name=\"twitter:card\" content=\"summary_large_image\" \/>\n<meta name=\"twitter:label1\" content=\"Ber\u00e4knad l\u00e4stid\" \/>\n\t<meta name=\"twitter:data1\" content=\"3 minuter\" \/>\n<script type=\"application\/ld+json\" class=\"yoast-schema-graph\">{\"@context\":\"https:\/\/schema.org\",\"@graph\":[{\"@type\":\"WebPage\",\"@id\":\"https:\/\/curlsforyou.dk\/vare\/bounce-curl-avocado-rose-oil-clump-and-define-cream\/\",\"url\":\"https:\/\/curlsforyou.dk\/vare\/bounce-curl-avocado-rose-oil-clump-and-define-cream\/\",\"name\":\"Bounce Curl Avocado & Rose Oil Clump & Define Cream | Curlsforyou\",\"isPartOf\":{\"@id\":\"https:\/\/curlsforyou.dk\/#website\"},\"primaryImageOfPage\":{\"@id\":\"https:\/\/curlsforyou.dk\/vare\/bounce-curl-avocado-rose-oil-clump-and-define-cream\/#primaryimage\"},\"image\":{\"@id\":\"https:\/\/curlsforyou.dk\/vare\/bounce-curl-avocado-rose-oil-clump-and-define-cream\/#primaryimage\"},\"thumbnailUrl\":\"https:\/\/curlsforyou.dk\/app\/uploads\/2019\/09\/1-3.png\",\"datePublished\":\"2019-09-19T09:53:04+00:00\",\"dateModified\":\"2026-05-02T08:31:28+00:00\",\"description\":\"S\u00f8ger du en god stylingcreme til t\u00f8rt h\u00e5r? S\u00e5 er Avocado & Rose oil Clump and Define Cream fra Bounce Curl noget for dig\",\"breadcrumb\":{\"@id\":\"https:\/\/curlsforyou.dk\/vare\/bounce-curl-avocado-rose-oil-clump-and-define-cream\/#breadcrumb\"},\"inLanguage\":\"sv-SE\",\"potentialAction\":[{\"@type\":\"ReadAction\",\"target\":[\"https:\/\/curlsforyou.dk\/vare\/bounce-curl-avocado-rose-oil-clump-and-define-cream\/\"]}]},{\"@type\":\"ImageObject\",\"inLanguage\":\"sv-SE\",\"@id\":\"https:\/\/curlsforyou.dk\/vare\/bounce-curl-avocado-rose-oil-clump-and-define-cream\/#primaryimage\",\"url\":\"https:\/\/curlsforyou.dk\/app\/uploads\/2019\/09\/1-3.png\",\"contentUrl\":\"https:\/\/curlsforyou.dk\/app\/uploads\/2019\/09\/1-3.png\",\"width\":800,\"height\":800,\"caption\":\"Bounce Curl - Avocado & Rose Oil Clump & Define Cream\"},{\"@type\":\"BreadcrumbList\",\"@id\":\"https:\/\/curlsforyou.dk\/vare\/bounce-curl-avocado-rose-oil-clump-and-define-cream\/#breadcrumb\",\"itemListElement\":[{\"@type\":\"ListItem\",\"position\":1,\"name\":\"Hjem\",\"item\":\"https:\/\/curlsforyou.dk\/\"},{\"@type\":\"ListItem\",\"position\":2,\"name\":\"Shop\",\"item\":\"https:\/\/curlsforyou.dk\/shop\/\"},{\"@type\":\"ListItem\",\"position\":3,\"name\":\"Bounce Curl &#8211; Avocado &#038; Rose Oil Clump &#038; Define Cream\"}]},{\"@type\":\"WebSite\",\"@id\":\"https:\/\/curlsforyou.dk\/#website\",\"url\":\"https:\/\/curlsforyou.dk\/\",\"name\":\"\",\"description\":\"\",\"publisher\":{\"@id\":\"https:\/\/curlsforyou.dk\/#organization\"},\"potentialAction\":[{\"@type\":\"SearchAction\",\"target\":{\"@type\":\"EntryPoint\",\"urlTemplate\":\"https:\/\/curlsforyou.dk\/?s={search_term_string}\"},\"query-input\":{\"@type\":\"PropertyValueSpecification\",\"valueRequired\":true,\"valueName\":\"search_term_string\"}}],\"inLanguage\":\"sv-SE\"},{\"@type\":\"Organization\",\"@id\":\"https:\/\/curlsforyou.dk\/#organization\",\"name\":\"CurlsForYou\",\"url\":\"https:\/\/curlsforyou.dk\/\",\"logo\":{\"@type\":\"ImageObject\",\"inLanguage\":\"sv-SE\",\"@id\":\"https:\/\/curlsforyou.dk\/#\/schema\/logo\/image\/\",\"url\":\"\",\"contentUrl\":\"\",\"caption\":\"CurlsForYou\"},\"image\":{\"@id\":\"https:\/\/curlsforyou.dk\/#\/schema\/logo\/image\/\"},\"sameAs\":[\"https:\/\/www.facebook.com\/curlsforyou\",\"https:\/\/www.instagram.com\/curlsforyou.dk\/\"]}]}<\/script>\n<!-- \/ Yoast SEO plugin. -->","yoast_head_json":{"title":"Bounce Curl Avocado & Rose Oil Clump & Define Cream | Curlsforyou","description":"S\u00f8ger du en god stylingcreme til t\u00f8rt h\u00e5r? S\u00e5 er Avocado & Rose oil Clump and Define Cream fra Bounce Curl noget for dig","robots":{"index":"index","follow":"follow","max-snippet":"max-snippet:-1","max-image-preview":"max-image-preview:large","max-video-preview":"max-video-preview:-1"},"canonical":"https:\/\/curlsforyou.dk\/se\/product\/bounce-curl-avocado-rose-oil-clump-and-define-cream\/","og_locale":"sv_SE","og_type":"article","og_title":"Bounce Curl Avocado & Rose Oil Clump & Define Cream | Curlsforyou","og_description":"S\u00f8ger du en god stylingcreme til t\u00f8rt h\u00e5r? S\u00e5 er Avocado & Rose oil Clump and Define Cream fra Bounce Curl noget for dig","og_url":"https:\/\/curlsforyou.dk\/se\/product\/bounce-curl-avocado-rose-oil-clump-and-define-cream\/","article_publisher":"https:\/\/www.facebook.com\/curlsforyou","article_modified_time":"2026-05-02T08:31:28+00:00","og_image":[{"width":800,"height":800,"url":"https:\/\/curlsforyou.dk\/app\/uploads\/2019\/09\/1-3.png","type":"image\/png"}],"twitter_card":"summary_large_image","twitter_misc":{"Ber\u00e4knad l\u00e4stid":"3 minuter"},"schema":{"@context":"https:\/\/schema.org","@graph":[{"@type":"WebPage","@id":"https:\/\/curlsforyou.dk\/vare\/bounce-curl-avocado-rose-oil-clump-and-define-cream\/","url":"https:\/\/curlsforyou.dk\/vare\/bounce-curl-avocado-rose-oil-clump-and-define-cream\/","name":"Bounce Curl Avocado & Rose Oil Clump & Define Cream | Curlsforyou","isPartOf":{"@id":"https:\/\/curlsforyou.dk\/#website"},"primaryImageOfPage":{"@id":"https:\/\/curlsforyou.dk\/vare\/bounce-curl-avocado-rose-oil-clump-and-define-cream\/#primaryimage"},"image":{"@id":"https:\/\/curlsforyou.dk\/vare\/bounce-curl-avocado-rose-oil-clump-and-define-cream\/#primaryimage"},"thumbnailUrl":"https:\/\/curlsforyou.dk\/app\/uploads\/2019\/09\/1-3.png","datePublished":"2019-09-19T09:53:04+00:00","dateModified":"2026-05-02T08:31:28+00:00","description":"S\u00f8ger du en god stylingcreme til t\u00f8rt h\u00e5r? S\u00e5 er Avocado & Rose oil Clump and Define Cream fra Bounce Curl noget for dig","breadcrumb":{"@id":"https:\/\/curlsforyou.dk\/vare\/bounce-curl-avocado-rose-oil-clump-and-define-cream\/#breadcrumb"},"inLanguage":"sv-SE","potentialAction":[{"@type":"ReadAction","target":["https:\/\/curlsforyou.dk\/vare\/bounce-curl-avocado-rose-oil-clump-and-define-cream\/"]}]},{"@type":"ImageObject","inLanguage":"sv-SE","@id":"https:\/\/curlsforyou.dk\/vare\/bounce-curl-avocado-rose-oil-clump-and-define-cream\/#primaryimage","url":"https:\/\/curlsforyou.dk\/app\/uploads\/2019\/09\/1-3.png","contentUrl":"https:\/\/curlsforyou.dk\/app\/uploads\/2019\/09\/1-3.png","width":800,"height":800,"caption":"Bounce Curl - Avocado & Rose Oil Clump & Define Cream"},{"@type":"BreadcrumbList","@id":"https:\/\/curlsforyou.dk\/vare\/bounce-curl-avocado-rose-oil-clump-and-define-cream\/#breadcrumb","itemListElement":[{"@type":"ListItem","position":1,"name":"Hjem","item":"https:\/\/curlsforyou.dk\/"},{"@type":"ListItem","position":2,"name":"Shop","item":"https:\/\/curlsforyou.dk\/shop\/"},{"@type":"ListItem","position":3,"name":"Bounce Curl &#8211; Avocado &#038; Rose Oil Clump &#038; Define Cream"}]},{"@type":"WebSite","@id":"https:\/\/curlsforyou.dk\/#website","url":"https:\/\/curlsforyou.dk\/","name":"","description":"","publisher":{"@id":"https:\/\/curlsforyou.dk\/#organization"},"potentialAction":[{"@type":"SearchAction","target":{"@type":"EntryPoint","urlTemplate":"https:\/\/curlsforyou.dk\/?s={search_term_string}"},"query-input":{"@type":"PropertyValueSpecification","valueRequired":true,"valueName":"search_term_string"}}],"inLanguage":"sv-SE"},{"@type":"Organization","@id":"https:\/\/curlsforyou.dk\/#organization","name":"CurlsForYou","url":"https:\/\/curlsforyou.dk\/","logo":{"@type":"ImageObject","inLanguage":"sv-SE","@id":"https:\/\/curlsforyou.dk\/#\/schema\/logo\/image\/","url":"","contentUrl":"","caption":"CurlsForYou"},"image":{"@id":"https:\/\/curlsforyou.dk\/#\/schema\/logo\/image\/"},"sameAs":["https:\/\/www.facebook.com\/curlsforyou","https:\/\/www.instagram.com\/curlsforyou.dk\/"]}]}},"brands":[{"id":68,"name":"Bounce Curl","slug":"bounce-curl"}],"_links":{"self":[{"href":"https:\/\/curlsforyou.dk\/se\/wp-json\/wp\/v2\/product\/1478","targetHints":{"allow":["GET"]}}],"collection":[{"href":"https:\/\/curlsforyou.dk\/se\/wp-json\/wp\/v2\/product"}],"about":[{"href":"https:\/\/curlsforyou.dk\/se\/wp-json\/wp\/v2\/types\/product"}],"replies":[{"embeddable":true,"href":"https:\/\/curlsforyou.dk\/se\/wp-json\/wp\/v2\/comments?post=1478"}],"version-history":[{"count":0,"href":"https:\/\/curlsforyou.dk\/se\/wp-json\/wp\/v2\/product\/1478\/revisions"}],"wp:featuredmedia":[{"embeddable":true,"href":"https:\/\/curlsforyou.dk\/se\/wp-json\/wp\/v2\/media\/100031"}],"wp:attachment":[{"href":"https:\/\/curlsforyou.dk\/se\/wp-json\/wp\/v2\/media?parent=1478"}],"wp:term":[{"taxonomy":"pwb-brand","embeddable":true,"href":"https:\/\/curlsforyou.dk\/se\/wp-json\/wp\/v2\/pwb-brand?post=1478"},{"taxonomy":"product_brand","embeddable":true,"href":"https:\/\/curlsforyou.dk\/se\/wp-json\/wp\/v2\/product_brand?post=1478"},{"taxonomy":"product_cat","embeddable":true,"href":"https:\/\/curlsforyou.dk\/se\/wp-json\/wp\/v2\/product_cat?post=1478"},{"taxonomy":"product_tag","embeddable":true,"href":"https:\/\/curlsforyou.dk\/se\/wp-json\/wp\/v2\/product_tag?post=1478"},{"taxonomy":"giftcard-category","embeddable":true,"href":"https:\/\/curlsforyou.dk\/se\/wp-json\/wp\/v2\/giftcard-category?post=1478"}],"curies":[{"name":"wp","href":"https:\/\/api.w.org\/{rel}","templated":true}]}}