{"id":1465,"date":"2019-09-17T18:37:34","date_gmt":"2019-09-17T16:37:34","guid":{"rendered":"https:\/\/curlsforyou.dk\/?post_type=product&#038;p=1465"},"modified":"2026-04-25T13:28:04","modified_gmt":"2026-04-25T11:28:04","slug":"bounce-curl-alcohol-free-hairspray","status":"publish","type":"product","link":"https:\/\/curlsforyou.dk\/se\/product\/bounce-curl-alcohol-free-hairspray\/","title":{"rendered":"Bounce Curl &#8211; Alcohol-Free HairSpray"},"content":{"rendered":"<p>Alcohol-Free Hairspray fra brandet Bounce Curl er helt fri for alkohol, der er en skadelig ingrediens for s\u00e6rligt dig med kr\u00f8ller, b\u00f8lger eller kruset h\u00e5r.<\/p>\n<p>Du f\u00e5r et kraftfuldt resultat med h\u00e5rsprayen fra Bounce Curl. Derfor beh\u00f8ver du kun to til tre spray for et effektivt resultat, og du opn\u00e5r det rigtige hold, uden at du skal belaste dit h\u00e5r med tonsvis af andre produkter. Sprayen er egnet til alle \u00e5rstider uanset vejr og temperatur.<\/p>\n<p><a href=\"https:\/\/curlsforyou.dk\/se\/brand\/bounce-curl\/\">Bounce Curl<\/a> er et nyere amerikansk brand fra 2017. De fremstiller produkter til folk med kr\u00f8ller, som \u00f8nsker at pleje de naturlige kr\u00f8ller eller b\u00f8lger uden brug af skadelige ingredienser som alkohol, sulfat, silikone og parabener, der alle er skadelige for h\u00e5ret. Samtidig skaber de produkter, der sikrer h\u00e5ret volumen og n\u00e6ring. Et oplagt valg til dig, som \u00f8nsker sunde og naturlige kr\u00f8ller med lidt ekstra volumen.<\/p>\n<p>\u00d8nsker du at se flere produkter fra samme brand, s\u00e5 er <a href=\"https:\/\/curlsforyou.dk\/se\/product\/bounce-curl-light-creme-gel\/\">Light Creme gel<\/a> et kig v\u00e6rd. Produktet er et hit hos kvinder med kr\u00f8ller eller b\u00f8lget h\u00e5r. Her f\u00e5r du en let stylinggel, der definerer og fremh\u00e6ver dine kr\u00f8ller, men helt uden at tynge dem ned. Cremen giver ogs\u00e5 n\u00e6ring og volumen.<\/p>\n<p>Hos CurlsForYou finder du et stort udvalg af produkter fra kvalitetsbrandet Bounce Curl. Vi er meget kr\u00e6sne med, hvilke brands vi f\u00f8rer p\u00e5 vores side, s\u00e5 du er altid sikret produkter i h\u00f8j kvalitet, n\u00e5r du handler hos os.<\/p>\n<p>Hos CurlsForYou s\u00e6lger vi brands, der er godkendt til Curly Girl-metoden. En metode, der l\u00e6gger v\u00e6gt p\u00e5 at pleje naturlige kr\u00f8ller, b\u00f8lger og kruset h\u00e5r, men uden brug af skadelige ingredienser som udt\u00f8rrende alkoholer, sulfat, silikone og andre \u00f8del\u00e6ggende ingredienser. Disse ingredienser er nemlig med til at beskadige og slide kr\u00f8llerne, og mange h\u00e5rprodukter p\u00e5 markedet indeholder stadig en lang r\u00e6kke af de d\u00e5rlige ingredienser. Du kan l\u00e6se en grundig og faglig gennemgang af <a href=\"https:\/\/curlsforyou.dk\/se\/curly-girl-metoden\/curly-girl-metoden\/\">Curly Girl Metoden lige her p\u00e5 vores blog. <\/a><\/p>","protected":false},"excerpt":{"rendered":"<ul>\n<li>Uden alkohol<\/li>\n<li>H\u00e5rspray med mellem til st\u00e6rkt hold<\/li>\n<li>Egnet til alle \u00e5rstider<\/li>\n<li>Med sprayhoved, som effektivt fordeler h\u00e5rsprayen<\/li>\n<li>Giver godt hold<\/li>\n<li>St\u00f8rrelse: 117 ml<\/li>\n<li>Obs. Ny ingrediensliste, hvede protein er bla. fjernet, s\u00e5 nu er den uden protein.<\/li>\n<\/ul>","protected":false},"featured_media":66997,"comment_status":"open","ping_status":"closed","template":"","meta":[],"pwb-brand":[68],"product_brand":[],"product_cat":[148],"product_tag":[42],"giftcard-category":[],"class_list":{"0":"post-1465","1":"product","2":"type-product","3":"status-publish","4":"has-post-thumbnail","6":"pwb-brand-bounce-curl","7":"product_cat-spray-haarspray","8":"product_tag-vegan","10":"first","11":"instock","12":"taxable","13":"shipping-taxable","14":"purchasable","15":"product-type-simple"},"bundled_by":[],"bundle_stock_status":"instock","bundle_stock_quantity":10,"bundle_virtual":false,"bundle_layout":"","bundle_add_to_cart_form_location":"","bundle_editable_in_cart":false,"bundle_sold_individually_context":"","bundle_item_grouping":"","bundle_min_size":"","bundle_max_size":"","bundle_price":[],"bundled_items":[],"bundle_sell_ids":[],"supplier_id":null,"supplier_sku":"","barcode":null,"atum_controlled":true,"out_stock_date":null,"out_stock_threshold":null,"inheritable":false,"inbound_stock":0,"stock_on_hold":0,"sold_today":0,"sales_last_days":1,"reserved_stock":0,"customer_returns":0,"warehouse_damage":0,"lost_in_post":0,"other_logs":0,"out_stock_days":0,"lost_sales":0,"has_location":false,"update_date":"2026-05-03T11:16:03","atum_locations":[],"atum_stock_status":"instock","restock_status":false,"low_stock_amount":"","sales_update_date":"2026-05-03T11:16:03","calc_backorders":null,"yoast_head":"<!-- This site is optimized with the Yoast SEO plugin v25.6 - https:\/\/yoast.com\/wordpress\/plugins\/seo\/ -->\n<title>Bounce Curl | Alcohol-Free HairSpray | Curlsforyou.dk<\/title>\n<meta name=\"description\" content=\"S\u00f8ger du en h\u00e5rspray til kr\u00f8ller helt uden skadelige ingredienser? S\u00e5 tjek Alcohol-Free HairSpray fra Bounce Curl ud lige her\" \/>\n<meta name=\"robots\" content=\"index, follow, max-snippet:-1, max-image-preview:large, max-video-preview:-1\" \/>\n<link rel=\"canonical\" href=\"https:\/\/curlsforyou.dk\/se\/product\/bounce-curl-alcohol-free-hairspray\/\" \/>\n<meta property=\"og:locale\" content=\"sv_SE\" \/>\n<meta property=\"og:type\" content=\"article\" \/>\n<meta property=\"og:title\" content=\"Bounce Curl | Alcohol-Free HairSpray | Curlsforyou.dk\" \/>\n<meta property=\"og:description\" content=\"S\u00f8ger du en h\u00e5rspray til kr\u00f8ller helt uden skadelige ingredienser? S\u00e5 tjek Alcohol-Free HairSpray fra Bounce Curl ud lige her\" \/>\n<meta property=\"og:url\" content=\"https:\/\/curlsforyou.dk\/se\/product\/bounce-curl-alcohol-free-hairspray\/\" \/>\n<meta property=\"article:publisher\" content=\"https:\/\/www.facebook.com\/curlsforyou\" \/>\n<meta property=\"article:modified_time\" content=\"2026-04-25T11:28:04+00:00\" \/>\n<meta property=\"og:image\" content=\"https:\/\/curlsforyou.dk\/app\/uploads\/2019\/09\/BounceCurl-Hair-Spray-new.webp\" \/>\n\t<meta property=\"og:image:width\" content=\"1200\" \/>\n\t<meta property=\"og:image:height\" content=\"1200\" \/>\n\t<meta property=\"og:image:type\" content=\"image\/webp\" \/>\n<meta name=\"twitter:card\" content=\"summary_large_image\" \/>\n<meta name=\"twitter:label1\" content=\"Ber\u00e4knad l\u00e4stid\" \/>\n\t<meta name=\"twitter:data1\" content=\"2 minuter\" \/>\n<script type=\"application\/ld+json\" class=\"yoast-schema-graph\">{\"@context\":\"https:\/\/schema.org\",\"@graph\":[{\"@type\":\"WebPage\",\"@id\":\"https:\/\/curlsforyou.dk\/vare\/bounce-curl-alcohol-free-hairspray\/\",\"url\":\"https:\/\/curlsforyou.dk\/vare\/bounce-curl-alcohol-free-hairspray\/\",\"name\":\"Bounce Curl | Alcohol-Free HairSpray | Curlsforyou.dk\",\"isPartOf\":{\"@id\":\"https:\/\/curlsforyou.dk\/#website\"},\"primaryImageOfPage\":{\"@id\":\"https:\/\/curlsforyou.dk\/vare\/bounce-curl-alcohol-free-hairspray\/#primaryimage\"},\"image\":{\"@id\":\"https:\/\/curlsforyou.dk\/vare\/bounce-curl-alcohol-free-hairspray\/#primaryimage\"},\"thumbnailUrl\":\"https:\/\/curlsforyou.dk\/app\/uploads\/2019\/09\/BounceCurl-Hair-Spray-new.webp\",\"datePublished\":\"2019-09-17T16:37:34+00:00\",\"dateModified\":\"2026-04-25T11:28:04+00:00\",\"description\":\"S\u00f8ger du en h\u00e5rspray til kr\u00f8ller helt uden skadelige ingredienser? S\u00e5 tjek Alcohol-Free HairSpray fra Bounce Curl ud lige her\",\"breadcrumb\":{\"@id\":\"https:\/\/curlsforyou.dk\/vare\/bounce-curl-alcohol-free-hairspray\/#breadcrumb\"},\"inLanguage\":\"sv-SE\",\"potentialAction\":[{\"@type\":\"ReadAction\",\"target\":[\"https:\/\/curlsforyou.dk\/vare\/bounce-curl-alcohol-free-hairspray\/\"]}]},{\"@type\":\"ImageObject\",\"inLanguage\":\"sv-SE\",\"@id\":\"https:\/\/curlsforyou.dk\/vare\/bounce-curl-alcohol-free-hairspray\/#primaryimage\",\"url\":\"https:\/\/curlsforyou.dk\/app\/uploads\/2019\/09\/BounceCurl-Hair-Spray-new.webp\",\"contentUrl\":\"https:\/\/curlsforyou.dk\/app\/uploads\/2019\/09\/BounceCurl-Hair-Spray-new.webp\",\"width\":1200,\"height\":1200,\"caption\":\"Bounce Curl Alcohol-free HairSpray curly girl godkendt produkt forhandles ved ww.curlsforyou.dk din curly girl shop\"},{\"@type\":\"BreadcrumbList\",\"@id\":\"https:\/\/curlsforyou.dk\/vare\/bounce-curl-alcohol-free-hairspray\/#breadcrumb\",\"itemListElement\":[{\"@type\":\"ListItem\",\"position\":1,\"name\":\"Hjem\",\"item\":\"https:\/\/curlsforyou.dk\/\"},{\"@type\":\"ListItem\",\"position\":2,\"name\":\"Shop\",\"item\":\"https:\/\/curlsforyou.dk\/shop\/\"},{\"@type\":\"ListItem\",\"position\":3,\"name\":\"Bounce Curl &#8211; Alcohol-Free HairSpray\"}]},{\"@type\":\"WebSite\",\"@id\":\"https:\/\/curlsforyou.dk\/#website\",\"url\":\"https:\/\/curlsforyou.dk\/\",\"name\":\"\",\"description\":\"\",\"publisher\":{\"@id\":\"https:\/\/curlsforyou.dk\/#organization\"},\"potentialAction\":[{\"@type\":\"SearchAction\",\"target\":{\"@type\":\"EntryPoint\",\"urlTemplate\":\"https:\/\/curlsforyou.dk\/?s={search_term_string}\"},\"query-input\":{\"@type\":\"PropertyValueSpecification\",\"valueRequired\":true,\"valueName\":\"search_term_string\"}}],\"inLanguage\":\"sv-SE\"},{\"@type\":\"Organization\",\"@id\":\"https:\/\/curlsforyou.dk\/#organization\",\"name\":\"CurlsForYou\",\"url\":\"https:\/\/curlsforyou.dk\/\",\"logo\":{\"@type\":\"ImageObject\",\"inLanguage\":\"sv-SE\",\"@id\":\"https:\/\/curlsforyou.dk\/#\/schema\/logo\/image\/\",\"url\":\"\",\"contentUrl\":\"\",\"caption\":\"CurlsForYou\"},\"image\":{\"@id\":\"https:\/\/curlsforyou.dk\/#\/schema\/logo\/image\/\"},\"sameAs\":[\"https:\/\/www.facebook.com\/curlsforyou\",\"https:\/\/www.instagram.com\/curlsforyou.dk\/\"]}]}<\/script>\n<!-- \/ Yoast SEO plugin. -->","yoast_head_json":{"title":"Bounce Curl | Alcohol-Free HairSpray | Curlsforyou.dk","description":"S\u00f8ger du en h\u00e5rspray til kr\u00f8ller helt uden skadelige ingredienser? S\u00e5 tjek Alcohol-Free HairSpray fra Bounce Curl ud lige her","robots":{"index":"index","follow":"follow","max-snippet":"max-snippet:-1","max-image-preview":"max-image-preview:large","max-video-preview":"max-video-preview:-1"},"canonical":"https:\/\/curlsforyou.dk\/se\/product\/bounce-curl-alcohol-free-hairspray\/","og_locale":"sv_SE","og_type":"article","og_title":"Bounce Curl | Alcohol-Free HairSpray | Curlsforyou.dk","og_description":"S\u00f8ger du en h\u00e5rspray til kr\u00f8ller helt uden skadelige ingredienser? S\u00e5 tjek Alcohol-Free HairSpray fra Bounce Curl ud lige her","og_url":"https:\/\/curlsforyou.dk\/se\/product\/bounce-curl-alcohol-free-hairspray\/","article_publisher":"https:\/\/www.facebook.com\/curlsforyou","article_modified_time":"2026-04-25T11:28:04+00:00","og_image":[{"width":1200,"height":1200,"url":"https:\/\/curlsforyou.dk\/app\/uploads\/2019\/09\/BounceCurl-Hair-Spray-new.webp","type":"image\/webp"}],"twitter_card":"summary_large_image","twitter_misc":{"Ber\u00e4knad l\u00e4stid":"2 minuter"},"schema":{"@context":"https:\/\/schema.org","@graph":[{"@type":"WebPage","@id":"https:\/\/curlsforyou.dk\/vare\/bounce-curl-alcohol-free-hairspray\/","url":"https:\/\/curlsforyou.dk\/vare\/bounce-curl-alcohol-free-hairspray\/","name":"Bounce Curl | Alcohol-Free HairSpray | Curlsforyou.dk","isPartOf":{"@id":"https:\/\/curlsforyou.dk\/#website"},"primaryImageOfPage":{"@id":"https:\/\/curlsforyou.dk\/vare\/bounce-curl-alcohol-free-hairspray\/#primaryimage"},"image":{"@id":"https:\/\/curlsforyou.dk\/vare\/bounce-curl-alcohol-free-hairspray\/#primaryimage"},"thumbnailUrl":"https:\/\/curlsforyou.dk\/app\/uploads\/2019\/09\/BounceCurl-Hair-Spray-new.webp","datePublished":"2019-09-17T16:37:34+00:00","dateModified":"2026-04-25T11:28:04+00:00","description":"S\u00f8ger du en h\u00e5rspray til kr\u00f8ller helt uden skadelige ingredienser? S\u00e5 tjek Alcohol-Free HairSpray fra Bounce Curl ud lige her","breadcrumb":{"@id":"https:\/\/curlsforyou.dk\/vare\/bounce-curl-alcohol-free-hairspray\/#breadcrumb"},"inLanguage":"sv-SE","potentialAction":[{"@type":"ReadAction","target":["https:\/\/curlsforyou.dk\/vare\/bounce-curl-alcohol-free-hairspray\/"]}]},{"@type":"ImageObject","inLanguage":"sv-SE","@id":"https:\/\/curlsforyou.dk\/vare\/bounce-curl-alcohol-free-hairspray\/#primaryimage","url":"https:\/\/curlsforyou.dk\/app\/uploads\/2019\/09\/BounceCurl-Hair-Spray-new.webp","contentUrl":"https:\/\/curlsforyou.dk\/app\/uploads\/2019\/09\/BounceCurl-Hair-Spray-new.webp","width":1200,"height":1200,"caption":"Bounce Curl Alcohol-free HairSpray curly girl godkendt produkt forhandles ved ww.curlsforyou.dk din curly girl shop"},{"@type":"BreadcrumbList","@id":"https:\/\/curlsforyou.dk\/vare\/bounce-curl-alcohol-free-hairspray\/#breadcrumb","itemListElement":[{"@type":"ListItem","position":1,"name":"Hjem","item":"https:\/\/curlsforyou.dk\/"},{"@type":"ListItem","position":2,"name":"Shop","item":"https:\/\/curlsforyou.dk\/shop\/"},{"@type":"ListItem","position":3,"name":"Bounce Curl &#8211; Alcohol-Free HairSpray"}]},{"@type":"WebSite","@id":"https:\/\/curlsforyou.dk\/#website","url":"https:\/\/curlsforyou.dk\/","name":"","description":"","publisher":{"@id":"https:\/\/curlsforyou.dk\/#organization"},"potentialAction":[{"@type":"SearchAction","target":{"@type":"EntryPoint","urlTemplate":"https:\/\/curlsforyou.dk\/?s={search_term_string}"},"query-input":{"@type":"PropertyValueSpecification","valueRequired":true,"valueName":"search_term_string"}}],"inLanguage":"sv-SE"},{"@type":"Organization","@id":"https:\/\/curlsforyou.dk\/#organization","name":"CurlsForYou","url":"https:\/\/curlsforyou.dk\/","logo":{"@type":"ImageObject","inLanguage":"sv-SE","@id":"https:\/\/curlsforyou.dk\/#\/schema\/logo\/image\/","url":"","contentUrl":"","caption":"CurlsForYou"},"image":{"@id":"https:\/\/curlsforyou.dk\/#\/schema\/logo\/image\/"},"sameAs":["https:\/\/www.facebook.com\/curlsforyou","https:\/\/www.instagram.com\/curlsforyou.dk\/"]}]}},"brands":[{"id":68,"name":"Bounce Curl","slug":"bounce-curl"}],"_links":{"self":[{"href":"https:\/\/curlsforyou.dk\/se\/wp-json\/wp\/v2\/product\/1465","targetHints":{"allow":["GET"]}}],"collection":[{"href":"https:\/\/curlsforyou.dk\/se\/wp-json\/wp\/v2\/product"}],"about":[{"href":"https:\/\/curlsforyou.dk\/se\/wp-json\/wp\/v2\/types\/product"}],"replies":[{"embeddable":true,"href":"https:\/\/curlsforyou.dk\/se\/wp-json\/wp\/v2\/comments?post=1465"}],"version-history":[{"count":0,"href":"https:\/\/curlsforyou.dk\/se\/wp-json\/wp\/v2\/product\/1465\/revisions"}],"wp:featuredmedia":[{"embeddable":true,"href":"https:\/\/curlsforyou.dk\/se\/wp-json\/wp\/v2\/media\/66997"}],"wp:attachment":[{"href":"https:\/\/curlsforyou.dk\/se\/wp-json\/wp\/v2\/media?parent=1465"}],"wp:term":[{"taxonomy":"pwb-brand","embeddable":true,"href":"https:\/\/curlsforyou.dk\/se\/wp-json\/wp\/v2\/pwb-brand?post=1465"},{"taxonomy":"product_brand","embeddable":true,"href":"https:\/\/curlsforyou.dk\/se\/wp-json\/wp\/v2\/product_brand?post=1465"},{"taxonomy":"product_cat","embeddable":true,"href":"https:\/\/curlsforyou.dk\/se\/wp-json\/wp\/v2\/product_cat?post=1465"},{"taxonomy":"product_tag","embeddable":true,"href":"https:\/\/curlsforyou.dk\/se\/wp-json\/wp\/v2\/product_tag?post=1465"},{"taxonomy":"giftcard-category","embeddable":true,"href":"https:\/\/curlsforyou.dk\/se\/wp-json\/wp\/v2\/giftcard-category?post=1465"}],"curies":[{"name":"wp","href":"https:\/\/api.w.org\/{rel}","templated":true}]}}