{"id":1342,"date":"2019-09-09T11:29:22","date_gmt":"2019-09-09T09:29:22","guid":{"rendered":"https:\/\/curlsforyou.dk\/?post_type=product&#038;p=1342"},"modified":"2026-03-12T22:46:01","modified_gmt":"2026-03-12T21:46:01","slug":"as-i-am-leave-in-conditioner","status":"publish","type":"product","link":"https:\/\/curlsforyou.dk\/se\/product\/as-i-am-leave-in-conditioner\/","title":{"rendered":"As I Am &#8211; Leave-In Conditioner"},"content":{"rendered":"<p>As I Am \u2013 Leave-In Conditioner er lavet til tykt og t\u00f8rt h\u00e5r, der har brug for ekstra n\u00e6ring. Efter du har k\u00f8rt dine fingre igennem h\u00e5ret med produktet, bliver dit h\u00e5r b\u00e5de bl\u00f8dere og nemmere at arbejde med. Resultatet er et smukkere og mere glansfuldt h\u00e5r, som ser levende og sundt ud.<\/p>\n<p>Det anerkendte m\u00e6rke har lavet deres egen Leave-In Conditioner, som er kendt for sine plejende egenskaber. P\u00e5 ingredienslisten finder du ekstrakter af kokosn\u00f8d, sukkerroe, gr\u00f8n te, citron, \u00e6ble og sukkerr\u00f8r, som er n\u00f8je udvalgte og naturlige ingredienser, der n\u00e6rer h\u00e5ret i dybden.<\/p>\n<p>Hvis du render rundt med en t\u00f8r manke, f\u00e5r du mest ud af at benytte fugtgivende og naturlige produkter i din h\u00e5rrutine \u2013 lige fra din shampoo, conditioner og h\u00e5rkur til de stylingprodukter, du v\u00e6lger at anvende. Med As I Am \u2013 Leave-In Conditioner som sidste led i din h\u00e5rrutine f\u00e5r du en perfekt base til styling.<\/p>\n<p>Hvis dit h\u00e5r er kr\u00f8llet eller kruset, vil As I Am \u2013 <a href=\"https:\/\/curlsforyou.dk\/se\/product\/as-i-am-twist-defining-cream\/\">Twist Defining Cream<\/a> give dit h\u00e5r masser af glans. L\u00e6s ogs\u00e5 lige <a href=\"https:\/\/curlsforyou.dk\/se\/curly-girl-metoden\/pleje-af-kroeller-i-vintermaanederne-hold-haaret-sundt-i-kulden\/\">h\u00e4r<\/a>, hvad du kan g\u00f8re ved vintertr\u00e6tte kr\u00f8ller.<\/p>\n<h2>S\u00e5dan anvender du As I Am \u2013 Leave-In Conditioner<\/h2>\n<p>Produktet skal puttes i l\u00e6ngderne i dit h\u00e5r. Hvis du kommer produktet i hovedbunden, vil dit h\u00e5r fedte hurtigere p\u00e5 grund af de fugtgivende ingredienser, som din hovedbund ikke har brug for.<\/p>\n<p>Du bestemmer selv, om du putter din As I Am \u2013 Leave-In Conditioner i v\u00e5dt h\u00e5r. Eller om du putter den i h\u00e5ret, inden du styler dit h\u00e5r. Produktet kan nemlig begge dele.<\/p>\n<p>Fordelen ved at putte Leave-In Conditioner i v\u00e5dt h\u00e5r er, at det \u00f8jeblikkeligt bliver nemmere at t\u00e6mme filtret h\u00e5r og knuder. Hvorimod fordelen ved at bruge produktet i h\u00e5ret imellem vaske er, at det vil give dit h\u00e5r liv og g\u00f8re det lettere at style.<\/p>\n<p>Du skal ikke bruge s\u00e6rlig meget af produktet for at f\u00e5 gode resultater. Men generelt kan h\u00e5ret klare mere, hvis det er v\u00e5dt, da v\u00e5dt h\u00e5r absorberer mere af produktet.<\/p>","protected":false},"excerpt":{"rendered":"<ul>\n<li>Fjerner knuder og filtret h\u00e5r<\/li>\n<li>Tilf\u00f8rer massevis af fugt<\/li>\n<li>Giver h\u00e5ret en god base f\u00f8r styling<\/li>\n<li>Indeholder styrkende og naturlige ingredienser<\/li>\n<li>Fremskynder h\u00e5rets v\u00e6kst.<\/li>\n<li>St\u00f8rrelse: 237 ml<\/li>\n<\/ul>","protected":false},"featured_media":96304,"comment_status":"open","ping_status":"closed","template":"","meta":[],"pwb-brand":[191],"product_brand":[],"product_cat":[137],"product_tag":[],"giftcard-category":[],"class_list":{"0":"post-1342","1":"product","2":"type-product","3":"status-publish","4":"has-post-thumbnail","6":"pwb-brand-classic","7":"product_cat-leave-in-balsam","9":"first","10":"outofstock","11":"taxable","12":"shipping-taxable","13":"purchasable","14":"product-type-simple"},"bundled_by":[],"bundle_stock_status":"outofstock","bundle_stock_quantity":0,"bundle_virtual":false,"bundle_layout":"","bundle_add_to_cart_form_location":"","bundle_editable_in_cart":false,"bundle_sold_individually_context":"","bundle_item_grouping":"","bundle_min_size":"","bundle_max_size":"","bundle_price":[],"bundled_items":[],"bundle_sell_ids":[],"supplier_id":null,"supplier_sku":"","barcode":null,"atum_controlled":true,"out_stock_date":"2026-03-12 22:46:01","out_stock_threshold":null,"inheritable":false,"inbound_stock":0,"stock_on_hold":0,"sold_today":0,"sales_last_days":0,"reserved_stock":0,"customer_returns":0,"warehouse_damage":0,"lost_in_post":0,"other_logs":0,"out_stock_days":42,"lost_sales":8502,"has_location":false,"update_date":"2026-04-24T11:10:23","atum_locations":[],"atum_stock_status":"outofstock","restock_status":false,"low_stock_amount":4,"sales_update_date":"2026-04-24T11:10:23","calc_backorders":null,"yoast_head":"<!-- This site is optimized with the Yoast SEO plugin v25.6 - https:\/\/yoast.com\/wordpress\/plugins\/seo\/ -->\n<title>As I Am | Leave-In Conditioner | Curlsforyou.dk<\/title>\n<meta name=\"description\" content=\"Hvis du er p\u00e5 udkig efter ekstra pleje til tykt og t\u00f8rt h\u00e5r, s\u00e5 l\u00e6s mere om As I Am \u2013 Leave-In Conditioner her.\" \/>\n<meta name=\"robots\" content=\"index, follow, max-snippet:-1, max-image-preview:large, max-video-preview:-1\" \/>\n<link rel=\"canonical\" href=\"https:\/\/curlsforyou.dk\/se\/product\/as-i-am-leave-in-conditioner\/\" \/>\n<meta property=\"og:locale\" content=\"sv_SE\" \/>\n<meta property=\"og:type\" content=\"article\" \/>\n<meta property=\"og:title\" content=\"As I Am | Leave-In Conditioner | Curlsforyou.dk\" \/>\n<meta property=\"og:description\" content=\"Hvis du er p\u00e5 udkig efter ekstra pleje til tykt og t\u00f8rt h\u00e5r, s\u00e5 l\u00e6s mere om As I Am \u2013 Leave-In Conditioner her.\" \/>\n<meta property=\"og:url\" content=\"https:\/\/curlsforyou.dk\/se\/product\/as-i-am-leave-in-conditioner\/\" \/>\n<meta property=\"article:publisher\" content=\"https:\/\/www.facebook.com\/curlsforyou\" \/>\n<meta property=\"article:modified_time\" content=\"2026-03-12T21:46:01+00:00\" \/>\n<meta property=\"og:image\" content=\"https:\/\/curlsforyou.dk\/app\/uploads\/2019\/09\/As-I-Am-Leave-In-Conditioner.png\" \/>\n\t<meta property=\"og:image:width\" content=\"800\" \/>\n\t<meta property=\"og:image:height\" content=\"800\" \/>\n\t<meta property=\"og:image:type\" content=\"image\/png\" \/>\n<meta name=\"twitter:card\" content=\"summary_large_image\" \/>\n<meta name=\"twitter:label1\" content=\"Ber\u00e4knad l\u00e4stid\" \/>\n\t<meta name=\"twitter:data1\" content=\"2 minuter\" \/>\n<script type=\"application\/ld+json\" class=\"yoast-schema-graph\">{\"@context\":\"https:\/\/schema.org\",\"@graph\":[{\"@type\":\"WebPage\",\"@id\":\"https:\/\/curlsforyou.dk\/vare\/as-i-am-leave-in-conditioner\/\",\"url\":\"https:\/\/curlsforyou.dk\/vare\/as-i-am-leave-in-conditioner\/\",\"name\":\"As I Am | Leave-In Conditioner | Curlsforyou.dk\",\"isPartOf\":{\"@id\":\"https:\/\/curlsforyou.dk\/#website\"},\"primaryImageOfPage\":{\"@id\":\"https:\/\/curlsforyou.dk\/vare\/as-i-am-leave-in-conditioner\/#primaryimage\"},\"image\":{\"@id\":\"https:\/\/curlsforyou.dk\/vare\/as-i-am-leave-in-conditioner\/#primaryimage\"},\"thumbnailUrl\":\"https:\/\/curlsforyou.dk\/app\/uploads\/2019\/09\/As-I-Am-Leave-In-Conditioner.png\",\"datePublished\":\"2019-09-09T09:29:22+00:00\",\"dateModified\":\"2026-03-12T21:46:01+00:00\",\"description\":\"Hvis du er p\u00e5 udkig efter ekstra pleje til tykt og t\u00f8rt h\u00e5r, s\u00e5 l\u00e6s mere om As I Am \u2013 Leave-In Conditioner her.\",\"breadcrumb\":{\"@id\":\"https:\/\/curlsforyou.dk\/vare\/as-i-am-leave-in-conditioner\/#breadcrumb\"},\"inLanguage\":\"sv-SE\",\"potentialAction\":[{\"@type\":\"ReadAction\",\"target\":[\"https:\/\/curlsforyou.dk\/vare\/as-i-am-leave-in-conditioner\/\"]}]},{\"@type\":\"ImageObject\",\"inLanguage\":\"sv-SE\",\"@id\":\"https:\/\/curlsforyou.dk\/vare\/as-i-am-leave-in-conditioner\/#primaryimage\",\"url\":\"https:\/\/curlsforyou.dk\/app\/uploads\/2019\/09\/As-I-Am-Leave-In-Conditioner.png\",\"contentUrl\":\"https:\/\/curlsforyou.dk\/app\/uploads\/2019\/09\/As-I-Am-Leave-In-Conditioner.png\",\"width\":800,\"height\":800,\"caption\":\"As I Am -Leave - In Conditioner\"},{\"@type\":\"BreadcrumbList\",\"@id\":\"https:\/\/curlsforyou.dk\/vare\/as-i-am-leave-in-conditioner\/#breadcrumb\",\"itemListElement\":[{\"@type\":\"ListItem\",\"position\":1,\"name\":\"Hjem\",\"item\":\"https:\/\/curlsforyou.dk\/\"},{\"@type\":\"ListItem\",\"position\":2,\"name\":\"Shop\",\"item\":\"https:\/\/curlsforyou.dk\/shop\/\"},{\"@type\":\"ListItem\",\"position\":3,\"name\":\"As I Am &#8211; Leave-In Conditioner\"}]},{\"@type\":\"WebSite\",\"@id\":\"https:\/\/curlsforyou.dk\/#website\",\"url\":\"https:\/\/curlsforyou.dk\/\",\"name\":\"\",\"description\":\"\",\"publisher\":{\"@id\":\"https:\/\/curlsforyou.dk\/#organization\"},\"potentialAction\":[{\"@type\":\"SearchAction\",\"target\":{\"@type\":\"EntryPoint\",\"urlTemplate\":\"https:\/\/curlsforyou.dk\/?s={search_term_string}\"},\"query-input\":{\"@type\":\"PropertyValueSpecification\",\"valueRequired\":true,\"valueName\":\"search_term_string\"}}],\"inLanguage\":\"sv-SE\"},{\"@type\":\"Organization\",\"@id\":\"https:\/\/curlsforyou.dk\/#organization\",\"name\":\"CurlsForYou\",\"url\":\"https:\/\/curlsforyou.dk\/\",\"logo\":{\"@type\":\"ImageObject\",\"inLanguage\":\"sv-SE\",\"@id\":\"https:\/\/curlsforyou.dk\/#\/schema\/logo\/image\/\",\"url\":\"\",\"contentUrl\":\"\",\"caption\":\"CurlsForYou\"},\"image\":{\"@id\":\"https:\/\/curlsforyou.dk\/#\/schema\/logo\/image\/\"},\"sameAs\":[\"https:\/\/www.facebook.com\/curlsforyou\",\"https:\/\/www.instagram.com\/curlsforyou.dk\/\"]}]}<\/script>\n<!-- \/ Yoast SEO plugin. -->","yoast_head_json":{"title":"As I Am | Leave-In Conditioner | Curlsforyou.dk","description":"Hvis du er p\u00e5 udkig efter ekstra pleje til tykt og t\u00f8rt h\u00e5r, s\u00e5 l\u00e6s mere om As I Am \u2013 Leave-In Conditioner her.","robots":{"index":"index","follow":"follow","max-snippet":"max-snippet:-1","max-image-preview":"max-image-preview:large","max-video-preview":"max-video-preview:-1"},"canonical":"https:\/\/curlsforyou.dk\/se\/product\/as-i-am-leave-in-conditioner\/","og_locale":"sv_SE","og_type":"article","og_title":"As I Am | Leave-In Conditioner | Curlsforyou.dk","og_description":"Hvis du er p\u00e5 udkig efter ekstra pleje til tykt og t\u00f8rt h\u00e5r, s\u00e5 l\u00e6s mere om As I Am \u2013 Leave-In Conditioner her.","og_url":"https:\/\/curlsforyou.dk\/se\/product\/as-i-am-leave-in-conditioner\/","article_publisher":"https:\/\/www.facebook.com\/curlsforyou","article_modified_time":"2026-03-12T21:46:01+00:00","og_image":[{"width":800,"height":800,"url":"https:\/\/curlsforyou.dk\/app\/uploads\/2019\/09\/As-I-Am-Leave-In-Conditioner.png","type":"image\/png"}],"twitter_card":"summary_large_image","twitter_misc":{"Ber\u00e4knad l\u00e4stid":"2 minuter"},"schema":{"@context":"https:\/\/schema.org","@graph":[{"@type":"WebPage","@id":"https:\/\/curlsforyou.dk\/vare\/as-i-am-leave-in-conditioner\/","url":"https:\/\/curlsforyou.dk\/vare\/as-i-am-leave-in-conditioner\/","name":"As I Am | Leave-In Conditioner | Curlsforyou.dk","isPartOf":{"@id":"https:\/\/curlsforyou.dk\/#website"},"primaryImageOfPage":{"@id":"https:\/\/curlsforyou.dk\/vare\/as-i-am-leave-in-conditioner\/#primaryimage"},"image":{"@id":"https:\/\/curlsforyou.dk\/vare\/as-i-am-leave-in-conditioner\/#primaryimage"},"thumbnailUrl":"https:\/\/curlsforyou.dk\/app\/uploads\/2019\/09\/As-I-Am-Leave-In-Conditioner.png","datePublished":"2019-09-09T09:29:22+00:00","dateModified":"2026-03-12T21:46:01+00:00","description":"Hvis du er p\u00e5 udkig efter ekstra pleje til tykt og t\u00f8rt h\u00e5r, s\u00e5 l\u00e6s mere om As I Am \u2013 Leave-In Conditioner her.","breadcrumb":{"@id":"https:\/\/curlsforyou.dk\/vare\/as-i-am-leave-in-conditioner\/#breadcrumb"},"inLanguage":"sv-SE","potentialAction":[{"@type":"ReadAction","target":["https:\/\/curlsforyou.dk\/vare\/as-i-am-leave-in-conditioner\/"]}]},{"@type":"ImageObject","inLanguage":"sv-SE","@id":"https:\/\/curlsforyou.dk\/vare\/as-i-am-leave-in-conditioner\/#primaryimage","url":"https:\/\/curlsforyou.dk\/app\/uploads\/2019\/09\/As-I-Am-Leave-In-Conditioner.png","contentUrl":"https:\/\/curlsforyou.dk\/app\/uploads\/2019\/09\/As-I-Am-Leave-In-Conditioner.png","width":800,"height":800,"caption":"As I Am -Leave - In Conditioner"},{"@type":"BreadcrumbList","@id":"https:\/\/curlsforyou.dk\/vare\/as-i-am-leave-in-conditioner\/#breadcrumb","itemListElement":[{"@type":"ListItem","position":1,"name":"Hjem","item":"https:\/\/curlsforyou.dk\/"},{"@type":"ListItem","position":2,"name":"Shop","item":"https:\/\/curlsforyou.dk\/shop\/"},{"@type":"ListItem","position":3,"name":"As I Am &#8211; Leave-In Conditioner"}]},{"@type":"WebSite","@id":"https:\/\/curlsforyou.dk\/#website","url":"https:\/\/curlsforyou.dk\/","name":"","description":"","publisher":{"@id":"https:\/\/curlsforyou.dk\/#organization"},"potentialAction":[{"@type":"SearchAction","target":{"@type":"EntryPoint","urlTemplate":"https:\/\/curlsforyou.dk\/?s={search_term_string}"},"query-input":{"@type":"PropertyValueSpecification","valueRequired":true,"valueName":"search_term_string"}}],"inLanguage":"sv-SE"},{"@type":"Organization","@id":"https:\/\/curlsforyou.dk\/#organization","name":"CurlsForYou","url":"https:\/\/curlsforyou.dk\/","logo":{"@type":"ImageObject","inLanguage":"sv-SE","@id":"https:\/\/curlsforyou.dk\/#\/schema\/logo\/image\/","url":"","contentUrl":"","caption":"CurlsForYou"},"image":{"@id":"https:\/\/curlsforyou.dk\/#\/schema\/logo\/image\/"},"sameAs":["https:\/\/www.facebook.com\/curlsforyou","https:\/\/www.instagram.com\/curlsforyou.dk\/"]}]}},"brands":[{"id":191,"name":"Classic","slug":"classic"}],"_links":{"self":[{"href":"https:\/\/curlsforyou.dk\/se\/wp-json\/wp\/v2\/product\/1342","targetHints":{"allow":["GET"]}}],"collection":[{"href":"https:\/\/curlsforyou.dk\/se\/wp-json\/wp\/v2\/product"}],"about":[{"href":"https:\/\/curlsforyou.dk\/se\/wp-json\/wp\/v2\/types\/product"}],"replies":[{"embeddable":true,"href":"https:\/\/curlsforyou.dk\/se\/wp-json\/wp\/v2\/comments?post=1342"}],"version-history":[{"count":0,"href":"https:\/\/curlsforyou.dk\/se\/wp-json\/wp\/v2\/product\/1342\/revisions"}],"wp:featuredmedia":[{"embeddable":true,"href":"https:\/\/curlsforyou.dk\/se\/wp-json\/wp\/v2\/media\/96304"}],"wp:attachment":[{"href":"https:\/\/curlsforyou.dk\/se\/wp-json\/wp\/v2\/media?parent=1342"}],"wp:term":[{"taxonomy":"pwb-brand","embeddable":true,"href":"https:\/\/curlsforyou.dk\/se\/wp-json\/wp\/v2\/pwb-brand?post=1342"},{"taxonomy":"product_brand","embeddable":true,"href":"https:\/\/curlsforyou.dk\/se\/wp-json\/wp\/v2\/product_brand?post=1342"},{"taxonomy":"product_cat","embeddable":true,"href":"https:\/\/curlsforyou.dk\/se\/wp-json\/wp\/v2\/product_cat?post=1342"},{"taxonomy":"product_tag","embeddable":true,"href":"https:\/\/curlsforyou.dk\/se\/wp-json\/wp\/v2\/product_tag?post=1342"},{"taxonomy":"giftcard-category","embeddable":true,"href":"https:\/\/curlsforyou.dk\/se\/wp-json\/wp\/v2\/giftcard-category?post=1342"}],"curies":[{"name":"wp","href":"https:\/\/api.w.org\/{rel}","templated":true}]}}