{"id":1337,"date":"2019-09-08T21:34:12","date_gmt":"2019-09-08T19:34:12","guid":{"rendered":"https:\/\/curlsforyou.dk\/?post_type=product&#038;p=1337"},"modified":"2026-04-25T09:27:15","modified_gmt":"2026-04-25T07:27:15","slug":"cantu-moisturizing-curl-activator-cream","status":"publish","type":"product","link":"https:\/\/curlsforyou.dk\/se\/product\/cantu-moisturizing-curl-activator-cream\/","title":{"rendered":"Cantu &#8211; Moisturizing Curl Activator Cream"},"content":{"rendered":"<p>Moisturizing Curl Activator Cream fra Cantu er en plejende, fugtgivende og kr\u00f8lleaktiverende creme, du kan anvende i dit h\u00e5r. Moisturizing Curl Activator Cream virker p\u00e5 den m\u00e5de, at du underst\u00f8tter dit h\u00e5rs naturlige kr\u00f8llem\u00f8nster og struktur, og derfor vil dine kr\u00f8ller fremst\u00e5 tydeligere og mere veldefinerede.<\/p>\n<p>Produktet virker desuden ogs\u00e5, hvis du \u00f8nsker at minimere krus og frizz. Mange med naturligt kr\u00f8llet og b\u00f8lget h\u00e5r kender til problemet med krus og frizz, og ogs\u00e5 her kan Moisturizing Curl Activator Cream hj\u00e6lpe dig.<\/p>\n<p>Moisturizing Curl Activator Cream er fremstillet p\u00e5 rent sheasm\u00f8r, der har en fugtgivende og bl\u00f8dg\u00f8rende effekt p\u00e5 dit h\u00e5r. Foruden fugt indeholder produktet ogs\u00e5 protein.<\/p>\n<p>Alle de produkter, du finder hos CurlsForYou, er velegnede, hvis du praktiserer eller \u00f8nsker at praktisere den verdenskendte og anerkendte metode til pleje af kr\u00f8llet h\u00e5r: Curly Girl-metoden. Hvis ikke du kender metoden og derfor ikke ved, hvorfor metoden skulle v\u00e6re s\u00e6rligt god til pleje af kr\u00f8llet h\u00e5r, eller hvis du endnu ikke ved, hvordan du skal b\u00e6re dig ad, men \u00f8nsker at kaste dig ud i metoden, kan du blive meget klogere p\u00e5 den nu.<\/p>\n<h2>S\u00e5dan anvender du Cantu \u2013 Moisturizing Curl Activator Cream<\/h2>\n<p>Du kan bruge Moisturizing Curl Activator Cream i b\u00e5de v\u00e5dt og t\u00f8rt h\u00e5r. Hvis du anvender produktet i v\u00e5dt h\u00e5r, kan du fordele produktet i dit h\u00e5r i forbindelse med et bad. S\u00f8rg for at tage dig god tid til at massere produktet godt ind i b\u00e5de h\u00e5r og hovedbund.<\/p>\n<p>Hvis du anvender produktet i v\u00e5dt h\u00e5r, kan du med fordel rede dit h\u00e5r igennem med en bredtandet kam, inden du anvender produktet, og bagefter kramme h\u00e5ret op for at hj\u00e6lpe kr\u00f8llerne p\u00e5 vej.<\/p>\n<p>Hvis du anvender produktet i t\u00f8rt h\u00e5r, b\u00f8r du undg\u00e5 at overdosere produktet, ligesom du b\u00f8r undg\u00e5 at tilf\u00f8re for meget af produktet til hovedbund og h\u00e5rr\u00f8dder. Mass\u00e9r derimod en smule produkt i l\u00e6ngderne p\u00e5 dit h\u00e5r og i dine h\u00e5rspidser inden styling. Undg\u00e5 at rede dit h\u00e5r i forbindelse med anvendelsen. Du kan eventuelt n\u00f8jes med at fingerrede dit h\u00e5r, hvis det er n\u00f8dvendigt, afh\u00e6ngigt af, hvilken type kr\u00f8ller du har.<\/p>","protected":false},"excerpt":{"rendered":"<ul>\n<li>Moisturizing Curl Activator Cream aktiverer, definerer og fugter dine kr\u00f8ller<\/li>\n<li>Underst\u00f8tter h\u00e5rets naturlige kr\u00f8llem\u00f8nster og struktur<\/li>\n<li>Minimerer frizz og krus<\/li>\n<li>Indeholder rent sheasm\u00f8r og virker derfor bl\u00f8dg\u00f8rende og fugtgivende<\/li>\n<li>Velegnet til dig, der praktiserer Curly Girl-metoden<\/li>\n<li>Inneh\u00e5ller fukt och protein.<\/li>\n<li>St\u00f8rrelse: 355 ml<\/li>\n<li>OBS nyt design<\/li>\n<\/ul>","protected":false},"featured_media":75110,"comment_status":"open","ping_status":"closed","template":"","meta":[],"pwb-brand":[117],"product_brand":[],"product_cat":[147],"product_tag":[],"giftcard-category":[],"class_list":{"0":"post-1337","1":"product","2":"type-product","3":"status-publish","4":"has-post-thumbnail","6":"pwb-brand-cantu","7":"product_cat-kroellecreme","9":"first","10":"instock","11":"taxable","12":"shipping-taxable","13":"purchasable","14":"product-type-simple"},"bundled_by":[],"bundle_stock_status":"instock","bundle_stock_quantity":7,"bundle_virtual":false,"bundle_layout":"","bundle_add_to_cart_form_location":"","bundle_editable_in_cart":false,"bundle_sold_individually_context":"","bundle_item_grouping":"","bundle_min_size":"","bundle_max_size":"","bundle_price":[],"bundled_items":[],"bundle_sell_ids":[],"supplier_id":null,"supplier_sku":"","barcode":null,"atum_controlled":true,"out_stock_date":null,"out_stock_threshold":null,"inheritable":false,"inbound_stock":0,"stock_on_hold":1,"sold_today":1,"sales_last_days":2,"reserved_stock":0,"customer_returns":0,"warehouse_damage":0,"lost_in_post":0,"other_logs":0,"out_stock_days":0,"lost_sales":0,"has_location":false,"update_date":"2026-04-25T07:27:24","atum_locations":[],"atum_stock_status":"instock","restock_status":false,"low_stock_amount":5,"sales_update_date":"2026-04-25T07:27:22","calc_backorders":null,"yoast_head":"<!-- This site is optimized with the Yoast SEO plugin v25.6 - https:\/\/yoast.com\/wordpress\/plugins\/seo\/ -->\n<title>Moisturizing Curl Activator Cream fra Cantu - K\u00f8b hos CurlsForYou nu<\/title>\n<meta name=\"description\" content=\"Moisturizing Curl Activator Cream: Kr\u00f8lleaktiverende og fugtgivende creme til kr\u00f8llet h\u00e5r. Definerer kr\u00f8ller og mindsker krus.\" \/>\n<meta name=\"robots\" content=\"index, follow, max-snippet:-1, max-image-preview:large, max-video-preview:-1\" \/>\n<link rel=\"canonical\" href=\"https:\/\/curlsforyou.dk\/se\/product\/cantu-moisturizing-curl-activator-cream\/\" \/>\n<meta property=\"og:locale\" content=\"sv_SE\" \/>\n<meta property=\"og:type\" content=\"article\" \/>\n<meta property=\"og:title\" content=\"Moisturizing Curl Activator Cream fra Cantu - K\u00f8b hos CurlsForYou nu\" \/>\n<meta property=\"og:description\" content=\"Moisturizing Curl Activator Cream: Kr\u00f8lleaktiverende og fugtgivende creme til kr\u00f8llet h\u00e5r. Definerer kr\u00f8ller og mindsker krus.\" \/>\n<meta property=\"og:url\" content=\"https:\/\/curlsforyou.dk\/se\/product\/cantu-moisturizing-curl-activator-cream\/\" \/>\n<meta property=\"article:publisher\" content=\"https:\/\/www.facebook.com\/curlsforyou\" \/>\n<meta property=\"article:modified_time\" content=\"2026-04-25T07:27:15+00:00\" \/>\n<meta property=\"og:image\" content=\"https:\/\/curlsforyou.dk\/app\/uploads\/2019\/09\/MAM_9669053_SHOP_IMAGE_1.4nyt-billede.webp\" \/>\n\t<meta property=\"og:image:width\" content=\"600\" \/>\n\t<meta property=\"og:image:height\" content=\"600\" \/>\n\t<meta property=\"og:image:type\" content=\"image\/webp\" \/>\n<meta name=\"twitter:card\" content=\"summary_large_image\" \/>\n<meta name=\"twitter:label1\" content=\"Ber\u00e4knad l\u00e4stid\" \/>\n\t<meta name=\"twitter:data1\" content=\"3 minuter\" \/>\n<script type=\"application\/ld+json\" class=\"yoast-schema-graph\">{\"@context\":\"https:\/\/schema.org\",\"@graph\":[{\"@type\":\"WebPage\",\"@id\":\"https:\/\/curlsforyou.dk\/vare\/cantu-moisturizing-curl-activator-cream\/\",\"url\":\"https:\/\/curlsforyou.dk\/vare\/cantu-moisturizing-curl-activator-cream\/\",\"name\":\"Moisturizing Curl Activator Cream fra Cantu - K\u00f8b hos CurlsForYou nu\",\"isPartOf\":{\"@id\":\"https:\/\/curlsforyou.dk\/#website\"},\"primaryImageOfPage\":{\"@id\":\"https:\/\/curlsforyou.dk\/vare\/cantu-moisturizing-curl-activator-cream\/#primaryimage\"},\"image\":{\"@id\":\"https:\/\/curlsforyou.dk\/vare\/cantu-moisturizing-curl-activator-cream\/#primaryimage\"},\"thumbnailUrl\":\"https:\/\/curlsforyou.dk\/app\/uploads\/2019\/09\/MAM_9669053_SHOP_IMAGE_1.4nyt-billede.webp\",\"datePublished\":\"2019-09-08T19:34:12+00:00\",\"dateModified\":\"2026-04-25T07:27:15+00:00\",\"description\":\"Moisturizing Curl Activator Cream: Kr\u00f8lleaktiverende og fugtgivende creme til kr\u00f8llet h\u00e5r. Definerer kr\u00f8ller og mindsker krus.\",\"breadcrumb\":{\"@id\":\"https:\/\/curlsforyou.dk\/vare\/cantu-moisturizing-curl-activator-cream\/#breadcrumb\"},\"inLanguage\":\"sv-SE\",\"potentialAction\":[{\"@type\":\"ReadAction\",\"target\":[\"https:\/\/curlsforyou.dk\/vare\/cantu-moisturizing-curl-activator-cream\/\"]}]},{\"@type\":\"ImageObject\",\"inLanguage\":\"sv-SE\",\"@id\":\"https:\/\/curlsforyou.dk\/vare\/cantu-moisturizing-curl-activator-cream\/#primaryimage\",\"url\":\"https:\/\/curlsforyou.dk\/app\/uploads\/2019\/09\/MAM_9669053_SHOP_IMAGE_1.4nyt-billede.webp\",\"contentUrl\":\"https:\/\/curlsforyou.dk\/app\/uploads\/2019\/09\/MAM_9669053_SHOP_IMAGE_1.4nyt-billede.webp\",\"width\":600,\"height\":600},{\"@type\":\"BreadcrumbList\",\"@id\":\"https:\/\/curlsforyou.dk\/vare\/cantu-moisturizing-curl-activator-cream\/#breadcrumb\",\"itemListElement\":[{\"@type\":\"ListItem\",\"position\":1,\"name\":\"Hjem\",\"item\":\"https:\/\/curlsforyou.dk\/\"},{\"@type\":\"ListItem\",\"position\":2,\"name\":\"Shop\",\"item\":\"https:\/\/curlsforyou.dk\/shop\/\"},{\"@type\":\"ListItem\",\"position\":3,\"name\":\"Cantu &#8211; Moisturizing Curl Activator Cream\"}]},{\"@type\":\"WebSite\",\"@id\":\"https:\/\/curlsforyou.dk\/#website\",\"url\":\"https:\/\/curlsforyou.dk\/\",\"name\":\"\",\"description\":\"\",\"publisher\":{\"@id\":\"https:\/\/curlsforyou.dk\/#organization\"},\"potentialAction\":[{\"@type\":\"SearchAction\",\"target\":{\"@type\":\"EntryPoint\",\"urlTemplate\":\"https:\/\/curlsforyou.dk\/?s={search_term_string}\"},\"query-input\":{\"@type\":\"PropertyValueSpecification\",\"valueRequired\":true,\"valueName\":\"search_term_string\"}}],\"inLanguage\":\"sv-SE\"},{\"@type\":\"Organization\",\"@id\":\"https:\/\/curlsforyou.dk\/#organization\",\"name\":\"CurlsForYou\",\"url\":\"https:\/\/curlsforyou.dk\/\",\"logo\":{\"@type\":\"ImageObject\",\"inLanguage\":\"sv-SE\",\"@id\":\"https:\/\/curlsforyou.dk\/#\/schema\/logo\/image\/\",\"url\":\"\",\"contentUrl\":\"\",\"caption\":\"CurlsForYou\"},\"image\":{\"@id\":\"https:\/\/curlsforyou.dk\/#\/schema\/logo\/image\/\"},\"sameAs\":[\"https:\/\/www.facebook.com\/curlsforyou\",\"https:\/\/www.instagram.com\/curlsforyou.dk\/\"]}]}<\/script>\n<!-- \/ Yoast SEO plugin. -->","yoast_head_json":{"title":"Moisturizing Curl Activator Cream fra Cantu - K\u00f8b hos CurlsForYou nu","description":"Moisturizing Curl Activator Cream: Kr\u00f8lleaktiverende og fugtgivende creme til kr\u00f8llet h\u00e5r. Definerer kr\u00f8ller og mindsker krus.","robots":{"index":"index","follow":"follow","max-snippet":"max-snippet:-1","max-image-preview":"max-image-preview:large","max-video-preview":"max-video-preview:-1"},"canonical":"https:\/\/curlsforyou.dk\/se\/product\/cantu-moisturizing-curl-activator-cream\/","og_locale":"sv_SE","og_type":"article","og_title":"Moisturizing Curl Activator Cream fra Cantu - K\u00f8b hos CurlsForYou nu","og_description":"Moisturizing Curl Activator Cream: Kr\u00f8lleaktiverende og fugtgivende creme til kr\u00f8llet h\u00e5r. Definerer kr\u00f8ller og mindsker krus.","og_url":"https:\/\/curlsforyou.dk\/se\/product\/cantu-moisturizing-curl-activator-cream\/","article_publisher":"https:\/\/www.facebook.com\/curlsforyou","article_modified_time":"2026-04-25T07:27:15+00:00","og_image":[{"width":600,"height":600,"url":"https:\/\/curlsforyou.dk\/app\/uploads\/2019\/09\/MAM_9669053_SHOP_IMAGE_1.4nyt-billede.webp","type":"image\/webp"}],"twitter_card":"summary_large_image","twitter_misc":{"Ber\u00e4knad l\u00e4stid":"3 minuter"},"schema":{"@context":"https:\/\/schema.org","@graph":[{"@type":"WebPage","@id":"https:\/\/curlsforyou.dk\/vare\/cantu-moisturizing-curl-activator-cream\/","url":"https:\/\/curlsforyou.dk\/vare\/cantu-moisturizing-curl-activator-cream\/","name":"Moisturizing Curl Activator Cream fra Cantu - K\u00f8b hos CurlsForYou nu","isPartOf":{"@id":"https:\/\/curlsforyou.dk\/#website"},"primaryImageOfPage":{"@id":"https:\/\/curlsforyou.dk\/vare\/cantu-moisturizing-curl-activator-cream\/#primaryimage"},"image":{"@id":"https:\/\/curlsforyou.dk\/vare\/cantu-moisturizing-curl-activator-cream\/#primaryimage"},"thumbnailUrl":"https:\/\/curlsforyou.dk\/app\/uploads\/2019\/09\/MAM_9669053_SHOP_IMAGE_1.4nyt-billede.webp","datePublished":"2019-09-08T19:34:12+00:00","dateModified":"2026-04-25T07:27:15+00:00","description":"Moisturizing Curl Activator Cream: Kr\u00f8lleaktiverende og fugtgivende creme til kr\u00f8llet h\u00e5r. Definerer kr\u00f8ller og mindsker krus.","breadcrumb":{"@id":"https:\/\/curlsforyou.dk\/vare\/cantu-moisturizing-curl-activator-cream\/#breadcrumb"},"inLanguage":"sv-SE","potentialAction":[{"@type":"ReadAction","target":["https:\/\/curlsforyou.dk\/vare\/cantu-moisturizing-curl-activator-cream\/"]}]},{"@type":"ImageObject","inLanguage":"sv-SE","@id":"https:\/\/curlsforyou.dk\/vare\/cantu-moisturizing-curl-activator-cream\/#primaryimage","url":"https:\/\/curlsforyou.dk\/app\/uploads\/2019\/09\/MAM_9669053_SHOP_IMAGE_1.4nyt-billede.webp","contentUrl":"https:\/\/curlsforyou.dk\/app\/uploads\/2019\/09\/MAM_9669053_SHOP_IMAGE_1.4nyt-billede.webp","width":600,"height":600},{"@type":"BreadcrumbList","@id":"https:\/\/curlsforyou.dk\/vare\/cantu-moisturizing-curl-activator-cream\/#breadcrumb","itemListElement":[{"@type":"ListItem","position":1,"name":"Hjem","item":"https:\/\/curlsforyou.dk\/"},{"@type":"ListItem","position":2,"name":"Shop","item":"https:\/\/curlsforyou.dk\/shop\/"},{"@type":"ListItem","position":3,"name":"Cantu &#8211; Moisturizing Curl Activator Cream"}]},{"@type":"WebSite","@id":"https:\/\/curlsforyou.dk\/#website","url":"https:\/\/curlsforyou.dk\/","name":"","description":"","publisher":{"@id":"https:\/\/curlsforyou.dk\/#organization"},"potentialAction":[{"@type":"SearchAction","target":{"@type":"EntryPoint","urlTemplate":"https:\/\/curlsforyou.dk\/?s={search_term_string}"},"query-input":{"@type":"PropertyValueSpecification","valueRequired":true,"valueName":"search_term_string"}}],"inLanguage":"sv-SE"},{"@type":"Organization","@id":"https:\/\/curlsforyou.dk\/#organization","name":"CurlsForYou","url":"https:\/\/curlsforyou.dk\/","logo":{"@type":"ImageObject","inLanguage":"sv-SE","@id":"https:\/\/curlsforyou.dk\/#\/schema\/logo\/image\/","url":"","contentUrl":"","caption":"CurlsForYou"},"image":{"@id":"https:\/\/curlsforyou.dk\/#\/schema\/logo\/image\/"},"sameAs":["https:\/\/www.facebook.com\/curlsforyou","https:\/\/www.instagram.com\/curlsforyou.dk\/"]}]}},"brands":[{"id":117,"name":"Cantu","slug":"cantu"}],"_links":{"self":[{"href":"https:\/\/curlsforyou.dk\/se\/wp-json\/wp\/v2\/product\/1337","targetHints":{"allow":["GET"]}}],"collection":[{"href":"https:\/\/curlsforyou.dk\/se\/wp-json\/wp\/v2\/product"}],"about":[{"href":"https:\/\/curlsforyou.dk\/se\/wp-json\/wp\/v2\/types\/product"}],"replies":[{"embeddable":true,"href":"https:\/\/curlsforyou.dk\/se\/wp-json\/wp\/v2\/comments?post=1337"}],"version-history":[{"count":0,"href":"https:\/\/curlsforyou.dk\/se\/wp-json\/wp\/v2\/product\/1337\/revisions"}],"wp:featuredmedia":[{"embeddable":true,"href":"https:\/\/curlsforyou.dk\/se\/wp-json\/wp\/v2\/media\/75110"}],"wp:attachment":[{"href":"https:\/\/curlsforyou.dk\/se\/wp-json\/wp\/v2\/media?parent=1337"}],"wp:term":[{"taxonomy":"pwb-brand","embeddable":true,"href":"https:\/\/curlsforyou.dk\/se\/wp-json\/wp\/v2\/pwb-brand?post=1337"},{"taxonomy":"product_brand","embeddable":true,"href":"https:\/\/curlsforyou.dk\/se\/wp-json\/wp\/v2\/product_brand?post=1337"},{"taxonomy":"product_cat","embeddable":true,"href":"https:\/\/curlsforyou.dk\/se\/wp-json\/wp\/v2\/product_cat?post=1337"},{"taxonomy":"product_tag","embeddable":true,"href":"https:\/\/curlsforyou.dk\/se\/wp-json\/wp\/v2\/product_tag?post=1337"},{"taxonomy":"giftcard-category","embeddable":true,"href":"https:\/\/curlsforyou.dk\/se\/wp-json\/wp\/v2\/giftcard-category?post=1337"}],"curies":[{"name":"wp","href":"https:\/\/api.w.org\/{rel}","templated":true}]}}