{"id":125375,"date":"2026-05-05T20:00:54","date_gmt":"2026-05-05T18:00:54","guid":{"rendered":"https:\/\/curlsforyou.dk\/?post_type=product&#038;p=125375"},"modified":"2026-05-05T20:26:43","modified_gmt":"2026-05-05T18:26:43","slug":"flora-curl-baobab-marula-restorative-mist","status":"publish","type":"product","link":"https:\/\/curlsforyou.dk\/se\/product\/flora-curl-baobab-marula-restorative-mist\/","title":{"rendered":"Flora &#038; Curl &#8211; Baobab &#038; Marula Restorative Mist"},"content":{"rendered":"<h2 data-path-to-node=\"5\">Flora &amp; Curl Baobab &amp; Marula Restorative Mist \u2013 Daglig styrke og fugt p\u00e5 spray<\/h2>\n<p id=\"p-rc_70124b8e3f732917-375\" data-path-to-node=\"6\"><span data-path-to-node=\"6,0\">Giv dine kr\u00f8ller en frisk start hver eneste dag med <b data-path-to-node=\"6,0\" data-index-in-node=\"52\">Flora &amp; Curl Baobab &amp; Marula Restorative Mist<\/b>. Denne lette spray er den perfekte l\u00f8sning til de dage, hvor dit h\u00e5r f\u00f8les t\u00f8rt eller mangler liv mellem h\u00e5rvaske<\/span><span data-path-to-node=\"6,2\">. Den fungerer som en intensiv &#8220;t\u00f8rstslukker&#8221;, der \u00f8jeblikkeligt tr\u00e6nger ind i kr\u00f8llerne og giver dem fornyet elasticitet og styrke<\/span><span data-path-to-node=\"6,4\">.<\/span><\/p>\n<p id=\"p-rc_70124b8e3f732917-376\" data-path-to-node=\"7\"><span data-path-to-node=\"7,0\">Ved hj\u00e6lp af <b data-path-to-node=\"7,0\" data-index-in-node=\"13\">Baobab-protein<\/b> hj\u00e6lper sprayen med at genopbygge de svage punkter i h\u00e5rstr\u00e5et, mens den luksuri\u00f8se <b data-path-to-node=\"7,0\" data-index-in-node=\"112\">Marula-olie<\/b> forsegler fugten og giver en str\u00e5lende glans<\/span><span data-path-to-node=\"7,2\">. Den er ideel til dig, der f\u00f8lger <b data-path-to-node=\"7,2\" data-index-in-node=\"35\">Curly Girl Method<\/b>, da den er helt fri for silikone og udt\u00f8rrende alkoholer, hvilket sikrer, at dine kr\u00f8ller forbliver sunde og definerede uden at blive tyngede ned<\/span><span data-path-to-node=\"7,4\">.<\/span><\/p>\n<h3 data-path-to-node=\"8\">Fordele<\/h3>\n<ul data-path-to-node=\"9\">\n<li>\n<p id=\"p-rc_70124b8e3f732917-377\" data-path-to-node=\"9,0,0\"><span data-path-to-node=\"9,0,0,0\"><b data-path-to-node=\"9,0,0,0\" data-index-in-node=\"0\">\u00d8jeblikkelig hydrering<\/b> der v\u00e6kker dine kr\u00f8ller til live p\u00e5 f\u00e5 sekunder<\/span><span data-path-to-node=\"9,0,0,2\">.<\/span><\/p>\n<\/li>\n<li>\n<p id=\"p-rc_70124b8e3f732917-378\" data-path-to-node=\"9,1,0\"><span data-path-to-node=\"9,1,0,0\"><b data-path-to-node=\"9,1,0,0\" data-index-in-node=\"0\">Styrkende egenskaber<\/b> der reducerer kn\u00e6kkede h\u00e5rstr\u00e5 og spaltede spidser<\/span><span data-path-to-node=\"9,1,0,2\">.<\/span><\/p>\n<\/li>\n<li>\n<p id=\"p-rc_70124b8e3f732917-379\" data-path-to-node=\"9,2,0\"><span data-path-to-node=\"9,2,0,0\"><b data-path-to-node=\"9,2,0,0\" data-index-in-node=\"0\">Letv\u00e6gtsformel<\/b> der ikke efterlader ophobninger eller fedtet finish<\/span><span data-path-to-node=\"9,2,0,2\">.<\/span><\/p>\n<\/li>\n<li>\n<p id=\"p-rc_70124b8e3f732917-380\" data-path-to-node=\"9,3,0\"><span data-path-to-node=\"9,3,0,0\"><b data-path-to-node=\"9,3,0,0\" data-index-in-node=\"0\">T\u00e6mmer frizz<\/b> og flyvsk h\u00e5r ved at glatte h\u00e5rstr\u00e5ets overflade<\/span><span data-path-to-node=\"9,3,0,2\">.<\/span><\/p>\n<\/li>\n<li>\n<p id=\"p-rc_70124b8e3f732917-381\" data-path-to-node=\"9,4,0\"><span data-path-to-node=\"9,4,0,0\"><b data-path-to-node=\"9,4,0,0\" data-index-in-node=\"0\">Alsidig brug<\/b> der fungerer b\u00e5de i v\u00e5dt og t\u00f8rt h\u00e5r<\/span><span data-path-to-node=\"9,4,0,2\">.<\/span><\/p>\n<\/li>\n<\/ul>\n<h3 data-path-to-node=\"10\">Anvendelse<\/h3>\n<ol start=\"1\" data-path-to-node=\"11\">\n<li>\n<p id=\"p-rc_70124b8e3f732917-382\" data-path-to-node=\"11,0,0\"><span data-path-to-node=\"11,0,0,0\">Ryst flasken grundigt f\u00f8r brug for at aktivere de plejende olier<\/span><span data-path-to-node=\"11,0,0,2\">.<\/span><\/p>\n<\/li>\n<li>\n<p id=\"p-rc_70124b8e3f732917-383\" data-path-to-node=\"11,1,0\"><span data-path-to-node=\"11,1,0,0\"><b data-path-to-node=\"11,1,0,0\" data-index-in-node=\"0\">I v\u00e5dt h\u00e5r:<\/b> Spray j\u00e6vnt over nyvasket h\u00e5r som en leave-in behandling for ekstra styrke<\/span><span data-path-to-node=\"11,1,0,2\">.<\/span><\/p>\n<\/li>\n<li>\n<p id=\"p-rc_70124b8e3f732917-384\" data-path-to-node=\"11,2,0\"><span data-path-to-node=\"11,2,0,0\"><b data-path-to-node=\"11,2,0,0\" data-index-in-node=\"0\">I t\u00f8rt h\u00e5r:<\/b> Spray p\u00e5 dine kr\u00f8ller om morgenen eller i l\u00f8bet af dagen for at genaktivere formen og tilf\u00f8re fugt<\/span><span data-path-to-node=\"11,2,0,2\">.<\/span><\/p>\n<\/li>\n<li>\n<p id=\"p-rc_70124b8e3f732917-385\" data-path-to-node=\"11,3,0\"><span data-path-to-node=\"11,3,0,0\">Klem forsigtigt op i kr\u00f8llerne med h\u00e6nderne (<b data-path-to-node=\"11,3,0,0\" data-index-in-node=\"45\">scrunch<\/b>) for at fremme definitionen<\/span><span data-path-to-node=\"11,3,0,2\">.<\/span><\/p>\n<\/li>\n<li>\n<p id=\"p-rc_70124b8e3f732917-386\" data-path-to-node=\"11,4,0\"><span data-path-to-node=\"11,4,0,0\">Lad h\u00e5ret luftt\u00f8rre eller brug en diffuser for ekstra volumen<\/span><span data-path-to-node=\"11,4,0,2\">.<\/span><\/p>\n<div class=\"source-inline-chip-container ng-star-inserted\"><\/div>\n<p>&nbsp;<\/li>\n<\/ol>\n<hr data-path-to-node=\"12\" \/>","protected":false},"excerpt":{"rendered":"<ul>\n<li>\n<p data-path-to-node=\"3,0,0\"><span data-path-to-node=\"3,0,0,0\"><b data-path-to-node=\"3,0,0,0\" data-index-in-node=\"0\">Styrkende spray<\/b> der \u00f8jeblikkeligt fugter og genopliver tr\u00e6tte kr\u00f8ller<\/span><span data-path-to-node=\"3,0,0,2\">.<\/span><\/p>\n<\/li>\n<li>\n<p data-path-to-node=\"3,1,0\"><span data-path-to-node=\"3,1,0,0\">Beriget med <b data-path-to-node=\"3,1,0,0\" data-index-in-node=\"12\">Baobab-protein<\/b> for at reparere og beskytte h\u00e5rstr\u00e5et<\/span><span data-path-to-node=\"3,1,0,2\">.<\/span><\/p>\n<\/li>\n<li>\n<p data-path-to-node=\"3,2,0\"><span data-path-to-node=\"3,2,0,0\">Indeholder <b data-path-to-node=\"3,2,0,0\" data-index-in-node=\"11\">Marula-olie<\/b>, som tilf\u00f8rer glans og bl\u00f8dhed uden at tynge<\/span><span data-path-to-node=\"3,2,0,2\">.<\/span><\/p>\n<\/li>\n<li>\n<p data-path-to-node=\"3,3,0\"><span data-path-to-node=\"3,3,0,0\"><b data-path-to-node=\"3,3,0,0\" data-index-in-node=\"0\">Curly Girl-venlig<\/b> og perfekt som en daglig fugt-booster<\/span><span data-path-to-node=\"3,3,0,2\">.<\/span><\/p>\n<\/li>\n<li>\n<p id=\"p-rc_70124b8e3f732917-374\" data-path-to-node=\"3,4,0\"><span data-path-to-node=\"3,4,0,0\">St\u00f8rrelse: <b data-path-to-node=\"3,4,0,0\" data-index-in-node=\"11\">200 ml<\/b><\/span><span data-path-to-node=\"3,4,0,2\">.<\/span><\/p>\n<\/li>\n<\/ul>","protected":false},"featured_media":125387,"comment_status":"open","ping_status":"closed","template":"","meta":[],"pwb-brand":[44],"product_brand":[],"product_cat":[137],"product_tag":[275,89,92,42],"giftcard-category":[],"class_list":{"0":"post-125375","1":"product","2":"type-product","3":"status-publish","4":"has-post-thumbnail","6":"pwb-brand-floracurl","7":"product_cat-leave-in-balsam","8":"product_tag-glycerin-fri","9":"product_tag-organic","10":"product_tag-protein","11":"product_tag-vegan","13":"first","14":"instock","15":"taxable","16":"shipping-taxable","17":"purchasable","18":"product-type-simple"},"bundled_by":[],"bundle_stock_status":"instock","bundle_stock_quantity":12,"bundle_virtual":false,"bundle_layout":"","bundle_add_to_cart_form_location":"","bundle_editable_in_cart":false,"bundle_sold_individually_context":"","bundle_item_grouping":"","bundle_min_size":"","bundle_max_size":"","bundle_price":[],"bundled_items":[],"bundle_sell_ids":[],"supplier_id":null,"supplier_sku":"","barcode":null,"atum_controlled":true,"out_stock_date":null,"out_stock_threshold":null,"inheritable":false,"inbound_stock":0,"stock_on_hold":0,"sold_today":0,"sales_last_days":0,"reserved_stock":0,"customer_returns":0,"warehouse_damage":0,"lost_in_post":0,"other_logs":0,"out_stock_days":0,"lost_sales":0,"has_location":false,"update_date":"2026-05-06T09:55:00","atum_locations":[],"atum_stock_status":"instock","restock_status":false,"low_stock_amount":"","sales_update_date":"2026-05-06T09:55:00","calc_backorders":null,"yoast_head":"<!-- This site is optimized with the Yoast SEO plugin v25.6 - https:\/\/yoast.com\/wordpress\/plugins\/seo\/ -->\n<title>Flora &amp; Curl Baobab &amp; Marula Mist | Fugt &amp; Styrke Spray<\/title>\n<meta name=\"description\" content=\"Genopliv dine kr\u00f8ller med Flora &amp; Curl Baobab &amp; Marula Restorative Mist. Let spray med protein og fugt. K\u00f8b nu hos CurlsForYou!\" \/>\n<meta name=\"robots\" content=\"index, follow, max-snippet:-1, max-image-preview:large, max-video-preview:-1\" \/>\n<link rel=\"canonical\" href=\"https:\/\/curlsforyou.dk\/se\/product\/flora-curl-baobab-marula-restorative-mist\/\" \/>\n<meta property=\"og:locale\" content=\"sv_SE\" \/>\n<meta property=\"og:type\" content=\"article\" \/>\n<meta property=\"og:title\" content=\"Flora &amp; Curl Baobab &amp; Marula Mist | Fugt &amp; Styrke Spray\" \/>\n<meta property=\"og:description\" content=\"Genopliv dine kr\u00f8ller med Flora &amp; Curl Baobab &amp; Marula Restorative Mist. Let spray med protein og fugt. K\u00f8b nu hos CurlsForYou!\" \/>\n<meta property=\"og:url\" content=\"https:\/\/curlsforyou.dk\/se\/product\/flora-curl-baobab-marula-restorative-mist\/\" \/>\n<meta property=\"article:publisher\" content=\"https:\/\/www.facebook.com\/curlsforyou\" \/>\n<meta property=\"article:modified_time\" content=\"2026-05-05T18:26:43+00:00\" \/>\n<meta property=\"og:image\" content=\"https:\/\/curlsforyou.dk\/app\/uploads\/2026\/05\/Baobab-Marula-Restorative-Mist-for-curly-wavy-and-coily-black-afro-hair-by-Flora-Curl-Haircare_500x.webp\" \/>\n\t<meta property=\"og:image:width\" content=\"500\" \/>\n\t<meta property=\"og:image:height\" content=\"500\" \/>\n\t<meta property=\"og:image:type\" content=\"image\/webp\" \/>\n<meta name=\"twitter:card\" content=\"summary_large_image\" \/>\n<meta name=\"twitter:label1\" content=\"Ber\u00e4knad l\u00e4stid\" \/>\n\t<meta name=\"twitter:data1\" content=\"2 minuter\" \/>\n<script type=\"application\/ld+json\" class=\"yoast-schema-graph\">{\"@context\":\"https:\/\/schema.org\",\"@graph\":[{\"@type\":\"WebPage\",\"@id\":\"https:\/\/curlsforyou.dk\/vare\/flora-curl-baobab-marula-restorative-mist\/\",\"url\":\"https:\/\/curlsforyou.dk\/vare\/flora-curl-baobab-marula-restorative-mist\/\",\"name\":\"Flora & Curl Baobab & Marula Mist | Fugt & Styrke Spray\",\"isPartOf\":{\"@id\":\"https:\/\/curlsforyou.dk\/#website\"},\"primaryImageOfPage\":{\"@id\":\"https:\/\/curlsforyou.dk\/vare\/flora-curl-baobab-marula-restorative-mist\/#primaryimage\"},\"image\":{\"@id\":\"https:\/\/curlsforyou.dk\/vare\/flora-curl-baobab-marula-restorative-mist\/#primaryimage\"},\"thumbnailUrl\":\"https:\/\/curlsforyou.dk\/app\/uploads\/2026\/05\/Baobab-Marula-Restorative-Mist-for-curly-wavy-and-coily-black-afro-hair-by-Flora-Curl-Haircare_500x.webp\",\"datePublished\":\"2026-05-05T18:00:54+00:00\",\"dateModified\":\"2026-05-05T18:26:43+00:00\",\"description\":\"Genopliv dine kr\u00f8ller med Flora & Curl Baobab & Marula Restorative Mist. Let spray med protein og fugt. K\u00f8b nu hos CurlsForYou!\",\"breadcrumb\":{\"@id\":\"https:\/\/curlsforyou.dk\/vare\/flora-curl-baobab-marula-restorative-mist\/#breadcrumb\"},\"inLanguage\":\"sv-SE\",\"potentialAction\":[{\"@type\":\"ReadAction\",\"target\":[\"https:\/\/curlsforyou.dk\/vare\/flora-curl-baobab-marula-restorative-mist\/\"]}]},{\"@type\":\"ImageObject\",\"inLanguage\":\"sv-SE\",\"@id\":\"https:\/\/curlsforyou.dk\/vare\/flora-curl-baobab-marula-restorative-mist\/#primaryimage\",\"url\":\"https:\/\/curlsforyou.dk\/app\/uploads\/2026\/05\/Baobab-Marula-Restorative-Mist-for-curly-wavy-and-coily-black-afro-hair-by-Flora-Curl-Haircare_500x.webp\",\"contentUrl\":\"https:\/\/curlsforyou.dk\/app\/uploads\/2026\/05\/Baobab-Marula-Restorative-Mist-for-curly-wavy-and-coily-black-afro-hair-by-Flora-Curl-Haircare_500x.webp\",\"width\":500,\"height\":500,\"caption\":\"Flora & Curl Baobab & Marula Restorative Mist main picture on white background\"},{\"@type\":\"BreadcrumbList\",\"@id\":\"https:\/\/curlsforyou.dk\/vare\/flora-curl-baobab-marula-restorative-mist\/#breadcrumb\",\"itemListElement\":[{\"@type\":\"ListItem\",\"position\":1,\"name\":\"Hjem\",\"item\":\"https:\/\/curlsforyou.dk\/\"},{\"@type\":\"ListItem\",\"position\":2,\"name\":\"Shop\",\"item\":\"https:\/\/curlsforyou.dk\/shop\/\"},{\"@type\":\"ListItem\",\"position\":3,\"name\":\"Flora &#038; Curl &#8211; Baobab &#038; Marula Restorative Mist\"}]},{\"@type\":\"WebSite\",\"@id\":\"https:\/\/curlsforyou.dk\/#website\",\"url\":\"https:\/\/curlsforyou.dk\/\",\"name\":\"\",\"description\":\"\",\"publisher\":{\"@id\":\"https:\/\/curlsforyou.dk\/#organization\"},\"potentialAction\":[{\"@type\":\"SearchAction\",\"target\":{\"@type\":\"EntryPoint\",\"urlTemplate\":\"https:\/\/curlsforyou.dk\/?s={search_term_string}\"},\"query-input\":{\"@type\":\"PropertyValueSpecification\",\"valueRequired\":true,\"valueName\":\"search_term_string\"}}],\"inLanguage\":\"sv-SE\"},{\"@type\":\"Organization\",\"@id\":\"https:\/\/curlsforyou.dk\/#organization\",\"name\":\"CurlsForYou\",\"url\":\"https:\/\/curlsforyou.dk\/\",\"logo\":{\"@type\":\"ImageObject\",\"inLanguage\":\"sv-SE\",\"@id\":\"https:\/\/curlsforyou.dk\/#\/schema\/logo\/image\/\",\"url\":\"\",\"contentUrl\":\"\",\"caption\":\"CurlsForYou\"},\"image\":{\"@id\":\"https:\/\/curlsforyou.dk\/#\/schema\/logo\/image\/\"},\"sameAs\":[\"https:\/\/www.facebook.com\/curlsforyou\",\"https:\/\/www.instagram.com\/curlsforyou.dk\/\"]}]}<\/script>\n<!-- \/ Yoast SEO plugin. -->","yoast_head_json":{"title":"Flora & Curl Baobab & Marula Mist | Fugt & Styrke Spray","description":"Genopliv dine kr\u00f8ller med Flora & Curl Baobab & Marula Restorative Mist. Let spray med protein og fugt. K\u00f8b nu hos CurlsForYou!","robots":{"index":"index","follow":"follow","max-snippet":"max-snippet:-1","max-image-preview":"max-image-preview:large","max-video-preview":"max-video-preview:-1"},"canonical":"https:\/\/curlsforyou.dk\/se\/product\/flora-curl-baobab-marula-restorative-mist\/","og_locale":"sv_SE","og_type":"article","og_title":"Flora & Curl Baobab & Marula Mist | Fugt & Styrke Spray","og_description":"Genopliv dine kr\u00f8ller med Flora & Curl Baobab & Marula Restorative Mist. Let spray med protein og fugt. K\u00f8b nu hos CurlsForYou!","og_url":"https:\/\/curlsforyou.dk\/se\/product\/flora-curl-baobab-marula-restorative-mist\/","article_publisher":"https:\/\/www.facebook.com\/curlsforyou","article_modified_time":"2026-05-05T18:26:43+00:00","og_image":[{"width":500,"height":500,"url":"https:\/\/curlsforyou.dk\/app\/uploads\/2026\/05\/Baobab-Marula-Restorative-Mist-for-curly-wavy-and-coily-black-afro-hair-by-Flora-Curl-Haircare_500x.webp","type":"image\/webp"}],"twitter_card":"summary_large_image","twitter_misc":{"Ber\u00e4knad l\u00e4stid":"2 minuter"},"schema":{"@context":"https:\/\/schema.org","@graph":[{"@type":"WebPage","@id":"https:\/\/curlsforyou.dk\/vare\/flora-curl-baobab-marula-restorative-mist\/","url":"https:\/\/curlsforyou.dk\/vare\/flora-curl-baobab-marula-restorative-mist\/","name":"Flora & Curl Baobab & Marula Mist | Fugt & Styrke Spray","isPartOf":{"@id":"https:\/\/curlsforyou.dk\/#website"},"primaryImageOfPage":{"@id":"https:\/\/curlsforyou.dk\/vare\/flora-curl-baobab-marula-restorative-mist\/#primaryimage"},"image":{"@id":"https:\/\/curlsforyou.dk\/vare\/flora-curl-baobab-marula-restorative-mist\/#primaryimage"},"thumbnailUrl":"https:\/\/curlsforyou.dk\/app\/uploads\/2026\/05\/Baobab-Marula-Restorative-Mist-for-curly-wavy-and-coily-black-afro-hair-by-Flora-Curl-Haircare_500x.webp","datePublished":"2026-05-05T18:00:54+00:00","dateModified":"2026-05-05T18:26:43+00:00","description":"Genopliv dine kr\u00f8ller med Flora & Curl Baobab & Marula Restorative Mist. Let spray med protein og fugt. K\u00f8b nu hos CurlsForYou!","breadcrumb":{"@id":"https:\/\/curlsforyou.dk\/vare\/flora-curl-baobab-marula-restorative-mist\/#breadcrumb"},"inLanguage":"sv-SE","potentialAction":[{"@type":"ReadAction","target":["https:\/\/curlsforyou.dk\/vare\/flora-curl-baobab-marula-restorative-mist\/"]}]},{"@type":"ImageObject","inLanguage":"sv-SE","@id":"https:\/\/curlsforyou.dk\/vare\/flora-curl-baobab-marula-restorative-mist\/#primaryimage","url":"https:\/\/curlsforyou.dk\/app\/uploads\/2026\/05\/Baobab-Marula-Restorative-Mist-for-curly-wavy-and-coily-black-afro-hair-by-Flora-Curl-Haircare_500x.webp","contentUrl":"https:\/\/curlsforyou.dk\/app\/uploads\/2026\/05\/Baobab-Marula-Restorative-Mist-for-curly-wavy-and-coily-black-afro-hair-by-Flora-Curl-Haircare_500x.webp","width":500,"height":500,"caption":"Flora & Curl Baobab & Marula Restorative Mist main picture on white background"},{"@type":"BreadcrumbList","@id":"https:\/\/curlsforyou.dk\/vare\/flora-curl-baobab-marula-restorative-mist\/#breadcrumb","itemListElement":[{"@type":"ListItem","position":1,"name":"Hjem","item":"https:\/\/curlsforyou.dk\/"},{"@type":"ListItem","position":2,"name":"Shop","item":"https:\/\/curlsforyou.dk\/shop\/"},{"@type":"ListItem","position":3,"name":"Flora &#038; Curl &#8211; Baobab &#038; Marula Restorative Mist"}]},{"@type":"WebSite","@id":"https:\/\/curlsforyou.dk\/#website","url":"https:\/\/curlsforyou.dk\/","name":"","description":"","publisher":{"@id":"https:\/\/curlsforyou.dk\/#organization"},"potentialAction":[{"@type":"SearchAction","target":{"@type":"EntryPoint","urlTemplate":"https:\/\/curlsforyou.dk\/?s={search_term_string}"},"query-input":{"@type":"PropertyValueSpecification","valueRequired":true,"valueName":"search_term_string"}}],"inLanguage":"sv-SE"},{"@type":"Organization","@id":"https:\/\/curlsforyou.dk\/#organization","name":"CurlsForYou","url":"https:\/\/curlsforyou.dk\/","logo":{"@type":"ImageObject","inLanguage":"sv-SE","@id":"https:\/\/curlsforyou.dk\/#\/schema\/logo\/image\/","url":"","contentUrl":"","caption":"CurlsForYou"},"image":{"@id":"https:\/\/curlsforyou.dk\/#\/schema\/logo\/image\/"},"sameAs":["https:\/\/www.facebook.com\/curlsforyou","https:\/\/www.instagram.com\/curlsforyou.dk\/"]}]}},"brands":[{"id":44,"name":"Flora &amp; Curl","slug":"floracurl"}],"_links":{"self":[{"href":"https:\/\/curlsforyou.dk\/se\/wp-json\/wp\/v2\/product\/125375","targetHints":{"allow":["GET"]}}],"collection":[{"href":"https:\/\/curlsforyou.dk\/se\/wp-json\/wp\/v2\/product"}],"about":[{"href":"https:\/\/curlsforyou.dk\/se\/wp-json\/wp\/v2\/types\/product"}],"replies":[{"embeddable":true,"href":"https:\/\/curlsforyou.dk\/se\/wp-json\/wp\/v2\/comments?post=125375"}],"version-history":[{"count":0,"href":"https:\/\/curlsforyou.dk\/se\/wp-json\/wp\/v2\/product\/125375\/revisions"}],"wp:featuredmedia":[{"embeddable":true,"href":"https:\/\/curlsforyou.dk\/se\/wp-json\/wp\/v2\/media\/125387"}],"wp:attachment":[{"href":"https:\/\/curlsforyou.dk\/se\/wp-json\/wp\/v2\/media?parent=125375"}],"wp:term":[{"taxonomy":"pwb-brand","embeddable":true,"href":"https:\/\/curlsforyou.dk\/se\/wp-json\/wp\/v2\/pwb-brand?post=125375"},{"taxonomy":"product_brand","embeddable":true,"href":"https:\/\/curlsforyou.dk\/se\/wp-json\/wp\/v2\/product_brand?post=125375"},{"taxonomy":"product_cat","embeddable":true,"href":"https:\/\/curlsforyou.dk\/se\/wp-json\/wp\/v2\/product_cat?post=125375"},{"taxonomy":"product_tag","embeddable":true,"href":"https:\/\/curlsforyou.dk\/se\/wp-json\/wp\/v2\/product_tag?post=125375"},{"taxonomy":"giftcard-category","embeddable":true,"href":"https:\/\/curlsforyou.dk\/se\/wp-json\/wp\/v2\/giftcard-category?post=125375"}],"curies":[{"name":"wp","href":"https:\/\/api.w.org\/{rel}","templated":true}]}}