{"id":125362,"date":"2026-05-05T16:11:01","date_gmt":"2026-05-05T14:11:01","guid":{"rendered":"https:\/\/curlsforyou.dk\/?post_type=product&#038;p=125362"},"modified":"2026-05-05T16:11:02","modified_gmt":"2026-05-05T14:11:02","slug":"flora-curl-baobab-marula-conditioner-styrke-til-kroeller","status":"publish","type":"product","link":"https:\/\/curlsforyou.dk\/se\/product\/flora-curl-baobab-marula-conditioner-styrke-til-kroeller\/","title":{"rendered":"Flora &#038; Curl &#8211; Baobab &#038; Marula Restorative Conditioner"},"content":{"rendered":"<h2 data-path-to-node=\"5\">Flora &amp; Curl Baobab &amp; Marula Restorative Conditioner \u2013 Intensiv styrke til dine kr\u00f8ller<\/h2>\n<p data-path-to-node=\"6\"><span data-path-to-node=\"6,0\">Giv dine kr\u00f8ller den ultimative redningsplanke med <b data-path-to-node=\"6,0\" data-index-in-node=\"51\">Flora &amp; Curl Baobab &amp; Marula Restorative Conditioner<\/b>. Denne balsam er skabt til dig, hvis kr\u00f8ller f\u00f8les tr\u00e6tte, t\u00f8rre eller har taget skade af farvning og varmestyling. Ved at kombinere naturens mest potente ingredienser leverer denne balsam en n\u00f8dvendig dosis <b data-path-to-node=\"6,0\" data-index-in-node=\"312\">styrke og fugt<\/b>, der efterlader h\u00e5ret sundere og mere modstandsdygtigt<\/span><span data-path-to-node=\"6,2\">.<\/span><\/p>\n<p data-path-to-node=\"7\"><span data-path-to-node=\"7,0\">Hemmeligheden bag den genopbyggende effekt er <b data-path-to-node=\"7,0\" data-index-in-node=\"46\">Baobab-protein<\/b>, som fungerer som en naturlig &#8220;reparat\u00f8r&#8221; ved at udfylde huller i h\u00e5rstr\u00e5et, mens den luksuri\u00f8se <b data-path-to-node=\"7,0\" data-index-in-node=\"158\">Marula-olie<\/b> forsegler fugten og t\u00e6mmer <b data-path-to-node=\"7,0\" data-index-in-node=\"197\">frizz<\/b>. Sammen med <b data-path-to-node=\"7,0\" data-index-in-node=\"215\">Aloe Vera<\/b> och <b data-path-to-node=\"7,0\" data-index-in-node=\"228\">E-vitamin<\/b> s\u00f8rger formlen for, at dine kr\u00f8ller f\u00e5r fornyet glans og en utrolig bl\u00f8dhed, der g\u00f8r din <b data-path-to-node=\"7,0\" data-index-in-node=\"327\">detangling<\/b> rutine til en leg<\/span><span data-path-to-node=\"7,2\">.<\/span><\/p>\n<h3 data-path-to-node=\"8\">Fordele<\/h3>\n<ul data-path-to-node=\"9\">\n<li>\n<p data-path-to-node=\"9,0,0\"><span data-path-to-node=\"9,0,0,0\"><b data-path-to-node=\"9,0,0,0\" data-index-in-node=\"0\">Genopbygger skadet h\u00e5r<\/b> indefra med kraftfulde plantereparat\u00f8rer<\/span><span data-path-to-node=\"9,0,0,2\">.<\/span><\/p>\n<\/li>\n<li>\n<p data-path-to-node=\"9,0,0\"><span data-path-to-node=\"9,1,0,0\"><b data-path-to-node=\"9,1,0,0\" data-index-in-node=\"0\">\u00d8ger elasticiteten<\/b>, s\u00e5 dine kr\u00f8ller bliver sp\u00e6ndstige og mindre tilb\u00f8jelige til at kn\u00e6kke<\/span><span data-path-to-node=\"9,1,0,2\">.<\/span><\/p>\n<\/li>\n<li>\n<p data-path-to-node=\"9,2,0\"><span data-path-to-node=\"9,2,0,0\"><b data-path-to-node=\"9,2,0,0\" data-index-in-node=\"0\">Dybdeg\u00e5ende hydrering<\/b> der modvirker t\u00f8rhed og mat h\u00e5r<\/span><span data-path-to-node=\"9,2,0,2\">.<\/span><\/p>\n<\/li>\n<li>\n<p data-path-to-node=\"9,3,0\"><span data-path-to-node=\"9,3,0,0\"><b data-path-to-node=\"9,3,0,0\" data-index-in-node=\"0\">Giver ekstrem glans<\/b> og g\u00f8r h\u00e5ret lettere at styre og rede ud<\/span><span data-path-to-node=\"9,3,0,2\">.<\/span><\/p>\n<\/li>\n<li>\n<p data-path-to-node=\"9,4,0\"><span data-path-to-node=\"9,4,0,0\"><b data-path-to-node=\"9,4,0,0\" data-index-in-node=\"0\">Naturlig luksus<\/b> med en frisk duft af citrus og blomster<\/span><span data-path-to-node=\"9,4,0,2\">.<\/span><\/p>\n<\/li>\n<\/ul>\n<h3 data-path-to-node=\"10\">Anvendelse<\/h3>\n<ol start=\"1\" data-path-to-node=\"11\">\n<li>\n<p data-path-to-node=\"11,0,0\"><span data-path-to-node=\"11,0,0,0\">Efter vask med en rensende shampoo, p\u00e5f\u00f8res balsammen i <b data-path-to-node=\"11,0,0,0\" data-index-in-node=\"101\">v\u00e5dt h\u00e5r<\/b><\/span><span data-path-to-node=\"11,0,0,2\">.<\/span><\/p>\n<\/li>\n<li>\n<p data-path-to-node=\"11,1,0\"><span data-path-to-node=\"11,1,0,0\">Fordel produktet j\u00e6vnt i l\u00e6ngderne med fokus p\u00e5 de mest <b data-path-to-node=\"11,1,0,0\" data-index-in-node=\"56\">t\u00f8rre spidser<\/b><\/span><span data-path-to-node=\"11,1,0,2\">.<\/span><\/p>\n<\/li>\n<li>\n<p data-path-to-node=\"11,2,0\"><span data-path-to-node=\"11,2,0,0\">Brug fingrene eller en bredtandet kam til forsigtigt at fjerne knuder, mens produktet giver <b data-path-to-node=\"11,2,0,0\" data-index-in-node=\"92\">slip<\/b><\/span><span data-path-to-node=\"11,2,0,2\">.<\/span><\/p>\n<\/li>\n<li>\n<p data-path-to-node=\"11,3,0\"><span data-path-to-node=\"11,3,0,0\">Lad balsammen virke i <strong>10<\/strong><b data-path-to-node=\"11,3,0,0\" data-index-in-node=\"22\">-15 minutter<\/b> for at opn\u00e5 maksimal styrkende effekt<\/span><span data-path-to-node=\"11,3,0,2\">. Gerne med en shower cap p\u00e5.<\/span><\/p>\n<\/li>\n<li>\n<p id=\"p-rc_760672df4a3c3bb4-249\" data-path-to-node=\"11,4,0\"><span data-path-to-node=\"11,4,0,0\">Skyl grundigt efter med lunkent eller k\u00f8ligt vand for at <b data-path-to-node=\"11,4,0,0\" data-index-in-node=\"57\">forsegle fugten<\/b> i h\u00e5rstr\u00e5et<\/span><span data-path-to-node=\"11,4,0,2\">.<\/span><\/p>\n<\/li>\n<\/ol>","protected":false},"excerpt":{"rendered":"<ul>\n<li>\n<p data-path-to-node=\"3,0,0\"><span data-path-to-node=\"3,0,0,0\"><b data-path-to-node=\"3,0,0,0\" data-index-in-node=\"0\">Styrkende balsam<\/b> der er designet til at reparere og genopbygge t\u00f8rt og skadet h\u00e5r<\/span><span data-path-to-node=\"3,0,0,2\">.<\/span><\/p>\n<\/li>\n<li>\n<p data-path-to-node=\"3,1,0\"><span data-path-to-node=\"3,1,0,0\">Indeholder <b data-path-to-node=\"3,1,0,0\" data-index-in-node=\"11\">Baobab-protein<\/b>, som aktivt forbedrer h\u00e5rets elasticitet og modstandskraft<\/span><span data-path-to-node=\"3,1,0,2\">.<\/span><\/p>\n<\/li>\n<li>\n<p data-path-to-node=\"3,2,0\"><span data-path-to-node=\"3,2,0,0\">Beriget med luksuri\u00f8s <b data-path-to-node=\"3,2,0,0\" data-index-in-node=\"22\">Marula-olie<\/b>, der tilf\u00f8rer glans og forsegler fugten i kr\u00f8llerne<\/span><span data-path-to-node=\"3,2,0,2\">.<\/span><\/p>\n<\/li>\n<li>\n<p data-path-to-node=\"3,3,0\"><span data-path-to-node=\"3,3,0,0\"><b data-path-to-node=\"3,3,0,0\" data-index-in-node=\"0\">Curly Girl-venlig<\/b> formel, der er helt fri for silikone, sulfater og udt\u00f8rrende alkohol<\/span><span data-path-to-node=\"3,3,0,2\">.<\/span><\/p>\n<\/li>\n<li>\n<p id=\"p-rc_524880da057acb47-292\" data-path-to-node=\"3,4,0\"><span data-path-to-node=\"3,4,0,0\">St\u00f8rrelse: <b data-path-to-node=\"3,4,0,0\" data-index-in-node=\"11\">300 ml<\/b><\/span><span data-path-to-node=\"3,4,0,2\">.<\/span><\/p>\n<\/li>\n<\/ul>","protected":false},"featured_media":125369,"comment_status":"open","ping_status":"closed","template":"","meta":[],"pwb-brand":[44],"product_brand":[],"product_cat":[138],"product_tag":[],"giftcard-category":[],"class_list":{"0":"post-125362","1":"product","2":"type-product","3":"status-publish","4":"has-post-thumbnail","6":"pwb-brand-floracurl","7":"product_cat-plejebalsam","9":"first","10":"instock","11":"taxable","12":"shipping-taxable","13":"purchasable","14":"product-type-simple"},"bundled_by":[],"bundle_stock_status":"instock","bundle_stock_quantity":12,"bundle_virtual":false,"bundle_layout":"","bundle_add_to_cart_form_location":"","bundle_editable_in_cart":false,"bundle_sold_individually_context":"","bundle_item_grouping":"","bundle_min_size":"","bundle_max_size":"","bundle_price":[],"bundled_items":[],"bundle_sell_ids":[],"supplier_id":null,"supplier_sku":"","barcode":null,"atum_controlled":true,"out_stock_date":null,"out_stock_threshold":null,"inheritable":false,"inbound_stock":null,"stock_on_hold":null,"sold_today":null,"sales_last_days":null,"reserved_stock":null,"customer_returns":null,"warehouse_damage":null,"lost_in_post":null,"other_logs":null,"out_stock_days":null,"lost_sales":null,"has_location":false,"update_date":"2026-05-05T14:11:06","atum_locations":[],"atum_stock_status":"instock","restock_status":false,"low_stock_amount":"","sales_update_date":null,"calc_backorders":null,"yoast_head":"<!-- This site is optimized with the Yoast SEO plugin v25.6 - https:\/\/yoast.com\/wordpress\/plugins\/seo\/ -->\n<title>Flora &amp; Curl - Baobab &amp; Marula Restorative Conditioner -<\/title>\n<meta name=\"description\" content=\"Reparer og styrk dine kr\u00f8ller med Flora &amp; Curl Baobab &amp; Marula Conditioner. Ideel til skadet h\u00e5r. Bestil hos CurlsForYou og f\u00e5 sunde kr\u00f8ller nu!\" \/>\n<meta name=\"robots\" content=\"index, follow, max-snippet:-1, max-image-preview:large, max-video-preview:-1\" \/>\n<link rel=\"canonical\" href=\"https:\/\/curlsforyou.dk\/se\/product\/flora-curl-baobab-marula-conditioner-styrke-til-kroeller\/\" \/>\n<meta property=\"og:locale\" content=\"sv_SE\" \/>\n<meta property=\"og:type\" content=\"article\" \/>\n<meta property=\"og:title\" content=\"Flora &amp; Curl - Baobab &amp; Marula Restorative Conditioner -\" \/>\n<meta property=\"og:description\" content=\"Reparer og styrk dine kr\u00f8ller med Flora &amp; Curl Baobab &amp; Marula Conditioner. Ideel til skadet h\u00e5r. Bestil hos CurlsForYou og f\u00e5 sunde kr\u00f8ller nu!\" \/>\n<meta property=\"og:url\" content=\"https:\/\/curlsforyou.dk\/se\/product\/flora-curl-baobab-marula-conditioner-styrke-til-kroeller\/\" \/>\n<meta property=\"article:publisher\" content=\"https:\/\/www.facebook.com\/curlsforyou\" \/>\n<meta property=\"article:modified_time\" content=\"2026-05-05T14:11:02+00:00\" \/>\n<meta property=\"og:image\" content=\"https:\/\/curlsforyou.dk\/app\/uploads\/2026\/05\/Baobab-Marula-Restorative-Conditioner-for-curly-wavy-and-coily-black-afro-hair-by-Flora-Curl-Haircare_500x.webp\" \/>\n\t<meta property=\"og:image:width\" content=\"500\" \/>\n\t<meta property=\"og:image:height\" content=\"500\" \/>\n\t<meta property=\"og:image:type\" content=\"image\/webp\" \/>\n<meta name=\"twitter:card\" content=\"summary_large_image\" \/>\n<meta name=\"twitter:label1\" content=\"Ber\u00e4knad l\u00e4stid\" \/>\n\t<meta name=\"twitter:data1\" content=\"2 minuter\" \/>\n<script type=\"application\/ld+json\" class=\"yoast-schema-graph\">{\"@context\":\"https:\/\/schema.org\",\"@graph\":[{\"@type\":\"WebPage\",\"@id\":\"https:\/\/curlsforyou.dk\/vare\/flora-curl-baobab-marula-conditioner-styrke-til-kroeller\/\",\"url\":\"https:\/\/curlsforyou.dk\/vare\/flora-curl-baobab-marula-conditioner-styrke-til-kroeller\/\",\"name\":\"Flora & Curl - Baobab & Marula Restorative Conditioner -\",\"isPartOf\":{\"@id\":\"https:\/\/curlsforyou.dk\/#website\"},\"primaryImageOfPage\":{\"@id\":\"https:\/\/curlsforyou.dk\/vare\/flora-curl-baobab-marula-conditioner-styrke-til-kroeller\/#primaryimage\"},\"image\":{\"@id\":\"https:\/\/curlsforyou.dk\/vare\/flora-curl-baobab-marula-conditioner-styrke-til-kroeller\/#primaryimage\"},\"thumbnailUrl\":\"https:\/\/curlsforyou.dk\/app\/uploads\/2026\/05\/Baobab-Marula-Restorative-Conditioner-for-curly-wavy-and-coily-black-afro-hair-by-Flora-Curl-Haircare_500x.webp\",\"datePublished\":\"2026-05-05T14:11:01+00:00\",\"dateModified\":\"2026-05-05T14:11:02+00:00\",\"description\":\"Reparer og styrk dine kr\u00f8ller med Flora & Curl Baobab & Marula Conditioner. Ideel til skadet h\u00e5r. Bestil hos CurlsForYou og f\u00e5 sunde kr\u00f8ller nu!\",\"breadcrumb\":{\"@id\":\"https:\/\/curlsforyou.dk\/vare\/flora-curl-baobab-marula-conditioner-styrke-til-kroeller\/#breadcrumb\"},\"inLanguage\":\"sv-SE\",\"potentialAction\":[{\"@type\":\"ReadAction\",\"target\":[\"https:\/\/curlsforyou.dk\/vare\/flora-curl-baobab-marula-conditioner-styrke-til-kroeller\/\"]}]},{\"@type\":\"ImageObject\",\"inLanguage\":\"sv-SE\",\"@id\":\"https:\/\/curlsforyou.dk\/vare\/flora-curl-baobab-marula-conditioner-styrke-til-kroeller\/#primaryimage\",\"url\":\"https:\/\/curlsforyou.dk\/app\/uploads\/2026\/05\/Baobab-Marula-Restorative-Conditioner-for-curly-wavy-and-coily-black-afro-hair-by-Flora-Curl-Haircare_500x.webp\",\"contentUrl\":\"https:\/\/curlsforyou.dk\/app\/uploads\/2026\/05\/Baobab-Marula-Restorative-Conditioner-for-curly-wavy-and-coily-black-afro-hair-by-Flora-Curl-Haircare_500x.webp\",\"width\":500,\"height\":500,\"caption\":\"Flora & Curl - Baobab & Marula Restorative Conditioner\"},{\"@type\":\"BreadcrumbList\",\"@id\":\"https:\/\/curlsforyou.dk\/vare\/flora-curl-baobab-marula-conditioner-styrke-til-kroeller\/#breadcrumb\",\"itemListElement\":[{\"@type\":\"ListItem\",\"position\":1,\"name\":\"Hjem\",\"item\":\"https:\/\/curlsforyou.dk\/\"},{\"@type\":\"ListItem\",\"position\":2,\"name\":\"Shop\",\"item\":\"https:\/\/curlsforyou.dk\/shop\/\"},{\"@type\":\"ListItem\",\"position\":3,\"name\":\"Flora &#038; Curl &#8211; Baobab &#038; Marula Restorative Conditioner\"}]},{\"@type\":\"WebSite\",\"@id\":\"https:\/\/curlsforyou.dk\/#website\",\"url\":\"https:\/\/curlsforyou.dk\/\",\"name\":\"\",\"description\":\"\",\"publisher\":{\"@id\":\"https:\/\/curlsforyou.dk\/#organization\"},\"potentialAction\":[{\"@type\":\"SearchAction\",\"target\":{\"@type\":\"EntryPoint\",\"urlTemplate\":\"https:\/\/curlsforyou.dk\/?s={search_term_string}\"},\"query-input\":{\"@type\":\"PropertyValueSpecification\",\"valueRequired\":true,\"valueName\":\"search_term_string\"}}],\"inLanguage\":\"sv-SE\"},{\"@type\":\"Organization\",\"@id\":\"https:\/\/curlsforyou.dk\/#organization\",\"name\":\"CurlsForYou\",\"url\":\"https:\/\/curlsforyou.dk\/\",\"logo\":{\"@type\":\"ImageObject\",\"inLanguage\":\"sv-SE\",\"@id\":\"https:\/\/curlsforyou.dk\/#\/schema\/logo\/image\/\",\"url\":\"\",\"contentUrl\":\"\",\"caption\":\"CurlsForYou\"},\"image\":{\"@id\":\"https:\/\/curlsforyou.dk\/#\/schema\/logo\/image\/\"},\"sameAs\":[\"https:\/\/www.facebook.com\/curlsforyou\",\"https:\/\/www.instagram.com\/curlsforyou.dk\/\"]}]}<\/script>\n<!-- \/ Yoast SEO plugin. -->","yoast_head_json":{"title":"Flora & Curl - Baobab & Marula Restorative Conditioner -","description":"Reparer og styrk dine kr\u00f8ller med Flora & Curl Baobab & Marula Conditioner. Ideel til skadet h\u00e5r. Bestil hos CurlsForYou og f\u00e5 sunde kr\u00f8ller nu!","robots":{"index":"index","follow":"follow","max-snippet":"max-snippet:-1","max-image-preview":"max-image-preview:large","max-video-preview":"max-video-preview:-1"},"canonical":"https:\/\/curlsforyou.dk\/se\/product\/flora-curl-baobab-marula-conditioner-styrke-til-kroeller\/","og_locale":"sv_SE","og_type":"article","og_title":"Flora & Curl - Baobab & Marula Restorative Conditioner -","og_description":"Reparer og styrk dine kr\u00f8ller med Flora & Curl Baobab & Marula Conditioner. Ideel til skadet h\u00e5r. Bestil hos CurlsForYou og f\u00e5 sunde kr\u00f8ller nu!","og_url":"https:\/\/curlsforyou.dk\/se\/product\/flora-curl-baobab-marula-conditioner-styrke-til-kroeller\/","article_publisher":"https:\/\/www.facebook.com\/curlsforyou","article_modified_time":"2026-05-05T14:11:02+00:00","og_image":[{"width":500,"height":500,"url":"https:\/\/curlsforyou.dk\/app\/uploads\/2026\/05\/Baobab-Marula-Restorative-Conditioner-for-curly-wavy-and-coily-black-afro-hair-by-Flora-Curl-Haircare_500x.webp","type":"image\/webp"}],"twitter_card":"summary_large_image","twitter_misc":{"Ber\u00e4knad l\u00e4stid":"2 minuter"},"schema":{"@context":"https:\/\/schema.org","@graph":[{"@type":"WebPage","@id":"https:\/\/curlsforyou.dk\/vare\/flora-curl-baobab-marula-conditioner-styrke-til-kroeller\/","url":"https:\/\/curlsforyou.dk\/vare\/flora-curl-baobab-marula-conditioner-styrke-til-kroeller\/","name":"Flora & Curl - Baobab & Marula Restorative Conditioner -","isPartOf":{"@id":"https:\/\/curlsforyou.dk\/#website"},"primaryImageOfPage":{"@id":"https:\/\/curlsforyou.dk\/vare\/flora-curl-baobab-marula-conditioner-styrke-til-kroeller\/#primaryimage"},"image":{"@id":"https:\/\/curlsforyou.dk\/vare\/flora-curl-baobab-marula-conditioner-styrke-til-kroeller\/#primaryimage"},"thumbnailUrl":"https:\/\/curlsforyou.dk\/app\/uploads\/2026\/05\/Baobab-Marula-Restorative-Conditioner-for-curly-wavy-and-coily-black-afro-hair-by-Flora-Curl-Haircare_500x.webp","datePublished":"2026-05-05T14:11:01+00:00","dateModified":"2026-05-05T14:11:02+00:00","description":"Reparer og styrk dine kr\u00f8ller med Flora & Curl Baobab & Marula Conditioner. Ideel til skadet h\u00e5r. Bestil hos CurlsForYou og f\u00e5 sunde kr\u00f8ller nu!","breadcrumb":{"@id":"https:\/\/curlsforyou.dk\/vare\/flora-curl-baobab-marula-conditioner-styrke-til-kroeller\/#breadcrumb"},"inLanguage":"sv-SE","potentialAction":[{"@type":"ReadAction","target":["https:\/\/curlsforyou.dk\/vare\/flora-curl-baobab-marula-conditioner-styrke-til-kroeller\/"]}]},{"@type":"ImageObject","inLanguage":"sv-SE","@id":"https:\/\/curlsforyou.dk\/vare\/flora-curl-baobab-marula-conditioner-styrke-til-kroeller\/#primaryimage","url":"https:\/\/curlsforyou.dk\/app\/uploads\/2026\/05\/Baobab-Marula-Restorative-Conditioner-for-curly-wavy-and-coily-black-afro-hair-by-Flora-Curl-Haircare_500x.webp","contentUrl":"https:\/\/curlsforyou.dk\/app\/uploads\/2026\/05\/Baobab-Marula-Restorative-Conditioner-for-curly-wavy-and-coily-black-afro-hair-by-Flora-Curl-Haircare_500x.webp","width":500,"height":500,"caption":"Flora & Curl - Baobab & Marula Restorative Conditioner"},{"@type":"BreadcrumbList","@id":"https:\/\/curlsforyou.dk\/vare\/flora-curl-baobab-marula-conditioner-styrke-til-kroeller\/#breadcrumb","itemListElement":[{"@type":"ListItem","position":1,"name":"Hjem","item":"https:\/\/curlsforyou.dk\/"},{"@type":"ListItem","position":2,"name":"Shop","item":"https:\/\/curlsforyou.dk\/shop\/"},{"@type":"ListItem","position":3,"name":"Flora &#038; Curl &#8211; Baobab &#038; Marula Restorative Conditioner"}]},{"@type":"WebSite","@id":"https:\/\/curlsforyou.dk\/#website","url":"https:\/\/curlsforyou.dk\/","name":"","description":"","publisher":{"@id":"https:\/\/curlsforyou.dk\/#organization"},"potentialAction":[{"@type":"SearchAction","target":{"@type":"EntryPoint","urlTemplate":"https:\/\/curlsforyou.dk\/?s={search_term_string}"},"query-input":{"@type":"PropertyValueSpecification","valueRequired":true,"valueName":"search_term_string"}}],"inLanguage":"sv-SE"},{"@type":"Organization","@id":"https:\/\/curlsforyou.dk\/#organization","name":"CurlsForYou","url":"https:\/\/curlsforyou.dk\/","logo":{"@type":"ImageObject","inLanguage":"sv-SE","@id":"https:\/\/curlsforyou.dk\/#\/schema\/logo\/image\/","url":"","contentUrl":"","caption":"CurlsForYou"},"image":{"@id":"https:\/\/curlsforyou.dk\/#\/schema\/logo\/image\/"},"sameAs":["https:\/\/www.facebook.com\/curlsforyou","https:\/\/www.instagram.com\/curlsforyou.dk\/"]}]}},"brands":[{"id":44,"name":"Flora &amp; Curl","slug":"floracurl"}],"_links":{"self":[{"href":"https:\/\/curlsforyou.dk\/se\/wp-json\/wp\/v2\/product\/125362","targetHints":{"allow":["GET"]}}],"collection":[{"href":"https:\/\/curlsforyou.dk\/se\/wp-json\/wp\/v2\/product"}],"about":[{"href":"https:\/\/curlsforyou.dk\/se\/wp-json\/wp\/v2\/types\/product"}],"replies":[{"embeddable":true,"href":"https:\/\/curlsforyou.dk\/se\/wp-json\/wp\/v2\/comments?post=125362"}],"version-history":[{"count":0,"href":"https:\/\/curlsforyou.dk\/se\/wp-json\/wp\/v2\/product\/125362\/revisions"}],"wp:featuredmedia":[{"embeddable":true,"href":"https:\/\/curlsforyou.dk\/se\/wp-json\/wp\/v2\/media\/125369"}],"wp:attachment":[{"href":"https:\/\/curlsforyou.dk\/se\/wp-json\/wp\/v2\/media?parent=125362"}],"wp:term":[{"taxonomy":"pwb-brand","embeddable":true,"href":"https:\/\/curlsforyou.dk\/se\/wp-json\/wp\/v2\/pwb-brand?post=125362"},{"taxonomy":"product_brand","embeddable":true,"href":"https:\/\/curlsforyou.dk\/se\/wp-json\/wp\/v2\/product_brand?post=125362"},{"taxonomy":"product_cat","embeddable":true,"href":"https:\/\/curlsforyou.dk\/se\/wp-json\/wp\/v2\/product_cat?post=125362"},{"taxonomy":"product_tag","embeddable":true,"href":"https:\/\/curlsforyou.dk\/se\/wp-json\/wp\/v2\/product_tag?post=125362"},{"taxonomy":"giftcard-category","embeddable":true,"href":"https:\/\/curlsforyou.dk\/se\/wp-json\/wp\/v2\/giftcard-category?post=125362"}],"curies":[{"name":"wp","href":"https:\/\/api.w.org\/{rel}","templated":true}]}}