{"id":121752,"date":"2025-12-04T21:23:16","date_gmt":"2025-12-04T20:23:16","guid":{"rendered":"https:\/\/curlsforyou.dk\/?post_type=product&#038;p=121752"},"modified":"2026-03-09T23:14:33","modified_gmt":"2026-03-09T22:14:33","slug":"innersense-gave-saet-innersense-curl-enhance-duo","status":"publish","type":"product","link":"https:\/\/curlsforyou.dk\/se\/product\/innersense-gave-saet-innersense-curl-enhance-duo\/","title":{"rendered":"Innersense Gave S\u00e6t &#8211; Innersense Curl Enhance Duo"},"content":{"rendered":"<h2 data-path-to-node=\"10\"><b>Innersense Curl Enhance Duo: Sig farvel til flade kr\u00f8ller \u2013 Hils p\u00e5 volumen og definition<\/b><\/h2>\n<p data-path-to-node=\"11\"><span data-path-to-node=\"11,0\">For kr\u00f8llet h\u00e5r er styling ikke bare en finish; det er essensen af definition, volumen og form. <b>Innersense Curl Enhance Duo<\/b> er den perfekte parring af stylingprodukter, designet til at opfylde netop dette. <\/span><span data-path-to-node=\"11,2\"><span class=\"citation-69\">Dette s\u00e6t er din hemmelige v\u00e5ben mod kedelige, slappe kr\u00f8ller og leverer den strukturforst\u00e6rkende effekt, der skal til for at skabe form og sprudlende vitalitet<\/span><\/span><span data-path-to-node=\"11,4\">.<\/span><\/p>\n<p data-path-to-node=\"11\">\n<p data-path-to-node=\"12\"><span data-path-to-node=\"12,0\">Hos <b>curlsforyou.dk<\/b> ved vi, at den rette kombination af volumen og definition er altafg\u00f8rende. <\/span><span data-path-to-node=\"12,2\"><span class=\"citation-68\">Innersense har samlet to af deres mest popul\u00e6re og anmelderroste stylere, der sikrer, at dine kr\u00f8ller, b\u00f8lger eller din tekstur fremst\u00e5r skarpere, fyldigere og med et fleksibelt hold, du kan r\u00f8re ved<\/span><\/span><span data-path-to-node=\"12,4\">.<\/span><\/p>\n<p data-path-to-node=\"12\">\n<h3 data-path-to-node=\"13\"><b>Duoens Stjerner: Volumen m\u00f8der Hukommelse<\/b><\/h3>\n<p data-path-to-node=\"14\">S\u00e6ttet best\u00e5r af to komplement\u00e6re produkter, der arbejder sammen for at optimere kr\u00f8llernes sundhed og \u00e6stetik:<\/p>\n<p data-path-to-node=\"15\"><span data-path-to-node=\"15,0\"><b>1. I Create Lift (70 ml) \u2013 Det v\u00e6gtl\u00f8se volumenboost<\/b> I Create Lift er din &#8220;go-to&#8221; for at skabe \u00f8jeblikkelig fylde og lethed i h\u00e5ret. <\/span><span data-path-to-node=\"15,2\"><span class=\"citation-67\">Produktet er en skumformel (&#8220;foam&#8221;)<\/span><\/span><span data-path-to-node=\"15,4\">, der er ideel til at l\u00f8fte h\u00e5ret fra r\u00f8dderne uden at tynge det ned.<\/span><\/p>\n<ul data-path-to-node=\"16\">\n<li>\n<p data-path-to-node=\"16,0,1\"><span data-path-to-node=\"16,0,1,0\"><b><span class=\"citation-66\">Fordele:<\/span><\/b><span class=\"citation-66\"> Skaber \u00f8jeblikkelig luftig fylde og v\u00e6gtl\u00f8s krop<\/span><\/span><span data-path-to-node=\"16,0,1,2\">. <\/span><span data-path-to-node=\"16,0,1,4\"><span class=\"citation-65\">Den \u00f8ger h\u00e5rets fleksibilitet og g\u00f8r det nemmere at styre (&#8220;manageability&#8221;)<\/span><\/span><span data-path-to-node=\"16,0,1,6\">.<\/span><\/p>\n<\/li>\n<li>\n<p data-path-to-node=\"16,1,1\"><span data-path-to-node=\"16,1,1,0\"><b><span class=\"citation-64\">Resultatet:<\/span><\/b><span class=\"citation-64\"> Giver et fleksibelt, langvarigt hold, der bevarer bev\u00e6gelighed og forbedrer h\u00e5rets form<\/span><\/span><span data-path-to-node=\"16,1,1,2\">.<\/span><\/p>\n<div class=\"source-inline-chip-container ng-star-inserted\"><\/div>\n<\/li>\n<\/ul>\n<p data-path-to-node=\"17\"><span data-path-to-node=\"17,0\"><b>2. I Create Curl Memory (295 ml) \u2013 Den definerende gel\u00e9<\/b> I Create Curl Memory er den ultimative styling gel\u00e9. <\/span><span data-path-to-node=\"17,2\"><span class=\"citation-63\">Den er designet til at definere kr\u00f8ller og b\u00f8lger i \u00e9t enkelt, n\u00e6rende trin<\/span><\/span><span data-path-to-node=\"17,4\">. <\/span><span data-path-to-node=\"17,6\"><span class=\"citation-62\">Selvom det er en gel\u00e9, er formularen rig og n\u00e6rende (&#8220;nourishing styling gel\u00e9e&#8221;) <\/span><\/span><span data-path-to-node=\"17,8\"> og sikrer, at dine kr\u00f8ller bevarer deres form i lang tid.<\/span><\/p>\n<ul data-path-to-node=\"18\">\n<li>\n<p data-path-to-node=\"18,0,1\"><span data-path-to-node=\"18,0,1,0\"><b><span class=\"citation-61\">Fordele:<\/span><\/b><span class=\"citation-61\"> Giver et langvarigt, fleksibelt hold, der indkapsler kr\u00f8llens form<\/span><\/span><span data-path-to-node=\"18,0,1,2\">. Definerer tydeligt teksturen og modvirker frizz.<\/span><\/p>\n<\/li>\n<li>\n<p data-path-to-node=\"18,1,0\"><b>Resultatet:<\/b> Kr\u00f8ller og b\u00f8lger fremst\u00e5r skarpe, definerede og mindev\u00e6rdige, uden den stivhed, som traditionelle geler kan give.<\/p>\n<\/li>\n<\/ul>\n<p data-path-to-node=\"19\">\n<h3 data-path-to-node=\"19\"><b>Innersense Filosofi: Clean Beauty, Kraftfuld Effekt<\/b><\/h3>\n<p data-path-to-node=\"20\">Innersense er forpligtet til <i>clean beauty<\/i>, hvilket betyder, at denne duo er fri for sulfater, silikone, udt\u00f8rrende alkoholer og andre skadelige kemikalier, hvilket g\u00f8r den helt ideel til den kr\u00e6sne Curly Girl. Innersense formulerer deres produkter med tanke p\u00e5 den rene og \u00f8kologiske natur, hvilket sikrer, at dit h\u00e5r kun modtager de bedste og mest koncentrerede n\u00e6ringsstoffer.<\/p>\n<p data-path-to-node=\"21\"><b>Hair Ceremony: S\u00e5dan skaber du den perfekte tekstur<\/b><\/p>\n<p data-path-to-node=\"22\">Kunsten at bruge Innersense stylingprodukter ligger i ceremonien. Produkterne skal &#8220;v\u00e6kkes&#8221; for at frigive deres fulde potentiale. F\u00f8lg denne simple guide:<\/p>\n<ol start=\"1\" data-path-to-node=\"23\">\n<li>\n<p data-path-to-node=\"23,0,0\"><b>Forberedelse:<\/b> S\u00f8rg for at h\u00e5ret er rent og stadig meget v\u00e5dt efter din h\u00e5rvask (hairbath og conditioner).<\/p>\n<\/li>\n<li>\n<p data-path-to-node=\"23,1,1\"><span data-path-to-node=\"23,1,1,0\"><b><span class=\"citation-60\">Volumenbasen (I Create Lift):<\/span><\/b><span class=\"citation-60\"> Tag 1 til 2 pump af <\/span><i><span class=\"citation-60\">I Create Lift<\/span><\/i><span class=\"citation-60\"> skum i dine fingre<\/span><\/span><span data-path-to-node=\"23,1,1,2\">. <\/span><span data-path-to-node=\"23,1,1,4\"><span class=\"citation-59\">Gnid produktet mellem fingerspidserne for at &#8220;v\u00e6kke&#8221; det<\/span><\/span><span data-path-to-node=\"23,1,1,6\">. <\/span><span data-path-to-node=\"23,1,1,8\"><span class=\"citation-58\">Fordel skummet i h\u00e5ret ved blidt at udglatte eller &#8220;scrunche&#8221; det ind for en grundig fordeling<\/span><\/span><span data-path-to-node=\"23,1,1,10\">.<\/span><\/p>\n<\/li>\n<li>\n<p data-path-to-node=\"23,2,1\"><span data-path-to-node=\"23,2,1,0\"><b><span class=\"citation-57\">Definitionslaget (I Create Curl Memory):<\/span><\/b><span class=\"citation-57\"> For at tilf\u00f8je definition og hold, distribueres 1 til 2 pump af <\/span><i><span class=\"citation-57\">I Create Curl Memory<\/span><\/i><span class=\"citation-57\"> i h\u00e6nderne<\/span><\/span><span data-path-to-node=\"23,2,1,2\">. <\/span><span data-path-to-node=\"23,2,1,4\"><span class=\"citation-56\">Gnid h\u00e5ndfladerne sammen for at v\u00e6kke gel\u00e9en<\/span><\/span><span data-path-to-node=\"23,2,1,6\">.<\/span><\/p>\n<\/li>\n<li>\n<p data-path-to-node=\"23,3,1\"><span data-path-to-node=\"23,3,1,0\"><b><span class=\"citation-55\">P\u00e5f\u00f8rsel:<\/span><\/b><span class=\"citation-55\"> P\u00e5f\u00f8r gel\u00e9en fra rod til spids, og fokuser p\u00e5 at kramme kr\u00f8llerne op i form<\/span><\/span><span data-path-to-node=\"23,3,1,2\">.<\/span><\/p>\n<\/li>\n<li>\n<p data-path-to-node=\"23,4,1\"><span data-path-to-node=\"23,4,1,0\"><b><span class=\"citation-54\">T\u00f8rring:<\/span><\/b><span class=\"citation-54\"> For at definere teksturen og stilen kan du enten bruge en diffuser eller lade h\u00e5ret luftt\u00f8rre<\/span><\/span><span data-path-to-node=\"23,4,1,2\">.<\/span><\/p>\n<\/li>\n<\/ol>\n<p data-path-to-node=\"24\">\n<p data-path-to-node=\"24\"><span data-path-to-node=\"24,0\"><b>Pro Tip til no-heat frisurer<\/b> Dette s\u00e6t er perfekt til dig, der \u00f8nsker at undg\u00e5 varme! <\/span><span data-path-to-node=\"24,2\"><span class=\"citation-53\">Den professionelle anbefaling er at p\u00e5f\u00f8re de to formler i h\u00e5ret og lade det luftt\u00f8rre for at opn\u00e5 forst\u00e6rket volumen og definerede kr\u00f8ller uden brug af varmev\u00e6rkt\u00f8jer<\/span><\/span><span data-path-to-node=\"24,4\">.<\/span><\/p>\n<div class=\"source-inline-chip-container ng-star-inserted\"><\/div>\n<p data-path-to-node=\"25\"><b>Dit springbr\u00e6t til fantastisk h\u00e5r<\/b> Uanset om du er ny til Curly Girl Metoden, eller blot \u00f8nsker at forbedre din nuv\u00e6rende styling, er Curl Enhance Duo et essentielt s\u00e6t. Det giver dig v\u00e6rkt\u00f8jerne til at opn\u00e5 den definition og det l\u00f8ft, som dine kr\u00f8ller har sukket efter. Den store st\u00f8rrelse p\u00e5 Curl Memory sikrer, at du har definition i lang tid, mens den rejsevenlige Lift (70 ml) er perfekt til at have med i h\u00e5ndtasken eller p\u00e5 ferien.<\/p>\n<p data-path-to-node=\"26\">Giv dit h\u00e5r en gave af volumen og form. Bestil Innersense Curl Enhance Duo i dag hos CurlsForYou.dk, og oplev, hvor let det er at skabe dit dr\u00f8mmeh\u00e5r.<\/p>","protected":false},"excerpt":{"rendered":"<ul>\n<li>\n<p data-path-to-node=\"7,0,1\"><span data-path-to-node=\"7,0,1,0\"><b><span class=\"citation-75\">Den ultimative stylingduo:<\/span><\/b><span class=\"citation-75\"> To kraftfulde stylingprodukter, der er designet til at forbedre h\u00e5rets naturlige form, tekstur og definition<\/span><\/span><span data-path-to-node=\"7,0,1,2\">.<\/span><\/p>\n<\/li>\n<li>\n<p data-path-to-node=\"7,1,1\"><span data-path-to-node=\"7,1,1,0\"><b><span class=\"citation-74\">S\u00e6ttets indhold:<\/span><\/b><span class=\"citation-74\"> 1 x I Create Curl Memory (295 ml, Gel\u00e9e) <\/span><\/span><span data-path-to-node=\"7,1,1,3\"><span class=\"citation-73\">og 1 x I Create Lift (70 ml, Skum\/Foam)<\/span><\/span><span data-path-to-node=\"7,1,1,5\">. Normalpris 359 Dkk!<\/span><\/p>\n<\/li>\n<li>\n<p data-path-to-node=\"7,2,1\"><span data-path-to-node=\"7,2,1,0\"><b><span class=\"citation-72\">Let volumen og bl\u00f8dt hold:<\/span><\/b><span class=\"citation-72\"> Skaber v\u00e6gtl\u00f8s fylde og luftig volumen med en fleksibel holdbarhed for et resultat, der er bl\u00f8dt at r\u00f8re ved<\/span><\/span><span data-path-to-node=\"7,2,1,2\">.<\/span><\/p>\n<\/li>\n<li>\n<p data-path-to-node=\"7,3,1\"><span data-path-to-node=\"7,3,1,0\"><b><span class=\"citation-71\">Curly Girl Approved:<\/span><\/b><span class=\"citation-71\"> Begge formularer er n\u00e6rende og fri for skrappe kemikalier, hvilket g\u00f8r dem perfekte til no-heat frisurer og luftt\u00f8rring<\/span><\/span><span data-path-to-node=\"7,3,1,2\">.<\/span><\/p>\n<\/li>\n<li>\n<p data-path-to-node=\"7,4,1\"><span data-path-to-node=\"7,4,1,0\"><b><span class=\"citation-70\">Forst\u00e6rker kr\u00f8llehukommelsen:<\/span><\/b><span class=\"citation-70\"> Arbejder sammen for at definere kr\u00f8ller og b\u00f8lger i et enkelt trin, hvilket sikrer et langvarigt og resilient look<\/span><\/span><span data-path-to-node=\"7,4,1,2\">.<\/span><\/p>\n<\/li>\n<\/ul>","protected":false},"featured_media":121748,"comment_status":"open","ping_status":"closed","template":"","meta":[],"pwb-brand":[46],"product_brand":[],"product_cat":[146,41,149],"product_tag":[],"giftcard-category":[],"class_list":{"0":"post-121752","1":"product","2":"type-product","3":"status-publish","4":"has-post-thumbnail","6":"pwb-brand-innersense","7":"product_cat-gel","8":"product_cat-kits","9":"product_cat-mousse","11":"first","12":"outofstock","13":"taxable","14":"shipping-taxable","15":"purchasable","16":"product-type-simple"},"bundled_by":[],"bundle_stock_status":"outofstock","bundle_stock_quantity":0,"bundle_virtual":false,"bundle_layout":"","bundle_add_to_cart_form_location":"","bundle_editable_in_cart":false,"bundle_sold_individually_context":"","bundle_item_grouping":"","bundle_min_size":"","bundle_max_size":"","bundle_price":[],"bundled_items":[],"bundle_sell_ids":[],"supplier_id":null,"supplier_sku":"","barcode":null,"atum_controlled":true,"out_stock_date":"2026-01-09 15:32:53","out_stock_threshold":null,"inheritable":false,"inbound_stock":0,"stock_on_hold":0,"sold_today":0,"sales_last_days":0,"reserved_stock":0,"customer_returns":0,"warehouse_damage":0,"lost_in_post":0,"other_logs":0,"out_stock_days":108,"lost_sales":10182,"has_location":false,"update_date":"2026-04-28T11:19:10","atum_locations":[],"atum_stock_status":"outofstock","restock_status":false,"low_stock_amount":"","sales_update_date":"2026-04-28T11:19:10","calc_backorders":null,"yoast_head":"<!-- This site is optimized with the Yoast SEO plugin v25.6 - https:\/\/yoast.com\/wordpress\/plugins\/seo\/ -->\n<title>Innersense Curl Enhance Duo \u2013 S\u00e6t til Volumen, Form og Definition (CGM-venlig)<\/title>\n<meta name=\"description\" content=\"F\u00e5 let volumen og holdbar kr\u00f8lledefinition med Innersense Curl Enhance Duo. Indeholder I Create Lift Skum (70 ml) og I Create Curl Memory Gel\u00e9 (295 ml). Stylingduoen til perfekt form og tekstur.\" \/>\n<meta name=\"robots\" content=\"index, follow, max-snippet:-1, max-image-preview:large, max-video-preview:-1\" \/>\n<link rel=\"canonical\" href=\"https:\/\/curlsforyou.dk\/se\/product\/innersense-gave-saet-innersense-curl-enhance-duo\/\" \/>\n<meta property=\"og:locale\" content=\"sv_SE\" \/>\n<meta property=\"og:type\" content=\"article\" \/>\n<meta property=\"og:title\" content=\"Innersense Curl Enhance Duo \u2013 S\u00e6t til Volumen, Form og Definition (CGM-venlig)\" \/>\n<meta property=\"og:description\" content=\"F\u00e5 let volumen og holdbar kr\u00f8lledefinition med Innersense Curl Enhance Duo. Indeholder I Create Lift Skum (70 ml) og I Create Curl Memory Gel\u00e9 (295 ml). Stylingduoen til perfekt form og tekstur.\" \/>\n<meta property=\"og:url\" content=\"https:\/\/curlsforyou.dk\/se\/product\/innersense-gave-saet-innersense-curl-enhance-duo\/\" \/>\n<meta property=\"article:publisher\" content=\"https:\/\/www.facebook.com\/curlsforyou\" \/>\n<meta property=\"article:modified_time\" content=\"2026-03-09T22:14:33+00:00\" \/>\n<meta property=\"og:image\" content=\"https:\/\/curlsforyou.dk\/app\/uploads\/2025\/12\/Innersense-gave-saet-Curl-Enhance.jpg\" \/>\n\t<meta property=\"og:image:width\" content=\"900\" \/>\n\t<meta property=\"og:image:height\" content=\"900\" \/>\n\t<meta property=\"og:image:type\" content=\"image\/jpeg\" \/>\n<meta name=\"twitter:card\" content=\"summary_large_image\" \/>\n<meta name=\"twitter:label1\" content=\"Ber\u00e4knad l\u00e4stid\" \/>\n\t<meta name=\"twitter:data1\" content=\"4 minuter\" \/>\n<script type=\"application\/ld+json\" class=\"yoast-schema-graph\">{\"@context\":\"https:\/\/schema.org\",\"@graph\":[{\"@type\":\"WebPage\",\"@id\":\"https:\/\/curlsforyou.dk\/vare\/innersense-gave-saet-innersense-curl-enhance-duo\/\",\"url\":\"https:\/\/curlsforyou.dk\/vare\/innersense-gave-saet-innersense-curl-enhance-duo\/\",\"name\":\"Innersense Curl Enhance Duo \u2013 S\u00e6t til Volumen, Form og Definition (CGM-venlig)\",\"isPartOf\":{\"@id\":\"https:\/\/curlsforyou.dk\/#website\"},\"primaryImageOfPage\":{\"@id\":\"https:\/\/curlsforyou.dk\/vare\/innersense-gave-saet-innersense-curl-enhance-duo\/#primaryimage\"},\"image\":{\"@id\":\"https:\/\/curlsforyou.dk\/vare\/innersense-gave-saet-innersense-curl-enhance-duo\/#primaryimage\"},\"thumbnailUrl\":\"https:\/\/curlsforyou.dk\/app\/uploads\/2025\/12\/Innersense-gave-saet-Curl-Enhance.jpg\",\"datePublished\":\"2025-12-04T20:23:16+00:00\",\"dateModified\":\"2026-03-09T22:14:33+00:00\",\"description\":\"F\u00e5 let volumen og holdbar kr\u00f8lledefinition med Innersense Curl Enhance Duo. Indeholder I Create Lift Skum (70 ml) og I Create Curl Memory Gel\u00e9 (295 ml). Stylingduoen til perfekt form og tekstur.\",\"breadcrumb\":{\"@id\":\"https:\/\/curlsforyou.dk\/vare\/innersense-gave-saet-innersense-curl-enhance-duo\/#breadcrumb\"},\"inLanguage\":\"sv-SE\",\"potentialAction\":[{\"@type\":\"ReadAction\",\"target\":[\"https:\/\/curlsforyou.dk\/vare\/innersense-gave-saet-innersense-curl-enhance-duo\/\"]}]},{\"@type\":\"ImageObject\",\"inLanguage\":\"sv-SE\",\"@id\":\"https:\/\/curlsforyou.dk\/vare\/innersense-gave-saet-innersense-curl-enhance-duo\/#primaryimage\",\"url\":\"https:\/\/curlsforyou.dk\/app\/uploads\/2025\/12\/Innersense-gave-saet-Curl-Enhance.jpg\",\"contentUrl\":\"https:\/\/curlsforyou.dk\/app\/uploads\/2025\/12\/Innersense-gave-saet-Curl-Enhance.jpg\",\"width\":900,\"height\":900,\"caption\":\"Innersense Gave S\u00e6t Curl Enhance Duo\"},{\"@type\":\"BreadcrumbList\",\"@id\":\"https:\/\/curlsforyou.dk\/vare\/innersense-gave-saet-innersense-curl-enhance-duo\/#breadcrumb\",\"itemListElement\":[{\"@type\":\"ListItem\",\"position\":1,\"name\":\"Hjem\",\"item\":\"https:\/\/curlsforyou.dk\/\"},{\"@type\":\"ListItem\",\"position\":2,\"name\":\"Shop\",\"item\":\"https:\/\/curlsforyou.dk\/shop\/\"},{\"@type\":\"ListItem\",\"position\":3,\"name\":\"Innersense Gave S\u00e6t &#8211; Innersense Curl Enhance Duo\"}]},{\"@type\":\"WebSite\",\"@id\":\"https:\/\/curlsforyou.dk\/#website\",\"url\":\"https:\/\/curlsforyou.dk\/\",\"name\":\"\",\"description\":\"\",\"publisher\":{\"@id\":\"https:\/\/curlsforyou.dk\/#organization\"},\"potentialAction\":[{\"@type\":\"SearchAction\",\"target\":{\"@type\":\"EntryPoint\",\"urlTemplate\":\"https:\/\/curlsforyou.dk\/?s={search_term_string}\"},\"query-input\":{\"@type\":\"PropertyValueSpecification\",\"valueRequired\":true,\"valueName\":\"search_term_string\"}}],\"inLanguage\":\"sv-SE\"},{\"@type\":\"Organization\",\"@id\":\"https:\/\/curlsforyou.dk\/#organization\",\"name\":\"CurlsForYou\",\"url\":\"https:\/\/curlsforyou.dk\/\",\"logo\":{\"@type\":\"ImageObject\",\"inLanguage\":\"sv-SE\",\"@id\":\"https:\/\/curlsforyou.dk\/#\/schema\/logo\/image\/\",\"url\":\"\",\"contentUrl\":\"\",\"caption\":\"CurlsForYou\"},\"image\":{\"@id\":\"https:\/\/curlsforyou.dk\/#\/schema\/logo\/image\/\"},\"sameAs\":[\"https:\/\/www.facebook.com\/curlsforyou\",\"https:\/\/www.instagram.com\/curlsforyou.dk\/\"]}]}<\/script>\n<!-- \/ Yoast SEO plugin. -->","yoast_head_json":{"title":"Innersense Curl Enhance Duo \u2013 S\u00e6t til Volumen, Form og Definition (CGM-venlig)","description":"F\u00e5 let volumen og holdbar kr\u00f8lledefinition med Innersense Curl Enhance Duo. Indeholder I Create Lift Skum (70 ml) og I Create Curl Memory Gel\u00e9 (295 ml). Stylingduoen til perfekt form og tekstur.","robots":{"index":"index","follow":"follow","max-snippet":"max-snippet:-1","max-image-preview":"max-image-preview:large","max-video-preview":"max-video-preview:-1"},"canonical":"https:\/\/curlsforyou.dk\/se\/product\/innersense-gave-saet-innersense-curl-enhance-duo\/","og_locale":"sv_SE","og_type":"article","og_title":"Innersense Curl Enhance Duo \u2013 S\u00e6t til Volumen, Form og Definition (CGM-venlig)","og_description":"F\u00e5 let volumen og holdbar kr\u00f8lledefinition med Innersense Curl Enhance Duo. Indeholder I Create Lift Skum (70 ml) og I Create Curl Memory Gel\u00e9 (295 ml). Stylingduoen til perfekt form og tekstur.","og_url":"https:\/\/curlsforyou.dk\/se\/product\/innersense-gave-saet-innersense-curl-enhance-duo\/","article_publisher":"https:\/\/www.facebook.com\/curlsforyou","article_modified_time":"2026-03-09T22:14:33+00:00","og_image":[{"width":900,"height":900,"url":"https:\/\/curlsforyou.dk\/app\/uploads\/2025\/12\/Innersense-gave-saet-Curl-Enhance.jpg","type":"image\/jpeg"}],"twitter_card":"summary_large_image","twitter_misc":{"Ber\u00e4knad l\u00e4stid":"4 minuter"},"schema":{"@context":"https:\/\/schema.org","@graph":[{"@type":"WebPage","@id":"https:\/\/curlsforyou.dk\/vare\/innersense-gave-saet-innersense-curl-enhance-duo\/","url":"https:\/\/curlsforyou.dk\/vare\/innersense-gave-saet-innersense-curl-enhance-duo\/","name":"Innersense Curl Enhance Duo \u2013 S\u00e6t til Volumen, Form og Definition (CGM-venlig)","isPartOf":{"@id":"https:\/\/curlsforyou.dk\/#website"},"primaryImageOfPage":{"@id":"https:\/\/curlsforyou.dk\/vare\/innersense-gave-saet-innersense-curl-enhance-duo\/#primaryimage"},"image":{"@id":"https:\/\/curlsforyou.dk\/vare\/innersense-gave-saet-innersense-curl-enhance-duo\/#primaryimage"},"thumbnailUrl":"https:\/\/curlsforyou.dk\/app\/uploads\/2025\/12\/Innersense-gave-saet-Curl-Enhance.jpg","datePublished":"2025-12-04T20:23:16+00:00","dateModified":"2026-03-09T22:14:33+00:00","description":"F\u00e5 let volumen og holdbar kr\u00f8lledefinition med Innersense Curl Enhance Duo. Indeholder I Create Lift Skum (70 ml) og I Create Curl Memory Gel\u00e9 (295 ml). Stylingduoen til perfekt form og tekstur.","breadcrumb":{"@id":"https:\/\/curlsforyou.dk\/vare\/innersense-gave-saet-innersense-curl-enhance-duo\/#breadcrumb"},"inLanguage":"sv-SE","potentialAction":[{"@type":"ReadAction","target":["https:\/\/curlsforyou.dk\/vare\/innersense-gave-saet-innersense-curl-enhance-duo\/"]}]},{"@type":"ImageObject","inLanguage":"sv-SE","@id":"https:\/\/curlsforyou.dk\/vare\/innersense-gave-saet-innersense-curl-enhance-duo\/#primaryimage","url":"https:\/\/curlsforyou.dk\/app\/uploads\/2025\/12\/Innersense-gave-saet-Curl-Enhance.jpg","contentUrl":"https:\/\/curlsforyou.dk\/app\/uploads\/2025\/12\/Innersense-gave-saet-Curl-Enhance.jpg","width":900,"height":900,"caption":"Innersense Gave S\u00e6t Curl Enhance Duo"},{"@type":"BreadcrumbList","@id":"https:\/\/curlsforyou.dk\/vare\/innersense-gave-saet-innersense-curl-enhance-duo\/#breadcrumb","itemListElement":[{"@type":"ListItem","position":1,"name":"Hjem","item":"https:\/\/curlsforyou.dk\/"},{"@type":"ListItem","position":2,"name":"Shop","item":"https:\/\/curlsforyou.dk\/shop\/"},{"@type":"ListItem","position":3,"name":"Innersense Gave S\u00e6t &#8211; Innersense Curl Enhance Duo"}]},{"@type":"WebSite","@id":"https:\/\/curlsforyou.dk\/#website","url":"https:\/\/curlsforyou.dk\/","name":"","description":"","publisher":{"@id":"https:\/\/curlsforyou.dk\/#organization"},"potentialAction":[{"@type":"SearchAction","target":{"@type":"EntryPoint","urlTemplate":"https:\/\/curlsforyou.dk\/?s={search_term_string}"},"query-input":{"@type":"PropertyValueSpecification","valueRequired":true,"valueName":"search_term_string"}}],"inLanguage":"sv-SE"},{"@type":"Organization","@id":"https:\/\/curlsforyou.dk\/#organization","name":"CurlsForYou","url":"https:\/\/curlsforyou.dk\/","logo":{"@type":"ImageObject","inLanguage":"sv-SE","@id":"https:\/\/curlsforyou.dk\/#\/schema\/logo\/image\/","url":"","contentUrl":"","caption":"CurlsForYou"},"image":{"@id":"https:\/\/curlsforyou.dk\/#\/schema\/logo\/image\/"},"sameAs":["https:\/\/www.facebook.com\/curlsforyou","https:\/\/www.instagram.com\/curlsforyou.dk\/"]}]}},"brands":[{"id":46,"name":"Innersense","slug":"innersense"}],"_links":{"self":[{"href":"https:\/\/curlsforyou.dk\/se\/wp-json\/wp\/v2\/product\/121752","targetHints":{"allow":["GET"]}}],"collection":[{"href":"https:\/\/curlsforyou.dk\/se\/wp-json\/wp\/v2\/product"}],"about":[{"href":"https:\/\/curlsforyou.dk\/se\/wp-json\/wp\/v2\/types\/product"}],"replies":[{"embeddable":true,"href":"https:\/\/curlsforyou.dk\/se\/wp-json\/wp\/v2\/comments?post=121752"}],"version-history":[{"count":0,"href":"https:\/\/curlsforyou.dk\/se\/wp-json\/wp\/v2\/product\/121752\/revisions"}],"wp:featuredmedia":[{"embeddable":true,"href":"https:\/\/curlsforyou.dk\/se\/wp-json\/wp\/v2\/media\/121748"}],"wp:attachment":[{"href":"https:\/\/curlsforyou.dk\/se\/wp-json\/wp\/v2\/media?parent=121752"}],"wp:term":[{"taxonomy":"pwb-brand","embeddable":true,"href":"https:\/\/curlsforyou.dk\/se\/wp-json\/wp\/v2\/pwb-brand?post=121752"},{"taxonomy":"product_brand","embeddable":true,"href":"https:\/\/curlsforyou.dk\/se\/wp-json\/wp\/v2\/product_brand?post=121752"},{"taxonomy":"product_cat","embeddable":true,"href":"https:\/\/curlsforyou.dk\/se\/wp-json\/wp\/v2\/product_cat?post=121752"},{"taxonomy":"product_tag","embeddable":true,"href":"https:\/\/curlsforyou.dk\/se\/wp-json\/wp\/v2\/product_tag?post=121752"},{"taxonomy":"giftcard-category","embeddable":true,"href":"https:\/\/curlsforyou.dk\/se\/wp-json\/wp\/v2\/giftcard-category?post=121752"}],"curies":[{"name":"wp","href":"https:\/\/api.w.org\/{rel}","templated":true}]}}