{"id":121750,"date":"2025-12-04T21:17:30","date_gmt":"2025-12-04T20:17:30","guid":{"rendered":"https:\/\/curlsforyou.dk\/?post_type=product&#038;p=121750"},"modified":"2026-03-03T05:39:44","modified_gmt":"2026-03-03T04:39:44","slug":"innersense-gave-saet-essential-hydration-ceremony","status":"publish","type":"product","link":"https:\/\/curlsforyou.dk\/se\/product\/innersense-gave-saet-essential-hydration-ceremony\/","title":{"rendered":"Innersense Gave S\u00e6t &#8211; Essential Hydration Ceremony"},"content":{"rendered":"<h2 data-path-to-node=\"10\"><b>Innersense Essential Hydration Ceremony: V\u00e6k dit h\u00e5r til live med naturens reneste fugt<\/b><\/h2>\n<p data-path-to-node=\"11\">Er dit h\u00e5r t\u00f8rt, kruset eller virker det livl\u00f8st og groft? S\u00e5 er det tid til at invitere fugten tilbage i dine lokker. <b>Innersense Essential Hydration Ceremony<\/b> er ikke bare en samling af h\u00e5rprodukter; det er en invitation til at forvandle din h\u00e5rvask til et helligt ritual, der fokuserer p\u00e5 intens pleje og velv\u00e6re.<\/p>\n<p data-path-to-node=\"12\"><span data-path-to-node=\"12,0\">Dette eksklusive gaves\u00e6t er kurateret til dig, der n\u00e6gter at g\u00e5 p\u00e5 kompromis med kvaliteten. Innersense Organic Beauty har her samlet tre af deres mest ikoniske &#8220;Hydrating&#8221;-produkter, der arbejder i synergi for at levere dybdevirkende fugt til t\u00f8rstige h\u00e5rstr\u00e5. <\/span><span data-path-to-node=\"12,2\"><span class=\"citation-24\">Uanset om du f\u00f8lger Curly Girl Metoden, eller blot \u00f8nsker et sundere h\u00e5r, er dette s\u00e6t n\u00f8glen til bl\u00f8de, sunde og genoplivede lokker<\/span><\/span><span data-path-to-node=\"12,4\">.<\/span><\/p>\n<h3 data-path-to-node=\"13\"><b>Hvad g\u00f8r dette s\u00e6t unikt?<\/b><\/h3>\n<p data-path-to-node=\"14\">Innersense adskiller sig fra m\u00e6ngden ved at bruge ingredienser af h\u00f8jeste kvalitet, der er s\u00e5 koncentrerede, at du skal bruge langt mindre produkt end normalt. Dette s\u00e6t fokuserer benh\u00e5rdt p\u00e5 <i>hydrering<\/i> \u2013 det absolut vigtigste element for smukke kr\u00f8ller.<\/p>\n<p data-path-to-node=\"15\">S\u00e6ttet indeholder tre trin til perfektion:<\/p>\n<p data-path-to-node=\"16\"><b>1. Hydrating Cream Hairbath (295 ml) \u2013 Rens uden at udt\u00f8rre<\/b> Glem alt om shampooer, der efterlader dit h\u00e5r som halm. Hydrating Cream Hairbath er en rig og luksuri\u00f8s shampoo, der f\u00f8les som en creme i h\u00e6nderne.<\/p>\n<ul data-path-to-node=\"17\">\n<li>\n<p data-path-to-node=\"17,0,0\"><span data-path-to-node=\"17,0,0,0\"><b>Virkning:<\/b> Den renser blidt h\u00e5r og hovedbund, mens den tilf\u00f8rer masser af fugt. <\/span><span data-path-to-node=\"17,0,0,2\"><span class=\"citation-23\">Den er designet til at styrke h\u00e5rets naturlige &#8220;bounce&#8221; (sp\u00e6ndstighed) og efterlade det med en str\u00e5lende glans<\/span><\/span><span data-path-to-node=\"17,0,0,4\">.<\/span><\/p>\n<\/li>\n<li>\n<p data-path-to-node=\"17,1,0\"><b>Oplevelsen:<\/b> N\u00e5r du masserer den ind, vil du m\u00e6rke, hvordan det fyldige skum omslutter h\u00e5ret uden at strippe det for dets naturlige olier. Det er starten p\u00e5 din fugtrejse.<\/p>\n<\/li>\n<\/ul>\n<p data-path-to-node=\"18\"><b>2. Hydrating Cream Conditioner (295 ml) \u2013 Genopbygning og bl\u00f8dhed<\/b> Efter rens er det tid til at forsegle fugten. Hydrating Cream Conditioner er en dybdevirkende formel, der er en sand redning for t\u00f8rt h\u00e5r.<\/p>\n<ul data-path-to-node=\"19\">\n<li>\n<p data-path-to-node=\"19,0,1\"><span data-path-to-node=\"19,0,1,0\"><b><span class=\"citation-22\">Virkning:<\/span><\/b><span class=\"citation-22\"> Denne balsam er rig p\u00e5 naturlige, n\u00e6rende bl\u00f8dg\u00f8rere (&#8220;emollients&#8221;), der tr\u00e6nger ind i h\u00e5rstr\u00e5et for at reparere skader og genoprette fugtbalancen<\/span><\/span><span data-path-to-node=\"19,0,1,2\">. Den g\u00f8r h\u00e5ret nemt at rede ud og modvirker effektivt frizz.<\/span><\/p>\n<\/li>\n<li>\n<p data-path-to-node=\"19,1,0\"><b>Resultatet:<\/b> H\u00e5ret efterlades silkebl\u00f8dt, m\u00e6ttet og klar til styling.<\/p>\n<\/li>\n<\/ul>\n<p data-path-to-node=\"20\"><b>3. Hydrating Hair Mask (59 ml) \u2013 Den ugentlige luksus<\/b> Som prikken over i&#8217;et f\u00e5r du en rejsevenlig st\u00f8rrelse af den popul\u00e6re Hydrating Hair Mask. Dette er din &#8220;n\u00f8dbremse&#8221; til dage, hvor h\u00e5ret har brug for ekstra k\u00e6rlighed.<\/p>\n<ul data-path-to-node=\"21\">\n<li>\n<p data-path-to-node=\"21,0,0\"><span data-path-to-node=\"21,0,0,0\"><b>Virkning:<\/b> Denne maske g\u00e5r skridtet videre end din balsam. <\/span><span data-path-to-node=\"21,0,0,2\"><span class=\"citation-21\">Den genopretter h\u00e5rets integritet, giver intens bl\u00f8dhed og en dyb hydrering, der varer ved<\/span><\/span><span data-path-to-node=\"21,0,0,4\">.<\/span><\/p>\n<\/li>\n<li>\n<p data-path-to-node=\"21,1,0\"><b>Brug:<\/b> Perfekt til en ugentlig behandling, hvor du virkelig vil fork\u00e6le dig selv og dit h\u00e5r.<\/p>\n<\/li>\n<\/ul>\n<h3 data-path-to-node=\"22\"><b>Skab din egen &#8220;Hair Ceremony&#8221;<\/b><\/h3>\n<p data-path-to-node=\"23\">Innersense opfordrer til at g\u00f8re h\u00e5rvask til en ceremoni \u2013 et \u00f8jeblik hvor du tr\u00e6kker vejret dybt og finder ro. Her er guiden til den optimale brug af s\u00e6ttet, baseret p\u00e5 Innersenses egne anbefalinger:<\/p>\n<ol start=\"1\" data-path-to-node=\"24\">\n<li>\n<p data-path-to-node=\"24,0,0\"><span data-path-to-node=\"24,0,0,0\"><b>Centrering:<\/b> Start i badet. <\/span><span data-path-to-node=\"24,0,0,2\"><span class=\"citation-20\">Tag en dyb ind\u00e5nding og bliv n\u00e6rv\u00e6rende<\/span><\/span><span data-path-to-node=\"24,0,0,4\">.<\/span><\/p>\n<\/li>\n<li>\n<p data-path-to-node=\"24,1,0\"><span data-path-to-node=\"24,1,0,0\"><b>Rens:<\/b> P\u00e5f\u00f8r en lille m\u00e6ngde <i>Hydrating Cream Hairbath<\/i> i h\u00e6nderne. Emulger produktet (gnid h\u00e6nderne sammen) for at skabe et let skum. <\/span><span data-path-to-node=\"24,1,0,2\"><span class=\"citation-19\">Mass\u00e9r det ind i hovedbunden med fingerspidserne og skyl grundigt<\/span><\/span><span data-path-to-node=\"24,1,0,4\">.<\/span><\/p>\n<\/li>\n<li>\n<p data-path-to-node=\"24,2,0\"><span data-path-to-node=\"24,2,0,0\"><b>Pleje (Hverdag):<\/b> F\u00f8lg op med <i>Hydrating Cream Conditioner<\/i>. P\u00e5f\u00f8r den fra midten af h\u00e5ret og ud i spidserne med fingrene eller en bredtandet kam. Lad den virke i 1-5 minutter, mens du nyder duften og roen. <\/span><span data-path-to-node=\"24,2,0,2\"><span class=\"citation-18\">Skyl grundigt<\/span><\/span><span data-path-to-node=\"24,2,0,4\">.<\/span><\/p>\n<\/li>\n<li>\n<p data-path-to-node=\"24,3,0\"><span data-path-to-node=\"24,3,0,0\"><b>Pleje (Ugentlig kur):<\/b> En gang om ugen kan du bytte din conditioner ud med <i>Hydrating Hair Mask<\/i>. Gnid en lille m\u00e6ngde mellem h\u00e6nderne for at &#8220;v\u00e6kke&#8221; formlen. Fordel den i l\u00e6ngder og spidser. Lad den sidde i 5-10 minutter for maksimal effekt. <\/span><span data-path-to-node=\"24,3,0,2\"><span class=\"citation-17\">Skyl ud og nyd f\u00f8lelsen af forvandlet h\u00e5r<\/span><\/span><span data-path-to-node=\"24,3,0,4\">.<\/span><\/p>\n<\/li>\n<\/ol>\n<p data-path-to-node=\"25\"><span data-path-to-node=\"25,0\"><b>Pro Tip fra Innersense<\/b> Vil du have et ekstra fugtboost mellem dine h\u00e5rvaske? Brug din <i>Hydrating Cream Conditioner<\/i> som et leave-in produkt! P\u00e5f\u00f8r en m\u00e6ngde p\u00e5 st\u00f8rrelse med en 1-krone i de t\u00f8rre spidser, og s\u00e6t h\u00e5ret op i en &#8220;top knot&#8221; eller en fletning. <\/span><span data-path-to-node=\"25,2\"><span class=\"citation-16\">Det giver h\u00e5ret tid til at absorbere plejen og beskytter spidserne i l\u00f8bet af dagen<\/span><\/span><span data-path-to-node=\"25,4\">.<\/span><\/p>\n<div class=\"source-inline-chip-container ng-star-inserted\"><\/div>\n<p data-path-to-node=\"26\"><b>Hvem er s\u00e6ttet til?<\/b> Dette s\u00e6t er ideelt til dig med h\u00e5r, der f\u00f8les &#8220;t\u00f8rstigt&#8221;. Det er s\u00e6rligt velegnet til:<\/p>\n<ul data-path-to-node=\"27\">\n<li>\n<p data-path-to-node=\"27,0,0\">Kr\u00f8llet h\u00e5r (Type 2, 3 og 4), der naturligt mangler fugt.<\/p>\n<\/li>\n<li>\n<p data-path-to-node=\"27,1,0\"><span data-path-to-node=\"27,1,0,1\"><span class=\"citation-15\">Tykt og groft h\u00e5r, der er sv\u00e6rt at t\u00e6mme<\/span><\/span><span data-path-to-node=\"27,1,0,3\">.<\/span><\/p>\n<\/li>\n<li>\n<p data-path-to-node=\"27,2,0\">H\u00e5r der er skadet af kemisk behandling eller varmestyling.<\/p>\n<\/li>\n<\/ul>\n<p data-path-to-node=\"28\"><b>Gaven til dig selv eller en du holder af<\/b> Essential Hydration Ceremony kommer i en smuk indpakning, der g\u00f8r det til den oplagte gaveid\u00e9. Men pas p\u00e5 \u2013 n\u00e5r f\u00f8rst du har pr\u00f8vet denne trio, kan det v\u00e6re sv\u00e6rt at give den v\u00e6k! Med store st\u00f8rrelser p\u00e5 b\u00e5de shampoo og balsam (295 ml) er der til mange m\u00e5neders forbrug, hvilket g\u00f8r s\u00e6ttet til en fantastisk investering i din h\u00e5rsundhed.<\/p>\n<p data-path-to-node=\"29\">Giv dit h\u00e5r den k\u00e6rlighed, det fortjener. K\u00f8b Innersense Essential Hydration Ceremony hos CurlsForYou.dk i dag, og m\u00e6rk forskellen p\u00e5 \u00e6gte, \u00f8kologisk kvalitet.<\/p>","protected":false},"excerpt":{"rendered":"<ul>\n<li data-path-to-node=\"7,0,1\"><span data-path-to-node=\"7,0,1,0\"><b><span class=\"citation-29\">Intens fugtpleje til t\u00f8rstige lokker:<\/span><\/b><span class=\"citation-29\"> Denne trio er specielt sammensat til at give t\u00f8rt, groft eller udpint h\u00e5r et massivt fugtboost, der genopliver h\u00e5rets naturlige glans og sp\u00e6ndstighed<\/span><\/span><\/li>\n<li>\n<p data-path-to-node=\"7,1,1\"><span data-path-to-node=\"7,1,1,0\"><b><span class=\"citation-28\">S\u00e6ttets indhold:<\/span><\/b><span class=\"citation-28\"> 1 x Hydrating Cream Hairbath (295 ml), 1 x Hydrating Cream Conditioner (295 ml) og 1 x Hydrating Hair Mask (59 ml)<\/span><\/span><span data-path-to-node=\"7,1,1,2\">. Normalpris 590 DKK!<\/span><\/p>\n<\/li>\n<li>\n<p data-path-to-node=\"7,2,1\"><span data-path-to-node=\"7,2,1,0\"><b><span class=\"citation-27\">Ren og \u00f8kologisk luksus:<\/span><\/b><span class=\"citation-27\"> Formularerne er pakket med n\u00e6rende bl\u00f8dg\u00f8rende ingredienser, der reparerer og fugter uden brug af skadelig kemi<\/span><\/span><span data-path-to-node=\"7,2,1,2\">.<\/span><\/p>\n<\/li>\n<li>\n<p data-path-to-node=\"7,3,1\"><span data-path-to-node=\"7,3,1,0\"><b><span class=\"citation-26\">Din personlige h\u00e5r-ceremoni:<\/span><\/b><span class=\"citation-26\"> Produkterne er designet til at blive brugt som en sanselig ceremoni, hvor du &#8220;v\u00e6kker&#8221; ingredienserne i h\u00e6nderne og tager dig tid til selvfork\u00e6lelse<\/span><\/span><span data-path-to-node=\"7,3,1,2\">.<\/span><\/p>\n<\/li>\n<li>\n<p data-path-to-node=\"7,4,1\"><span data-path-to-node=\"7,4,1,0\"><b><span class=\"citation-25\">Fra rens til dybdepleje:<\/span><\/b><span class=\"citation-25\"> Du f\u00e5r en komplet rutine med en rig, cremet shampoo, en genopbyggende balsam og en luksuri\u00f8s h\u00e5rkur, der tilsammen genopretter h\u00e5rets integritet og bl\u00f8dhed<\/span><\/span><span data-path-to-node=\"7,4,1,2\">.<\/span><\/p>\n<\/li>\n<\/ul>","protected":false},"featured_media":121747,"comment_status":"open","ping_status":"closed","template":"","meta":[],"pwb-brand":[46],"product_brand":[],"product_cat":[23,41,140,138],"product_tag":[],"giftcard-category":[],"class_list":{"0":"post-121750","1":"product","2":"type-product","3":"status-publish","4":"has-post-thumbnail","6":"pwb-brand-innersense","7":"product_cat-haarkur","8":"product_cat-kits","9":"product_cat-low-poo","10":"product_cat-plejebalsam","12":"first","13":"outofstock","14":"taxable","15":"shipping-taxable","16":"purchasable","17":"product-type-simple"},"bundled_by":[],"bundle_stock_status":"outofstock","bundle_stock_quantity":0,"bundle_virtual":false,"bundle_layout":"","bundle_add_to_cart_form_location":"","bundle_editable_in_cart":false,"bundle_sold_individually_context":"","bundle_item_grouping":"","bundle_min_size":"","bundle_max_size":"","bundle_price":[],"bundled_items":[],"bundle_sell_ids":[],"supplier_id":null,"supplier_sku":"","barcode":null,"atum_controlled":true,"out_stock_date":"2026-01-16 19:34:27","out_stock_threshold":null,"inheritable":false,"inbound_stock":0,"stock_on_hold":0,"sold_today":0,"sales_last_days":0,"reserved_stock":0,"customer_returns":0,"warehouse_damage":0,"lost_in_post":0,"other_logs":0,"out_stock_days":98,"lost_sales":17640,"has_location":false,"update_date":"2026-04-25T11:11:38","atum_locations":[],"atum_stock_status":"outofstock","restock_status":false,"low_stock_amount":"","sales_update_date":"2026-04-25T11:11:38","calc_backorders":null,"yoast_head":"<!-- This site is optimized with the Yoast SEO plugin v25.6 - https:\/\/yoast.com\/wordpress\/plugins\/seo\/ -->\n<title>Innersense Essential Hydration Ceremony \u2013 Det ultimative fugt-kit til t\u00f8rt h\u00e5r (3 dele)<\/title>\n<meta name=\"description\" content=\"Giv t\u00f8rt og kruset h\u00e5r nyt liv med Innersense Essential Hydration Ceremony. S\u00e6ttet indeholder Hydrating Hairbath, Conditioner og Maske. \u00d8kologisk luksus der giver bl\u00f8de, definerede kr\u00f8ller. K\u00f8b det hos CurlsForYou.dk.\" \/>\n<meta name=\"robots\" content=\"index, follow, max-snippet:-1, max-image-preview:large, max-video-preview:-1\" \/>\n<link rel=\"canonical\" href=\"https:\/\/curlsforyou.dk\/se\/product\/innersense-gave-saet-essential-hydration-ceremony\/\" \/>\n<meta property=\"og:locale\" content=\"sv_SE\" \/>\n<meta property=\"og:type\" content=\"article\" \/>\n<meta property=\"og:title\" content=\"Innersense Essential Hydration Ceremony \u2013 Det ultimative fugt-kit til t\u00f8rt h\u00e5r (3 dele)\" \/>\n<meta property=\"og:description\" content=\"Giv t\u00f8rt og kruset h\u00e5r nyt liv med Innersense Essential Hydration Ceremony. S\u00e6ttet indeholder Hydrating Hairbath, Conditioner og Maske. \u00d8kologisk luksus der giver bl\u00f8de, definerede kr\u00f8ller. K\u00f8b det hos CurlsForYou.dk.\" \/>\n<meta property=\"og:url\" content=\"https:\/\/curlsforyou.dk\/se\/product\/innersense-gave-saet-essential-hydration-ceremony\/\" \/>\n<meta property=\"article:publisher\" content=\"https:\/\/www.facebook.com\/curlsforyou\" \/>\n<meta property=\"article:modified_time\" content=\"2026-03-03T04:39:44+00:00\" \/>\n<meta property=\"og:image\" content=\"https:\/\/curlsforyou.dk\/app\/uploads\/2025\/12\/Innersense-gave-saet-Essential-Hydration.jpg\" \/>\n\t<meta property=\"og:image:width\" content=\"900\" \/>\n\t<meta property=\"og:image:height\" content=\"900\" \/>\n\t<meta property=\"og:image:type\" content=\"image\/jpeg\" \/>\n<meta name=\"twitter:card\" content=\"summary_large_image\" \/>\n<meta name=\"twitter:label1\" content=\"Ber\u00e4knad l\u00e4stid\" \/>\n\t<meta name=\"twitter:data1\" content=\"5 minuter\" \/>\n<script type=\"application\/ld+json\" class=\"yoast-schema-graph\">{\"@context\":\"https:\/\/schema.org\",\"@graph\":[{\"@type\":\"WebPage\",\"@id\":\"https:\/\/curlsforyou.dk\/vare\/innersense-gave-saet-essential-hydration-ceremony\/\",\"url\":\"https:\/\/curlsforyou.dk\/vare\/innersense-gave-saet-essential-hydration-ceremony\/\",\"name\":\"Innersense Essential Hydration Ceremony \u2013 Det ultimative fugt-kit til t\u00f8rt h\u00e5r (3 dele)\",\"isPartOf\":{\"@id\":\"https:\/\/curlsforyou.dk\/#website\"},\"primaryImageOfPage\":{\"@id\":\"https:\/\/curlsforyou.dk\/vare\/innersense-gave-saet-essential-hydration-ceremony\/#primaryimage\"},\"image\":{\"@id\":\"https:\/\/curlsforyou.dk\/vare\/innersense-gave-saet-essential-hydration-ceremony\/#primaryimage\"},\"thumbnailUrl\":\"https:\/\/curlsforyou.dk\/app\/uploads\/2025\/12\/Innersense-gave-saet-Essential-Hydration.jpg\",\"datePublished\":\"2025-12-04T20:17:30+00:00\",\"dateModified\":\"2026-03-03T04:39:44+00:00\",\"description\":\"Giv t\u00f8rt og kruset h\u00e5r nyt liv med Innersense Essential Hydration Ceremony. S\u00e6ttet indeholder Hydrating Hairbath, Conditioner og Maske. \u00d8kologisk luksus der giver bl\u00f8de, definerede kr\u00f8ller. K\u00f8b det hos CurlsForYou.dk.\",\"breadcrumb\":{\"@id\":\"https:\/\/curlsforyou.dk\/vare\/innersense-gave-saet-essential-hydration-ceremony\/#breadcrumb\"},\"inLanguage\":\"sv-SE\",\"potentialAction\":[{\"@type\":\"ReadAction\",\"target\":[\"https:\/\/curlsforyou.dk\/vare\/innersense-gave-saet-essential-hydration-ceremony\/\"]}]},{\"@type\":\"ImageObject\",\"inLanguage\":\"sv-SE\",\"@id\":\"https:\/\/curlsforyou.dk\/vare\/innersense-gave-saet-essential-hydration-ceremony\/#primaryimage\",\"url\":\"https:\/\/curlsforyou.dk\/app\/uploads\/2025\/12\/Innersense-gave-saet-Essential-Hydration.jpg\",\"contentUrl\":\"https:\/\/curlsforyou.dk\/app\/uploads\/2025\/12\/Innersense-gave-saet-Essential-Hydration.jpg\",\"width\":900,\"height\":900,\"caption\":\"Innersense Gave S\u00e6t Essential Hydration Ceremony\"},{\"@type\":\"BreadcrumbList\",\"@id\":\"https:\/\/curlsforyou.dk\/vare\/innersense-gave-saet-essential-hydration-ceremony\/#breadcrumb\",\"itemListElement\":[{\"@type\":\"ListItem\",\"position\":1,\"name\":\"Hjem\",\"item\":\"https:\/\/curlsforyou.dk\/\"},{\"@type\":\"ListItem\",\"position\":2,\"name\":\"Shop\",\"item\":\"https:\/\/curlsforyou.dk\/shop\/\"},{\"@type\":\"ListItem\",\"position\":3,\"name\":\"Innersense Gave S\u00e6t &#8211; Essential Hydration Ceremony\"}]},{\"@type\":\"WebSite\",\"@id\":\"https:\/\/curlsforyou.dk\/#website\",\"url\":\"https:\/\/curlsforyou.dk\/\",\"name\":\"\",\"description\":\"\",\"publisher\":{\"@id\":\"https:\/\/curlsforyou.dk\/#organization\"},\"potentialAction\":[{\"@type\":\"SearchAction\",\"target\":{\"@type\":\"EntryPoint\",\"urlTemplate\":\"https:\/\/curlsforyou.dk\/?s={search_term_string}\"},\"query-input\":{\"@type\":\"PropertyValueSpecification\",\"valueRequired\":true,\"valueName\":\"search_term_string\"}}],\"inLanguage\":\"sv-SE\"},{\"@type\":\"Organization\",\"@id\":\"https:\/\/curlsforyou.dk\/#organization\",\"name\":\"CurlsForYou\",\"url\":\"https:\/\/curlsforyou.dk\/\",\"logo\":{\"@type\":\"ImageObject\",\"inLanguage\":\"sv-SE\",\"@id\":\"https:\/\/curlsforyou.dk\/#\/schema\/logo\/image\/\",\"url\":\"\",\"contentUrl\":\"\",\"caption\":\"CurlsForYou\"},\"image\":{\"@id\":\"https:\/\/curlsforyou.dk\/#\/schema\/logo\/image\/\"},\"sameAs\":[\"https:\/\/www.facebook.com\/curlsforyou\",\"https:\/\/www.instagram.com\/curlsforyou.dk\/\"]}]}<\/script>\n<!-- \/ Yoast SEO plugin. -->","yoast_head_json":{"title":"Innersense Essential Hydration Ceremony \u2013 Det ultimative fugt-kit til t\u00f8rt h\u00e5r (3 dele)","description":"Giv t\u00f8rt og kruset h\u00e5r nyt liv med Innersense Essential Hydration Ceremony. S\u00e6ttet indeholder Hydrating Hairbath, Conditioner og Maske. \u00d8kologisk luksus der giver bl\u00f8de, definerede kr\u00f8ller. K\u00f8b det hos CurlsForYou.dk.","robots":{"index":"index","follow":"follow","max-snippet":"max-snippet:-1","max-image-preview":"max-image-preview:large","max-video-preview":"max-video-preview:-1"},"canonical":"https:\/\/curlsforyou.dk\/se\/product\/innersense-gave-saet-essential-hydration-ceremony\/","og_locale":"sv_SE","og_type":"article","og_title":"Innersense Essential Hydration Ceremony \u2013 Det ultimative fugt-kit til t\u00f8rt h\u00e5r (3 dele)","og_description":"Giv t\u00f8rt og kruset h\u00e5r nyt liv med Innersense Essential Hydration Ceremony. S\u00e6ttet indeholder Hydrating Hairbath, Conditioner og Maske. \u00d8kologisk luksus der giver bl\u00f8de, definerede kr\u00f8ller. K\u00f8b det hos CurlsForYou.dk.","og_url":"https:\/\/curlsforyou.dk\/se\/product\/innersense-gave-saet-essential-hydration-ceremony\/","article_publisher":"https:\/\/www.facebook.com\/curlsforyou","article_modified_time":"2026-03-03T04:39:44+00:00","og_image":[{"width":900,"height":900,"url":"https:\/\/curlsforyou.dk\/app\/uploads\/2025\/12\/Innersense-gave-saet-Essential-Hydration.jpg","type":"image\/jpeg"}],"twitter_card":"summary_large_image","twitter_misc":{"Ber\u00e4knad l\u00e4stid":"5 minuter"},"schema":{"@context":"https:\/\/schema.org","@graph":[{"@type":"WebPage","@id":"https:\/\/curlsforyou.dk\/vare\/innersense-gave-saet-essential-hydration-ceremony\/","url":"https:\/\/curlsforyou.dk\/vare\/innersense-gave-saet-essential-hydration-ceremony\/","name":"Innersense Essential Hydration Ceremony \u2013 Det ultimative fugt-kit til t\u00f8rt h\u00e5r (3 dele)","isPartOf":{"@id":"https:\/\/curlsforyou.dk\/#website"},"primaryImageOfPage":{"@id":"https:\/\/curlsforyou.dk\/vare\/innersense-gave-saet-essential-hydration-ceremony\/#primaryimage"},"image":{"@id":"https:\/\/curlsforyou.dk\/vare\/innersense-gave-saet-essential-hydration-ceremony\/#primaryimage"},"thumbnailUrl":"https:\/\/curlsforyou.dk\/app\/uploads\/2025\/12\/Innersense-gave-saet-Essential-Hydration.jpg","datePublished":"2025-12-04T20:17:30+00:00","dateModified":"2026-03-03T04:39:44+00:00","description":"Giv t\u00f8rt og kruset h\u00e5r nyt liv med Innersense Essential Hydration Ceremony. S\u00e6ttet indeholder Hydrating Hairbath, Conditioner og Maske. \u00d8kologisk luksus der giver bl\u00f8de, definerede kr\u00f8ller. K\u00f8b det hos CurlsForYou.dk.","breadcrumb":{"@id":"https:\/\/curlsforyou.dk\/vare\/innersense-gave-saet-essential-hydration-ceremony\/#breadcrumb"},"inLanguage":"sv-SE","potentialAction":[{"@type":"ReadAction","target":["https:\/\/curlsforyou.dk\/vare\/innersense-gave-saet-essential-hydration-ceremony\/"]}]},{"@type":"ImageObject","inLanguage":"sv-SE","@id":"https:\/\/curlsforyou.dk\/vare\/innersense-gave-saet-essential-hydration-ceremony\/#primaryimage","url":"https:\/\/curlsforyou.dk\/app\/uploads\/2025\/12\/Innersense-gave-saet-Essential-Hydration.jpg","contentUrl":"https:\/\/curlsforyou.dk\/app\/uploads\/2025\/12\/Innersense-gave-saet-Essential-Hydration.jpg","width":900,"height":900,"caption":"Innersense Gave S\u00e6t Essential Hydration Ceremony"},{"@type":"BreadcrumbList","@id":"https:\/\/curlsforyou.dk\/vare\/innersense-gave-saet-essential-hydration-ceremony\/#breadcrumb","itemListElement":[{"@type":"ListItem","position":1,"name":"Hjem","item":"https:\/\/curlsforyou.dk\/"},{"@type":"ListItem","position":2,"name":"Shop","item":"https:\/\/curlsforyou.dk\/shop\/"},{"@type":"ListItem","position":3,"name":"Innersense Gave S\u00e6t &#8211; Essential Hydration Ceremony"}]},{"@type":"WebSite","@id":"https:\/\/curlsforyou.dk\/#website","url":"https:\/\/curlsforyou.dk\/","name":"","description":"","publisher":{"@id":"https:\/\/curlsforyou.dk\/#organization"},"potentialAction":[{"@type":"SearchAction","target":{"@type":"EntryPoint","urlTemplate":"https:\/\/curlsforyou.dk\/?s={search_term_string}"},"query-input":{"@type":"PropertyValueSpecification","valueRequired":true,"valueName":"search_term_string"}}],"inLanguage":"sv-SE"},{"@type":"Organization","@id":"https:\/\/curlsforyou.dk\/#organization","name":"CurlsForYou","url":"https:\/\/curlsforyou.dk\/","logo":{"@type":"ImageObject","inLanguage":"sv-SE","@id":"https:\/\/curlsforyou.dk\/#\/schema\/logo\/image\/","url":"","contentUrl":"","caption":"CurlsForYou"},"image":{"@id":"https:\/\/curlsforyou.dk\/#\/schema\/logo\/image\/"},"sameAs":["https:\/\/www.facebook.com\/curlsforyou","https:\/\/www.instagram.com\/curlsforyou.dk\/"]}]}},"brands":[{"id":46,"name":"Innersense","slug":"innersense"}],"_links":{"self":[{"href":"https:\/\/curlsforyou.dk\/se\/wp-json\/wp\/v2\/product\/121750","targetHints":{"allow":["GET"]}}],"collection":[{"href":"https:\/\/curlsforyou.dk\/se\/wp-json\/wp\/v2\/product"}],"about":[{"href":"https:\/\/curlsforyou.dk\/se\/wp-json\/wp\/v2\/types\/product"}],"replies":[{"embeddable":true,"href":"https:\/\/curlsforyou.dk\/se\/wp-json\/wp\/v2\/comments?post=121750"}],"version-history":[{"count":0,"href":"https:\/\/curlsforyou.dk\/se\/wp-json\/wp\/v2\/product\/121750\/revisions"}],"wp:featuredmedia":[{"embeddable":true,"href":"https:\/\/curlsforyou.dk\/se\/wp-json\/wp\/v2\/media\/121747"}],"wp:attachment":[{"href":"https:\/\/curlsforyou.dk\/se\/wp-json\/wp\/v2\/media?parent=121750"}],"wp:term":[{"taxonomy":"pwb-brand","embeddable":true,"href":"https:\/\/curlsforyou.dk\/se\/wp-json\/wp\/v2\/pwb-brand?post=121750"},{"taxonomy":"product_brand","embeddable":true,"href":"https:\/\/curlsforyou.dk\/se\/wp-json\/wp\/v2\/product_brand?post=121750"},{"taxonomy":"product_cat","embeddable":true,"href":"https:\/\/curlsforyou.dk\/se\/wp-json\/wp\/v2\/product_cat?post=121750"},{"taxonomy":"product_tag","embeddable":true,"href":"https:\/\/curlsforyou.dk\/se\/wp-json\/wp\/v2\/product_tag?post=121750"},{"taxonomy":"giftcard-category","embeddable":true,"href":"https:\/\/curlsforyou.dk\/se\/wp-json\/wp\/v2\/giftcard-category?post=121750"}],"curies":[{"name":"wp","href":"https:\/\/api.w.org\/{rel}","templated":true}]}}