{"id":109157,"date":"2024-11-07T09:12:29","date_gmt":"2024-11-07T08:12:29","guid":{"rendered":"https:\/\/curlsforyou.dk\/?post_type=product&#038;p=109157"},"modified":"2026-04-26T08:28:25","modified_gmt":"2026-04-26T06:28:25","slug":"lemone-silk-scrunchies-3-cm","status":"publish","type":"product","link":"https:\/\/curlsforyou.dk\/se\/product\/lemone-silk-scrunchies-3-cm\/","title":{"rendered":"Lemon\u00e9 &#8211; Silk Scrunchies 3 cm"},"content":{"rendered":"<p>Lemon\u00e9 &#8211; Silk Scrunchies 3 cm er en scrunchie er fremstillet af verdens fineste silke og designet til at have en bl\u00f8d, blank og glat overflade der mindsker friktion og har et godt greb mod h\u00e5ret. Den er egnet til alle h\u00e5rtyper og vi har n\u00f8je valgt et slidst\u00e6rkt gummib\u00e5nd der binder dit h\u00e5r godt uden det bliver skadet og f\u00e5r trykm\u00e6rker.<\/p>","protected":false},"excerpt":{"rendered":"<ul>\n<li>Fremstillet i silke<\/li>\n<li>Mindsker friktion der g\u00f8r den perfekt til kr\u00f8ller<\/li>\n<li>Slider ikke p\u00e5 h\u00e5ret<\/li>\n<li>100 % af det fineste\u00a0 morb\u00e6rsilke med en tykkelse p\u00e5 22 momme.<\/li>\n<li>Slidst\u00e6rkt gummib\u00e5nd der binder dit h\u00e5r godt uden det bliver skadet og f\u00e5r trykm\u00e6rker<\/li>\n<li>F\u00e5s i farverne Rosa, Dark Brown, Champagne og Sort<\/li>\n<\/ul>","protected":false},"featured_media":109166,"comment_status":"open","ping_status":"closed","template":"","meta":[],"pwb-brand":[337],"product_brand":[],"product_cat":[144],"product_tag":[],"giftcard-category":[],"class_list":{"0":"post-109157","1":"product","2":"type-product","3":"status-publish","4":"has-post-thumbnail","6":"pwb-brand-lemone","7":"product_cat-haarpynt-og-elastikker","9":"first","10":"instock","11":"taxable","12":"shipping-taxable","13":"purchasable","14":"product-type-variable"},"bundled_by":[],"bundle_stock_status":"instock","bundle_stock_quantity":null,"bundle_virtual":false,"bundle_layout":"","bundle_add_to_cart_form_location":"","bundle_editable_in_cart":false,"bundle_sold_individually_context":"","bundle_item_grouping":"","bundle_min_size":"","bundle_max_size":"","bundle_price":[],"bundled_items":[],"bundle_sell_ids":[],"supplier_id":null,"supplier_sku":"","barcode":null,"atum_controlled":true,"out_stock_date":null,"out_stock_threshold":null,"inheritable":true,"inbound_stock":0,"stock_on_hold":0,"sold_today":0,"sales_last_days":2,"reserved_stock":0,"customer_returns":0,"warehouse_damage":0,"lost_in_post":0,"other_logs":0,"out_stock_days":0,"lost_sales":0,"has_location":false,"update_date":"2026-05-05T11:16:31","atum_locations":[],"atum_stock_status":"instock","restock_status":false,"low_stock_amount":"","sales_update_date":"2026-05-05T11:16:31","calc_backorders":null,"yoast_head":"<!-- This site is optimized with the Yoast SEO plugin v25.6 - https:\/\/yoast.com\/wordpress\/plugins\/seo\/ -->\n<title>Lemon\u00e9 - Silk Scrunchies 3 cm -<\/title>\n<meta name=\"robots\" content=\"index, follow, max-snippet:-1, max-image-preview:large, max-video-preview:-1\" \/>\n<link rel=\"canonical\" href=\"https:\/\/curlsforyou.dk\/se\/product\/lemone-silk-scrunchies-3-cm\/\" \/>\n<meta property=\"og:locale\" content=\"sv_SE\" \/>\n<meta property=\"og:type\" content=\"article\" \/>\n<meta property=\"og:title\" content=\"Lemon\u00e9 - Silk Scrunchies 3 cm -\" \/>\n<meta property=\"og:description\" content=\"Fremstillet i silke  Mindsker friktion der g\u00f8r den perfekt til kr\u00f8ller  Slider ikke p\u00e5 h\u00e5ret  100 % af det fineste\u00a0 morb\u00e6rsilke med en tykkelse p\u00e5 22 momme.  Slidst\u00e6rkt gummib\u00e5nd der binder dit h\u00e5r godt uden det bliver skadet og f\u00e5r trykm\u00e6rker  F\u00e5s i farverne Rosa, Dark Brown, Champagne og Sort\" \/>\n<meta property=\"og:url\" content=\"https:\/\/curlsforyou.dk\/se\/product\/lemone-silk-scrunchies-3-cm\/\" \/>\n<meta property=\"article:publisher\" content=\"https:\/\/www.facebook.com\/curlsforyou\" \/>\n<meta property=\"article:modified_time\" content=\"2026-04-26T06:28:25+00:00\" \/>\n<meta property=\"og:image\" content=\"https:\/\/curlsforyou.dk\/app\/uploads\/2024\/11\/Limone-Silk-Scrunchies-3-cm-Rosa.png\" \/>\n\t<meta property=\"og:image:width\" content=\"800\" \/>\n\t<meta property=\"og:image:height\" content=\"800\" \/>\n\t<meta property=\"og:image:type\" content=\"image\/png\" \/>\n<meta name=\"twitter:card\" content=\"summary_large_image\" \/>\n<meta name=\"twitter:label1\" content=\"Ber\u00e4knad l\u00e4stid\" \/>\n\t<meta name=\"twitter:data1\" content=\"1 minut\" \/>\n<script type=\"application\/ld+json\" class=\"yoast-schema-graph\">{\"@context\":\"https:\/\/schema.org\",\"@graph\":[{\"@type\":\"WebPage\",\"@id\":\"https:\/\/curlsforyou.dk\/vare\/lemone-silk-scrunchies-3-cm\/\",\"url\":\"https:\/\/curlsforyou.dk\/vare\/lemone-silk-scrunchies-3-cm\/\",\"name\":\"Lemon\u00e9 - Silk Scrunchies 3 cm -\",\"isPartOf\":{\"@id\":\"https:\/\/curlsforyou.dk\/#website\"},\"primaryImageOfPage\":{\"@id\":\"https:\/\/curlsforyou.dk\/vare\/lemone-silk-scrunchies-3-cm\/#primaryimage\"},\"image\":{\"@id\":\"https:\/\/curlsforyou.dk\/vare\/lemone-silk-scrunchies-3-cm\/#primaryimage\"},\"thumbnailUrl\":\"https:\/\/curlsforyou.dk\/app\/uploads\/2024\/11\/Limone-Silk-Scrunchies-3-cm-Rosa.png\",\"datePublished\":\"2024-11-07T08:12:29+00:00\",\"dateModified\":\"2026-04-26T06:28:25+00:00\",\"breadcrumb\":{\"@id\":\"https:\/\/curlsforyou.dk\/vare\/lemone-silk-scrunchies-3-cm\/#breadcrumb\"},\"inLanguage\":\"sv-SE\",\"potentialAction\":[{\"@type\":\"ReadAction\",\"target\":[\"https:\/\/curlsforyou.dk\/vare\/lemone-silk-scrunchies-3-cm\/\"]}]},{\"@type\":\"ImageObject\",\"inLanguage\":\"sv-SE\",\"@id\":\"https:\/\/curlsforyou.dk\/vare\/lemone-silk-scrunchies-3-cm\/#primaryimage\",\"url\":\"https:\/\/curlsforyou.dk\/app\/uploads\/2024\/11\/Limone-Silk-Scrunchies-3-cm-Rosa.png\",\"contentUrl\":\"https:\/\/curlsforyou.dk\/app\/uploads\/2024\/11\/Limone-Silk-Scrunchies-3-cm-Rosa.png\",\"width\":800,\"height\":800,\"caption\":\"Limone - Silk Scrunchies 3 cm Rosa. Find den p\u00e5 www.curlsforyou.dk\"},{\"@type\":\"BreadcrumbList\",\"@id\":\"https:\/\/curlsforyou.dk\/vare\/lemone-silk-scrunchies-3-cm\/#breadcrumb\",\"itemListElement\":[{\"@type\":\"ListItem\",\"position\":1,\"name\":\"Hjem\",\"item\":\"https:\/\/curlsforyou.dk\/\"},{\"@type\":\"ListItem\",\"position\":2,\"name\":\"Shop\",\"item\":\"https:\/\/curlsforyou.dk\/shop\/\"},{\"@type\":\"ListItem\",\"position\":3,\"name\":\"Lemon\u00e9 &#8211; Silk Scrunchies 3 cm\"}]},{\"@type\":\"WebSite\",\"@id\":\"https:\/\/curlsforyou.dk\/#website\",\"url\":\"https:\/\/curlsforyou.dk\/\",\"name\":\"\",\"description\":\"\",\"publisher\":{\"@id\":\"https:\/\/curlsforyou.dk\/#organization\"},\"potentialAction\":[{\"@type\":\"SearchAction\",\"target\":{\"@type\":\"EntryPoint\",\"urlTemplate\":\"https:\/\/curlsforyou.dk\/?s={search_term_string}\"},\"query-input\":{\"@type\":\"PropertyValueSpecification\",\"valueRequired\":true,\"valueName\":\"search_term_string\"}}],\"inLanguage\":\"sv-SE\"},{\"@type\":\"Organization\",\"@id\":\"https:\/\/curlsforyou.dk\/#organization\",\"name\":\"CurlsForYou\",\"url\":\"https:\/\/curlsforyou.dk\/\",\"logo\":{\"@type\":\"ImageObject\",\"inLanguage\":\"sv-SE\",\"@id\":\"https:\/\/curlsforyou.dk\/#\/schema\/logo\/image\/\",\"url\":\"\",\"contentUrl\":\"\",\"caption\":\"CurlsForYou\"},\"image\":{\"@id\":\"https:\/\/curlsforyou.dk\/#\/schema\/logo\/image\/\"},\"sameAs\":[\"https:\/\/www.facebook.com\/curlsforyou\",\"https:\/\/www.instagram.com\/curlsforyou.dk\/\"]}]}<\/script>\n<!-- \/ Yoast SEO plugin. -->","yoast_head_json":{"title":"Lemon\u00e9 - Silk Scrunchies 3 cm -","robots":{"index":"index","follow":"follow","max-snippet":"max-snippet:-1","max-image-preview":"max-image-preview:large","max-video-preview":"max-video-preview:-1"},"canonical":"https:\/\/curlsforyou.dk\/se\/product\/lemone-silk-scrunchies-3-cm\/","og_locale":"sv_SE","og_type":"article","og_title":"Lemon\u00e9 - Silk Scrunchies 3 cm -","og_description":"Fremstillet i silke  Mindsker friktion der g\u00f8r den perfekt til kr\u00f8ller  Slider ikke p\u00e5 h\u00e5ret  100 % af det fineste\u00a0 morb\u00e6rsilke med en tykkelse p\u00e5 22 momme.  Slidst\u00e6rkt gummib\u00e5nd der binder dit h\u00e5r godt uden det bliver skadet og f\u00e5r trykm\u00e6rker  F\u00e5s i farverne Rosa, Dark Brown, Champagne og Sort","og_url":"https:\/\/curlsforyou.dk\/se\/product\/lemone-silk-scrunchies-3-cm\/","article_publisher":"https:\/\/www.facebook.com\/curlsforyou","article_modified_time":"2026-04-26T06:28:25+00:00","og_image":[{"width":800,"height":800,"url":"https:\/\/curlsforyou.dk\/app\/uploads\/2024\/11\/Limone-Silk-Scrunchies-3-cm-Rosa.png","type":"image\/png"}],"twitter_card":"summary_large_image","twitter_misc":{"Ber\u00e4knad l\u00e4stid":"1 minut"},"schema":{"@context":"https:\/\/schema.org","@graph":[{"@type":"WebPage","@id":"https:\/\/curlsforyou.dk\/vare\/lemone-silk-scrunchies-3-cm\/","url":"https:\/\/curlsforyou.dk\/vare\/lemone-silk-scrunchies-3-cm\/","name":"Lemon\u00e9 - Silk Scrunchies 3 cm -","isPartOf":{"@id":"https:\/\/curlsforyou.dk\/#website"},"primaryImageOfPage":{"@id":"https:\/\/curlsforyou.dk\/vare\/lemone-silk-scrunchies-3-cm\/#primaryimage"},"image":{"@id":"https:\/\/curlsforyou.dk\/vare\/lemone-silk-scrunchies-3-cm\/#primaryimage"},"thumbnailUrl":"https:\/\/curlsforyou.dk\/app\/uploads\/2024\/11\/Limone-Silk-Scrunchies-3-cm-Rosa.png","datePublished":"2024-11-07T08:12:29+00:00","dateModified":"2026-04-26T06:28:25+00:00","breadcrumb":{"@id":"https:\/\/curlsforyou.dk\/vare\/lemone-silk-scrunchies-3-cm\/#breadcrumb"},"inLanguage":"sv-SE","potentialAction":[{"@type":"ReadAction","target":["https:\/\/curlsforyou.dk\/vare\/lemone-silk-scrunchies-3-cm\/"]}]},{"@type":"ImageObject","inLanguage":"sv-SE","@id":"https:\/\/curlsforyou.dk\/vare\/lemone-silk-scrunchies-3-cm\/#primaryimage","url":"https:\/\/curlsforyou.dk\/app\/uploads\/2024\/11\/Limone-Silk-Scrunchies-3-cm-Rosa.png","contentUrl":"https:\/\/curlsforyou.dk\/app\/uploads\/2024\/11\/Limone-Silk-Scrunchies-3-cm-Rosa.png","width":800,"height":800,"caption":"Limone - Silk Scrunchies 3 cm Rosa. Find den p\u00e5 www.curlsforyou.dk"},{"@type":"BreadcrumbList","@id":"https:\/\/curlsforyou.dk\/vare\/lemone-silk-scrunchies-3-cm\/#breadcrumb","itemListElement":[{"@type":"ListItem","position":1,"name":"Hjem","item":"https:\/\/curlsforyou.dk\/"},{"@type":"ListItem","position":2,"name":"Shop","item":"https:\/\/curlsforyou.dk\/shop\/"},{"@type":"ListItem","position":3,"name":"Lemon\u00e9 &#8211; Silk Scrunchies 3 cm"}]},{"@type":"WebSite","@id":"https:\/\/curlsforyou.dk\/#website","url":"https:\/\/curlsforyou.dk\/","name":"","description":"","publisher":{"@id":"https:\/\/curlsforyou.dk\/#organization"},"potentialAction":[{"@type":"SearchAction","target":{"@type":"EntryPoint","urlTemplate":"https:\/\/curlsforyou.dk\/?s={search_term_string}"},"query-input":{"@type":"PropertyValueSpecification","valueRequired":true,"valueName":"search_term_string"}}],"inLanguage":"sv-SE"},{"@type":"Organization","@id":"https:\/\/curlsforyou.dk\/#organization","name":"CurlsForYou","url":"https:\/\/curlsforyou.dk\/","logo":{"@type":"ImageObject","inLanguage":"sv-SE","@id":"https:\/\/curlsforyou.dk\/#\/schema\/logo\/image\/","url":"","contentUrl":"","caption":"CurlsForYou"},"image":{"@id":"https:\/\/curlsforyou.dk\/#\/schema\/logo\/image\/"},"sameAs":["https:\/\/www.facebook.com\/curlsforyou","https:\/\/www.instagram.com\/curlsforyou.dk\/"]}]}},"brands":[{"id":337,"name":"Lemon\u00e9","slug":"lemone"}],"_links":{"self":[{"href":"https:\/\/curlsforyou.dk\/se\/wp-json\/wp\/v2\/product\/109157","targetHints":{"allow":["GET"]}}],"collection":[{"href":"https:\/\/curlsforyou.dk\/se\/wp-json\/wp\/v2\/product"}],"about":[{"href":"https:\/\/curlsforyou.dk\/se\/wp-json\/wp\/v2\/types\/product"}],"replies":[{"embeddable":true,"href":"https:\/\/curlsforyou.dk\/se\/wp-json\/wp\/v2\/comments?post=109157"}],"version-history":[{"count":0,"href":"https:\/\/curlsforyou.dk\/se\/wp-json\/wp\/v2\/product\/109157\/revisions"}],"wp:featuredmedia":[{"embeddable":true,"href":"https:\/\/curlsforyou.dk\/se\/wp-json\/wp\/v2\/media\/109166"}],"wp:attachment":[{"href":"https:\/\/curlsforyou.dk\/se\/wp-json\/wp\/v2\/media?parent=109157"}],"wp:term":[{"taxonomy":"pwb-brand","embeddable":true,"href":"https:\/\/curlsforyou.dk\/se\/wp-json\/wp\/v2\/pwb-brand?post=109157"},{"taxonomy":"product_brand","embeddable":true,"href":"https:\/\/curlsforyou.dk\/se\/wp-json\/wp\/v2\/product_brand?post=109157"},{"taxonomy":"product_cat","embeddable":true,"href":"https:\/\/curlsforyou.dk\/se\/wp-json\/wp\/v2\/product_cat?post=109157"},{"taxonomy":"product_tag","embeddable":true,"href":"https:\/\/curlsforyou.dk\/se\/wp-json\/wp\/v2\/product_tag?post=109157"},{"taxonomy":"giftcard-category","embeddable":true,"href":"https:\/\/curlsforyou.dk\/se\/wp-json\/wp\/v2\/giftcard-category?post=109157"}],"curies":[{"name":"wp","href":"https:\/\/api.w.org\/{rel}","templated":true}]}}