{"id":15,"date":"2019-03-30T15:50:21","date_gmt":"2019-03-30T14:50:21","guid":{"rendered":"https:\/\/curlsforyou.dk\/?page_id=15"},"modified":"2020-04-29T08:04:34","modified_gmt":"2020-04-29T06:04:34","slug":"kontakt-os","status":"publish","type":"page","link":"https:\/\/curlsforyou.dk\/se\/kontakt-os\/","title":{"rendered":"Kontakt os"},"content":{"rendered":"[ux_banner height=&#8221;100%&#8221; height__sm=&#8221;580px&#8221; bg=&#8221;84&#8243; bg_color=&#8221;rgb(68, 96, 132)&#8221; bg_overlay=&#8221;rgba(68, 96, 132, 0.82)&#8221; bg_pos=&#8221;0% 0%&#8221;]\n\n[text_box width__sm=&#8221;78&#8243; position_x=&#8221;50&#8243; position_y=&#8221;50&#8243;]\n\n[gap height=&#8221;50px&#8221;]\n\n<h1 class=\"uppercase\"><strong>Kontakt os<\/strong><\/h1>\n[gap height=&#8221;24px&#8221;]\n\n[contact-form-7 id=&#8221;156&#8243;]\n\n\n[\/text_box]\n\n[\/ux_banner]","protected":false},"excerpt":{"rendered":"<p>[ux_banner height=&#8221;100%&#8221; height__sm=&#8221;580px&#8221; bg=&#8221;84&#8243; bg_color=&#8221;rgb(68, 96, 132)&#8221; bg_overlay=&#8221;rgba(68, 96, 132, 0.82)&#8221; bg_pos=&#8221;0% 0%&#8221;] [text_box width__sm=&#8221;78&#8243; position_x=&#8221;50&#8243; position_y=&#8221;50&#8243;] [gap height=&#8221;50px&#8221;] Kontakt<\/p>","protected":false},"author":1,"featured_media":0,"parent":0,"menu_order":0,"comment_status":"closed","ping_status":"closed","template":"page-blank.php","meta":{"footnotes":""},"class_list":["post-15","page","type-page","status-publish","hentry"],"yoast_head":"<!-- This site is optimized with the Yoast SEO plugin v25.6 - https:\/\/yoast.com\/wordpress\/plugins\/seo\/ -->\n<title>Kontakt os -<\/title>\n<meta name=\"description\" content=\"L\u00e6s her hvordan du kontakter os der st\u00e5r bag siden curls for you (curlsforyou.dk), nemlig selskabet CurlsForYou Aps, vi er altid klar til at hj\u00e6lpe.\" \/>\n<meta name=\"robots\" content=\"index, follow, max-snippet:-1, max-image-preview:large, max-video-preview:-1\" \/>\n<link rel=\"canonical\" href=\"https:\/\/curlsforyou.dk\/se\/kontakt-os\/\" \/>\n<meta property=\"og:locale\" content=\"sv_SE\" \/>\n<meta property=\"og:type\" content=\"article\" \/>\n<meta property=\"og:title\" content=\"Kontakt os -\" \/>\n<meta property=\"og:description\" content=\"L\u00e6s her hvordan du kontakter os der st\u00e5r bag siden curls for you (curlsforyou.dk), nemlig selskabet CurlsForYou Aps, vi er altid klar til at hj\u00e6lpe.\" \/>\n<meta property=\"og:url\" content=\"https:\/\/curlsforyou.dk\/se\/kontakt-os\/\" \/>\n<meta property=\"article:publisher\" content=\"https:\/\/www.facebook.com\/curlsforyou\" \/>\n<meta property=\"article:modified_time\" content=\"2020-04-29T06:04:34+00:00\" \/>\n<meta name=\"twitter:card\" content=\"summary_large_image\" \/>\n<script type=\"application\/ld+json\" class=\"yoast-schema-graph\">{\"@context\":\"https:\/\/schema.org\",\"@graph\":[{\"@type\":\"WebPage\",\"@id\":\"https:\/\/curlsforyou.dk\/kontakt-os\/\",\"url\":\"https:\/\/curlsforyou.dk\/kontakt-os\/\",\"name\":\"Kontakt os -\",\"isPartOf\":{\"@id\":\"https:\/\/curlsforyou.dk\/#website\"},\"datePublished\":\"2019-03-30T14:50:21+00:00\",\"dateModified\":\"2020-04-29T06:04:34+00:00\",\"description\":\"L\u00e6s her hvordan du kontakter os der st\u00e5r bag siden curls for you (curlsforyou.dk), nemlig selskabet CurlsForYou Aps, vi er altid klar til at hj\u00e6lpe.\",\"breadcrumb\":{\"@id\":\"https:\/\/curlsforyou.dk\/kontakt-os\/#breadcrumb\"},\"inLanguage\":\"sv-SE\",\"potentialAction\":[{\"@type\":\"ReadAction\",\"target\":[\"https:\/\/curlsforyou.dk\/kontakt-os\/\"]}]},{\"@type\":\"BreadcrumbList\",\"@id\":\"https:\/\/curlsforyou.dk\/kontakt-os\/#breadcrumb\",\"itemListElement\":[{\"@type\":\"ListItem\",\"position\":1,\"name\":\"Hjem\",\"item\":\"https:\/\/curlsforyou.dk\/\"},{\"@type\":\"ListItem\",\"position\":2,\"name\":\"Kontakt os\"}]},{\"@type\":\"WebSite\",\"@id\":\"https:\/\/curlsforyou.dk\/#website\",\"url\":\"https:\/\/curlsforyou.dk\/\",\"name\":\"\",\"description\":\"\",\"publisher\":{\"@id\":\"https:\/\/curlsforyou.dk\/#organization\"},\"potentialAction\":[{\"@type\":\"SearchAction\",\"target\":{\"@type\":\"EntryPoint\",\"urlTemplate\":\"https:\/\/curlsforyou.dk\/?s={search_term_string}\"},\"query-input\":{\"@type\":\"PropertyValueSpecification\",\"valueRequired\":true,\"valueName\":\"search_term_string\"}}],\"inLanguage\":\"sv-SE\"},{\"@type\":\"Organization\",\"@id\":\"https:\/\/curlsforyou.dk\/#organization\",\"name\":\"CurlsForYou\",\"url\":\"https:\/\/curlsforyou.dk\/\",\"logo\":{\"@type\":\"ImageObject\",\"inLanguage\":\"sv-SE\",\"@id\":\"https:\/\/curlsforyou.dk\/#\/schema\/logo\/image\/\",\"url\":\"\",\"contentUrl\":\"\",\"caption\":\"CurlsForYou\"},\"image\":{\"@id\":\"https:\/\/curlsforyou.dk\/#\/schema\/logo\/image\/\"},\"sameAs\":[\"https:\/\/www.facebook.com\/curlsforyou\",\"https:\/\/www.instagram.com\/curlsforyou.dk\/\"]}]}<\/script>\n<!-- \/ Yoast SEO plugin. -->","yoast_head_json":{"title":"Kontakt os -","description":"L\u00e6s her hvordan du kontakter os der st\u00e5r bag siden curls for you (curlsforyou.dk), nemlig selskabet CurlsForYou Aps, vi er altid klar til at hj\u00e6lpe.","robots":{"index":"index","follow":"follow","max-snippet":"max-snippet:-1","max-image-preview":"max-image-preview:large","max-video-preview":"max-video-preview:-1"},"canonical":"https:\/\/curlsforyou.dk\/se\/kontakt-os\/","og_locale":"sv_SE","og_type":"article","og_title":"Kontakt os -","og_description":"L\u00e6s her hvordan du kontakter os der st\u00e5r bag siden curls for you (curlsforyou.dk), nemlig selskabet CurlsForYou Aps, vi er altid klar til at hj\u00e6lpe.","og_url":"https:\/\/curlsforyou.dk\/se\/kontakt-os\/","article_publisher":"https:\/\/www.facebook.com\/curlsforyou","article_modified_time":"2020-04-29T06:04:34+00:00","twitter_card":"summary_large_image","schema":{"@context":"https:\/\/schema.org","@graph":[{"@type":"WebPage","@id":"https:\/\/curlsforyou.dk\/kontakt-os\/","url":"https:\/\/curlsforyou.dk\/kontakt-os\/","name":"Kontakt os -","isPartOf":{"@id":"https:\/\/curlsforyou.dk\/#website"},"datePublished":"2019-03-30T14:50:21+00:00","dateModified":"2020-04-29T06:04:34+00:00","description":"L\u00e6s her hvordan du kontakter os der st\u00e5r bag siden curls for you (curlsforyou.dk), nemlig selskabet CurlsForYou Aps, vi er altid klar til at hj\u00e6lpe.","breadcrumb":{"@id":"https:\/\/curlsforyou.dk\/kontakt-os\/#breadcrumb"},"inLanguage":"sv-SE","potentialAction":[{"@type":"ReadAction","target":["https:\/\/curlsforyou.dk\/kontakt-os\/"]}]},{"@type":"BreadcrumbList","@id":"https:\/\/curlsforyou.dk\/kontakt-os\/#breadcrumb","itemListElement":[{"@type":"ListItem","position":1,"name":"Hjem","item":"https:\/\/curlsforyou.dk\/"},{"@type":"ListItem","position":2,"name":"Kontakt os"}]},{"@type":"WebSite","@id":"https:\/\/curlsforyou.dk\/#website","url":"https:\/\/curlsforyou.dk\/","name":"","description":"","publisher":{"@id":"https:\/\/curlsforyou.dk\/#organization"},"potentialAction":[{"@type":"SearchAction","target":{"@type":"EntryPoint","urlTemplate":"https:\/\/curlsforyou.dk\/?s={search_term_string}"},"query-input":{"@type":"PropertyValueSpecification","valueRequired":true,"valueName":"search_term_string"}}],"inLanguage":"sv-SE"},{"@type":"Organization","@id":"https:\/\/curlsforyou.dk\/#organization","name":"CurlsForYou","url":"https:\/\/curlsforyou.dk\/","logo":{"@type":"ImageObject","inLanguage":"sv-SE","@id":"https:\/\/curlsforyou.dk\/#\/schema\/logo\/image\/","url":"","contentUrl":"","caption":"CurlsForYou"},"image":{"@id":"https:\/\/curlsforyou.dk\/#\/schema\/logo\/image\/"},"sameAs":["https:\/\/www.facebook.com\/curlsforyou","https:\/\/www.instagram.com\/curlsforyou.dk\/"]}]}},"_links":{"self":[{"href":"https:\/\/curlsforyou.dk\/se\/wp-json\/wp\/v2\/pages\/15","targetHints":{"allow":["GET"]}}],"collection":[{"href":"https:\/\/curlsforyou.dk\/se\/wp-json\/wp\/v2\/pages"}],"about":[{"href":"https:\/\/curlsforyou.dk\/se\/wp-json\/wp\/v2\/types\/page"}],"author":[{"embeddable":true,"href":"https:\/\/curlsforyou.dk\/se\/wp-json\/wp\/v2\/users\/1"}],"replies":[{"embeddable":true,"href":"https:\/\/curlsforyou.dk\/se\/wp-json\/wp\/v2\/comments?post=15"}],"version-history":[{"count":0,"href":"https:\/\/curlsforyou.dk\/se\/wp-json\/wp\/v2\/pages\/15\/revisions"}],"wp:attachment":[{"href":"https:\/\/curlsforyou.dk\/se\/wp-json\/wp\/v2\/media?parent=15"}],"curies":[{"name":"wp","href":"https:\/\/api.w.org\/{rel}","templated":true}]}}