{"id":83427,"date":"2023-05-24T21:55:45","date_gmt":"2023-05-24T19:55:45","guid":{"rendered":"https:\/\/curlsforyou.dk\/?post_type=product&#038;p=83427"},"modified":"2026-01-26T16:32:12","modified_gmt":"2026-01-26T15:32:12","slug":"outletvare-24","status":"publish","type":"product","link":"https:\/\/curlsforyou.dk\/en\/product\/outletvare-24\/","title":{"rendered":"Outletvare 24 &#8211; Alikay Naturals Lemongrass Super Twisting Butter (ikke CG godkendt)"},"content":{"rendered":"<p>Ingredients:<\/p>\n<p>Butyrospermum Parkii (Shea Butter), Palm Wax, Olea Europaea (Olive) Fruit Oil, Caprylic\/Capric Triglyceride (Palm and Coconut Oil), Oryza Sativa (Rice) Bran Extract, Cymbopogon Flexosus (Lemongrass) Oil Extract, Rosmarinus Officinalis (Rosemary) Extract, Helianthus Annuus (Sunflower) Seed Extract, Tocopherol (Vitamin E), Fragrance<\/p>","protected":false},"excerpt":{"rendered":"<ul>\n<li><em><strong>Outletvare<\/strong><\/em><\/li>\n<li><em>Varen er helt ny, fra distribut\u00f8r fejlleveret, ikke CG godkendt da den indeholde palm wax<\/em><\/li>\n<\/ul>\n<p>&nbsp;<\/p>\n<ul>\n<li><strong>Alikay Naturals Lemongrass Super Twisting Butter<\/strong>\u00a0er en rig og fugtgivende stylingbutter, designet til at give maksimal definition og langvarig fugt til twist-outs, braid-outs og andre beskyttende frisurer. Den er en del af Lemongrass Style Collection\u2122 og indeholder lemongrassolie, som styrker h\u00e5rs\u00e6kkene, fremmer sund h\u00e5rv\u00e6kst og reducerer h\u00e5rtab. Produktet har en frisk citrusduft og er velegnet til alle tekstureret h\u00e5rtyper<\/li>\n<li>St\u00f8rrelse: 227 g<\/li>\n<\/ul>","protected":false},"featured_media":118609,"comment_status":"open","ping_status":"closed","template":"","meta":[],"pwb-brand":[],"product_brand":[],"product_cat":[321],"product_tag":[],"giftcard-category":[],"class_list":{"0":"post-83427","1":"product","2":"type-product","3":"status-publish","4":"has-post-thumbnail","6":"product_cat-outlet","8":"first","9":"instock","10":"taxable","11":"shipping-taxable","12":"purchasable","13":"product-type-simple"},"bundled_by":[],"bundle_stock_status":"instock","bundle_stock_quantity":9,"bundle_virtual":false,"bundle_layout":"","bundle_add_to_cart_form_location":"","bundle_editable_in_cart":false,"bundle_sold_individually_context":"","bundle_item_grouping":"","bundle_min_size":"","bundle_max_size":"","bundle_price":[],"bundled_items":[],"bundle_sell_ids":[],"supplier_id":null,"supplier_sku":"","barcode":null,"atum_controlled":false,"out_stock_date":"2023-06-10 16:45:44","out_stock_threshold":null,"inheritable":false,"inbound_stock":0,"stock_on_hold":0,"sold_today":0,"sales_last_days":0,"reserved_stock":0,"customer_returns":0,"warehouse_damage":0,"lost_in_post":0,"other_logs":0,"out_stock_days":1054,"lost_sales":0,"has_location":false,"update_date":"2026-04-30T11:21:30","atum_locations":[],"atum_stock_status":"instock","restock_status":false,"low_stock_amount":"","sales_update_date":"2026-04-30T11:21:29","calc_backorders":null,"yoast_head":"<!-- This site is optimized with the Yoast SEO plugin v25.6 - https:\/\/yoast.com\/wordpress\/plugins\/seo\/ -->\n<title>Outletvare 24 - Alikay Naturals Lemongrass Super Twisting Butter (ikke CG godkendt) -<\/title>\n<meta name=\"robots\" content=\"index, follow, max-snippet:-1, max-image-preview:large, max-video-preview:-1\" \/>\n<link rel=\"canonical\" href=\"https:\/\/curlsforyou.dk\/en\/product\/outletvare-24\/\" \/>\n<meta property=\"og:locale\" content=\"en_GB\" \/>\n<meta property=\"og:type\" content=\"article\" \/>\n<meta property=\"og:title\" content=\"Outletvare 24 - Alikay Naturals Lemongrass Super Twisting Butter (ikke CG godkendt) -\" \/>\n<meta property=\"og:description\" content=\"Outletvare  Varen er helt ny, fra distribut\u00f8r fejlleveret, ikke CG godkendt da den indeholde palm wax  &nbsp;   Alikay Naturals Lemongrass Super Twisting Butter\u00a0er en rig og fugtgivende stylingbutter, designet til at give maksimal definition og langvarig fugt til twist-outs, braid-outs og andre beskyttende frisurer. Den er en del af Lemongrass Style Collection\u2122 og indeholder lemongrassolie, som styrker h\u00e5rs\u00e6kkene, fremmer sund h\u00e5rv\u00e6kst og reducerer h\u00e5rtab. Produktet har en frisk citrusduft og er velegnet til alle tekstureret h\u00e5rtyper  St\u00f8rrelse: 227 g\" \/>\n<meta property=\"og:url\" content=\"https:\/\/curlsforyou.dk\/en\/product\/outletvare-24\/\" \/>\n<meta property=\"article:publisher\" content=\"https:\/\/www.facebook.com\/curlsforyou\" \/>\n<meta property=\"article:modified_time\" content=\"2026-01-26T15:32:12+00:00\" \/>\n<meta property=\"og:image\" content=\"https:\/\/curlsforyou.dk\/app\/uploads\/2023\/05\/twisting_butter_1024x1024_fca2a699-1381-4332-b7ec-3a3da8afe2e4.webp\" \/>\n\t<meta property=\"og:image:width\" content=\"1024\" \/>\n\t<meta property=\"og:image:height\" content=\"937\" \/>\n\t<meta property=\"og:image:type\" content=\"image\/webp\" \/>\n<meta name=\"twitter:card\" content=\"summary_large_image\" \/>\n<meta name=\"twitter:label1\" content=\"Estimated reading time\" \/>\n\t<meta name=\"twitter:data1\" content=\"1 minute\" \/>\n<script type=\"application\/ld+json\" class=\"yoast-schema-graph\">{\"@context\":\"https:\/\/schema.org\",\"@graph\":[{\"@type\":\"WebPage\",\"@id\":\"https:\/\/curlsforyou.dk\/vare\/outletvare-24\/\",\"url\":\"https:\/\/curlsforyou.dk\/vare\/outletvare-24\/\",\"name\":\"Outletvare 24 - Alikay Naturals Lemongrass Super Twisting Butter (ikke CG godkendt) -\",\"isPartOf\":{\"@id\":\"https:\/\/curlsforyou.dk\/#website\"},\"primaryImageOfPage\":{\"@id\":\"https:\/\/curlsforyou.dk\/vare\/outletvare-24\/#primaryimage\"},\"image\":{\"@id\":\"https:\/\/curlsforyou.dk\/vare\/outletvare-24\/#primaryimage\"},\"thumbnailUrl\":\"https:\/\/curlsforyou.dk\/app\/uploads\/2023\/05\/twisting_butter_1024x1024_fca2a699-1381-4332-b7ec-3a3da8afe2e4.webp\",\"datePublished\":\"2023-05-24T19:55:45+00:00\",\"dateModified\":\"2026-01-26T15:32:12+00:00\",\"breadcrumb\":{\"@id\":\"https:\/\/curlsforyou.dk\/vare\/outletvare-24\/#breadcrumb\"},\"inLanguage\":\"en-GB\",\"potentialAction\":[{\"@type\":\"ReadAction\",\"target\":[\"https:\/\/curlsforyou.dk\/vare\/outletvare-24\/\"]}]},{\"@type\":\"ImageObject\",\"inLanguage\":\"en-GB\",\"@id\":\"https:\/\/curlsforyou.dk\/vare\/outletvare-24\/#primaryimage\",\"url\":\"https:\/\/curlsforyou.dk\/app\/uploads\/2023\/05\/twisting_butter_1024x1024_fca2a699-1381-4332-b7ec-3a3da8afe2e4.webp\",\"contentUrl\":\"https:\/\/curlsforyou.dk\/app\/uploads\/2023\/05\/twisting_butter_1024x1024_fca2a699-1381-4332-b7ec-3a3da8afe2e4.webp\",\"width\":1024,\"height\":937},{\"@type\":\"BreadcrumbList\",\"@id\":\"https:\/\/curlsforyou.dk\/vare\/outletvare-24\/#breadcrumb\",\"itemListElement\":[{\"@type\":\"ListItem\",\"position\":1,\"name\":\"Hjem\",\"item\":\"https:\/\/curlsforyou.dk\/\"},{\"@type\":\"ListItem\",\"position\":2,\"name\":\"Shop\",\"item\":\"https:\/\/curlsforyou.dk\/shop\/\"},{\"@type\":\"ListItem\",\"position\":3,\"name\":\"Outletvare 24 &#8211; Alikay Naturals Lemongrass Super Twisting Butter (ikke CG godkendt)\"}]},{\"@type\":\"WebSite\",\"@id\":\"https:\/\/curlsforyou.dk\/#website\",\"url\":\"https:\/\/curlsforyou.dk\/\",\"name\":\"\",\"description\":\"\",\"publisher\":{\"@id\":\"https:\/\/curlsforyou.dk\/#organization\"},\"potentialAction\":[{\"@type\":\"SearchAction\",\"target\":{\"@type\":\"EntryPoint\",\"urlTemplate\":\"https:\/\/curlsforyou.dk\/?s={search_term_string}\"},\"query-input\":{\"@type\":\"PropertyValueSpecification\",\"valueRequired\":true,\"valueName\":\"search_term_string\"}}],\"inLanguage\":\"en-GB\"},{\"@type\":\"Organization\",\"@id\":\"https:\/\/curlsforyou.dk\/#organization\",\"name\":\"CurlsForYou\",\"url\":\"https:\/\/curlsforyou.dk\/\",\"logo\":{\"@type\":\"ImageObject\",\"inLanguage\":\"en-GB\",\"@id\":\"https:\/\/curlsforyou.dk\/#\/schema\/logo\/image\/\",\"url\":\"\",\"contentUrl\":\"\",\"caption\":\"CurlsForYou\"},\"image\":{\"@id\":\"https:\/\/curlsforyou.dk\/#\/schema\/logo\/image\/\"},\"sameAs\":[\"https:\/\/www.facebook.com\/curlsforyou\",\"https:\/\/www.instagram.com\/curlsforyou.dk\/\"]}]}<\/script>\n<!-- \/ Yoast SEO plugin. -->","yoast_head_json":{"title":"Outletvare 24 - Alikay Naturals Lemongrass Super Twisting Butter (ikke CG godkendt) -","robots":{"index":"index","follow":"follow","max-snippet":"max-snippet:-1","max-image-preview":"max-image-preview:large","max-video-preview":"max-video-preview:-1"},"canonical":"https:\/\/curlsforyou.dk\/en\/product\/outletvare-24\/","og_locale":"en_GB","og_type":"article","og_title":"Outletvare 24 - Alikay Naturals Lemongrass Super Twisting Butter (ikke CG godkendt) -","og_description":"Outletvare  Varen er helt ny, fra distribut\u00f8r fejlleveret, ikke CG godkendt da den indeholde palm wax  &nbsp;   Alikay Naturals Lemongrass Super Twisting Butter\u00a0er en rig og fugtgivende stylingbutter, designet til at give maksimal definition og langvarig fugt til twist-outs, braid-outs og andre beskyttende frisurer. Den er en del af Lemongrass Style Collection\u2122 og indeholder lemongrassolie, som styrker h\u00e5rs\u00e6kkene, fremmer sund h\u00e5rv\u00e6kst og reducerer h\u00e5rtab. Produktet har en frisk citrusduft og er velegnet til alle tekstureret h\u00e5rtyper  St\u00f8rrelse: 227 g","og_url":"https:\/\/curlsforyou.dk\/en\/product\/outletvare-24\/","article_publisher":"https:\/\/www.facebook.com\/curlsforyou","article_modified_time":"2026-01-26T15:32:12+00:00","og_image":[{"width":1024,"height":937,"url":"https:\/\/curlsforyou.dk\/app\/uploads\/2023\/05\/twisting_butter_1024x1024_fca2a699-1381-4332-b7ec-3a3da8afe2e4.webp","type":"image\/webp"}],"twitter_card":"summary_large_image","twitter_misc":{"Estimated reading time":"1 minute"},"schema":{"@context":"https:\/\/schema.org","@graph":[{"@type":"WebPage","@id":"https:\/\/curlsforyou.dk\/vare\/outletvare-24\/","url":"https:\/\/curlsforyou.dk\/vare\/outletvare-24\/","name":"Outletvare 24 - Alikay Naturals Lemongrass Super Twisting Butter (ikke CG godkendt) -","isPartOf":{"@id":"https:\/\/curlsforyou.dk\/#website"},"primaryImageOfPage":{"@id":"https:\/\/curlsforyou.dk\/vare\/outletvare-24\/#primaryimage"},"image":{"@id":"https:\/\/curlsforyou.dk\/vare\/outletvare-24\/#primaryimage"},"thumbnailUrl":"https:\/\/curlsforyou.dk\/app\/uploads\/2023\/05\/twisting_butter_1024x1024_fca2a699-1381-4332-b7ec-3a3da8afe2e4.webp","datePublished":"2023-05-24T19:55:45+00:00","dateModified":"2026-01-26T15:32:12+00:00","breadcrumb":{"@id":"https:\/\/curlsforyou.dk\/vare\/outletvare-24\/#breadcrumb"},"inLanguage":"en-GB","potentialAction":[{"@type":"ReadAction","target":["https:\/\/curlsforyou.dk\/vare\/outletvare-24\/"]}]},{"@type":"ImageObject","inLanguage":"en-GB","@id":"https:\/\/curlsforyou.dk\/vare\/outletvare-24\/#primaryimage","url":"https:\/\/curlsforyou.dk\/app\/uploads\/2023\/05\/twisting_butter_1024x1024_fca2a699-1381-4332-b7ec-3a3da8afe2e4.webp","contentUrl":"https:\/\/curlsforyou.dk\/app\/uploads\/2023\/05\/twisting_butter_1024x1024_fca2a699-1381-4332-b7ec-3a3da8afe2e4.webp","width":1024,"height":937},{"@type":"BreadcrumbList","@id":"https:\/\/curlsforyou.dk\/vare\/outletvare-24\/#breadcrumb","itemListElement":[{"@type":"ListItem","position":1,"name":"Hjem","item":"https:\/\/curlsforyou.dk\/"},{"@type":"ListItem","position":2,"name":"Shop","item":"https:\/\/curlsforyou.dk\/shop\/"},{"@type":"ListItem","position":3,"name":"Outletvare 24 &#8211; Alikay Naturals Lemongrass Super Twisting Butter (ikke CG godkendt)"}]},{"@type":"WebSite","@id":"https:\/\/curlsforyou.dk\/#website","url":"https:\/\/curlsforyou.dk\/","name":"","description":"","publisher":{"@id":"https:\/\/curlsforyou.dk\/#organization"},"potentialAction":[{"@type":"SearchAction","target":{"@type":"EntryPoint","urlTemplate":"https:\/\/curlsforyou.dk\/?s={search_term_string}"},"query-input":{"@type":"PropertyValueSpecification","valueRequired":true,"valueName":"search_term_string"}}],"inLanguage":"en-GB"},{"@type":"Organization","@id":"https:\/\/curlsforyou.dk\/#organization","name":"CurlsForYou","url":"https:\/\/curlsforyou.dk\/","logo":{"@type":"ImageObject","inLanguage":"en-GB","@id":"https:\/\/curlsforyou.dk\/#\/schema\/logo\/image\/","url":"","contentUrl":"","caption":"CurlsForYou"},"image":{"@id":"https:\/\/curlsforyou.dk\/#\/schema\/logo\/image\/"},"sameAs":["https:\/\/www.facebook.com\/curlsforyou","https:\/\/www.instagram.com\/curlsforyou.dk\/"]}]}},"brands":[],"_links":{"self":[{"href":"https:\/\/curlsforyou.dk\/en\/wp-json\/wp\/v2\/product\/83427","targetHints":{"allow":["GET"]}}],"collection":[{"href":"https:\/\/curlsforyou.dk\/en\/wp-json\/wp\/v2\/product"}],"about":[{"href":"https:\/\/curlsforyou.dk\/en\/wp-json\/wp\/v2\/types\/product"}],"replies":[{"embeddable":true,"href":"https:\/\/curlsforyou.dk\/en\/wp-json\/wp\/v2\/comments?post=83427"}],"version-history":[{"count":0,"href":"https:\/\/curlsforyou.dk\/en\/wp-json\/wp\/v2\/product\/83427\/revisions"}],"wp:featuredmedia":[{"embeddable":true,"href":"https:\/\/curlsforyou.dk\/en\/wp-json\/wp\/v2\/media\/118609"}],"wp:attachment":[{"href":"https:\/\/curlsforyou.dk\/en\/wp-json\/wp\/v2\/media?parent=83427"}],"wp:term":[{"taxonomy":"pwb-brand","embeddable":true,"href":"https:\/\/curlsforyou.dk\/en\/wp-json\/wp\/v2\/pwb-brand?post=83427"},{"taxonomy":"product_brand","embeddable":true,"href":"https:\/\/curlsforyou.dk\/en\/wp-json\/wp\/v2\/product_brand?post=83427"},{"taxonomy":"product_cat","embeddable":true,"href":"https:\/\/curlsforyou.dk\/en\/wp-json\/wp\/v2\/product_cat?post=83427"},{"taxonomy":"product_tag","embeddable":true,"href":"https:\/\/curlsforyou.dk\/en\/wp-json\/wp\/v2\/product_tag?post=83427"},{"taxonomy":"giftcard-category","embeddable":true,"href":"https:\/\/curlsforyou.dk\/en\/wp-json\/wp\/v2\/giftcard-category?post=83427"}],"curies":[{"name":"wp","href":"https:\/\/api.w.org\/{rel}","templated":true}]}}