{"id":78110,"date":"2023-03-15T10:51:37","date_gmt":"2023-03-15T09:51:37","guid":{"rendered":"https:\/\/curlsforyou.dk\/?post_type=product&#038;p=78110"},"modified":"2026-04-29T08:25:27","modified_gmt":"2026-04-29T06:25:27","slug":"outletvare-1-curlsforyou-root-clips","status":"publish","type":"product","link":"https:\/\/curlsforyou.dk\/en\/product\/outletvare-1-curlsforyou-root-clips\/","title":{"rendered":"Outletvare 1 &#8211; CurlsForYou &#8211; Root Clips"},"content":{"rendered":"","protected":false},"excerpt":{"rendered":"<ul>\n<li><strong>Outletvare<\/strong><\/li>\n<li><em>Clipsene er b\u00f8jede af forskellige grader og derfor betegnet som 2 sortering. Man vil kunne rette dem ud med en tang.<\/em><\/li>\n<\/ul>\n<p>&nbsp;<\/p>\n<ul>\n<li>Gives your hair more volume during drying<\/li>\n<li>Smart size and easy to carry in the bag<\/li>\n<li>Many options for styling<\/li>\n<li>20 stk. pr. pakke<\/li>\n<\/ul>","protected":false},"featured_media":78155,"comment_status":"closed","ping_status":"closed","template":"","meta":[],"pwb-brand":[],"product_brand":[],"product_cat":[321],"product_tag":[],"giftcard-category":[],"class_list":{"0":"post-78110","1":"product","2":"type-product","3":"status-publish","4":"has-post-thumbnail","6":"product_cat-outlet","8":"first","9":"outofstock","10":"taxable","11":"shipping-taxable","12":"purchasable","13":"product-type-simple"},"bundled_by":[],"bundle_stock_status":"outofstock","bundle_stock_quantity":0,"bundle_virtual":false,"bundle_layout":"","bundle_add_to_cart_form_location":"","bundle_editable_in_cart":false,"bundle_sold_individually_context":"","bundle_item_grouping":"","bundle_min_size":"","bundle_max_size":"","bundle_price":[],"bundled_items":[],"bundle_sell_ids":[],"supplier_id":null,"supplier_sku":"","barcode":null,"atum_controlled":true,"out_stock_date":"2026-04-29 08:25:27","out_stock_threshold":null,"inheritable":false,"inbound_stock":0,"stock_on_hold":0,"sold_today":0,"sales_last_days":3,"reserved_stock":0,"customer_returns":0,"warehouse_damage":0,"lost_in_post":0,"other_logs":0,"out_stock_days":5,"lost_sales":62,"has_location":false,"update_date":"2026-05-04T11:15:51","atum_locations":[],"atum_stock_status":"outofstock","restock_status":false,"low_stock_amount":"","sales_update_date":"2026-05-04T11:15:51","calc_backorders":null,"yoast_head":"<!-- This site is optimized with the Yoast SEO plugin v25.6 - https:\/\/yoast.com\/wordpress\/plugins\/seo\/ -->\n<title>Outletvare 1 - CurlsForYou - Root Clips -<\/title>\n<meta name=\"robots\" content=\"index, follow, max-snippet:-1, max-image-preview:large, max-video-preview:-1\" \/>\n<link rel=\"canonical\" href=\"https:\/\/curlsforyou.dk\/en\/product\/outletvare-1-curlsforyou-root-clips\/\" \/>\n<meta property=\"og:locale\" content=\"en_GB\" \/>\n<meta property=\"og:type\" content=\"article\" \/>\n<meta property=\"og:title\" content=\"Outletvare 1 - CurlsForYou - Root Clips -\" \/>\n<meta property=\"og:description\" content=\"Outletvare  Clipsene er b\u00f8jede af forskellige grader og derfor betegnet som 2 sortering. Man vil kunne rette dem ud med en tang.  &nbsp;   Giver dit h\u00e5r mere volumen under t\u00f8rring  Smart st\u00f8rrelse og nem at have i tasken  Mange muligheder for styling  20 stk. pr. pakke\" \/>\n<meta property=\"og:url\" content=\"https:\/\/curlsforyou.dk\/en\/product\/outletvare-1-curlsforyou-root-clips\/\" \/>\n<meta property=\"article:publisher\" content=\"https:\/\/www.facebook.com\/curlsforyou\" \/>\n<meta property=\"article:modified_time\" content=\"2026-04-29T06:25:27+00:00\" \/>\n<meta property=\"og:image\" content=\"https:\/\/curlsforyou.dk\/app\/uploads\/2023\/03\/IMG_1688.jpeg\" \/>\n\t<meta property=\"og:image:width\" content=\"1536\" \/>\n\t<meta property=\"og:image:height\" content=\"2048\" \/>\n\t<meta property=\"og:image:type\" content=\"image\/jpeg\" \/>\n<meta name=\"twitter:card\" content=\"summary_large_image\" \/>\n<meta name=\"twitter:label1\" content=\"Estimated reading time\" \/>\n\t<meta name=\"twitter:data1\" content=\"1 minute\" \/>\n<script type=\"application\/ld+json\" class=\"yoast-schema-graph\">{\"@context\":\"https:\/\/schema.org\",\"@graph\":[{\"@type\":\"WebPage\",\"@id\":\"https:\/\/curlsforyou.dk\/vare\/outletvare-1-curlsforyou-root-clips\/\",\"url\":\"https:\/\/curlsforyou.dk\/vare\/outletvare-1-curlsforyou-root-clips\/\",\"name\":\"Outletvare 1 - CurlsForYou - Root Clips -\",\"isPartOf\":{\"@id\":\"https:\/\/curlsforyou.dk\/#website\"},\"primaryImageOfPage\":{\"@id\":\"https:\/\/curlsforyou.dk\/vare\/outletvare-1-curlsforyou-root-clips\/#primaryimage\"},\"image\":{\"@id\":\"https:\/\/curlsforyou.dk\/vare\/outletvare-1-curlsforyou-root-clips\/#primaryimage\"},\"thumbnailUrl\":\"https:\/\/curlsforyou.dk\/app\/uploads\/2023\/03\/IMG_1688.jpeg\",\"datePublished\":\"2023-03-15T09:51:37+00:00\",\"dateModified\":\"2026-04-29T06:25:27+00:00\",\"breadcrumb\":{\"@id\":\"https:\/\/curlsforyou.dk\/vare\/outletvare-1-curlsforyou-root-clips\/#breadcrumb\"},\"inLanguage\":\"en-GB\",\"potentialAction\":[{\"@type\":\"ReadAction\",\"target\":[\"https:\/\/curlsforyou.dk\/vare\/outletvare-1-curlsforyou-root-clips\/\"]}]},{\"@type\":\"ImageObject\",\"inLanguage\":\"en-GB\",\"@id\":\"https:\/\/curlsforyou.dk\/vare\/outletvare-1-curlsforyou-root-clips\/#primaryimage\",\"url\":\"https:\/\/curlsforyou.dk\/app\/uploads\/2023\/03\/IMG_1688.jpeg\",\"contentUrl\":\"https:\/\/curlsforyou.dk\/app\/uploads\/2023\/03\/IMG_1688.jpeg\",\"width\":1536,\"height\":2048},{\"@type\":\"BreadcrumbList\",\"@id\":\"https:\/\/curlsforyou.dk\/vare\/outletvare-1-curlsforyou-root-clips\/#breadcrumb\",\"itemListElement\":[{\"@type\":\"ListItem\",\"position\":1,\"name\":\"Hjem\",\"item\":\"https:\/\/curlsforyou.dk\/\"},{\"@type\":\"ListItem\",\"position\":2,\"name\":\"Shop\",\"item\":\"https:\/\/curlsforyou.dk\/shop\/\"},{\"@type\":\"ListItem\",\"position\":3,\"name\":\"Outletvare 1 &#8211; CurlsForYou &#8211; Root Clips\"}]},{\"@type\":\"WebSite\",\"@id\":\"https:\/\/curlsforyou.dk\/#website\",\"url\":\"https:\/\/curlsforyou.dk\/\",\"name\":\"\",\"description\":\"\",\"publisher\":{\"@id\":\"https:\/\/curlsforyou.dk\/#organization\"},\"potentialAction\":[{\"@type\":\"SearchAction\",\"target\":{\"@type\":\"EntryPoint\",\"urlTemplate\":\"https:\/\/curlsforyou.dk\/?s={search_term_string}\"},\"query-input\":{\"@type\":\"PropertyValueSpecification\",\"valueRequired\":true,\"valueName\":\"search_term_string\"}}],\"inLanguage\":\"en-GB\"},{\"@type\":\"Organization\",\"@id\":\"https:\/\/curlsforyou.dk\/#organization\",\"name\":\"CurlsForYou\",\"url\":\"https:\/\/curlsforyou.dk\/\",\"logo\":{\"@type\":\"ImageObject\",\"inLanguage\":\"en-GB\",\"@id\":\"https:\/\/curlsforyou.dk\/#\/schema\/logo\/image\/\",\"url\":\"\",\"contentUrl\":\"\",\"caption\":\"CurlsForYou\"},\"image\":{\"@id\":\"https:\/\/curlsforyou.dk\/#\/schema\/logo\/image\/\"},\"sameAs\":[\"https:\/\/www.facebook.com\/curlsforyou\",\"https:\/\/www.instagram.com\/curlsforyou.dk\/\"]}]}<\/script>\n<!-- \/ Yoast SEO plugin. -->","yoast_head_json":{"title":"Outletvare 1 - CurlsForYou - Root Clips -","robots":{"index":"index","follow":"follow","max-snippet":"max-snippet:-1","max-image-preview":"max-image-preview:large","max-video-preview":"max-video-preview:-1"},"canonical":"https:\/\/curlsforyou.dk\/en\/product\/outletvare-1-curlsforyou-root-clips\/","og_locale":"en_GB","og_type":"article","og_title":"Outletvare 1 - CurlsForYou - Root Clips -","og_description":"Outletvare  Clipsene er b\u00f8jede af forskellige grader og derfor betegnet som 2 sortering. Man vil kunne rette dem ud med en tang.  &nbsp;   Giver dit h\u00e5r mere volumen under t\u00f8rring  Smart st\u00f8rrelse og nem at have i tasken  Mange muligheder for styling  20 stk. pr. pakke","og_url":"https:\/\/curlsforyou.dk\/en\/product\/outletvare-1-curlsforyou-root-clips\/","article_publisher":"https:\/\/www.facebook.com\/curlsforyou","article_modified_time":"2026-04-29T06:25:27+00:00","og_image":[{"width":1536,"height":2048,"url":"https:\/\/curlsforyou.dk\/app\/uploads\/2023\/03\/IMG_1688.jpeg","type":"image\/jpeg"}],"twitter_card":"summary_large_image","twitter_misc":{"Estimated reading time":"1 minute"},"schema":{"@context":"https:\/\/schema.org","@graph":[{"@type":"WebPage","@id":"https:\/\/curlsforyou.dk\/vare\/outletvare-1-curlsforyou-root-clips\/","url":"https:\/\/curlsforyou.dk\/vare\/outletvare-1-curlsforyou-root-clips\/","name":"Outletvare 1 - CurlsForYou - Root Clips -","isPartOf":{"@id":"https:\/\/curlsforyou.dk\/#website"},"primaryImageOfPage":{"@id":"https:\/\/curlsforyou.dk\/vare\/outletvare-1-curlsforyou-root-clips\/#primaryimage"},"image":{"@id":"https:\/\/curlsforyou.dk\/vare\/outletvare-1-curlsforyou-root-clips\/#primaryimage"},"thumbnailUrl":"https:\/\/curlsforyou.dk\/app\/uploads\/2023\/03\/IMG_1688.jpeg","datePublished":"2023-03-15T09:51:37+00:00","dateModified":"2026-04-29T06:25:27+00:00","breadcrumb":{"@id":"https:\/\/curlsforyou.dk\/vare\/outletvare-1-curlsforyou-root-clips\/#breadcrumb"},"inLanguage":"en-GB","potentialAction":[{"@type":"ReadAction","target":["https:\/\/curlsforyou.dk\/vare\/outletvare-1-curlsforyou-root-clips\/"]}]},{"@type":"ImageObject","inLanguage":"en-GB","@id":"https:\/\/curlsforyou.dk\/vare\/outletvare-1-curlsforyou-root-clips\/#primaryimage","url":"https:\/\/curlsforyou.dk\/app\/uploads\/2023\/03\/IMG_1688.jpeg","contentUrl":"https:\/\/curlsforyou.dk\/app\/uploads\/2023\/03\/IMG_1688.jpeg","width":1536,"height":2048},{"@type":"BreadcrumbList","@id":"https:\/\/curlsforyou.dk\/vare\/outletvare-1-curlsforyou-root-clips\/#breadcrumb","itemListElement":[{"@type":"ListItem","position":1,"name":"Hjem","item":"https:\/\/curlsforyou.dk\/"},{"@type":"ListItem","position":2,"name":"Shop","item":"https:\/\/curlsforyou.dk\/shop\/"},{"@type":"ListItem","position":3,"name":"Outletvare 1 &#8211; CurlsForYou &#8211; Root Clips"}]},{"@type":"WebSite","@id":"https:\/\/curlsforyou.dk\/#website","url":"https:\/\/curlsforyou.dk\/","name":"","description":"","publisher":{"@id":"https:\/\/curlsforyou.dk\/#organization"},"potentialAction":[{"@type":"SearchAction","target":{"@type":"EntryPoint","urlTemplate":"https:\/\/curlsforyou.dk\/?s={search_term_string}"},"query-input":{"@type":"PropertyValueSpecification","valueRequired":true,"valueName":"search_term_string"}}],"inLanguage":"en-GB"},{"@type":"Organization","@id":"https:\/\/curlsforyou.dk\/#organization","name":"CurlsForYou","url":"https:\/\/curlsforyou.dk\/","logo":{"@type":"ImageObject","inLanguage":"en-GB","@id":"https:\/\/curlsforyou.dk\/#\/schema\/logo\/image\/","url":"","contentUrl":"","caption":"CurlsForYou"},"image":{"@id":"https:\/\/curlsforyou.dk\/#\/schema\/logo\/image\/"},"sameAs":["https:\/\/www.facebook.com\/curlsforyou","https:\/\/www.instagram.com\/curlsforyou.dk\/"]}]}},"brands":[],"_links":{"self":[{"href":"https:\/\/curlsforyou.dk\/en\/wp-json\/wp\/v2\/product\/78110","targetHints":{"allow":["GET"]}}],"collection":[{"href":"https:\/\/curlsforyou.dk\/en\/wp-json\/wp\/v2\/product"}],"about":[{"href":"https:\/\/curlsforyou.dk\/en\/wp-json\/wp\/v2\/types\/product"}],"replies":[{"embeddable":true,"href":"https:\/\/curlsforyou.dk\/en\/wp-json\/wp\/v2\/comments?post=78110"}],"version-history":[{"count":0,"href":"https:\/\/curlsforyou.dk\/en\/wp-json\/wp\/v2\/product\/78110\/revisions"}],"wp:featuredmedia":[{"embeddable":true,"href":"https:\/\/curlsforyou.dk\/en\/wp-json\/wp\/v2\/media\/78155"}],"wp:attachment":[{"href":"https:\/\/curlsforyou.dk\/en\/wp-json\/wp\/v2\/media?parent=78110"}],"wp:term":[{"taxonomy":"pwb-brand","embeddable":true,"href":"https:\/\/curlsforyou.dk\/en\/wp-json\/wp\/v2\/pwb-brand?post=78110"},{"taxonomy":"product_brand","embeddable":true,"href":"https:\/\/curlsforyou.dk\/en\/wp-json\/wp\/v2\/product_brand?post=78110"},{"taxonomy":"product_cat","embeddable":true,"href":"https:\/\/curlsforyou.dk\/en\/wp-json\/wp\/v2\/product_cat?post=78110"},{"taxonomy":"product_tag","embeddable":true,"href":"https:\/\/curlsforyou.dk\/en\/wp-json\/wp\/v2\/product_tag?post=78110"},{"taxonomy":"giftcard-category","embeddable":true,"href":"https:\/\/curlsforyou.dk\/en\/wp-json\/wp\/v2\/giftcard-category?post=78110"}],"curies":[{"name":"wp","href":"https:\/\/api.w.org\/{rel}","templated":true}]}}