{"id":77979,"date":"2023-03-13T13:18:56","date_gmt":"2023-03-13T12:18:56","guid":{"rendered":"https:\/\/curlsforyou.dk\/?post_type=product&#038;p=77979"},"modified":"2026-04-06T19:46:57","modified_gmt":"2026-04-06T17:46:57","slug":"zazzy-bandz-original-fit-2","status":"publish","type":"product","link":"https:\/\/curlsforyou.dk\/en\/product\/zazzy-bandz-original-fit-2\/","title":{"rendered":"Zazzy Bandz \u2013 Original Fit"},"content":{"rendered":"<p>Zazzy Bandz\u00ae is a patented headband that fits like sunglasses.<\/p>\n<p>Get volume, style and comfort all day long.<\/p>\n<p>Keeping your hair away from the face without a headache.<\/p>\n<p>Which model should I choose:<\/p>\n<p>Original er perfekt til normalt til stort volumen h\u00e5r og den gennemsnitlige hovedst\u00f8rrelse. Det unikke firkantede design af Zazzy Bandz\u00ae &#8220;original fit&#8221; giver volumen og stil uden hovedpine.<\/p>\n<p>Slim design by Zazzy Bandz\u00ae \u201cslim casual fit\u201d is perfect for those with a medium to larger head size and those with increased sensitivity. Slim is not recommended for small head sizes.<\/p>","protected":false},"excerpt":{"rendered":"<p>Zazzy Bandz\u00ae is a patented headband that fits like sunglasses.<\/p>\n<p>Get volume, style and comfort all day long.<\/p>\n<p>Keeping your hair away from the face without a headache.<\/p>\n<p>Which model should I choose:<\/p>\n<p>Original er perfekt til normalt til stort volumen h\u00e5r og den gennemsnitlige hovedst\u00f8rrelse. Det unikke firkantede design af Zazzy Bandz\u00ae &#8220;original fit&#8221; giver volumen og stil uden hovedpine.<\/p>\n<p>Slim design by Zazzy Bandz\u00ae \u201cslim casual fit\u201d is perfect for those with a medium to larger head size and those with increased sensitivity. Slim is not recommended for small head sizes.<\/p>","protected":false},"featured_media":19787,"comment_status":"open","ping_status":"closed","template":"","meta":[],"pwb-brand":[133],"product_brand":[],"product_cat":[144],"product_tag":[],"giftcard-category":[],"class_list":{"0":"post-77979","1":"product","2":"type-product","3":"status-publish","4":"has-post-thumbnail","6":"pwb-brand-zazzybandz","7":"product_cat-haarpynt-og-elastikker","9":"first","10":"outofstock","11":"taxable","12":"shipping-taxable","13":"purchasable","14":"product-type-variable"},"bundled_by":[],"bundle_stock_status":"outofstock","bundle_stock_quantity":null,"bundle_virtual":false,"bundle_layout":"","bundle_add_to_cart_form_location":"","bundle_editable_in_cart":false,"bundle_sold_individually_context":"","bundle_item_grouping":"","bundle_min_size":"","bundle_max_size":"","bundle_price":[],"bundled_items":[],"bundle_sell_ids":[],"supplier_id":null,"supplier_sku":"","barcode":null,"atum_controlled":true,"out_stock_date":null,"out_stock_threshold":null,"inheritable":true,"inbound_stock":0,"stock_on_hold":0,"sold_today":0,"sales_last_days":0,"reserved_stock":0,"customer_returns":0,"warehouse_damage":0,"lost_in_post":0,"other_logs":0,"out_stock_days":0,"lost_sales":0,"has_location":false,"update_date":"2026-05-04T11:22:01","atum_locations":[],"atum_stock_status":"outofstock","restock_status":false,"low_stock_amount":"","sales_update_date":"2026-05-04T11:22:01","calc_backorders":null,"yoast_head":"<!-- This site is optimized with the Yoast SEO plugin v25.6 - https:\/\/yoast.com\/wordpress\/plugins\/seo\/ -->\n<title>Zazzy Bandz \u2013 Original Fit -<\/title>\n<meta name=\"robots\" content=\"index, follow, max-snippet:-1, max-image-preview:large, max-video-preview:-1\" \/>\n<link rel=\"canonical\" href=\"https:\/\/curlsforyou.dk\/en\/product\/zazzy-bandz-original-fit-2\/\" \/>\n<meta property=\"og:locale\" content=\"en_GB\" \/>\n<meta property=\"og:type\" content=\"article\" \/>\n<meta property=\"og:title\" content=\"Zazzy Bandz \u2013 Original Fit -\" \/>\n<meta property=\"og:description\" content=\"Zazzy Bandz\u00ae er et patenteret pandeb\u00e5nd, der passer som solbriller.  F\u00e5 volume, stil og komfort hele dagen lang.  Holder dit h\u00e5r v\u00e6k fra ansigtet uden hovedpine.  Hvilken model skal jeg v\u00e6lge:  Original er perfekt til normalt til stort volumen h\u00e5r og den gennemsnitlige hovedst\u00f8rrelse. Det unikke firkantede design af Zazzy Bandz\u00ae &quot;original fit&quot; giver volumen og stil uden hovedpine.  Slim design af Zazzy Bandz\u00ae \u201cslank afslappet pasform\u201d er perfekt til dem med en gennemsnitlig til st\u00f8rre hovedst\u00f8rrelse og dem med \u00f8get f\u00f8lsomhed. Slim anbefales ikke til sm\u00e5 hovedst\u00f8rrelser.\" \/>\n<meta property=\"og:url\" content=\"https:\/\/curlsforyou.dk\/en\/product\/zazzy-bandz-original-fit-2\/\" \/>\n<meta property=\"article:publisher\" content=\"https:\/\/www.facebook.com\/curlsforyou\" \/>\n<meta property=\"article:modified_time\" content=\"2026-04-06T17:46:57+00:00\" \/>\n<meta property=\"og:image\" content=\"https:\/\/curlsforyou.dk\/app\/uploads\/2019\/11\/ZazzyBandz-Black.jpg\" \/>\n\t<meta property=\"og:image:width\" content=\"800\" \/>\n\t<meta property=\"og:image:height\" content=\"800\" \/>\n\t<meta property=\"og:image:type\" content=\"image\/jpeg\" \/>\n<meta name=\"twitter:card\" content=\"summary_large_image\" \/>\n<meta name=\"twitter:label1\" content=\"Estimated reading time\" \/>\n\t<meta name=\"twitter:data1\" content=\"1 minute\" \/>\n<script type=\"application\/ld+json\" class=\"yoast-schema-graph\">{\"@context\":\"https:\/\/schema.org\",\"@graph\":[{\"@type\":\"WebPage\",\"@id\":\"https:\/\/curlsforyou.dk\/vare\/zazzy-bandz-original-fit-2\/\",\"url\":\"https:\/\/curlsforyou.dk\/vare\/zazzy-bandz-original-fit-2\/\",\"name\":\"Zazzy Bandz \u2013 Original Fit -\",\"isPartOf\":{\"@id\":\"https:\/\/curlsforyou.dk\/#website\"},\"primaryImageOfPage\":{\"@id\":\"https:\/\/curlsforyou.dk\/vare\/zazzy-bandz-original-fit-2\/#primaryimage\"},\"image\":{\"@id\":\"https:\/\/curlsforyou.dk\/vare\/zazzy-bandz-original-fit-2\/#primaryimage\"},\"thumbnailUrl\":\"https:\/\/curlsforyou.dk\/app\/uploads\/2019\/11\/ZazzyBandz-Black.jpg\",\"datePublished\":\"2023-03-13T12:18:56+00:00\",\"dateModified\":\"2026-04-06T17:46:57+00:00\",\"breadcrumb\":{\"@id\":\"https:\/\/curlsforyou.dk\/vare\/zazzy-bandz-original-fit-2\/#breadcrumb\"},\"inLanguage\":\"en-GB\",\"potentialAction\":[{\"@type\":\"ReadAction\",\"target\":[\"https:\/\/curlsforyou.dk\/vare\/zazzy-bandz-original-fit-2\/\"]}]},{\"@type\":\"ImageObject\",\"inLanguage\":\"en-GB\",\"@id\":\"https:\/\/curlsforyou.dk\/vare\/zazzy-bandz-original-fit-2\/#primaryimage\",\"url\":\"https:\/\/curlsforyou.dk\/app\/uploads\/2019\/11\/ZazzyBandz-Black.jpg\",\"contentUrl\":\"https:\/\/curlsforyou.dk\/app\/uploads\/2019\/11\/ZazzyBandz-Black.jpg\",\"width\":800,\"height\":800,\"caption\":\"Zazzy Bandz Black curly girl godkendt produkt forhandles ved ww.curlsforyou.dk din curly girl shop\"},{\"@type\":\"BreadcrumbList\",\"@id\":\"https:\/\/curlsforyou.dk\/vare\/zazzy-bandz-original-fit-2\/#breadcrumb\",\"itemListElement\":[{\"@type\":\"ListItem\",\"position\":1,\"name\":\"Hjem\",\"item\":\"https:\/\/curlsforyou.dk\/\"},{\"@type\":\"ListItem\",\"position\":2,\"name\":\"Shop\",\"item\":\"https:\/\/curlsforyou.dk\/shop\/\"},{\"@type\":\"ListItem\",\"position\":3,\"name\":\"Zazzy Bandz \u2013 Original Fit\"}]},{\"@type\":\"WebSite\",\"@id\":\"https:\/\/curlsforyou.dk\/#website\",\"url\":\"https:\/\/curlsforyou.dk\/\",\"name\":\"\",\"description\":\"\",\"publisher\":{\"@id\":\"https:\/\/curlsforyou.dk\/#organization\"},\"potentialAction\":[{\"@type\":\"SearchAction\",\"target\":{\"@type\":\"EntryPoint\",\"urlTemplate\":\"https:\/\/curlsforyou.dk\/?s={search_term_string}\"},\"query-input\":{\"@type\":\"PropertyValueSpecification\",\"valueRequired\":true,\"valueName\":\"search_term_string\"}}],\"inLanguage\":\"en-GB\"},{\"@type\":\"Organization\",\"@id\":\"https:\/\/curlsforyou.dk\/#organization\",\"name\":\"CurlsForYou\",\"url\":\"https:\/\/curlsforyou.dk\/\",\"logo\":{\"@type\":\"ImageObject\",\"inLanguage\":\"en-GB\",\"@id\":\"https:\/\/curlsforyou.dk\/#\/schema\/logo\/image\/\",\"url\":\"\",\"contentUrl\":\"\",\"caption\":\"CurlsForYou\"},\"image\":{\"@id\":\"https:\/\/curlsforyou.dk\/#\/schema\/logo\/image\/\"},\"sameAs\":[\"https:\/\/www.facebook.com\/curlsforyou\",\"https:\/\/www.instagram.com\/curlsforyou.dk\/\"]}]}<\/script>\n<!-- \/ Yoast SEO plugin. -->","yoast_head_json":{"title":"Zazzy Bandz \u2013 Original Fit -","robots":{"index":"index","follow":"follow","max-snippet":"max-snippet:-1","max-image-preview":"max-image-preview:large","max-video-preview":"max-video-preview:-1"},"canonical":"https:\/\/curlsforyou.dk\/en\/product\/zazzy-bandz-original-fit-2\/","og_locale":"en_GB","og_type":"article","og_title":"Zazzy Bandz \u2013 Original Fit -","og_description":"Zazzy Bandz\u00ae er et patenteret pandeb\u00e5nd, der passer som solbriller.  F\u00e5 volume, stil og komfort hele dagen lang.  Holder dit h\u00e5r v\u00e6k fra ansigtet uden hovedpine.  Hvilken model skal jeg v\u00e6lge:  Original er perfekt til normalt til stort volumen h\u00e5r og den gennemsnitlige hovedst\u00f8rrelse. Det unikke firkantede design af Zazzy Bandz\u00ae \"original fit\" giver volumen og stil uden hovedpine.  Slim design af Zazzy Bandz\u00ae \u201cslank afslappet pasform\u201d er perfekt til dem med en gennemsnitlig til st\u00f8rre hovedst\u00f8rrelse og dem med \u00f8get f\u00f8lsomhed. Slim anbefales ikke til sm\u00e5 hovedst\u00f8rrelser.","og_url":"https:\/\/curlsforyou.dk\/en\/product\/zazzy-bandz-original-fit-2\/","article_publisher":"https:\/\/www.facebook.com\/curlsforyou","article_modified_time":"2026-04-06T17:46:57+00:00","og_image":[{"width":800,"height":800,"url":"https:\/\/curlsforyou.dk\/app\/uploads\/2019\/11\/ZazzyBandz-Black.jpg","type":"image\/jpeg"}],"twitter_card":"summary_large_image","twitter_misc":{"Estimated reading time":"1 minute"},"schema":{"@context":"https:\/\/schema.org","@graph":[{"@type":"WebPage","@id":"https:\/\/curlsforyou.dk\/vare\/zazzy-bandz-original-fit-2\/","url":"https:\/\/curlsforyou.dk\/vare\/zazzy-bandz-original-fit-2\/","name":"Zazzy Bandz \u2013 Original Fit -","isPartOf":{"@id":"https:\/\/curlsforyou.dk\/#website"},"primaryImageOfPage":{"@id":"https:\/\/curlsforyou.dk\/vare\/zazzy-bandz-original-fit-2\/#primaryimage"},"image":{"@id":"https:\/\/curlsforyou.dk\/vare\/zazzy-bandz-original-fit-2\/#primaryimage"},"thumbnailUrl":"https:\/\/curlsforyou.dk\/app\/uploads\/2019\/11\/ZazzyBandz-Black.jpg","datePublished":"2023-03-13T12:18:56+00:00","dateModified":"2026-04-06T17:46:57+00:00","breadcrumb":{"@id":"https:\/\/curlsforyou.dk\/vare\/zazzy-bandz-original-fit-2\/#breadcrumb"},"inLanguage":"en-GB","potentialAction":[{"@type":"ReadAction","target":["https:\/\/curlsforyou.dk\/vare\/zazzy-bandz-original-fit-2\/"]}]},{"@type":"ImageObject","inLanguage":"en-GB","@id":"https:\/\/curlsforyou.dk\/vare\/zazzy-bandz-original-fit-2\/#primaryimage","url":"https:\/\/curlsforyou.dk\/app\/uploads\/2019\/11\/ZazzyBandz-Black.jpg","contentUrl":"https:\/\/curlsforyou.dk\/app\/uploads\/2019\/11\/ZazzyBandz-Black.jpg","width":800,"height":800,"caption":"Zazzy Bandz Black curly girl godkendt produkt forhandles ved ww.curlsforyou.dk din curly girl shop"},{"@type":"BreadcrumbList","@id":"https:\/\/curlsforyou.dk\/vare\/zazzy-bandz-original-fit-2\/#breadcrumb","itemListElement":[{"@type":"ListItem","position":1,"name":"Hjem","item":"https:\/\/curlsforyou.dk\/"},{"@type":"ListItem","position":2,"name":"Shop","item":"https:\/\/curlsforyou.dk\/shop\/"},{"@type":"ListItem","position":3,"name":"Zazzy Bandz \u2013 Original Fit"}]},{"@type":"WebSite","@id":"https:\/\/curlsforyou.dk\/#website","url":"https:\/\/curlsforyou.dk\/","name":"","description":"","publisher":{"@id":"https:\/\/curlsforyou.dk\/#organization"},"potentialAction":[{"@type":"SearchAction","target":{"@type":"EntryPoint","urlTemplate":"https:\/\/curlsforyou.dk\/?s={search_term_string}"},"query-input":{"@type":"PropertyValueSpecification","valueRequired":true,"valueName":"search_term_string"}}],"inLanguage":"en-GB"},{"@type":"Organization","@id":"https:\/\/curlsforyou.dk\/#organization","name":"CurlsForYou","url":"https:\/\/curlsforyou.dk\/","logo":{"@type":"ImageObject","inLanguage":"en-GB","@id":"https:\/\/curlsforyou.dk\/#\/schema\/logo\/image\/","url":"","contentUrl":"","caption":"CurlsForYou"},"image":{"@id":"https:\/\/curlsforyou.dk\/#\/schema\/logo\/image\/"},"sameAs":["https:\/\/www.facebook.com\/curlsforyou","https:\/\/www.instagram.com\/curlsforyou.dk\/"]}]}},"brands":[{"id":133,"name":"Zazzy Bandz","slug":"zazzybandz"}],"_links":{"self":[{"href":"https:\/\/curlsforyou.dk\/en\/wp-json\/wp\/v2\/product\/77979","targetHints":{"allow":["GET"]}}],"collection":[{"href":"https:\/\/curlsforyou.dk\/en\/wp-json\/wp\/v2\/product"}],"about":[{"href":"https:\/\/curlsforyou.dk\/en\/wp-json\/wp\/v2\/types\/product"}],"replies":[{"embeddable":true,"href":"https:\/\/curlsforyou.dk\/en\/wp-json\/wp\/v2\/comments?post=77979"}],"version-history":[{"count":0,"href":"https:\/\/curlsforyou.dk\/en\/wp-json\/wp\/v2\/product\/77979\/revisions"}],"wp:featuredmedia":[{"embeddable":true,"href":"https:\/\/curlsforyou.dk\/en\/wp-json\/wp\/v2\/media\/19787"}],"wp:attachment":[{"href":"https:\/\/curlsforyou.dk\/en\/wp-json\/wp\/v2\/media?parent=77979"}],"wp:term":[{"taxonomy":"pwb-brand","embeddable":true,"href":"https:\/\/curlsforyou.dk\/en\/wp-json\/wp\/v2\/pwb-brand?post=77979"},{"taxonomy":"product_brand","embeddable":true,"href":"https:\/\/curlsforyou.dk\/en\/wp-json\/wp\/v2\/product_brand?post=77979"},{"taxonomy":"product_cat","embeddable":true,"href":"https:\/\/curlsforyou.dk\/en\/wp-json\/wp\/v2\/product_cat?post=77979"},{"taxonomy":"product_tag","embeddable":true,"href":"https:\/\/curlsforyou.dk\/en\/wp-json\/wp\/v2\/product_tag?post=77979"},{"taxonomy":"giftcard-category","embeddable":true,"href":"https:\/\/curlsforyou.dk\/en\/wp-json\/wp\/v2\/giftcard-category?post=77979"}],"curies":[{"name":"wp","href":"https:\/\/api.w.org\/{rel}","templated":true}]}}