{"id":76933,"date":"2023-02-24T14:36:21","date_gmt":"2023-02-24T13:36:21","guid":{"rendered":"https:\/\/curlsforyou.dk\/?post_type=product&#038;p=76933"},"modified":"2026-01-26T16:32:00","modified_gmt":"2026-01-26T15:32:00","slug":"ga-ma-iq2-professional","status":"publish","type":"product","link":"https:\/\/curlsforyou.dk\/en\/product\/ga-ma-iq2-professional\/","title":{"rendered":"Ga.Ma &#8211; IQ2 Professional"},"content":{"rendered":"<p>Vil du give dig selv og dit h\u00e5r en ekstraordin\u00e6r og luksuri\u00f8s behandling derhjemme, hver gang du f\u00f8nt\u00f8rrer dit h\u00e5r? S\u00e5 er GA.MA IQ2 Professional-f\u00f8nt\u00f8rreren sagen for dig. Det er en revolutionerende h\u00e5rt\u00f8rrer, der med sit lette og ergonomiske design, smarte teknologi, features og tilbeh\u00f8r vil kunne g\u00f8re din f\u00f8nt\u00f8rring derhjemme til en professionel oplevelse.<\/p>\n<p>GA.MA IQ2 best\u00e5r af s\u00e5 mange sk\u00f8nne detaljer, der vil v\u00e6re med til at give dit h\u00e5r den bedste pleje, men samtidig ogs\u00e5 g\u00f8re h\u00e5rt\u00f8rringen og -stylingen effektiv, smart og luksuri\u00f8s. Og det, at f\u00f8nt\u00f8rreren er s\u00e5 let \u2013 med en v\u00e6gt p\u00e5 kun 294 g \u2013 og ergonomisk i sit design, g\u00f8r den nem og komfortabel for dig at h\u00e5ndtere. S\u00e5 skru op for velv\u00e6ret, og giv dig selv og dine lokker \u00e6gte fork\u00e6lelse og en perfekt styling med GA.MA IQ2.<\/p>\n<h2>Hvad kan GA.MA IQ2 Professional?<\/h2>\n<p>Der er mange ting, der er v\u00e6rd at n\u00e6vne, som GA.MA IQ2-f\u00f8nt\u00f8rreren kan byde ind med af egenskaber, features og tilbeh\u00f8r. Derfor har vi fors\u00f8gt at samle nogle af de v\u00e6sentligste ting i det f\u00f8lgende:<\/p>\n<ul>\n<li>Smart og let f\u00f8nt\u00f8rrer i flot, sort og ergonomisk design.<\/li>\n<li>Har en 2.000 W b\u00f8rstefri motor og en super standardhastighed p\u00e5 110.000 rpm.<\/li>\n<li>Har en turbo-funktion, der kan give en hastighed p\u00e5 hele 120.000 rpm i 30 sekunder.<\/li>\n<li>MA IQ2\u2019s design og teknologi \u00f8ger f\u00f8nt\u00f8rrerens hastighed (og forkorter t\u00f8rretiden) uden at kr\u00e6ve st\u00f8rre energiforbrug.<\/li>\n<li>Den er udviklet med Oxy Active-teknologi, som via antibakterielle og foryngende egenskaber er med til at beskytte h\u00e5ret og holde det sundt.<\/li>\n<li>Har en cool shot-knap, 3 bl\u00e6se-hastigheder og 4 varmeindstillinger.<\/li>\n<li>Der medf\u00f8lger 4 forskellige mundstykker: en diffuser, der er god at bruge til kr\u00f8ller, 2 st\u00f8rrelser f\u00f8nn\u00e6b og et stjernemundstykke, der er god at bruge til fint h\u00e5r og sensitiv hovedbund, der skal sk\u00e5nes lidt.<\/li>\n<li>Der medf\u00f8lger en Smart Pad med en stand by-sensor, der g\u00f8r det muligt at s\u00e6tte f\u00f8nt\u00f8rreren p\u00e5 stand-by, n\u00e5r du l\u00e6gger den p\u00e5 underlaget \u2013 og starte den igen, n\u00e5r du atter tager den op i h\u00e5nden.<\/li>\n<li>F\u00f8nt\u00f8rreren har en hukommelsesfunktion, s\u00e5 den kan huske de seneste indstillinger fra sidst, du brugte den.<\/li>\n<li>Den er skabt med nogle fine filtre, der g\u00f8r det sv\u00e6rt for snavs at komme ind i motoren, hvilket \u00f8ger f\u00f8nt\u00f8rrerens ydeevne og levetid. En Auto Clean-funktion vil ved aktivering s\u00f8rge for at rense filtrene indefra, mens en Auto Clean Reminder vil g\u00f8re opm\u00e6rksom p\u00e5, hvorn\u00e5r filtrene b\u00f8r renses manuelt.<\/li>\n<\/ul>\n<h2>Hvem kan f\u00e5 gavn og gl\u00e6de af en GA.MA IQ2 Professional?<\/h2>\n<p>En GA.MA IQ2 Professionel er for dig, der vil g\u00f8re noget ekstra ud af h\u00e5rplejen og g\u00e5r op i at skabe en sk\u00f8n, fuldkommen og, ja, professionel styling-oplevelse for dig selv og dit h\u00e5r. For dig, der synes, det er l\u00e6kkert med ekstra features og detaljer, der g\u00f8r h\u00e5rt\u00f8rringsprocessen til en leg, hvor du virkelig kan sl\u00e5 dig l\u00f8s i stylingen med de muligheder, f\u00f8nt\u00f8rreren og dens tilbeh\u00f8r giver dig.<\/p>\n<p>Har du kr\u00f8ller, er en f\u00f8nt\u00f8rrer som GA.MA IQ2 ogs\u00e5 en k\u00e6rkommen hj\u00e6lper, der med de mange indstillingsmuligheder og s\u00e6rligt diffuseren virkelig kan give dine kr\u00f8ller en k\u00e6rlig, men effektiv t\u00f8rring, der kan f\u00e5 dem til at sprudle sundt og smukt og sidde, som de skal. Og for netop kr\u00f8ller, der jo er en sart h\u00e5rtype, er det vigtigt at t\u00f8rre dem p\u00e5 en s\u00e5 sk\u00e5nsom m\u00e5de som muligt, s\u00e5 de ikke bliver t\u00f8rre og slidte \u2013 eller helt bl\u00e6st v\u00e6k. Og her er GA.MA-f\u00f8nt\u00f8rreren alts\u00e5 skabt med egenskaber, der giver en sk\u00e5nsom h\u00e5rt\u00f8rring.<\/p>\n<p>Dette g\u00e6lder naturligvis, uanset om du har kr\u00f8llet glat eller b\u00f8lget h\u00e5r, og om det er kort eller langt. Med GA.MA-f\u00f8nt\u00f8rreren f\u00e5r du de bedste foruds\u00e6tninger for at give dit h\u00e5r den helt rette t\u00f8rring og styling, s\u00e5 det kommer til at sidde, som det skal. Derudover hj\u00e6lper Oxy-Active-teknologien med at beskytte h\u00e5ret og h\u00e5rfarven samt give det mere glans, s\u00e5 det virkelig kan tage sig sundt og flot ud.<\/p>\n<p>De forskellige mundstykker byder ogs\u00e5 ind med hver deres egenskaber; hvor diffuseren er perfekt at bruge til kr\u00f8llet h\u00e5r for at sk\u00e5ne dem og hj\u00e6lpe med at undg\u00e5 frizz, og de to f\u00f8nn\u00e6b er de mere \u201dal-round\u201d og g\u00e6ngse, men praktiske mundstykker, er stjernemundstykket skabt til at sk\u00e5ne og passe godt p\u00e5 fint h\u00e5r og\/eller en sart hovedbund.<\/p>\n<h2>De ekstra smarte detaljer, der s\u00e6tter prikken over i\u2019et i din f\u00f8nt\u00f8rring<\/h2>\n<p>Den kan mange ting, GA.MA IQ2, n\u00e5r det kommer til smart og praktisk h\u00e5rt\u00f8rring. Udover at v\u00e6re let at h\u00e5ndtere, uhyre effektiv og samtidig sk\u00e5nsom for h\u00e5ret i selve t\u00f8rringsprocessen, kommer den ogs\u00e5 med en r\u00e6kke l\u00e6kre detaljer og features, der lige l\u00f8fter det at t\u00f8rre h\u00e5ret til et h\u00f8jere niveau.<\/p>\n<p>For eksempel kan du, n\u00e5r du lige vil holde en pause i h\u00e5rt\u00f8rringen for at arbejde lidt med h\u00e5ret med begge h\u00e6nder, uden at slukke f\u00f8nt\u00f8rreren, l\u00e6gge den p\u00e5 den medf\u00f8lgende Smart Pad, hvormed f\u00f8nt\u00f8rreren g\u00e5r ud \u2013 p\u00e5 stand by. Og den starter selvf\u00f8lgelig op, n\u00e5r du tager den op i h\u00e5nden igen for at forts\u00e6tte t\u00f8rringen. Smart, ikke?<\/p>\n<p>Den har ogs\u00e5 en hukommelse, der g\u00f8r, at den kan huske de indstillinger, du havde p\u00e5 f\u00f8nt\u00f8rreren, sidst du brugte den, s\u00e5 du kan starte med samme udgangspunkt igen. Det kan v\u00e6re meget nyttigt, i og med IQ2\u2019eren jo har mange indstillingsmuligheder. En l\u00e5seknap kan ogs\u00e5 v\u00e6re behj\u00e6lpelig med at l\u00e5se dine indstillinger, s\u00e5 du ikke kommer til at skifte dem, mens du bruger h\u00e5rt\u00f8rreren.<\/p>\n<p>N\u00e5 jo, s\u00e5 er der jo ogs\u00e5 lige TURBO-knappen, der kan give dit h\u00e5r fuld bl\u00e6s i 30 sekunder, og som virkelig fremmer t\u00f8rringsprocessen \u2013 og selvf\u00f8lgelig samtidig passer p\u00e5 h\u00e5ret, og en Cool-shot-knap, der kan give dit h\u00e5r kold luft, hvis det er det, du \u00f8nsker. Kort sagt er der masser af l\u00e6kre detaljer, der lige g\u00f8r d\u00e9t ekstra og samlet vil kunne give dig en fantastisk styling-oplevelse. Hver gang.<\/p>\n<h2>S\u00e5dan passer du godt p\u00e5 din GA.MA-f\u00f8nt\u00f8rrer<\/h2>\n<p>Selv om GA.MA IQ2 er designet p\u00e5 en m\u00e5de, der kan give den en lang levetid, er det alligevel vigtigt selv at passe godt p\u00e5 den og s\u00f8rge for vedligehold og reng\u00f8ring af den efter behov. Der er selvf\u00f8lgelig forskel p\u00e5, hvor meget slitage og skidt\/st\u00f8v\/partikler fra produkter, den bliver udsat for, afh\u00e6ngigt af om du bruger den som fris\u00f8r i en salon eller kun til dig selv en gang om dagen eller ugen.<\/p>\n<p>Men en gang imellem b\u00f8r f\u00f8nt\u00f8rreren blive renset for at have gode betingelser for at kunne yde sit bedste. Det anbefales da ogs\u00e5, at den automatiske rensefunktion, Auto Clean-funktionen, som renser filtrene indefra, aktiveres efter hver gang, f\u00f8nt\u00f8rreren er blevet brugt. Dette g\u00f8res via en knap, der skal holdes inde i nogle sekunder, efter du f\u00f8rst har genstartet f\u00f8nt\u00f8rreren og fjernet tilbeh\u00f8ret. En enkel m\u00e5de at vedligeholde apparatet p\u00e5 i det daglige.<\/p>\n<p>Derudover anbefales det ogs\u00e5 at rense filtrene manuelt j\u00e6vnligt, og en Auto Clean Reminder minder om, n\u00e5r det er tid at foretage den manuelle rensning. Det g\u00e5r kort fortalt ud p\u00e5 manuelt at tage filtrene ud af f\u00f8nt\u00f8rreren, bruge det medf\u00f8lgende plejetilbeh\u00f8r til at fjerne ophobede partikler herfra og vaske dem i s\u00e6bevand for at fjerne snavs.<\/p>\n<p>Der f\u00f8lger med f\u00f8nt\u00f8rreren en udf\u00f8rlig manual p\u00e5 dansk omkring reng\u00f8ring og vedligehold af GA.MA IQ2, ligesom der ogs\u00e5 er instrukser vedr\u00f8rende brug af mundstykkerne. Den er v\u00e6rd at l\u00e6se og gennemg\u00e5, s\u00e5 du kan passe godt p\u00e5 din super-f\u00f8nt\u00f8rrer og f\u00e5 den til at holde l\u00e6nge.<\/p>","protected":false},"excerpt":{"rendered":"<ul>\n<li>Supereffektiv, professionel og fjerlet f\u00f8nt\u00f8rrer i flot og ergonomisk design<\/li>\n<li>G\u00f8r h\u00e5rplejen og -stylingen derhjemme til en ekstraordin\u00e6r oplevelse<\/li>\n<li>T\u00f8rrer h\u00e5ret p\u00e5 en sk\u00e5nsom, men mere tidsbesparende m\u00e5de<\/li>\n<li>Har mange sp\u00e6ndende, praktiske og smarte features<\/li>\n<li>Er lille og let at h\u00e5ndtere, men kraftig og effektiv i brug<\/li>\n<li>Kommer med tilbeh\u00f8r som mundstykker, plejes\u00e6t og Smart Pad<\/li>\n<\/ul>\n<p>Obs: Rabatkoder kan ikke benyttes til GA.MA \u2013 IQ2 Professional<\/p>","protected":false},"featured_media":76937,"comment_status":"open","ping_status":"closed","template":"","meta":[],"pwb-brand":[320],"product_brand":[],"product_cat":[145],"product_tag":[341],"giftcard-category":[],"class_list":{"0":"post-76933","1":"product","2":"type-product","3":"status-publish","4":"has-post-thumbnail","6":"pwb-brand-gama","7":"product_cat-foen-styling-og-beskyttelse","8":"product_tag-jul-over-400","10":"first","11":"outofstock","12":"taxable","13":"shipping-taxable","14":"purchasable","15":"product-type-simple"},"bundled_by":[],"bundle_stock_status":"outofstock","bundle_stock_quantity":0,"bundle_virtual":false,"bundle_layout":"","bundle_add_to_cart_form_location":"","bundle_editable_in_cart":false,"bundle_sold_individually_context":"","bundle_item_grouping":"","bundle_min_size":"","bundle_max_size":"","bundle_price":[],"bundled_items":[],"bundle_sell_ids":[],"supplier_id":null,"supplier_sku":"","barcode":"8023277146020","atum_controlled":true,"out_stock_date":"2025-03-16 20:51:26","out_stock_threshold":null,"inheritable":false,"inbound_stock":0,"stock_on_hold":0,"sold_today":0,"sales_last_days":0,"reserved_stock":0,"customer_returns":0,"warehouse_damage":0,"lost_in_post":0,"other_logs":0,"out_stock_days":413,"lost_sales":147441,"has_location":false,"update_date":"2026-05-04T11:21:59","atum_locations":[],"atum_stock_status":"outofstock","restock_status":false,"low_stock_amount":"","sales_update_date":"2026-05-04T11:21:58","calc_backorders":null,"yoast_head":"<!-- This site is optimized with the Yoast SEO plugin v25.6 - https:\/\/yoast.com\/wordpress\/plugins\/seo\/ -->\n<title>Ga.Ma IQ2 Professional \u2013 f\u00f8nt\u00f8rrer | CurlsForYou<\/title>\n<meta name=\"description\" content=\"F\u00e5 en professional h\u00e5rt\u00f8rringsoplevelse med den lette og effektive f\u00f8nt\u00f8rrer Ga.Ma IQ2 Professional. Se mere hos CurlsForYou.\" \/>\n<meta name=\"robots\" content=\"index, follow, max-snippet:-1, max-image-preview:large, max-video-preview:-1\" \/>\n<link rel=\"canonical\" href=\"https:\/\/curlsforyou.dk\/en\/product\/ga-ma-iq2-professional\/\" \/>\n<meta property=\"og:locale\" content=\"en_GB\" \/>\n<meta property=\"og:type\" content=\"article\" \/>\n<meta property=\"og:title\" content=\"Ga.Ma IQ2 Professional \u2013 f\u00f8nt\u00f8rrer | CurlsForYou\" \/>\n<meta property=\"og:description\" content=\"F\u00e5 en professional h\u00e5rt\u00f8rringsoplevelse med den lette og effektive f\u00f8nt\u00f8rrer Ga.Ma IQ2 Professional. Se mere hos CurlsForYou.\" \/>\n<meta property=\"og:url\" content=\"https:\/\/curlsforyou.dk\/en\/product\/ga-ma-iq2-professional\/\" \/>\n<meta property=\"article:publisher\" content=\"https:\/\/www.facebook.com\/curlsforyou\" \/>\n<meta property=\"article:modified_time\" content=\"2026-01-26T15:32:00+00:00\" \/>\n<meta property=\"og:image\" content=\"https:\/\/curlsforyou.dk\/app\/uploads\/2023\/02\/iQ2-carosello-2.jpg\" \/>\n\t<meta property=\"og:image:width\" content=\"1200\" \/>\n\t<meta property=\"og:image:height\" content=\"1280\" \/>\n\t<meta property=\"og:image:type\" content=\"image\/jpeg\" \/>\n<meta name=\"twitter:card\" content=\"summary_large_image\" \/>\n<meta name=\"twitter:label1\" content=\"Estimated reading time\" \/>\n\t<meta name=\"twitter:data1\" content=\"7 minutes\" \/>\n<script type=\"application\/ld+json\" class=\"yoast-schema-graph\">{\"@context\":\"https:\/\/schema.org\",\"@graph\":[{\"@type\":\"WebPage\",\"@id\":\"https:\/\/curlsforyou.dk\/vare\/ga-ma-iq2-professional\/\",\"url\":\"https:\/\/curlsforyou.dk\/vare\/ga-ma-iq2-professional\/\",\"name\":\"Ga.Ma IQ2 Professional \u2013 f\u00f8nt\u00f8rrer | CurlsForYou\",\"isPartOf\":{\"@id\":\"https:\/\/curlsforyou.dk\/#website\"},\"primaryImageOfPage\":{\"@id\":\"https:\/\/curlsforyou.dk\/vare\/ga-ma-iq2-professional\/#primaryimage\"},\"image\":{\"@id\":\"https:\/\/curlsforyou.dk\/vare\/ga-ma-iq2-professional\/#primaryimage\"},\"thumbnailUrl\":\"https:\/\/curlsforyou.dk\/app\/uploads\/2023\/02\/iQ2-carosello-2.jpg\",\"datePublished\":\"2023-02-24T13:36:21+00:00\",\"dateModified\":\"2026-01-26T15:32:00+00:00\",\"description\":\"F\u00e5 en professional h\u00e5rt\u00f8rringsoplevelse med den lette og effektive f\u00f8nt\u00f8rrer Ga.Ma IQ2 Professional. Se mere hos CurlsForYou.\",\"breadcrumb\":{\"@id\":\"https:\/\/curlsforyou.dk\/vare\/ga-ma-iq2-professional\/#breadcrumb\"},\"inLanguage\":\"en-GB\",\"potentialAction\":[{\"@type\":\"ReadAction\",\"target\":[\"https:\/\/curlsforyou.dk\/vare\/ga-ma-iq2-professional\/\"]}]},{\"@type\":\"ImageObject\",\"inLanguage\":\"en-GB\",\"@id\":\"https:\/\/curlsforyou.dk\/vare\/ga-ma-iq2-professional\/#primaryimage\",\"url\":\"https:\/\/curlsforyou.dk\/app\/uploads\/2023\/02\/iQ2-carosello-2.jpg\",\"contentUrl\":\"https:\/\/curlsforyou.dk\/app\/uploads\/2023\/02\/iQ2-carosello-2.jpg\",\"width\":1200,\"height\":1280},{\"@type\":\"BreadcrumbList\",\"@id\":\"https:\/\/curlsforyou.dk\/vare\/ga-ma-iq2-professional\/#breadcrumb\",\"itemListElement\":[{\"@type\":\"ListItem\",\"position\":1,\"name\":\"Hjem\",\"item\":\"https:\/\/curlsforyou.dk\/\"},{\"@type\":\"ListItem\",\"position\":2,\"name\":\"Shop\",\"item\":\"https:\/\/curlsforyou.dk\/shop\/\"},{\"@type\":\"ListItem\",\"position\":3,\"name\":\"Ga.Ma &#8211; IQ2 Professional\"}]},{\"@type\":\"WebSite\",\"@id\":\"https:\/\/curlsforyou.dk\/#website\",\"url\":\"https:\/\/curlsforyou.dk\/\",\"name\":\"\",\"description\":\"\",\"publisher\":{\"@id\":\"https:\/\/curlsforyou.dk\/#organization\"},\"potentialAction\":[{\"@type\":\"SearchAction\",\"target\":{\"@type\":\"EntryPoint\",\"urlTemplate\":\"https:\/\/curlsforyou.dk\/?s={search_term_string}\"},\"query-input\":{\"@type\":\"PropertyValueSpecification\",\"valueRequired\":true,\"valueName\":\"search_term_string\"}}],\"inLanguage\":\"en-GB\"},{\"@type\":\"Organization\",\"@id\":\"https:\/\/curlsforyou.dk\/#organization\",\"name\":\"CurlsForYou\",\"url\":\"https:\/\/curlsforyou.dk\/\",\"logo\":{\"@type\":\"ImageObject\",\"inLanguage\":\"en-GB\",\"@id\":\"https:\/\/curlsforyou.dk\/#\/schema\/logo\/image\/\",\"url\":\"\",\"contentUrl\":\"\",\"caption\":\"CurlsForYou\"},\"image\":{\"@id\":\"https:\/\/curlsforyou.dk\/#\/schema\/logo\/image\/\"},\"sameAs\":[\"https:\/\/www.facebook.com\/curlsforyou\",\"https:\/\/www.instagram.com\/curlsforyou.dk\/\"]}]}<\/script>\n<!-- \/ Yoast SEO plugin. -->","yoast_head_json":{"title":"Ga.Ma IQ2 Professional \u2013 f\u00f8nt\u00f8rrer | CurlsForYou","description":"F\u00e5 en professional h\u00e5rt\u00f8rringsoplevelse med den lette og effektive f\u00f8nt\u00f8rrer Ga.Ma IQ2 Professional. Se mere hos CurlsForYou.","robots":{"index":"index","follow":"follow","max-snippet":"max-snippet:-1","max-image-preview":"max-image-preview:large","max-video-preview":"max-video-preview:-1"},"canonical":"https:\/\/curlsforyou.dk\/en\/product\/ga-ma-iq2-professional\/","og_locale":"en_GB","og_type":"article","og_title":"Ga.Ma IQ2 Professional \u2013 f\u00f8nt\u00f8rrer | CurlsForYou","og_description":"F\u00e5 en professional h\u00e5rt\u00f8rringsoplevelse med den lette og effektive f\u00f8nt\u00f8rrer Ga.Ma IQ2 Professional. Se mere hos CurlsForYou.","og_url":"https:\/\/curlsforyou.dk\/en\/product\/ga-ma-iq2-professional\/","article_publisher":"https:\/\/www.facebook.com\/curlsforyou","article_modified_time":"2026-01-26T15:32:00+00:00","og_image":[{"width":1200,"height":1280,"url":"https:\/\/curlsforyou.dk\/app\/uploads\/2023\/02\/iQ2-carosello-2.jpg","type":"image\/jpeg"}],"twitter_card":"summary_large_image","twitter_misc":{"Estimated reading time":"7 minutes"},"schema":{"@context":"https:\/\/schema.org","@graph":[{"@type":"WebPage","@id":"https:\/\/curlsforyou.dk\/vare\/ga-ma-iq2-professional\/","url":"https:\/\/curlsforyou.dk\/vare\/ga-ma-iq2-professional\/","name":"Ga.Ma IQ2 Professional \u2013 f\u00f8nt\u00f8rrer | CurlsForYou","isPartOf":{"@id":"https:\/\/curlsforyou.dk\/#website"},"primaryImageOfPage":{"@id":"https:\/\/curlsforyou.dk\/vare\/ga-ma-iq2-professional\/#primaryimage"},"image":{"@id":"https:\/\/curlsforyou.dk\/vare\/ga-ma-iq2-professional\/#primaryimage"},"thumbnailUrl":"https:\/\/curlsforyou.dk\/app\/uploads\/2023\/02\/iQ2-carosello-2.jpg","datePublished":"2023-02-24T13:36:21+00:00","dateModified":"2026-01-26T15:32:00+00:00","description":"F\u00e5 en professional h\u00e5rt\u00f8rringsoplevelse med den lette og effektive f\u00f8nt\u00f8rrer Ga.Ma IQ2 Professional. Se mere hos CurlsForYou.","breadcrumb":{"@id":"https:\/\/curlsforyou.dk\/vare\/ga-ma-iq2-professional\/#breadcrumb"},"inLanguage":"en-GB","potentialAction":[{"@type":"ReadAction","target":["https:\/\/curlsforyou.dk\/vare\/ga-ma-iq2-professional\/"]}]},{"@type":"ImageObject","inLanguage":"en-GB","@id":"https:\/\/curlsforyou.dk\/vare\/ga-ma-iq2-professional\/#primaryimage","url":"https:\/\/curlsforyou.dk\/app\/uploads\/2023\/02\/iQ2-carosello-2.jpg","contentUrl":"https:\/\/curlsforyou.dk\/app\/uploads\/2023\/02\/iQ2-carosello-2.jpg","width":1200,"height":1280},{"@type":"BreadcrumbList","@id":"https:\/\/curlsforyou.dk\/vare\/ga-ma-iq2-professional\/#breadcrumb","itemListElement":[{"@type":"ListItem","position":1,"name":"Hjem","item":"https:\/\/curlsforyou.dk\/"},{"@type":"ListItem","position":2,"name":"Shop","item":"https:\/\/curlsforyou.dk\/shop\/"},{"@type":"ListItem","position":3,"name":"Ga.Ma &#8211; IQ2 Professional"}]},{"@type":"WebSite","@id":"https:\/\/curlsforyou.dk\/#website","url":"https:\/\/curlsforyou.dk\/","name":"","description":"","publisher":{"@id":"https:\/\/curlsforyou.dk\/#organization"},"potentialAction":[{"@type":"SearchAction","target":{"@type":"EntryPoint","urlTemplate":"https:\/\/curlsforyou.dk\/?s={search_term_string}"},"query-input":{"@type":"PropertyValueSpecification","valueRequired":true,"valueName":"search_term_string"}}],"inLanguage":"en-GB"},{"@type":"Organization","@id":"https:\/\/curlsforyou.dk\/#organization","name":"CurlsForYou","url":"https:\/\/curlsforyou.dk\/","logo":{"@type":"ImageObject","inLanguage":"en-GB","@id":"https:\/\/curlsforyou.dk\/#\/schema\/logo\/image\/","url":"","contentUrl":"","caption":"CurlsForYou"},"image":{"@id":"https:\/\/curlsforyou.dk\/#\/schema\/logo\/image\/"},"sameAs":["https:\/\/www.facebook.com\/curlsforyou","https:\/\/www.instagram.com\/curlsforyou.dk\/"]}]}},"brands":[{"id":320,"name":"Ga.Ma","slug":"gama"}],"_links":{"self":[{"href":"https:\/\/curlsforyou.dk\/en\/wp-json\/wp\/v2\/product\/76933","targetHints":{"allow":["GET"]}}],"collection":[{"href":"https:\/\/curlsforyou.dk\/en\/wp-json\/wp\/v2\/product"}],"about":[{"href":"https:\/\/curlsforyou.dk\/en\/wp-json\/wp\/v2\/types\/product"}],"replies":[{"embeddable":true,"href":"https:\/\/curlsforyou.dk\/en\/wp-json\/wp\/v2\/comments?post=76933"}],"version-history":[{"count":0,"href":"https:\/\/curlsforyou.dk\/en\/wp-json\/wp\/v2\/product\/76933\/revisions"}],"wp:featuredmedia":[{"embeddable":true,"href":"https:\/\/curlsforyou.dk\/en\/wp-json\/wp\/v2\/media\/76937"}],"wp:attachment":[{"href":"https:\/\/curlsforyou.dk\/en\/wp-json\/wp\/v2\/media?parent=76933"}],"wp:term":[{"taxonomy":"pwb-brand","embeddable":true,"href":"https:\/\/curlsforyou.dk\/en\/wp-json\/wp\/v2\/pwb-brand?post=76933"},{"taxonomy":"product_brand","embeddable":true,"href":"https:\/\/curlsforyou.dk\/en\/wp-json\/wp\/v2\/product_brand?post=76933"},{"taxonomy":"product_cat","embeddable":true,"href":"https:\/\/curlsforyou.dk\/en\/wp-json\/wp\/v2\/product_cat?post=76933"},{"taxonomy":"product_tag","embeddable":true,"href":"https:\/\/curlsforyou.dk\/en\/wp-json\/wp\/v2\/product_tag?post=76933"},{"taxonomy":"giftcard-category","embeddable":true,"href":"https:\/\/curlsforyou.dk\/en\/wp-json\/wp\/v2\/giftcard-category?post=76933"}],"curies":[{"name":"wp","href":"https:\/\/api.w.org\/{rel}","templated":true}]}}