{"id":55646,"date":"2022-04-21T12:43:51","date_gmt":"2022-04-21T10:43:51","guid":{"rendered":"https:\/\/curlsforyou.dk\/?post_type=product&#038;p=55646"},"modified":"2026-05-01T01:49:03","modified_gmt":"2026-04-30T23:49:03","slug":"boucleme-dry-scalp-serum","status":"publish","type":"product","link":"https:\/\/curlsforyou.dk\/en\/product\/boucleme-dry-scalp-serum\/","title":{"rendered":"Boucl\u00e8me &#8211; Dry Scalp Serum"},"content":{"rendered":"<p>Er du udfordret af en t\u00f8r og irriteret hovedbund, der m\u00e5ske endda har tendens til r\u00f8dme og dannelse af sk\u00e6l? S\u00e5 kan denne Dry Scalp Serum fra Boucl\u00e9me m\u00e5ske v\u00e6re det helt rette mirakelmiddel for dig.<\/p>\n<p>De fleste af os kender til, hvor frustrerende det kan v\u00e6re at d\u00f8je med en generet hovedbund plaget af sk\u00e6l, der ikke lader til at ville forsvinde, selv om man vasker sit h\u00e5r og skrubber hovedbunden nok s\u00e5 grundigt. Sagen er, at man ved h\u00e5rvask med almindelig shampoo hurtigt kan komme ind i en ond vaske-cirkel, hvor det f\u00f8les, som om h\u00e5ret hurtigt tr\u00e6nger til at blive vasket igen og igen. Men faktisk kan resultatet blive udt\u00f8rret h\u00e5r\/kr\u00f8ller og en r\u00f8d og irriteret hovedbund, hvor sk\u00e6l trives. Men bare rolig, der er r\u00e5d at hente \u2013 og mulighed for at starte p\u00e5 en anden og bedre h\u00e5rplejerutine.<\/p>\n<h2>N\u00e6rende og plejende h\u00e5rprodukter til h\u00e5r med og uden kr\u00f8ller<\/h2>\n<p>Her hos CurlsForYou g\u00e5r vi netop op i sunde og naturlige h\u00e5rprodukter, der g\u00f8r dit h\u00e5r \u2013 med eller uden kr\u00f8ller \u2013 og din hovedbund rigtig godt. Det er <a href=\"https:\/\/curlsforyou.dk\/en\/curly-girl-metoden\/curly-girl-metoden\/\">The Curly Girl-method<\/a>, vi ser op til, og vi \u00f8nsker at give dig og dit h\u00e5r det bedste med p\u00e5 vejen. Derfor finder du hos os udelukkende h\u00e5rprodukter uden ingredienser som for eksempel skarpe sulfater og silikone, der ikke g\u00f8r s\u00e5 meget godt for dit h\u00e5r \u2013 s\u00e6rligt ikke for kr\u00f8ller, der som udgangspunkt er mere sart og t\u00f8rt h\u00e5r og derfor har brug for mere pleje.<\/p>\n<p>Et af disse gode produkter er denne effektive Dry Scalp Serum fra Boucl\u00e9me, der ogs\u00e5 kan byde ind med <a href=\"https:\/\/curlsforyou.dk\/en\/brand\/boucleme\/\">andre l\u00e6kre og n\u00e6rende h\u00e5rplejeprodukter<\/a>, du med fordel kan benytte sammen hermed. Serummet indeholder blandt andet arganolie, der er med til at fugte og berolige hovedbunden, og jojobaolie, der g\u00e5r ind og efterligner din hovedbunds naturlige talg, s\u00e5 huden her f\u00f8les lettet. Derudover er jojoba god til b\u00e5de at beskytte og styrke h\u00e5rr\u00f8dderne. Din hovedbund f\u00e5r med andre ord et sundt og n\u00e6rende boost med Dry Scalp Serum, hvilket naturligvis ogs\u00e5 smitter positivt af helt ud i dit h\u00e5r og dine sk\u00f8nne kr\u00f8ller.<\/p>\n<h2>Brug Dry Scalp Serum i din shampoo eller co-wash<\/h2>\n<p>Boucl\u00e9mes Dry Scalp Serum er beregnet til at bruge i shampoo eller co-wash s\u00e5ledes, at du i den shampoo\/co-wash, du har h\u00e6ldt ud i din h\u00e5nd, tilf\u00f8rer seks dr\u00e5ber af serummet, hvorefter du masserer den samlede masse godt ind i din hovedbund. Herefter skylles h\u00e5ret, og din h\u00e5rplejerutine kan forts\u00e6tte \u2013 eventuelt med en god, plejende balsam eller m\u00e5ske en fugtgivende h\u00e5rkur. Du kan bruge serummet ved hver h\u00e5rvask med shampoo\/co-wash, indtil du synes, du kan m\u00e6rke virkningen af det. Herefter anbefales det at bruge produktet en gang hver eller hver anden uge \u2013 for at vedligeholde den behagelige fornemmelse af velplejet og sk\u00e6lfrit h\u00e5r.<\/p>\n<h2>Andre gode produkter til din h\u00e5rplejerutine<\/h2>\n<p>Som vi har v\u00e6ret lidt inde p\u00e5, kr\u00e6ver en god og sund h\u00e5rplejerutine nogle ordentlige produkter, som man med ro i mave og sind kan tilbyde sit h\u00e5r. Og s\u00e5danne produkter finder du her hos os. CurlsForYou\u2019s fokusomr\u00e5de er naturligt nok gode produkter til kr\u00f8llet h\u00e5r, i og med vores n\u00f8je udvalgte h\u00e5rprodukter er fyldt med naturlige ingredienser med sunde og plejende egenskaber for is\u00e6r kr\u00f8ller, der bare <em>har <\/em>brug for ekstra pleje. Men produkterne egner sig ogs\u00e5 sagtens til h\u00e5r uden kr\u00f8ller og er for alle, der vil tilbyde sit h\u00e5r omsorg og fork\u00e6lelse.<\/p>\n<p>Tag endelig en inspirationsrunde her p\u00e5 siden, hvor du blandt andet kan finde nogle af Boucl\u00e9mes andre sk\u00f8nne produkter, heriblandt fugtgivende shampoo, kr\u00f8llecreme og styling gel. Derudover finder du ogs\u00e5 produkter fra mange andre sp\u00e6ndende producenter, der alle har en indg\u00e5ende viden om og de bedste intentioner for kr\u00f8ller og deres behov. Og med de mange beskrivelser af de enkelte producenter og deres produkter h\u00e5ber vi, at du kan finde frem til de produkter, der vil give dine kr\u00f8ller lige pr\u00e6cis det, de har brug for \u2013 for at kunne v\u00e6re lige s\u00e5 sprudlende og sk\u00f8nne, som de \u2013 og du \u2013 er!<\/p>","protected":false},"excerpt":{"rendered":"<ul>\n<li>Plejende serum til t\u00f8r og irriteret hovedbund<\/li>\n<li>Indeholder blandt andet argan- og jojobaolie<\/li>\n<li>Underst\u00f8tter hovedbundens naturlige milj\u00f8<\/li>\n<li>Beroligende for hovedbunden og effektiv mod sk\u00e6l<\/li>\n<li>Blandes i co-wash eller shampoo<\/li>\n<li>St\u00f8rrelse: 30 ml<\/li>\n<\/ul>","protected":false},"featured_media":96206,"comment_status":"open","ping_status":"closed","template":"","meta":[],"pwb-brand":[113],"product_brand":[],"product_cat":[309],"product_tag":[283,42],"giftcard-category":[],"class_list":{"0":"post-55646","1":"product","2":"type-product","3":"status-publish","4":"has-post-thumbnail","6":"pwb-brand-boucleme","7":"product_cat-serum","8":"product_tag-protein-fri","9":"product_tag-vegan","11":"first","12":"instock","13":"taxable","14":"shipping-taxable","15":"purchasable","16":"product-type-simple"},"bundled_by":[],"bundle_stock_status":"instock","bundle_stock_quantity":4,"bundle_virtual":false,"bundle_layout":"","bundle_add_to_cart_form_location":"","bundle_editable_in_cart":false,"bundle_sold_individually_context":"","bundle_item_grouping":"","bundle_min_size":"","bundle_max_size":"","bundle_price":[],"bundled_items":[],"bundle_sell_ids":[],"supplier_id":null,"supplier_sku":"","barcode":null,"atum_controlled":true,"out_stock_date":null,"out_stock_threshold":null,"inheritable":false,"inbound_stock":0,"stock_on_hold":0,"sold_today":0,"sales_last_days":1,"reserved_stock":0,"customer_returns":0,"warehouse_damage":0,"lost_in_post":0,"other_logs":0,"out_stock_days":0,"lost_sales":0,"has_location":false,"update_date":"2026-05-04T11:15:32","atum_locations":[],"atum_stock_status":"instock","restock_status":false,"low_stock_amount":"","sales_update_date":"2026-05-04T11:15:31","calc_backorders":null,"yoast_head":"<!-- This site is optimized with the Yoast SEO plugin v25.6 - https:\/\/yoast.com\/wordpress\/plugins\/seo\/ -->\n<title>Boucl\u00e9me \u2013 Dry Scalp Serum | CurlsForYou.dk<\/title>\n<meta name=\"description\" content=\"Brug for ekstra pleje til t\u00f8r og irriteret hovedbund? Pr\u00f8v Boucl\u00e9mes Dry Scalp Serum hos CurlsForYou\" \/>\n<meta name=\"robots\" content=\"index, follow, max-snippet:-1, max-image-preview:large, max-video-preview:-1\" \/>\n<link rel=\"canonical\" href=\"https:\/\/curlsforyou.dk\/en\/product\/boucleme-dry-scalp-serum\/\" \/>\n<meta property=\"og:locale\" content=\"en_GB\" \/>\n<meta property=\"og:type\" content=\"article\" \/>\n<meta property=\"og:title\" content=\"Boucl\u00e9me \u2013 Dry Scalp Serum | CurlsForYou.dk\" \/>\n<meta property=\"og:description\" content=\"Brug for ekstra pleje til t\u00f8r og irriteret hovedbund? Pr\u00f8v Boucl\u00e9mes Dry Scalp Serum hos CurlsForYou\" \/>\n<meta property=\"og:url\" content=\"https:\/\/curlsforyou.dk\/en\/product\/boucleme-dry-scalp-serum\/\" \/>\n<meta property=\"article:publisher\" content=\"https:\/\/www.facebook.com\/curlsforyou\" \/>\n<meta property=\"article:modified_time\" content=\"2026-04-30T23:49:03+00:00\" \/>\n<meta property=\"og:image\" content=\"https:\/\/curlsforyou.dk\/app\/uploads\/2022\/04\/Boucleme-Dry-Scalp-Serum.png\" \/>\n\t<meta property=\"og:image:width\" content=\"800\" \/>\n\t<meta property=\"og:image:height\" content=\"800\" \/>\n\t<meta property=\"og:image:type\" content=\"image\/png\" \/>\n<meta name=\"twitter:card\" content=\"summary_large_image\" \/>\n<meta name=\"twitter:label1\" content=\"Estimated reading time\" \/>\n\t<meta name=\"twitter:data1\" content=\"4 minutes\" \/>\n<script type=\"application\/ld+json\" class=\"yoast-schema-graph\">{\"@context\":\"https:\/\/schema.org\",\"@graph\":[{\"@type\":\"WebPage\",\"@id\":\"https:\/\/curlsforyou.dk\/vare\/boucleme-dry-scalp-serum\/\",\"url\":\"https:\/\/curlsforyou.dk\/vare\/boucleme-dry-scalp-serum\/\",\"name\":\"Boucl\u00e9me \u2013 Dry Scalp Serum | CurlsForYou.dk\",\"isPartOf\":{\"@id\":\"https:\/\/curlsforyou.dk\/#website\"},\"primaryImageOfPage\":{\"@id\":\"https:\/\/curlsforyou.dk\/vare\/boucleme-dry-scalp-serum\/#primaryimage\"},\"image\":{\"@id\":\"https:\/\/curlsforyou.dk\/vare\/boucleme-dry-scalp-serum\/#primaryimage\"},\"thumbnailUrl\":\"https:\/\/curlsforyou.dk\/app\/uploads\/2022\/04\/Boucleme-Dry-Scalp-Serum.png\",\"datePublished\":\"2022-04-21T10:43:51+00:00\",\"dateModified\":\"2026-04-30T23:49:03+00:00\",\"description\":\"Brug for ekstra pleje til t\u00f8r og irriteret hovedbund? Pr\u00f8v Boucl\u00e9mes Dry Scalp Serum hos CurlsForYou\",\"breadcrumb\":{\"@id\":\"https:\/\/curlsforyou.dk\/vare\/boucleme-dry-scalp-serum\/#breadcrumb\"},\"inLanguage\":\"en-GB\",\"potentialAction\":[{\"@type\":\"ReadAction\",\"target\":[\"https:\/\/curlsforyou.dk\/vare\/boucleme-dry-scalp-serum\/\"]}]},{\"@type\":\"ImageObject\",\"inLanguage\":\"en-GB\",\"@id\":\"https:\/\/curlsforyou.dk\/vare\/boucleme-dry-scalp-serum\/#primaryimage\",\"url\":\"https:\/\/curlsforyou.dk\/app\/uploads\/2022\/04\/Boucleme-Dry-Scalp-Serum.png\",\"contentUrl\":\"https:\/\/curlsforyou.dk\/app\/uploads\/2022\/04\/Boucleme-Dry-Scalp-Serum.png\",\"width\":800,\"height\":800,\"caption\":\"Boucleme Dry Scalp Serum\"},{\"@type\":\"BreadcrumbList\",\"@id\":\"https:\/\/curlsforyou.dk\/vare\/boucleme-dry-scalp-serum\/#breadcrumb\",\"itemListElement\":[{\"@type\":\"ListItem\",\"position\":1,\"name\":\"Hjem\",\"item\":\"https:\/\/curlsforyou.dk\/\"},{\"@type\":\"ListItem\",\"position\":2,\"name\":\"Shop\",\"item\":\"https:\/\/curlsforyou.dk\/shop\/\"},{\"@type\":\"ListItem\",\"position\":3,\"name\":\"Boucl\u00e8me &#8211; Dry Scalp Serum\"}]},{\"@type\":\"WebSite\",\"@id\":\"https:\/\/curlsforyou.dk\/#website\",\"url\":\"https:\/\/curlsforyou.dk\/\",\"name\":\"\",\"description\":\"\",\"publisher\":{\"@id\":\"https:\/\/curlsforyou.dk\/#organization\"},\"potentialAction\":[{\"@type\":\"SearchAction\",\"target\":{\"@type\":\"EntryPoint\",\"urlTemplate\":\"https:\/\/curlsforyou.dk\/?s={search_term_string}\"},\"query-input\":{\"@type\":\"PropertyValueSpecification\",\"valueRequired\":true,\"valueName\":\"search_term_string\"}}],\"inLanguage\":\"en-GB\"},{\"@type\":\"Organization\",\"@id\":\"https:\/\/curlsforyou.dk\/#organization\",\"name\":\"CurlsForYou\",\"url\":\"https:\/\/curlsforyou.dk\/\",\"logo\":{\"@type\":\"ImageObject\",\"inLanguage\":\"en-GB\",\"@id\":\"https:\/\/curlsforyou.dk\/#\/schema\/logo\/image\/\",\"url\":\"\",\"contentUrl\":\"\",\"caption\":\"CurlsForYou\"},\"image\":{\"@id\":\"https:\/\/curlsforyou.dk\/#\/schema\/logo\/image\/\"},\"sameAs\":[\"https:\/\/www.facebook.com\/curlsforyou\",\"https:\/\/www.instagram.com\/curlsforyou.dk\/\"]}]}<\/script>\n<!-- \/ Yoast SEO plugin. -->","yoast_head_json":{"title":"Boucl\u00e9me \u2013 Dry Scalp Serum | CurlsForYou.dk","description":"Brug for ekstra pleje til t\u00f8r og irriteret hovedbund? Pr\u00f8v Boucl\u00e9mes Dry Scalp Serum hos CurlsForYou","robots":{"index":"index","follow":"follow","max-snippet":"max-snippet:-1","max-image-preview":"max-image-preview:large","max-video-preview":"max-video-preview:-1"},"canonical":"https:\/\/curlsforyou.dk\/en\/product\/boucleme-dry-scalp-serum\/","og_locale":"en_GB","og_type":"article","og_title":"Boucl\u00e9me \u2013 Dry Scalp Serum | CurlsForYou.dk","og_description":"Brug for ekstra pleje til t\u00f8r og irriteret hovedbund? Pr\u00f8v Boucl\u00e9mes Dry Scalp Serum hos CurlsForYou","og_url":"https:\/\/curlsforyou.dk\/en\/product\/boucleme-dry-scalp-serum\/","article_publisher":"https:\/\/www.facebook.com\/curlsforyou","article_modified_time":"2026-04-30T23:49:03+00:00","og_image":[{"width":800,"height":800,"url":"https:\/\/curlsforyou.dk\/app\/uploads\/2022\/04\/Boucleme-Dry-Scalp-Serum.png","type":"image\/png"}],"twitter_card":"summary_large_image","twitter_misc":{"Estimated reading time":"4 minutes"},"schema":{"@context":"https:\/\/schema.org","@graph":[{"@type":"WebPage","@id":"https:\/\/curlsforyou.dk\/vare\/boucleme-dry-scalp-serum\/","url":"https:\/\/curlsforyou.dk\/vare\/boucleme-dry-scalp-serum\/","name":"Boucl\u00e9me \u2013 Dry Scalp Serum | CurlsForYou.dk","isPartOf":{"@id":"https:\/\/curlsforyou.dk\/#website"},"primaryImageOfPage":{"@id":"https:\/\/curlsforyou.dk\/vare\/boucleme-dry-scalp-serum\/#primaryimage"},"image":{"@id":"https:\/\/curlsforyou.dk\/vare\/boucleme-dry-scalp-serum\/#primaryimage"},"thumbnailUrl":"https:\/\/curlsforyou.dk\/app\/uploads\/2022\/04\/Boucleme-Dry-Scalp-Serum.png","datePublished":"2022-04-21T10:43:51+00:00","dateModified":"2026-04-30T23:49:03+00:00","description":"Brug for ekstra pleje til t\u00f8r og irriteret hovedbund? Pr\u00f8v Boucl\u00e9mes Dry Scalp Serum hos CurlsForYou","breadcrumb":{"@id":"https:\/\/curlsforyou.dk\/vare\/boucleme-dry-scalp-serum\/#breadcrumb"},"inLanguage":"en-GB","potentialAction":[{"@type":"ReadAction","target":["https:\/\/curlsforyou.dk\/vare\/boucleme-dry-scalp-serum\/"]}]},{"@type":"ImageObject","inLanguage":"en-GB","@id":"https:\/\/curlsforyou.dk\/vare\/boucleme-dry-scalp-serum\/#primaryimage","url":"https:\/\/curlsforyou.dk\/app\/uploads\/2022\/04\/Boucleme-Dry-Scalp-Serum.png","contentUrl":"https:\/\/curlsforyou.dk\/app\/uploads\/2022\/04\/Boucleme-Dry-Scalp-Serum.png","width":800,"height":800,"caption":"Boucleme Dry Scalp Serum"},{"@type":"BreadcrumbList","@id":"https:\/\/curlsforyou.dk\/vare\/boucleme-dry-scalp-serum\/#breadcrumb","itemListElement":[{"@type":"ListItem","position":1,"name":"Hjem","item":"https:\/\/curlsforyou.dk\/"},{"@type":"ListItem","position":2,"name":"Shop","item":"https:\/\/curlsforyou.dk\/shop\/"},{"@type":"ListItem","position":3,"name":"Boucl\u00e8me &#8211; Dry Scalp Serum"}]},{"@type":"WebSite","@id":"https:\/\/curlsforyou.dk\/#website","url":"https:\/\/curlsforyou.dk\/","name":"","description":"","publisher":{"@id":"https:\/\/curlsforyou.dk\/#organization"},"potentialAction":[{"@type":"SearchAction","target":{"@type":"EntryPoint","urlTemplate":"https:\/\/curlsforyou.dk\/?s={search_term_string}"},"query-input":{"@type":"PropertyValueSpecification","valueRequired":true,"valueName":"search_term_string"}}],"inLanguage":"en-GB"},{"@type":"Organization","@id":"https:\/\/curlsforyou.dk\/#organization","name":"CurlsForYou","url":"https:\/\/curlsforyou.dk\/","logo":{"@type":"ImageObject","inLanguage":"en-GB","@id":"https:\/\/curlsforyou.dk\/#\/schema\/logo\/image\/","url":"","contentUrl":"","caption":"CurlsForYou"},"image":{"@id":"https:\/\/curlsforyou.dk\/#\/schema\/logo\/image\/"},"sameAs":["https:\/\/www.facebook.com\/curlsforyou","https:\/\/www.instagram.com\/curlsforyou.dk\/"]}]}},"brands":[{"id":113,"name":"Boucl\u00e8me","slug":"boucleme"}],"_links":{"self":[{"href":"https:\/\/curlsforyou.dk\/en\/wp-json\/wp\/v2\/product\/55646","targetHints":{"allow":["GET"]}}],"collection":[{"href":"https:\/\/curlsforyou.dk\/en\/wp-json\/wp\/v2\/product"}],"about":[{"href":"https:\/\/curlsforyou.dk\/en\/wp-json\/wp\/v2\/types\/product"}],"replies":[{"embeddable":true,"href":"https:\/\/curlsforyou.dk\/en\/wp-json\/wp\/v2\/comments?post=55646"}],"version-history":[{"count":0,"href":"https:\/\/curlsforyou.dk\/en\/wp-json\/wp\/v2\/product\/55646\/revisions"}],"wp:featuredmedia":[{"embeddable":true,"href":"https:\/\/curlsforyou.dk\/en\/wp-json\/wp\/v2\/media\/96206"}],"wp:attachment":[{"href":"https:\/\/curlsforyou.dk\/en\/wp-json\/wp\/v2\/media?parent=55646"}],"wp:term":[{"taxonomy":"pwb-brand","embeddable":true,"href":"https:\/\/curlsforyou.dk\/en\/wp-json\/wp\/v2\/pwb-brand?post=55646"},{"taxonomy":"product_brand","embeddable":true,"href":"https:\/\/curlsforyou.dk\/en\/wp-json\/wp\/v2\/product_brand?post=55646"},{"taxonomy":"product_cat","embeddable":true,"href":"https:\/\/curlsforyou.dk\/en\/wp-json\/wp\/v2\/product_cat?post=55646"},{"taxonomy":"product_tag","embeddable":true,"href":"https:\/\/curlsforyou.dk\/en\/wp-json\/wp\/v2\/product_tag?post=55646"},{"taxonomy":"giftcard-category","embeddable":true,"href":"https:\/\/curlsforyou.dk\/en\/wp-json\/wp\/v2\/giftcard-category?post=55646"}],"curies":[{"name":"wp","href":"https:\/\/api.w.org\/{rel}","templated":true}]}}