{"id":43238,"date":"2021-10-06T20:45:12","date_gmt":"2021-10-06T18:45:12","guid":{"rendered":"https:\/\/curlsforyou.dk\/?post_type=product&#038;p=43238"},"modified":"2026-03-31T22:39:13","modified_gmt":"2026-03-31T20:39:13","slug":"inahsi-pamper-my-curls-curl-sculpting-glaze","status":"publish","type":"product","link":"https:\/\/curlsforyou.dk\/en\/product\/inahsi-pamper-my-curls-curl-sculpting-glaze\/","title":{"rendered":"Inahsi &#8211; Pamper My Curls Curl Sculpting Glaze"},"content":{"rendered":"<p class=\"paragraph\" style=\"line-height: 115%; vertical-align: baseline;\"><span class=\"normaltextrun\"><span style=\"color: black;\">Har du nogle dejlige kr\u00f8ller, som du gerne vil beskytte og vise frem? <\/span><\/span><a href=\"https:\/\/curlsforyou.dk\/en\/product\/inahsi-pamper-my-curls-curl-sculpting-glaze\/\" target=\"_blank\" rel=\"noopener\"><span class=\"normaltextrun\"><span style=\"color: #0563c1;\">Pamper My Curls Curl Sculpting Glaze<\/span><\/span><\/a><span class=\"normaltextrun\"><span style=\"color: black;\"> giver h\u00e5ret en klar og tydelig definition, som beskytter h\u00e5ret og holder det p\u00e5 plads. Pamper My <\/span><\/span><span class=\"spellingerror\"><span style=\"color: black;\">Curls<\/span><\/span><span class=\"normaltextrun\"><span style=\"color: black;\"> er et fremragende h\u00e5rprodukt til kr\u00f8ller, der kommer fra serien <\/span><\/span><a href=\"https:\/\/curlsforyou.dk\/en\/brand\/inahsi\/\" target=\"_blank\" rel=\"noopener\"><span class=\"normaltextrun\"><span style=\"color: #0563c1;\">Inahsi<\/span><\/span><\/a><span class=\"normaltextrun\"><span style=\"color: black;\">, hvor du kan finde alt, hvad du skal bruge til at style dit h\u00e5r.<\/span><\/span><span class=\"eop\"><span style=\"color: black;\">\u00a0<\/span><\/span><\/p>\n<p class=\"paragraph\" style=\"line-height: 115%; vertical-align: baseline;\"><span class=\"normaltextrun\"><span style=\"color: black;\">Produktet indeholder solsikkeolie, som hj\u00e6lper h\u00e5ret med at fremme de naturlige kvaliteter, som det i forvejen har. Du kan v\u00e6re sikker p\u00e5, at de naturlige ingredienser g\u00f8r h\u00e5ret i bedre stand. Der er ingen proteiner i Pamper My <\/span><\/span><span class=\"spellingerror\"><span style=\"color: black;\">Curls<\/span><\/span><span class=\"normaltextrun\"><span style=\"color: black;\"> Curl <\/span><\/span><span class=\"spellingerror\"><span style=\"color: black;\">Sculpting<\/span><\/span> <span class=\"spellingerror\"><span style=\"color: black;\">Glaze<\/span><\/span><span class=\"normaltextrun\"><span style=\"color: black;\">, hvilket g\u00f8r det til en perfekt <\/span><\/span><span class=\"spellingerror\"><span style=\"color: black;\">hair masque<\/span><\/span><span class=\"normaltextrun\"><span style=\"color: black;\"> til kr\u00f8ller.<\/span><\/span><span class=\"eop\"><span style=\"color: black;\">\u00a0<\/span><\/span><\/p>\n<p class=\"paragraph\" style=\"line-height: 115%; vertical-align: baseline;\"><span class=\"normaltextrun\"><span style=\"color: black;\">Kr\u00f8ller kan sommetider danne knuder. Det kan v\u00e6re ubehageligt og g\u00f8r det sv\u00e6rt at holde frisuren, men det kan du helt undg\u00e5, n\u00e5r du bruger Pamper My <\/span><\/span><span class=\"spellingerror\"><span style=\"color: black;\">Curls<\/span><\/span><span class=\"normaltextrun\"><span style=\"color: black;\"> Curl <\/span><\/span><span class=\"spellingerror\"><span style=\"color: black;\">Sculpting<\/span><\/span> <span class=\"spellingerror\"><span style=\"color: black;\">Glaze<\/span><\/span><span class=\"normaltextrun\"><span style=\"color: black;\">. Det er den perfekte gel til kr\u00f8ller, hvis du gerne vil have naturlig glans og struktur.<\/span><\/span><span class=\"eop\"><span style=\"color: black;\">\u00a0<\/span><\/span><\/p>\n<p class=\"paragraph\" style=\"line-height: 115%; vertical-align: baseline;\"><span class=\"normaltextrun\"><span style=\"color: black;\">Det kan v\u00e6re, dit h\u00e5r har rigeligt med glans, men mangler struktur? Du kan l\u00e6se vores <\/span><\/span><a href=\"https:\/\/curlsforyou.dk\/en\/curlsforyous-komplette-guide-til-curly-girl-metoden\/\" target=\"_blank\" rel=\"noopener\"><span class=\"normaltextrun\"><span style=\"color: #0563c1;\">guide her<\/span><\/span><\/a><span class=\"normaltextrun\"><span style=\"color: black;\">, s\u00e5 du kan finde ud af, hvordan du bedst fremmer og beskytter dit h\u00e5r. Vi har gjort det nemt for dig at finde ud af, om dit h\u00e5r mangler protein eller fugt, og hvordan du kan f\u00e5 dit h\u00e5r til at se velplejet ud.<\/span><\/span><span class=\"eop\"><span style=\"color: black;\">\u00a0<\/span><\/span><\/p>\n<h3 class=\"paragraph\" style=\"margin-bottom: 0cm; line-height: 115%; vertical-align: baseline;\"><span class=\"normaltextrun\"><span style=\"font-size: 13.0pt; line-height: 115%; color: black;\">S\u00e5dan bruger du Pamper My <\/span><\/span><span class=\"spellingerror\"><span style=\"font-size: 13.0pt; line-height: 115%; color: black;\">Curls<\/span><\/span><span class=\"normaltextrun\"><span style=\"font-size: 13.0pt; line-height: 115%; color: black;\"> Curl <\/span><\/span><span class=\"spellingerror\"><span style=\"font-size: 13.0pt; line-height: 115%; color: black;\">Sculpting<\/span><\/span> <span class=\"spellingerror\"><span style=\"font-size: 13.0pt; line-height: 115%; color: black;\">Glaze<\/span><\/span><span class=\"eop\"><span style=\"font-size: 13.0pt; line-height: 115%; color: black;\">\u00a0<\/span><\/span><\/h3>\n<p class=\"paragraph\" style=\"margin-top: 0cm; line-height: 115%; vertical-align: baseline;\"><span class=\"normaltextrun\"><span style=\"color: black;\">Pamper My <\/span><\/span><span class=\"spellingerror\"><span style=\"color: black;\">Curls<\/span><\/span><span class=\"normaltextrun\"><span style=\"color: black;\"> Curl <\/span><\/span><span class=\"spellingerror\"><span style=\"color: black;\">Sculpting<\/span><\/span> <span class=\"spellingerror\"><span style=\"color: black;\">Glaze<\/span><\/span><span class=\"normaltextrun\"><span style=\"color: black;\"> er en gel til kr\u00f8ller, der fungerer bedst, n\u00e5r dit h\u00e5r er fugtigt. Du skal ikke kun bruge det p\u00e5 h\u00e5rspidserne, hvis du vil have den bedste definition. Du kan med fordel dreje h\u00e5ret, s\u00e5 du f\u00e5r flere b\u00f8jninger og derfor en h\u00f8jere definition. Du vil f\u00e5 et naturligt udseende i dine kr\u00f8ller, n\u00e5r du lader h\u00e5ret t\u00f8rre.<\/span><\/span><span class=\"eop\"><span style=\"color: black;\">\u00a0<\/span><\/span><\/p>\n<p class=\"paragraph\" style=\"line-height: 115%; vertical-align: baseline;\"><span class=\"normaltextrun\"><span style=\"color: black;\">Pamper My <\/span><\/span><span class=\"spellingerror\"><span style=\"color: black;\">Curls<\/span><\/span><span class=\"normaltextrun\"><span style=\"color: black;\"> Curl <\/span><\/span><span class=\"spellingerror\"><span style=\"color: black;\">Sculpting<\/span><\/span> <span class=\"spellingerror\"><span style=\"color: black;\">Glaze<\/span><\/span><span class=\"normaltextrun\"><span style=\"color: black;\"> er klart et af de bedre h\u00e5rprodukter til kr\u00f8ller, som kan f\u00e5s i en beholder p\u00e5 226 g. S\u00e5 hvis du \u00f8nsker et glansfuldt og naturligt udseende til dine kr\u00f8ller, s\u00e5 kan du med fordele bruge Pamper My <\/span><\/span><span class=\"spellingerror\"><span style=\"color: black;\">Curls<\/span><\/span><span class=\"normaltextrun\"><span style=\"color: black;\"> Curl <\/span><\/span><span class=\"spellingerror\"><span style=\"color: black;\">Sculpting<\/span><\/span> <span class=\"spellingerror\"><span style=\"color: black;\">Glaze<\/span><\/span><span class=\"normaltextrun\"><span style=\"color: black;\">.<\/span><\/span><span class=\"eop\"><span style=\"color: black;\">\u00a0<\/span><\/span><\/p>","protected":false},"excerpt":{"rendered":"<ul>\n<li>Proteinfri gel, der bek\u00e6mper knuder<\/li>\n<li>Giver dine kr\u00f8ller en god definition<\/li>\n<li>Bl\u00f8dg\u00f8r kanter og holder h\u00e5ret p\u00e5 plads<\/li>\n<li>Beskytter og forbedrer h\u00e5ret<\/li>\n<li>Indeholder solsikkeolie, som fremmer h\u00e5rets naturlige glans.<\/li>\n<li>St\u00f8rrelse: OBS ny st\u00f8rrelse 355 ml.<\/li>\n<\/ul>","protected":false},"featured_media":91944,"comment_status":"open","ping_status":"closed","template":"","meta":[],"pwb-brand":[205],"product_brand":[],"product_cat":[146],"product_tag":[340,283],"giftcard-category":[],"class_list":{"0":"post-43238","1":"product","2":"type-product","3":"status-publish","4":"has-post-thumbnail","6":"pwb-brand-inahsi","7":"product_cat-gel","8":"product_tag-jul-200-400","9":"product_tag-protein-fri","11":"first","12":"instock","13":"taxable","14":"shipping-taxable","15":"purchasable","16":"product-type-simple"},"bundled_by":[],"bundle_stock_status":"instock","bundle_stock_quantity":1,"bundle_virtual":false,"bundle_layout":"","bundle_add_to_cart_form_location":"","bundle_editable_in_cart":false,"bundle_sold_individually_context":"","bundle_item_grouping":"","bundle_min_size":"","bundle_max_size":"","bundle_price":[],"bundled_items":[],"bundle_sell_ids":[],"supplier_id":null,"supplier_sku":"","barcode":null,"atum_controlled":true,"out_stock_date":null,"out_stock_threshold":null,"inheritable":false,"inbound_stock":0,"stock_on_hold":0,"sold_today":0,"sales_last_days":0,"reserved_stock":0,"customer_returns":0,"warehouse_damage":0,"lost_in_post":0,"other_logs":0,"out_stock_days":0,"lost_sales":0,"has_location":false,"update_date":"2026-05-05T11:17:41","atum_locations":[],"atum_stock_status":"instock","restock_status":false,"low_stock_amount":"","sales_update_date":"2026-05-05T11:17:41","calc_backorders":null,"yoast_head":"<!-- This site is optimized with the Yoast SEO plugin v25.6 - https:\/\/yoast.com\/wordpress\/plugins\/seo\/ -->\n<title>Inahsi | Pamper My Curls Curl Sculpting Glaze | CurlsForYou.dk<\/title>\n<meta name=\"description\" content=\"\u00d8nsker du en god definition og naturlige kr\u00f8ller? S\u00e5 pr\u00f8v Pamper My Curls Curl Sculpting Glaze hos CurlsForYou.dk\" \/>\n<meta name=\"robots\" content=\"index, follow, max-snippet:-1, max-image-preview:large, max-video-preview:-1\" \/>\n<link rel=\"canonical\" href=\"https:\/\/curlsforyou.dk\/en\/product\/inahsi-pamper-my-curls-curl-sculpting-glaze\/\" \/>\n<meta property=\"og:locale\" content=\"en_GB\" \/>\n<meta property=\"og:type\" content=\"article\" \/>\n<meta property=\"og:title\" content=\"Inahsi | Pamper My Curls Curl Sculpting Glaze | CurlsForYou.dk\" \/>\n<meta property=\"og:description\" content=\"\u00d8nsker du en god definition og naturlige kr\u00f8ller? S\u00e5 pr\u00f8v Pamper My Curls Curl Sculpting Glaze hos CurlsForYou.dk\" \/>\n<meta property=\"og:url\" content=\"https:\/\/curlsforyou.dk\/en\/product\/inahsi-pamper-my-curls-curl-sculpting-glaze\/\" \/>\n<meta property=\"article:publisher\" content=\"https:\/\/www.facebook.com\/curlsforyou\" \/>\n<meta property=\"article:modified_time\" content=\"2026-03-31T20:39:13+00:00\" \/>\n<meta property=\"og:image\" content=\"https:\/\/curlsforyou.dk\/app\/uploads\/2021\/10\/Inahsi-Pamper-My-Curls-Curl-Sculpting-Glaze-12oz-800x800-1.webp\" \/>\n\t<meta property=\"og:image:width\" content=\"800\" \/>\n\t<meta property=\"og:image:height\" content=\"800\" \/>\n\t<meta property=\"og:image:type\" content=\"image\/webp\" \/>\n<meta name=\"twitter:card\" content=\"summary_large_image\" \/>\n<meta name=\"twitter:label1\" content=\"Estimated reading time\" \/>\n\t<meta name=\"twitter:data1\" content=\"3 minutes\" \/>\n<script type=\"application\/ld+json\" class=\"yoast-schema-graph\">{\"@context\":\"https:\/\/schema.org\",\"@graph\":[{\"@type\":\"WebPage\",\"@id\":\"https:\/\/curlsforyou.dk\/vare\/inahsi-pamper-my-curls-curl-sculpting-glaze\/\",\"url\":\"https:\/\/curlsforyou.dk\/vare\/inahsi-pamper-my-curls-curl-sculpting-glaze\/\",\"name\":\"Inahsi | Pamper My Curls Curl Sculpting Glaze | CurlsForYou.dk\",\"isPartOf\":{\"@id\":\"https:\/\/curlsforyou.dk\/#website\"},\"primaryImageOfPage\":{\"@id\":\"https:\/\/curlsforyou.dk\/vare\/inahsi-pamper-my-curls-curl-sculpting-glaze\/#primaryimage\"},\"image\":{\"@id\":\"https:\/\/curlsforyou.dk\/vare\/inahsi-pamper-my-curls-curl-sculpting-glaze\/#primaryimage\"},\"thumbnailUrl\":\"https:\/\/curlsforyou.dk\/app\/uploads\/2021\/10\/Inahsi-Pamper-My-Curls-Curl-Sculpting-Glaze-12oz-800x800-1.webp\",\"datePublished\":\"2021-10-06T18:45:12+00:00\",\"dateModified\":\"2026-03-31T20:39:13+00:00\",\"description\":\"\u00d8nsker du en god definition og naturlige kr\u00f8ller? S\u00e5 pr\u00f8v Pamper My Curls Curl Sculpting Glaze hos CurlsForYou.dk\",\"breadcrumb\":{\"@id\":\"https:\/\/curlsforyou.dk\/vare\/inahsi-pamper-my-curls-curl-sculpting-glaze\/#breadcrumb\"},\"inLanguage\":\"en-GB\",\"potentialAction\":[{\"@type\":\"ReadAction\",\"target\":[\"https:\/\/curlsforyou.dk\/vare\/inahsi-pamper-my-curls-curl-sculpting-glaze\/\"]}]},{\"@type\":\"ImageObject\",\"inLanguage\":\"en-GB\",\"@id\":\"https:\/\/curlsforyou.dk\/vare\/inahsi-pamper-my-curls-curl-sculpting-glaze\/#primaryimage\",\"url\":\"https:\/\/curlsforyou.dk\/app\/uploads\/2021\/10\/Inahsi-Pamper-My-Curls-Curl-Sculpting-Glaze-12oz-800x800-1.webp\",\"contentUrl\":\"https:\/\/curlsforyou.dk\/app\/uploads\/2021\/10\/Inahsi-Pamper-My-Curls-Curl-Sculpting-Glaze-12oz-800x800-1.webp\",\"width\":800,\"height\":800,\"caption\":\"Inahsi Pamper My Curls Curl Sculpting Glaze 12oz-800x800\"},{\"@type\":\"BreadcrumbList\",\"@id\":\"https:\/\/curlsforyou.dk\/vare\/inahsi-pamper-my-curls-curl-sculpting-glaze\/#breadcrumb\",\"itemListElement\":[{\"@type\":\"ListItem\",\"position\":1,\"name\":\"Hjem\",\"item\":\"https:\/\/curlsforyou.dk\/\"},{\"@type\":\"ListItem\",\"position\":2,\"name\":\"Shop\",\"item\":\"https:\/\/curlsforyou.dk\/shop\/\"},{\"@type\":\"ListItem\",\"position\":3,\"name\":\"Inahsi &#8211; Pamper My Curls Curl Sculpting Glaze\"}]},{\"@type\":\"WebSite\",\"@id\":\"https:\/\/curlsforyou.dk\/#website\",\"url\":\"https:\/\/curlsforyou.dk\/\",\"name\":\"\",\"description\":\"\",\"publisher\":{\"@id\":\"https:\/\/curlsforyou.dk\/#organization\"},\"potentialAction\":[{\"@type\":\"SearchAction\",\"target\":{\"@type\":\"EntryPoint\",\"urlTemplate\":\"https:\/\/curlsforyou.dk\/?s={search_term_string}\"},\"query-input\":{\"@type\":\"PropertyValueSpecification\",\"valueRequired\":true,\"valueName\":\"search_term_string\"}}],\"inLanguage\":\"en-GB\"},{\"@type\":\"Organization\",\"@id\":\"https:\/\/curlsforyou.dk\/#organization\",\"name\":\"CurlsForYou\",\"url\":\"https:\/\/curlsforyou.dk\/\",\"logo\":{\"@type\":\"ImageObject\",\"inLanguage\":\"en-GB\",\"@id\":\"https:\/\/curlsforyou.dk\/#\/schema\/logo\/image\/\",\"url\":\"\",\"contentUrl\":\"\",\"caption\":\"CurlsForYou\"},\"image\":{\"@id\":\"https:\/\/curlsforyou.dk\/#\/schema\/logo\/image\/\"},\"sameAs\":[\"https:\/\/www.facebook.com\/curlsforyou\",\"https:\/\/www.instagram.com\/curlsforyou.dk\/\"]}]}<\/script>\n<!-- \/ Yoast SEO plugin. -->","yoast_head_json":{"title":"Inahsi | Pamper My Curls Curl Sculpting Glaze | CurlsForYou.dk","description":"\u00d8nsker du en god definition og naturlige kr\u00f8ller? S\u00e5 pr\u00f8v Pamper My Curls Curl Sculpting Glaze hos CurlsForYou.dk","robots":{"index":"index","follow":"follow","max-snippet":"max-snippet:-1","max-image-preview":"max-image-preview:large","max-video-preview":"max-video-preview:-1"},"canonical":"https:\/\/curlsforyou.dk\/en\/product\/inahsi-pamper-my-curls-curl-sculpting-glaze\/","og_locale":"en_GB","og_type":"article","og_title":"Inahsi | Pamper My Curls Curl Sculpting Glaze | CurlsForYou.dk","og_description":"\u00d8nsker du en god definition og naturlige kr\u00f8ller? S\u00e5 pr\u00f8v Pamper My Curls Curl Sculpting Glaze hos CurlsForYou.dk","og_url":"https:\/\/curlsforyou.dk\/en\/product\/inahsi-pamper-my-curls-curl-sculpting-glaze\/","article_publisher":"https:\/\/www.facebook.com\/curlsforyou","article_modified_time":"2026-03-31T20:39:13+00:00","og_image":[{"width":800,"height":800,"url":"https:\/\/curlsforyou.dk\/app\/uploads\/2021\/10\/Inahsi-Pamper-My-Curls-Curl-Sculpting-Glaze-12oz-800x800-1.webp","type":"image\/webp"}],"twitter_card":"summary_large_image","twitter_misc":{"Estimated reading time":"3 minutes"},"schema":{"@context":"https:\/\/schema.org","@graph":[{"@type":"WebPage","@id":"https:\/\/curlsforyou.dk\/vare\/inahsi-pamper-my-curls-curl-sculpting-glaze\/","url":"https:\/\/curlsforyou.dk\/vare\/inahsi-pamper-my-curls-curl-sculpting-glaze\/","name":"Inahsi | Pamper My Curls Curl Sculpting Glaze | CurlsForYou.dk","isPartOf":{"@id":"https:\/\/curlsforyou.dk\/#website"},"primaryImageOfPage":{"@id":"https:\/\/curlsforyou.dk\/vare\/inahsi-pamper-my-curls-curl-sculpting-glaze\/#primaryimage"},"image":{"@id":"https:\/\/curlsforyou.dk\/vare\/inahsi-pamper-my-curls-curl-sculpting-glaze\/#primaryimage"},"thumbnailUrl":"https:\/\/curlsforyou.dk\/app\/uploads\/2021\/10\/Inahsi-Pamper-My-Curls-Curl-Sculpting-Glaze-12oz-800x800-1.webp","datePublished":"2021-10-06T18:45:12+00:00","dateModified":"2026-03-31T20:39:13+00:00","description":"\u00d8nsker du en god definition og naturlige kr\u00f8ller? S\u00e5 pr\u00f8v Pamper My Curls Curl Sculpting Glaze hos CurlsForYou.dk","breadcrumb":{"@id":"https:\/\/curlsforyou.dk\/vare\/inahsi-pamper-my-curls-curl-sculpting-glaze\/#breadcrumb"},"inLanguage":"en-GB","potentialAction":[{"@type":"ReadAction","target":["https:\/\/curlsforyou.dk\/vare\/inahsi-pamper-my-curls-curl-sculpting-glaze\/"]}]},{"@type":"ImageObject","inLanguage":"en-GB","@id":"https:\/\/curlsforyou.dk\/vare\/inahsi-pamper-my-curls-curl-sculpting-glaze\/#primaryimage","url":"https:\/\/curlsforyou.dk\/app\/uploads\/2021\/10\/Inahsi-Pamper-My-Curls-Curl-Sculpting-Glaze-12oz-800x800-1.webp","contentUrl":"https:\/\/curlsforyou.dk\/app\/uploads\/2021\/10\/Inahsi-Pamper-My-Curls-Curl-Sculpting-Glaze-12oz-800x800-1.webp","width":800,"height":800,"caption":"Inahsi Pamper My Curls Curl Sculpting Glaze 12oz-800x800"},{"@type":"BreadcrumbList","@id":"https:\/\/curlsforyou.dk\/vare\/inahsi-pamper-my-curls-curl-sculpting-glaze\/#breadcrumb","itemListElement":[{"@type":"ListItem","position":1,"name":"Hjem","item":"https:\/\/curlsforyou.dk\/"},{"@type":"ListItem","position":2,"name":"Shop","item":"https:\/\/curlsforyou.dk\/shop\/"},{"@type":"ListItem","position":3,"name":"Inahsi &#8211; Pamper My Curls Curl Sculpting Glaze"}]},{"@type":"WebSite","@id":"https:\/\/curlsforyou.dk\/#website","url":"https:\/\/curlsforyou.dk\/","name":"","description":"","publisher":{"@id":"https:\/\/curlsforyou.dk\/#organization"},"potentialAction":[{"@type":"SearchAction","target":{"@type":"EntryPoint","urlTemplate":"https:\/\/curlsforyou.dk\/?s={search_term_string}"},"query-input":{"@type":"PropertyValueSpecification","valueRequired":true,"valueName":"search_term_string"}}],"inLanguage":"en-GB"},{"@type":"Organization","@id":"https:\/\/curlsforyou.dk\/#organization","name":"CurlsForYou","url":"https:\/\/curlsforyou.dk\/","logo":{"@type":"ImageObject","inLanguage":"en-GB","@id":"https:\/\/curlsforyou.dk\/#\/schema\/logo\/image\/","url":"","contentUrl":"","caption":"CurlsForYou"},"image":{"@id":"https:\/\/curlsforyou.dk\/#\/schema\/logo\/image\/"},"sameAs":["https:\/\/www.facebook.com\/curlsforyou","https:\/\/www.instagram.com\/curlsforyou.dk\/"]}]}},"brands":[{"id":205,"name":"Inahsi","slug":"inahsi"}],"_links":{"self":[{"href":"https:\/\/curlsforyou.dk\/en\/wp-json\/wp\/v2\/product\/43238","targetHints":{"allow":["GET"]}}],"collection":[{"href":"https:\/\/curlsforyou.dk\/en\/wp-json\/wp\/v2\/product"}],"about":[{"href":"https:\/\/curlsforyou.dk\/en\/wp-json\/wp\/v2\/types\/product"}],"replies":[{"embeddable":true,"href":"https:\/\/curlsforyou.dk\/en\/wp-json\/wp\/v2\/comments?post=43238"}],"version-history":[{"count":0,"href":"https:\/\/curlsforyou.dk\/en\/wp-json\/wp\/v2\/product\/43238\/revisions"}],"wp:featuredmedia":[{"embeddable":true,"href":"https:\/\/curlsforyou.dk\/en\/wp-json\/wp\/v2\/media\/91944"}],"wp:attachment":[{"href":"https:\/\/curlsforyou.dk\/en\/wp-json\/wp\/v2\/media?parent=43238"}],"wp:term":[{"taxonomy":"pwb-brand","embeddable":true,"href":"https:\/\/curlsforyou.dk\/en\/wp-json\/wp\/v2\/pwb-brand?post=43238"},{"taxonomy":"product_brand","embeddable":true,"href":"https:\/\/curlsforyou.dk\/en\/wp-json\/wp\/v2\/product_brand?post=43238"},{"taxonomy":"product_cat","embeddable":true,"href":"https:\/\/curlsforyou.dk\/en\/wp-json\/wp\/v2\/product_cat?post=43238"},{"taxonomy":"product_tag","embeddable":true,"href":"https:\/\/curlsforyou.dk\/en\/wp-json\/wp\/v2\/product_tag?post=43238"},{"taxonomy":"giftcard-category","embeddable":true,"href":"https:\/\/curlsforyou.dk\/en\/wp-json\/wp\/v2\/giftcard-category?post=43238"}],"curies":[{"name":"wp","href":"https:\/\/api.w.org\/{rel}","templated":true}]}}