{"id":37400,"date":"2021-05-04T09:28:42","date_gmt":"2021-05-04T07:28:42","guid":{"rendered":"https:\/\/curlsforyou.dk\/?post_type=product&#038;p=37400"},"modified":"2026-01-26T16:31:13","modified_gmt":"2026-01-26T15:31:13","slug":"curl-keeper-beach-mist","status":"publish","type":"product","link":"https:\/\/curlsforyou.dk\/en\/product\/curl-keeper-beach-mist\/","title":{"rendered":"Curl Keeper &#8211; Beach Mist \u2013 A Blast of Ocean Air"},"content":{"rendered":"<p>M\u00e6rk den friske f\u00f8lelse af strand, havluft og en opkvikkende dukkert i saltvand med Curl Keepers Beach Mist \u2013 A Blast of Ocean Air. Det er nemlig en s\u00e5dan fornemmelse, en saltvandsspray som denne kan give dig og dit h\u00e5r, samtidig med at den ogs\u00e5 vil give dig nogle fordele i forbindelse med h\u00e5rstylingen. For ved hj\u00e6lp af indholdet af Himalaya-saltkrystaller vil sprayen tr\u00e6kke fugten fra den omgivende luft ind i h\u00e5rstr\u00e5ene, s\u00e5 h\u00e5ret ikke s\u00e5 let t\u00f8rrer ud i l\u00f8bet af dagen, ligesom produktet ogs\u00e5 indeholder andre ting, der hj\u00e6lper med at pleje dit h\u00e5r.<\/p>\n<p>Beach Mist er med andre ord en oplagt h\u00e5rspray at g\u00f8re brug af i stylingen \u2013 og er velegnet til alle h\u00e5rtyper. I forhold til kr\u00f8llet h\u00e5r vil den med de fugtgivende egenskaber kunne bidrage til at live kr\u00f8llerne op, styrke h\u00e5ret og give det volumen. Glat eller b\u00f8lget h\u00e5r vil ogs\u00e5 kunne h\u00f8ste mere liv og fylde i lokkerne ved hj\u00e6lp af s\u00e5dan en spray. Har du kort h\u00e5r, vil du m\u00e5ske synes om fornemmelsen af et \u201drigtigt saltvandshold\u201d i den korte manke, som du herved kan style i sp\u00e6ndende frisurer og legende udtryk. Der er lagt op til en h\u00e5r-f\u00f8lelse af frisk luft og badetur ved stranden.<\/p>\n<h2>Saltvands-kr\u00f8ller og bl\u00f8dt hold med Beach Mist<\/h2>\n<p>Der er ogs\u00e5 et vist hold i Beach Misten fra Curl Keeper \u2013 et tilpas \u201dbeachy\u201d hold, der hverken virker stift eller spr\u00f8dt, men n\u00e6rmere bl\u00f8dt. Har du kr\u00f8ller, vil du kunne give dem mere fylde samt et bl\u00f8dt og bouncy udtryk. Dertil kommer et hold, der virker naturligt, og som hj\u00e6lper med at holde alle de sk\u00f8nne kr\u00f8ller p\u00e5 plads. Til geng\u00e6ld er sprayen ikke at regne som en kur mod kruset h\u00e5r, men er ideel til dig, der holder af din \u201dstrandmanke\u201d, n\u00e5r du har v\u00e6ret en tur ved vandet og f\u00e5et vind og saltvand i h\u00e5ret.<\/p>\n<p>Beach Mist kan bruges i b\u00e5de v\u00e5dt og t\u00f8rt h\u00e5r. Den kan s\u00e5ledes bruges som led i styling-rutinen, efter du har vasket dit h\u00e5r \u2013 enten for sig selv eller i kombination med eksempelvis nogle af de andre <a href=\"https:\/\/curlsforyou.dk\/en\/brand\/curl-keeper\/\">styling-produkter fra Curl Keeper<\/a>. Beach Mist sprayes blot i h\u00e5ret efter behov og \u00f8nske \u2013 s\u00e6rligt i l\u00e6ngderne, hvis du g\u00e5r efter at arbejde med selve kr\u00f8llernes udtryk, og mere ved h\u00e5rr\u00f8dderne, hvis du \u00f8nsker mere fylde i h\u00e5ret. Eller begge dele, selvf\u00f8lgelig. Herefter kan h\u00e5ret blot luftt\u00f8rre \u2013 eller blive f\u00f8nt\u00f8rret med diffuser.<\/p>\n<p>Sprayen er ogs\u00e5 oplagt at bruge i t\u00f8rt h\u00e5r \u2013 eksempelvis om morgenen, hvor b\u00e5de kort eller langt, kr\u00f8llet h\u00e5r og glat h\u00e5r kan have gavn af at blive v\u00e6kket og genopfrisket. Det er en hurtig og enkel m\u00e5de at f\u00e5 stylet sit h\u00e5r og live det op p\u00e5 \u2013 ved at give det et frisk pust at saltvand og havluft, s\u00e5 det kan nyde godt af fugten samt det bl\u00f8de hold, der giver stylingen af h\u00e5ret gode betingelser. Er du vild med den friske f\u00f8lelse af strand- og badetur, kan du ogs\u00e5 spraye Beach Mist p\u00e5 kroppen for at m\u00e6rke den sk\u00f8nne fornemmelse af havluft og saltvand.<\/p>\n<h2>Find opfriskende og naturlige produkter til hele h\u00e5rplejerutinen hos CurlsForYou<\/h2>\n<p>Har du lyst til at se n\u00e6rmere p\u00e5 flere sp\u00e6ndende produkter til hele h\u00e5rplejerutinen, m\u00e5 du endelig blive her p\u00e5 siden. Hos CurlsForYou har vi et bredt udvalg af mange b\u00e5de sunde og plejende produkter, der er s\u00e6rligt gode til dig med naturlige kr\u00f8ller. Det skyldes, at vi har et fokus p\u00e5, at naturlige kr\u00f8ller som udgangspunkt er en sart h\u00e5rtype, der har brug for ekstra god pleje og omsorg for at trives, hvorfor vi kun f\u00f8rer produkter, der er egnede til <a href=\"https:\/\/curlsforyou.dk\/en\/curly-girl-metoden\/curly-girl-metoden\/\">The Curly Girl-method<\/a> og dermed kun indeholder ordentlige ingredienser, der ikke g\u00f8r skade p\u00e5 kr\u00f8llerne.<\/p>\n<p>Men n\u00e5r det s\u00e5 er sagt, er rigtig mange af produkterne ogs\u00e5 velegnede til andre h\u00e5rtyper som b\u00f8lget og glat \u2013 og hvem vil ikke gerne tilbyde sit h\u00e5r l\u00e6kre produkter, n\u00e6rende pleje og ekstra fork\u00e6lelse? S\u00e5 tag endelig en tur rundt p\u00e5 siden og se, om du kan finde eksempelvis en <a href=\"https:\/\/curlsforyou.dk\/en\/vare-kategori\/vask-rens\/low-poo\/\">shampoo<\/a>, der ser ud til at passe til dig og dine sk\u00f8nne lokker \u2013 uanset om de er kr\u00f8llede, b\u00f8lgede eller helt glatte.<\/p>","protected":false},"excerpt":{"rendered":"<ul>\n<li>Fugtgivende h\u00e5rspray med saltvand<\/li>\n<li>Giver liv og fylde til h\u00e5r og kr\u00f8ller<\/li>\n<li>Giver h\u00e5ret et bl\u00f8dt og \u201dbeachy\u201d hold<\/li>\n<li>God til styling af kr\u00f8ller, men ogs\u00e5 til andre h\u00e5rtyper samt i b\u00e5de langt og kort h\u00e5r<\/li>\n<li>Size: 240 ml<\/li>\n<\/ul>","protected":false},"featured_media":37401,"comment_status":"open","ping_status":"closed","template":"","meta":[],"pwb-brand":[290],"product_brand":[],"product_cat":[148],"product_tag":[],"giftcard-category":[],"class_list":{"0":"post-37400","1":"product","2":"type-product","3":"status-publish","4":"has-post-thumbnail","6":"pwb-brand-curl-keeper","7":"product_cat-spray-haarspray","9":"first","10":"outofstock","11":"taxable","12":"shipping-taxable","13":"purchasable","14":"product-type-simple"},"bundled_by":[],"bundle_stock_status":"outofstock","bundle_stock_quantity":0,"bundle_virtual":false,"bundle_layout":"","bundle_add_to_cart_form_location":"","bundle_editable_in_cart":false,"bundle_sold_individually_context":"","bundle_item_grouping":"","bundle_min_size":"","bundle_max_size":"","bundle_price":[],"bundled_items":[],"bundle_sell_ids":[],"supplier_id":null,"supplier_sku":"","barcode":null,"atum_controlled":true,"out_stock_date":"2023-09-07 21:06:35","out_stock_threshold":null,"inheritable":false,"inbound_stock":0,"stock_on_hold":0,"sold_today":0,"sales_last_days":0,"reserved_stock":0,"customer_returns":0,"warehouse_damage":0,"lost_in_post":0,"other_logs":0,"out_stock_days":966,"lost_sales":21942,"has_location":false,"update_date":"2026-05-01T11:19:48","atum_locations":[],"atum_stock_status":"outofstock","restock_status":false,"low_stock_amount":"","sales_update_date":"2026-05-01T11:19:47","calc_backorders":null,"yoast_head":"<!-- This site is optimized with the Yoast SEO plugin v25.6 - https:\/\/yoast.com\/wordpress\/plugins\/seo\/ -->\n<title>Curl Keeper \u2013 Beach Mist-h\u00e5rspray | CurlsForYou<\/title>\n<meta name=\"description\" content=\"\u201dBeachy\u201d udtryk til h\u00e5ret? Pr\u00f8v saltvandssprayen Beach Mist \u2013 A Blast of Ocean Air fra Curl Keeper hos CurlsForYou\" \/>\n<meta name=\"robots\" content=\"index, follow, max-snippet:-1, max-image-preview:large, max-video-preview:-1\" \/>\n<link rel=\"canonical\" href=\"https:\/\/curlsforyou.dk\/en\/product\/curl-keeper-beach-mist\/\" \/>\n<meta property=\"og:locale\" content=\"en_GB\" \/>\n<meta property=\"og:type\" content=\"article\" \/>\n<meta property=\"og:title\" content=\"Curl Keeper \u2013 Beach Mist-h\u00e5rspray | CurlsForYou\" \/>\n<meta property=\"og:description\" content=\"\u201dBeachy\u201d udtryk til h\u00e5ret? Pr\u00f8v saltvandssprayen Beach Mist \u2013 A Blast of Ocean Air fra Curl Keeper hos CurlsForYou\" \/>\n<meta property=\"og:url\" content=\"https:\/\/curlsforyou.dk\/en\/product\/curl-keeper-beach-mist\/\" \/>\n<meta property=\"article:publisher\" content=\"https:\/\/www.facebook.com\/curlsforyou\" \/>\n<meta property=\"article:modified_time\" content=\"2026-01-26T15:31:13+00:00\" \/>\n<meta property=\"og:image\" content=\"https:\/\/curlsforyou.dk\/app\/uploads\/2021\/05\/CurlKeeper-Beach-Mist-800x800-1.jpg\" \/>\n\t<meta property=\"og:image:width\" content=\"800\" \/>\n\t<meta property=\"og:image:height\" content=\"800\" \/>\n\t<meta property=\"og:image:type\" content=\"image\/jpeg\" \/>\n<meta name=\"twitter:card\" content=\"summary_large_image\" \/>\n<meta name=\"twitter:label1\" content=\"Estimated reading time\" \/>\n\t<meta name=\"twitter:data1\" content=\"4 minutes\" \/>\n<script type=\"application\/ld+json\" class=\"yoast-schema-graph\">{\"@context\":\"https:\/\/schema.org\",\"@graph\":[{\"@type\":\"WebPage\",\"@id\":\"https:\/\/curlsforyou.dk\/vare\/curl-keeper-beach-mist\/\",\"url\":\"https:\/\/curlsforyou.dk\/vare\/curl-keeper-beach-mist\/\",\"name\":\"Curl Keeper \u2013 Beach Mist-h\u00e5rspray | CurlsForYou\",\"isPartOf\":{\"@id\":\"https:\/\/curlsforyou.dk\/#website\"},\"primaryImageOfPage\":{\"@id\":\"https:\/\/curlsforyou.dk\/vare\/curl-keeper-beach-mist\/#primaryimage\"},\"image\":{\"@id\":\"https:\/\/curlsforyou.dk\/vare\/curl-keeper-beach-mist\/#primaryimage\"},\"thumbnailUrl\":\"https:\/\/curlsforyou.dk\/app\/uploads\/2021\/05\/CurlKeeper-Beach-Mist-800x800-1.jpg\",\"datePublished\":\"2021-05-04T07:28:42+00:00\",\"dateModified\":\"2026-01-26T15:31:13+00:00\",\"description\":\"\u201dBeachy\u201d udtryk til h\u00e5ret? Pr\u00f8v saltvandssprayen Beach Mist \u2013 A Blast of Ocean Air fra Curl Keeper hos CurlsForYou\",\"breadcrumb\":{\"@id\":\"https:\/\/curlsforyou.dk\/vare\/curl-keeper-beach-mist\/#breadcrumb\"},\"inLanguage\":\"en-GB\",\"potentialAction\":[{\"@type\":\"ReadAction\",\"target\":[\"https:\/\/curlsforyou.dk\/vare\/curl-keeper-beach-mist\/\"]}]},{\"@type\":\"ImageObject\",\"inLanguage\":\"en-GB\",\"@id\":\"https:\/\/curlsforyou.dk\/vare\/curl-keeper-beach-mist\/#primaryimage\",\"url\":\"https:\/\/curlsforyou.dk\/app\/uploads\/2021\/05\/CurlKeeper-Beach-Mist-800x800-1.jpg\",\"contentUrl\":\"https:\/\/curlsforyou.dk\/app\/uploads\/2021\/05\/CurlKeeper-Beach-Mist-800x800-1.jpg\",\"width\":800,\"height\":800},{\"@type\":\"BreadcrumbList\",\"@id\":\"https:\/\/curlsforyou.dk\/vare\/curl-keeper-beach-mist\/#breadcrumb\",\"itemListElement\":[{\"@type\":\"ListItem\",\"position\":1,\"name\":\"Hjem\",\"item\":\"https:\/\/curlsforyou.dk\/\"},{\"@type\":\"ListItem\",\"position\":2,\"name\":\"Shop\",\"item\":\"https:\/\/curlsforyou.dk\/shop\/\"},{\"@type\":\"ListItem\",\"position\":3,\"name\":\"Curl Keeper &#8211; Beach Mist \u2013 A Blast of Ocean Air\"}]},{\"@type\":\"WebSite\",\"@id\":\"https:\/\/curlsforyou.dk\/#website\",\"url\":\"https:\/\/curlsforyou.dk\/\",\"name\":\"\",\"description\":\"\",\"publisher\":{\"@id\":\"https:\/\/curlsforyou.dk\/#organization\"},\"potentialAction\":[{\"@type\":\"SearchAction\",\"target\":{\"@type\":\"EntryPoint\",\"urlTemplate\":\"https:\/\/curlsforyou.dk\/?s={search_term_string}\"},\"query-input\":{\"@type\":\"PropertyValueSpecification\",\"valueRequired\":true,\"valueName\":\"search_term_string\"}}],\"inLanguage\":\"en-GB\"},{\"@type\":\"Organization\",\"@id\":\"https:\/\/curlsforyou.dk\/#organization\",\"name\":\"CurlsForYou\",\"url\":\"https:\/\/curlsforyou.dk\/\",\"logo\":{\"@type\":\"ImageObject\",\"inLanguage\":\"en-GB\",\"@id\":\"https:\/\/curlsforyou.dk\/#\/schema\/logo\/image\/\",\"url\":\"\",\"contentUrl\":\"\",\"caption\":\"CurlsForYou\"},\"image\":{\"@id\":\"https:\/\/curlsforyou.dk\/#\/schema\/logo\/image\/\"},\"sameAs\":[\"https:\/\/www.facebook.com\/curlsforyou\",\"https:\/\/www.instagram.com\/curlsforyou.dk\/\"]}]}<\/script>\n<!-- \/ Yoast SEO plugin. -->","yoast_head_json":{"title":"Curl Keeper \u2013 Beach Mist-h\u00e5rspray | CurlsForYou","description":"\u201dBeachy\u201d udtryk til h\u00e5ret? Pr\u00f8v saltvandssprayen Beach Mist \u2013 A Blast of Ocean Air fra Curl Keeper hos CurlsForYou","robots":{"index":"index","follow":"follow","max-snippet":"max-snippet:-1","max-image-preview":"max-image-preview:large","max-video-preview":"max-video-preview:-1"},"canonical":"https:\/\/curlsforyou.dk\/en\/product\/curl-keeper-beach-mist\/","og_locale":"en_GB","og_type":"article","og_title":"Curl Keeper \u2013 Beach Mist-h\u00e5rspray | CurlsForYou","og_description":"\u201dBeachy\u201d udtryk til h\u00e5ret? Pr\u00f8v saltvandssprayen Beach Mist \u2013 A Blast of Ocean Air fra Curl Keeper hos CurlsForYou","og_url":"https:\/\/curlsforyou.dk\/en\/product\/curl-keeper-beach-mist\/","article_publisher":"https:\/\/www.facebook.com\/curlsforyou","article_modified_time":"2026-01-26T15:31:13+00:00","og_image":[{"width":800,"height":800,"url":"https:\/\/curlsforyou.dk\/app\/uploads\/2021\/05\/CurlKeeper-Beach-Mist-800x800-1.jpg","type":"image\/jpeg"}],"twitter_card":"summary_large_image","twitter_misc":{"Estimated reading time":"4 minutes"},"schema":{"@context":"https:\/\/schema.org","@graph":[{"@type":"WebPage","@id":"https:\/\/curlsforyou.dk\/vare\/curl-keeper-beach-mist\/","url":"https:\/\/curlsforyou.dk\/vare\/curl-keeper-beach-mist\/","name":"Curl Keeper \u2013 Beach Mist-h\u00e5rspray | CurlsForYou","isPartOf":{"@id":"https:\/\/curlsforyou.dk\/#website"},"primaryImageOfPage":{"@id":"https:\/\/curlsforyou.dk\/vare\/curl-keeper-beach-mist\/#primaryimage"},"image":{"@id":"https:\/\/curlsforyou.dk\/vare\/curl-keeper-beach-mist\/#primaryimage"},"thumbnailUrl":"https:\/\/curlsforyou.dk\/app\/uploads\/2021\/05\/CurlKeeper-Beach-Mist-800x800-1.jpg","datePublished":"2021-05-04T07:28:42+00:00","dateModified":"2026-01-26T15:31:13+00:00","description":"\u201dBeachy\u201d udtryk til h\u00e5ret? Pr\u00f8v saltvandssprayen Beach Mist \u2013 A Blast of Ocean Air fra Curl Keeper hos CurlsForYou","breadcrumb":{"@id":"https:\/\/curlsforyou.dk\/vare\/curl-keeper-beach-mist\/#breadcrumb"},"inLanguage":"en-GB","potentialAction":[{"@type":"ReadAction","target":["https:\/\/curlsforyou.dk\/vare\/curl-keeper-beach-mist\/"]}]},{"@type":"ImageObject","inLanguage":"en-GB","@id":"https:\/\/curlsforyou.dk\/vare\/curl-keeper-beach-mist\/#primaryimage","url":"https:\/\/curlsforyou.dk\/app\/uploads\/2021\/05\/CurlKeeper-Beach-Mist-800x800-1.jpg","contentUrl":"https:\/\/curlsforyou.dk\/app\/uploads\/2021\/05\/CurlKeeper-Beach-Mist-800x800-1.jpg","width":800,"height":800},{"@type":"BreadcrumbList","@id":"https:\/\/curlsforyou.dk\/vare\/curl-keeper-beach-mist\/#breadcrumb","itemListElement":[{"@type":"ListItem","position":1,"name":"Hjem","item":"https:\/\/curlsforyou.dk\/"},{"@type":"ListItem","position":2,"name":"Shop","item":"https:\/\/curlsforyou.dk\/shop\/"},{"@type":"ListItem","position":3,"name":"Curl Keeper &#8211; Beach Mist \u2013 A Blast of Ocean Air"}]},{"@type":"WebSite","@id":"https:\/\/curlsforyou.dk\/#website","url":"https:\/\/curlsforyou.dk\/","name":"","description":"","publisher":{"@id":"https:\/\/curlsforyou.dk\/#organization"},"potentialAction":[{"@type":"SearchAction","target":{"@type":"EntryPoint","urlTemplate":"https:\/\/curlsforyou.dk\/?s={search_term_string}"},"query-input":{"@type":"PropertyValueSpecification","valueRequired":true,"valueName":"search_term_string"}}],"inLanguage":"en-GB"},{"@type":"Organization","@id":"https:\/\/curlsforyou.dk\/#organization","name":"CurlsForYou","url":"https:\/\/curlsforyou.dk\/","logo":{"@type":"ImageObject","inLanguage":"en-GB","@id":"https:\/\/curlsforyou.dk\/#\/schema\/logo\/image\/","url":"","contentUrl":"","caption":"CurlsForYou"},"image":{"@id":"https:\/\/curlsforyou.dk\/#\/schema\/logo\/image\/"},"sameAs":["https:\/\/www.facebook.com\/curlsforyou","https:\/\/www.instagram.com\/curlsforyou.dk\/"]}]}},"brands":[{"id":290,"name":"Curl Keeper","slug":"curl-keeper"}],"_links":{"self":[{"href":"https:\/\/curlsforyou.dk\/en\/wp-json\/wp\/v2\/product\/37400","targetHints":{"allow":["GET"]}}],"collection":[{"href":"https:\/\/curlsforyou.dk\/en\/wp-json\/wp\/v2\/product"}],"about":[{"href":"https:\/\/curlsforyou.dk\/en\/wp-json\/wp\/v2\/types\/product"}],"replies":[{"embeddable":true,"href":"https:\/\/curlsforyou.dk\/en\/wp-json\/wp\/v2\/comments?post=37400"}],"version-history":[{"count":0,"href":"https:\/\/curlsforyou.dk\/en\/wp-json\/wp\/v2\/product\/37400\/revisions"}],"wp:featuredmedia":[{"embeddable":true,"href":"https:\/\/curlsforyou.dk\/en\/wp-json\/wp\/v2\/media\/37401"}],"wp:attachment":[{"href":"https:\/\/curlsforyou.dk\/en\/wp-json\/wp\/v2\/media?parent=37400"}],"wp:term":[{"taxonomy":"pwb-brand","embeddable":true,"href":"https:\/\/curlsforyou.dk\/en\/wp-json\/wp\/v2\/pwb-brand?post=37400"},{"taxonomy":"product_brand","embeddable":true,"href":"https:\/\/curlsforyou.dk\/en\/wp-json\/wp\/v2\/product_brand?post=37400"},{"taxonomy":"product_cat","embeddable":true,"href":"https:\/\/curlsforyou.dk\/en\/wp-json\/wp\/v2\/product_cat?post=37400"},{"taxonomy":"product_tag","embeddable":true,"href":"https:\/\/curlsforyou.dk\/en\/wp-json\/wp\/v2\/product_tag?post=37400"},{"taxonomy":"giftcard-category","embeddable":true,"href":"https:\/\/curlsforyou.dk\/en\/wp-json\/wp\/v2\/giftcard-category?post=37400"}],"curies":[{"name":"wp","href":"https:\/\/api.w.org\/{rel}","templated":true}]}}