{"id":34601,"date":"2021-03-18T20:15:53","date_gmt":"2021-03-18T19:15:53","guid":{"rendered":"https:\/\/curlsforyou.dk\/?post_type=product&#038;p=34601"},"modified":"2026-04-05T15:12:48","modified_gmt":"2026-04-05T13:12:48","slug":"ecostyle-gold-styling-gel","status":"publish","type":"product","link":"https:\/\/curlsforyou.dk\/en\/product\/ecostyle-gold-styling-gel\/","title":{"rendered":"Eco Style \u2013 Gold Styling Gel"},"content":{"rendered":"<p><strong>S\u00e5dan anvendes Eco Style Gold Styling Gel<\/strong><\/p>\n<p>Gellen kan bruges i b\u00e5de v\u00e5dt og t\u00f8rt h\u00e5r. Fordel produktet i h\u00e5ret.<\/p>","protected":false},"excerpt":{"rendered":"<p>Hvis du leder efter et produkt hvor alle de efterspurgte egenskaber fra de andre Eco Style gels er samlet, s\u00e5 er det Eco Style Gold Styling Gel du skal have fat i.<\/p>\n<ul>\n<li>Indeholder olivenolie, shea butter, black castor olie og flaxseed\/h\u00f8rfr\u00f8. Olivenolien giver n\u00e6ring til din hovedbund, shea butter dine h\u00e5rst\u00e5r, mens black castor olie og h\u00f8rf\u00f8r genopbygger og fremmer h\u00e5rv\u00e6ksten.<\/li>\n<li>Ligesom Eco Style andre styling gels, vil denne efterlade h\u00e5ret glansfuldt og med et st\u00e6rkt hold.<\/li>\n<li>St\u00f8rrelse: 473 ml.<\/li>\n<li>Indeholder: Fugt og protein<\/li>\n<\/ul>","protected":false},"featured_media":35185,"comment_status":"open","ping_status":"closed","template":"","meta":[],"pwb-brand":[118],"product_brand":[],"product_cat":[146],"product_tag":[92],"giftcard-category":[],"class_list":{"0":"post-34601","1":"product","2":"type-product","3":"status-publish","4":"has-post-thumbnail","6":"pwb-brand-ecostyle","7":"product_cat-gel","8":"product_tag-protein","10":"first","11":"instock","12":"taxable","13":"shipping-taxable","14":"purchasable","15":"product-type-simple"},"bundled_by":[],"bundle_stock_status":"instock","bundle_stock_quantity":22,"bundle_virtual":false,"bundle_layout":"","bundle_add_to_cart_form_location":"","bundle_editable_in_cart":false,"bundle_sold_individually_context":"","bundle_item_grouping":"","bundle_min_size":"","bundle_max_size":"","bundle_price":[],"bundled_items":[],"bundle_sell_ids":[],"supplier_id":null,"supplier_sku":"","barcode":null,"atum_controlled":true,"out_stock_date":null,"out_stock_threshold":null,"inheritable":false,"inbound_stock":0,"stock_on_hold":0,"sold_today":0,"sales_last_days":1,"reserved_stock":0,"customer_returns":0,"warehouse_damage":0,"lost_in_post":0,"other_logs":0,"out_stock_days":0,"lost_sales":0,"has_location":false,"update_date":"2026-04-18T11:03:57","atum_locations":[],"atum_stock_status":"instock","restock_status":false,"low_stock_amount":"","sales_update_date":"2026-04-18T11:03:56","calc_backorders":null,"yoast_head":"<!-- This site is optimized with the Yoast SEO plugin v25.6 - https:\/\/yoast.com\/wordpress\/plugins\/seo\/ -->\n<title>Eco Style \u2013 Gold Styling Gel -<\/title>\n<meta name=\"description\" content=\"Eco Style Gold Styling Gel samler alle de efterspurgte egenskaber fra deres mest popul\u00e6re gels i et produkt.\" \/>\n<meta name=\"robots\" content=\"index, follow, max-snippet:-1, max-image-preview:large, max-video-preview:-1\" \/>\n<link rel=\"canonical\" href=\"https:\/\/curlsforyou.dk\/en\/product\/ecostyle-gold-styling-gel\/\" \/>\n<meta property=\"og:locale\" content=\"en_GB\" \/>\n<meta property=\"og:type\" content=\"article\" \/>\n<meta property=\"og:title\" content=\"Eco Style \u2013 Gold Styling Gel -\" \/>\n<meta property=\"og:description\" content=\"Eco Style Gold Styling Gel samler alle de efterspurgte egenskaber fra deres mest popul\u00e6re gels i et produkt.\" \/>\n<meta property=\"og:url\" content=\"https:\/\/curlsforyou.dk\/en\/product\/ecostyle-gold-styling-gel\/\" \/>\n<meta property=\"article:publisher\" content=\"https:\/\/www.facebook.com\/curlsforyou\" \/>\n<meta property=\"article:modified_time\" content=\"2026-04-05T13:12:48+00:00\" \/>\n<meta property=\"og:image\" content=\"https:\/\/curlsforyou.dk\/app\/uploads\/2021\/03\/EcoStyler-Gold-500x500-1.jpg\" \/>\n\t<meta property=\"og:image:width\" content=\"500\" \/>\n\t<meta property=\"og:image:height\" content=\"500\" \/>\n\t<meta property=\"og:image:type\" content=\"image\/jpeg\" \/>\n<meta name=\"twitter:card\" content=\"summary_large_image\" \/>\n<meta name=\"twitter:label1\" content=\"Estimated reading time\" \/>\n\t<meta name=\"twitter:data1\" content=\"1 minute\" \/>\n<script type=\"application\/ld+json\" class=\"yoast-schema-graph\">{\"@context\":\"https:\/\/schema.org\",\"@graph\":[{\"@type\":\"WebPage\",\"@id\":\"https:\/\/curlsforyou.dk\/vare\/ecostyle-gold-styling-gel\/\",\"url\":\"https:\/\/curlsforyou.dk\/vare\/ecostyle-gold-styling-gel\/\",\"name\":\"Eco Style \u2013 Gold Styling Gel -\",\"isPartOf\":{\"@id\":\"https:\/\/curlsforyou.dk\/#website\"},\"primaryImageOfPage\":{\"@id\":\"https:\/\/curlsforyou.dk\/vare\/ecostyle-gold-styling-gel\/#primaryimage\"},\"image\":{\"@id\":\"https:\/\/curlsforyou.dk\/vare\/ecostyle-gold-styling-gel\/#primaryimage\"},\"thumbnailUrl\":\"https:\/\/curlsforyou.dk\/app\/uploads\/2021\/03\/EcoStyler-Gold-500x500-1.jpg\",\"datePublished\":\"2021-03-18T19:15:53+00:00\",\"dateModified\":\"2026-04-05T13:12:48+00:00\",\"description\":\"Eco Style Gold Styling Gel samler alle de efterspurgte egenskaber fra deres mest popul\u00e6re gels i et produkt.\",\"breadcrumb\":{\"@id\":\"https:\/\/curlsforyou.dk\/vare\/ecostyle-gold-styling-gel\/#breadcrumb\"},\"inLanguage\":\"en-GB\",\"potentialAction\":[{\"@type\":\"ReadAction\",\"target\":[\"https:\/\/curlsforyou.dk\/vare\/ecostyle-gold-styling-gel\/\"]}]},{\"@type\":\"ImageObject\",\"inLanguage\":\"en-GB\",\"@id\":\"https:\/\/curlsforyou.dk\/vare\/ecostyle-gold-styling-gel\/#primaryimage\",\"url\":\"https:\/\/curlsforyou.dk\/app\/uploads\/2021\/03\/EcoStyler-Gold-500x500-1.jpg\",\"contentUrl\":\"https:\/\/curlsforyou.dk\/app\/uploads\/2021\/03\/EcoStyler-Gold-500x500-1.jpg\",\"width\":500,\"height\":500,\"caption\":\"EcoStyler Gold styling gel til alle h\u00e5rtyper\"},{\"@type\":\"BreadcrumbList\",\"@id\":\"https:\/\/curlsforyou.dk\/vare\/ecostyle-gold-styling-gel\/#breadcrumb\",\"itemListElement\":[{\"@type\":\"ListItem\",\"position\":1,\"name\":\"Hjem\",\"item\":\"https:\/\/curlsforyou.dk\/\"},{\"@type\":\"ListItem\",\"position\":2,\"name\":\"Shop\",\"item\":\"https:\/\/curlsforyou.dk\/shop\/\"},{\"@type\":\"ListItem\",\"position\":3,\"name\":\"Eco Style \u2013 Gold Styling Gel\"}]},{\"@type\":\"WebSite\",\"@id\":\"https:\/\/curlsforyou.dk\/#website\",\"url\":\"https:\/\/curlsforyou.dk\/\",\"name\":\"\",\"description\":\"\",\"publisher\":{\"@id\":\"https:\/\/curlsforyou.dk\/#organization\"},\"potentialAction\":[{\"@type\":\"SearchAction\",\"target\":{\"@type\":\"EntryPoint\",\"urlTemplate\":\"https:\/\/curlsforyou.dk\/?s={search_term_string}\"},\"query-input\":{\"@type\":\"PropertyValueSpecification\",\"valueRequired\":true,\"valueName\":\"search_term_string\"}}],\"inLanguage\":\"en-GB\"},{\"@type\":\"Organization\",\"@id\":\"https:\/\/curlsforyou.dk\/#organization\",\"name\":\"CurlsForYou\",\"url\":\"https:\/\/curlsforyou.dk\/\",\"logo\":{\"@type\":\"ImageObject\",\"inLanguage\":\"en-GB\",\"@id\":\"https:\/\/curlsforyou.dk\/#\/schema\/logo\/image\/\",\"url\":\"\",\"contentUrl\":\"\",\"caption\":\"CurlsForYou\"},\"image\":{\"@id\":\"https:\/\/curlsforyou.dk\/#\/schema\/logo\/image\/\"},\"sameAs\":[\"https:\/\/www.facebook.com\/curlsforyou\",\"https:\/\/www.instagram.com\/curlsforyou.dk\/\"]}]}<\/script>\n<!-- \/ Yoast SEO plugin. -->","yoast_head_json":{"title":"Eco Style \u2013 Gold Styling Gel -","description":"Eco Style Gold Styling Gel samler alle de efterspurgte egenskaber fra deres mest popul\u00e6re gels i et produkt.","robots":{"index":"index","follow":"follow","max-snippet":"max-snippet:-1","max-image-preview":"max-image-preview:large","max-video-preview":"max-video-preview:-1"},"canonical":"https:\/\/curlsforyou.dk\/en\/product\/ecostyle-gold-styling-gel\/","og_locale":"en_GB","og_type":"article","og_title":"Eco Style \u2013 Gold Styling Gel -","og_description":"Eco Style Gold Styling Gel samler alle de efterspurgte egenskaber fra deres mest popul\u00e6re gels i et produkt.","og_url":"https:\/\/curlsforyou.dk\/en\/product\/ecostyle-gold-styling-gel\/","article_publisher":"https:\/\/www.facebook.com\/curlsforyou","article_modified_time":"2026-04-05T13:12:48+00:00","og_image":[{"width":500,"height":500,"url":"https:\/\/curlsforyou.dk\/app\/uploads\/2021\/03\/EcoStyler-Gold-500x500-1.jpg","type":"image\/jpeg"}],"twitter_card":"summary_large_image","twitter_misc":{"Estimated reading time":"1 minute"},"schema":{"@context":"https:\/\/schema.org","@graph":[{"@type":"WebPage","@id":"https:\/\/curlsforyou.dk\/vare\/ecostyle-gold-styling-gel\/","url":"https:\/\/curlsforyou.dk\/vare\/ecostyle-gold-styling-gel\/","name":"Eco Style \u2013 Gold Styling Gel -","isPartOf":{"@id":"https:\/\/curlsforyou.dk\/#website"},"primaryImageOfPage":{"@id":"https:\/\/curlsforyou.dk\/vare\/ecostyle-gold-styling-gel\/#primaryimage"},"image":{"@id":"https:\/\/curlsforyou.dk\/vare\/ecostyle-gold-styling-gel\/#primaryimage"},"thumbnailUrl":"https:\/\/curlsforyou.dk\/app\/uploads\/2021\/03\/EcoStyler-Gold-500x500-1.jpg","datePublished":"2021-03-18T19:15:53+00:00","dateModified":"2026-04-05T13:12:48+00:00","description":"Eco Style Gold Styling Gel samler alle de efterspurgte egenskaber fra deres mest popul\u00e6re gels i et produkt.","breadcrumb":{"@id":"https:\/\/curlsforyou.dk\/vare\/ecostyle-gold-styling-gel\/#breadcrumb"},"inLanguage":"en-GB","potentialAction":[{"@type":"ReadAction","target":["https:\/\/curlsforyou.dk\/vare\/ecostyle-gold-styling-gel\/"]}]},{"@type":"ImageObject","inLanguage":"en-GB","@id":"https:\/\/curlsforyou.dk\/vare\/ecostyle-gold-styling-gel\/#primaryimage","url":"https:\/\/curlsforyou.dk\/app\/uploads\/2021\/03\/EcoStyler-Gold-500x500-1.jpg","contentUrl":"https:\/\/curlsforyou.dk\/app\/uploads\/2021\/03\/EcoStyler-Gold-500x500-1.jpg","width":500,"height":500,"caption":"EcoStyler Gold styling gel til alle h\u00e5rtyper"},{"@type":"BreadcrumbList","@id":"https:\/\/curlsforyou.dk\/vare\/ecostyle-gold-styling-gel\/#breadcrumb","itemListElement":[{"@type":"ListItem","position":1,"name":"Hjem","item":"https:\/\/curlsforyou.dk\/"},{"@type":"ListItem","position":2,"name":"Shop","item":"https:\/\/curlsforyou.dk\/shop\/"},{"@type":"ListItem","position":3,"name":"Eco Style \u2013 Gold Styling Gel"}]},{"@type":"WebSite","@id":"https:\/\/curlsforyou.dk\/#website","url":"https:\/\/curlsforyou.dk\/","name":"","description":"","publisher":{"@id":"https:\/\/curlsforyou.dk\/#organization"},"potentialAction":[{"@type":"SearchAction","target":{"@type":"EntryPoint","urlTemplate":"https:\/\/curlsforyou.dk\/?s={search_term_string}"},"query-input":{"@type":"PropertyValueSpecification","valueRequired":true,"valueName":"search_term_string"}}],"inLanguage":"en-GB"},{"@type":"Organization","@id":"https:\/\/curlsforyou.dk\/#organization","name":"CurlsForYou","url":"https:\/\/curlsforyou.dk\/","logo":{"@type":"ImageObject","inLanguage":"en-GB","@id":"https:\/\/curlsforyou.dk\/#\/schema\/logo\/image\/","url":"","contentUrl":"","caption":"CurlsForYou"},"image":{"@id":"https:\/\/curlsforyou.dk\/#\/schema\/logo\/image\/"},"sameAs":["https:\/\/www.facebook.com\/curlsforyou","https:\/\/www.instagram.com\/curlsforyou.dk\/"]}]}},"brands":[{"id":118,"name":"Eco Style","slug":"ecostyle"}],"_links":{"self":[{"href":"https:\/\/curlsforyou.dk\/en\/wp-json\/wp\/v2\/product\/34601","targetHints":{"allow":["GET"]}}],"collection":[{"href":"https:\/\/curlsforyou.dk\/en\/wp-json\/wp\/v2\/product"}],"about":[{"href":"https:\/\/curlsforyou.dk\/en\/wp-json\/wp\/v2\/types\/product"}],"replies":[{"embeddable":true,"href":"https:\/\/curlsforyou.dk\/en\/wp-json\/wp\/v2\/comments?post=34601"}],"version-history":[{"count":0,"href":"https:\/\/curlsforyou.dk\/en\/wp-json\/wp\/v2\/product\/34601\/revisions"}],"wp:featuredmedia":[{"embeddable":true,"href":"https:\/\/curlsforyou.dk\/en\/wp-json\/wp\/v2\/media\/35185"}],"wp:attachment":[{"href":"https:\/\/curlsforyou.dk\/en\/wp-json\/wp\/v2\/media?parent=34601"}],"wp:term":[{"taxonomy":"pwb-brand","embeddable":true,"href":"https:\/\/curlsforyou.dk\/en\/wp-json\/wp\/v2\/pwb-brand?post=34601"},{"taxonomy":"product_brand","embeddable":true,"href":"https:\/\/curlsforyou.dk\/en\/wp-json\/wp\/v2\/product_brand?post=34601"},{"taxonomy":"product_cat","embeddable":true,"href":"https:\/\/curlsforyou.dk\/en\/wp-json\/wp\/v2\/product_cat?post=34601"},{"taxonomy":"product_tag","embeddable":true,"href":"https:\/\/curlsforyou.dk\/en\/wp-json\/wp\/v2\/product_tag?post=34601"},{"taxonomy":"giftcard-category","embeddable":true,"href":"https:\/\/curlsforyou.dk\/en\/wp-json\/wp\/v2\/giftcard-category?post=34601"}],"curies":[{"name":"wp","href":"https:\/\/api.w.org\/{rel}","templated":true}]}}