{"id":21908,"date":"2020-05-29T22:16:01","date_gmt":"2020-05-29T20:16:01","guid":{"rendered":"https:\/\/curlsforyou.dk\/?post_type=product&#038;p=21908"},"modified":"2026-01-26T16:30:47","modified_gmt":"2026-01-26T15:30:47","slug":"treluxe-curl-renew-restore-gentle-cleansing-rinse","status":"publish","type":"product","link":"https:\/\/curlsforyou.dk\/en\/product\/treluxe-curl-renew-restore-gentle-cleansing-rinse\/","title":{"rendered":"Tr\u00e9Luxe &#8211; Curl Renew &#038; Restore Gentle Cleansing Rinse"},"content":{"rendered":"<p>Tr\u00e9Luxe Curl Renew &amp; Restore Gentle Cleansing Rinse er en fantastisk low-poo-shampoo, der er fri for sulfater. I stedet f\u00e5r du alt det gavnlige fra den klassiske shampoo, men hvor der bliver passet ekstra godt p\u00e5 dig og milj\u00f8et.<\/p>\n<p><a href=\"https:\/\/curlsforyou.dk\/en\/brand\/treluxe\/\">Tr\u00e9Luxe<\/a> v\u00e6rner om de gode ingredienser, og derfor er du garanteret en low-poo, der p\u00e5 alle m\u00e5der arbejder med dine kr\u00f8ller. Du f\u00e5r masser af fugt, l\u00e6kre og velplejende ingredienser og h\u00f8j kvalitet, s\u00e5 h\u00e5rstr\u00e5ene styrkes, genopbygges og definerer dine smukke kr\u00f8ller.<\/p>\n<p>I Tr\u00e9Luxe Curl Renew &amp; Restore Gentle Cleansing Rinse finder du blandt andet aktive naturprodukter, der har fantastiske fordele og egenskaber s\u00e5som ekstra sk\u00e5nsom pleje, der hj\u00e6lper med at bibeholde teksturen i dine kr\u00f8ller. Samtidig kan du nyde godt af sk\u00f8nne og milde dufte, der giver dig en low-poo med en aromatisk oplevelse.<\/p>\n<p>Nogle af de naturlige ingredienser i Tr\u00e9Luxe Curl Renew &amp; Restore Gentle Cleansing Rinse er elmebarkekstrakt, Aloe vera og kokosm\u00e6lk, der blot er nogle af de mange ingredienser, der tilf\u00f8rer fugt og beskytter h\u00e5rstr\u00e5ene indefra. F\u00e6lles for alle ingredienser er, at de indeholder fugt og protein, som sikrer dig glansfuldt og smukt h\u00e5r, hvor dine kr\u00f8ller f\u00e5r et helt nyt liv.<\/p>\n<h2>S\u00e5dan anvendes Tr\u00e9Luxe Curl Renew &amp; Restore Gentle Cleansing Rinse<\/h2>\n<p>Med en low-poo i din h\u00e5rplejerutine er du godt p\u00e5 vej med vores <a href=\"https:\/\/curlsforyou.dk\/en\/curly-girl-metoden\/curly-girl-metoden\/\">Curly Girl Method<\/a>, der er din sikkerhed, hvis du dr\u00f8mmer om de smukkeste kr\u00f8ller. Heldigvis er Tr\u00e9Luxe Curl Renew &amp; Restore Gentle Cleansing Rinse nem at bruge, og du skal blot bruge den som en klassisk shampoo.<\/p>\n<p>G\u00f8r h\u00e5ret v\u00e5dt, og anvend din low-poo. Mass\u00e9r den sk\u00e5nsomt ind i h\u00e5ret, og kom godt ned i hovedbunden for den mest effektive rens. Gentag gerne brugen, hvis du ikke f\u00f8ler, at h\u00e5ret er helt rent efter f\u00f8rste runde.<\/p>\n<p>Du kan ogs\u00e5 v\u00e6lge at kombinere din low-poo med en co-wash, s\u00e5 du arbejder godt i dybden og renser for alt overskydende fedt, skidt og snavs. Brug gerne <a href=\"https:\/\/curlsforyou.dk\/en\/brand\/treluxe\/\">denne Tr\u00e9Luxe-conditioner<\/a> for det bedste og mest fantastiske resultat.<\/p>","protected":false},"excerpt":{"rendered":"<ul>\n<li>L\u00e6kker sulfatfri shampoo<\/li>\n<li>Tilf\u00f8rer fugt og renser forsigtigt hovedbunden<\/li>\n<li>Anvender milde og plantebaserede ingredienser<\/li>\n<li>Indeholder blandt andet elmebarkekstrakt, kokosm\u00e6lk og Aloe vera<\/li>\n<li>Gendanner h\u00e5rstr\u00e5ene og giver fugt til h\u00e5ret<\/li>\n<li>Indeholder: Fugt og Protein<\/li>\n<li>St\u00f8rrelse: 236 ml.<\/li>\n<\/ul>","protected":false},"featured_media":89513,"comment_status":"open","ping_status":"closed","template":"","meta":[],"pwb-brand":[199],"product_brand":[],"product_cat":[140],"product_tag":[92],"giftcard-category":[],"class_list":{"0":"post-21908","1":"product","2":"type-product","3":"status-publish","4":"has-post-thumbnail","6":"pwb-brand-treluxe","7":"product_cat-low-poo","8":"product_tag-protein","10":"first","11":"instock","12":"taxable","13":"shipping-taxable","14":"purchasable","15":"product-type-simple"},"bundled_by":[],"bundle_stock_status":"instock","bundle_stock_quantity":12,"bundle_virtual":false,"bundle_layout":"","bundle_add_to_cart_form_location":"","bundle_editable_in_cart":false,"bundle_sold_individually_context":"","bundle_item_grouping":"","bundle_min_size":"","bundle_max_size":"","bundle_price":[],"bundled_items":[],"bundle_sell_ids":[],"supplier_id":null,"supplier_sku":"","barcode":null,"atum_controlled":true,"out_stock_date":null,"out_stock_threshold":null,"inheritable":false,"inbound_stock":0,"stock_on_hold":0,"sold_today":0,"sales_last_days":0,"reserved_stock":0,"customer_returns":0,"warehouse_damage":0,"lost_in_post":0,"other_logs":0,"out_stock_days":0,"lost_sales":0,"has_location":false,"update_date":"2026-05-06T11:21:07","atum_locations":[],"atum_stock_status":"instock","restock_status":false,"low_stock_amount":"","sales_update_date":"2026-05-06T11:21:07","calc_backorders":null,"yoast_head":"<!-- This site is optimized with the Yoast SEO plugin v25.6 - https:\/\/yoast.com\/wordpress\/plugins\/seo\/ -->\n<title>Tr\u00e9Luxe | Curl Renew &amp; Restore Gentle Cleansing Rinse | CurlsForYou<\/title>\n<meta name=\"description\" content=\"Vil du have en sk\u00e5nsom low-poo? Tjek denne Curl Renew &amp; Restore Gentle Cleansing Rinse fra Tr\u00e9Luxe ud.\" \/>\n<meta name=\"robots\" content=\"index, follow, max-snippet:-1, max-image-preview:large, max-video-preview:-1\" \/>\n<link rel=\"canonical\" href=\"https:\/\/curlsforyou.dk\/en\/product\/treluxe-curl-renew-restore-gentle-cleansing-rinse\/\" \/>\n<meta property=\"og:locale\" content=\"en_GB\" \/>\n<meta property=\"og:type\" content=\"article\" \/>\n<meta property=\"og:title\" content=\"Tr\u00e9Luxe | Curl Renew &amp; Restore Gentle Cleansing Rinse | CurlsForYou\" \/>\n<meta property=\"og:description\" content=\"Vil du have en sk\u00e5nsom low-poo? Tjek denne Curl Renew &amp; Restore Gentle Cleansing Rinse fra Tr\u00e9Luxe ud.\" \/>\n<meta property=\"og:url\" content=\"https:\/\/curlsforyou.dk\/en\/product\/treluxe-curl-renew-restore-gentle-cleansing-rinse\/\" \/>\n<meta property=\"article:publisher\" content=\"https:\/\/www.facebook.com\/curlsforyou\" \/>\n<meta property=\"article:modified_time\" content=\"2026-01-26T15:30:47+00:00\" \/>\n<meta property=\"og:image\" content=\"https:\/\/curlsforyou.dk\/app\/uploads\/2020\/05\/Treluxe-Curl-Renew-Restore-Gentle-Cleansing-Rinse800x800.webp\" \/>\n\t<meta property=\"og:image:width\" content=\"800\" \/>\n\t<meta property=\"og:image:height\" content=\"800\" \/>\n\t<meta property=\"og:image:type\" content=\"image\/webp\" \/>\n<meta name=\"twitter:card\" content=\"summary_large_image\" \/>\n<meta name=\"twitter:label1\" content=\"Estimated reading time\" \/>\n\t<meta name=\"twitter:data1\" content=\"2 minutes\" \/>\n<script type=\"application\/ld+json\" class=\"yoast-schema-graph\">{\"@context\":\"https:\/\/schema.org\",\"@graph\":[{\"@type\":\"WebPage\",\"@id\":\"https:\/\/curlsforyou.dk\/vare\/treluxe-curl-renew-restore-gentle-cleansing-rinse\/\",\"url\":\"https:\/\/curlsforyou.dk\/vare\/treluxe-curl-renew-restore-gentle-cleansing-rinse\/\",\"name\":\"Tr\u00e9Luxe | Curl Renew & Restore Gentle Cleansing Rinse | CurlsForYou\",\"isPartOf\":{\"@id\":\"https:\/\/curlsforyou.dk\/#website\"},\"primaryImageOfPage\":{\"@id\":\"https:\/\/curlsforyou.dk\/vare\/treluxe-curl-renew-restore-gentle-cleansing-rinse\/#primaryimage\"},\"image\":{\"@id\":\"https:\/\/curlsforyou.dk\/vare\/treluxe-curl-renew-restore-gentle-cleansing-rinse\/#primaryimage\"},\"thumbnailUrl\":\"https:\/\/curlsforyou.dk\/app\/uploads\/2020\/05\/Treluxe-Curl-Renew-Restore-Gentle-Cleansing-Rinse800x800.webp\",\"datePublished\":\"2020-05-29T20:16:01+00:00\",\"dateModified\":\"2026-01-26T15:30:47+00:00\",\"description\":\"Vil du have en sk\u00e5nsom low-poo? Tjek denne Curl Renew & Restore Gentle Cleansing Rinse fra Tr\u00e9Luxe ud.\",\"breadcrumb\":{\"@id\":\"https:\/\/curlsforyou.dk\/vare\/treluxe-curl-renew-restore-gentle-cleansing-rinse\/#breadcrumb\"},\"inLanguage\":\"en-GB\",\"potentialAction\":[{\"@type\":\"ReadAction\",\"target\":[\"https:\/\/curlsforyou.dk\/vare\/treluxe-curl-renew-restore-gentle-cleansing-rinse\/\"]}]},{\"@type\":\"ImageObject\",\"inLanguage\":\"en-GB\",\"@id\":\"https:\/\/curlsforyou.dk\/vare\/treluxe-curl-renew-restore-gentle-cleansing-rinse\/#primaryimage\",\"url\":\"https:\/\/curlsforyou.dk\/app\/uploads\/2020\/05\/Treluxe-Curl-Renew-Restore-Gentle-Cleansing-Rinse800x800.webp\",\"contentUrl\":\"https:\/\/curlsforyou.dk\/app\/uploads\/2020\/05\/Treluxe-Curl-Renew-Restore-Gentle-Cleansing-Rinse800x800.webp\",\"width\":800,\"height\":800,\"caption\":\"TreLuxe Curl Renew and Restore er en low-poo alts\u00e5 sulfatfri shampoo til salg p\u00e5 www.curlsforyou.dk\"},{\"@type\":\"BreadcrumbList\",\"@id\":\"https:\/\/curlsforyou.dk\/vare\/treluxe-curl-renew-restore-gentle-cleansing-rinse\/#breadcrumb\",\"itemListElement\":[{\"@type\":\"ListItem\",\"position\":1,\"name\":\"Hjem\",\"item\":\"https:\/\/curlsforyou.dk\/\"},{\"@type\":\"ListItem\",\"position\":2,\"name\":\"Shop\",\"item\":\"https:\/\/curlsforyou.dk\/shop\/\"},{\"@type\":\"ListItem\",\"position\":3,\"name\":\"Tr\u00e9Luxe &#8211; Curl Renew &#038; Restore Gentle Cleansing Rinse\"}]},{\"@type\":\"WebSite\",\"@id\":\"https:\/\/curlsforyou.dk\/#website\",\"url\":\"https:\/\/curlsforyou.dk\/\",\"name\":\"\",\"description\":\"\",\"publisher\":{\"@id\":\"https:\/\/curlsforyou.dk\/#organization\"},\"potentialAction\":[{\"@type\":\"SearchAction\",\"target\":{\"@type\":\"EntryPoint\",\"urlTemplate\":\"https:\/\/curlsforyou.dk\/?s={search_term_string}\"},\"query-input\":{\"@type\":\"PropertyValueSpecification\",\"valueRequired\":true,\"valueName\":\"search_term_string\"}}],\"inLanguage\":\"en-GB\"},{\"@type\":\"Organization\",\"@id\":\"https:\/\/curlsforyou.dk\/#organization\",\"name\":\"CurlsForYou\",\"url\":\"https:\/\/curlsforyou.dk\/\",\"logo\":{\"@type\":\"ImageObject\",\"inLanguage\":\"en-GB\",\"@id\":\"https:\/\/curlsforyou.dk\/#\/schema\/logo\/image\/\",\"url\":\"\",\"contentUrl\":\"\",\"caption\":\"CurlsForYou\"},\"image\":{\"@id\":\"https:\/\/curlsforyou.dk\/#\/schema\/logo\/image\/\"},\"sameAs\":[\"https:\/\/www.facebook.com\/curlsforyou\",\"https:\/\/www.instagram.com\/curlsforyou.dk\/\"]}]}<\/script>\n<!-- \/ Yoast SEO plugin. -->","yoast_head_json":{"title":"Tr\u00e9Luxe | Curl Renew & Restore Gentle Cleansing Rinse | CurlsForYou","description":"Vil du have en sk\u00e5nsom low-poo? Tjek denne Curl Renew & Restore Gentle Cleansing Rinse fra Tr\u00e9Luxe ud.","robots":{"index":"index","follow":"follow","max-snippet":"max-snippet:-1","max-image-preview":"max-image-preview:large","max-video-preview":"max-video-preview:-1"},"canonical":"https:\/\/curlsforyou.dk\/en\/product\/treluxe-curl-renew-restore-gentle-cleansing-rinse\/","og_locale":"en_GB","og_type":"article","og_title":"Tr\u00e9Luxe | Curl Renew & Restore Gentle Cleansing Rinse | CurlsForYou","og_description":"Vil du have en sk\u00e5nsom low-poo? Tjek denne Curl Renew & Restore Gentle Cleansing Rinse fra Tr\u00e9Luxe ud.","og_url":"https:\/\/curlsforyou.dk\/en\/product\/treluxe-curl-renew-restore-gentle-cleansing-rinse\/","article_publisher":"https:\/\/www.facebook.com\/curlsforyou","article_modified_time":"2026-01-26T15:30:47+00:00","og_image":[{"width":800,"height":800,"url":"https:\/\/curlsforyou.dk\/app\/uploads\/2020\/05\/Treluxe-Curl-Renew-Restore-Gentle-Cleansing-Rinse800x800.webp","type":"image\/webp"}],"twitter_card":"summary_large_image","twitter_misc":{"Estimated reading time":"2 minutes"},"schema":{"@context":"https:\/\/schema.org","@graph":[{"@type":"WebPage","@id":"https:\/\/curlsforyou.dk\/vare\/treluxe-curl-renew-restore-gentle-cleansing-rinse\/","url":"https:\/\/curlsforyou.dk\/vare\/treluxe-curl-renew-restore-gentle-cleansing-rinse\/","name":"Tr\u00e9Luxe | Curl Renew & Restore Gentle Cleansing Rinse | CurlsForYou","isPartOf":{"@id":"https:\/\/curlsforyou.dk\/#website"},"primaryImageOfPage":{"@id":"https:\/\/curlsforyou.dk\/vare\/treluxe-curl-renew-restore-gentle-cleansing-rinse\/#primaryimage"},"image":{"@id":"https:\/\/curlsforyou.dk\/vare\/treluxe-curl-renew-restore-gentle-cleansing-rinse\/#primaryimage"},"thumbnailUrl":"https:\/\/curlsforyou.dk\/app\/uploads\/2020\/05\/Treluxe-Curl-Renew-Restore-Gentle-Cleansing-Rinse800x800.webp","datePublished":"2020-05-29T20:16:01+00:00","dateModified":"2026-01-26T15:30:47+00:00","description":"Vil du have en sk\u00e5nsom low-poo? Tjek denne Curl Renew & Restore Gentle Cleansing Rinse fra Tr\u00e9Luxe ud.","breadcrumb":{"@id":"https:\/\/curlsforyou.dk\/vare\/treluxe-curl-renew-restore-gentle-cleansing-rinse\/#breadcrumb"},"inLanguage":"en-GB","potentialAction":[{"@type":"ReadAction","target":["https:\/\/curlsforyou.dk\/vare\/treluxe-curl-renew-restore-gentle-cleansing-rinse\/"]}]},{"@type":"ImageObject","inLanguage":"en-GB","@id":"https:\/\/curlsforyou.dk\/vare\/treluxe-curl-renew-restore-gentle-cleansing-rinse\/#primaryimage","url":"https:\/\/curlsforyou.dk\/app\/uploads\/2020\/05\/Treluxe-Curl-Renew-Restore-Gentle-Cleansing-Rinse800x800.webp","contentUrl":"https:\/\/curlsforyou.dk\/app\/uploads\/2020\/05\/Treluxe-Curl-Renew-Restore-Gentle-Cleansing-Rinse800x800.webp","width":800,"height":800,"caption":"TreLuxe Curl Renew and Restore er en low-poo alts\u00e5 sulfatfri shampoo til salg p\u00e5 www.curlsforyou.dk"},{"@type":"BreadcrumbList","@id":"https:\/\/curlsforyou.dk\/vare\/treluxe-curl-renew-restore-gentle-cleansing-rinse\/#breadcrumb","itemListElement":[{"@type":"ListItem","position":1,"name":"Hjem","item":"https:\/\/curlsforyou.dk\/"},{"@type":"ListItem","position":2,"name":"Shop","item":"https:\/\/curlsforyou.dk\/shop\/"},{"@type":"ListItem","position":3,"name":"Tr\u00e9Luxe &#8211; Curl Renew &#038; Restore Gentle Cleansing Rinse"}]},{"@type":"WebSite","@id":"https:\/\/curlsforyou.dk\/#website","url":"https:\/\/curlsforyou.dk\/","name":"","description":"","publisher":{"@id":"https:\/\/curlsforyou.dk\/#organization"},"potentialAction":[{"@type":"SearchAction","target":{"@type":"EntryPoint","urlTemplate":"https:\/\/curlsforyou.dk\/?s={search_term_string}"},"query-input":{"@type":"PropertyValueSpecification","valueRequired":true,"valueName":"search_term_string"}}],"inLanguage":"en-GB"},{"@type":"Organization","@id":"https:\/\/curlsforyou.dk\/#organization","name":"CurlsForYou","url":"https:\/\/curlsforyou.dk\/","logo":{"@type":"ImageObject","inLanguage":"en-GB","@id":"https:\/\/curlsforyou.dk\/#\/schema\/logo\/image\/","url":"","contentUrl":"","caption":"CurlsForYou"},"image":{"@id":"https:\/\/curlsforyou.dk\/#\/schema\/logo\/image\/"},"sameAs":["https:\/\/www.facebook.com\/curlsforyou","https:\/\/www.instagram.com\/curlsforyou.dk\/"]}]}},"brands":[{"id":199,"name":"Tr\u00e9Luxe","slug":"treluxe"}],"_links":{"self":[{"href":"https:\/\/curlsforyou.dk\/en\/wp-json\/wp\/v2\/product\/21908","targetHints":{"allow":["GET"]}}],"collection":[{"href":"https:\/\/curlsforyou.dk\/en\/wp-json\/wp\/v2\/product"}],"about":[{"href":"https:\/\/curlsforyou.dk\/en\/wp-json\/wp\/v2\/types\/product"}],"replies":[{"embeddable":true,"href":"https:\/\/curlsforyou.dk\/en\/wp-json\/wp\/v2\/comments?post=21908"}],"version-history":[{"count":0,"href":"https:\/\/curlsforyou.dk\/en\/wp-json\/wp\/v2\/product\/21908\/revisions"}],"wp:featuredmedia":[{"embeddable":true,"href":"https:\/\/curlsforyou.dk\/en\/wp-json\/wp\/v2\/media\/89513"}],"wp:attachment":[{"href":"https:\/\/curlsforyou.dk\/en\/wp-json\/wp\/v2\/media?parent=21908"}],"wp:term":[{"taxonomy":"pwb-brand","embeddable":true,"href":"https:\/\/curlsforyou.dk\/en\/wp-json\/wp\/v2\/pwb-brand?post=21908"},{"taxonomy":"product_brand","embeddable":true,"href":"https:\/\/curlsforyou.dk\/en\/wp-json\/wp\/v2\/product_brand?post=21908"},{"taxonomy":"product_cat","embeddable":true,"href":"https:\/\/curlsforyou.dk\/en\/wp-json\/wp\/v2\/product_cat?post=21908"},{"taxonomy":"product_tag","embeddable":true,"href":"https:\/\/curlsforyou.dk\/en\/wp-json\/wp\/v2\/product_tag?post=21908"},{"taxonomy":"giftcard-category","embeddable":true,"href":"https:\/\/curlsforyou.dk\/en\/wp-json\/wp\/v2\/giftcard-category?post=21908"}],"curies":[{"name":"wp","href":"https:\/\/api.w.org\/{rel}","templated":true}]}}