{"id":1335,"date":"2019-09-08T22:51:12","date_gmt":"2019-09-08T20:51:12","guid":{"rendered":"https:\/\/curlsforyou.dk\/?post_type=product&#038;p=1335"},"modified":"2026-04-18T20:35:09","modified_gmt":"2026-04-18T18:35:09","slug":"ecostyle-styling-gel-argan-oil","status":"publish","type":"product","link":"https:\/\/curlsforyou.dk\/en\/product\/ecostyle-styling-gel-argan-oil\/","title":{"rendered":"Eco Style &#8211; Styling Gel Argan Oil"},"content":{"rendered":"<p>Eco Styler stylinggel med arganolie er til dig, der \u00f8nsker at give dit h\u00e5r et ordentligt boost af vitaminer og mineraler. Arganolie er et vidundermiddel til h\u00e5ret, da det er fyldt med E-vitaminer, som er med til at \u00f8ge produktionen af celler; alts\u00e5 er det med til at opbygge en sund v\u00e6kst i dit h\u00e5r. Derudover giver det en masse glans til h\u00e5ret, men undg\u00e5r at fedte dit h\u00e5r. Antioxidanter er ogs\u00e5 noget, som arganolien er kendt for, og de bek\u00e6mper ophobede og skadelige stoffer i h\u00e5ret, som ellers er umulige at udskille. Is\u00e6r er arganolien god til mindske kruset h\u00e5r. Derfor er Eco Styler Styling Gel Argan Oil is\u00e6r nyttig, hvis du vil give dit h\u00e5r den bedste og mest rensende kur. Udover at denne gel er en fantastisk h\u00e5rkur, er det samtidig en gel, der er helt f\u00e6nomenal til at style dit h\u00e5r og sikre, at dine kr\u00f8ller holdes definerede og smukke hele dagen.<\/p>\n<p>Produktet indeholder b\u00e5de proteiner og fugt, og hvis du er i tvivl om, hvorvidt dit h\u00e5r mangler det ene eller det andet, eller en kombination af begge, s\u00e5 har vi lavet en s\u00e5kaldt <a href=\"https:\/\/curlsforyou.dk\/en\/curly-girl-metoden\/hvad-mangler-mit-haar\/\">str\u00e6ktest<\/a> til dig. S\u00e5 kan du give dit h\u00e5r den optimale behandling. Du vil med det samme kunne m\u00e6rke en forandring i dit h\u00e5r efter at have brugt denne stylinggel, da den kan redde selv det mest slidte og tr\u00e6tte h\u00e5r p\u00e5 grund af de helt fantastiske egenskaber, som arganolie har.<\/p>\n<h3>Klar til sommer med Styling Gel Argan Oil fra Eco Style<\/h3>\n<p>Med denne stylinggel vil dit h\u00e5r v\u00e6re helt klar til en varm og solrig sommer, da gelen er UV-beskyttende, som igen er en af arganoliens helt fantastiske egenskaber. Du kan vide dig sikker p\u00e5, at dit h\u00e5r ikke udt\u00f8rrer eller tager skade af den varme sol med dette produkt fra Eco Style. For at f\u00e5 det bedst mulige resultat anbefaler vi at f\u00f8lge vores <a href=\"https:\/\/curlsforyou.dk\/en\/curly-girl-metoden\/curly-girl-metoden\/\">Curly Girl Method<\/a>.<\/p>\n<p>Som alle Eco Styles produkter er denne stylinggel b\u00e6redygtigt fremstillet. Produktionen har st\u00e6rkt fokus p\u00e5 at neds\u00e6tte CO2-forbruget, og selve deres produktionsanl\u00e6g er milj\u00f8venligt. S\u00e5 du kan v\u00e6re sikker p\u00e5, at du g\u00f8r noget godt for milj\u00f8et ved at v\u00e6lge produkter hos os.<\/p>","protected":false},"excerpt":{"rendered":"<ul>\n<li>UV-beskyttende gel<\/li>\n<li>Definerede kr\u00f8ller, der har en lang holdbarhed<\/li>\n<li>L\u00e6kre ingredienser<\/li>\n<li>Fremstillet gr\u00f8nt og b\u00e6redygtigt<\/li>\n<li>Mindsker kruset h\u00e5r<\/li>\n<li>Indeholder protein og fugt.<\/li>\n<li><span style=\"font-size: 14.4px;\">St\u00f8rrelse 473 ml.<\/span><\/li>\n<\/ul>","protected":false},"featured_media":100104,"comment_status":"open","ping_status":"closed","template":"","meta":[],"pwb-brand":[118],"product_brand":[],"product_cat":[146],"product_tag":[92],"giftcard-category":[],"class_list":{"0":"post-1335","1":"product","2":"type-product","3":"status-publish","4":"has-post-thumbnail","6":"pwb-brand-ecostyle","7":"product_cat-gel","8":"product_tag-protein","10":"first","11":"instock","12":"taxable","13":"shipping-taxable","14":"purchasable","15":"product-type-simple"},"bundled_by":[],"bundle_stock_status":"instock","bundle_stock_quantity":15,"bundle_virtual":false,"bundle_layout":"","bundle_add_to_cart_form_location":"","bundle_editable_in_cart":false,"bundle_sold_individually_context":"","bundle_item_grouping":"","bundle_min_size":"","bundle_max_size":"","bundle_price":[],"bundled_items":[],"bundle_sell_ids":[],"supplier_id":null,"supplier_sku":"","barcode":null,"atum_controlled":true,"out_stock_date":null,"out_stock_threshold":null,"inheritable":false,"inbound_stock":0,"stock_on_hold":0,"sold_today":0,"sales_last_days":1,"reserved_stock":0,"customer_returns":0,"warehouse_damage":0,"lost_in_post":0,"other_logs":0,"out_stock_days":0,"lost_sales":0,"has_location":false,"update_date":"2026-04-24T11:08:39","atum_locations":[],"atum_stock_status":"instock","restock_status":false,"low_stock_amount":5,"sales_update_date":"2026-04-24T11:08:39","calc_backorders":null,"yoast_head":"<!-- This site is optimized with the Yoast SEO plugin v25.6 - https:\/\/yoast.com\/wordpress\/plugins\/seo\/ -->\n<title>Eco Style | Styling Gel Argan Oil | CurlsForYou.dk<\/title>\n<meta name=\"description\" content=\"Tr\u00e6nger dit h\u00e5r til en mirakelkur og kr\u00f8ller, der holder dagen lang? S\u00e5 er Eco Stylers stylinggel med arganolie perfekt til dig.\" \/>\n<meta name=\"robots\" content=\"index, follow, max-snippet:-1, max-image-preview:large, max-video-preview:-1\" \/>\n<link rel=\"canonical\" href=\"https:\/\/curlsforyou.dk\/en\/product\/ecostyle-styling-gel-argan-oil\/\" \/>\n<meta property=\"og:locale\" content=\"en_GB\" \/>\n<meta property=\"og:type\" content=\"article\" \/>\n<meta property=\"og:title\" content=\"Eco Style | Styling Gel Argan Oil | CurlsForYou.dk\" \/>\n<meta property=\"og:description\" content=\"Tr\u00e6nger dit h\u00e5r til en mirakelkur og kr\u00f8ller, der holder dagen lang? S\u00e5 er Eco Stylers stylinggel med arganolie perfekt til dig.\" \/>\n<meta property=\"og:url\" content=\"https:\/\/curlsforyou.dk\/en\/product\/ecostyle-styling-gel-argan-oil\/\" \/>\n<meta property=\"article:publisher\" content=\"https:\/\/www.facebook.com\/curlsforyou\" \/>\n<meta property=\"article:modified_time\" content=\"2026-04-18T18:35:09+00:00\" \/>\n<meta property=\"og:image\" content=\"https:\/\/curlsforyou.dk\/app\/uploads\/2019\/09\/Design-uden-navn-5.png\" \/>\n\t<meta property=\"og:image:width\" content=\"800\" \/>\n\t<meta property=\"og:image:height\" content=\"800\" \/>\n\t<meta property=\"og:image:type\" content=\"image\/png\" \/>\n<meta name=\"twitter:card\" content=\"summary_large_image\" \/>\n<meta name=\"twitter:label1\" content=\"Estimated reading time\" \/>\n\t<meta name=\"twitter:data1\" content=\"3 minutes\" \/>\n<script type=\"application\/ld+json\" class=\"yoast-schema-graph\">{\"@context\":\"https:\/\/schema.org\",\"@graph\":[{\"@type\":\"WebPage\",\"@id\":\"https:\/\/curlsforyou.dk\/vare\/ecostyle-styling-gel-argan-oil\/\",\"url\":\"https:\/\/curlsforyou.dk\/vare\/ecostyle-styling-gel-argan-oil\/\",\"name\":\"Eco Style | Styling Gel Argan Oil | CurlsForYou.dk\",\"isPartOf\":{\"@id\":\"https:\/\/curlsforyou.dk\/#website\"},\"primaryImageOfPage\":{\"@id\":\"https:\/\/curlsforyou.dk\/vare\/ecostyle-styling-gel-argan-oil\/#primaryimage\"},\"image\":{\"@id\":\"https:\/\/curlsforyou.dk\/vare\/ecostyle-styling-gel-argan-oil\/#primaryimage\"},\"thumbnailUrl\":\"https:\/\/curlsforyou.dk\/app\/uploads\/2019\/09\/Design-uden-navn-5.png\",\"datePublished\":\"2019-09-08T20:51:12+00:00\",\"dateModified\":\"2026-04-18T18:35:09+00:00\",\"description\":\"Tr\u00e6nger dit h\u00e5r til en mirakelkur og kr\u00f8ller, der holder dagen lang? S\u00e5 er Eco Stylers stylinggel med arganolie perfekt til dig.\",\"breadcrumb\":{\"@id\":\"https:\/\/curlsforyou.dk\/vare\/ecostyle-styling-gel-argan-oil\/#breadcrumb\"},\"inLanguage\":\"en-GB\",\"potentialAction\":[{\"@type\":\"ReadAction\",\"target\":[\"https:\/\/curlsforyou.dk\/vare\/ecostyle-styling-gel-argan-oil\/\"]}]},{\"@type\":\"ImageObject\",\"inLanguage\":\"en-GB\",\"@id\":\"https:\/\/curlsforyou.dk\/vare\/ecostyle-styling-gel-argan-oil\/#primaryimage\",\"url\":\"https:\/\/curlsforyou.dk\/app\/uploads\/2019\/09\/Design-uden-navn-5.png\",\"contentUrl\":\"https:\/\/curlsforyou.dk\/app\/uploads\/2019\/09\/Design-uden-navn-5.png\",\"width\":800,\"height\":800,\"caption\":\"Eco Style \u2013 Styling Gel Argan Oil\"},{\"@type\":\"BreadcrumbList\",\"@id\":\"https:\/\/curlsforyou.dk\/vare\/ecostyle-styling-gel-argan-oil\/#breadcrumb\",\"itemListElement\":[{\"@type\":\"ListItem\",\"position\":1,\"name\":\"Hjem\",\"item\":\"https:\/\/curlsforyou.dk\/\"},{\"@type\":\"ListItem\",\"position\":2,\"name\":\"Shop\",\"item\":\"https:\/\/curlsforyou.dk\/shop\/\"},{\"@type\":\"ListItem\",\"position\":3,\"name\":\"Eco Style &#8211; Styling Gel Argan Oil\"}]},{\"@type\":\"WebSite\",\"@id\":\"https:\/\/curlsforyou.dk\/#website\",\"url\":\"https:\/\/curlsforyou.dk\/\",\"name\":\"\",\"description\":\"\",\"publisher\":{\"@id\":\"https:\/\/curlsforyou.dk\/#organization\"},\"potentialAction\":[{\"@type\":\"SearchAction\",\"target\":{\"@type\":\"EntryPoint\",\"urlTemplate\":\"https:\/\/curlsforyou.dk\/?s={search_term_string}\"},\"query-input\":{\"@type\":\"PropertyValueSpecification\",\"valueRequired\":true,\"valueName\":\"search_term_string\"}}],\"inLanguage\":\"en-GB\"},{\"@type\":\"Organization\",\"@id\":\"https:\/\/curlsforyou.dk\/#organization\",\"name\":\"CurlsForYou\",\"url\":\"https:\/\/curlsforyou.dk\/\",\"logo\":{\"@type\":\"ImageObject\",\"inLanguage\":\"en-GB\",\"@id\":\"https:\/\/curlsforyou.dk\/#\/schema\/logo\/image\/\",\"url\":\"\",\"contentUrl\":\"\",\"caption\":\"CurlsForYou\"},\"image\":{\"@id\":\"https:\/\/curlsforyou.dk\/#\/schema\/logo\/image\/\"},\"sameAs\":[\"https:\/\/www.facebook.com\/curlsforyou\",\"https:\/\/www.instagram.com\/curlsforyou.dk\/\"]}]}<\/script>\n<!-- \/ Yoast SEO plugin. -->","yoast_head_json":{"title":"Eco Style | Styling Gel Argan Oil | CurlsForYou.dk","description":"Tr\u00e6nger dit h\u00e5r til en mirakelkur og kr\u00f8ller, der holder dagen lang? S\u00e5 er Eco Stylers stylinggel med arganolie perfekt til dig.","robots":{"index":"index","follow":"follow","max-snippet":"max-snippet:-1","max-image-preview":"max-image-preview:large","max-video-preview":"max-video-preview:-1"},"canonical":"https:\/\/curlsforyou.dk\/en\/product\/ecostyle-styling-gel-argan-oil\/","og_locale":"en_GB","og_type":"article","og_title":"Eco Style | Styling Gel Argan Oil | CurlsForYou.dk","og_description":"Tr\u00e6nger dit h\u00e5r til en mirakelkur og kr\u00f8ller, der holder dagen lang? S\u00e5 er Eco Stylers stylinggel med arganolie perfekt til dig.","og_url":"https:\/\/curlsforyou.dk\/en\/product\/ecostyle-styling-gel-argan-oil\/","article_publisher":"https:\/\/www.facebook.com\/curlsforyou","article_modified_time":"2026-04-18T18:35:09+00:00","og_image":[{"width":800,"height":800,"url":"https:\/\/curlsforyou.dk\/app\/uploads\/2019\/09\/Design-uden-navn-5.png","type":"image\/png"}],"twitter_card":"summary_large_image","twitter_misc":{"Estimated reading time":"3 minutes"},"schema":{"@context":"https:\/\/schema.org","@graph":[{"@type":"WebPage","@id":"https:\/\/curlsforyou.dk\/vare\/ecostyle-styling-gel-argan-oil\/","url":"https:\/\/curlsforyou.dk\/vare\/ecostyle-styling-gel-argan-oil\/","name":"Eco Style | Styling Gel Argan Oil | CurlsForYou.dk","isPartOf":{"@id":"https:\/\/curlsforyou.dk\/#website"},"primaryImageOfPage":{"@id":"https:\/\/curlsforyou.dk\/vare\/ecostyle-styling-gel-argan-oil\/#primaryimage"},"image":{"@id":"https:\/\/curlsforyou.dk\/vare\/ecostyle-styling-gel-argan-oil\/#primaryimage"},"thumbnailUrl":"https:\/\/curlsforyou.dk\/app\/uploads\/2019\/09\/Design-uden-navn-5.png","datePublished":"2019-09-08T20:51:12+00:00","dateModified":"2026-04-18T18:35:09+00:00","description":"Tr\u00e6nger dit h\u00e5r til en mirakelkur og kr\u00f8ller, der holder dagen lang? S\u00e5 er Eco Stylers stylinggel med arganolie perfekt til dig.","breadcrumb":{"@id":"https:\/\/curlsforyou.dk\/vare\/ecostyle-styling-gel-argan-oil\/#breadcrumb"},"inLanguage":"en-GB","potentialAction":[{"@type":"ReadAction","target":["https:\/\/curlsforyou.dk\/vare\/ecostyle-styling-gel-argan-oil\/"]}]},{"@type":"ImageObject","inLanguage":"en-GB","@id":"https:\/\/curlsforyou.dk\/vare\/ecostyle-styling-gel-argan-oil\/#primaryimage","url":"https:\/\/curlsforyou.dk\/app\/uploads\/2019\/09\/Design-uden-navn-5.png","contentUrl":"https:\/\/curlsforyou.dk\/app\/uploads\/2019\/09\/Design-uden-navn-5.png","width":800,"height":800,"caption":"Eco Style \u2013 Styling Gel Argan Oil"},{"@type":"BreadcrumbList","@id":"https:\/\/curlsforyou.dk\/vare\/ecostyle-styling-gel-argan-oil\/#breadcrumb","itemListElement":[{"@type":"ListItem","position":1,"name":"Hjem","item":"https:\/\/curlsforyou.dk\/"},{"@type":"ListItem","position":2,"name":"Shop","item":"https:\/\/curlsforyou.dk\/shop\/"},{"@type":"ListItem","position":3,"name":"Eco Style &#8211; Styling Gel Argan Oil"}]},{"@type":"WebSite","@id":"https:\/\/curlsforyou.dk\/#website","url":"https:\/\/curlsforyou.dk\/","name":"","description":"","publisher":{"@id":"https:\/\/curlsforyou.dk\/#organization"},"potentialAction":[{"@type":"SearchAction","target":{"@type":"EntryPoint","urlTemplate":"https:\/\/curlsforyou.dk\/?s={search_term_string}"},"query-input":{"@type":"PropertyValueSpecification","valueRequired":true,"valueName":"search_term_string"}}],"inLanguage":"en-GB"},{"@type":"Organization","@id":"https:\/\/curlsforyou.dk\/#organization","name":"CurlsForYou","url":"https:\/\/curlsforyou.dk\/","logo":{"@type":"ImageObject","inLanguage":"en-GB","@id":"https:\/\/curlsforyou.dk\/#\/schema\/logo\/image\/","url":"","contentUrl":"","caption":"CurlsForYou"},"image":{"@id":"https:\/\/curlsforyou.dk\/#\/schema\/logo\/image\/"},"sameAs":["https:\/\/www.facebook.com\/curlsforyou","https:\/\/www.instagram.com\/curlsforyou.dk\/"]}]}},"brands":[{"id":118,"name":"Eco Style","slug":"ecostyle"}],"_links":{"self":[{"href":"https:\/\/curlsforyou.dk\/en\/wp-json\/wp\/v2\/product\/1335","targetHints":{"allow":["GET"]}}],"collection":[{"href":"https:\/\/curlsforyou.dk\/en\/wp-json\/wp\/v2\/product"}],"about":[{"href":"https:\/\/curlsforyou.dk\/en\/wp-json\/wp\/v2\/types\/product"}],"replies":[{"embeddable":true,"href":"https:\/\/curlsforyou.dk\/en\/wp-json\/wp\/v2\/comments?post=1335"}],"version-history":[{"count":0,"href":"https:\/\/curlsforyou.dk\/en\/wp-json\/wp\/v2\/product\/1335\/revisions"}],"wp:featuredmedia":[{"embeddable":true,"href":"https:\/\/curlsforyou.dk\/en\/wp-json\/wp\/v2\/media\/100104"}],"wp:attachment":[{"href":"https:\/\/curlsforyou.dk\/en\/wp-json\/wp\/v2\/media?parent=1335"}],"wp:term":[{"taxonomy":"pwb-brand","embeddable":true,"href":"https:\/\/curlsforyou.dk\/en\/wp-json\/wp\/v2\/pwb-brand?post=1335"},{"taxonomy":"product_brand","embeddable":true,"href":"https:\/\/curlsforyou.dk\/en\/wp-json\/wp\/v2\/product_brand?post=1335"},{"taxonomy":"product_cat","embeddable":true,"href":"https:\/\/curlsforyou.dk\/en\/wp-json\/wp\/v2\/product_cat?post=1335"},{"taxonomy":"product_tag","embeddable":true,"href":"https:\/\/curlsforyou.dk\/en\/wp-json\/wp\/v2\/product_tag?post=1335"},{"taxonomy":"giftcard-category","embeddable":true,"href":"https:\/\/curlsforyou.dk\/en\/wp-json\/wp\/v2\/giftcard-category?post=1335"}],"curies":[{"name":"wp","href":"https:\/\/api.w.org\/{rel}","templated":true}]}}