{"id":111064,"date":"2024-12-02T21:01:39","date_gmt":"2024-12-02T20:01:39","guid":{"rendered":"https:\/\/curlsforyou.dk\/?post_type=product&#038;p=111064"},"modified":"2026-01-26T16:32:33","modified_gmt":"2026-01-26T15:32:33","slug":"jsl-essentials-lavender-geranium-ylang-ylang-leave-in-hair-cream","status":"publish","type":"product","link":"https:\/\/curlsforyou.dk\/en\/product\/jsl-essentials-lavender-geranium-ylang-ylang-leave-in-hair-cream\/","title":{"rendered":"JSL Essentials &#8211; Lavender, Geranium &#038; Ylang Ylang Leave \u2013 In Hair Cream"},"content":{"rendered":"<p>JSL Essentials&#8217; Leave-In Hair Cream er den perfekte l\u00f8sning til at opn\u00e5 smidige, glansfulde og frizz-frie kr\u00f8ller. Denne n\u00e6rende leave-in cream er beriget med en kraftfuld blanding af lavendel, geranium og ylang-ylang, som arbejder sammen for at pleje og beskytte h\u00e5ret. Den lette formel giver intensiv fugt og styrke til h\u00e5ret uden at tynge det ned. Det er ideelt for dem, der \u00f8nsker at fremh\u00e6ve deres naturlige kr\u00f8ller med et sundt, bl\u00f8dt og velplejet udseende.<\/p>\n<p><strong>Gode Egenskaber og Anvendelse<\/strong><\/p>\n<p>Leave-In Hair Cream fra JSL Essentials har en let tekstur, som g\u00f8r det muligt at bruge produktet dagligt for at fremh\u00e6ve kr\u00f8llerne. De \u00e6teriske olier fra lavendel og geranium beroliger b\u00e5de h\u00e5ret og hovedbunden, mens ylang-ylang hj\u00e6lper med at balancere og fugte h\u00e5ret. Produktet giver et naturligt hold og sikrer, at kr\u00f8llerne bliver bl\u00f8de, definerede og velplejede hele dagen.<\/p>\n<p>Denne leave-in cream fungerer ogs\u00e5 som en beskyttende barriere mod milj\u00f8m\u00e6ssige p\u00e5virkninger, hvilket g\u00f8r h\u00e5ret sundt og st\u00e6rkt. Den er perfekt til personer med kr\u00f8llet h\u00e5r, der \u00f8nsker at bevare h\u00e5rets fugt og undg\u00e5 krus, samtidig med at h\u00e5ret forbliver let og luftigt. For bedste resultat, p\u00e5f\u00f8r produktet i fugtigt h\u00e5r, og fordel det j\u00e6vnt fra rod til spids. Det beh\u00f8ver ikke at blive skyllet ud, og h\u00e5ret vil forblive beskyttet og smidigt hele dagen.<\/p>","protected":false},"excerpt":{"rendered":"<ul>\n<li><strong>Udg\u00e5ende m\u00e6rke!!<\/strong><\/li>\n<li>Bek\u00e6mper krus<\/li>\n<li>Efterlader dine kr\u00f8ller med glans<\/li>\n<li>Giver et bl\u00f8dt hold<\/li>\n<li>Naturlig duft fra \u00e6teriske olier<\/li>\n<li>Bruges i v\u00e5dt h\u00e5r<\/li>\n<li>250 ml.<\/li>\n<\/ul>","protected":false},"featured_media":111069,"comment_status":"open","ping_status":"closed","template":"","meta":[],"pwb-brand":[342],"product_brand":[],"product_cat":[147,321],"product_tag":[92],"giftcard-category":[],"class_list":{"0":"post-111064","1":"product","2":"type-product","3":"status-publish","4":"has-post-thumbnail","6":"pwb-brand-jsl-essentials","7":"product_cat-kroellecreme","8":"product_cat-outlet","9":"product_tag-protein","11":"first","12":"outofstock","13":"sale","14":"taxable","15":"shipping-taxable","16":"purchasable","17":"product-type-simple"},"bundled_by":[],"bundle_stock_status":"outofstock","bundle_stock_quantity":0,"bundle_virtual":false,"bundle_layout":"","bundle_add_to_cart_form_location":"","bundle_editable_in_cart":false,"bundle_sold_individually_context":"","bundle_item_grouping":"","bundle_min_size":"","bundle_max_size":"","bundle_price":[],"bundled_items":[],"bundle_sell_ids":[],"supplier_id":null,"supplier_sku":"","barcode":null,"atum_controlled":true,"out_stock_date":"2025-08-31 06:16:51","out_stock_threshold":null,"inheritable":false,"inbound_stock":0,"stock_on_hold":0,"sold_today":0,"sales_last_days":0,"reserved_stock":0,"customer_returns":0,"warehouse_damage":0,"lost_in_post":0,"other_logs":0,"out_stock_days":246,"lost_sales":6993,"has_location":false,"update_date":"2026-05-04T11:22:59","atum_locations":[],"atum_stock_status":"outofstock","restock_status":false,"low_stock_amount":"","sales_update_date":"2026-05-04T11:22:58","calc_backorders":null,"yoast_head":"<!-- This site is optimized with the Yoast SEO plugin v25.6 - https:\/\/yoast.com\/wordpress\/plugins\/seo\/ -->\n<title>JSL Essentials Lavender, Geranium &amp; Ylang Ylang Leave-In Hair Cream \u2013 N\u00e6rende, Frizz-Gratis Kr\u00f8ller<\/title>\n<meta name=\"description\" content=\"Oplev JSL Essentials Lavender, Geranium &amp; Ylang Ylang Leave-In Hair Cream \u2013 en let, n\u00e6rende formel, der beskytter og definerer dine kr\u00f8ller. Perfekt til frizz-kontrol og bl\u00f8de, glansfulde lokker.\" \/>\n<meta name=\"robots\" content=\"index, follow, max-snippet:-1, max-image-preview:large, max-video-preview:-1\" \/>\n<link rel=\"canonical\" href=\"https:\/\/curlsforyou.dk\/en\/product\/jsl-essentials-lavender-geranium-ylang-ylang-leave-in-hair-cream\/\" \/>\n<meta property=\"og:locale\" content=\"en_GB\" \/>\n<meta property=\"og:type\" content=\"article\" \/>\n<meta property=\"og:title\" content=\"JSL Essentials Lavender, Geranium &amp; Ylang Ylang Leave-In Hair Cream \u2013 N\u00e6rende, Frizz-Gratis Kr\u00f8ller\" \/>\n<meta property=\"og:description\" content=\"Oplev JSL Essentials Lavender, Geranium &amp; Ylang Ylang Leave-In Hair Cream \u2013 en let, n\u00e6rende formel, der beskytter og definerer dine kr\u00f8ller. Perfekt til frizz-kontrol og bl\u00f8de, glansfulde lokker.\" \/>\n<meta property=\"og:url\" content=\"https:\/\/curlsforyou.dk\/en\/product\/jsl-essentials-lavender-geranium-ylang-ylang-leave-in-hair-cream\/\" \/>\n<meta property=\"article:publisher\" content=\"https:\/\/www.facebook.com\/curlsforyou\" \/>\n<meta property=\"article:modified_time\" content=\"2026-01-26T15:32:33+00:00\" \/>\n<meta property=\"og:image\" content=\"https:\/\/curlsforyou.dk\/app\/uploads\/2024\/12\/JSL-Essentials-Lavender-Geranium-Ylang-Ylang-Leave-\u2013-In-Hair-Cream.png\" \/>\n\t<meta property=\"og:image:width\" content=\"800\" \/>\n\t<meta property=\"og:image:height\" content=\"800\" \/>\n\t<meta property=\"og:image:type\" content=\"image\/png\" \/>\n<meta name=\"twitter:card\" content=\"summary_large_image\" \/>\n<meta name=\"twitter:label1\" content=\"Estimated reading time\" \/>\n\t<meta name=\"twitter:data1\" content=\"2 minutes\" \/>\n<script type=\"application\/ld+json\" class=\"yoast-schema-graph\">{\"@context\":\"https:\/\/schema.org\",\"@graph\":[{\"@type\":\"WebPage\",\"@id\":\"https:\/\/curlsforyou.dk\/vare\/jsl-essentials-lavender-geranium-ylang-ylang-leave-in-hair-cream\/\",\"url\":\"https:\/\/curlsforyou.dk\/vare\/jsl-essentials-lavender-geranium-ylang-ylang-leave-in-hair-cream\/\",\"name\":\"JSL Essentials Lavender, Geranium & Ylang Ylang Leave-In Hair Cream \u2013 N\u00e6rende, Frizz-Gratis Kr\u00f8ller\",\"isPartOf\":{\"@id\":\"https:\/\/curlsforyou.dk\/#website\"},\"primaryImageOfPage\":{\"@id\":\"https:\/\/curlsforyou.dk\/vare\/jsl-essentials-lavender-geranium-ylang-ylang-leave-in-hair-cream\/#primaryimage\"},\"image\":{\"@id\":\"https:\/\/curlsforyou.dk\/vare\/jsl-essentials-lavender-geranium-ylang-ylang-leave-in-hair-cream\/#primaryimage\"},\"thumbnailUrl\":\"https:\/\/curlsforyou.dk\/app\/uploads\/2024\/12\/JSL-Essentials-Lavender-Geranium-Ylang-Ylang-Leave-\u2013-In-Hair-Cream.png\",\"datePublished\":\"2024-12-02T20:01:39+00:00\",\"dateModified\":\"2026-01-26T15:32:33+00:00\",\"description\":\"Oplev JSL Essentials Lavender, Geranium & Ylang Ylang Leave-In Hair Cream \u2013 en let, n\u00e6rende formel, der beskytter og definerer dine kr\u00f8ller. Perfekt til frizz-kontrol og bl\u00f8de, glansfulde lokker.\",\"breadcrumb\":{\"@id\":\"https:\/\/curlsforyou.dk\/vare\/jsl-essentials-lavender-geranium-ylang-ylang-leave-in-hair-cream\/#breadcrumb\"},\"inLanguage\":\"en-GB\",\"potentialAction\":[{\"@type\":\"ReadAction\",\"target\":[\"https:\/\/curlsforyou.dk\/vare\/jsl-essentials-lavender-geranium-ylang-ylang-leave-in-hair-cream\/\"]}]},{\"@type\":\"ImageObject\",\"inLanguage\":\"en-GB\",\"@id\":\"https:\/\/curlsforyou.dk\/vare\/jsl-essentials-lavender-geranium-ylang-ylang-leave-in-hair-cream\/#primaryimage\",\"url\":\"https:\/\/curlsforyou.dk\/app\/uploads\/2024\/12\/JSL-Essentials-Lavender-Geranium-Ylang-Ylang-Leave-\u2013-In-Hair-Cream.png\",\"contentUrl\":\"https:\/\/curlsforyou.dk\/app\/uploads\/2024\/12\/JSL-Essentials-Lavender-Geranium-Ylang-Ylang-Leave-\u2013-In-Hair-Cream.png\",\"width\":800,\"height\":800,\"caption\":\"JSL Essentials - Lavender, Geranium & Ylang Ylang Leave \u2013 In Hair Cream\"},{\"@type\":\"BreadcrumbList\",\"@id\":\"https:\/\/curlsforyou.dk\/vare\/jsl-essentials-lavender-geranium-ylang-ylang-leave-in-hair-cream\/#breadcrumb\",\"itemListElement\":[{\"@type\":\"ListItem\",\"position\":1,\"name\":\"Hjem\",\"item\":\"https:\/\/curlsforyou.dk\/\"},{\"@type\":\"ListItem\",\"position\":2,\"name\":\"Shop\",\"item\":\"https:\/\/curlsforyou.dk\/shop\/\"},{\"@type\":\"ListItem\",\"position\":3,\"name\":\"JSL Essentials &#8211; Lavender, Geranium &#038; Ylang Ylang Leave \u2013 In Hair Cream\"}]},{\"@type\":\"WebSite\",\"@id\":\"https:\/\/curlsforyou.dk\/#website\",\"url\":\"https:\/\/curlsforyou.dk\/\",\"name\":\"\",\"description\":\"\",\"publisher\":{\"@id\":\"https:\/\/curlsforyou.dk\/#organization\"},\"potentialAction\":[{\"@type\":\"SearchAction\",\"target\":{\"@type\":\"EntryPoint\",\"urlTemplate\":\"https:\/\/curlsforyou.dk\/?s={search_term_string}\"},\"query-input\":{\"@type\":\"PropertyValueSpecification\",\"valueRequired\":true,\"valueName\":\"search_term_string\"}}],\"inLanguage\":\"en-GB\"},{\"@type\":\"Organization\",\"@id\":\"https:\/\/curlsforyou.dk\/#organization\",\"name\":\"CurlsForYou\",\"url\":\"https:\/\/curlsforyou.dk\/\",\"logo\":{\"@type\":\"ImageObject\",\"inLanguage\":\"en-GB\",\"@id\":\"https:\/\/curlsforyou.dk\/#\/schema\/logo\/image\/\",\"url\":\"\",\"contentUrl\":\"\",\"caption\":\"CurlsForYou\"},\"image\":{\"@id\":\"https:\/\/curlsforyou.dk\/#\/schema\/logo\/image\/\"},\"sameAs\":[\"https:\/\/www.facebook.com\/curlsforyou\",\"https:\/\/www.instagram.com\/curlsforyou.dk\/\"]}]}<\/script>\n<!-- \/ Yoast SEO plugin. -->","yoast_head_json":{"title":"JSL Essentials Lavender, Geranium & Ylang Ylang Leave-In Hair Cream \u2013 N\u00e6rende, Frizz-Gratis Kr\u00f8ller","description":"Oplev JSL Essentials Lavender, Geranium & Ylang Ylang Leave-In Hair Cream \u2013 en let, n\u00e6rende formel, der beskytter og definerer dine kr\u00f8ller. Perfekt til frizz-kontrol og bl\u00f8de, glansfulde lokker.","robots":{"index":"index","follow":"follow","max-snippet":"max-snippet:-1","max-image-preview":"max-image-preview:large","max-video-preview":"max-video-preview:-1"},"canonical":"https:\/\/curlsforyou.dk\/en\/product\/jsl-essentials-lavender-geranium-ylang-ylang-leave-in-hair-cream\/","og_locale":"en_GB","og_type":"article","og_title":"JSL Essentials Lavender, Geranium & Ylang Ylang Leave-In Hair Cream \u2013 N\u00e6rende, Frizz-Gratis Kr\u00f8ller","og_description":"Oplev JSL Essentials Lavender, Geranium & Ylang Ylang Leave-In Hair Cream \u2013 en let, n\u00e6rende formel, der beskytter og definerer dine kr\u00f8ller. Perfekt til frizz-kontrol og bl\u00f8de, glansfulde lokker.","og_url":"https:\/\/curlsforyou.dk\/en\/product\/jsl-essentials-lavender-geranium-ylang-ylang-leave-in-hair-cream\/","article_publisher":"https:\/\/www.facebook.com\/curlsforyou","article_modified_time":"2026-01-26T15:32:33+00:00","og_image":[{"width":800,"height":800,"url":"https:\/\/curlsforyou.dk\/app\/uploads\/2024\/12\/JSL-Essentials-Lavender-Geranium-Ylang-Ylang-Leave-\u2013-In-Hair-Cream.png","type":"image\/png"}],"twitter_card":"summary_large_image","twitter_misc":{"Estimated reading time":"2 minutes"},"schema":{"@context":"https:\/\/schema.org","@graph":[{"@type":"WebPage","@id":"https:\/\/curlsforyou.dk\/vare\/jsl-essentials-lavender-geranium-ylang-ylang-leave-in-hair-cream\/","url":"https:\/\/curlsforyou.dk\/vare\/jsl-essentials-lavender-geranium-ylang-ylang-leave-in-hair-cream\/","name":"JSL Essentials Lavender, Geranium & Ylang Ylang Leave-In Hair Cream \u2013 N\u00e6rende, Frizz-Gratis Kr\u00f8ller","isPartOf":{"@id":"https:\/\/curlsforyou.dk\/#website"},"primaryImageOfPage":{"@id":"https:\/\/curlsforyou.dk\/vare\/jsl-essentials-lavender-geranium-ylang-ylang-leave-in-hair-cream\/#primaryimage"},"image":{"@id":"https:\/\/curlsforyou.dk\/vare\/jsl-essentials-lavender-geranium-ylang-ylang-leave-in-hair-cream\/#primaryimage"},"thumbnailUrl":"https:\/\/curlsforyou.dk\/app\/uploads\/2024\/12\/JSL-Essentials-Lavender-Geranium-Ylang-Ylang-Leave-\u2013-In-Hair-Cream.png","datePublished":"2024-12-02T20:01:39+00:00","dateModified":"2026-01-26T15:32:33+00:00","description":"Oplev JSL Essentials Lavender, Geranium & Ylang Ylang Leave-In Hair Cream \u2013 en let, n\u00e6rende formel, der beskytter og definerer dine kr\u00f8ller. Perfekt til frizz-kontrol og bl\u00f8de, glansfulde lokker.","breadcrumb":{"@id":"https:\/\/curlsforyou.dk\/vare\/jsl-essentials-lavender-geranium-ylang-ylang-leave-in-hair-cream\/#breadcrumb"},"inLanguage":"en-GB","potentialAction":[{"@type":"ReadAction","target":["https:\/\/curlsforyou.dk\/vare\/jsl-essentials-lavender-geranium-ylang-ylang-leave-in-hair-cream\/"]}]},{"@type":"ImageObject","inLanguage":"en-GB","@id":"https:\/\/curlsforyou.dk\/vare\/jsl-essentials-lavender-geranium-ylang-ylang-leave-in-hair-cream\/#primaryimage","url":"https:\/\/curlsforyou.dk\/app\/uploads\/2024\/12\/JSL-Essentials-Lavender-Geranium-Ylang-Ylang-Leave-\u2013-In-Hair-Cream.png","contentUrl":"https:\/\/curlsforyou.dk\/app\/uploads\/2024\/12\/JSL-Essentials-Lavender-Geranium-Ylang-Ylang-Leave-\u2013-In-Hair-Cream.png","width":800,"height":800,"caption":"JSL Essentials - Lavender, Geranium & Ylang Ylang Leave \u2013 In Hair Cream"},{"@type":"BreadcrumbList","@id":"https:\/\/curlsforyou.dk\/vare\/jsl-essentials-lavender-geranium-ylang-ylang-leave-in-hair-cream\/#breadcrumb","itemListElement":[{"@type":"ListItem","position":1,"name":"Hjem","item":"https:\/\/curlsforyou.dk\/"},{"@type":"ListItem","position":2,"name":"Shop","item":"https:\/\/curlsforyou.dk\/shop\/"},{"@type":"ListItem","position":3,"name":"JSL Essentials &#8211; Lavender, Geranium &#038; Ylang Ylang Leave \u2013 In Hair Cream"}]},{"@type":"WebSite","@id":"https:\/\/curlsforyou.dk\/#website","url":"https:\/\/curlsforyou.dk\/","name":"","description":"","publisher":{"@id":"https:\/\/curlsforyou.dk\/#organization"},"potentialAction":[{"@type":"SearchAction","target":{"@type":"EntryPoint","urlTemplate":"https:\/\/curlsforyou.dk\/?s={search_term_string}"},"query-input":{"@type":"PropertyValueSpecification","valueRequired":true,"valueName":"search_term_string"}}],"inLanguage":"en-GB"},{"@type":"Organization","@id":"https:\/\/curlsforyou.dk\/#organization","name":"CurlsForYou","url":"https:\/\/curlsforyou.dk\/","logo":{"@type":"ImageObject","inLanguage":"en-GB","@id":"https:\/\/curlsforyou.dk\/#\/schema\/logo\/image\/","url":"","contentUrl":"","caption":"CurlsForYou"},"image":{"@id":"https:\/\/curlsforyou.dk\/#\/schema\/logo\/image\/"},"sameAs":["https:\/\/www.facebook.com\/curlsforyou","https:\/\/www.instagram.com\/curlsforyou.dk\/"]}]}},"brands":[{"id":342,"name":"JSL Essentials","slug":"jsl-essentials"}],"_links":{"self":[{"href":"https:\/\/curlsforyou.dk\/en\/wp-json\/wp\/v2\/product\/111064","targetHints":{"allow":["GET"]}}],"collection":[{"href":"https:\/\/curlsforyou.dk\/en\/wp-json\/wp\/v2\/product"}],"about":[{"href":"https:\/\/curlsforyou.dk\/en\/wp-json\/wp\/v2\/types\/product"}],"replies":[{"embeddable":true,"href":"https:\/\/curlsforyou.dk\/en\/wp-json\/wp\/v2\/comments?post=111064"}],"version-history":[{"count":0,"href":"https:\/\/curlsforyou.dk\/en\/wp-json\/wp\/v2\/product\/111064\/revisions"}],"wp:featuredmedia":[{"embeddable":true,"href":"https:\/\/curlsforyou.dk\/en\/wp-json\/wp\/v2\/media\/111069"}],"wp:attachment":[{"href":"https:\/\/curlsforyou.dk\/en\/wp-json\/wp\/v2\/media?parent=111064"}],"wp:term":[{"taxonomy":"pwb-brand","embeddable":true,"href":"https:\/\/curlsforyou.dk\/en\/wp-json\/wp\/v2\/pwb-brand?post=111064"},{"taxonomy":"product_brand","embeddable":true,"href":"https:\/\/curlsforyou.dk\/en\/wp-json\/wp\/v2\/product_brand?post=111064"},{"taxonomy":"product_cat","embeddable":true,"href":"https:\/\/curlsforyou.dk\/en\/wp-json\/wp\/v2\/product_cat?post=111064"},{"taxonomy":"product_tag","embeddable":true,"href":"https:\/\/curlsforyou.dk\/en\/wp-json\/wp\/v2\/product_tag?post=111064"},{"taxonomy":"giftcard-category","embeddable":true,"href":"https:\/\/curlsforyou.dk\/en\/wp-json\/wp\/v2\/giftcard-category?post=111064"}],"curies":[{"name":"wp","href":"https:\/\/api.w.org\/{rel}","templated":true}]}}