{"id":108974,"date":"2024-11-01T10:42:55","date_gmt":"2024-11-01T09:42:55","guid":{"rendered":"https:\/\/curlsforyou.dk\/?post_type=product&#038;p=108974"},"modified":"2026-02-03T10:57:51","modified_gmt":"2026-02-03T09:57:51","slug":"boucleme-style-icons","status":"publish","type":"product","link":"https:\/\/curlsforyou.dk\/en\/product\/boucleme-style-icons\/","title":{"rendered":"Boucl\u00e8me &#8211; Style Icons"},"content":{"rendered":"<p>Bouclemes fantastiske stylingl\u00f8sning. Bouclemes bestseller trio, er alt hvad du beh\u00f8ver for at give dine kr\u00f8ller definition og volumen. Perfekt til alle kr\u00f8lletyper.<\/p>\n<p>Hvad er der indeni:<\/p>\n<p>Curl Cream 100ml &#8211; En ultra n\u00e6rende leave-in balsam til fl\u00f8jlsbl\u00f8de, hoppende kr\u00f8ller<\/p>\n<p>Super Volumising Foam 60ml &#8211; Et letv\u00e6gtsskum, der giver exceptionelt hold og definition, fra vaskedag til vaskedag<\/p>\n<p>Curl Defining Gel 100ml &#8211; En fugtgivende gel med medium hold til glatte og definerede kr\u00f8ller<\/p>\n<p><strong>S\u00e5dan bruger du produkterne:<\/strong><br \/>\nCurl Cream giver definition og glans til dine lokker. Denne leave-in balsam giver uovertruffen fugt og giver definerede kr\u00f8ller.<\/p>\n<p>I Super Volumising Foam har vi kombineret kraften fra hyaluronsyre med linfr\u00f8- og chiafr\u00f8ekstrakt for at tilf\u00f8je uovertruffen volumen og hold til b\u00f8lger og kr\u00f8ller. Vegetabilsk protein forbedrer styrken og tekstur.<\/p>\n<p>Curl Defining Gel er vores bedst s\u00e6lgende fugtgivende gel, som definerer kr\u00f8llerne. Den serumlignende konsistens g\u00f8r den nem at p\u00e5f\u00f8re. Den t\u00f8rrer og giver en go cast til kr\u00f8llerne, s\u00e5 dine kr\u00f8ller holder form og stil. Gel&#8217;en giver et medium hold.<\/p>\n<p>&nbsp;<\/p>\n<p><strong>Kr\u00f8llecreme 100ml<\/strong><\/p>\n<p>P\u00e5f\u00f8r i\u00a0 v\u00e5dt h\u00e5r for de bedste resultater.<\/p>\n<p>P\u00e5f\u00f8r den ved at dele dit h\u00e5r op i sektioner.<\/p>\n<p><strong>Super Volumising Foam 60ml<\/strong><\/p>\n<p>Ryst godt f\u00f8r brug.<\/p>\n<p>Lidt r\u00e6kker langt, start med 1-2 pump.<\/p>\n<p>Klem forsigtigt ind i v\u00e5de kr\u00f8ller.<\/p>\n<p>S\u00f8rg for j\u00e6vn fordeling, p\u00e5f\u00f8r mere efter behov.<\/p>\n<p><strong>Curl Defining Gel 100ml<\/strong><\/p>\n<p>P\u00e5f\u00f8r i v\u00e5dt h\u00e5r for de bedste resultater.<\/p>\n<p>Undg\u00e5 at r\u00f8re ved h\u00e5ret, indtil det er helt t\u00f8rt.<\/p>\n<p>Luftt\u00f8r eller diffus.<\/p>\n<p>N\u00e5r det er t\u00f8rt, vip hovedet fremad og scrunch for at bryde casten.<\/p>","protected":false},"excerpt":{"rendered":"<ul>\n<li>Bouclemes\u00a0 bestsellertrio<\/li>\n<li>Giver dine kr\u00f8ller definition og volumen.<\/li>\n<li>Perfekt til alle kr\u00f8lletyper.<\/li>\n<li>En perfekt gaveide eller for at afpr\u00f8ve produkterne<\/li>\n<li>Indeholder 100 ml Curl Defining gel, 100 ml Curl Cream og 80 ml Super Volumizing Foam.<\/li>\n<\/ul>","protected":false},"featured_media":108975,"comment_status":"open","ping_status":"closed","template":"","meta":[],"pwb-brand":[113],"product_brand":[],"product_cat":[146,41,147,149],"product_tag":[340],"giftcard-category":[],"class_list":{"0":"post-108974","1":"product","2":"type-product","3":"status-publish","4":"has-post-thumbnail","6":"pwb-brand-boucleme","7":"product_cat-gel","8":"product_cat-kits","9":"product_cat-kroellecreme","10":"product_cat-mousse","11":"product_tag-jul-200-400","13":"first","14":"outofstock","15":"taxable","16":"shipping-taxable","17":"purchasable","18":"product-type-simple"},"bundled_by":[],"bundle_stock_status":"outofstock","bundle_stock_quantity":0,"bundle_virtual":false,"bundle_layout":"","bundle_add_to_cart_form_location":"","bundle_editable_in_cart":false,"bundle_sold_individually_context":"","bundle_item_grouping":"","bundle_min_size":"","bundle_max_size":"","bundle_price":[],"bundled_items":[],"bundle_sell_ids":[],"supplier_id":null,"supplier_sku":"","barcode":null,"atum_controlled":true,"out_stock_date":"2025-11-27 21:11:12","out_stock_threshold":null,"inheritable":false,"inbound_stock":0,"stock_on_hold":0,"sold_today":0,"sales_last_days":0,"reserved_stock":0,"customer_returns":0,"warehouse_damage":0,"lost_in_post":0,"other_logs":0,"out_stock_days":147,"lost_sales":12558,"has_location":false,"update_date":"2026-04-24T11:11:13","atum_locations":[],"atum_stock_status":"outofstock","restock_status":false,"low_stock_amount":"","sales_update_date":"2026-04-24T11:11:12","calc_backorders":null,"yoast_head":"<!-- This site is optimized with the Yoast SEO plugin v25.6 - https:\/\/yoast.com\/wordpress\/plugins\/seo\/ -->\n<title>Boucl\u00e8me - Style Icons -<\/title>\n<meta name=\"description\" content=\"Denne \u00e6ske er den perfekte l\u00f8sning til din styling. Bouclemes bestseller trio til alt hvad du beh\u00f8ver for at give dine kr\u00f8ller definition og volumen. Perfekt til alle kr\u00f8lletyper.\" \/>\n<meta name=\"robots\" content=\"index, follow, max-snippet:-1, max-image-preview:large, max-video-preview:-1\" \/>\n<link rel=\"canonical\" href=\"https:\/\/curlsforyou.dk\/en\/product\/boucleme-style-icons\/\" \/>\n<meta property=\"og:locale\" content=\"en_GB\" \/>\n<meta property=\"og:type\" content=\"article\" \/>\n<meta property=\"og:title\" content=\"Boucl\u00e8me - Style Icons -\" \/>\n<meta property=\"og:description\" content=\"Denne \u00e6ske er den perfekte l\u00f8sning til din styling. Bouclemes bestseller trio til alt hvad du beh\u00f8ver for at give dine kr\u00f8ller definition og volumen. Perfekt til alle kr\u00f8lletyper.\" \/>\n<meta property=\"og:url\" content=\"https:\/\/curlsforyou.dk\/en\/product\/boucleme-style-icons\/\" \/>\n<meta property=\"article:publisher\" content=\"https:\/\/www.facebook.com\/curlsforyou\" \/>\n<meta property=\"article:modified_time\" content=\"2026-02-03T09:57:51+00:00\" \/>\n<meta property=\"og:image\" content=\"https:\/\/curlsforyou.dk\/app\/uploads\/2024\/11\/Boucleme-Style-Icons-Aesken.png\" \/>\n\t<meta property=\"og:image:width\" content=\"800\" \/>\n\t<meta property=\"og:image:height\" content=\"800\" \/>\n\t<meta property=\"og:image:type\" content=\"image\/png\" \/>\n<meta name=\"twitter:card\" content=\"summary_large_image\" \/>\n<meta name=\"twitter:label1\" content=\"Estimated reading time\" \/>\n\t<meta name=\"twitter:data1\" content=\"2 minutes\" \/>\n<script type=\"application\/ld+json\" class=\"yoast-schema-graph\">{\"@context\":\"https:\/\/schema.org\",\"@graph\":[{\"@type\":\"WebPage\",\"@id\":\"https:\/\/curlsforyou.dk\/vare\/boucleme-style-icons\/\",\"url\":\"https:\/\/curlsforyou.dk\/vare\/boucleme-style-icons\/\",\"name\":\"Boucl\u00e8me - Style Icons -\",\"isPartOf\":{\"@id\":\"https:\/\/curlsforyou.dk\/#website\"},\"primaryImageOfPage\":{\"@id\":\"https:\/\/curlsforyou.dk\/vare\/boucleme-style-icons\/#primaryimage\"},\"image\":{\"@id\":\"https:\/\/curlsforyou.dk\/vare\/boucleme-style-icons\/#primaryimage\"},\"thumbnailUrl\":\"https:\/\/curlsforyou.dk\/app\/uploads\/2024\/11\/Boucleme-Style-Icons-Aesken.png\",\"datePublished\":\"2024-11-01T09:42:55+00:00\",\"dateModified\":\"2026-02-03T09:57:51+00:00\",\"description\":\"Denne \u00e6ske er den perfekte l\u00f8sning til din styling. Bouclemes bestseller trio til alt hvad du beh\u00f8ver for at give dine kr\u00f8ller definition og volumen. Perfekt til alle kr\u00f8lletyper.\",\"breadcrumb\":{\"@id\":\"https:\/\/curlsforyou.dk\/vare\/boucleme-style-icons\/#breadcrumb\"},\"inLanguage\":\"en-GB\",\"potentialAction\":[{\"@type\":\"ReadAction\",\"target\":[\"https:\/\/curlsforyou.dk\/vare\/boucleme-style-icons\/\"]}]},{\"@type\":\"ImageObject\",\"inLanguage\":\"en-GB\",\"@id\":\"https:\/\/curlsforyou.dk\/vare\/boucleme-style-icons\/#primaryimage\",\"url\":\"https:\/\/curlsforyou.dk\/app\/uploads\/2024\/11\/Boucleme-Style-Icons-Aesken.png\",\"contentUrl\":\"https:\/\/curlsforyou.dk\/app\/uploads\/2024\/11\/Boucleme-Style-Icons-Aesken.png\",\"width\":800,\"height\":800,\"caption\":\"Boucleme - Style Icons indeholder kr\u00f8llecreme, gel og foam.\"},{\"@type\":\"BreadcrumbList\",\"@id\":\"https:\/\/curlsforyou.dk\/vare\/boucleme-style-icons\/#breadcrumb\",\"itemListElement\":[{\"@type\":\"ListItem\",\"position\":1,\"name\":\"Hjem\",\"item\":\"https:\/\/curlsforyou.dk\/\"},{\"@type\":\"ListItem\",\"position\":2,\"name\":\"Shop\",\"item\":\"https:\/\/curlsforyou.dk\/shop\/\"},{\"@type\":\"ListItem\",\"position\":3,\"name\":\"Boucl\u00e8me &#8211; Style Icons\"}]},{\"@type\":\"WebSite\",\"@id\":\"https:\/\/curlsforyou.dk\/#website\",\"url\":\"https:\/\/curlsforyou.dk\/\",\"name\":\"\",\"description\":\"\",\"publisher\":{\"@id\":\"https:\/\/curlsforyou.dk\/#organization\"},\"potentialAction\":[{\"@type\":\"SearchAction\",\"target\":{\"@type\":\"EntryPoint\",\"urlTemplate\":\"https:\/\/curlsforyou.dk\/?s={search_term_string}\"},\"query-input\":{\"@type\":\"PropertyValueSpecification\",\"valueRequired\":true,\"valueName\":\"search_term_string\"}}],\"inLanguage\":\"en-GB\"},{\"@type\":\"Organization\",\"@id\":\"https:\/\/curlsforyou.dk\/#organization\",\"name\":\"CurlsForYou\",\"url\":\"https:\/\/curlsforyou.dk\/\",\"logo\":{\"@type\":\"ImageObject\",\"inLanguage\":\"en-GB\",\"@id\":\"https:\/\/curlsforyou.dk\/#\/schema\/logo\/image\/\",\"url\":\"\",\"contentUrl\":\"\",\"caption\":\"CurlsForYou\"},\"image\":{\"@id\":\"https:\/\/curlsforyou.dk\/#\/schema\/logo\/image\/\"},\"sameAs\":[\"https:\/\/www.facebook.com\/curlsforyou\",\"https:\/\/www.instagram.com\/curlsforyou.dk\/\"]}]}<\/script>\n<!-- \/ Yoast SEO plugin. -->","yoast_head_json":{"title":"Boucl\u00e8me - Style Icons -","description":"Denne \u00e6ske er den perfekte l\u00f8sning til din styling. Bouclemes bestseller trio til alt hvad du beh\u00f8ver for at give dine kr\u00f8ller definition og volumen. Perfekt til alle kr\u00f8lletyper.","robots":{"index":"index","follow":"follow","max-snippet":"max-snippet:-1","max-image-preview":"max-image-preview:large","max-video-preview":"max-video-preview:-1"},"canonical":"https:\/\/curlsforyou.dk\/en\/product\/boucleme-style-icons\/","og_locale":"en_GB","og_type":"article","og_title":"Boucl\u00e8me - Style Icons -","og_description":"Denne \u00e6ske er den perfekte l\u00f8sning til din styling. Bouclemes bestseller trio til alt hvad du beh\u00f8ver for at give dine kr\u00f8ller definition og volumen. Perfekt til alle kr\u00f8lletyper.","og_url":"https:\/\/curlsforyou.dk\/en\/product\/boucleme-style-icons\/","article_publisher":"https:\/\/www.facebook.com\/curlsforyou","article_modified_time":"2026-02-03T09:57:51+00:00","og_image":[{"width":800,"height":800,"url":"https:\/\/curlsforyou.dk\/app\/uploads\/2024\/11\/Boucleme-Style-Icons-Aesken.png","type":"image\/png"}],"twitter_card":"summary_large_image","twitter_misc":{"Estimated reading time":"2 minutes"},"schema":{"@context":"https:\/\/schema.org","@graph":[{"@type":"WebPage","@id":"https:\/\/curlsforyou.dk\/vare\/boucleme-style-icons\/","url":"https:\/\/curlsforyou.dk\/vare\/boucleme-style-icons\/","name":"Boucl\u00e8me - Style Icons -","isPartOf":{"@id":"https:\/\/curlsforyou.dk\/#website"},"primaryImageOfPage":{"@id":"https:\/\/curlsforyou.dk\/vare\/boucleme-style-icons\/#primaryimage"},"image":{"@id":"https:\/\/curlsforyou.dk\/vare\/boucleme-style-icons\/#primaryimage"},"thumbnailUrl":"https:\/\/curlsforyou.dk\/app\/uploads\/2024\/11\/Boucleme-Style-Icons-Aesken.png","datePublished":"2024-11-01T09:42:55+00:00","dateModified":"2026-02-03T09:57:51+00:00","description":"Denne \u00e6ske er den perfekte l\u00f8sning til din styling. Bouclemes bestseller trio til alt hvad du beh\u00f8ver for at give dine kr\u00f8ller definition og volumen. Perfekt til alle kr\u00f8lletyper.","breadcrumb":{"@id":"https:\/\/curlsforyou.dk\/vare\/boucleme-style-icons\/#breadcrumb"},"inLanguage":"en-GB","potentialAction":[{"@type":"ReadAction","target":["https:\/\/curlsforyou.dk\/vare\/boucleme-style-icons\/"]}]},{"@type":"ImageObject","inLanguage":"en-GB","@id":"https:\/\/curlsforyou.dk\/vare\/boucleme-style-icons\/#primaryimage","url":"https:\/\/curlsforyou.dk\/app\/uploads\/2024\/11\/Boucleme-Style-Icons-Aesken.png","contentUrl":"https:\/\/curlsforyou.dk\/app\/uploads\/2024\/11\/Boucleme-Style-Icons-Aesken.png","width":800,"height":800,"caption":"Boucleme - Style Icons indeholder kr\u00f8llecreme, gel og foam."},{"@type":"BreadcrumbList","@id":"https:\/\/curlsforyou.dk\/vare\/boucleme-style-icons\/#breadcrumb","itemListElement":[{"@type":"ListItem","position":1,"name":"Hjem","item":"https:\/\/curlsforyou.dk\/"},{"@type":"ListItem","position":2,"name":"Shop","item":"https:\/\/curlsforyou.dk\/shop\/"},{"@type":"ListItem","position":3,"name":"Boucl\u00e8me &#8211; Style Icons"}]},{"@type":"WebSite","@id":"https:\/\/curlsforyou.dk\/#website","url":"https:\/\/curlsforyou.dk\/","name":"","description":"","publisher":{"@id":"https:\/\/curlsforyou.dk\/#organization"},"potentialAction":[{"@type":"SearchAction","target":{"@type":"EntryPoint","urlTemplate":"https:\/\/curlsforyou.dk\/?s={search_term_string}"},"query-input":{"@type":"PropertyValueSpecification","valueRequired":true,"valueName":"search_term_string"}}],"inLanguage":"en-GB"},{"@type":"Organization","@id":"https:\/\/curlsforyou.dk\/#organization","name":"CurlsForYou","url":"https:\/\/curlsforyou.dk\/","logo":{"@type":"ImageObject","inLanguage":"en-GB","@id":"https:\/\/curlsforyou.dk\/#\/schema\/logo\/image\/","url":"","contentUrl":"","caption":"CurlsForYou"},"image":{"@id":"https:\/\/curlsforyou.dk\/#\/schema\/logo\/image\/"},"sameAs":["https:\/\/www.facebook.com\/curlsforyou","https:\/\/www.instagram.com\/curlsforyou.dk\/"]}]}},"brands":[{"id":113,"name":"Boucl\u00e8me","slug":"boucleme"}],"_links":{"self":[{"href":"https:\/\/curlsforyou.dk\/en\/wp-json\/wp\/v2\/product\/108974","targetHints":{"allow":["GET"]}}],"collection":[{"href":"https:\/\/curlsforyou.dk\/en\/wp-json\/wp\/v2\/product"}],"about":[{"href":"https:\/\/curlsforyou.dk\/en\/wp-json\/wp\/v2\/types\/product"}],"replies":[{"embeddable":true,"href":"https:\/\/curlsforyou.dk\/en\/wp-json\/wp\/v2\/comments?post=108974"}],"version-history":[{"count":0,"href":"https:\/\/curlsforyou.dk\/en\/wp-json\/wp\/v2\/product\/108974\/revisions"}],"wp:featuredmedia":[{"embeddable":true,"href":"https:\/\/curlsforyou.dk\/en\/wp-json\/wp\/v2\/media\/108975"}],"wp:attachment":[{"href":"https:\/\/curlsforyou.dk\/en\/wp-json\/wp\/v2\/media?parent=108974"}],"wp:term":[{"taxonomy":"pwb-brand","embeddable":true,"href":"https:\/\/curlsforyou.dk\/en\/wp-json\/wp\/v2\/pwb-brand?post=108974"},{"taxonomy":"product_brand","embeddable":true,"href":"https:\/\/curlsforyou.dk\/en\/wp-json\/wp\/v2\/product_brand?post=108974"},{"taxonomy":"product_cat","embeddable":true,"href":"https:\/\/curlsforyou.dk\/en\/wp-json\/wp\/v2\/product_cat?post=108974"},{"taxonomy":"product_tag","embeddable":true,"href":"https:\/\/curlsforyou.dk\/en\/wp-json\/wp\/v2\/product_tag?post=108974"},{"taxonomy":"giftcard-category","embeddable":true,"href":"https:\/\/curlsforyou.dk\/en\/wp-json\/wp\/v2\/giftcard-category?post=108974"}],"curies":[{"name":"wp","href":"https:\/\/api.w.org\/{rel}","templated":true}]}}